{"id":80387,"date":"2018-10-24T08:58:52","date_gmt":"2018-10-24T08:58:52","guid":{"rendered":"https:\/\/knoxnetwork.uk\/product\/micro-lock-chest-upgrade-2\/"},"modified":"2026-04-29T13:35:39","modified_gmt":"2026-04-29T13:35:39","slug":"micro-lock-chest-upgrade","status":"publish","type":"product","link":"https:\/\/www.planet-knox.com\/tr\/urun\/micro-lock-chest-upgrade\/","title":{"rendered":"Men&#8217;s Micro-Lock Chest Upgrade"},"content":{"rendered":"<div class=\"wpb-content-wrapper\"><div id=\"sizeguide\" class=\"vc_row wpb_row vc_row-fluid gradient-container-1\"><div class=\"gradient-column-1 wpb_column vc_column_container vc_col-sm-12\"><div class=\"vc_column-inner\"><div class=\"wpb_wrapper\"><div class=\"norebro-heading-sc heading text-center\"\n\tid=\"norebro-custom-69f46ae30c020\" \n\t \n\t>\n\t\n\t\n\t\n\t<h3 class=\"title\">\n\t\tBoyut K\u0131lavuzu\t<\/h3>\n\n\t\n\t\t\t<p class=\"subtitle\">\n\t\t\tYard\u0131ma m\u0131 ihtiyac\u0131n\u0131z var? Canl\u0131 sohbeti kullan\u0131n veya bize e-posta g\u00f6nderin: <a href=\"mailto:sales@planet-knox.com\">sales@planet-knox.com<\/a>\t\t<\/p>\n\t\t\n<\/div><div class=\"vc_empty_space\"   style=\"height: 32px\"><span class=\"vc_empty_space_inner\"><\/span><\/div><div class=\"vc_separator wpb_content_element vc_separator_align_center vc_sep_width_100 vc_sep_pos_align_center vc_separator_no_text vc_sep_color_grey wpb_content_element  wpb_content_element\" ><span class=\"vc_sep_holder vc_sep_holder_l\"><span class=\"vc_sep_line\"><\/span><\/span><span class=\"vc_sep_holder vc_sep_holder_r\"><span class=\"vc_sep_line\"><\/span><\/span>\n<\/div><\/div><\/div><\/div><\/div><div class=\"vc_row wpb_row vc_row-fluid gradient-container-2\"><div class=\"gradient-column-2 wpb_column vc_column_container vc_col-sm-12\"><div class=\"vc_column-inner\"><div class=\"wpb_wrapper\"><div class=\"vc_empty_space\"   style=\"height: 32px\"><span class=\"vc_empty_space_inner\"><\/span><\/div><div class=\"vc_empty_space\"   style=\"height: 32px\"><span class=\"vc_empty_space_inner\"><\/span><\/div><\/div><\/div><\/div><\/div>\n<\/div>","protected":false},"excerpt":{"rendered":"<p>Knox chest protection is courtesy of a low-profile Micro-Lock chest protector to fit all Knox Armoured Shirts and Jackets. CE certified to EN 1621  &#8211;  3.\u00a0All are available as aftermarket upgrades to existing body armour. \u00a0Micro-Lock offers a snug, soft fit to the wearer but thanks to its SMART technology it locks in the case of an impact and absorbs a significant amount of energy before it gets to the wearer\u2019s torso.<\/p>","protected":false},"featured_media":235071,"comment_status":"open","ping_status":"closed","template":"","meta":{"_acf_changed":false,"inline_featured_image":false},"product_brand":[],"product_cat":[636,632,534,562,556],"product_tag":[517,518],"class_list":{"0":"post-80387","1":"product","2":"type-product","3":"status-publish","4":"has-post-thumbnail","6":"product_cat-armour-upgrades","7":"product_cat-body-armour","8":"product_cat-mens-armoured-shirts","9":"product_cat-mens-back-and-chest-protection","10":"product_cat-mens-body-armour","11":"product_tag-men","12":"product_tag-women","13":"pa_country-of-origin-gb","14":"pa_easproj_hs6p_received-2748","15":"pa_easproj_originating_country-gb","16":"pa_hs-code-2830","17":"pa_product-composition-pu-protectors-in-100-polyester-carrier","18":"pa_size-female","19":"pa_size-male","21":"first","22":"onbackorder","23":"taxable","24":"shipping-taxable","25":"purchasable","26":"product-type-simple"},"acf":[],"aioseo_notices":[],"gallery_images":[226673,226675,235072,172729,172731],"_links":{"self":[{"href":"https:\/\/www.planet-knox.com\/tr\/wp-json\/wp\/v2\/product\/80387","targetHints":{"allow":["GET"]}}],"collection":[{"href":"https:\/\/www.planet-knox.com\/tr\/wp-json\/wp\/v2\/product"}],"about":[{"href":"https:\/\/www.planet-knox.com\/tr\/wp-json\/wp\/v2\/types\/product"}],"replies":[{"embeddable":true,"href":"https:\/\/www.planet-knox.com\/tr\/wp-json\/wp\/v2\/comments?post=80387"}],"wp:featuredmedia":[{"embeddable":true,"href":"https:\/\/www.planet-knox.com\/tr\/wp-json\/wp\/v2\/media\/235071"}],"wp:attachment":[{"href":"https:\/\/www.planet-knox.com\/tr\/wp-json\/wp\/v2\/media?parent=80387"}],"wp:term":[{"taxonomy":"product_brand","embeddable":true,"href":"https:\/\/www.planet-knox.com\/tr\/wp-json\/wp\/v2\/product_brand?post=80387"},{"taxonomy":"product_cat","embeddable":true,"href":"https:\/\/www.planet-knox.com\/tr\/wp-json\/wp\/v2\/product_cat?post=80387"},{"taxonomy":"product_tag","embeddable":true,"href":"https:\/\/www.planet-knox.com\/tr\/wp-json\/wp\/v2\/product_tag?post=80387"}],"curies":[{"name":"wp","href":"https:\/\/api.w.org\/{rel}","templated":true}]}}