{"id":703,"date":"2011-05-20T18:51:43","date_gmt":"2011-05-21T01:51:43","guid":{"rendered":"http:\/\/wpthemetestdata.wordpress.com\/?page_id=703"},"modified":"2025-01-10T15:29:18","modified_gmt":"2025-01-10T15:29:18","slug":"blog","status":"publish","type":"page","link":"https:\/\/www.planet-knox.com\/tr\/blog\/","title":{"rendered":"Blog"},"content":{"rendered":"<div class=\"wpb-content-wrapper\"><div class=\"vc_row wpb_row vc_row-fluid gradient-container-1\"><div class=\"gradient-column-1 wpb_column vc_column_container vc_col-sm-12\"><div class=\"vc_column-inner\"><div class=\"wpb_wrapper\"><div class=\"norebro-heading-sc heading text-center\"\n\tid=\"norebro-custom-69f3063b9dcfa\" \n\t \n\t>\n\t\n\t\n\t\n\t<h3 class=\"title\">\n\t\tKnox sosyal medyada\t<\/h3>\n\n\t\n\t\t\t<p class=\"subtitle\">\n\t\t\tEn son haberler, videolar, teklifler ve \u00fcr\u00fcn tan\u0131t\u0131mlar\u0131 i\u00e7in bizi takip edin\t\t<\/p>\n\t\t\n<\/div>\n\t<div class=\"wpb_raw_code wpb_raw_html wpb_content_element\" >\n\t\t<div class=\"wpb_wrapper\">\n\t\t\t<div class=\"blogsocial\"><ul class=\"menu-other\">\n\n\t\t\n\t\t\t\t\n\t\n\t\t<li class=\"social\">\n\t\t\t\t\t\t\t\t<a href=\"https:\/\/www.facebook.com\/knoxarmour\" class=\"facebook\" target=\"_blank\"><i class=\"fa-facebook\"><\/i><\/a>\t\t\t\t\t\t\t\t<a href=\"https:\/\/www.instagram.com\/knoxarmour\" class=\"instagram\" target=\"_blank\"><i class=\"fa-instagram\"><\/i><\/a>\t\t\t\t\t\t\t\t<a href=\"https:\/\/www.twitter.com\/knoxarmour\" class=\"twitter\" target=\"_blank\"><i class=\"fa-twitter\"><\/i><\/a>\t\t\t\t\t\t\t\t<a href=\"https:\/\/www.youtube.com\/knoxarmour?sub_confirm=1\" class=\"youtube\" target=\"_blank\"><i class=\"fa-youtube\"><\/i><\/a>\t\t\t<\/li>\n\t<\/ul><\/div>\n\t\t<\/div>\n\t<\/div>\n<\/div><\/div><\/div><\/div><div class=\"vc_row wpb_row vc_row-fluid gradient-container-2\"><div class=\"gradient-column-2 wpb_column vc_column_container vc_col-sm-12\"><div class=\"vc_column-inner\"><div class=\"wpb_wrapper\"><div class=\"norebro-heading-sc heading text-center\"\n\tid=\"norebro-custom-69f3063b9e2eb\" \n\t \n\t>\n\t\n\t\n\t\n\t<h3 class=\"title\">\n\t\tKnox Blog Yaz\u0131lar\u0131\t<\/h3>\n\n\t\n\t\t\t<p class=\"subtitle\">\n\t\t\t\t\t<\/p>\n\t\t\n<\/div><div class=\"vc_empty_space\"   style=\"height: 32px\"><span class=\"vc_empty_space_inner\"><\/span><\/div><\/div><\/div><\/div><\/div><div class=\"vc_row wpb_row vc_row-fluid gradient-container-3\"><div class=\"gradient-column-3 wpb_column vc_column_container vc_col-sm-12\"><div class=\"vc_column-inner\"><div class=\"wpb_wrapper\"><div class=\"norebro-recent-posts-sc vc_row blog-posts-masonry\" \n\tid=\"norebro-custom-69f3063baaafb\"\n\t \n\t>\n\n\t<div class=\"norebro-masonry\" data-lazy-container=\"posts\"><div class=\"vc_col-lg-6 vc_col-md-6 vc_col-sm-12 vc_col-xs-12 blog-post-masonry masonry-block post-offset norebro-card-wrapper grid-item\" data-lazy-item=\"\" data-lazy-scope=\"posts\"><div class=\"blog-grid grid-1 boxed\"  data-aos-once=\"&quot;true&quot;\" data-aos=\"&quot;fade-up&quot;\">\n\n\t<header>\n\t\t\t\t<a href=\"https:\/\/www.planet-knox.com\/tr\/ktm-390-enduro-r-review\/\">\n\t\t\t<img decoding=\"async\" src=\"https:\/\/www.planet-knox.com\/wp-content\/uploads\/2026\/04\/KTM-390-Enduro-R-5.jpg\" alt=\"KTM 390 Enduro R review\">\n\t\t<\/a>\n\t\t\n\t\t\t\t<div class=\"tags\">\n\t\t\t\t\t\t\t<a class=\"tag brand-bg-color brand-border-color\" href=\"https:\/\/www.planet-knox.com\/tr\/news\/bike-reviews\/\">\n\t\t\t\t\tBisiklet Yorumlar\u0131\t\t\t\t<\/a>\n\t\t\t\t\t\t\t<a class=\"tag brand-bg-color brand-border-color\" href=\"https:\/\/www.planet-knox.com\/tr\/news\/knox\/\">\n\t\t\t\t\tKnox\t\t\t\t<\/a>\n\t\t\t\t\t<\/div>\n\t\t\t<\/header>\n\n\t<div class=\"content\">\n\t\t<h3>\n\t\t\t\t\t\t<a href=\"https:\/\/www.planet-knox.com\/tr\/ktm-390-enduro-r-review\/\">\n\t\t\t\tKTM 390 Enduro R review\t\t\t<\/a>\n\t\t<\/h3>\n\t\t\n\t\t<p>When it first rolled into Knox HQ, I was not entirely sure what to make of the new KTM 390 Enduro R. Despite the big logo on the side, it is not really an enduro&hellip;<\/p>\n\t<\/div>\n\n\t<footer>\n\t\t\t\t<span class=\"author\">KNOX<\/span>\n\t\t<strong>-<\/strong>\n\t\t\t\t\t\t<span class=\"data\">Nisan 27, 2026<\/span>\n\t\t\t<\/footer>\n\n<\/div>\n<div class=\"clear\"><\/div><\/div><div class=\"vc_col-lg-6 vc_col-md-6 vc_col-sm-12 vc_col-xs-12 blog-post-masonry masonry-block post-offset norebro-card-wrapper grid-item\" data-lazy-item=\"\" data-lazy-scope=\"posts\"><div class=\"blog-grid grid-1 boxed\"  data-aos-once=\"&quot;true&quot;\" data-aos=\"&quot;fade-up&quot;\">\n\n\t<header>\n\t\t\t\t<a href=\"https:\/\/www.planet-knox.com\/tr\/5-takeaways-from-my-first-hard-enduro-event\/\">\n\t\t\t<img decoding=\"async\" src=\"https:\/\/www.planet-knox.com\/wp-content\/uploads\/2025\/06\/C8982.00_39_47_22.Still007-scaled.jpg\" alt=\"5 Takeaways from my first hard enduro event\">\n\t\t<\/a>\n\t\t\n\t\t\t\t<div class=\"tags\">\n\t\t\t\t\t\t\t<a class=\"tag brand-bg-color brand-border-color\" href=\"https:\/\/www.planet-knox.com\/tr\/news\/gear-reviews\/\">\n\t\t\t\t\tDi\u015fli \u0130ncelemeleri\t\t\t\t<\/a>\n\t\t\t\t\t\t\t<a class=\"tag brand-bg-color brand-border-color\" href=\"https:\/\/www.planet-knox.com\/tr\/news\/knox\/\">\n\t\t\t\t\tKnox\t\t\t\t<\/a>\n\t\t\t\t\t<\/div>\n\t\t\t<\/header>\n\n\t<div class=\"content\">\n\t\t<h3>\n\t\t\t\t\t\t<a href=\"https:\/\/www.planet-knox.com\/tr\/5-takeaways-from-my-first-hard-enduro-event\/\">\n\t\t\t\t5 \u0130lk zorlu enduro etkinli\u011fimden \u00e7\u0131kar\u0131mlar\t\t\t<\/a>\n\t\t<\/h3>\n\t\t\n\t\t<p>Riding Hard Enduro has become an important part of the development work we do at KNOX. It\u2019s an environment where we can really push ourselves, the bikes and our&hellip;<\/p>\n\t<\/div>\n\n\t<footer>\n\t\t\t\t<span class=\"author\">KNOX<\/span>\n\t\t<strong>-<\/strong>\n\t\t\t\t\t\t<span class=\"data\">10 Haziran, 2025<\/span>\n\t\t\t<\/footer>\n\n<\/div>\n<div class=\"clear\"><\/div><\/div><div class=\"vc_col-lg-6 vc_col-md-6 vc_col-sm-12 vc_col-xs-12 blog-post-masonry masonry-block post-offset norebro-card-wrapper grid-item\" data-lazy-item=\"\" data-lazy-scope=\"posts\"><div class=\"blog-grid grid-1 boxed\"  data-aos-once=\"&quot;true&quot;\" data-aos=\"&quot;fade-up&quot;\">\n\n\t<header>\n\t\t\t\t<a href=\"https:\/\/www.planet-knox.com\/tr\/desert-riding-gear\/\">\n\t\t\t<img decoding=\"async\" src=\"https:\/\/www.planet-knox.com\/wp-content\/uploads\/2025\/04\/2025_YAM_Tenere_PRESS_EU_250407_5689TB_71-scaled.jpg\" alt=\"Desert Riding Gear\">\n\t\t<\/a>\n\t\t\n\t\t\t\t<div class=\"tags\">\n\t\t\t\t\t\t\t<a class=\"tag brand-bg-color brand-border-color\" href=\"https:\/\/www.planet-knox.com\/tr\/news\/gear-reviews\/\">\n\t\t\t\t\tDi\u015fli \u0130ncelemeleri\t\t\t\t<\/a>\n\t\t\t\t\t<\/div>\n\t\t\t<\/header>\n\n\t<div class=\"content\">\n\t\t<h3>\n\t\t\t\t\t\t<a href=\"https:\/\/www.planet-knox.com\/tr\/desert-riding-gear\/\">\n\t\t\t\t\u00c7\u00f6l Binicilik Malzemeleri\t\t\t<\/a>\n\t\t<\/h3>\n\t\t\n\t\t<p>K\u0131sa s\u00fcre \u00f6nce en yeni Tenere 700'\u00fc denemek i\u00e7in Fas Agafay \u00c7\u00f6l\u00fc'ne giden Knox'un en yeni \u00fcr\u00fcnlerini test etmek i\u00e7in m\u00fckemmel bir ortamd\u0131.<\/p>\n\t<\/div>\n\n\t<footer>\n\t\t\t\t<span class=\"author\">KNOX<\/span>\n\t\t<strong>-<\/strong>\n\t\t\t\t\t\t<span class=\"data\">27 May\u0131s 2025<\/span>\n\t\t\t<\/footer>\n\n<\/div>\n<div class=\"clear\"><\/div><\/div><div class=\"vc_col-lg-6 vc_col-md-6 vc_col-sm-12 vc_col-xs-12 blog-post-masonry masonry-block post-offset norebro-card-wrapper grid-item\" data-lazy-item=\"\" data-lazy-scope=\"posts\"><div class=\"blog-grid grid-1 boxed\"  data-aos-once=\"&quot;true&quot;\" data-aos=\"&quot;fade-up&quot;\">\n\n\t<header>\n\t\t\t\t<a href=\"https:\/\/www.planet-knox.com\/tr\/2025-yamaha-tenere-700-and-700-rally\/\">\n\t\t\t<img decoding=\"async\" src=\"https:\/\/www.planet-knox.com\/wp-content\/uploads\/2025\/04\/2025_YAM_Tenere_PRESS_EU_250407_6076TB_71-scaled.jpg\" alt=\"2025 Yamaha T\u00e9n\u00e9r\u00e9 700 and T\u00e9n\u00e9r\u00e9 700 Rally  | Review from KNOX\">\n\t\t<\/a>\n\t\t\n\t\t\t\t<div class=\"tags\">\n\t\t\t\t\t\t\t<a class=\"tag brand-bg-color brand-border-color\" href=\"https:\/\/www.planet-knox.com\/tr\/news\/bike-reviews\/\">\n\t\t\t\t\tBisiklet Yorumlar\u0131\t\t\t\t<\/a>\n\t\t\t\t\t<\/div>\n\t\t\t<\/header>\n\n\t<div class=\"content\">\n\t\t<h3>\n\t\t\t\t\t\t<a href=\"https:\/\/www.planet-knox.com\/tr\/2025-yamaha-tenere-700-and-700-rally\/\">\n\t\t\t\t2025 Yamaha T\u00e9n\u00e9r\u00e9 700 ve T\u00e9n\u00e9r\u00e9 700 Rally | KNOX'tan \u0130nceleme\t\t\t<\/a>\n\t\t<\/h3>\n\t\t\n\t\t<p>Sa\u011flam, g\u00fcvenilir ve dayan\u0131kl\u0131 olarak konumland\u0131r\u0131lan ve ralli off road merakl\u0131lar\u0131, d\u00fcnya gezginleri ve i\u015fe gidip gelenlerden olu\u015fan geni\u015f bir kullan\u0131c\u0131 kitlesine hitap eden Yamaha,...<\/p>\n\t<\/div>\n\n\t<footer>\n\t\t\t\t<span class=\"author\">Knox<\/span>\n\t\t<strong>-<\/strong>\n\t\t\t\t\t\t<span class=\"data\">28 Nisan 2025<\/span>\n\t\t\t<\/footer>\n\n<\/div>\n<div class=\"clear\"><\/div><\/div><div class=\"vc_col-lg-6 vc_col-md-6 vc_col-sm-12 vc_col-xs-12 blog-post-masonry masonry-block post-offset norebro-card-wrapper grid-item\" data-lazy-item=\"\" data-lazy-scope=\"posts\"><div class=\"blog-grid grid-1 boxed\"  data-aos-once=\"&quot;true&quot;\" data-aos=\"&quot;fade-up&quot;\">\n\n\t<header>\n\t\t\t\t<a href=\"https:\/\/www.planet-knox.com\/tr\/i-would-have-lost-my-hand\/\">\n\t\t\t<img decoding=\"async\" src=\"https:\/\/www.planet-knox.com\/wp-content\/uploads\/2025\/02\/review.jpg\" alt=\"I would have lost my hand!\">\n\t\t<\/a>\n\t\t\n\t\t\t\t<div class=\"tags\">\n\t\t\t\t\t\t\t<a class=\"tag brand-bg-color brand-border-color\" href=\"https:\/\/www.planet-knox.com\/tr\/news\/gear-reviews\/\">\n\t\t\t\t\tDi\u015fli \u0130ncelemeleri\t\t\t\t<\/a>\n\t\t\t\t\t<\/div>\n\t\t\t<\/header>\n\n\t<div class=\"content\">\n\t\t<h3>\n\t\t\t\t\t\t<a href=\"https:\/\/www.planet-knox.com\/tr\/i-would-have-lost-my-hand\/\">\n\t\t\t\tElimi kaybederdim!\t\t\t<\/a>\n\t\t<\/h3>\n\t\t\n\t\t<p>Deponun \u00fczerindeki rozetle ifade edildi\u011fi \u00fczere, Duke'un 30 y\u0131l\u0131 geride kald\u0131 ve 1390, daha fazla g\u00fc\u00e7 ve her zamankinden daha iyi \u00f6zelliklerle \u015fimdiye kadarki en \u00e7\u0131lg\u0131n SuperDuke.<\/p>\n\t<\/div>\n\n\t<footer>\n\t\t\t\t<span class=\"author\">Knox<\/span>\n\t\t<strong>-<\/strong>\n\t\t\t\t\t\t<span class=\"data\">\u015eubat 6, 2025<\/span>\n\t\t\t<\/footer>\n\n<\/div>\n<div class=\"clear\"><\/div><\/div><div class=\"vc_col-lg-6 vc_col-md-6 vc_col-sm-12 vc_col-xs-12 blog-post-masonry masonry-block post-offset norebro-card-wrapper grid-item\" data-lazy-item=\"\" data-lazy-scope=\"posts\"><div class=\"blog-grid grid-1 boxed\"  data-aos-once=\"&quot;true&quot;\" data-aos=\"&quot;fade-up&quot;\">\n\n\t<header>\n\t\t\t\t<a href=\"https:\/\/www.planet-knox.com\/tr\/the-ultimate-knox-gift-guide\/\">\n\t\t\t<img decoding=\"async\" src=\"https:\/\/www.planet-knox.com\/wp-content\/uploads\/2024\/12\/ultimate.jpg\" alt=\"The Ultimate Knox Gift Guide\">\n\t\t<\/a>\n\t\t\n\t\t\t\t<div class=\"tags\">\n\t\t\t\t\t\t\t<a class=\"tag brand-bg-color brand-border-color\" href=\"https:\/\/www.planet-knox.com\/tr\/news\/knox\/\">\n\t\t\t\t\tKnox\t\t\t\t<\/a>\n\t\t\t\t\t<\/div>\n\t\t\t<\/header>\n\n\t<div class=\"content\">\n\t\t<h3>\n\t\t\t\t\t\t<a href=\"https:\/\/www.planet-knox.com\/tr\/the-ultimate-knox-gift-guide\/\">\n\t\t\t\tNihai Knox Hediye Rehberi\t\t\t<\/a>\n\t\t<\/h3>\n\t\t\n\t\t<p>S\u00f6z konusu motosiklet donan\u0131m\u0131 oldu\u011funda, s\u00fcr\u00fcc\u00fcler kalite ve yenili\u011fin tart\u0131\u015f\u0131lmaz oldu\u011funu bilirler. \u0130ster engebeli arazilerle m\u00fccadele edin, ister yar\u0131\u015f pistini fethedin,...<\/p>\n\t<\/div>\n\n\t<footer>\n\t\t\t\t<span class=\"author\">Knox<\/span>\n\t\t<strong>-<\/strong>\n\t\t\t\t\t\t<span class=\"data\">6 Aral\u0131k 2024<\/span>\n\t\t\t<\/footer>\n\n<\/div>\n<div class=\"clear\"><\/div><\/div><div class=\"vc_col-lg-6 vc_col-md-6 vc_col-sm-12 vc_col-xs-12 blog-post-masonry masonry-block post-offset norebro-card-wrapper grid-item\" data-lazy-item=\"\" data-lazy-scope=\"posts\"><div class=\"blog-grid grid-1 boxed\"  data-aos-once=\"&quot;true&quot;\" data-aos=\"&quot;fade-up&quot;\">\n\n\t<header>\n\t\t\t\t<a href=\"https:\/\/www.planet-knox.com\/tr\/the-ultimate-knox-gift-guide-perfect-presents-under-150\/\">\n\t\t\t<img decoding=\"async\" src=\"https:\/\/www.planet-knox.com\/wp-content\/uploads\/2024\/12\/cover-image-blog-listing.jpg\" alt=\"The Knox Gift Guide: Perfect Presents Under \u00a3150\">\n\t\t<\/a>\n\t\t\n\t\t\t\t<div class=\"tags\">\n\t\t\t\t\t\t\t<a class=\"tag brand-bg-color brand-border-color\" href=\"https:\/\/www.planet-knox.com\/tr\/news\/knox\/\">\n\t\t\t\t\tKnox\t\t\t\t<\/a>\n\t\t\t\t\t<\/div>\n\t\t\t<\/header>\n\n\t<div class=\"content\">\n\t\t<h3>\n\t\t\t\t\t\t<a href=\"https:\/\/www.planet-knox.com\/tr\/the-ultimate-knox-gift-guide-perfect-presents-under-150\/\">\n\t\t\t\tKnox Hediye Rehberi: 150\u00a3 Alt\u0131nda M\u00fckemmel Hediyeler\t\t\t<\/a>\n\t\t<\/h3>\n\t\t\n\t\t<p>Tatil sezonu h\u0131zla yakla\u015f\u0131rken, Knox koleksiyonundan 50 sterlinin alt\u0131ndaki en iyi hediyeler i\u00e7in rehberimizi bir araya getirdik. \u0130ster kendiniz i\u00e7in al\u0131\u015fveri\u015f yap\u0131yor olun...<\/p>\n\t<\/div>\n\n\t<footer>\n\t\t\t\t<span class=\"author\">Knox<\/span>\n\t\t<strong>-<\/strong>\n\t\t\t\t\t\t<span class=\"data\">2 Aral\u0131k, 2024<\/span>\n\t\t\t<\/footer>\n\n<\/div>\n<div class=\"clear\"><\/div><\/div><div class=\"vc_col-lg-6 vc_col-md-6 vc_col-sm-12 vc_col-xs-12 blog-post-masonry masonry-block post-offset norebro-card-wrapper grid-item\" data-lazy-item=\"\" data-lazy-scope=\"posts\"><div class=\"blog-grid grid-1 boxed\"  data-aos-once=\"&quot;true&quot;\" data-aos=\"&quot;fade-up&quot;\">\n\n\t<header>\n\t\t\t\t<a href=\"https:\/\/www.planet-knox.com\/tr\/the-ultimate-knox-gift-guide-perfect-presents-under-50\/\">\n\t\t\t<img decoding=\"async\" src=\"https:\/\/www.planet-knox.com\/wp-content\/uploads\/2024\/11\/base_layers_KNXDualMax_4.jpg\" alt=\"The Knox Gift Guide: Perfect Presents Under \u00a350\">\n\t\t<\/a>\n\t\t\n\t\t\t\t<div class=\"tags\">\n\t\t\t\t\t\t\t<a class=\"tag brand-bg-color brand-border-color\" href=\"https:\/\/www.planet-knox.com\/tr\/news\/knox\/\">\n\t\t\t\t\tKnox\t\t\t\t<\/a>\n\t\t\t\t\t<\/div>\n\t\t\t<\/header>\n\n\t<div class=\"content\">\n\t\t<h3>\n\t\t\t\t\t\t<a href=\"https:\/\/www.planet-knox.com\/tr\/the-ultimate-knox-gift-guide-perfect-presents-under-50\/\">\n\t\t\t\tKnox Hediye Rehberi: 50\u00a3 Alt\u0131nda M\u00fckemmel Hediyeler\t\t\t<\/a>\n\t\t<\/h3>\n\t\t\n\t\t<p>Tatil sezonu h\u0131zla yakla\u015f\u0131rken, Knox koleksiyonundan 50 sterlinin alt\u0131ndaki en iyi hediyeler i\u00e7in rehberimizi bir araya getirdik. \u0130ster kendiniz i\u00e7in al\u0131\u015fveri\u015f yap\u0131yor olun...<\/p>\n\t<\/div>\n\n\t<footer>\n\t\t\t\t<span class=\"author\">Knox<\/span>\n\t\t<strong>-<\/strong>\n\t\t\t\t\t\t<span class=\"data\">Kas\u0131m 27, 2024<\/span>\n\t\t\t<\/footer>\n\n<\/div>\n<div class=\"clear\"><\/div><\/div><div class=\"vc_col-lg-6 vc_col-md-6 vc_col-sm-12 vc_col-xs-12 blog-post-masonry masonry-block post-offset norebro-card-wrapper grid-item\" data-lazy-item=\"\" data-lazy-scope=\"posts\"><div class=\"blog-grid grid-1 boxed\"  data-aos-once=\"&quot;true&quot;\" data-aos=\"&quot;fade-up&quot;\">\n\n\t<header>\n\t\t\t\t<a href=\"https:\/\/www.planet-knox.com\/tr\/ktm-1390-superduke-r\/\">\n\t\t\t<img decoding=\"async\" src=\"https:\/\/www.planet-knox.com\/wp-content\/uploads\/2024\/10\/DSC05841-1.jpg\" alt=\"KTM 1390 Superduke R  | The review from KNOX\">\n\t\t<\/a>\n\t\t\n\t\t\t\t<div class=\"tags\">\n\t\t\t\t\t\t\t<a class=\"tag brand-bg-color brand-border-color\" href=\"https:\/\/www.planet-knox.com\/tr\/news\/bike-reviews\/\">\n\t\t\t\t\tBisiklet Yorumlar\u0131\t\t\t\t<\/a>\n\t\t\t\t\t<\/div>\n\t\t\t<\/header>\n\n\t<div class=\"content\">\n\t\t<h3>\n\t\t\t\t\t\t<a href=\"https:\/\/www.planet-knox.com\/tr\/ktm-1390-superduke-r\/\">\n\t\t\t\tKTM 1390 Superduke R | KNOX'tan inceleme\t\t\t<\/a>\n\t\t<\/h3>\n\t\t\n\t\t<p>Deponun \u00fczerindeki rozetle ifade edildi\u011fi \u00fczere, Duke'un 30 y\u0131l\u0131 geride kald\u0131 ve 1390, daha fazla g\u00fc\u00e7 ve her zamankinden daha iyi \u00f6zelliklerle \u015fimdiye kadarki en \u00e7\u0131lg\u0131n SuperDuke.<\/p>\n\t<\/div>\n\n\t<footer>\n\t\t\t\t<span class=\"author\">Knox<\/span>\n\t\t<strong>-<\/strong>\n\t\t\t\t\t\t<span class=\"data\">Ekim 7, 2024<\/span>\n\t\t\t<\/footer>\n\n<\/div>\n<div class=\"clear\"><\/div><\/div><div class=\"vc_col-lg-12 vc_col-md-12 vc_col-sm-12 vc_col-xs-12 blog-post-masonry masonry-block post-offset norebro-card-wrapper\" data-lazy-item=\"\" data-lazy-scope=\"posts\"><div class=\"blog-grid grid-1 boxed\"  data-aos-once=\"&quot;true&quot;\" data-aos=\"&quot;fade-up&quot;\">\n\n\t<header>\n\t\t\t\t<a href=\"https:\/\/www.planet-knox.com\/tr\/husqvarna-te300-pro-2024\/\">\n\t\t\t<img decoding=\"async\" src=\"https:\/\/www.planet-knox.com\/wp-content\/uploads\/2024\/03\/DSC03111.jpg\" alt=\"Husqvarna TE300 Pro 2024 | The review from KNOX\">\n\t\t<\/a>\n\t\t\n\t\t\t\t<div class=\"tags\">\n\t\t\t\t\t\t\t<a class=\"tag brand-bg-color brand-border-color\" href=\"https:\/\/www.planet-knox.com\/tr\/news\/bike-reviews\/\">\n\t\t\t\t\tBisiklet Yorumlar\u0131\t\t\t\t<\/a>\n\t\t\t\t\t\t\t<a class=\"tag brand-bg-color brand-border-color\" href=\"https:\/\/www.planet-knox.com\/tr\/news\/knox\/\">\n\t\t\t\t\tKnox\t\t\t\t<\/a>\n\t\t\t\t\t<\/div>\n\t\t\t<\/header>\n\n\t<div class=\"content\">\n\t\t<h3>\n\t\t\t\t\t\t<a href=\"https:\/\/www.planet-knox.com\/tr\/husqvarna-te300-pro-2024\/\">\n\t\t\t\tHusqvarna TE300 Pro 2024 | KNOX'tan inceleme\t\t\t<\/a>\n\t\t<\/h3>\n\t\t\n\t\t<p>Enduro'ya ciddi olarak ba\u015flad\u0131\u011f\u0131m\u0131zdan beri, her erkek ve k\u00f6pe\u011fi bize \"300 2 zamanl\u0131 alman\u0131z gerekiyor\" diyordu... sonunda yapt\u0131\u011f\u0131m\u0131z \u015fey buydu. Bu...<\/p>\n\t<\/div>\n\n\t<footer>\n\t\t\t\t<span class=\"author\">Knox<\/span>\n\t\t<strong>-<\/strong>\n\t\t\t\t\t\t<span class=\"data\">23 \u015eubat 2024<\/span>\n\t\t\t<\/footer>\n\n<\/div>\n<div class=\"clear\"><\/div><\/div><div class=\"vc_col-lg-12 vc_col-md-12 vc_col-sm-12 vc_col-xs-12 blog-post-masonry masonry-block post-offset norebro-card-wrapper\" data-lazy-item=\"\" data-lazy-scope=\"posts\"><div class=\"blog-grid grid-1 boxed\"  data-aos-once=\"&quot;true&quot;\" data-aos=\"&quot;fade-up&quot;\">\n\n\t<header>\n\t\t\t\t<a href=\"https:\/\/www.planet-knox.com\/tr\/ducati-multistrada-v4-rs-multistrada-v4s-grand-tour\/\">\n\t\t\t<img decoding=\"async\" src=\"https:\/\/www.planet-knox.com\/wp-content\/uploads\/2024\/03\/100_3072.jpg\" alt=\"Ducati Multistrada V4 RS &amp; Multistrada V4S Grand Tour | First ride review\">\n\t\t<\/a>\n\t\t\n\t\t\t\t<div class=\"tags\">\n\t\t\t\t\t\t\t<a class=\"tag brand-bg-color brand-border-color\" href=\"https:\/\/www.planet-knox.com\/tr\/news\/bike-reviews\/\">\n\t\t\t\t\tBisiklet Yorumlar\u0131\t\t\t\t<\/a>\n\t\t\t\t\t\t\t<a class=\"tag brand-bg-color brand-border-color\" href=\"https:\/\/www.planet-knox.com\/tr\/news\/knox\/\">\n\t\t\t\t\tKnox\t\t\t\t<\/a>\n\t\t\t\t\t<\/div>\n\t\t\t<\/header>\n\n\t<div class=\"content\">\n\t\t<h3>\n\t\t\t\t\t\t<a href=\"https:\/\/www.planet-knox.com\/tr\/ducati-multistrada-v4-rs-multistrada-v4s-grand-tour\/\">\n\t\t\t\tDucati Multistrada V4 RS &amp; Multistrada V4S Grand Tour | \u0130lk s\u00fcr\u00fc\u015f incelemesi\t\t\t<\/a>\n\t\t<\/h3>\n\t\t\n\t\t<p>En yeni \u00fcst s\u0131n\u0131f Ducati Multistrada'lar, V4rs ve V4s Grand Tour ile tan\u0131\u015f\u0131n. Adam Child \"Chad\" \u00fcr\u00fcnleri denemek i\u00e7in \u0130talya'ya u\u00e7tu.<\/p>\n\t<\/div>\n\n\t<footer>\n\t\t\t\t<span class=\"author\">Knox<\/span>\n\t\t<strong>-<\/strong>\n\t\t\t\t\t\t<span class=\"data\">Ocak 3, 2024<\/span>\n\t\t\t<\/footer>\n\n<\/div>\n<div class=\"clear\"><\/div><\/div><div class=\"vc_col-lg-12 vc_col-md-12 vc_col-sm-12 vc_col-xs-12 blog-post-masonry masonry-block post-offset norebro-card-wrapper\" data-lazy-item=\"\" data-lazy-scope=\"posts\"><div class=\"blog-grid grid-1 boxed\"  data-aos-once=\"&quot;true&quot;\" data-aos=\"&quot;fade-up&quot;\">\n\n\t<header>\n\t\t\t\t<a href=\"https:\/\/www.planet-knox.com\/tr\/royal-enfield-himalayan-450-review\/\">\n\t\t\t<img decoding=\"async\" src=\"https:\/\/www.planet-knox.com\/wp-content\/uploads\/2024\/03\/22A5415.jpg\" alt=\"Royal Enfield Himalayan 450 review from the world launch | KNOX Armour\">\n\t\t<\/a>\n\t\t\n\t\t\t\t<div class=\"tags\">\n\t\t\t\t\t\t\t<a class=\"tag brand-bg-color brand-border-color\" href=\"https:\/\/www.planet-knox.com\/tr\/news\/bike-reviews\/\">\n\t\t\t\t\tBisiklet Yorumlar\u0131\t\t\t\t<\/a>\n\t\t\t\t\t\t\t<a class=\"tag brand-bg-color brand-border-color\" href=\"https:\/\/www.planet-knox.com\/tr\/news\/knox\/\">\n\t\t\t\t\tKnox\t\t\t\t<\/a>\n\t\t\t\t\t<\/div>\n\t\t\t<\/header>\n\n\t<div class=\"content\">\n\t\t<h3>\n\t\t\t\t\t\t<a href=\"https:\/\/www.planet-knox.com\/tr\/royal-enfield-himalayan-450-review\/\">\n\t\t\t\tRoyal Enfield Himalayan 450 d\u00fcnya lansman\u0131ndan inceleme | KNOX Armour\t\t\t<\/a>\n\t\t<\/h3>\n\t\t\n\t\t<p>Chad, yeni Royal Enfield Himalayan 450'yi s\u00fcrmek i\u00e7in inan\u0131lmaz Hint Himalayalar\u0131na u\u00e7tu... tahmin ettiniz, yeni Royal Enfield Himalayan 450.<\/p>\n\t<\/div>\n\n\t<footer>\n\t\t\t\t<span class=\"author\">Knox<\/span>\n\t\t<strong>-<\/strong>\n\t\t\t\t\t\t<span class=\"data\">14 Aral\u0131k 2023<\/span>\n\t\t\t<\/footer>\n\n<\/div>\n<div class=\"clear\"><\/div><\/div><\/div><nav class=\"pagination text-left\"><ul><li><a href=\"https:\/\/www.planet-knox.com\/tr\/wp-json\/wp\/v2\/pages\/703\/\" class=\"hover-underline page-numbers active\">1<\/a><\/li><li><a href=\"https:\/\/www.planet-knox.com\/tr\/wp-json\/wp\/v2\/pages\/703\/page\/2\/\" class=\"hover-underline page-numbers\">2<\/a><\/li><li><a href=\"https:\/\/www.planet-knox.com\/tr\/wp-json\/wp\/v2\/pages\/703\/page\/3\/\" class=\"hover-underline page-numbers\">3<\/a><\/li><li><span class=\"page-numbers\">...<\/span><\/li><li><a href=\"https:\/\/www.planet-knox.com\/tr\/wp-json\/wp\/v2\/pages\/703\/page\/8\/\" class=\"hover-underline page-numbers\">8<\/a><\/li><li><a href=\"https:\/\/www.planet-knox.com\/tr\/wp-json\/wp\/v2\/pages\/703\/page\/2\/\" class=\"next hover-underline page-numbers\">Next <span class=\"icon-right ion-android-arrow-forward\"><\/span><\/a><\/li><\/ul><\/nav>\t\n<\/div><\/div><\/div><\/div><\/div>\n<\/div>","protected":false},"excerpt":{"rendered":"Royal Enfield Himalayan 450 review from the world launch | KNOX Armour Knox Review PUBLISHED: December 14th, 2023 Chad flew out to the incredible Indian Himalayas to ride... you guessed it, the new Royal Enfield Himalayan 450. With double the power of the previous model,...","protected":false},"author":1,"featured_media":229929,"parent":0,"menu_order":0,"comment_status":"open","ping_status":"closed","template":"","meta":{"_acf_changed":false,"inline_featured_image":false,"footnotes":""},"class_list":["post-703","page","type-page","status-publish","has-post-thumbnail","hentry"],"acf":[],"aioseo_notices":[],"_links":{"self":[{"href":"https:\/\/www.planet-knox.com\/tr\/wp-json\/wp\/v2\/pages\/703","targetHints":{"allow":["GET"]}}],"collection":[{"href":"https:\/\/www.planet-knox.com\/tr\/wp-json\/wp\/v2\/pages"}],"about":[{"href":"https:\/\/www.planet-knox.com\/tr\/wp-json\/wp\/v2\/types\/page"}],"author":[{"embeddable":true,"href":"https:\/\/www.planet-knox.com\/tr\/wp-json\/wp\/v2\/users\/1"}],"replies":[{"embeddable":true,"href":"https:\/\/www.planet-knox.com\/tr\/wp-json\/wp\/v2\/comments?post=703"}],"version-history":[{"count":0,"href":"https:\/\/www.planet-knox.com\/tr\/wp-json\/wp\/v2\/pages\/703\/revisions"}],"wp:featuredmedia":[{"embeddable":true,"href":"https:\/\/www.planet-knox.com\/tr\/wp-json\/wp\/v2\/media\/229929"}],"wp:attachment":[{"href":"https:\/\/www.planet-knox.com\/tr\/wp-json\/wp\/v2\/media?parent=703"}],"curies":[{"name":"wp","href":"https:\/\/api.w.org\/{rel}","templated":true}]}}