{"id":193437,"date":"2023-02-01T10:58:34","date_gmt":"2023-02-01T10:58:34","guid":{"rendered":"https:\/\/www.planet-knox.com\/?post_type=product&#038;p=193437"},"modified":"2026-03-24T09:24:30","modified_gmt":"2026-03-24T09:24:30","slug":"mens-calder-denim-jeans-black","status":"publish","type":"product","link":"https:\/\/www.planet-knox.com\/sv\/produkt\/mens-calder-denim-jeans-black\/","title":{"rendered":"Men&#8217;s Calder Denim Jeans &#8211; Black  &#8211; Regular Leg"},"content":{"rendered":"<div class=\"wpb-content-wrapper\"><div class=\"vc_row wpb_row vc_row-fluid gradient-container-1\"><div class=\"gradient-column-1 wpb_column vc_column_container vc_col-sm-12\"><div class=\"vc_column-inner\"><div class=\"wpb_wrapper\"><div class=\"norebro-heading-sc heading text-center\"\n\tid=\"norebro-custom-6a0096f95a8cf\" \n\t \n\t>\n\t\n\t\n\t\n\t<h3 class=\"title\">\n\t\tTeknisk information\t<\/h3>\n\n\t\n\t\t\t<p class=\"subtitle\">\n\t\t\tBeh\u00f6ver du hj\u00e4lp? Anv\u00e4nd livechatten eller mejla oss p\u00e5 <a href=\"mailto:sales@planet-knox.com\">sales@planet-knox.com<\/a>\t\t<\/p>\n\t\t\n<\/div><div class=\"vc_empty_space\"   style=\"height: 32px\"><span class=\"vc_empty_space_inner\"><\/span><\/div><div class=\"vc_separator wpb_content_element vc_separator_align_center vc_sep_width_100 vc_sep_pos_align_center vc_separator_no_text vc_sep_color_grey wpb_content_element  wpb_content_element\" ><span class=\"vc_sep_holder vc_sep_holder_l\"><span class=\"vc_sep_line\"><\/span><\/span><span class=\"vc_sep_holder vc_sep_holder_r\"><span class=\"vc_sep_line\"><\/span><\/span>\n<\/div><div class=\"vc_empty_space\"   style=\"height: 32px\"><span class=\"vc_empty_space_inner\"><\/span><\/div>\n\t<div class=\"wpb_raw_code wpb_raw_html wpb_content_element\" >\n\t\t<div class=\"wpb_wrapper\">\n\t\t\t<p>Knox Micro-Lock \u00e4r helt CE-certifierad enligt EN 1621-1:2012 niv\u00e5 1 T+ &amp; T-<\/p><table width=\"100%\" border=\"0\" cellspacing=\"0\" cellpadding=\"0\" class=\"techtable\">\n  <tbody><tr class=\"headerrow\">\n    <td class=\"testtablelight\">EN1621-1-2012<\/td>\n    <td class=\"testtabledark\">KRAV<\/td>\n    <td class=\"testtabledark\">Status<\/td>\n  <\/tr>\n  <tr>\n    <td>Godk\u00e4nnande av teknisk dokumentation<\/td>\n    <td class=\"yellow\">Obligatorisk<\/td>\n    <td class=\"yellow\">Godk\u00e4nd<\/td>\n  <\/tr>\n  <tr>\n    <td>Godk\u00e4nnande av anv\u00e4ndarinformation<\/td>\n    <td class=\"yellow\">Obligatorisk<\/td>\n    <td class=\"yellow\">Godk\u00e4nd<\/td>\n  <\/tr>\n  <tr>\n   <td>Minsta skyddszon<\/td>\n   <td class=\"yellow\">Obligatorisk<\/td>\n   <td class=\"yellow\">Godk\u00e4nd<\/td>\n  <\/tr>\n  <tr>\n    <td>Prestanda vid omgivande f\u00f6rh\u00e5llanden<\/td>\n    <td class=\"yellow\">Obligatorisk<\/td>\n    <td class=\"yellow\">Godk\u00e4nd<\/td>\n  <\/tr>\n  <tr>\n    <td>Prestanda i hydrolytiska f\u00f6rh\u00e5llanden<\/td>\n    <td class=\"yellow\">Obligatorisk<\/td>\n    <td class=\"yellow\">Godk\u00e4nd<\/td>\n  <\/tr>\n  <tr>\n    <td>Prestanda vid h\u00f6ga temperaturer<\/td>\n    <td class=\"yellow\">Valfritt<\/td>\n    <td class=\"yellow\">Godk\u00e4nd<\/td>\n  <\/tr>\n  <tr>\n    <td>Prestanda vid l\u00e5ga temperaturer<\/td>\n    <td class=\"yellow\">Valfritt<\/td>\n    <td class=\"yellow\">Godk\u00e4nd<\/td>\n  <\/tr>\n  <tr>\n    <td>Ergonomisk bed\u00f6mning<\/td>\n    <td class=\"yellow\">Obligatorisk<\/td>\n    <td class=\"yellow\">Godk\u00e4nd<\/td>\n  <\/tr>\n    <tr>\n    <td>Produktm\u00e4rkning<\/td>\n    <td class=\"yellow\">Obligatorisk<\/td>\n    <td class=\"yellow\">Godk\u00e4nd<\/td>\n  <\/tr>\n    <tr>\n    <td>Oskyldighet<\/td>\n    <td class=\"yellow\">Obligatorisk<\/td>\n    <td class=\"yellow\">Godk\u00e4nd<\/td>\n  <\/tr>\n<\/tbody><\/table> \n\t\t<\/div>\n\t<\/div>\n<div class=\"vc_empty_space\"   style=\"height: 64px\"><span class=\"vc_empty_space_inner\"><\/span><\/div><\/div><\/div><\/div><\/div><div id=\"sizeguide\" class=\"vc_row wpb_row vc_row-fluid gradient-container-2\"><div class=\"gradient-column-2 wpb_column vc_column_container vc_col-sm-12\"><div class=\"vc_column-inner\"><div class=\"wpb_wrapper\"><div class=\"norebro-heading-sc heading text-center\"\n\tid=\"norebro-custom-6a0096f95afa3\" \n\t \n\t>\n\t\n\t\n\t\n\t<h3 class=\"title\">\n\t\tStorleksguide\t<\/h3>\n\n\t\n\t\t\t<p class=\"subtitle\">\n\t\t\tBeh\u00f6ver du hj\u00e4lp? Anv\u00e4nd livechatten eller mejla oss p\u00e5 <a href=\"mailto:sales@planet-knox.com\">sales@planet-knox.com<\/a>\t\t<\/p>\n\t\t\n<\/div><div class=\"vc_empty_space\"   style=\"height: 32px\"><span class=\"vc_empty_space_inner\"><\/span><\/div><div class=\"vc_separator wpb_content_element vc_separator_align_center vc_sep_width_100 vc_sep_pos_align_center vc_separator_no_text vc_sep_color_grey wpb_content_element  wpb_content_element\" ><span class=\"vc_sep_holder vc_sep_holder_l\"><span class=\"vc_sep_line\"><\/span><\/span><span class=\"vc_sep_holder vc_sep_holder_r\"><span class=\"vc_sep_line\"><\/span><\/span>\n<\/div><div class=\"vc_empty_space\"   style=\"height: 32px\"><span class=\"vc_empty_space_inner\"><\/span><\/div>\n\t<div  class=\"wpb_single_image wpb_content_element vc_align_center wpb_content_element\">\n\t\t\n\t\t<figure class=\"wpb_wrapper vc_figure\">\n\t\t\t<div class=\"vc_single_image-wrapper   vc_box_border_grey\"><img decoding=\"async\" width=\"100\" height=\"351\" src=\"https:\/\/www.planet-knox.com\/wp-content\/uploads\/2020\/01\/mens-trousers.png\" class=\"vc_single_image-img attachment-full\" alt=\"\" title=\"herrbyxor\" srcset=\"https:\/\/www.planet-knox.com\/wp-content\/uploads\/2020\/01\/mens-trousers.png 100w, https:\/\/www.planet-knox.com\/wp-content\/uploads\/2020\/01\/mens-trousers-3x12.png 3w\" sizes=\"(max-width: 100px) 100vw, 100px\" \/><\/div>\n\t\t<\/figure>\n\t<\/div>\n<div class=\"norebro-text-sc\" \n\tid=\"norebro-custom-6a0096f95b7c3\" \n\t \n\t>\n\n\t<p style=\"text-align: center;\"><strong>Midja:<\/strong> F\u00f6r att r\u00e4kna ut din storlek m\u00e4ter du midjan i det l\u00e4ge d\u00e4r byxorna vanligtvis sitter. Som en v\u00e4gledning \u00e4r detta ungef\u00e4r 5 cm (ca 5-6 cm) under naveln. N\u00e4r du har detta m\u00e5tt drar du av 2 tum (ca 5-6 cm) fr\u00e5n det f\u00f6r att f\u00e5 fram din byxstorlek.<\/p>\n<p style=\"text-align: center;\"><strong>Insida ben:<\/strong> M\u00e4t fr\u00e5n ovansidan av insidan av benet ner till fotleden. Du b\u00f6r g\u00f6ra detta st\u00e5ende f\u00f6r att f\u00e5 ett mer exakt m\u00e5tt.<\/p>\n<p style=\"text-align: center;\"><strong>V\u00e4nligen observera:<\/strong> M\u00e5tten som anges \u00e4r kroppsm\u00e5tt och vi rekommenderar att du inte m\u00e4ter \u00f6ver kl\u00e4derna. H\u00e5ll ocks\u00e5 m\u00e5ttbandet stadigt och inte l\u00f6st eftersom m\u00e5ttet m\u00e5ste vara anpassat.<\/p>\n\t\n<\/div><div class=\"vc_row wpb_row vc_inner vc_row-fluid sizeguidehelpcolumn vc_row-o-content-middle vc_row-flex\"><div class=\"wpb_column vc_column_container vc_col-sm-6\"><div class=\"vc_column-inner\"><div class=\"wpb_wrapper\"><\/div><\/div><\/div><div class=\"wpb_column vc_column_container vc_col-sm-6\"><div class=\"vc_column-inner\"><div class=\"wpb_wrapper\"><\/div><\/div><\/div><\/div><div class=\"vc_row wpb_row vc_inner vc_row-fluid vc_row-o-content-middle vc_row-flex\"><div class=\"wpb_column vc_column_container vc_col-sm-12\"><div class=\"vc_column-inner\"><div class=\"wpb_wrapper\">\n\t<div class=\"wpb_raw_code wpb_raw_html wpb_content_element\" >\n\t\t<div class=\"wpb_wrapper\">\n\t\t\t<table class=\"knoxtable menstrousers\" cellspacing=\"0\" cellpadding=\"0\" width=\"100%\">\n  <tr>\n    <th>Storlek f\u00f6r m\u00e4n (UK)<\/th>\n    <th>Midja (tum)<\/th>\n    <th>Midja (cm)<\/th>\n  <\/tr>\n  <tr>\n    <td>S<\/td>\n    <td>30<\/td>\n    <td>76<\/td>\n  <\/tr>\n  <tr>\n    <td>M<\/td>\n    <td>32<\/td>\n    <td>81<\/td>\n  <\/tr>\n  <tr>\n    <td>L<\/td>\n    <td>34<\/td>\n    <td>87<\/td>\n  <\/tr>\n  <tr>\n    <td>XL<\/td>\n    <td>36<\/td>\n    <td>92<\/td>\n  <\/tr>\n  <tr>\n    <td>2XL<\/td>\n    <td>38<\/td>\n    <td>97<\/td>\n  <\/tr>\n  <tr>\n    <td>3XL<\/td>\n    <td>40<\/td>\n    <td>102<\/td>\n  <\/tr>\n  <tr>\n    <td>4XL<\/td>\n    <td>42<\/td>\n    <td>107<\/td>\n  <\/tr>\n  <tr>\n    <td>5XL<\/td>\n    <td>44<\/td>\n    <td>112<\/td>\n  <\/tr>\n<\/table>\n\t\t<\/div>\n\t<\/div>\n<\/div><\/div><\/div><\/div><div class=\"vc_empty_space\"   style=\"height: 64px\"><span class=\"vc_empty_space_inner\"><\/span><\/div><div class=\"vc_row wpb_row vc_inner vc_row-fluid sizeguidehelpcolumn vc_row-o-content-middle vc_row-flex\"><div class=\"wpb_column vc_column_container vc_col-sm-12\"><div class=\"vc_column-inner\"><div class=\"wpb_wrapper\"><div class=\"vc_separator wpb_content_element vc_separator_align_center vc_sep_width_100 vc_sep_pos_align_center vc_separator_no_text vc_sep_color_grey wpb_content_element  wpb_content_element\" ><span class=\"vc_sep_holder vc_sep_holder_l\"><span class=\"vc_sep_line\"><\/span><\/span><span class=\"vc_sep_holder vc_sep_holder_r\"><span class=\"vc_sep_line\"><\/span><\/span>\n<\/div><div class=\"vc_empty_space\"   style=\"height: 64px\"><span class=\"vc_empty_space_inner\"><\/span><\/div><div class=\"vc_empty_space\"   style=\"height: 64px\"><span class=\"vc_empty_space_inner\"><\/span><\/div>\n\t<div  class=\"wpb_single_image wpb_content_element vc_align_center wpb_content_element\">\n\t\t\n\t\t<figure class=\"wpb_wrapper vc_figure\">\n\t\t\t<div class=\"vc_single_image-wrapper   vc_box_border_grey\"><img decoding=\"async\" width=\"986\" height=\"170\" src=\"https:\/\/www.planet-knox.com\/wp-content\/uploads\/2022\/02\/seasonless.png\" class=\"vc_single_image-img attachment-full\" alt=\"\" title=\"s\u00e4songsl\u00f6s\" srcset=\"https:\/\/www.planet-knox.com\/wp-content\/uploads\/2022\/02\/seasonless.png 986w, https:\/\/www.planet-knox.com\/wp-content\/uploads\/2022\/02\/seasonless-500x86.png 500w, https:\/\/www.planet-knox.com\/wp-content\/uploads\/2022\/02\/seasonless-768x132.png 768w, https:\/\/www.planet-knox.com\/wp-content\/uploads\/2022\/02\/seasonless-18x3.png 18w\" sizes=\"(max-width: 986px) 100vw, 986px\" \/><\/div>\n\t\t<\/figure>\n\t<\/div>\n<div class=\"vc_empty_space\"   style=\"height: 64px\"><span class=\"vc_empty_space_inner\"><\/span><\/div><\/div><\/div><\/div><\/div><div class=\"vc_row wpb_row vc_inner vc_row-fluid sizeguidehelpcolumn vc_row-o-content-top vc_row-flex\"><div class=\"wpb_column vc_column_container vc_col-sm-6\"><div class=\"vc_column-inner\"><div class=\"wpb_wrapper\"><div class=\"vc_separator wpb_content_element vc_separator_align_center vc_sep_width_100 vc_sep_pos_align_center vc_sep_color_grey wpb_content_element vc_separator-has-text\" ><span class=\"vc_sep_holder vc_sep_holder_l\"><span class=\"vc_sep_line\"><\/span><\/span><h4>DEN S\u00c4SONGSL\u00d6SA SAMLINGEN<\/h4><span class=\"vc_sep_holder vc_sep_holder_r\"><span class=\"vc_sep_line\"><\/span><\/span>\n<\/div><div class=\"vc_empty_space\"   style=\"height: 32px\"><span class=\"vc_empty_space_inner\"><\/span><\/div>\n\t<div  class=\"wpb_single_image wpb_content_element vc_align_center wpb_content_element wpb_animate_when_almost_visible wpb_fadeIn fadeIn\">\n\t\t\n\t\t<figure class=\"wpb_wrapper vc_figure\">\n\t\t\t<a href=\"https:\/\/www.planet-knox.com\/sv\/seasonless-collection\/\" target=\"_self\" class=\"vc_single_image-wrapper   vc_box_border_grey\"><img decoding=\"async\" width=\"1320\" height=\"743\" src=\"https:\/\/www.planet-knox.com\/wp-content\/uploads\/2022\/01\/seasonless-15.jpg\" class=\"vc_single_image-img attachment-full\" alt=\"\" title=\"s\u00e4songsl\u00f6s-15\" srcset=\"https:\/\/www.planet-knox.com\/wp-content\/uploads\/2022\/01\/seasonless-15.jpg 1320w, https:\/\/www.planet-knox.com\/wp-content\/uploads\/2022\/01\/seasonless-15-500x281.jpg 500w, https:\/\/www.planet-knox.com\/wp-content\/uploads\/2022\/01\/seasonless-15-768x432.jpg 768w, https:\/\/www.planet-knox.com\/wp-content\/uploads\/2022\/01\/seasonless-15-18x10.jpg 18w\" sizes=\"(max-width: 1320px) 100vw, 1320px\" \/><\/a>\n\t\t<\/figure>\n\t<\/div>\n<div class=\"vc_empty_space\"   style=\"height: 32px\"><span class=\"vc_empty_space_inner\"><\/span><\/div><div class=\"norebro-text-sc\" \n\tid=\"norebro-custom-6a0096f95cf52\" \n\t \n\t>\n\n\t<p style=\"text-align: center;\">Knox k\u00e4rnplagg, som anv\u00e4nds f\u00f6r varje \u00e5ktur och varje s\u00e4song. B\u00f6rja med grundskyddet och l\u00e4gg till lager f\u00f6r att anpassa dig och klara alla f\u00f6rh\u00e5llanden, fr\u00e5n outh\u00e4rdlig v\u00e4rme till h\u00e4llregn.<\/p>\n\t\n<\/div><div class=\"vc_empty_space\"   style=\"height: 32px\"><span class=\"vc_empty_space_inner\"><\/span><\/div><div class=\"norebro-button-sc btn-wrap text-center\" \n\tid=\"norebro-custom-6a0096f95cfe4\"\n\t \n\t>\n\n\t<a href=\"https:\/\/www.planet-knox.com\/sv\/seasonless-collection\/\" \n\t\tclass=\"btn  btn-outline\">\n\n\t\t\n\t\t\n\t\t<span class=\"text\">\n\t\t\tTa reda p\u00e5 mer\t\t<\/span>\n\n\t\t\n\t\t\n\t\t\t<\/a>\n\n<\/div><\/div><\/div><\/div><div class=\"wpb_column vc_column_container vc_col-sm-6\"><div class=\"vc_column-inner\"><div class=\"wpb_wrapper\"><div class=\"vc_separator wpb_content_element vc_separator_align_center vc_sep_width_100 vc_sep_pos_align_center vc_sep_color_grey wpb_content_element vc_separator-has-text\" ><span class=\"vc_sep_holder vc_sep_holder_l\"><span class=\"vc_sep_line\"><\/span><\/span><h4>BYXOR &amp; JEANS<\/h4><span class=\"vc_sep_holder vc_sep_holder_r\"><span class=\"vc_sep_line\"><\/span><\/span>\n<\/div><div class=\"vc_empty_space\"   style=\"height: 32px\"><span class=\"vc_empty_space_inner\"><\/span><\/div>\n\t<div  class=\"wpb_single_image wpb_content_element vc_align_center wpb_content_element wpb_animate_when_almost_visible wpb_fadeIn fadeIn\">\n\t\t\n\t\t<figure class=\"wpb_wrapper vc_figure\">\n\t\t\t<a href=\"https:\/\/www.planet-knox.com\/sv\/trousers-jeans\/\" target=\"_self\" class=\"vc_single_image-wrapper   vc_box_border_grey\"><img decoding=\"async\" width=\"1320\" height=\"743\" src=\"https:\/\/www.planet-knox.com\/wp-content\/uploads\/2022\/01\/seasonless-09.jpg\" class=\"vc_single_image-img attachment-full\" alt=\"\" title=\"s\u00e4songsl\u00f6s-09\" srcset=\"https:\/\/www.planet-knox.com\/wp-content\/uploads\/2022\/01\/seasonless-09.jpg 1320w, https:\/\/www.planet-knox.com\/wp-content\/uploads\/2022\/01\/seasonless-09-500x281.jpg 500w, https:\/\/www.planet-knox.com\/wp-content\/uploads\/2022\/01\/seasonless-09-768x432.jpg 768w, https:\/\/www.planet-knox.com\/wp-content\/uploads\/2022\/01\/seasonless-09-18x10.jpg 18w\" sizes=\"(max-width: 1320px) 100vw, 1320px\" \/><\/a>\n\t\t<\/figure>\n\t<\/div>\n<div class=\"vc_empty_space\"   style=\"height: 32px\"><span class=\"vc_empty_space_inner\"><\/span><\/div><div class=\"norebro-text-sc\" \n\tid=\"norebro-custom-6a0096f95d85f\" \n\t \n\t>\n\n\t<p>Knox byxor och jeans \u00e4r designade f\u00f6r att komplettera Knox s\u00e4songsl\u00f6sa kollektion och f\u00f6r att tilltala olika typer av ryttare i alla klimat.<\/p>\n\t\n<\/div><div class=\"vc_empty_space\"   style=\"height: 32px\"><span class=\"vc_empty_space_inner\"><\/span><\/div><div class=\"norebro-button-sc btn-wrap text-center\" \n\tid=\"norebro-custom-6a0096f95d8e3\"\n\t \n\t>\n\n\t<a href=\"https:\/\/www.planet-knox.com\/sv\/trousers-jeans\/\" \n\t\tclass=\"btn  btn-outline\">\n\n\t\t\n\t\t\n\t\t<span class=\"text\">\n\t\t\tTa reda p\u00e5 mer\t\t<\/span>\n\n\t\t\n\t\t\n\t\t\t<\/a>\n\n<\/div><\/div><\/div><\/div><\/div><div class=\"vc_empty_space\"   style=\"height: 32px\"><span class=\"vc_empty_space_inner\"><\/span><\/div><\/div><\/div><\/div><\/div><div id=\"relatedproducts\" data-vc-full-width=\"true\" data-vc-full-width-init=\"false\" class=\"vc_row wpb_row vc_row-fluid gradient-container-3\"><div class=\"gradient-column-3 wpb_column vc_column_container vc_col-sm-12\"><div class=\"vc_column-inner\"><div class=\"wpb_wrapper\"><div class=\"norebro-heading-sc heading text-center\"\n\tid=\"norebro-custom-6a0096f95ddd1\" \n\t \n\t>\n\t\n\t\n\t\n\t<h3 class=\"title\">\n\t\tRelaterade produkter\t<\/h3>\n\n\t\n\t\t\t<p class=\"subtitle\">\n\t\t\tBeh\u00f6ver du hj\u00e4lp med att v\u00e4lja produkter som passar bra ihop? Anv\u00e4nd livechatten eller mejla oss p\u00e5 <a href=\"mailto:sales@planet-knox.com\">sales@planet-knox.com<\/a>\t\t<\/p>\n\t\t\n<\/div><div class=\"vc_empty_space\"   style=\"height: 32px\"><span class=\"vc_empty_space_inner\"><\/span><\/div><div class=\"vc_separator wpb_content_element vc_separator_align_center vc_sep_width_100 vc_sep_pos_align_center vc_separator_no_text vc_sep_color_grey wpb_content_element  wpb_content_element\" ><span class=\"vc_sep_holder vc_sep_holder_l\"><span class=\"vc_sep_line\"><\/span><\/span><span class=\"vc_sep_holder vc_sep_holder_r\"><span class=\"vc_sep_line\"><\/span><\/span>\n<\/div><div class=\"vc_empty_space\"   style=\"height: 32px\"><span class=\"vc_empty_space_inner\"><\/span><\/div><div class=\"woocommerce columns-3\">\n<div class=\"vc_row\">\n\t<ul class=\"woo-products norebro-masonry\" data-lazy-container=\"products\">\n\n<li class=\"post-80877 product type-product status-publish has-post-thumbnail product_cat-gloves product_cat-mens-non-waterproof-gloves product_cat-mens-motorcycle-gloves product_cat-womens-motorcycle-gloves product_tag-men product_tag-wheelie product_tag-women pa_colour-black pa_size-2xl pa_size-l pa_size-m pa_size-s pa_size-xl first outofstock taxable shipping-taxable purchasable product-type-variable has-default-attributes\" data-product-item=\"true\" data-lazy-item=\"\" data-lazy-scope=\"products\">\n\t<div class=\"product-content trans-shadow\">\n\t\t<a href=\"https:\/\/www.planet-knox.com\/sv\/produkt\/orsa-leather-mk2-ce-motorcycle-gloves\/\" class=\"static\">\n\t\t\t<div class=\"image-wrap\">\n\t\t\t\t\n\t<span class=\"woo-onsale out\">OUT OF STOCK<\/span>\n\n\t\t\t\t<div class=\"noslide\">\n\t\t\t\t\n\t\t\t\t\t\n\t<span class=\"woo-onsale out\">OUT OF STOCK<\/span>\n<img decoding=\"async\" width=\"650\" height=\"650\" src=\"https:\/\/www.planet-knox.com\/wp-content\/uploads\/2018\/10\/Orsa-Black-1-1-1-650x650.jpg\" class=\"attachment-woocommerce_thumbnail size-woocommerce_thumbnail\" alt=\"Orsa Leather MK2 Gloves\" srcset=\"https:\/\/www.planet-knox.com\/wp-content\/uploads\/2018\/10\/Orsa-Black-1-1-1-650x650.jpg 650w, https:\/\/www.planet-knox.com\/wp-content\/uploads\/2018\/10\/Orsa-Black-1-1-1-500x500.jpg 500w, https:\/\/www.planet-knox.com\/wp-content\/uploads\/2018\/10\/Orsa-Black-1-1-1.jpg 1500w, https:\/\/www.planet-knox.com\/wp-content\/uploads\/2018\/10\/Orsa-Black-1-1-1-768x768.jpg 768w, https:\/\/www.planet-knox.com\/wp-content\/uploads\/2018\/10\/Orsa-Black-1-1-1-200x200.jpg 200w, https:\/\/www.planet-knox.com\/wp-content\/uploads\/2018\/10\/Orsa-Black-1-1-1-510x510.jpg 510w, https:\/\/www.planet-knox.com\/wp-content\/uploads\/2018\/10\/Orsa-Black-1-1-1-100x100.jpg 100w, https:\/\/www.planet-knox.com\/wp-content\/uploads\/2018\/10\/Orsa-Black-1-1-1-60x60.jpg 60w, https:\/\/www.planet-knox.com\/wp-content\/uploads\/2018\/10\/Orsa-Black-1-1-1-90x90.jpg 90w\" sizes=\"(max-width: 650px) 100vw, 650px\" \/>\n\t\t\t\t<\/div>\n\n\t\t\t<\/div>\n\n\t\t<\/a><a href=\"https:\/\/www.planet-knox.com\/sv\/produkt\/orsa-leather-mk2-ce-motorcycle-gloves\/\" aria-describedby=\"woocommerce_loop_add_to_cart_link_describedby_80877\" data-quantity=\"1\" class=\"btn btn-brand button product_type_variable\" data-product_id=\"80877\" data-product_sku=\"\" aria-label=\"V\u00e4lj alternativ f\u00f6r \u201dOrsa Leather MK2 Gloves\u201d\" rel=\"nofollow\" data-no-translation=\"\" data-trp-gettext=\"\" data-no-translation-aria-label=\"\">V\u00e4lj alternativ<\/a><span id=\"woocommerce_loop_add_to_cart_link_describedby_80877\" class=\"screen-reader-text\">\n\tDen h\u00e4r produkten har flera varianter. De olika alternativen kan v\u00e4ljas p\u00e5 produktsidan<\/span>\n<span class=\"gtm4wp_productdata\" style=\"display:none; visibility:hidden;\" data-gtm4wp_product_data=\"{&quot;internal_id&quot;:80877,&quot;item_id&quot;:80877,&quot;item_name&quot;:&quot;Orsa Leather MK2 Gloves&quot;,&quot;sku&quot;:80877,&quot;price&quot;:129.99,&quot;stocklevel&quot;:0,&quot;stockstatus&quot;:&quot;outofstock&quot;,&quot;google_business_vertical&quot;:&quot;retail&quot;,&quot;item_category&quot;:&quot;Men&#039;s Non Waterproof Gloves&quot;,&quot;id&quot;:80877,&quot;item_brand&quot;:&quot;Men\\u2019s Motorcycle Gloves&quot;,&quot;productlink&quot;:&quot;https:\\\/\\\/www.planet-knox.com\\\/sv\\\/produkt\\\/orsa-leather-mk2-ce-motorcycle-gloves\\\/&quot;,&quot;item_list_name&quot;:&quot;General Product List&quot;,&quot;index&quot;:1,&quot;product_type&quot;:&quot;variable&quot;}\"><\/span>\t\t<div class=\"wc-product-title-wrap\">\n\t\t\t\t\t\n\t\t\t\t\t\n\t\t\t\t\t\n\t\t\t\t\t\n\t\t\t\t\t\t<h3>\n\t\t\t\t<a href=\"https:\/\/www.planet-knox.com\/sv\/produkt\/orsa-leather-mk2-ce-motorcycle-gloves\/\" class=\"color-dark\">\n\t\t\t\t\tOrsa l\u00e4derhandskar MK2\t\t\t\t<\/a>\n\t\t\t<\/h3>\n\t\t\t<div class=\"price\">\n\t\t\t\t<span class=\"wcpbc-price wcpbc-price-80877\" data-product-id=\"80877\"><\/span>\t\t\t<\/div>\n\t\t\t<div class=\"clear\"><\/div>\n\t\t<\/div>\n\t<\/div>\n<\/li>\n\t<\/ul>\n<\/div><\/div><div class=\"vc_empty_space\"   style=\"height: 64px\"><span class=\"vc_empty_space_inner\"><\/span><\/div><\/div><\/div><\/div><\/div><div class=\"vc_row-full-width vc_clearfix\"><\/div>\n<\/div>","protected":false},"excerpt":{"rendered":"<p>The new Calder jeans for men are the lightest single layer jean in the collection, made from abrasion resistant Cordura denim.<\/p>\n<p>Designed for all day breathable comfort in an urban environment, with a classic easy to wear tapered leg.<\/p>\n<p>Class A CE approved for cut, tear and abrasion resistance and is fitted with new Micro-Lock Compact in the knees and hips. \u00a0Micro-Lock Compact is thinner, lighter and more flexible so the armour is hardly noticeable but it is reassuringly strong in performance.<\/p>","protected":false},"featured_media":193717,"comment_status":"open","ping_status":"closed","template":"","meta":{"_acf_changed":false,"inline_featured_image":false},"product_brand":[],"product_cat":[2687,2683,2721,566,571,634,2691],"product_tag":[],"class_list":{"0":"post-193437","1":"product","2":"type-product","3":"status-publish","4":"has-post-thumbnail","6":"product_cat-all-products","7":"product_cat-sale","8":"product_cat-calder","9":"product_cat-mens-denim-trousers","10":"product_cat-mens-motorcycle-trousers","11":"product_cat-trousers","12":"product_cat-uncategorised","13":"pa_colour-black","14":"pa_easproj_hs6p_received-2780","15":"pa_easproj_originating_country-pk","16":"pa_size-l","17":"pa_size-m","18":"pa_size-s","20":"first","21":"instock","22":"sale","23":"taxable","24":"shipping-taxable","25":"purchasable","26":"product-type-variable","27":"has-default-attributes"},"acf":[],"aioseo_notices":[],"gallery_images":[196687,196685,196681,197137],"_links":{"self":[{"href":"https:\/\/www.planet-knox.com\/sv\/wp-json\/wp\/v2\/product\/193437","targetHints":{"allow":["GET"]}}],"collection":[{"href":"https:\/\/www.planet-knox.com\/sv\/wp-json\/wp\/v2\/product"}],"about":[{"href":"https:\/\/www.planet-knox.com\/sv\/wp-json\/wp\/v2\/types\/product"}],"replies":[{"embeddable":true,"href":"https:\/\/www.planet-knox.com\/sv\/wp-json\/wp\/v2\/comments?post=193437"}],"wp:featuredmedia":[{"embeddable":true,"href":"https:\/\/www.planet-knox.com\/sv\/wp-json\/wp\/v2\/media\/193717"}],"wp:attachment":[{"href":"https:\/\/www.planet-knox.com\/sv\/wp-json\/wp\/v2\/media?parent=193437"}],"wp:term":[{"taxonomy":"product_brand","embeddable":true,"href":"https:\/\/www.planet-knox.com\/sv\/wp-json\/wp\/v2\/product_brand?post=193437"},{"taxonomy":"product_cat","embeddable":true,"href":"https:\/\/www.planet-knox.com\/sv\/wp-json\/wp\/v2\/product_cat?post=193437"},{"taxonomy":"product_tag","embeddable":true,"href":"https:\/\/www.planet-knox.com\/sv\/wp-json\/wp\/v2\/product_tag?post=193437"}],"curies":[{"name":"wp","href":"https:\/\/api.w.org\/{rel}","templated":true}]}}