{"id":139983,"date":"2020-02-04T11:36:05","date_gmt":"2020-02-04T11:36:05","guid":{"rendered":"https:\/\/www.planet-knox.com\/product\/shield-high-waisted-spectra-womens-jeans-copy\/"},"modified":"2026-04-20T09:29:13","modified_gmt":"2026-04-20T09:29:13","slug":"brittany-high-waisted-skinny-jeans","status":"publish","type":"product","link":"https:\/\/www.planet-knox.com\/sv\/produkt\/brittany-high-waisted-skinny-jeans\/","title":{"rendered":"Women\u2019s Brittany &#8211; Skinny Jeans &#8211; Reg Leg"},"content":{"rendered":"<div class=\"wpb-content-wrapper\"><div class=\"vc_row wpb_row vc_row-fluid gradient-container-1\"><div class=\"gradient-column-1 wpb_column vc_column_container vc_col-sm-12\"><div class=\"vc_column-inner\"><div class=\"wpb_wrapper\"><div class=\"vc_empty_space\"   style=\"height: 32px\"><span class=\"vc_empty_space_inner\"><\/span><\/div><div class=\"norebro-heading-sc heading text-center\"\n\tid=\"norebro-custom-69f2cadbeca8f\" \n\t \n\t>\n\t\n\t\n\t\n\t<h3 class=\"title\">\n\t\tTeknisk information\t<\/h3>\n\n\t\n\t\t\t<p class=\"subtitle\">\n\t\t\tBeh\u00f6ver du hj\u00e4lp? Anv\u00e4nd livechatten eller mejla oss p\u00e5 <a href=\"mailto:sales@planet-knox.com\">sales@planet-knox.com<\/a>\t\t<\/p>\n\t\t\n<\/div><div class=\"vc_empty_space\"   style=\"height: 32px\"><span class=\"vc_empty_space_inner\"><\/span><\/div><div class=\"vc_separator wpb_content_element vc_separator_align_center vc_sep_width_100 vc_sep_pos_align_center vc_separator_no_text vc_sep_color_grey wpb_content_element  wpb_content_element\" ><span class=\"vc_sep_holder vc_sep_holder_l\"><span class=\"vc_sep_line\"><\/span><\/span><span class=\"vc_sep_holder vc_sep_holder_r\"><span class=\"vc_sep_line\"><\/span><\/span>\n<\/div><div class=\"vc_empty_space\"   style=\"height: 32px\"><span class=\"vc_empty_space_inner\"><\/span><\/div>\n\t<div class=\"wpb_raw_code wpb_raw_html wpb_content_element\" >\n\t\t<div class=\"wpb_wrapper\">\n\t\t\t<p>Knox Micro-Lock \u00e4r helt CE-certifierad enligt EN 1621-1:2012 niv\u00e5 1 T+ &amp; T-<\/p><table width=\"100%\" border=\"0\" cellspacing=\"0\" cellpadding=\"0\" class=\"techtable\">\n  <tbody><tr class=\"headerrow\">\n    <td class=\"testtablelight\">EN1621-1-2012<\/td>\n    <td class=\"testtabledark\">KRAV<\/td>\n    <td class=\"testtabledark\">Status<\/td>\n  <\/tr>\n  <tr>\n    <td>Godk\u00e4nnande av teknisk dokumentation<\/td>\n    <td class=\"yellow\">Obligatorisk<\/td>\n    <td class=\"yellow\">Godk\u00e4nd<\/td>\n  <\/tr>\n  <tr>\n    <td>Godk\u00e4nnande av anv\u00e4ndarinformation<\/td>\n    <td class=\"yellow\">Obligatorisk<\/td>\n    <td class=\"yellow\">Godk\u00e4nd<\/td>\n  <\/tr>\n  <tr>\n   <td>Minsta skyddszon<\/td>\n   <td class=\"yellow\">Obligatorisk<\/td>\n   <td class=\"yellow\">Godk\u00e4nd<\/td>\n  <\/tr>\n  <tr>\n    <td>Prestanda vid omgivande f\u00f6rh\u00e5llanden<\/td>\n    <td class=\"yellow\">Obligatorisk<\/td>\n    <td class=\"yellow\">Godk\u00e4nd<\/td>\n  <\/tr>\n  <tr>\n    <td>Prestanda i hydrolytiska f\u00f6rh\u00e5llanden<\/td>\n    <td class=\"yellow\">Obligatorisk<\/td>\n    <td class=\"yellow\">Godk\u00e4nd<\/td>\n  <\/tr>\n  <tr>\n    <td>Prestanda vid h\u00f6ga temperaturer<\/td>\n    <td class=\"yellow\">Valfritt<\/td>\n    <td class=\"yellow\">Godk\u00e4nd<\/td>\n  <\/tr>\n  <tr>\n    <td>Prestanda vid l\u00e5ga temperaturer<\/td>\n    <td class=\"yellow\">Valfritt<\/td>\n    <td class=\"yellow\">Godk\u00e4nd<\/td>\n  <\/tr>\n  <tr>\n    <td>Ergonomisk bed\u00f6mning<\/td>\n    <td class=\"yellow\">Obligatorisk<\/td>\n    <td class=\"yellow\">Godk\u00e4nd<\/td>\n  <\/tr>\n    <tr>\n    <td>Produktm\u00e4rkning<\/td>\n    <td class=\"yellow\">Obligatorisk<\/td>\n    <td class=\"yellow\">Godk\u00e4nd<\/td>\n  <\/tr>\n    <tr>\n    <td>Oskyldighet<\/td>\n    <td class=\"yellow\">Obligatorisk<\/td>\n    <td class=\"yellow\">Godk\u00e4nd<\/td>\n  <\/tr>\n<\/tbody><\/table> \n\t\t<\/div>\n\t<\/div>\n<div class=\"vc_empty_space\"   style=\"height: 64px\"><span class=\"vc_empty_space_inner\"><\/span><\/div><\/div><\/div><\/div><\/div><div id=\"sizeguide\" class=\"vc_row wpb_row vc_row-fluid gradient-container-2\"><div class=\"gradient-column-2 wpb_column vc_column_container vc_col-sm-12\"><div class=\"vc_column-inner\"><div class=\"wpb_wrapper\"><div class=\"norebro-heading-sc heading text-center\"\n\tid=\"norebro-custom-69f2cadbed37a\" \n\t \n\t>\n\t\n\t\n\t\n\t<h3 class=\"title\">\n\t\tStorleksguide\t<\/h3>\n\n\t\n\t\t\t<p class=\"subtitle\">\n\t\t\tBeh\u00f6ver du hj\u00e4lp? Anv\u00e4nd livechatten eller mejla oss p\u00e5 <a href=\"mailto:sales@planet-knox.com\">sales@planet-knox.com<\/a>\t\t<\/p>\n\t\t\n<\/div><div class=\"vc_empty_space\"   style=\"height: 32px\"><span class=\"vc_empty_space_inner\"><\/span><\/div><div class=\"vc_separator wpb_content_element vc_separator_align_center vc_sep_width_100 vc_sep_pos_align_center vc_separator_no_text vc_sep_color_grey wpb_content_element  wpb_content_element\" ><span class=\"vc_sep_holder vc_sep_holder_l\"><span class=\"vc_sep_line\"><\/span><\/span><span class=\"vc_sep_holder vc_sep_holder_r\"><span class=\"vc_sep_line\"><\/span><\/span>\n<\/div><div class=\"vc_empty_space\"   style=\"height: 32px\"><span class=\"vc_empty_space_inner\"><\/span><\/div>\n\t<div  class=\"wpb_single_image wpb_content_element vc_align_center wpb_content_element\">\n\t\t\n\t\t<figure class=\"wpb_wrapper vc_figure\">\n\t\t\t<div class=\"vc_single_image-wrapper   vc_box_border_grey\"><img decoding=\"async\" width=\"100\" height=\"351\" src=\"https:\/\/www.planet-knox.com\/wp-content\/uploads\/2020\/02\/womens-lowerbody.png\" class=\"vc_single_image-img attachment-full\" alt=\"\" title=\"kvinnor-underkropp\" srcset=\"https:\/\/www.planet-knox.com\/wp-content\/uploads\/2020\/02\/womens-lowerbody.png 100w, https:\/\/www.planet-knox.com\/wp-content\/uploads\/2020\/02\/womens-lowerbody-3x12.png 3w\" sizes=\"(max-width: 100px) 100vw, 100px\" \/><\/div>\n\t\t<\/figure>\n\t<\/div>\n<div class=\"norebro-text-sc\" \n\tid=\"norebro-custom-69f2cadbeddb6\" \n\t \n\t>\n\n\t<p style=\"text-align: center;\"><strong>Midja:<\/strong> M\u00e4t runt den naturliga midjan. Detta \u00e4r vanligtvis den minsta delen.<\/p>\n<p style=\"text-align: center;\"><strong>Hip:<\/strong> M\u00e4t runt den fylligaste delen av dina h\u00f6fter. Ett riktm\u00e4rke \u00e4r ofta 20 cm (7,5 tum) under midjan.<\/p>\n<p style=\"text-align: center;\"><strong>Insida ben:<\/strong> M\u00e4t fr\u00e5n toppen av insidan av benet ner till fotleden. Du b\u00f6r g\u00f6ra detta medan du st\u00e5r f\u00f6r att f\u00e5 ett mer exakt m\u00e5tt. Vi har 2 benl\u00e4ngder f\u00f6r kvinnor, 30\u2033 (Regular) och 28\u2033 (Short Leg).<\/p>\n<p style=\"text-align: center;\"><strong>V\u00e4nligen observera:<\/strong> M\u00e5tten som anges \u00e4r kroppsm\u00e5tt och vi rekommenderar att du inte m\u00e4ter \u00f6ver kl\u00e4derna. H\u00e5ll ocks\u00e5 m\u00e5ttbandet stadigt och inte l\u00f6st eftersom m\u00e5ttet m\u00e5ste vara anpassat. Om du m\u00e4ter mellan tv\u00e5 storlekar rekommenderar vi att du g\u00e5r ner en storlek. T.ex. m\u00e4t midjan till 27 tum, g\u00e5 ner till 26 tum.<\/p>\n\t\n<\/div><div class=\"vc_row wpb_row vc_inner vc_row-fluid sizeguidehelpcolumn vc_row-o-content-middle vc_row-flex\"><div class=\"wpb_column vc_column_container vc_col-sm-6\"><div class=\"vc_column-inner\"><div class=\"wpb_wrapper\"><\/div><\/div><\/div><div class=\"wpb_column vc_column_container vc_col-sm-6\"><div class=\"vc_column-inner\"><div class=\"wpb_wrapper\"><\/div><\/div><\/div><\/div><div class=\"vc_row wpb_row vc_inner vc_row-fluid vc_row-o-content-middle vc_row-flex\"><div class=\"wpb_column vc_column_container vc_col-sm-12\"><div class=\"vc_column-inner\"><div class=\"wpb_wrapper\">\n\t<div class=\"wpb_raw_code wpb_raw_html wpb_content_element\" >\n\t\t<div class=\"wpb_wrapper\">\n\t\t\t<table class=\"knoxtable womenstrouser\" cellspacing=\"0\" cellpadding=\"0\" width=\"100%\">\n  <tr>\n    <th>Storlekar f\u00f6r kvinnor (UK)<\/th>\n    <th>Internationell storlek<\/th>\n    <th>Midja (tum)<\/th>\n    <th>Midja (cm)<\/th>\n    <th>H\u00f6ft (tum)<\/th>\n    <th>H\u00f6ft (cm)<\/th>\n  <\/tr>\n  <tr>\n    <td>8<\/td>\n    <td>XS<\/td>\n    <td>26<\/td>\n    <td>66<\/td>\n    <td>35.5<\/td>\n    <td>90<\/td>\n  <\/tr>\n  <tr>\n    <td>10<\/td>\n    <td>S<\/td>\n    <td>28<\/td>\n    <td>71<\/td>\n    <td>37.5<\/td>\n    <td>95<\/td>\n  <\/tr>\n  <tr>\n    <td>12<\/td>\n    <td>M<\/td>\n    <td>30<\/td>\n    <td>76<\/td>\n    <td>39.5<\/td>\n    <td>100<\/td>\n  <\/tr>\n  <tr>\n    <td>14<\/td>\n    <td>L<\/td>\n    <td>32<\/td>\n    <td>81<\/td>\n    <td>41.5<\/td>\n    <td>105<\/td>\n  <\/tr>\n  <tr>\n    <td>16<\/td>\n    <td>XL<\/td>\n    <td>34<\/td>\n    <td>86<\/td>\n    <td>43.5<\/td>\n    <td>110<\/td>\n  <\/tr>\n  <tr>\n    <td>18<\/td>\n    <td>2XL<\/td>\n    <td>36<\/td>\n    <td>91<\/td>\n    <td>45.5<\/td>\n    <td>115<\/td>\n  <\/tr>\n  <tr>\n    <td>20<\/td>\n    <td>3XL<\/td>\n    <td>38<\/td>\n    <td>96<\/td>\n    <td>47.5<\/td>\n    <td>120<\/td>\n  <\/tr>\n<\/table>\n\t\t<\/div>\n\t<\/div>\n<div class=\"vc_empty_space\"   style=\"height: 32px\"><span class=\"vc_empty_space_inner\"><\/span><\/div>\n\t<div class=\"wpb_raw_code wpb_raw_html wpb_content_element\" >\n\t\t<div class=\"wpb_wrapper\">\n\t\t\t<table class=\"knoxtable conversiontable\" cellspacing=\"0\" cellpadding=\"0\" width=\"100%\">\n  <tr>\n    <th>UK\/AU\/NZ<\/th>\n    <th>FR\/BE\/ES\/PT<\/th>\n    <th>DE\/AT\/NL\/SE\/DK\/CH\/NO<\/th>\n    <th>USA<\/th>\n    <th>Japan<\/th>\n  <\/tr>\n  <tr>\n    <td>8<\/td>\n    <td>36<\/td>\n    <td>34<\/td>\n    <td>4<\/td>\n    <td>9<\/td>\n  <\/tr>\n  <tr>\n    <td>10<\/td>\n    <td>38<\/td>\n    <td>36<\/td>\n    <td>6<\/td>\n    <td>11<\/td>\n  <\/tr>\n  <tr>\n    <td>12<\/td>\n    <td>40<\/td>\n    <td>38<\/td>\n    <td>8<\/td>\n    <td>13<\/td>\n  <\/tr>\n  <tr>\n    <td>14<\/td>\n    <td>42<\/td>\n    <td>40<\/td>\n    <td>10<\/td>\n    <td>15<\/td>\n  <\/tr>\n  <tr>\n    <td>16<\/td>\n    <td>44<\/td>\n    <td>42<\/td>\n    <td>12<\/td>\n    <td>17<\/td>\n  <\/tr>\n  <tr>\n    <td>18<\/td>\n    <td>46<\/td>\n    <td>44<\/td>\n    <td>14<\/td>\n    <td>19<\/td>\n  <\/tr>\n  <tr>\n    <td>20<\/td>\n    <td>48<\/td>\n    <td>46<\/td>\n    <td>16<\/td>\n    <td>21<\/td>\n  <\/tr>\n<\/table>\n\t\t<\/div>\n\t<\/div>\n<\/div><\/div><\/div><\/div><div class=\"vc_empty_space\"   style=\"height: 64px\"><span class=\"vc_empty_space_inner\"><\/span><\/div><div class=\"vc_row wpb_row vc_inner vc_row-fluid sizeguidehelpcolumn vc_row-o-content-middle vc_row-flex\"><div class=\"wpb_column vc_column_container vc_col-sm-12\"><div class=\"vc_column-inner\"><div class=\"wpb_wrapper\"><div class=\"vc_separator wpb_content_element vc_separator_align_center vc_sep_width_100 vc_sep_pos_align_center vc_separator_no_text vc_sep_color_grey wpb_content_element  wpb_content_element\" ><span class=\"vc_sep_holder vc_sep_holder_l\"><span class=\"vc_sep_line\"><\/span><\/span><span class=\"vc_sep_holder vc_sep_holder_r\"><span class=\"vc_sep_line\"><\/span><\/span>\n<\/div><div class=\"vc_empty_space\"   style=\"height: 64px\"><span class=\"vc_empty_space_inner\"><\/span><\/div><div class=\"vc_empty_space\"   style=\"height: 64px\"><span class=\"vc_empty_space_inner\"><\/span><\/div>\n\t<div  class=\"wpb_single_image wpb_content_element vc_align_center wpb_content_element\">\n\t\t\n\t\t<figure class=\"wpb_wrapper vc_figure\">\n\t\t\t<div class=\"vc_single_image-wrapper   vc_box_border_grey\"><img decoding=\"async\" width=\"986\" height=\"170\" src=\"https:\/\/www.planet-knox.com\/wp-content\/uploads\/2022\/02\/seasonless.png\" class=\"vc_single_image-img attachment-full\" alt=\"\" title=\"s\u00e4songsl\u00f6s\" srcset=\"https:\/\/www.planet-knox.com\/wp-content\/uploads\/2022\/02\/seasonless.png 986w, https:\/\/www.planet-knox.com\/wp-content\/uploads\/2022\/02\/seasonless-500x86.png 500w, https:\/\/www.planet-knox.com\/wp-content\/uploads\/2022\/02\/seasonless-768x132.png 768w, https:\/\/www.planet-knox.com\/wp-content\/uploads\/2022\/02\/seasonless-18x3.png 18w\" sizes=\"(max-width: 986px) 100vw, 986px\" \/><\/div>\n\t\t<\/figure>\n\t<\/div>\n<div class=\"vc_empty_space\"   style=\"height: 64px\"><span class=\"vc_empty_space_inner\"><\/span><\/div><\/div><\/div><\/div><\/div><div class=\"vc_row wpb_row vc_inner vc_row-fluid sizeguidehelpcolumn vc_row-o-content-top vc_row-flex\"><div class=\"wpb_column vc_column_container vc_col-sm-6\"><div class=\"vc_column-inner\"><div class=\"wpb_wrapper\"><div class=\"vc_separator wpb_content_element vc_separator_align_center vc_sep_width_100 vc_sep_pos_align_center vc_sep_color_grey wpb_content_element vc_separator-has-text\" ><span class=\"vc_sep_holder vc_sep_holder_l\"><span class=\"vc_sep_line\"><\/span><\/span><h4>DEN S\u00c4SONGSL\u00d6SA SAMLINGEN<\/h4><span class=\"vc_sep_holder vc_sep_holder_r\"><span class=\"vc_sep_line\"><\/span><\/span>\n<\/div><div class=\"vc_empty_space\"   style=\"height: 32px\"><span class=\"vc_empty_space_inner\"><\/span><\/div>\n\t<div  class=\"wpb_single_image wpb_content_element vc_align_center wpb_content_element wpb_animate_when_almost_visible wpb_fadeIn fadeIn\">\n\t\t\n\t\t<figure class=\"wpb_wrapper vc_figure\">\n\t\t\t<a href=\"https:\/\/www.planet-knox.com\/sv\/seasonless-collection\/\" target=\"_self\" class=\"vc_single_image-wrapper   vc_box_border_grey\"><img decoding=\"async\" width=\"1320\" height=\"743\" src=\"https:\/\/www.planet-knox.com\/wp-content\/uploads\/2022\/01\/seasonless-15.jpg\" class=\"vc_single_image-img attachment-full\" alt=\"\" title=\"s\u00e4songsl\u00f6s-15\" srcset=\"https:\/\/www.planet-knox.com\/wp-content\/uploads\/2022\/01\/seasonless-15.jpg 1320w, https:\/\/www.planet-knox.com\/wp-content\/uploads\/2022\/01\/seasonless-15-500x281.jpg 500w, https:\/\/www.planet-knox.com\/wp-content\/uploads\/2022\/01\/seasonless-15-768x432.jpg 768w, https:\/\/www.planet-knox.com\/wp-content\/uploads\/2022\/01\/seasonless-15-18x10.jpg 18w\" sizes=\"(max-width: 1320px) 100vw, 1320px\" \/><\/a>\n\t\t<\/figure>\n\t<\/div>\n<div class=\"vc_empty_space\"   style=\"height: 32px\"><span class=\"vc_empty_space_inner\"><\/span><\/div><div class=\"norebro-text-sc\" \n\tid=\"norebro-custom-69f2cadbf02e1\" \n\t \n\t>\n\n\t<p style=\"text-align: center;\">Knox k\u00e4rnplagg, som anv\u00e4nds f\u00f6r varje \u00e5ktur och varje s\u00e4song. B\u00f6rja med grundskyddet och l\u00e4gg till lager f\u00f6r att anpassa dig och klara alla f\u00f6rh\u00e5llanden, fr\u00e5n outh\u00e4rdlig v\u00e4rme till h\u00e4llregn.<\/p>\n\t\n<\/div><div class=\"vc_empty_space\"   style=\"height: 32px\"><span class=\"vc_empty_space_inner\"><\/span><\/div><div class=\"norebro-button-sc btn-wrap text-center\" \n\tid=\"norebro-custom-69f2cadbf03ab\"\n\t \n\t>\n\n\t<a href=\"https:\/\/www.planet-knox.com\/sv\/seasonless-collection\/\" \n\t\tclass=\"btn  btn-outline\">\n\n\t\t\n\t\t\n\t\t<span class=\"text\">\n\t\t\tTa reda p\u00e5 mer\t\t<\/span>\n\n\t\t\n\t\t\n\t\t\t<\/a>\n\n<\/div><\/div><\/div><\/div><div class=\"wpb_column vc_column_container vc_col-sm-6\"><div class=\"vc_column-inner\"><div class=\"wpb_wrapper\"><div class=\"vc_separator wpb_content_element vc_separator_align_center vc_sep_width_100 vc_sep_pos_align_center vc_sep_color_grey wpb_content_element vc_separator-has-text\" ><span class=\"vc_sep_holder vc_sep_holder_l\"><span class=\"vc_sep_line\"><\/span><\/span><h4>BYXOR &amp; JEANS<\/h4><span class=\"vc_sep_holder vc_sep_holder_r\"><span class=\"vc_sep_line\"><\/span><\/span>\n<\/div><div class=\"vc_empty_space\"   style=\"height: 32px\"><span class=\"vc_empty_space_inner\"><\/span><\/div>\n\t<div  class=\"wpb_single_image wpb_content_element vc_align_center wpb_content_element wpb_animate_when_almost_visible wpb_fadeIn fadeIn\">\n\t\t\n\t\t<figure class=\"wpb_wrapper vc_figure\">\n\t\t\t<a href=\"https:\/\/www.planet-knox.com\/sv\/trousers-jeans\/\" target=\"_self\" class=\"vc_single_image-wrapper   vc_box_border_grey\"><img decoding=\"async\" width=\"1320\" height=\"743\" src=\"https:\/\/www.planet-knox.com\/wp-content\/uploads\/2022\/01\/seasonless-09.jpg\" class=\"vc_single_image-img attachment-full\" alt=\"\" title=\"s\u00e4songsl\u00f6s-09\" srcset=\"https:\/\/www.planet-knox.com\/wp-content\/uploads\/2022\/01\/seasonless-09.jpg 1320w, https:\/\/www.planet-knox.com\/wp-content\/uploads\/2022\/01\/seasonless-09-500x281.jpg 500w, https:\/\/www.planet-knox.com\/wp-content\/uploads\/2022\/01\/seasonless-09-768x432.jpg 768w, https:\/\/www.planet-knox.com\/wp-content\/uploads\/2022\/01\/seasonless-09-18x10.jpg 18w\" sizes=\"(max-width: 1320px) 100vw, 1320px\" \/><\/a>\n\t\t<\/figure>\n\t<\/div>\n<div class=\"vc_empty_space\"   style=\"height: 32px\"><span class=\"vc_empty_space_inner\"><\/span><\/div><div class=\"norebro-text-sc\" \n\tid=\"norebro-custom-69f2cadbf0d7f\" \n\t \n\t>\n\n\t<p>Knox byxor och jeans \u00e4r designade f\u00f6r att komplettera Knox s\u00e4songsl\u00f6sa kollektion och f\u00f6r att tilltala olika typer av ryttare i alla klimat.<\/p>\n\t\n<\/div><div class=\"vc_empty_space\"   style=\"height: 32px\"><span class=\"vc_empty_space_inner\"><\/span><\/div><div class=\"norebro-button-sc btn-wrap text-center\" \n\tid=\"norebro-custom-69f2cadbf0e6c\"\n\t \n\t>\n\n\t<a href=\"https:\/\/www.planet-knox.com\/sv\/trousers-jeans\/\" \n\t\tclass=\"btn  btn-outline\">\n\n\t\t\n\t\t\n\t\t<span class=\"text\">\n\t\t\tTa reda p\u00e5 mer\t\t<\/span>\n\n\t\t\n\t\t\n\t\t\t<\/a>\n\n<\/div><\/div><\/div><\/div><\/div><div class=\"vc_empty_space\"   style=\"height: 64px\"><span class=\"vc_empty_space_inner\"><\/span><\/div><\/div><\/div><\/div><\/div><div id=\"relatedproducts\" data-vc-full-width=\"true\" data-vc-full-width-init=\"false\" class=\"vc_row wpb_row vc_row-fluid gradient-container-3\"><div class=\"gradient-column-3 wpb_column vc_column_container vc_col-sm-12\"><div class=\"vc_column-inner\"><div class=\"wpb_wrapper\"><div class=\"norebro-heading-sc heading text-center\"\n\tid=\"norebro-custom-69f2cadbf146b\" \n\t \n\t>\n\t\n\t\n\t\n\t<h3 class=\"title\">\n\t\tRelaterade produkter\t<\/h3>\n\n\t\n\t\t\t<p class=\"subtitle\">\n\t\t\tBeh\u00f6ver du hj\u00e4lp med att v\u00e4lja produkter som passar bra ihop? Anv\u00e4nd livechatten eller mejla oss p\u00e5 <a href=\"mailto:sales@planet-knox.com\">sales@planet-knox.com<\/a>\t\t<\/p>\n\t\t\n<\/div><div class=\"vc_empty_space\"   style=\"height: 32px\"><span class=\"vc_empty_space_inner\"><\/span><\/div><div class=\"vc_separator wpb_content_element vc_separator_align_center vc_sep_width_100 vc_sep_pos_align_center vc_separator_no_text vc_sep_color_grey wpb_content_element  wpb_content_element\" ><span class=\"vc_sep_holder vc_sep_holder_l\"><span class=\"vc_sep_line\"><\/span><\/span><span class=\"vc_sep_holder vc_sep_holder_r\"><span class=\"vc_sep_line\"><\/span><\/span>\n<\/div><div class=\"vc_empty_space\"   style=\"height: 32px\"><span class=\"vc_empty_space_inner\"><\/span><\/div><div class=\"woocommerce columns-3\">\n<div class=\"vc_row\">\n\t<ul class=\"woo-products norebro-masonry\" data-lazy-container=\"products\">\n\n<li class=\"post-168709 product type-product status-publish has-post-thumbnail product_cat-sale product_cat-dualpro product_cat-shells product_cat-women product_cat-womens-motorcycle-jackets product_cat-womens-waterproof-textile-jackets product_tag-women pa_colour-green pa_easproj_hs6p_received-2784 pa_easproj_originating_country-cn pa_size-2xl pa_size-l pa_size-m pa_size-s pa_size-xl pa_size-xs first instock sale taxable shipping-taxable purchasable product-type-variable has-default-attributes\" data-product-item=\"true\" data-lazy-item=\"\" data-lazy-scope=\"products\">\n\t<div class=\"product-content trans-shadow\">\n\t\t<a href=\"https:\/\/www.planet-knox.com\/sv\/produkt\/womens-dual-pro-3-in-1-jacket-green\/\" class=\"static\">\n\t\t\t<div class=\"image-wrap\">\n\t\t\t\t\n\t<span class=\"woo-onsale brand-bg-color\">REA<\/span>\n\n\t\t\t\t<div class=\"noslide\">\n\t\t\t\t\n\t\t\t\t\t\n\t<span class=\"woo-onsale brand-bg-color\">REA<\/span>\n<img decoding=\"async\" width=\"650\" height=\"650\" src=\"https:\/\/www.planet-knox.com\/wp-content\/uploads\/2022\/01\/KNXDualProWomenGreen_16-650x650.jpg\" class=\"attachment-woocommerce_thumbnail size-woocommerce_thumbnail\" alt=\"Women&#039;s Dual Pro 3 in 1 Jacket\" srcset=\"https:\/\/www.planet-knox.com\/wp-content\/uploads\/2022\/01\/KNXDualProWomenGreen_16-650x650.jpg 650w, https:\/\/www.planet-knox.com\/wp-content\/uploads\/2022\/01\/KNXDualProWomenGreen_16-500x500.jpg 500w, https:\/\/www.planet-knox.com\/wp-content\/uploads\/2022\/01\/KNXDualProWomenGreen_16-1500x1500.jpg 1500w, https:\/\/www.planet-knox.com\/wp-content\/uploads\/2022\/01\/KNXDualProWomenGreen_16-768x768.jpg 768w, https:\/\/www.planet-knox.com\/wp-content\/uploads\/2022\/01\/KNXDualProWomenGreen_16-1536x1536.jpg 1536w, https:\/\/www.planet-knox.com\/wp-content\/uploads\/2022\/01\/KNXDualProWomenGreen_16-scaled.jpg 2048w, https:\/\/www.planet-knox.com\/wp-content\/uploads\/2022\/01\/KNXDualProWomenGreen_16-12x12.jpg 12w, https:\/\/www.planet-knox.com\/wp-content\/uploads\/2022\/01\/KNXDualProWomenGreen_16-200x200.jpg 200w, https:\/\/www.planet-knox.com\/wp-content\/uploads\/2022\/01\/KNXDualProWomenGreen_16-1920x1920.jpg 1920w\" sizes=\"(max-width: 650px) 100vw, 650px\" \/>\n\t\t\t\t<\/div>\n\n\t\t\t<\/div>\n\n\t\t<\/a><a href=\"https:\/\/www.planet-knox.com\/sv\/produkt\/womens-dual-pro-3-in-1-jacket-green\/\" aria-describedby=\"woocommerce_loop_add_to_cart_link_describedby_168709\" data-quantity=\"1\" class=\"btn btn-brand button product_type_variable add_to_cart_button\" data-product_id=\"168709\" data-product_sku=\"KNXDualProWomenGreen\" aria-label=\"V\u00e4lj alternativ f\u00f6r \u201dWomen&#039;s Dual Pro 3 in 1 Jacket\u201d\" rel=\"nofollow\" data-no-translation=\"\" data-trp-gettext=\"\" data-no-translation-aria-label=\"\">V\u00e4lj alternativ<\/a><span id=\"woocommerce_loop_add_to_cart_link_describedby_168709\" class=\"screen-reader-text\">\n\tDen h\u00e4r produkten har flera varianter. De olika alternativen kan v\u00e4ljas p\u00e5 produktsidan<\/span>\n<span class=\"gtm4wp_productdata\" style=\"display:none; visibility:hidden;\" data-gtm4wp_product_data=\"{&quot;internal_id&quot;:168709,&quot;item_id&quot;:&quot;KNXDualProWomenGreen&quot;,&quot;item_name&quot;:&quot;Women&#039;s Dual Pro 3 in 1 Jacket&quot;,&quot;sku&quot;:&quot;KNXDualProWomenGreen&quot;,&quot;price&quot;:169.99,&quot;stocklevel&quot;:1,&quot;stockstatus&quot;:&quot;instock&quot;,&quot;google_business_vertical&quot;:&quot;retail&quot;,&quot;item_category&quot;:&quot;Shells&quot;,&quot;id&quot;:&quot;KNXDualProWomenGreen&quot;,&quot;item_brand&quot;:&quot;Dual Pro&quot;,&quot;productlink&quot;:&quot;https:\\\/\\\/www.planet-knox.com\\\/sv\\\/produkt\\\/womens-dual-pro-3-in-1-jacket-green\\\/&quot;,&quot;item_list_name&quot;:&quot;General Product List&quot;,&quot;index&quot;:1,&quot;product_type&quot;:&quot;variable&quot;}\"><\/span>\t\t<div class=\"wc-product-title-wrap\">\n\t\t\t\t\t\n\t\t\t\t\t\n\t\t\t\t\t\n\t\t\t\t\t\n\t\t\t\t\t\n\t\t\t\t\t\n\t\t\t\t\t\t<h3>\n\t\t\t\t<a href=\"https:\/\/www.planet-knox.com\/sv\/produkt\/womens-dual-pro-3-in-1-jacket-green\/\" class=\"color-dark\">\n\t\t\t\t\tDual Pro 3 i 1-jacka f\u00f6r kvinnor&#039;s\t\t\t\t<\/a>\n\t\t\t<\/h3>\n\t\t\t<div class=\"price\">\n\t\t\t\t<span class=\"wcpbc-price wcpbc-price-168709\" data-product-id=\"168709\"><del aria-hidden=\"true\"><span data-product-vat=\"20\" class=\"woocommerce-Price-amount amount\"><span class=\"woocommerce-Price-currencySymbol\">\u00a3<\/span>239.99<\/span><\/del> <span class=\"screen-reader-text\" data-no-translation=\"\" data-trp-gettext=\"\">Det ursprungliga priset var: &pound;239.99.<\/span><ins aria-hidden=\"true\"><span data-product-vat=\"20\" class=\"woocommerce-Price-amount amount\"><span class=\"woocommerce-Price-currencySymbol\">\u00a3<\/span>169.99<\/span><\/ins><span class=\"screen-reader-text\" data-no-translation=\"\" data-trp-gettext=\"\">Det nuvarande priset \u00e4r: &pound;169.99.<\/span><\/span>\t\t\t<\/div>\n\t\t\t<div class=\"clear\"><\/div>\n\t\t<\/div>\n\t<\/div>\n<\/li>\n\t<\/ul>\n<\/div><\/div><div class=\"vc_empty_space\"   style=\"height: 32px\"><span class=\"vc_empty_space_inner\"><\/span><\/div><\/div><\/div><\/div><\/div><div class=\"vc_row-full-width vc_clearfix\"><\/div>\n<\/div>","protected":false},"excerpt":{"rendered":"<p>The Brittany Women\u2019s jeans are made with stretch 10oz Cordura\u00ae denim and are the lightest jeans in the Knox women\u2019s collection. \u00a0<strong>CE Approved to EN 17092-4 Class A<\/strong>, these jeans are seamlessly part lined on both the seat and the knees with a branded aramid fibre* for abrasion coverage. \u00a0This, in turn, is covered with lightweight stretch cotton. \u00a0This adds comfort, breathability and is naturally antibacterial. \u00a0They are carefully tailored for an impeccable high waisted relaxed skinny fit.<\/p>","protected":false},"featured_media":169995,"comment_status":"open","ping_status":"closed","template":"","meta":{"_acf_changed":false,"inline_featured_image":false},"product_brand":[],"product_cat":[2683],"product_tag":[518],"class_list":{"0":"post-139983","1":"product","2":"type-product","3":"status-publish","4":"has-post-thumbnail","6":"product_cat-sale","7":"product_tag-women","8":"pa_colour-blue","9":"pa_size-2xl","10":"pa_size-l","11":"pa_size-xl","12":"pa_size-xs","14":"first","15":"instock","16":"sale","17":"taxable","18":"shipping-taxable","19":"purchasable","20":"product-type-variable","21":"has-default-attributes"},"acf":[],"aioseo_notices":[],"gallery_images":[153821,153823,151901,151899,169993,169997,170003,170001,169999,169979,169981,169991],"_links":{"self":[{"href":"https:\/\/www.planet-knox.com\/sv\/wp-json\/wp\/v2\/product\/139983","targetHints":{"allow":["GET"]}}],"collection":[{"href":"https:\/\/www.planet-knox.com\/sv\/wp-json\/wp\/v2\/product"}],"about":[{"href":"https:\/\/www.planet-knox.com\/sv\/wp-json\/wp\/v2\/types\/product"}],"replies":[{"embeddable":true,"href":"https:\/\/www.planet-knox.com\/sv\/wp-json\/wp\/v2\/comments?post=139983"}],"wp:featuredmedia":[{"embeddable":true,"href":"https:\/\/www.planet-knox.com\/sv\/wp-json\/wp\/v2\/media\/169995"}],"wp:attachment":[{"href":"https:\/\/www.planet-knox.com\/sv\/wp-json\/wp\/v2\/media?parent=139983"}],"wp:term":[{"taxonomy":"product_brand","embeddable":true,"href":"https:\/\/www.planet-knox.com\/sv\/wp-json\/wp\/v2\/product_brand?post=139983"},{"taxonomy":"product_cat","embeddable":true,"href":"https:\/\/www.planet-knox.com\/sv\/wp-json\/wp\/v2\/product_cat?post=139983"},{"taxonomy":"product_tag","embeddable":true,"href":"https:\/\/www.planet-knox.com\/sv\/wp-json\/wp\/v2\/product_tag?post=139983"}],"curies":[{"name":"wp","href":"https:\/\/api.w.org\/{rel}","templated":true}]}}