{"id":703,"date":"2011-05-20T18:51:43","date_gmt":"2011-05-21T01:51:43","guid":{"rendered":"http:\/\/wpthemetestdata.wordpress.com\/?page_id=703"},"modified":"2025-01-10T15:29:18","modified_gmt":"2025-01-10T15:29:18","slug":"blog","status":"publish","type":"page","link":"https:\/\/www.planet-knox.com\/sv\/blog\/","title":{"rendered":"Blogg"},"content":{"rendered":"<div class=\"wpb-content-wrapper\"><div class=\"vc_row wpb_row vc_row-fluid gradient-container-1\"><div class=\"gradient-column-1 wpb_column vc_column_container vc_col-sm-12\"><div class=\"vc_column-inner\"><div class=\"wpb_wrapper\"><div class=\"norebro-heading-sc heading text-center\"\n\tid=\"norebro-custom-69e1ce0bd5a13\" \n\t \n\t>\n\t\n\t\n\t\n\t<h3 class=\"title\">\n\t\tKnox p\u00e5 sociala medier\t<\/h3>\n\n\t\n\t\t\t<p class=\"subtitle\">\n\t\t\tF\u00f6lj oss f\u00f6r de senaste nyheterna, filmerna, erbjudandena och produktreleaserna\t\t<\/p>\n\t\t\n<\/div>\n\t<div class=\"wpb_raw_code wpb_raw_html wpb_content_element\" >\n\t\t<div class=\"wpb_wrapper\">\n\t\t\t<div class=\"blogsocial\"><ul class=\"menu-other\">\n\n\t\t\n\t\t\t\t\n\t\n\t\t<li class=\"social\">\n\t\t\t\t\t\t\t\t<a href=\"https:\/\/www.facebook.com\/knoxarmour\" class=\"facebook\" target=\"_blank\"><i class=\"fa-facebook\"><\/i><\/a>\t\t\t\t\t\t\t\t<a href=\"https:\/\/www.instagram.com\/knoxarmour\" class=\"instagram\" target=\"_blank\"><i class=\"fa-instagram\"><\/i><\/a>\t\t\t\t\t\t\t\t<a href=\"https:\/\/www.twitter.com\/knoxarmour\" class=\"twitter\" target=\"_blank\"><i class=\"fa-twitter\"><\/i><\/a>\t\t\t\t\t\t\t\t<a href=\"https:\/\/www.youtube.com\/knoxarmour?sub_confirm=1\" class=\"youtube\" target=\"_blank\"><i class=\"fa-youtube\"><\/i><\/a>\t\t\t<\/li>\n\t<\/ul><\/div>\n\t\t<\/div>\n\t<\/div>\n<\/div><\/div><\/div><\/div><div class=\"vc_row wpb_row vc_row-fluid gradient-container-2\"><div class=\"gradient-column-2 wpb_column vc_column_container vc_col-sm-12\"><div class=\"vc_column-inner\"><div class=\"wpb_wrapper\"><div class=\"norebro-heading-sc heading text-center\"\n\tid=\"norebro-custom-69e1ce0bd5efa\" \n\t \n\t>\n\t\n\t\n\t\n\t<h3 class=\"title\">\n\t\tKnox Blogginl\u00e4gg\t<\/h3>\n\n\t\n\t\t\t<p class=\"subtitle\">\n\t\t\t\t\t<\/p>\n\t\t\n<\/div><div class=\"vc_empty_space\"   style=\"height: 32px\"><span class=\"vc_empty_space_inner\"><\/span><\/div><\/div><\/div><\/div><\/div><div class=\"vc_row wpb_row vc_row-fluid gradient-container-3\"><div class=\"gradient-column-3 wpb_column vc_column_container vc_col-sm-12\"><div class=\"vc_column-inner\"><div class=\"wpb_wrapper\"><div class=\"norebro-recent-posts-sc vc_row blog-posts-masonry\" \n\tid=\"norebro-custom-69e1ce0be0ae8\"\n\t \n\t>\n\n\t<div class=\"norebro-masonry\" data-lazy-container=\"posts\"><div class=\"vc_col-lg-6 vc_col-md-6 vc_col-sm-12 vc_col-xs-12 blog-post-masonry masonry-block post-offset norebro-card-wrapper grid-item\" data-lazy-item=\"\" data-lazy-scope=\"posts\"><div class=\"blog-grid grid-1 boxed\"  data-aos-once=\"&quot;true&quot;\" data-aos=\"&quot;fade-up&quot;\">\n\n\t<header>\n\t\t\t\t<a href=\"https:\/\/www.planet-knox.com\/sv\/5-takeaways-from-my-first-hard-enduro-event\/\">\n\t\t\t<img decoding=\"async\" src=\"https:\/\/www.planet-knox.com\/wp-content\/uploads\/2025\/06\/C8982.00_39_47_22.Still007-scaled.jpg\" alt=\"5 Takeaways from my first hard enduro event\">\n\t\t<\/a>\n\t\t\n\t\t\t\t<div class=\"tags\">\n\t\t\t\t\t\t\t<a class=\"tag brand-bg-color brand-border-color\" href=\"https:\/\/www.planet-knox.com\/sv\/news\/gear-reviews\/\">\n\t\t\t\t\tRecensioner av utrustning\t\t\t\t<\/a>\n\t\t\t\t\t\t\t<a class=\"tag brand-bg-color brand-border-color\" href=\"https:\/\/www.planet-knox.com\/sv\/news\/knox\/\">\n\t\t\t\t\tKnox\t\t\t\t<\/a>\n\t\t\t\t\t<\/div>\n\t\t\t<\/header>\n\n\t<div class=\"content\">\n\t\t<h3>\n\t\t\t\t\t\t<a href=\"https:\/\/www.planet-knox.com\/sv\/5-takeaways-from-my-first-hard-enduro-event\/\">\n\t\t\t\t5 l\u00e4rdomar fr\u00e5n min f\u00f6rsta h\u00e5rda endurot\u00e4vling\t\t\t<\/a>\n\t\t<\/h3>\n\t\t\n\t\t<p>Riding Hard Enduro has become an important part of the development work we do at KNOX. It\u2019s an environment where we can really push ourselves, the bikes and our&hellip;<\/p>\n\t<\/div>\n\n\t<footer>\n\t\t\t\t<span class=\"author\">KNOX<\/span>\n\t\t<strong>\u2014<\/strong>\n\t\t\t\t\t\t<span class=\"data\">10 juni 2025<\/span>\n\t\t\t<\/footer>\n\n<\/div>\n<div class=\"clear\"><\/div><\/div><div class=\"vc_col-lg-6 vc_col-md-6 vc_col-sm-12 vc_col-xs-12 blog-post-masonry masonry-block post-offset norebro-card-wrapper grid-item\" data-lazy-item=\"\" data-lazy-scope=\"posts\"><div class=\"blog-grid grid-1 boxed\"  data-aos-once=\"&quot;true&quot;\" data-aos=\"&quot;fade-up&quot;\">\n\n\t<header>\n\t\t\t\t<a href=\"https:\/\/www.planet-knox.com\/sv\/desert-riding-gear\/\">\n\t\t\t<img decoding=\"async\" src=\"https:\/\/www.planet-knox.com\/wp-content\/uploads\/2025\/04\/2025_YAM_Tenere_PRESS_EU_250407_5689TB_71-scaled.jpg\" alt=\"Desert Riding Gear\">\n\t\t<\/a>\n\t\t\n\t\t\t\t<div class=\"tags\">\n\t\t\t\t\t\t\t<a class=\"tag brand-bg-color brand-border-color\" href=\"https:\/\/www.planet-knox.com\/sv\/news\/gear-reviews\/\">\n\t\t\t\t\tRecensioner av utrustning\t\t\t\t<\/a>\n\t\t\t\t\t<\/div>\n\t\t\t<\/header>\n\n\t<div class=\"content\">\n\t\t<h3>\n\t\t\t\t\t\t<a href=\"https:\/\/www.planet-knox.com\/sv\/desert-riding-gear\/\">\n\t\t\t\tUtrustning f\u00f6r \u00f6kenridning\t\t\t<\/a>\n\t\t<\/h3>\n\t\t\n\t\t<p>Efter att nyligen ha \u00e5kt ut till den marockanska Agafay\u00f6knen f\u00f6r att prova den senaste Tenere 700 var det den perfekta milj\u00f6n f\u00f6r att testa de senaste produkterna fr\u00e5n Knox.<\/p>\n\t<\/div>\n\n\t<footer>\n\t\t\t\t<span class=\"author\">KNOX<\/span>\n\t\t<strong>\u2014<\/strong>\n\t\t\t\t\t\t<span class=\"data\">27 maj 2025<\/span>\n\t\t\t<\/footer>\n\n<\/div>\n<div class=\"clear\"><\/div><\/div><div class=\"vc_col-lg-6 vc_col-md-6 vc_col-sm-12 vc_col-xs-12 blog-post-masonry masonry-block post-offset norebro-card-wrapper grid-item\" data-lazy-item=\"\" data-lazy-scope=\"posts\"><div class=\"blog-grid grid-1 boxed\"  data-aos-once=\"&quot;true&quot;\" data-aos=\"&quot;fade-up&quot;\">\n\n\t<header>\n\t\t\t\t<a href=\"https:\/\/www.planet-knox.com\/sv\/2025-yamaha-tenere-700-and-700-rally\/\">\n\t\t\t<img decoding=\"async\" src=\"https:\/\/www.planet-knox.com\/wp-content\/uploads\/2025\/04\/2025_YAM_Tenere_PRESS_EU_250407_6076TB_71-scaled.jpg\" alt=\"2025 Yamaha T\u00e9n\u00e9r\u00e9 700 and T\u00e9n\u00e9r\u00e9 700 Rally  | Review from KNOX\">\n\t\t<\/a>\n\t\t\n\t\t\t\t<div class=\"tags\">\n\t\t\t\t\t\t\t<a class=\"tag brand-bg-color brand-border-color\" href=\"https:\/\/www.planet-knox.com\/sv\/news\/bike-reviews\/\">\n\t\t\t\t\tCykelrecensioner\t\t\t\t<\/a>\n\t\t\t\t\t<\/div>\n\t\t\t<\/header>\n\n\t<div class=\"content\">\n\t\t<h3>\n\t\t\t\t\t\t<a href=\"https:\/\/www.planet-knox.com\/sv\/2025-yamaha-tenere-700-and-700-rally\/\">\n\t\t\t\t2025 Yamaha T\u00e9n\u00e9r\u00e9 700 och T\u00e9n\u00e9r\u00e9 700 Rally | Recension fr\u00e5n KNOX\t\t\t<\/a>\n\t\t<\/h3>\n\t\t\n\t\t<p>Med en position som robust, p\u00e5litlig och tuff, och med en bred anv\u00e4ndargrupp av blivande rallyentusiaster, globetrotters och pendlare, har Yamaha ett stort intresse av att...<\/p>\n\t<\/div>\n\n\t<footer>\n\t\t\t\t<span class=\"author\">Knox<\/span>\n\t\t<strong>\u2014<\/strong>\n\t\t\t\t\t\t<span class=\"data\">28 april 2025<\/span>\n\t\t\t<\/footer>\n\n<\/div>\n<div class=\"clear\"><\/div><\/div><div class=\"vc_col-lg-6 vc_col-md-6 vc_col-sm-12 vc_col-xs-12 blog-post-masonry masonry-block post-offset norebro-card-wrapper grid-item\" data-lazy-item=\"\" data-lazy-scope=\"posts\"><div class=\"blog-grid grid-1 boxed\"  data-aos-once=\"&quot;true&quot;\" data-aos=\"&quot;fade-up&quot;\">\n\n\t<header>\n\t\t\t\t<a href=\"https:\/\/www.planet-knox.com\/sv\/i-would-have-lost-my-hand\/\">\n\t\t\t<img decoding=\"async\" src=\"https:\/\/www.planet-knox.com\/wp-content\/uploads\/2025\/02\/review.jpg\" alt=\"I would have lost my hand!\">\n\t\t<\/a>\n\t\t\n\t\t\t\t<div class=\"tags\">\n\t\t\t\t\t\t\t<a class=\"tag brand-bg-color brand-border-color\" href=\"https:\/\/www.planet-knox.com\/sv\/news\/gear-reviews\/\">\n\t\t\t\t\tRecensioner av utrustning\t\t\t\t<\/a>\n\t\t\t\t\t<\/div>\n\t\t\t<\/header>\n\n\t<div class=\"content\">\n\t\t<h3>\n\t\t\t\t\t\t<a href=\"https:\/\/www.planet-knox.com\/sv\/i-would-have-lost-my-hand\/\">\n\t\t\t\tJag skulle ha f\u00f6rlorat min hand!\t\t\t<\/a>\n\t\t<\/h3>\n\t\t\n\t\t<p>Som framg\u00e5r av m\u00e4rket p\u00e5 tanken har det g\u00e5tt 30 \u00e5r f\u00f6r Duke och 1390 \u00e4r den vildaste SuperDuke hittills, med mer kraft och b\u00e4ttre specifikationer \u00e4n n\u00e5gonsin tidigare.<\/p>\n\t<\/div>\n\n\t<footer>\n\t\t\t\t<span class=\"author\">Knox<\/span>\n\t\t<strong>\u2014<\/strong>\n\t\t\t\t\t\t<span class=\"data\">6 februari 2025<\/span>\n\t\t\t<\/footer>\n\n<\/div>\n<div class=\"clear\"><\/div><\/div><div class=\"vc_col-lg-6 vc_col-md-6 vc_col-sm-12 vc_col-xs-12 blog-post-masonry masonry-block post-offset norebro-card-wrapper grid-item\" data-lazy-item=\"\" data-lazy-scope=\"posts\"><div class=\"blog-grid grid-1 boxed\"  data-aos-once=\"&quot;true&quot;\" data-aos=\"&quot;fade-up&quot;\">\n\n\t<header>\n\t\t\t\t<a href=\"https:\/\/www.planet-knox.com\/sv\/the-ultimate-knox-gift-guide\/\">\n\t\t\t<img decoding=\"async\" src=\"https:\/\/www.planet-knox.com\/wp-content\/uploads\/2024\/12\/ultimate.jpg\" alt=\"The Ultimate Knox Gift Guide\">\n\t\t<\/a>\n\t\t\n\t\t\t\t<div class=\"tags\">\n\t\t\t\t\t\t\t<a class=\"tag brand-bg-color brand-border-color\" href=\"https:\/\/www.planet-knox.com\/sv\/news\/knox\/\">\n\t\t\t\t\tKnox\t\t\t\t<\/a>\n\t\t\t\t\t<\/div>\n\t\t\t<\/header>\n\n\t<div class=\"content\">\n\t\t<h3>\n\t\t\t\t\t\t<a href=\"https:\/\/www.planet-knox.com\/sv\/the-ultimate-knox-gift-guide\/\">\n\t\t\t\tDen ultimata presentguiden f\u00f6r Knox\t\t\t<\/a>\n\t\t<\/h3>\n\t\t\n\t\t<p>N\u00e4r det g\u00e4ller motorcykelutrustning vet f\u00f6rare att kvalitet och innovation inte \u00e4r f\u00f6rhandlingsbart. Oavsett om du tar dig an tuff terr\u00e4ng, er\u00f6vrar t\u00e4vlingsbanan,...<\/p>\n\t<\/div>\n\n\t<footer>\n\t\t\t\t<span class=\"author\">Knox<\/span>\n\t\t<strong>\u2014<\/strong>\n\t\t\t\t\t\t<span class=\"data\">6 december 2024<\/span>\n\t\t\t<\/footer>\n\n<\/div>\n<div class=\"clear\"><\/div><\/div><div class=\"vc_col-lg-6 vc_col-md-6 vc_col-sm-12 vc_col-xs-12 blog-post-masonry masonry-block post-offset norebro-card-wrapper grid-item\" data-lazy-item=\"\" data-lazy-scope=\"posts\"><div class=\"blog-grid grid-1 boxed\"  data-aos-once=\"&quot;true&quot;\" data-aos=\"&quot;fade-up&quot;\">\n\n\t<header>\n\t\t\t\t<a href=\"https:\/\/www.planet-knox.com\/sv\/the-ultimate-knox-gift-guide-perfect-presents-under-150\/\">\n\t\t\t<img decoding=\"async\" src=\"https:\/\/www.planet-knox.com\/wp-content\/uploads\/2024\/12\/cover-image-blog-listing.jpg\" alt=\"The Knox Gift Guide: Perfect Presents Under \u00a3150\">\n\t\t<\/a>\n\t\t\n\t\t\t\t<div class=\"tags\">\n\t\t\t\t\t\t\t<a class=\"tag brand-bg-color brand-border-color\" href=\"https:\/\/www.planet-knox.com\/sv\/news\/knox\/\">\n\t\t\t\t\tKnox\t\t\t\t<\/a>\n\t\t\t\t\t<\/div>\n\t\t\t<\/header>\n\n\t<div class=\"content\">\n\t\t<h3>\n\t\t\t\t\t\t<a href=\"https:\/\/www.planet-knox.com\/sv\/the-ultimate-knox-gift-guide-perfect-presents-under-150\/\">\n\t\t\t\tKnox presentguide: Perfekta presenter under 150 pund\t\t\t<\/a>\n\t\t<\/h3>\n\t\t\n\t\t<p>Julen n\u00e4rmar sig med stormsteg och vi har sammanst\u00e4llt v\u00e5r guide till de b\u00e4sta presenterna fr\u00e5n Knox-kollektionen f\u00f6r under \u00a350. Oavsett om du ska handla till...<\/p>\n\t<\/div>\n\n\t<footer>\n\t\t\t\t<span class=\"author\">Knox<\/span>\n\t\t<strong>\u2014<\/strong>\n\t\t\t\t\t\t<span class=\"data\">2 december 2024<\/span>\n\t\t\t<\/footer>\n\n<\/div>\n<div class=\"clear\"><\/div><\/div><div class=\"vc_col-lg-6 vc_col-md-6 vc_col-sm-12 vc_col-xs-12 blog-post-masonry masonry-block post-offset norebro-card-wrapper grid-item\" data-lazy-item=\"\" data-lazy-scope=\"posts\"><div class=\"blog-grid grid-1 boxed\"  data-aos-once=\"&quot;true&quot;\" data-aos=\"&quot;fade-up&quot;\">\n\n\t<header>\n\t\t\t\t<a href=\"https:\/\/www.planet-knox.com\/sv\/the-ultimate-knox-gift-guide-perfect-presents-under-50\/\">\n\t\t\t<img decoding=\"async\" src=\"https:\/\/www.planet-knox.com\/wp-content\/uploads\/2024\/11\/base_layers_KNXDualMax_4.jpg\" alt=\"The Knox Gift Guide: Perfect Presents Under \u00a350\">\n\t\t<\/a>\n\t\t\n\t\t\t\t<div class=\"tags\">\n\t\t\t\t\t\t\t<a class=\"tag brand-bg-color brand-border-color\" href=\"https:\/\/www.planet-knox.com\/sv\/news\/knox\/\">\n\t\t\t\t\tKnox\t\t\t\t<\/a>\n\t\t\t\t\t<\/div>\n\t\t\t<\/header>\n\n\t<div class=\"content\">\n\t\t<h3>\n\t\t\t\t\t\t<a href=\"https:\/\/www.planet-knox.com\/sv\/the-ultimate-knox-gift-guide-perfect-presents-under-50\/\">\n\t\t\t\tKnox presentguide: Perfekta presenter under 50 pund\t\t\t<\/a>\n\t\t<\/h3>\n\t\t\n\t\t<p>Julen n\u00e4rmar sig med stormsteg och vi har sammanst\u00e4llt v\u00e5r guide till de b\u00e4sta presenterna fr\u00e5n Knox-kollektionen f\u00f6r under \u00a350. Oavsett om du ska handla till...<\/p>\n\t<\/div>\n\n\t<footer>\n\t\t\t\t<span class=\"author\">Knox<\/span>\n\t\t<strong>\u2014<\/strong>\n\t\t\t\t\t\t<span class=\"data\">27 november 2024<\/span>\n\t\t\t<\/footer>\n\n<\/div>\n<div class=\"clear\"><\/div><\/div><div class=\"vc_col-lg-6 vc_col-md-6 vc_col-sm-12 vc_col-xs-12 blog-post-masonry masonry-block post-offset norebro-card-wrapper grid-item\" data-lazy-item=\"\" data-lazy-scope=\"posts\"><div class=\"blog-grid grid-1 boxed\"  data-aos-once=\"&quot;true&quot;\" data-aos=\"&quot;fade-up&quot;\">\n\n\t<header>\n\t\t\t\t<a href=\"https:\/\/www.planet-knox.com\/sv\/ktm-1390-superduke-r\/\">\n\t\t\t<img decoding=\"async\" src=\"https:\/\/www.planet-knox.com\/wp-content\/uploads\/2024\/10\/DSC05841-1.jpg\" alt=\"KTM 1390 Superduke R  | The review from KNOX\">\n\t\t<\/a>\n\t\t\n\t\t\t\t<div class=\"tags\">\n\t\t\t\t\t\t\t<a class=\"tag brand-bg-color brand-border-color\" href=\"https:\/\/www.planet-knox.com\/sv\/news\/bike-reviews\/\">\n\t\t\t\t\tCykelrecensioner\t\t\t\t<\/a>\n\t\t\t\t\t<\/div>\n\t\t\t<\/header>\n\n\t<div class=\"content\">\n\t\t<h3>\n\t\t\t\t\t\t<a href=\"https:\/\/www.planet-knox.com\/sv\/ktm-1390-superduke-r\/\">\n\t\t\t\tKTM 1390 Superduke R | Recension fr\u00e5n KNOX\t\t\t<\/a>\n\t\t<\/h3>\n\t\t\n\t\t<p>Som framg\u00e5r av m\u00e4rket p\u00e5 tanken har det g\u00e5tt 30 \u00e5r f\u00f6r Duke och 1390 \u00e4r den vildaste SuperDuke hittills, med mer kraft och b\u00e4ttre specifikationer \u00e4n n\u00e5gonsin tidigare.<\/p>\n\t<\/div>\n\n\t<footer>\n\t\t\t\t<span class=\"author\">Knox<\/span>\n\t\t<strong>\u2014<\/strong>\n\t\t\t\t\t\t<span class=\"data\">7 oktober 2024<\/span>\n\t\t\t<\/footer>\n\n<\/div>\n<div class=\"clear\"><\/div><\/div><div class=\"vc_col-lg-12 vc_col-md-12 vc_col-sm-12 vc_col-xs-12 blog-post-masonry masonry-block post-offset norebro-card-wrapper\" data-lazy-item=\"\" data-lazy-scope=\"posts\"><div class=\"blog-grid grid-1 boxed\"  data-aos-once=\"&quot;true&quot;\" data-aos=\"&quot;fade-up&quot;\">\n\n\t<header>\n\t\t\t\t<a href=\"https:\/\/www.planet-knox.com\/sv\/husqvarna-te300-pro-2024\/\">\n\t\t\t<img decoding=\"async\" src=\"https:\/\/www.planet-knox.com\/wp-content\/uploads\/2024\/03\/DSC03111.jpg\" alt=\"Husqvarna TE300 Pro 2024 | The review from KNOX\">\n\t\t<\/a>\n\t\t\n\t\t\t\t<div class=\"tags\">\n\t\t\t\t\t\t\t<a class=\"tag brand-bg-color brand-border-color\" href=\"https:\/\/www.planet-knox.com\/sv\/news\/bike-reviews\/\">\n\t\t\t\t\tCykelrecensioner\t\t\t\t<\/a>\n\t\t\t\t\t\t\t<a class=\"tag brand-bg-color brand-border-color\" href=\"https:\/\/www.planet-knox.com\/sv\/news\/knox\/\">\n\t\t\t\t\tKnox\t\t\t\t<\/a>\n\t\t\t\t\t<\/div>\n\t\t\t<\/header>\n\n\t<div class=\"content\">\n\t\t<h3>\n\t\t\t\t\t\t<a href=\"https:\/\/www.planet-knox.com\/sv\/husqvarna-te300-pro-2024\/\">\n\t\t\t\tHusqvarna TE300 Pro 2024 | Recension fr\u00e5n KNOX\t\t\t<\/a>\n\t\t<\/h3>\n\t\t\n\t\t<p>\u00c4nda sedan vi b\u00f6rjade k\u00f6ra Enduro p\u00e5 allvar har varenda m\u00e4nniska och hund sagt till oss att \"ni m\u00e5ste k\u00f6pa en 300 2-taktare\"... s\u00e5 till slut \u00e4r det vad vi har gjort. Den h\u00e4r...<\/p>\n\t<\/div>\n\n\t<footer>\n\t\t\t\t<span class=\"author\">Knox<\/span>\n\t\t<strong>\u2014<\/strong>\n\t\t\t\t\t\t<span class=\"data\">23 februari 2024<\/span>\n\t\t\t<\/footer>\n\n<\/div>\n<div class=\"clear\"><\/div><\/div><div class=\"vc_col-lg-12 vc_col-md-12 vc_col-sm-12 vc_col-xs-12 blog-post-masonry masonry-block post-offset norebro-card-wrapper\" data-lazy-item=\"\" data-lazy-scope=\"posts\"><div class=\"blog-grid grid-1 boxed\"  data-aos-once=\"&quot;true&quot;\" data-aos=\"&quot;fade-up&quot;\">\n\n\t<header>\n\t\t\t\t<a href=\"https:\/\/www.planet-knox.com\/sv\/ducati-multistrada-v4-rs-multistrada-v4s-grand-tour\/\">\n\t\t\t<img decoding=\"async\" src=\"https:\/\/www.planet-knox.com\/wp-content\/uploads\/2024\/03\/100_3072.jpg\" alt=\"Ducati Multistrada V4 RS &amp; Multistrada V4S Grand Tour | First ride review\">\n\t\t<\/a>\n\t\t\n\t\t\t\t<div class=\"tags\">\n\t\t\t\t\t\t\t<a class=\"tag brand-bg-color brand-border-color\" href=\"https:\/\/www.planet-knox.com\/sv\/news\/bike-reviews\/\">\n\t\t\t\t\tCykelrecensioner\t\t\t\t<\/a>\n\t\t\t\t\t\t\t<a class=\"tag brand-bg-color brand-border-color\" href=\"https:\/\/www.planet-knox.com\/sv\/news\/knox\/\">\n\t\t\t\t\tKnox\t\t\t\t<\/a>\n\t\t\t\t\t<\/div>\n\t\t\t<\/header>\n\n\t<div class=\"content\">\n\t\t<h3>\n\t\t\t\t\t\t<a href=\"https:\/\/www.planet-knox.com\/sv\/ducati-multistrada-v4-rs-multistrada-v4s-grand-tour\/\">\n\t\t\t\tDucati Multistrada V4 RS &amp; Multistrada V4S Grand Tour | Testk\u00f6rning\t\t\t<\/a>\n\t\t<\/h3>\n\t\t\n\t\t<p>Vi presenterar de senaste toppmodellerna av Ducati Multistrada, V4rs och V4s Grand Tour. Adam Child \"Chad\" fl\u00f6g ut till Italien f\u00f6r att prova varorna.<\/p>\n\t<\/div>\n\n\t<footer>\n\t\t\t\t<span class=\"author\">Knox<\/span>\n\t\t<strong>\u2014<\/strong>\n\t\t\t\t\t\t<span class=\"data\">3 januari 2024<\/span>\n\t\t\t<\/footer>\n\n<\/div>\n<div class=\"clear\"><\/div><\/div><div class=\"vc_col-lg-12 vc_col-md-12 vc_col-sm-12 vc_col-xs-12 blog-post-masonry masonry-block post-offset norebro-card-wrapper\" data-lazy-item=\"\" data-lazy-scope=\"posts\"><div class=\"blog-grid grid-1 boxed\"  data-aos-once=\"&quot;true&quot;\" data-aos=\"&quot;fade-up&quot;\">\n\n\t<header>\n\t\t\t\t<a href=\"https:\/\/www.planet-knox.com\/sv\/royal-enfield-himalayan-450-review\/\">\n\t\t\t<img decoding=\"async\" src=\"https:\/\/www.planet-knox.com\/wp-content\/uploads\/2024\/03\/22A5415.jpg\" alt=\"Royal Enfield Himalayan 450 review from the world launch | KNOX Armour\">\n\t\t<\/a>\n\t\t\n\t\t\t\t<div class=\"tags\">\n\t\t\t\t\t\t\t<a class=\"tag brand-bg-color brand-border-color\" href=\"https:\/\/www.planet-knox.com\/sv\/news\/bike-reviews\/\">\n\t\t\t\t\tCykelrecensioner\t\t\t\t<\/a>\n\t\t\t\t\t\t\t<a class=\"tag brand-bg-color brand-border-color\" href=\"https:\/\/www.planet-knox.com\/sv\/news\/knox\/\">\n\t\t\t\t\tKnox\t\t\t\t<\/a>\n\t\t\t\t\t<\/div>\n\t\t\t<\/header>\n\n\t<div class=\"content\">\n\t\t<h3>\n\t\t\t\t\t\t<a href=\"https:\/\/www.planet-knox.com\/sv\/royal-enfield-himalayan-450-review\/\">\n\t\t\t\tRoyal Enfield Himalayan 450 recension fr\u00e5n v\u00e4rldslanseringen | KNOX Armour\t\t\t<\/a>\n\t\t<\/h3>\n\t\t\n\t\t<p>Chad fl\u00f6g ut till det otroliga indiska Himalaya f\u00f6r att k\u00f6ra... du gissade r\u00e4tt, den nya Royal Enfield Himalayan 450.<\/p>\n\t<\/div>\n\n\t<footer>\n\t\t\t\t<span class=\"author\">Knox<\/span>\n\t\t<strong>\u2014<\/strong>\n\t\t\t\t\t\t<span class=\"data\">14 december 2023<\/span>\n\t\t\t<\/footer>\n\n<\/div>\n<div class=\"clear\"><\/div><\/div><div class=\"vc_col-lg-12 vc_col-md-12 vc_col-sm-12 vc_col-xs-12 blog-post-masonry masonry-block post-offset norebro-card-wrapper\" data-lazy-item=\"\" data-lazy-scope=\"posts\"><div class=\"blog-grid grid-1 boxed\"  data-aos-once=\"&quot;true&quot;\" data-aos=\"&quot;fade-up&quot;\">\n\n\t<header>\n\t\t\t\t<a href=\"https:\/\/www.planet-knox.com\/sv\/ktm-790-duke\/\">\n\t\t\t<img decoding=\"async\" src=\"https:\/\/www.planet-knox.com\/wp-content\/uploads\/2024\/03\/20230918_173954-scaled.jpg\" alt=\"KTM 790 Duke | The review from KNOX\">\n\t\t<\/a>\n\t\t\n\t\t\t\t<div class=\"tags\">\n\t\t\t\t\t\t\t<a class=\"tag brand-bg-color brand-border-color\" href=\"https:\/\/www.planet-knox.com\/sv\/news\/bike-reviews\/\">\n\t\t\t\t\tCykelrecensioner\t\t\t\t<\/a>\n\t\t\t\t\t\t\t<a class=\"tag brand-bg-color brand-border-color\" href=\"https:\/\/www.planet-knox.com\/sv\/news\/knox\/\">\n\t\t\t\t\tKnox\t\t\t\t<\/a>\n\t\t\t\t\t<\/div>\n\t\t\t<\/header>\n\n\t<div class=\"content\">\n\t\t<h3>\n\t\t\t\t\t\t<a href=\"https:\/\/www.planet-knox.com\/sv\/ktm-790-duke\/\">\n\t\t\t\tKTM 790 Duke | Recension fr\u00e5n KNOX\t\t\t<\/a>\n\t\t<\/h3>\n\t\t\n\t\t<p>F\u00f6r n\u00e5gra m\u00e5nader sedan bes\u00f6kte vi KTM UK f\u00f6r ett 2-dagars pressevenemang som \u00e4gnade sig \u00e5t att prova deras 790-plattformsmotorcyklar, KTM 790 Duke och KTM 790 Adventure.<\/p>\n\t<\/div>\n\n\t<footer>\n\t\t\t\t<span class=\"author\">Knox<\/span>\n\t\t<strong>\u2014<\/strong>\n\t\t\t\t\t\t<span class=\"data\">7 december 2023<\/span>\n\t\t\t<\/footer>\n\n<\/div>\n<div class=\"clear\"><\/div><\/div><\/div><nav class=\"pagination text-left\"><ul><li><a href=\"https:\/\/www.planet-knox.com\/sv\/wp-json\/wp\/v2\/pages\/703\/\" class=\"hover-underline page-numbers active\">1<\/a><\/li><li><a href=\"https:\/\/www.planet-knox.com\/sv\/wp-json\/wp\/v2\/pages\/703\/page\/2\/\" class=\"hover-underline page-numbers\">2<\/a><\/li><li><a href=\"https:\/\/www.planet-knox.com\/sv\/wp-json\/wp\/v2\/pages\/703\/page\/3\/\" class=\"hover-underline page-numbers\">3<\/a><\/li><li><span class=\"page-numbers\">...<\/span><\/li><li><a href=\"https:\/\/www.planet-knox.com\/sv\/wp-json\/wp\/v2\/pages\/703\/page\/8\/\" class=\"hover-underline page-numbers\">8<\/a><\/li><li><a href=\"https:\/\/www.planet-knox.com\/sv\/wp-json\/wp\/v2\/pages\/703\/page\/2\/\" class=\"next hover-underline page-numbers\">Next <span class=\"icon-right ion-android-arrow-forward\"><\/span><\/a><\/li><\/ul><\/nav>\t\n<\/div><\/div><\/div><\/div><\/div>\n<\/div>","protected":false},"excerpt":{"rendered":"KTM 790 Duke | The review Knox Review PUBLISHED: December 7th, 2024 A few months ago, we visited KTM UK for a 2 day press event dedicating to sampling their 790 platform motorcycles, The KTM 790 Duke and the KTM 790 Adventure. Check out our...","protected":false},"author":1,"featured_media":229929,"parent":0,"menu_order":0,"comment_status":"open","ping_status":"closed","template":"","meta":{"_acf_changed":false,"inline_featured_image":false,"footnotes":""},"class_list":["post-703","page","type-page","status-publish","has-post-thumbnail","hentry"],"acf":[],"aioseo_notices":[],"_links":{"self":[{"href":"https:\/\/www.planet-knox.com\/sv\/wp-json\/wp\/v2\/pages\/703","targetHints":{"allow":["GET"]}}],"collection":[{"href":"https:\/\/www.planet-knox.com\/sv\/wp-json\/wp\/v2\/pages"}],"about":[{"href":"https:\/\/www.planet-knox.com\/sv\/wp-json\/wp\/v2\/types\/page"}],"author":[{"embeddable":true,"href":"https:\/\/www.planet-knox.com\/sv\/wp-json\/wp\/v2\/users\/1"}],"replies":[{"embeddable":true,"href":"https:\/\/www.planet-knox.com\/sv\/wp-json\/wp\/v2\/comments?post=703"}],"version-history":[{"count":0,"href":"https:\/\/www.planet-knox.com\/sv\/wp-json\/wp\/v2\/pages\/703\/revisions"}],"wp:featuredmedia":[{"embeddable":true,"href":"https:\/\/www.planet-knox.com\/sv\/wp-json\/wp\/v2\/media\/229929"}],"wp:attachment":[{"href":"https:\/\/www.planet-knox.com\/sv\/wp-json\/wp\/v2\/media?parent=703"}],"curies":[{"name":"wp","href":"https:\/\/api.w.org\/{rel}","templated":true}]}}