{"id":154909,"date":"2021-03-08T13:07:17","date_gmt":"2021-03-08T13:07:17","guid":{"rendered":"https:\/\/www.planet-knox.com\/?page_id=154909"},"modified":"2025-02-04T10:17:42","modified_gmt":"2025-02-04T10:17:42","slug":"career-cv-upload","status":"publish","type":"page","link":"https:\/\/www.planet-knox.com\/sv\/career-cv-upload\/","title":{"rendered":"Join the Team &#8211; Upload CV"},"content":{"rendered":"<div class=\"wpb-content-wrapper\"><div class=\"vc_row wpb_row vc_row-fluid gradient-container-1\"><div class=\"gradient-column-1 wpb_column vc_column_container vc_col-sm-12\"><div class=\"vc_column-inner\"><div class=\"wpb_wrapper\"><div class=\"vc_row wpb_row vc_inner vc_row-fluid\"><div class=\"wpb_column vc_column_container vc_col-sm-8\"><div class=\"vc_column-inner vc_custom_1615203489660\"><div class=\"wpb_wrapper\"><div class=\"norebro-heading-sc heading text-left\"\n\tid=\"norebro-custom-69e35da3a05dd\" \n\t \n\t>\n\t\n\t\n\t\n\t<h3 class=\"title\">\n\t\tBli en del av Knox-teamet\t<\/h3>\n\n\t\n\t\t\t<p class=\"subtitle\">\n\t\t\t(*) Anger att f\u00e4ltet \u00e4r obligatoriskt. Du m\u00e5ste skicka in b\u00e5de CV och personligt brev f\u00f6r att kunna skicka in din ans\u00f6kan.\t\t<\/p>\n\t\t\n<\/div><div class=\"vc_separator wpb_content_element vc_separator_align_center vc_sep_width_100 vc_sep_pos_align_center vc_separator_no_text vc_sep_color_grey wpb_content_element  wpb_content_element\" ><span class=\"vc_sep_holder vc_sep_holder_l\"><span class=\"vc_sep_line\"><\/span><\/span><span class=\"vc_sep_holder vc_sep_holder_r\"><span class=\"vc_sep_line\"><\/span><\/span>\n<\/div><div class=\"norebro-contact-from-sc contact-form  text-left flat\"\n\tid=\"norebro-custom-69e35da3a0888\" \n\t \n\t>\n\n\t\n<div class=\"wpcf7 no-js\" id=\"wpcf7-f154913-o1\" lang=\"en-US\" dir=\"ltr\" data-wpcf7-id=\"154913\">\n<div class=\"screen-reader-response\"><p role=\"status\" aria-live=\"polite\" aria-atomic=\"true\"><\/p> <ul><\/ul><\/div>\n<form action=\"\/sv\/wp-json\/wp\/v2\/pages\/154909#wpcf7-f154913-o1\" method=\"post\" class=\"wpcf7-form init\" aria-label=\"Contact form\" enctype=\"multipart\/form-data\" novalidate=\"novalidate\" data-status=\"init\" data-trp-original-action=\"\/sv\/wp-json\/wp\/v2\/pages\/154909#wpcf7-f154913-o1\">\n<fieldset class=\"hidden-fields-container\"><input type=\"hidden\" name=\"_wpcf7\" value=\"154913\" \/><input type=\"hidden\" name=\"_wpcf7_version\" value=\"6.1.5\" \/><input type=\"hidden\" name=\"_wpcf7_locale\" value=\"en_US\" \/><input type=\"hidden\" name=\"_wpcf7_unit_tag\" value=\"wpcf7-f154913-o1\" \/><input type=\"hidden\" name=\"_wpcf7_container_post\" value=\"0\" \/><input type=\"hidden\" name=\"_wpcf7_posted_data_hash\" value=\"\" \/>\n<\/fieldset>\n<div class=\"row\">\n\t<p><label>Fullst\u00e4ndigt namn*<\/label>\n\t<\/p>\n\t<div class=\"col-xs-12 col-sm-4\">\n\t\t<p><span class=\"wpcf7-form-control-wrap\" data-name=\"your-name\"><input size=\"40\" maxlength=\"400\" class=\"wpcf7-form-control wpcf7-text wpcf7-validates-as-required\" aria-required=\"true\" aria-invalid=\"false\" placeholder=\"Ditt namn\" value=\"\" type=\"text\" name=\"your-name\" \/><\/span>\n\t\t<\/p>\n\t<\/div>\n\t<div class=\"col-xs-12 col-sm-4\">\n\t\t<p><label>E-post*<\/label><br \/>\n<span class=\"wpcf7-form-control-wrap\" data-name=\"your-email\"><input size=\"40\" maxlength=\"400\" class=\"wpcf7-form-control wpcf7-email wpcf7-validates-as-required wpcf7-text wpcf7-validates-as-email\" aria-required=\"true\" aria-invalid=\"false\" placeholder=\"Din e-postadress*\" value=\"\" type=\"email\" name=\"your-email\" \/><\/span>\n\t\t<\/p>\n\t<\/div>\n\t<div class=\"col-xs-12 col-sm-4\">\n\t\t<p><label>Telefon nummer*<\/label><br \/>\n<span class=\"wpcf7-form-control-wrap\" data-name=\"tel-469\"><input size=\"40\" maxlength=\"400\" class=\"wpcf7-form-control wpcf7-tel wpcf7-validates-as-required wpcf7-text wpcf7-validates-as-tel\" aria-required=\"true\" aria-invalid=\"false\" placeholder=\"Din telefon\" value=\"\" type=\"tel\" name=\"tel-469\" \/><\/span>\n\t\t<\/p>\n\t<\/div>\n<\/div>\n<div class=\"row\">\n\t<p><label>Adress<\/label>\n\t<\/p>\n\t<div class=\"col-xs-12\">\n\t\t<p><span class=\"wpcf7-form-control-wrap\" data-name=\"textarea-235\"><textarea cols=\"40\" rows=\"10\" maxlength=\"2000\" class=\"wpcf7-form-control wpcf7-textarea wpcf7-validates-as-required\" aria-required=\"true\" aria-invalid=\"false\" placeholder=\"Din adress\" name=\"textarea-235\"><\/textarea><\/span>\n\t\t<\/p>\n\t<\/div>\n\t<div class=\"col-xs-12 col-sm-4\">\n\t\t<p><label>Roll som du s\u00f6ker*<\/label><br \/>\n<span class=\"wpcf7-form-control-wrap\" data-name=\"menu-737\"><select class=\"wpcf7-form-control wpcf7-select wpcf7-validates-as-required\" aria-required=\"true\" aria-invalid=\"false\" name=\"menu-737\"><option value=\"Technical Product and Accessories Designer\">Technical Product and Accessories Designer<\/option><\/select><\/span>\n\t\t<\/p>\n\t<\/div>\n<\/div>\n<div class=\"col-xs-12 col-sm-4\">\n\t<p><label>Bifoga CV*<\/label><br \/>\n<span class=\"wpcf7-form-control-wrap\" data-name=\"file-765\"><input size=\"40\" class=\"wpcf7-form-control wpcf7-file wpcf7-validates-as-required\" accept=\".jpg,.gif,.pdf,.doc,.docx\" aria-required=\"true\" aria-invalid=\"false\" type=\"file\" name=\"file-765\" \/><\/span>\n\t<\/p>\n<\/div>\n<div class=\"col-xs-12 col-sm-4\">\n\t<p><label>Bifoga personligt brev*<\/label><br \/>\n<span class=\"wpcf7-form-control-wrap\" data-name=\"file-766\"><input size=\"40\" class=\"wpcf7-form-control wpcf7-file wpcf7-validates-as-required\" accept=\".jpg,.gif,.pdf,.doc,.docx\" aria-required=\"true\" aria-invalid=\"false\" type=\"file\" name=\"file-766\" \/><\/span>\n\t<\/p>\n<\/div>\n<div class=\"col-xs-12 col-sm-4\">\n\t<p><label>Attach Portfolio (Add to additional comments if portfolio is online)<\/label><br \/>\n<span class=\"wpcf7-form-control-wrap\" data-name=\"file-11866\"><input size=\"40\" class=\"wpcf7-form-control wpcf7-file\" accept=\".jpg,.gif,.pdf,.doc,.docx\" aria-invalid=\"false\" type=\"file\" name=\"file-11866\" \/><\/span>\n\t<\/p>\n<\/div>\n<div class=\"row\">\n\t<div class=\"col-xs-12\" style=\"width: 100%;\">\n\t\t<p><label>Har du n\u00e5got att till\u00e4gga?<\/label><br \/>\n<span class=\"wpcf7-form-control-wrap\" data-name=\"your-message\"><textarea cols=\"40\" rows=\"10\" maxlength=\"2000\" class=\"wpcf7-form-control wpcf7-textarea\" aria-invalid=\"false\" placeholder=\"Ytterligare kommentarer\" name=\"your-message\"><\/textarea><\/span>\n\t\t<\/p>\n\t<\/div>\n<\/div>\n<p><label> Svar p\u00e5 fr\u00e5ga<br \/>\n<span class=\"wpcf7-form-control-wrap\" data-name=\"mathquiz\"><label><span class=\"wpcf7-quiz-label\">6+2=?<\/span> <input size=\"40\" class=\"wpcf7-form-control wpcf7-quiz\" autocomplete=\"off\" aria-required=\"true\" aria-invalid=\"false\" type=\"text\" name=\"mathquiz\" \/><\/label><input type=\"hidden\" name=\"_wpcf7_quiz_answer_mathquiz\" value=\"b71d4ec86148ad29fbc12bd9da9228cd\" \/><\/span><\/label>\n<\/p>\n<div class=\"row\">\n\t<p><input class=\"wpcf7-form-control wpcf7-submit has-spinner\" type=\"submit\" value=\"Skicka ans\u00f6kan\" \/>\n\t<\/p>\n<\/div><div class=\"wpcf7-response-output\" aria-hidden=\"true\"><\/div>\n<input type=\"hidden\" name=\"trp-form-language\" value=\"sv\"\/><\/form>\n<\/div>\n\n\t<div class=\"hidden\" data-contact-btn=\"true\">\n\t\t<button class=\"btn  btn-brand\">\n\t\t\t<span class=\"btn-load\"><\/span>\n\t\t\t<span class=\"text\"><\/span>\n\t\t<\/button>\n\t<\/div>\n<\/div><\/div><\/div><\/div><div class=\"wpb_column vc_column_container vc_col-sm-4 vc_col-has-fill\"><div class=\"vc_column-inner vc_custom_1615204638287\"><div class=\"wpb_wrapper\"><div class=\"norebro-heading-sc heading text-center\"\n\tid=\"norebro-custom-69e35da3a86e7\" \n\t \n\t>\n\t\n\t\n\t\n\t<h3 class=\"title\">\n\t\tKnox Karri\u00e4r\t<\/h3>\n\n\t\n\t\t\t<p class=\"subtitle\">\n\t\t\t<strong>1<\/strong> position currently being recruited for\t\t<\/p>\n\t\t\n<\/div><div class=\"vc_separator wpb_content_element vc_separator_align_center vc_sep_width_100 vc_sep_pos_align_center vc_separator_no_text vc_sep_color_grey vc_custom_1615208763975 wpb_content_element  vc_custom_1615208763975 wpb_content_element\" ><span class=\"vc_sep_holder vc_sep_holder_l\"><span class=\"vc_sep_line\"><\/span><\/span><span class=\"vc_sep_holder vc_sep_holder_r\"><span class=\"vc_sep_line\"><\/span><\/span>\n<\/div><div class=\"norebro-button-sc btn-wrap text-left\" \n\tid=\"norebro-custom-69e35da3a8952\"\n\t \n\t>\n\n\t<a href=\"https:\/\/www.planet-knox.com\/sv\/knox-careers\/technical-product-and-accessories-designer\/\" \n\t\tclass=\"btn  full-width\">\n\n\t\t\n\t\t\n\t\t<span class=\"text\">\n\t\t\tSe alla befattningar\t\t<\/span>\n\n\t\t\n\t\t\n\t\t\t<\/a>\n\n<\/div><\/div><\/div><\/div><\/div><div class=\"vc_empty_space\"   style=\"height: 65px\"><span class=\"vc_empty_space_inner\"><\/span><\/div><div class=\"vc_separator wpb_content_element vc_separator_align_center vc_sep_width_100 vc_sep_pos_align_center vc_separator_no_text vc_sep_color_grey wpb_content_element  wpb_content_element\" ><span class=\"vc_sep_holder vc_sep_holder_l\"><span class=\"vc_sep_line\"><\/span><\/span><span class=\"vc_sep_holder vc_sep_holder_r\"><span class=\"vc_sep_line\"><\/span><\/span>\n<\/div><div class=\"vc_empty_space\"   style=\"height: 65px\"><span class=\"vc_empty_space_inner\"><\/span><\/div><\/div><\/div><\/div><\/div>\n<\/div>","protected":false},"excerpt":{"rendered":"Join the Knox Team (*) Denotes a required field. You must submit both a CV and Cover Letter for this form to submit your application. Full Name* Email* Phone Number* Address* Role Applying For* Technical Product and Accessories Designer Attach Resume* Attach Cover Letter* Attach...","protected":false},"author":1,"featured_media":0,"parent":0,"menu_order":0,"comment_status":"closed","ping_status":"closed","template":"","meta":{"_acf_changed":false,"inline_featured_image":false,"footnotes":""},"class_list":["post-154909","page","type-page","status-publish","hentry"],"acf":[],"aioseo_notices":[],"_links":{"self":[{"href":"https:\/\/www.planet-knox.com\/sv\/wp-json\/wp\/v2\/pages\/154909","targetHints":{"allow":["GET"]}}],"collection":[{"href":"https:\/\/www.planet-knox.com\/sv\/wp-json\/wp\/v2\/pages"}],"about":[{"href":"https:\/\/www.planet-knox.com\/sv\/wp-json\/wp\/v2\/types\/page"}],"author":[{"embeddable":true,"href":"https:\/\/www.planet-knox.com\/sv\/wp-json\/wp\/v2\/users\/1"}],"replies":[{"embeddable":true,"href":"https:\/\/www.planet-knox.com\/sv\/wp-json\/wp\/v2\/comments?post=154909"}],"version-history":[{"count":0,"href":"https:\/\/www.planet-knox.com\/sv\/wp-json\/wp\/v2\/pages\/154909\/revisions"}],"wp:attachment":[{"href":"https:\/\/www.planet-knox.com\/sv\/wp-json\/wp\/v2\/media?parent=154909"}],"curies":[{"name":"wp","href":"https:\/\/api.w.org\/{rel}","templated":true}]}}