{"id":142224,"date":"2020-06-16T09:27:40","date_gmt":"2020-06-16T09:27:40","guid":{"rendered":"https:\/\/www.planet-knox.com\/?page_id=142224"},"modified":"2024-07-11T08:27:37","modified_gmt":"2024-07-11T08:27:37","slug":"world-returns","status":"publish","type":"page","link":"https:\/\/www.planet-knox.com\/sv\/product-returns\/world-returns\/","title":{"rendered":"V\u00e4rldens avkastning"},"content":{"rendered":"<div class=\"wpb-content-wrapper\"><div class=\"vc_row wpb_row vc_row-fluid gradient-container-1\"><div class=\"gradient-column-1 wpb_column vc_column_container vc_col-sm-12\"><div class=\"vc_column-inner\"><div class=\"wpb_wrapper\">\n<div class=\"norebro-message-module-sc message-box  error messagemodule\"\n\tid=\"norebro-custom-69e38cc576e8c\" \n\t \n\t>\n\t\n\tPLEASE NOTE: This is to return or exchange products we have shipped to you within the last 30 days, that have not been used.<br\/><strong>OM DU HAR ETT GARANTI\u00c4RENDE KAN ANV\u00c4NDNINGEN AV DETTA SYSTEM F\u00d6RDR\u00d6JA GARANTIPROCESSEN.<\/strong> Om du har ett garantianspr\u00e5k ska du anv\u00e4nda garantiformul\u00e4ret.\n\t\t\t<a href=\"https:\/\/www.planet-knox.com\/sv\/warranty-request\/\"\t>\n\t\t\tKnox garantiformul\u00e4r\t\t<\/a>\n\t\n\t\t\t<div class=\"close\">\n\t\t\t<span class=\"ion-ios-close-empty\"><\/span>\n\t\t<\/div>\n\t\n<\/div>\n\n<\/div><\/div><\/div><\/div><div class=\"vc_row wpb_row vc_row-fluid gradient-container-2 vc_row-o-content-top vc_row-flex\"><div class=\"gradient-column-2 wpb_column vc_column_container vc_col-sm-12\"><div class=\"vc_column-inner\"><div class=\"wpb_wrapper\"><div class=\"vc_row wpb_row vc_inner vc_row-fluid\"><div class=\"wpb_column vc_column_container vc_col-sm-12\"><div class=\"vc_column-inner\"><div class=\"wpb_wrapper\"><div class=\"vc_empty_space\"   style=\"height: 32px\"><span class=\"vc_empty_space_inner\"><\/span><\/div><div class=\"norebro-heading-sc heading text-center\"\n\tid=\"norebro-custom-69e38cc57765c\" \n\t \n\t>\n\t\n\t\n\t\n\t<h3 class=\"title\">\n\t\tReturnera din produkt\t<\/h3>\n\n\t\n\t\t\t<p class=\"subtitle\">\n\t\t\t\t\t<\/p>\n\t\t\n<\/div><div class=\"norebro-text-sc\" \n\tid=\"norebro-custom-69e38cc577728\" \n\t \n\t>\n\n\t<p style=\"text-align: center;\">Vi beklagar att du beh\u00f6ver returnera en Knox-produkt till oss, men vi ska f\u00f6rs\u00f6ka g\u00f6ra det s\u00e5 sm\u00e4rtfritt som m\u00f6jligt.<\/p>\n\t\n<\/div><div class=\"vc_empty_space\"   style=\"height: 32px\"><span class=\"vc_empty_space_inner\"><\/span><\/div><\/div><\/div><\/div><\/div><div class=\"norebro-accordion-s\u0441 accordion-box\" \n\tid=\"norebro-custom-69e38cc577840\"\n\tdata-norebro-accordion=\"0\"\n\t \n\t>\n\n\t<div id=\"1670939355589-f20bd553-db0f\" class=\"item\">\n\t\n\t<div class=\"title\">\n\t\t\t\t<h4>1. Skicka ett e-postmeddelande till oss med din avsikt att byta\/returnera<\/h4>\n\t\t<div class=\"control\">\n\t\t\t<span class=\"ion-plus\"><\/span>\n\t\t<\/div>\n\t<\/div>\n\n\t<div class=\"content\">\n\t\t<div class=\"wrap\">\n\t\t\t<ul>\n<li><a href=\"\/sv\/worldwide-return-exchange\/\"><strong>KLICKA H\u00c4R<\/strong><\/a> (\u00d6ppnas i nytt f\u00f6nster) f\u00f6r att meddela oss din beg\u00e4ran om att returnera\/byta ut en produkt.<\/li>\n<li>Vi kommer d\u00e5 att svara och f\u00f6rse dig med den dokumentation som beh\u00f6vs f\u00f6r att produkterna ska kunna returneras s\u00e4kert genom tullen.\u00a0<strong>Vanligtvis inom 72 timmar.<\/strong><\/li>\n<\/ul>\n\t\t<\/div>\n\t<\/div>\n\n<\/div><div id=\"1670939355626-b339c536-4f0a\" class=\"item\">\n\t\n\t<div class=\"title\">\n\t\t\t\t<h4>2. Packa upp din produkt i nyskick med etiketter. Inkludera ditt returformul\u00e4r i paketet.<\/h4>\n\t\t<div class=\"control\">\n\t\t\t<span class=\"ion-plus\"><\/span>\n\t\t<\/div>\n\t<\/div>\n\n\t<div class=\"content\">\n\t\t<div class=\"wrap\">\n\t\t\t<ul>\n<li><strong>VIKTIGT:<\/strong>\u00a0Skriv \"<strong>Planet Knox \u00e5terv\u00e4nder<\/strong>\" och\u00a0<strong>ditt order-ID<\/strong>\u00a0p\u00e5 utsidan av paketet.<\/li>\n<li>Bifoga dokumentationen som vi har skickat till dig p\u00e5 utsidan av paketet i ett kuvert f\u00f6r tullen.<\/li>\n<\/ul>\n\t\t<\/div>\n\t<\/div>\n\n<\/div><div id=\"1670939581384-e7907b80-d55e\" class=\"item\">\n\t\n\t<div class=\"title\">\n\t\t\t\t<h4>3. M\u00e4rk ditt paket p\u00e5 r\u00e4tt s\u00e4tt<\/h4>\n\t\t<div class=\"control\">\n\t\t\t<span class=\"ion-plus\"><\/span>\n\t\t<\/div>\n\t<\/div>\n\n\t<div class=\"content\">\n\t\t<div class=\"wrap\">\n\t\t\t<ul>\n<li><strong>IMPORTANT: You must mark all returns as RETURNED GOODS  &#8211;  FAILED SALE<\/strong>.<\/li>\n<\/ul>\n\t\t<\/div>\n\t<\/div>\n\n<\/div><div id=\"1670939621201-95acacd1-8e74\" class=\"item\">\n\t\n\t<div class=\"title\">\n\t\t\t\t<h4>4. Returnera paketet med valfri kurir<\/h4>\n\t\t<div class=\"control\">\n\t\t\t<span class=\"ion-plus\"><\/span>\n\t\t<\/div>\n\t<\/div>\n\n\t<div class=\"content\">\n\t\t<div class=\"wrap\">\n\t\t\t<ul>\n<li>Skicka ditt paket.\u00a0<strong>Vi rekommenderar starkt att du betalar f\u00f6r sp\u00e5rning och f\u00f6rs\u00e4kring av din produkt. V\u00e4nligen beh\u00e5ll bevis p\u00e5 porto.<\/strong><\/li>\n<\/ul>\n\t\t<\/div>\n\t<\/div>\n\n<\/div><div id=\"1670939635686-5cabed24-6101\" class=\"item\">\n\t\n\t<div class=\"title\">\n\t\t\t\t<h4>5. \u00c5terbetalning\/utbyte<\/h4>\n\t\t<div class=\"control\">\n\t\t\t<span class=\"ion-plus\"><\/span>\n\t\t<\/div>\n\t<\/div>\n\n\t<div class=\"content\">\n\t\t<div class=\"wrap\">\n\t\t\t<ul>\n<li>N\u00e4r din produkt anl\u00e4nder kommer vi att unders\u00f6ka den.<\/li>\n<li>Efter godk\u00e4nd inspektion \u00e5terbetalar vi din betalning inom 14 dagar efter mottagandet av produkten.<\/li>\n<li>Utbyten kommer att g\u00f6ras s\u00e5 snabbt som m\u00f6jligt, om produkten inte finns i lager f\u00f6r n\u00e4rvarande kommer v\u00e4ntetiden att best\u00e4mmas baserat p\u00e5 ETA p\u00e5 webbplatsen.<\/li>\n<\/ul>\n\t\t<\/div>\n\t<\/div>\n\n<\/div>\t\n<\/div><\/div><\/div><\/div><\/div>\n<\/div>","protected":false},"excerpt":{"rendered":"PLEASE NOTE: This is to return or exchange products we have shipped to you within the last 30 days, that have not been used.IF YOU HAVE A WARRANTY CLAIM, USING THIS SYSTEM COULD SLOW DOWN YOUR WARRANTY PROCESS. If you have a warranty claim use...","protected":false},"author":1,"featured_media":0,"parent":142190,"menu_order":0,"comment_status":"closed","ping_status":"closed","template":"","meta":{"_acf_changed":false,"inline_featured_image":false,"footnotes":""},"class_list":["post-142224","page","type-page","status-publish","hentry"],"acf":[],"aioseo_notices":[],"_links":{"self":[{"href":"https:\/\/www.planet-knox.com\/sv\/wp-json\/wp\/v2\/pages\/142224","targetHints":{"allow":["GET"]}}],"collection":[{"href":"https:\/\/www.planet-knox.com\/sv\/wp-json\/wp\/v2\/pages"}],"about":[{"href":"https:\/\/www.planet-knox.com\/sv\/wp-json\/wp\/v2\/types\/page"}],"author":[{"embeddable":true,"href":"https:\/\/www.planet-knox.com\/sv\/wp-json\/wp\/v2\/users\/1"}],"replies":[{"embeddable":true,"href":"https:\/\/www.planet-knox.com\/sv\/wp-json\/wp\/v2\/comments?post=142224"}],"version-history":[{"count":0,"href":"https:\/\/www.planet-knox.com\/sv\/wp-json\/wp\/v2\/pages\/142224\/revisions"}],"up":[{"embeddable":true,"href":"https:\/\/www.planet-knox.com\/sv\/wp-json\/wp\/v2\/pages\/142190"}],"wp:attachment":[{"href":"https:\/\/www.planet-knox.com\/sv\/wp-json\/wp\/v2\/media?parent=142224"}],"curies":[{"name":"wp","href":"https:\/\/api.w.org\/{rel}","templated":true}]}}