{"id":141615,"date":"2020-05-18T13:56:37","date_gmt":"2020-05-18T13:56:37","guid":{"rendered":"https:\/\/www.planet-knox.com\/?page_id=141615"},"modified":"2022-12-12T09:58:12","modified_gmt":"2022-12-12T09:58:12","slug":"where-do-you-ship","status":"publish","type":"page","link":"https:\/\/www.planet-knox.com\/sv\/where-do-you-ship\/","title":{"rendered":"Vart skeppar ni?"},"content":{"rendered":"<div class=\"wpb-content-wrapper\"><div class=\"vc_row wpb_row vc_row-fluid gradient-container-1\"><div class=\"gradient-column-1 wpb_column vc_column_container vc_col-sm-12\"><div class=\"vc_column-inner\"><div class=\"wpb_wrapper\">\n\t<div class=\"wpb_text_column wpb_content_element\" >\n\t\t<div class=\"wpb_wrapper\">\n\t\t\t<div>Vi skickar n\u00e4stan \u00f6verallt, via UPS. (Listan \u00f6ver l\u00e4nder d\u00e4r vi inte skickar finns l\u00e4ngst ner p\u00e5 denna sida). Om du l\u00e4gger till dina produkter i varukorgen och sedan g\u00e5r till varukorgen kan du v\u00e4lja \"Ber\u00e4kna frakt\" f\u00f6r att f\u00e5 en offert.<\/div>\n<div><\/div>\n<h4>Knox har \u00e4ven internationella \u00e5terf\u00f6rs\u00e4ljare, anv\u00e4nd butikss\u00f6karen nedan f\u00f6r att hitta din n\u00e4rmaste \u00e5terf\u00f6rs\u00e4ljare.<\/h4>\n\n\t\t<\/div>\n\t<\/div>\n<div class=\"vc_row wpb_row vc_inner vc_row-fluid\"><div class=\"wpb_column vc_column_container vc_col-sm-12\"><div class=\"vc_column-inner\"><div class=\"wpb_wrapper\"><div class=\"vc_empty_space\"   style=\"height: 32px\"><span class=\"vc_empty_space_inner\"><\/span><\/div>\n        <div id=\"store_locator\" class=\"store-locator-container-fluid store_locator modal-body\"  data-hide-stores-on-first-view=\"no\">\n\n            <div class=\"store-locator-row\">\n                \n        <div id=\"store_locator_search_box\" class=\"store_locator_search_box store-locator-col-12 store-locator-col-sm-12 store-locator-col-md-12\">\n\n            <div class=\"store-locator-row\">\n\n            <div class=\"store-locator-col-12 store-locator-col-sm-12 store-locator-col-md-12 wordpress-store-locator-block-search_title\">\n        <div class=\"store-locator-headline store_modal_title\">Hitta din n\u00e4rmaste butik<\/div>\n\n        \n        <span id=\"store_locator_filter_active_filter_box\" class=\"store_locator_filter_active_filter_box\">\n           <small>Active Filter:<\/small> <span id=\"store_locator_filter_active_filter\"><\/span>\n        <\/span>\n\n        <\/div><div class=\"store-locator-col-12 store-locator-col-sm-12 store-locator-col-md-12 wordpress-store-locator-block-address_field\">        <div class=\"wordpress-store-locator-address-container\">\n            <div class=\"store-locator-row\">\n                <div class=\"store-locator-col-12 store-locator-col-sm-12\">\n\n                                            <label for=\"store_locator_address_field\"  class=\"wordpress-store-locator-label wordpress-store-locator-address-title\">Adress<\/label>\n                    \n                    <input id=\"store_locator_address_field\" class=\"store_locator_address_field\" type=\"text\" name=\"location\" placeholder=\"Ange din adress\" value=\"\">\n\n                            <a href=\"#\" id=\"store_locator_get_my_position\" class=\"store_locator_text_actions\"><i class=\"fa fa-crosshairs\"><\/i> F\u00e5 min position<\/a>\n                <a href=\"#\" id=\"store_locator_reset_filters\" class=\"store_locator_text_actions\"><i class=\"fa fa-eraser\"><\/i> \u00c5terst\u00e4ll alla filter<\/a>\n                 <a href=\"#\" id=\"store_locator_get_all_stores\" class=\"store_locator_text_actions\"><i class=\"fa fa-globe\"><\/i> Show all Stores<\/a>\n                        <\/div>\n            <\/div>\n        <\/div>\n        <\/div><div class=\"store-locator-col-12 store-locator-col-sm-12 store-locator-col-md-12 wordpress-store-locator-block-search_button\">        <div class=\"wordpress-store-locator-search-container\">\n            <div class=\"store-locator-row\">\n                <div class=\"store-locator-col-12 store-locator-col-sm-12\">\n                    <button id=\"store_locator_find_stores_button\" type=\"button\" class=\"store_locator_find_stores_button btn button et_pb_button btn-primary btn-lg\">\n                        Hitta i butik                    <\/button>\n                <\/div>\n            <\/div>\n        <\/div>\n        <\/div><div class=\"store-locator-col-12 store-locator-col-sm-12 store-locator-col-md-12 wordpress-store-locator-block-filter\">        <div class=\"wordpress-store-locator-filter-container\">\n            <div class=\"store-locator-row\">\n                <div id=\"store_locator_filter\" class=\"store_locator_filter\">\n\n                                        <div id=\"store_locator_filter_open_close\" class=\"store_locator_filter_open_close store-locator-col-12 store-locator-col-sm-12\">\n                        <div class=\"store-locator-headline store_locator_filter_title\">Filter<\/div> <i class=\"fas fa-chevron-up text-right\"><\/i>\n                    <\/div>\n                    \n                    <div id=\"store_locator_filter_content\" class=\"store_locator_filter_content\" style=\"display: block;\">\n\n                        <div class=\"store-locator-row\">\n                            \n                            <div class=\"store-locator-col-12 store-locator-col-sm-12 store-locator-col-md-12 wordpress-store-locator-block-radius_filter\">        <div class=\"store-locator-col-12 store-locator-col-sm-12 single_filter store-locator-radius-filter\">\n            \n                            <label for=\"store_locator_filter_radius\"  class=\"wordpress-store-locator-label wordpress-store-locator-radius-title\">Hur l\u00e5ngt \u00e4r du beredd att resa?<\/label>\n                        \n            <select name=\"radius\" id=\"store_locator_filter_radius\" class=\"select store_locator_filter_radius\">\n            <option value=\"25\" >25 km<\/option><option value=\"50\" >50 km<\/option><option value=\"100\" >100 mi<\/option><option value=\"250\" selected=\"selected\">250 mi<\/option><option value=\" 350\" > 350 mi<\/option><option value=\" 500\" > 500 mi<\/option><option value=\" 1000\" > 1000 mi<\/option><option value=\" 1500\" > 1500 mi<\/option><option value=\"2000\" >2000 mi<\/option><option value=\" 2500\" > 2500 mi<\/option>            <\/select>\n        <\/div>\n\n        <\/div>                        <\/div>\n                    <\/div>\n                <\/div>\n            <\/div>\n        <\/div>\n        <\/div>            <\/div>\n\n        <\/div>\n\n        \n        \n        <div id=\"store_locator_main\" class=\"store_locator_main  store-locator-col-12 store-locator-col-sm-12 store-locator-col-md-12\">\n            <div id=\"store_locator_map\" style=\"height: 100%;\"><\/div>\n            <div id=\"store_locator_dragged_button\" class=\"btn button et_pb_button button-primary theme-button store_locator_dragged_button\">\n                Search in this Area            <\/div>\n        <\/div>\n\n                <div id=\"store_locator_sidebar\" class=\"store_locator_sidebar store-locator-col-12 store-locator-col-sm-12 store-locator-col-md-12 below\">\n            <div id=\"store_locator_sidebar_content\" class=\"store_locator_sidebar_content store-locator-row\">\n                    <div id=\"store_locator_result_list_box\" class=\"store_locator_result_list_box store-locator-col-12 store-locator-col-sm-12\">\n            <hr class=\"grey\">\n\n                            <div id=\"store_locator_result_open_close\" class=\"store_locator_result_open_close\">\n                    <div class=\"store_locator_result_list_title\">Resultat<\/div>\n                    <i class=\"fas fa-chevron-up text-right\"><\/i>\n                <\/div>\n                        \n            <div id=\"store_locator_result_list\" class=\"store-locator-row\" style=\"display: flex;\">\n                \n            <\/div>\n        <\/div>\n                    <\/div>\n        <\/div>\n\n                    <\/div>\n            <button type=\"button\" id=\"store_modal_close\" class=\"store_modal_close\" data-dismiss=\"modal\" aria-label=\"N\u00e4ra\"><span aria-hidden=\"true\">\u00d7<\/span><\/button>\n            <div id=\"store_locator_loading\" class=\"store_locator_loading store_locator_hidden\"><i class=\"fa-spin fa-3x\"><\/i><\/div>\n        <\/div>\n\n    \n\t<div class=\"wpb_text_column wpb_content_element\" >\n\t\t<div class=\"wpb_wrapper\">\n\t\t\t\n\n\t\t<\/div>\n\t<\/div>\n<\/div><\/div><\/div><\/div>\n\t<div class=\"wpb_text_column wpb_content_element\" >\n\t\t<div class=\"wpb_wrapper\">\n\t\t\t<p>Fr\u00e5n och med den 1 januari 2021 har Storbritannien l\u00e4mnat EU och den inre marknaden.P\u00e5 Knox v\u00e4rdes\u00e4tter vi v\u00e5ra europeiska kunder h\u00f6gt och vill s\u00e4kerst\u00e4lla ett smidigt fl\u00f6de av best\u00e4llningar till dig.Se till att du l\u00e4ser detta viktiga meddelande innan du g\u00f6r en best\u00e4llning.<\/p>\n<ul>\n<li>Vi forts\u00e4tter att skicka till alla europeiska destinationer med hj\u00e4lp av v\u00e5r kurir UPS.Alla best\u00e4llningar sp\u00e5ras och \u00e4r s\u00e4kra.<\/li>\n<li>Fraktkostnaden kommer att ber\u00e4knas i kassan n\u00e4r din adress har angetts.<\/li>\n<li>Priserna visas nu p\u00e5 v\u00e5r webbplats\u00a0<strong>utan moms<\/strong>\u00a0n\u00e4r du handlar utanf\u00f6r Storbritannien.<\/li>\n<li>Alla best\u00e4llningar skickas enligt DAP-villkor, vilket inneb\u00e4r att Knox ansvarar f\u00f6r att exportera din best\u00e4llning, men du kommer att bli ombedd att betala moms och tull i ditt eget land innan varorna levereras till dig.<\/li>\n<li>Innan best\u00e4llningen levereras till dig kommer UPS att kontakta dig f\u00f6r att samla in din lokala moms, eventuell importtull eller avgift. Du kan ocks\u00e5 betala dessa online med hj\u00e4lp av sp\u00e5rningsnumret f\u00f6r ditt paket. N\u00e4r sp\u00e5rningsnumret anges p\u00e5 UPS webbplats b\u00f6r det finnas ett alternativ f\u00f6r \"betala nu\" n\u00e4r varorna \u00e4r redo att levereras till dig.Det \u00e4r UPS, inte Knox, som meddelar dig om dessa avgifter och betalningen m\u00e5ste g\u00f6ras till dem f\u00f6r att du ska kunna ta emot din best\u00e4llning.<\/li>\n<li>Alla paket som avvisas av kunder vid ankomsthamnen kommer att returneras till Knox och eventuella UPS-avgifter kommer att dras av fr\u00e5n kundens \u00e5terbetalning.<\/li>\n<\/ul>\n<p>Vi kommer att str\u00e4va efter att g\u00f6ra transporten till Europa s\u00e5 smidig som m\u00f6jligt och kommer att \u00f6vervaka alla s\u00e4ndningar noggrant under de kommande m\u00e5naderna f\u00f6r att se om n\u00e5gra f\u00f6rb\u00e4ttringar kan g\u00f6ras.<\/p>\n\n\t\t<\/div>\n\t<\/div>\n\n\t<div class=\"wpb_text_column wpb_content_element\" >\n\t\t<div class=\"wpb_wrapper\">\n\t\t\t<p>L\u00e4nder UPS g\u00f6r <strong>INTE<\/strong> skeppas till:<\/p>\n<ul>\n<li>Antarktis<\/li>\n<li>Bouvet\u00f6n<\/li>\n<li>Cocos\u00f6arna (Keeling\u00f6arna)<\/li>\n<li>Kuba<\/li>\n<li>Jul\u00f6n<\/li>\n<li>V\u00e4stsahara<\/li>\n<li>Falklands\u00f6arna (Malvinas)<\/li>\n<li>Ekvatorialguinea<\/li>\n<li>Sydgeorgien och s\u00f6dra Sandwich\u00f6arna.<\/li>\n<li>Heard- och McDonald\u00f6arna<\/li>\n<li>Brittiska Indien Chagos<\/li>\n<li>Islamiska republiken Iran<\/li>\n<li>Korea, Nord<\/li>\n<li>Libyen<\/li>\n<li>Midway<\/li>\n<li>Nauru<\/li>\n<li>Niue<\/li>\n<li>Caroline\u00f6arna<\/li>\n<li>Saint Pierre och Miquelon<\/li>\n<li>Pitcairn<\/li>\n<li>Sudan<\/li>\n<li>Saint Helena<\/li>\n<li>Somalia<\/li>\n<li>Sydsudan<\/li>\n<li>Sao Tome och Principe<\/li>\n<li>Syriska Arabrepubliken<\/li>\n<li>Franska Sydterritorierna<\/li>\n<li>Tadzjikistan<\/li>\n<li>Tokelau<\/li>\n<li>Turkmenistan<\/li>\n<li>Wake Island<\/li>\n<li>Jemen<\/li>\n<li>Andorra<\/li>\n<li>Belize<\/li>\n<li>Centralafrikanska republiken<\/li>\n<li>Cook\u00f6arna<\/li>\n<li>Mikronesiens federerade stater<\/li>\n<li>F\u00e4r\u00f6arna<\/li>\n<li>Franska Guyana<\/li>\n<li>Gr\u00f6nland<\/li>\n<li>Irak<\/li>\n<li>Kiribati<\/li>\n<li>Marshall\u00f6arna<\/li>\n<li>Mali<\/li>\n<li>Maldiverna<\/li>\n<li>Norfolk\u00f6n<\/li>\n<li>Papua Nya Guinea<\/li>\n<li>Palau<\/li>\n<li>Salomon\u00f6arna<\/li>\n<li>Tchad<\/li>\n<li>\u00d6sttimor<\/li>\n<li>Tonga<\/li>\n<li>Tuvalu<\/li>\n<li>Vanuatu<\/li>\n<li>Wallis och Futuna<\/li>\n<li>Mayotte<\/li>\n<\/ul>\n\n\t\t<\/div>\n\t<\/div>\n<\/div><\/div><\/div><\/div>\n<\/div>","protected":false},"excerpt":{"rendered":"We ship almost everywhere, via UPS. (The list of countries where we do not ship is at the bottom of this page). If you add your product\/s to the Cart, then go to the Cart, you can select \u2018Calculate Shipping\u2019 for a quote. Knox also...","protected":false},"author":1,"featured_media":0,"parent":0,"menu_order":0,"comment_status":"closed","ping_status":"closed","template":"","meta":{"_acf_changed":false,"inline_featured_image":false,"footnotes":""},"class_list":["post-141615","page","type-page","status-publish","hentry"],"acf":[],"aioseo_notices":[],"_links":{"self":[{"href":"https:\/\/www.planet-knox.com\/sv\/wp-json\/wp\/v2\/pages\/141615","targetHints":{"allow":["GET"]}}],"collection":[{"href":"https:\/\/www.planet-knox.com\/sv\/wp-json\/wp\/v2\/pages"}],"about":[{"href":"https:\/\/www.planet-knox.com\/sv\/wp-json\/wp\/v2\/types\/page"}],"author":[{"embeddable":true,"href":"https:\/\/www.planet-knox.com\/sv\/wp-json\/wp\/v2\/users\/1"}],"replies":[{"embeddable":true,"href":"https:\/\/www.planet-knox.com\/sv\/wp-json\/wp\/v2\/comments?post=141615"}],"version-history":[{"count":0,"href":"https:\/\/www.planet-knox.com\/sv\/wp-json\/wp\/v2\/pages\/141615\/revisions"}],"wp:attachment":[{"href":"https:\/\/www.planet-knox.com\/sv\/wp-json\/wp\/v2\/media?parent=141615"}],"curies":[{"name":"wp","href":"https:\/\/api.w.org\/{rel}","templated":true}]}}