{"id":229760,"date":"2025-01-16T00:00:00","date_gmt":"2025-01-16T00:00:00","guid":{"rendered":"https:\/\/www.planet-knox.com\/?post_type=product&#038;p=229760"},"modified":"2026-05-07T08:58:46","modified_gmt":"2026-05-07T08:58:46","slug":"unisex-windproof-under-gloves","status":"publish","type":"product","link":"https:\/\/www.planet-knox.com\/sl\/izdelek\/unisex-windproof-under-gloves\/","title":{"rendered":"Unisex Windproof Under Gloves"},"content":{"rendered":"<div class=\"wpb-content-wrapper\"><div id=\"sizeguide\" class=\"vc_row wpb_row vc_row-fluid gradient-container-1\"><div class=\"gradient-column-1 wpb_column vc_column_container vc_col-sm-12\"><div class=\"vc_column-inner\"><div class=\"wpb_wrapper\"><div class=\"vc_empty_space\"   style=\"height: 32px\"><span class=\"vc_empty_space_inner\"><\/span><\/div><div class=\"norebro-heading-sc heading text-center\"\n\tid=\"norebro-custom-69fe2c02771b6\" \n\t \n\t>\n\t\n\t\n\t\n\t<h3 class=\"title\">\n\t\tVodnik po velikosti\t<\/h3>\n\n\t\n\t\t\t<p class=\"subtitle\">\n\t\t\tPotrebujete pomo\u010d? Uporabite klepet v \u017eivo ali nam pi\u0161ite na naslov: <a href=\"mailto:sales@planet-knox.com\">sales@planet-knox.com<\/a>\t\t<\/p>\n\t\t\n<\/div><div class=\"vc_empty_space\"   style=\"height: 32px\"><span class=\"vc_empty_space_inner\"><\/span><\/div><div class=\"vc_separator wpb_content_element vc_separator_align_center vc_sep_width_100 vc_sep_pos_align_center vc_separator_no_text vc_sep_color_grey wpb_content_element  wpb_content_element\" ><span class=\"vc_sep_holder vc_sep_holder_l\"><span class=\"vc_sep_line\"><\/span><\/span><span class=\"vc_sep_holder vc_sep_holder_r\"><span class=\"vc_sep_line\"><\/span><\/span>\n<\/div><div class=\"vc_empty_space\"   style=\"height: 32px\"><span class=\"vc_empty_space_inner\"><\/span><\/div>\n\t<div  class=\"wpb_single_image wpb_content_element vc_align_center wpb_content_element\">\n\t\t\n\t\t<figure class=\"wpb_wrapper vc_figure\">\n\t\t\t<div class=\"vc_single_image-wrapper   vc_box_border_grey\"><img decoding=\"async\" width=\"400\" height=\"293\" src=\"https:\/\/www.planet-knox.com\/wp-content\/uploads\/2018\/09\/mens-gloves.png\" class=\"vc_single_image-img attachment-full\" alt=\"\" title=\"mo\u0161ke rokavice\" srcset=\"https:\/\/www.planet-knox.com\/wp-content\/uploads\/2018\/09\/mens-gloves.png 400w, https:\/\/www.planet-knox.com\/wp-content\/uploads\/2018\/09\/mens-gloves-16x12.png 16w\" sizes=\"(max-width: 400px) 100vw, 400px\" \/><\/div>\n\t\t<\/figure>\n\t<\/div>\n<div class=\"norebro-text-sc\" \n\tid=\"norebro-custom-69fe2c0277b88\" \n\t \n\t>\n\n\t<p style=\"text-align: center;\"><strong>Obod dlani (A):<\/strong> Obseg dlani je skupna meritev okoli naj\u0161ir\u0161ega dela dlani in nad \u010dlenki. Okoli dlani obri\u0161ite trak in ga stisnite v pest, nato pa si zabele\u017eite meritev.<\/p>\n<p style=\"text-align: center;\"><strong>Dol\u017eina roke (B):<\/strong> Merite od pregibov zapestja do konca sredinca.<\/p>\n<p style=\"text-align: center;\">Izmerite dol\u017eino in \u0161irino dlani ter izberite velikost, ki je najbli\u017eja va\u0161im meram. Ta se mora pravilno prilegati va\u0161i roki. \u010ce va\u0161a roka ustreza eni meritvi, drugi pa ne, ali \u010de vam je ljub\u0161e ohlapnej\u0161e prileganje, vam svetujemo, da izberete naslednjo ve\u010djo velikost.<\/p>\n\t\n<\/div><div class=\"vc_row wpb_row vc_inner vc_row-fluid sizeguidehelpcolumn vc_row-o-content-middle vc_row-flex\"><div class=\"wpb_column vc_column_container vc_col-sm-6\"><div class=\"vc_column-inner\"><div class=\"wpb_wrapper\"><\/div><\/div><\/div><div class=\"wpb_column vc_column_container vc_col-sm-6\"><div class=\"vc_column-inner\"><div class=\"wpb_wrapper\"><\/div><\/div><\/div><\/div><div class=\"vc_row wpb_row vc_inner vc_row-fluid vc_row-o-content-middle vc_row-flex\"><div class=\"wpb_column vc_column_container vc_col-sm-12\"><div class=\"vc_column-inner\"><div class=\"wpb_wrapper\">\n\t<div class=\"wpb_raw_code wpb_raw_html wpb_content_element\" >\n\t\t<div class=\"wpb_wrapper\">\n\t\t\t<table class=\"knoxtable\" cellspacing=\"0\" cellpadding=\"0\" width=\"100%\">\n  <tr>\n    <th>Velikost mo\u0161ke roke<\/th>\n    <th>XS<\/th>\n    <th>S<\/th>\n    <th>M<\/th>\n    <th>L<\/th>\n    <th>XL<\/th>\n    <th>2XL<\/th>\n    <th>3XL<\/th>\n  <\/tr>\n  <tr>\n    <td>Obod dlani (mm)<\/td>\n    <td>200<\/td>\n    <td>215<\/td>\n    <td>230<\/td>\n    <td>245<\/td>\n    <td>260<\/td>\n    <td>275<\/td>\n    <td>290<\/td>\n  <\/tr>\n  <tr>\n    <td>Dol\u017eina roke (mm)<\/td>\n    <td>179<\/td>\n    <td>186<\/td>\n    <td>193<\/td>\n    <td>200<\/td>\n    <td>207<\/td>\n    <td>214<\/td>\n    <td>221<\/td>\n  <\/tr>\n<\/table>\n\t\t<\/div>\n\t<\/div>\n<\/div><\/div><\/div><\/div><div class=\"vc_empty_space\"   style=\"height: 32px\"><span class=\"vc_empty_space_inner\"><\/span><\/div><\/div><\/div><\/div><\/div>\n<\/div>","protected":false},"excerpt":{"rendered":"<p>The new Knox under glove is a windproof and water resistant inner glove which can help in reducing the effects of cold on the extremities.<br \/>\nFreezing cold finger ends are helped by wearing good windproof under gloves. They give extra warmth and wind protection to the back of the hand and finger ends.<br \/>\nBreathable, water-resistant, soft-shell fabric is backed in micro fleece, eliminating wind chill on the back of the hand and fingers.<br \/>\nSoft rib elastic cuff gives a secure fit for ultimate comfort. Subtle Knox branding.<\/p>","protected":false},"featured_media":229764,"comment_status":"closed","ping_status":"closed","template":"","meta":{"_acf_changed":false,"inline_featured_image":false},"product_brand":[],"product_cat":[635,631,585,574,2800,785,653,628],"product_tag":[],"class_list":{"0":"post-229760","1":"product","2":"type-product","3":"status-publish","4":"has-post-thumbnail","6":"product_cat-accessories","7":"product_cat-gloves","8":"product_cat-mens-accessories","9":"product_cat-mens-waterproof-gloves","10":"product_cat-new-for-2025","11":"product_cat-windproof-accessories","12":"product_cat-women","13":"product_cat-womens-accessories","14":"pa_colour-black","15":"pa_size-2xl","16":"pa_size-l","17":"pa_size-m","18":"pa_size-s","19":"pa_size-xl","21":"first","22":"onbackorder","23":"taxable","24":"shipping-taxable","25":"purchasable","26":"product-type-variable","27":"has-default-attributes"},"acf":[],"aioseo_notices":[],"gallery_images":[229763,229764,229762,229787,229788],"_links":{"self":[{"href":"https:\/\/www.planet-knox.com\/sl\/wp-json\/wp\/v2\/product\/229760","targetHints":{"allow":["GET"]}}],"collection":[{"href":"https:\/\/www.planet-knox.com\/sl\/wp-json\/wp\/v2\/product"}],"about":[{"href":"https:\/\/www.planet-knox.com\/sl\/wp-json\/wp\/v2\/types\/product"}],"replies":[{"embeddable":true,"href":"https:\/\/www.planet-knox.com\/sl\/wp-json\/wp\/v2\/comments?post=229760"}],"wp:featuredmedia":[{"embeddable":true,"href":"https:\/\/www.planet-knox.com\/sl\/wp-json\/wp\/v2\/media\/229764"}],"wp:attachment":[{"href":"https:\/\/www.planet-knox.com\/sl\/wp-json\/wp\/v2\/media?parent=229760"}],"wp:term":[{"taxonomy":"product_brand","embeddable":true,"href":"https:\/\/www.planet-knox.com\/sl\/wp-json\/wp\/v2\/product_brand?post=229760"},{"taxonomy":"product_cat","embeddable":true,"href":"https:\/\/www.planet-knox.com\/sl\/wp-json\/wp\/v2\/product_cat?post=229760"},{"taxonomy":"product_tag","embeddable":true,"href":"https:\/\/www.planet-knox.com\/sl\/wp-json\/wp\/v2\/product_tag?post=229760"}],"curies":[{"name":"wp","href":"https:\/\/api.w.org\/{rel}","templated":true}]}}