{"id":157883,"date":"2021-04-27T14:03:25","date_gmt":"2021-04-27T14:03:25","guid":{"rendered":"https:\/\/www.planet-knox.com\/?post_type=product&#038;p=157883"},"modified":"2026-03-24T09:22:14","modified_gmt":"2026-03-24T09:22:14","slug":"orsa-leather-mk2-gloves-white","status":"publish","type":"product","link":"https:\/\/www.planet-knox.com\/sl\/izdelek\/orsa-leather-mk2-gloves-white\/","title":{"rendered":"Orsa Leather MK2 Gloves"},"content":{"rendered":"<div class=\"wpb-content-wrapper\"><div class=\"vc_row wpb_row vc_row-fluid gradient-container-1\"><div class=\"gradient-column-1 wpb_column vc_column_container vc_col-sm-12\"><div class=\"vc_column-inner\"><div class=\"wpb_wrapper\"><div class=\"vc_empty_space\"   style=\"height: 32px\"><span class=\"vc_empty_space_inner\"><\/span><\/div><div class=\"norebro-heading-sc heading text-center\"\n\tid=\"norebro-custom-6a02679e7d533\" \n\t \n\t>\n\t\n\t\n\t\n\t<h3 class=\"title\">\n\t\tTechnical Information\t<\/h3>\n\n\t\n\t\t\t<p class=\"subtitle\">\n\t\t\t\t\t<\/p>\n\t\t\n<\/div><div class=\"vc_empty_space\"   style=\"height: 32px\"><span class=\"vc_empty_space_inner\"><\/span><\/div><div class=\"vc_separator wpb_content_element vc_separator_align_center vc_sep_width_100 vc_sep_pos_align_center vc_separator_no_text vc_sep_color_grey wpb_content_element  wpb_content_element\" ><span class=\"vc_sep_holder vc_sep_holder_l\"><span class=\"vc_sep_line\"><\/span><\/span><span class=\"vc_sep_holder vc_sep_holder_r\"><span class=\"vc_sep_line\"><\/span><\/span>\n<\/div><div class=\"vc_empty_space\"   style=\"height: 32px\"><span class=\"vc_empty_space_inner\"><\/span><\/div><div class=\"vc_row wpb_row vc_inner vc_row-fluid vc_row-o-equal-height vc_row-flex\"><div class=\"wpb_column vc_column_container vc_col-sm-6\"><div class=\"vc_column-inner\"><div class=\"wpb_wrapper\">\n\t<div class=\"wpb_text_column wpb_content_element\" >\n\t\t<div class=\"wpb_wrapper\">\n\t\t\t<h4>Knox SPS<\/h4>\n<p>Scaphoid injury is the most common hand injury caused by the grab effect when the palm of the hand makes contact with the ground.<\/p>\n<p>The Knox SPS works by attaching 2 parts to the palm of the glove, making a bridge over the scaphoid. These plastic parts act as a slider eliminating the grab effect and scaphoid injuries. This has proven to be a very effective system for riders with no loss of flexibility, discomfort or interference with the controls when operating the bike.<\/p>\n<p>Knox SPS is patented technology under the following Patents No: <strong>EP1594378<\/strong> &amp; <strong>US8671463<\/strong><\/p>\n\n\t\t<\/div>\n\t<\/div>\n<\/div><\/div><\/div><div class=\"wpb_column vc_column_container vc_col-sm-6\"><div class=\"vc_column-inner\"><div class=\"wpb_wrapper\">\n\t<div class=\"wpb_text_column wpb_content_element\" >\n\t\t<div class=\"wpb_wrapper\">\n\t\t\t<h4>BOA\u00ae Fit System<\/h4>\n<p>The BOA\u00ae Fit System ensures a precise fit around the whole cuff and allows fast, effortless adjustment on the go. The wrist system acts as an external brace and tightens the gauntlet equally from all sides. All you have to do is dial in the right torque for you. To release simply pull the dial.<\/p>\n\n\t\t<\/div>\n\t<\/div>\n<\/div><\/div><\/div><\/div><div class=\"vc_empty_space\"   style=\"height: 32px\"><span class=\"vc_empty_space_inner\"><\/span><\/div><div class=\"vc_row wpb_row vc_inner vc_row-fluid vc_row-o-equal-height vc_row-flex\"><div class=\"wpb_column vc_column_container vc_col-sm-4\"><div class=\"vc_column-inner\"><div class=\"wpb_wrapper\">\n\t<div  class=\"wpb_single_image wpb_content_element vc_align_center wpb_content_element\">\n\t\t\n\t\t<figure class=\"wpb_wrapper vc_figure\">\n\t\t\t<div class=\"vc_single_image-wrapper   vc_box_border_grey\"><img decoding=\"async\" width=\"564\" height=\"250\" src=\"https:\/\/www.planet-knox.com\/wp-content\/uploads\/2018\/10\/orsa-metapod.jpg\" class=\"vc_single_image-img attachment-large\" alt=\"\" title=\"orsa-metapod\" srcset=\"https:\/\/www.planet-knox.com\/wp-content\/uploads\/2018\/10\/orsa-metapod.jpg 564w, https:\/\/www.planet-knox.com\/wp-content\/uploads\/2018\/10\/orsa-metapod-500x222.jpg 500w\" sizes=\"(max-width: 564px) 100vw, 564px\" \/><\/div>\n\t\t<\/figure>\n\t<\/div>\n\n\t<div class=\"wpb_text_column wpb_content_element\" >\n\t\t<div class=\"wpb_wrapper\">\n\t\t\t<h4>Honeycomb Knuckle<\/h4>\n<p>Honeycomb Gel over a floating knuckle area backed with memory foam, encapsulated in a strong outer shell to absorb impact.<\/p>\n\n\t\t<\/div>\n\t<\/div>\n<\/div><\/div><\/div><div class=\"wpb_column vc_column_container vc_col-sm-4\"><div class=\"vc_column-inner\"><div class=\"wpb_wrapper\">\n\t<div  class=\"wpb_single_image wpb_content_element vc_align_center wpb_content_element\">\n\t\t\n\t\t<figure class=\"wpb_wrapper vc_figure\">\n\t\t\t<div class=\"vc_single_image-wrapper   vc_box_border_grey\"><img decoding=\"async\" width=\"564\" height=\"250\" src=\"https:\/\/www.planet-knox.com\/wp-content\/uploads\/2018\/10\/orsagoatskin.jpg\" class=\"vc_single_image-img attachment-large\" alt=\"\" title=\"orsagoatskin\" srcset=\"https:\/\/www.planet-knox.com\/wp-content\/uploads\/2018\/10\/orsagoatskin.jpg 564w, https:\/\/www.planet-knox.com\/wp-content\/uploads\/2018\/10\/orsagoatskin-500x222.jpg 500w\" sizes=\"(max-width: 564px) 100vw, 564px\" \/><\/div>\n\t\t<\/figure>\n\t<\/div>\n\n\t<div class=\"wpb_text_column wpb_content_element\" >\n\t\t<div class=\"wpb_wrapper\">\n\t\t\t<h4>Goat Skin Palm<\/h4>\n<p>Strong Goat skin palm with a soft memory foam double layer on high wear areas.<\/p>\n\n\t\t<\/div>\n\t<\/div>\n<\/div><\/div><\/div><div class=\"wpb_column vc_column_container vc_col-sm-4\"><div class=\"vc_column-inner\"><div class=\"wpb_wrapper\">\n\t<div  class=\"wpb_single_image wpb_content_element vc_align_center wpb_content_element\">\n\t\t\n\t\t<figure class=\"wpb_wrapper vc_figure\">\n\t\t\t<div class=\"vc_single_image-wrapper   vc_box_border_grey\"><img decoding=\"async\" width=\"564\" height=\"250\" src=\"https:\/\/www.planet-knox.com\/wp-content\/uploads\/2018\/10\/orsaleatherfingertip.jpg\" class=\"vc_single_image-img attachment-large\" alt=\"\" title=\"orsaleatherfingertip\" srcset=\"https:\/\/www.planet-knox.com\/wp-content\/uploads\/2018\/10\/orsaleatherfingertip.jpg 564w, https:\/\/www.planet-knox.com\/wp-content\/uploads\/2018\/10\/orsaleatherfingertip-500x222.jpg 500w\" sizes=\"(max-width: 564px) 100vw, 564px\" \/><\/div>\n\t\t<\/figure>\n\t<\/div>\n\n\t<div class=\"wpb_text_column wpb_content_element\" >\n\t\t<div class=\"wpb_wrapper\">\n\t\t\t<h4>Touchscreen Technology<\/h4>\n<p>Touch Screen technology on the index finger.<\/p>\n\n\t\t<\/div>\n\t<\/div>\n<\/div><\/div><\/div><\/div><div class=\"vc_empty_space\"   style=\"height: 64px\"><span class=\"vc_empty_space_inner\"><\/span><\/div><\/div><\/div><\/div><\/div><div id=\"sizeguide\" class=\"vc_row wpb_row vc_row-fluid gradient-container-2\"><div class=\"gradient-column-2 wpb_column vc_column_container vc_col-sm-12\"><div class=\"vc_column-inner\"><div class=\"wpb_wrapper\"><div class=\"norebro-heading-sc heading text-center\"\n\tid=\"norebro-custom-6a02679e7f537\" \n\t \n\t>\n\t\n\t\n\t\n\t<h3 class=\"title\">\n\t\tVodnik po velikosti\t<\/h3>\n\n\t\n\t\t\t<p class=\"subtitle\">\n\t\t\tPotrebujete pomo\u010d? Uporabite klepet v \u017eivo ali nam pi\u0161ite na naslov: <a href=\"mailto:sales@planet-knox.com\">sales@planet-knox.com<\/a>\t\t<\/p>\n\t\t\n<\/div><div class=\"vc_empty_space\"   style=\"height: 32px\"><span class=\"vc_empty_space_inner\"><\/span><\/div><div class=\"vc_separator wpb_content_element vc_separator_align_center vc_sep_width_100 vc_sep_pos_align_center vc_separator_no_text vc_sep_color_grey wpb_content_element  wpb_content_element\" ><span class=\"vc_sep_holder vc_sep_holder_l\"><span class=\"vc_sep_line\"><\/span><\/span><span class=\"vc_sep_holder vc_sep_holder_r\"><span class=\"vc_sep_line\"><\/span><\/span>\n<\/div><div class=\"vc_empty_space\"   style=\"height: 32px\"><span class=\"vc_empty_space_inner\"><\/span><\/div>\n\t<div  class=\"wpb_single_image wpb_content_element vc_align_center wpb_content_element\">\n\t\t\n\t\t<figure class=\"wpb_wrapper vc_figure\">\n\t\t\t<div class=\"vc_single_image-wrapper   vc_box_border_grey\"><img decoding=\"async\" width=\"400\" height=\"293\" src=\"https:\/\/www.planet-knox.com\/wp-content\/uploads\/2018\/09\/mens-gloves.png\" class=\"vc_single_image-img attachment-full\" alt=\"\" title=\"mo\u0161ke rokavice\" srcset=\"https:\/\/www.planet-knox.com\/wp-content\/uploads\/2018\/09\/mens-gloves.png 400w, https:\/\/www.planet-knox.com\/wp-content\/uploads\/2018\/09\/mens-gloves-16x12.png 16w\" sizes=\"(max-width: 400px) 100vw, 400px\" \/><\/div>\n\t\t<\/figure>\n\t<\/div>\n<div class=\"norebro-text-sc\" \n\tid=\"norebro-custom-6a02679e7faf3\" \n\t \n\t>\n\n\t<p style=\"text-align: center;\"><strong>Obod dlani (A):<\/strong> Obseg dlani je skupna meritev okoli naj\u0161ir\u0161ega dela dlani in nad \u010dlenki. Okoli dlani obri\u0161ite trak in ga stisnite v pest, nato pa si zabele\u017eite meritev.<\/p>\n<p style=\"text-align: center;\"><strong>Dol\u017eina roke (B):<\/strong> Merite od pregibov zapestja do konca sredinca.<\/p>\n<p style=\"text-align: center;\">Izmerite dol\u017eino in \u0161irino dlani ter izberite velikost, ki je najbli\u017eja va\u0161im meram. Ta se mora pravilno prilegati va\u0161i roki. \u010ce va\u0161a roka ustreza eni meritvi, drugi pa ne, ali \u010de vam je ljub\u0161e ohlapnej\u0161e prileganje, vam svetujemo, da izberete naslednjo ve\u010djo velikost.<\/p>\n\t\n<\/div><div class=\"vc_row wpb_row vc_inner vc_row-fluid sizeguidehelpcolumn vc_row-o-content-middle vc_row-flex\"><div class=\"wpb_column vc_column_container vc_col-sm-6\"><div class=\"vc_column-inner\"><div class=\"wpb_wrapper\"><\/div><\/div><\/div><div class=\"wpb_column vc_column_container vc_col-sm-6\"><div class=\"vc_column-inner\"><div class=\"wpb_wrapper\"><\/div><\/div><\/div><\/div><div class=\"vc_row wpb_row vc_inner vc_row-fluid vc_row-o-content-middle vc_row-flex\"><div class=\"wpb_column vc_column_container vc_col-sm-12\"><div class=\"vc_column-inner\"><div class=\"wpb_wrapper\">\n\t<div class=\"wpb_raw_code wpb_raw_html wpb_content_element\" >\n\t\t<div class=\"wpb_wrapper\">\n\t\t\t<table class=\"knoxtable\" cellspacing=\"0\" cellpadding=\"0\" width=\"100%\">\n  <tr>\n    <th>Velikost mo\u0161ke roke<\/th>\n    <th>S<\/th>\n    <th>M<\/th>\n    <th>L<\/th>\n    <th>XL<\/th>\n    <th>XXL<\/th>\n    <th>XXXL<\/th>\n  <\/tr>\n  <tr>\n    <td>Obod dlani (mm)<\/td>\n    <td>215<\/td>\n    <td>230<\/td>\n    <td>245<\/td>\n    <td>260<\/td>\n    <td>275<\/td>\n    <td>290<\/td>\n  <\/tr>\n  <tr>\n    <td>Dol\u017eina roke (mm)<\/td>\n    <td>186<\/td>\n    <td>193<\/td>\n    <td>200<\/td>\n    <td>207<\/td>\n    <td>214<\/td>\n    <td>221<\/td>\n  <\/tr>\n<\/table>\n\t\t<\/div>\n\t<\/div>\n<\/div><\/div><\/div><\/div><div class=\"vc_empty_space\"   style=\"height: 64px\"><span class=\"vc_empty_space_inner\"><\/span><\/div><\/div><\/div><\/div><\/div><div id=\"relatedproducts\" data-vc-full-width=\"true\" data-vc-full-width-init=\"false\" class=\"vc_row wpb_row vc_row-fluid gradient-container-3\"><div class=\"gradient-column-3 wpb_column vc_column_container vc_col-sm-12\"><div class=\"vc_column-inner\"><div class=\"wpb_wrapper\"><div class=\"norebro-heading-sc heading text-center\"\n\tid=\"norebro-custom-6a02679e80284\" \n\t \n\t>\n\t\n\t\n\t\n\t<h3 class=\"title\">\n\t\tRelated Products\t<\/h3>\n\n\t\n\t\t\t<p class=\"subtitle\">\n\t\t\tNeed help selecting products that go well together? Use Live chat or email us at: <a href=\"mailto:sales@planet-knox.com\">sales@planet-knox.com<\/a>\t\t<\/p>\n\t\t\n<\/div><div class=\"vc_empty_space\"   style=\"height: 32px\"><span class=\"vc_empty_space_inner\"><\/span><\/div><div class=\"vc_separator wpb_content_element vc_separator_align_center vc_sep_width_100 vc_sep_pos_align_center vc_separator_no_text vc_sep_color_grey wpb_content_element  wpb_content_element\" ><span class=\"vc_sep_holder vc_sep_holder_l\"><span class=\"vc_sep_line\"><\/span><\/span><span class=\"vc_sep_holder vc_sep_holder_r\"><span class=\"vc_sep_line\"><\/span><\/span>\n<\/div><div class=\"vc_empty_space\"   style=\"height: 32px\"><span class=\"vc_empty_space_inner\"><\/span><\/div><div class=\"woocommerce columns-3\">\n<div class=\"vc_row\">\n\t<ul class=\"woo-products norebro-masonry\" data-lazy-container=\"products\">\n\n<li class=\"post-149433 product type-product status-publish has-post-thumbnail product_cat-body-armour product_cat-mens-back-and-chest-protection product_cat-mens-body-armour product_cat-women product_cat-womens-back-chest-protection product_cat-womens-body-armour product_tag-men product_tag-women pa_easproj_hs6p_received-2748 pa_easproj_originating_country-gb pa_size-l pa_size-s first onbackorder taxable shipping-taxable purchasable product-type-variable has-default-attributes\" data-product-item=\"true\" data-lazy-item=\"\" data-lazy-scope=\"products\">\n\t<div class=\"product-content trans-shadow\">\n\t\t<a href=\"https:\/\/www.planet-knox.com\/sl\/izdelek\/micro-lock-air-back-protector-mk2\/\" class=\"static\">\n\t\t\t<div class=\"image-wrap\">\n\t\t\t\t\n\t\t\t\t<div class=\"noslide\">\n\t\t\t\t\n\t\t\t\t\t<img decoding=\"async\" width=\"650\" height=\"650\" src=\"https:\/\/www.planet-knox.com\/wp-content\/uploads\/2021\/01\/KNXAMLAirV2Back_3-650x650.jpg\" class=\"attachment-woocommerce_thumbnail size-woocommerce_thumbnail\" alt=\"Micro-Lock Air Unisex Back Protector MK2\" srcset=\"https:\/\/www.planet-knox.com\/wp-content\/uploads\/2021\/01\/KNXAMLAirV2Back_3-650x650.jpg 650w, https:\/\/www.planet-knox.com\/wp-content\/uploads\/2021\/01\/KNXAMLAirV2Back_3-500x500.jpg 500w, https:\/\/www.planet-knox.com\/wp-content\/uploads\/2021\/01\/KNXAMLAirV2Back_3-1500x1500.jpg 1500w, https:\/\/www.planet-knox.com\/wp-content\/uploads\/2021\/01\/KNXAMLAirV2Back_3-768x768.jpg 768w, https:\/\/www.planet-knox.com\/wp-content\/uploads\/2021\/01\/KNXAMLAirV2Back_3-1536x1536.jpg 1536w, https:\/\/www.planet-knox.com\/wp-content\/uploads\/2021\/01\/KNXAMLAirV2Back_3-12x12.jpg 12w, https:\/\/www.planet-knox.com\/wp-content\/uploads\/2021\/01\/KNXAMLAirV2Back_3-200x200.jpg 200w, https:\/\/www.planet-knox.com\/wp-content\/uploads\/2021\/01\/KNXAMLAirV2Back_3-1920x1920.jpg 1920w, https:\/\/www.planet-knox.com\/wp-content\/uploads\/2021\/01\/KNXAMLAirV2Back_3.jpg 2000w\" sizes=\"(max-width: 650px) 100vw, 650px\" \/>\n\t\t\t\t<\/div>\n\n\t\t\t<\/div>\n\n\t\t<\/a><a href=\"https:\/\/www.planet-knox.com\/sl\/izdelek\/micro-lock-air-back-protector-mk2\/\" aria-describedby=\"woocommerce_loop_add_to_cart_link_describedby_149433\" data-quantity=\"1\" class=\"btn btn-brand button product_type_variable add_to_cart_button\" data-product_id=\"149433\" data-product_sku=\"KNXAMLAirV2Back\" aria-label=\"Izberite mo\u017enosti za \u201cMicro-Lock Air Unisex Back Protector MK2\u201d\" rel=\"nofollow\" data-no-translation=\"\" data-trp-gettext=\"\" data-no-translation-aria-label=\"\">Izberite mo\u017enosti<\/a><span id=\"woocommerce_loop_add_to_cart_link_describedby_149433\" class=\"screen-reader-text\">\n\tTa izdelek ima ve\u010d razli\u010dic. Mo\u017enosti lahko izberete na strani izdelka<\/span>\n<span class=\"gtm4wp_productdata\" style=\"display:none; visibility:hidden;\" data-gtm4wp_product_data=\"{&quot;internal_id&quot;:149433,&quot;item_id&quot;:&quot;KNXAMLAirV2Back&quot;,&quot;item_name&quot;:&quot;Micro-Lock Air Unisex Back Protector MK2&quot;,&quot;sku&quot;:&quot;KNXAMLAirV2Back&quot;,&quot;price&quot;:99.99,&quot;stocklevel&quot;:0,&quot;stockstatus&quot;:&quot;onbackorder&quot;,&quot;google_business_vertical&quot;:&quot;retail&quot;,&quot;item_category&quot;:&quot;Men\\u2019s Body Armour&quot;,&quot;id&quot;:&quot;KNXAMLAirV2Back&quot;,&quot;item_brand&quot;:&quot;Men\\u2019s Back &amp; Chest Protection&quot;,&quot;productlink&quot;:&quot;https:\\\/\\\/www.planet-knox.com\\\/sl\\\/izdelek\\\/micro-lock-air-back-protector-mk2\\\/&quot;,&quot;item_list_name&quot;:&quot;General Product List&quot;,&quot;index&quot;:1,&quot;product_type&quot;:&quot;variable&quot;}\"><\/span>\t\t<div class=\"wc-product-title-wrap\">\n\t\t\t\t\t\n\t\t\t\t\t\n\t\t\t\t\t\n\t\t\t\t\t\n\t\t\t\t\t\n\t\t\t\t\t\n\t\t\t\t\t\t<h3>\n\t\t\t\t<a href=\"https:\/\/www.planet-knox.com\/sl\/izdelek\/micro-lock-air-back-protector-mk2\/\" class=\"color-dark\">\n\t\t\t\t\tMicro-Lock Air Unisex Back Protector MK2\t\t\t\t<\/a>\n\t\t\t<\/h3>\n\t\t\t<div class=\"price\">\n\t\t\t\t<span class=\"wcpbc-price wcpbc-price-149433\" data-product-id=\"149433\"><span data-product-vat=\"20\" class=\"woocommerce-Price-amount amount\"><span class=\"woocommerce-Price-currencySymbol\">\u00a3<\/span>99.99<\/span><\/span>\t\t\t<\/div>\n\t\t\t<div class=\"clear\"><\/div>\n\t\t<\/div>\n\t<\/div>\n<\/li>\n\t<\/ul>\n<\/div><\/div><div class=\"vc_empty_space\"   style=\"height: 64px\"><span class=\"vc_empty_space_inner\"><\/span><\/div><\/div><\/div><\/div><\/div><div class=\"vc_row-full-width vc_clearfix\"><\/div>\n<\/div>","protected":false},"excerpt":{"rendered":"<p><strong>A perforated leather short cuff summer riding glove with excellent protection and superior fit.<\/strong><\/p>\n<p>The Orsa leather glove Mk 2 is the latest generation of the well-established and highly rated perforated summer glove from the Knox range.<\/p>\n<p>It features a honeycomb gel over a floating knuckle area. This is backed with memory foam, which in turn is housed in a flexible but durable outer knuckle shell which is designed to absorb impact. The perforated goat skin upper has abrasion resistant finger sliders on the top of the fingers. This is in addition to touch screen technology on the index finger.<\/p>","protected":false},"featured_media":167911,"comment_status":"open","ping_status":"closed","template":"","meta":{"_acf_changed":false,"inline_featured_image":false},"product_brand":[],"product_cat":[631,779,512,618],"product_tag":[517,674,518],"class_list":{"0":"post-157883","1":"product","2":"type-product","3":"status-publish","4":"has-post-thumbnail","6":"product_cat-gloves","7":"product_cat-mens-non-waterproof-gloves","8":"product_cat-mens-motorcycle-gloves","9":"product_cat-womens-motorcycle-gloves","10":"product_tag-men","11":"product_tag-wheelie","12":"product_tag-women","13":"pa_colour-white","14":"pa_size-2xl","15":"pa_size-l","16":"pa_size-m","17":"pa_size-s","18":"pa_size-xl","20":"first","21":"outofstock","22":"taxable","23":"shipping-taxable","24":"purchasable","25":"product-type-variable","26":"has-default-attributes"},"acf":[],"aioseo_notices":[],"gallery_images":[143376,167907,167909,157905,167917,143375,85145],"_links":{"self":[{"href":"https:\/\/www.planet-knox.com\/sl\/wp-json\/wp\/v2\/product\/157883","targetHints":{"allow":["GET"]}}],"collection":[{"href":"https:\/\/www.planet-knox.com\/sl\/wp-json\/wp\/v2\/product"}],"about":[{"href":"https:\/\/www.planet-knox.com\/sl\/wp-json\/wp\/v2\/types\/product"}],"replies":[{"embeddable":true,"href":"https:\/\/www.planet-knox.com\/sl\/wp-json\/wp\/v2\/comments?post=157883"}],"wp:featuredmedia":[{"embeddable":true,"href":"https:\/\/www.planet-knox.com\/sl\/wp-json\/wp\/v2\/media\/167911"}],"wp:attachment":[{"href":"https:\/\/www.planet-knox.com\/sl\/wp-json\/wp\/v2\/media?parent=157883"}],"wp:term":[{"taxonomy":"product_brand","embeddable":true,"href":"https:\/\/www.planet-knox.com\/sl\/wp-json\/wp\/v2\/product_brand?post=157883"},{"taxonomy":"product_cat","embeddable":true,"href":"https:\/\/www.planet-knox.com\/sl\/wp-json\/wp\/v2\/product_cat?post=157883"},{"taxonomy":"product_tag","embeddable":true,"href":"https:\/\/www.planet-knox.com\/sl\/wp-json\/wp\/v2\/product_tag?post=157883"}],"curies":[{"name":"wp","href":"https:\/\/api.w.org\/{rel}","templated":true}]}}