{"id":89629,"date":"2019-07-24T14:58:18","date_gmt":"2019-07-24T14:58:18","guid":{"rendered":"https:\/\/www.planet-knox.com\/contact-us-copy\/"},"modified":"2024-09-26T09:56:07","modified_gmt":"2024-09-26T09:56:07","slug":"store-locator","status":"publish","type":"page","link":"https:\/\/www.planet-knox.com\/sk\/store-locator\/","title":{"rendered":"Vyh\u013ead\u00e1va\u010d obchodov"},"content":{"rendered":"<div class=\"wpb-content-wrapper\"><div data-vc-full-width=\"true\" data-vc-full-width-init=\"false\" class=\"vc_row wpb_row vc_row-fluid gradient-container-1 vc_custom_1710500452440 vc_row-has-fill\"><div class=\"gradient-column-1 wpb_column vc_column_container vc_col-sm-12\"><div class=\"vc_column-inner\"><div class=\"wpb_wrapper\"><div class=\"vc_empty_space\"   style=\"height: 32px\"><span class=\"vc_empty_space_inner\"><\/span><\/div><div class=\"norebro-heading-sc heading text-center\"\n\tid=\"norebro-custom-69e2900db24a6\" \n\t \n\t>\n\t\n\t\n\t\n\t<h3 class=\"title\">\n\t\tStockist Locator\t<\/h3>\n\n\t\n\t\t\t<p class=\"subtitle\">\n\t\t\tNot all KNOX stockists carry every item in the range. \n\nTo prevent any disappointment, please phone ahead to your chosen stockist. \n\n<strong>If they don't have the item you're looking for, let us know and we will help you find your chosen products.<\/strong>\t\t<\/p>\n\t\t\n<\/div><div class=\"vc_empty_space\"   style=\"height: 32px\"><span class=\"vc_empty_space_inner\"><\/span><\/div><\/div><\/div><\/div><\/div><div class=\"vc_row-full-width vc_clearfix\"><\/div><div class=\"vc_row wpb_row vc_row-fluid gradient-container-2\"><div class=\"gradient-column-2 wpb_column vc_column_container vc_col-sm-12\"><div class=\"vc_column-inner\"><div class=\"wpb_wrapper\"><div class=\"vc_empty_space\"   style=\"height: 32px\"><span class=\"vc_empty_space_inner\"><\/span><\/div><\/div><\/div><\/div><\/div><div class=\"vc_row wpb_row vc_row-fluid gradient-container-3\"><div class=\"gradient-column-3 wpb_column vc_column_container vc_col-sm-12\"><div class=\"vc_column-inner\"><div class=\"wpb_wrapper\">\n        <div id=\"store_locator\" class=\"store-locator-container-fluid store_locator modal-body\"  data-hide-stores-on-first-view=\"no\">\n\n            <div class=\"store-locator-row\">\n                \n        <div id=\"store_locator_search_box\" class=\"store_locator_search_box store-locator-col-12 store-locator-col-sm-12 store-locator-col-md-12\">\n\n            <div class=\"store-locator-row\">\n\n            <div class=\"store-locator-col-12 store-locator-col-sm-12 store-locator-col-md-12 wordpress-store-locator-block-search_title\">\n        <div class=\"store-locator-headline store_modal_title\">Find your closest store<\/div>\n\n        \n        <span id=\"store_locator_filter_active_filter_box\" class=\"store_locator_filter_active_filter_box\">\n           <small>Active Filter:<\/small> <span id=\"store_locator_filter_active_filter\"><\/span>\n        <\/span>\n\n        <\/div><div class=\"store-locator-col-12 store-locator-col-sm-12 store-locator-col-md-12 wordpress-store-locator-block-address_field\">        <div class=\"wordpress-store-locator-address-container\">\n            <div class=\"store-locator-row\">\n                <div class=\"store-locator-col-12 store-locator-col-sm-12\">\n\n                                            <label for=\"store_locator_address_field\"  class=\"wordpress-store-locator-label wordpress-store-locator-address-title\">Address<\/label>\n                    \n                    <input id=\"store_locator_address_field\" class=\"store_locator_address_field\" type=\"text\" name=\"location\" placeholder=\"Enter your address\" value=\"\">\n\n                            <a href=\"#\" id=\"store_locator_get_my_position\" class=\"store_locator_text_actions\"><i class=\"fa fa-crosshairs\"><\/i> Get my Position<\/a>\n                <a href=\"#\" id=\"store_locator_reset_filters\" class=\"store_locator_text_actions\"><i class=\"fa fa-eraser\"><\/i> Reset all Filters<\/a>\n                 <a href=\"#\" id=\"store_locator_get_all_stores\" class=\"store_locator_text_actions\"><i class=\"fa fa-globe\"><\/i> Show all Stores<\/a>\n                        <\/div>\n            <\/div>\n        <\/div>\n        <\/div><div class=\"store-locator-col-12 store-locator-col-sm-12 store-locator-col-md-12 wordpress-store-locator-block-search_button\">        <div class=\"wordpress-store-locator-search-container\">\n            <div class=\"store-locator-row\">\n                <div class=\"store-locator-col-12 store-locator-col-sm-12\">\n                    <button id=\"store_locator_find_stores_button\" type=\"button\" class=\"store_locator_find_stores_button btn button et_pb_button btn-primary btn-lg\">\n                        N\u00e1js\u0165 v obchode                    <\/button>\n                <\/div>\n            <\/div>\n        <\/div>\n        <\/div><div class=\"store-locator-col-12 store-locator-col-sm-12 store-locator-col-md-12 wordpress-store-locator-block-filter\">        <div class=\"wordpress-store-locator-filter-container\">\n            <div class=\"store-locator-row\">\n                <div id=\"store_locator_filter\" class=\"store_locator_filter\">\n\n                                        <div id=\"store_locator_filter_open_close\" class=\"store_locator_filter_open_close store-locator-col-12 store-locator-col-sm-12\">\n                        <div class=\"store-locator-headline store_locator_filter_title\">Filter<\/div> <i class=\"fas fa-chevron-up text-right\"><\/i>\n                    <\/div>\n                    \n                    <div id=\"store_locator_filter_content\" class=\"store_locator_filter_content\" style=\"display: block;\">\n\n                        <div class=\"store-locator-row\">\n                            \n                            <div class=\"store-locator-col-12 store-locator-col-sm-12 store-locator-col-md-12 wordpress-store-locator-block-radius_filter\">        <div class=\"store-locator-col-12 store-locator-col-sm-12 single_filter store-locator-radius-filter\">\n            \n                            <label for=\"store_locator_filter_radius\"  class=\"wordpress-store-locator-label wordpress-store-locator-radius-title\">How far are you willing to travel?<\/label>\n                        \n            <select name=\"radius\" id=\"store_locator_filter_radius\" class=\"select store_locator_filter_radius\">\n            <option value=\"25\" >25 mi<\/option><option value=\"50\" >50 mi<\/option><option value=\"100\" >100 mi<\/option><option value=\"250\" selected=\"selected\">250 mi<\/option><option value=\" 350\" > 350 mi<\/option><option value=\" 500\" > 500 mi<\/option><option value=\" 1000\" > 1000 mi<\/option><option value=\" 1500\" > 1500 mi<\/option><option value=\"2000\" >2000 mi<\/option><option value=\" 2500\" > 2500 mi<\/option>            <\/select>\n        <\/div>\n\n        <\/div>                        <\/div>\n                    <\/div>\n                <\/div>\n            <\/div>\n        <\/div>\n        <\/div>            <\/div>\n\n        <\/div>\n\n        \n        \n        <div id=\"store_locator_main\" class=\"store_locator_main  store-locator-col-12 store-locator-col-sm-12 store-locator-col-md-12\">\n            <div id=\"store_locator_map\" style=\"height: 100%;\"><\/div>\n            <div id=\"store_locator_dragged_button\" class=\"btn button et_pb_button button-primary theme-button store_locator_dragged_button\">\n                Search in this Area            <\/div>\n        <\/div>\n\n                <div id=\"store_locator_sidebar\" class=\"store_locator_sidebar store-locator-col-12 store-locator-col-sm-12 store-locator-col-md-12 below\">\n            <div id=\"store_locator_sidebar_content\" class=\"store_locator_sidebar_content store-locator-row\">\n                    <div id=\"store_locator_result_list_box\" class=\"store_locator_result_list_box store-locator-col-12 store-locator-col-sm-12\">\n            <hr class=\"grey\">\n\n                            <div id=\"store_locator_result_open_close\" class=\"store_locator_result_open_close\">\n                    <div class=\"store_locator_result_list_title\">Results<\/div>\n                    <i class=\"fas fa-chevron-up text-right\"><\/i>\n                <\/div>\n                        \n            <div id=\"store_locator_result_list\" class=\"store-locator-row\" style=\"display: flex;\">\n                \n            <\/div>\n        <\/div>\n                    <\/div>\n        <\/div>\n\n                    <\/div>\n            <button type=\"button\" id=\"store_modal_close\" class=\"store_modal_close\" data-dismiss=\"modal\" aria-label=\"Close\"><span aria-hidden=\"true\">&times;<\/span><\/button>\n            <div id=\"store_locator_loading\" class=\"store_locator_loading store_locator_hidden\"><i class=\"fa-spin fa-3x\"><\/i><\/div>\n        <\/div>\n\n    \n\t<div class=\"wpb_text_column wpb_content_element\" >\n\t\t<div class=\"wpb_wrapper\">\n\t\t\t\n\n\t\t<\/div>\n\t<\/div>\n<\/div><\/div><\/div><\/div><div class=\"vc_row wpb_row vc_row-fluid gradient-container-4\"><div class=\"gradient-column-4 wpb_column vc_column_container vc_col-sm-12\"><div class=\"vc_column-inner\"><div class=\"wpb_wrapper\"><div class=\"vc_empty_space\"   style=\"height: 64px\"><span class=\"vc_empty_space_inner\"><\/span><\/div><div class=\"vc_separator wpb_content_element vc_separator_align_center vc_sep_width_100 vc_sep_pos_align_center vc_separator_no_text vc_sep_color_grey wpb_content_element  wpb_content_element\" ><span class=\"vc_sep_holder vc_sep_holder_l\"><span class=\"vc_sep_line\"><\/span><\/span><span class=\"vc_sep_holder vc_sep_holder_r\"><span class=\"vc_sep_line\"><\/span><\/span>\n<\/div><div class=\"vc_empty_space\"   style=\"height: 64px\"><span class=\"vc_empty_space_inner\"><\/span><\/div><\/div><\/div><\/div><\/div><div class=\"vc_row wpb_row vc_row-fluid gradient-container-5\"><div class=\"gradient-column-5 wpb_column vc_column_container vc_col-sm-12\"><div class=\"vc_column-inner\"><div class=\"wpb_wrapper\"><div class=\"norebro-heading-sc heading text-center\"\n\tid=\"norebro-custom-69e2900db3c93\" \n\t \n\t>\n\t\n\t\n\t\n\t<h3 class=\"title\">\n\t\tNothing in your area?\t<\/h3>\n\n\t\n\t\t\t<p class=\"subtitle\">\n\t\t\tSuggest a Stockist! We're always looking to add great stores to our trade network, if you know of one, drop us a message with your suggestion and we will get in touch with them!\t\t<\/p>\n\t\t\n<\/div><div class=\"norebro-contact-from-sc contact-form  text-left flat\"\n\tid=\"norebro-custom-69e2900db3d50\" \n\t \n\t>\n\n\t\n<div class=\"wpcf7 no-js\" id=\"wpcf7-f139895-o1\" lang=\"en-US\" dir=\"ltr\" data-wpcf7-id=\"139895\">\n<div class=\"screen-reader-response\"><p role=\"status\" aria-live=\"polite\" aria-atomic=\"true\"><\/p> <ul><\/ul><\/div>\n<form action=\"\/sk\/wp-json\/wp\/v2\/pages\/89629#wpcf7-f139895-o1\" method=\"post\" class=\"wpcf7-form init\" aria-label=\"Contact form\" novalidate=\"novalidate\" data-status=\"init\" data-trp-original-action=\"\/sk\/wp-json\/wp\/v2\/pages\/89629#wpcf7-f139895-o1\">\n<fieldset class=\"hidden-fields-container\"><input type=\"hidden\" name=\"_wpcf7\" value=\"139895\" \/><input type=\"hidden\" name=\"_wpcf7_version\" value=\"6.1.5\" \/><input type=\"hidden\" name=\"_wpcf7_locale\" value=\"en_US\" \/><input type=\"hidden\" name=\"_wpcf7_unit_tag\" value=\"wpcf7-f139895-o1\" \/><input type=\"hidden\" name=\"_wpcf7_container_post\" value=\"0\" \/><input type=\"hidden\" name=\"_wpcf7_posted_data_hash\" value=\"\" \/>\n<\/fieldset>\n<div class=\"row\">\n\t<div class=\"col-xs-12\" style=\"width: 100%;\">\n\t\t<p><span class=\"wpcf7-form-control-wrap\" data-name=\"your-name\"><input size=\"40\" maxlength=\"400\" class=\"wpcf7-form-control wpcf7-text wpcf7-validates-as-required\" aria-required=\"true\" aria-invalid=\"false\" placeholder=\"Your Name*\" value=\"\" type=\"text\" name=\"your-name\" \/><\/span>\n\t\t<\/p>\n\t<\/div>\n\t<div class=\"col-xs-12\" style=\"width: 100%;\">\n\t\t<p><span class=\"wpcf7-form-control-wrap\" data-name=\"your-email\"><input size=\"40\" maxlength=\"400\" class=\"wpcf7-form-control wpcf7-email wpcf7-validates-as-required wpcf7-text wpcf7-validates-as-email\" aria-required=\"true\" aria-invalid=\"false\" placeholder=\"Your Email*\" value=\"\" type=\"email\" name=\"your-email\" \/><\/span>\n\t\t<\/p>\n\t<\/div>\n\t<div class=\"col-xs-12\" style=\"width: 100%;\">\n\t\t<p><span class=\"wpcf7-form-control-wrap\" data-name=\"company\"><input size=\"40\" maxlength=\"400\" class=\"wpcf7-form-control wpcf7-text wpcf7-validates-as-required\" aria-required=\"true\" aria-invalid=\"false\" placeholder=\"Stockist suggestion*\" value=\"\" type=\"text\" name=\"company\" \/><\/span>\n\t\t<\/p>\n\t<\/div>\n\t<div class=\"col-xs-12 col-sm-4\">\n\t\t<p><span class=\"wpcf7-form-control-wrap\" data-name=\"text-381\"><input size=\"40\" maxlength=\"400\" class=\"wpcf7-form-control wpcf7-text wpcf7-validates-as-required\" aria-required=\"true\" aria-invalid=\"false\" value=\"Location\" type=\"text\" name=\"text-381\" \/><\/span>\n\t\t<\/p>\n\t<\/div>\n<\/div>\n<div class=\"row\">\n\t<div class=\"col-xs-12\" style=\"width: 100%;\">\n\t\t<h6>Anything to add?\n\t\t<\/h6>\n\t\t<p><span class=\"wpcf7-form-control-wrap\" data-name=\"textarea-614\"><textarea cols=\"40\" rows=\"10\" maxlength=\"2000\" class=\"wpcf7-form-control wpcf7-textarea\" aria-invalid=\"false\" name=\"textarea-614\">Comments<\/textarea><\/span>\n\t\t<\/p>\n\t<\/div>\n<\/div>\n<p><label> Answer to submit<br \/>\n<span class=\"wpcf7-form-control-wrap\" data-name=\"mathquiz\"><label><span class=\"wpcf7-quiz-label\">1+8=?<\/span> <input size=\"40\" class=\"wpcf7-form-control wpcf7-quiz\" autocomplete=\"off\" aria-required=\"true\" aria-invalid=\"false\" type=\"text\" name=\"mathquiz\" \/><\/label><input type=\"hidden\" name=\"_wpcf7_quiz_answer_mathquiz\" value=\"0882c6bdb5f497b5387f10ad2d14c3bb\" \/><\/span><\/label>\n<\/p>\n<div class=\"row\">\n\t<p><input class=\"wpcf7-form-control wpcf7-submit has-spinner\" type=\"submit\" value=\"SEND STOCKIST SUGGESTION\" \/>\n\t<\/p>\n<\/div><div class=\"wpcf7-response-output\" aria-hidden=\"true\"><\/div>\n<input type=\"hidden\" name=\"trp-form-language\" value=\"sk\"\/><\/form>\n<\/div>\n\n\t<div class=\"hidden\" data-contact-btn=\"true\">\n\t\t<button class=\"btn  btn-brand\">\n\t\t\t<span class=\"btn-load\"><\/span>\n\t\t\t<span class=\"text\"><\/span>\n\t\t<\/button>\n\t<\/div>\n<\/div><\/div><\/div><\/div><\/div>\n<\/div>","protected":false},"excerpt":{"rendered":"Stockist Locator Not all KNOX stockists carry every item in the range. To prevent any disappointment, please phone ahead to your chosen stockist. If they don't have the item you're looking for, let us know and we will help you find your chosen products. Find...","protected":false},"author":1,"featured_media":0,"parent":0,"menu_order":0,"comment_status":"closed","ping_status":"closed","template":"","meta":{"_acf_changed":false,"inline_featured_image":false,"footnotes":""},"class_list":["post-89629","page","type-page","status-publish","hentry"],"acf":[],"aioseo_notices":[],"_links":{"self":[{"href":"https:\/\/www.planet-knox.com\/sk\/wp-json\/wp\/v2\/pages\/89629","targetHints":{"allow":["GET"]}}],"collection":[{"href":"https:\/\/www.planet-knox.com\/sk\/wp-json\/wp\/v2\/pages"}],"about":[{"href":"https:\/\/www.planet-knox.com\/sk\/wp-json\/wp\/v2\/types\/page"}],"author":[{"embeddable":true,"href":"https:\/\/www.planet-knox.com\/sk\/wp-json\/wp\/v2\/users\/1"}],"replies":[{"embeddable":true,"href":"https:\/\/www.planet-knox.com\/sk\/wp-json\/wp\/v2\/comments?post=89629"}],"version-history":[{"count":0,"href":"https:\/\/www.planet-knox.com\/sk\/wp-json\/wp\/v2\/pages\/89629\/revisions"}],"wp:attachment":[{"href":"https:\/\/www.planet-knox.com\/sk\/wp-json\/wp\/v2\/media?parent=89629"}],"curies":[{"name":"wp","href":"https:\/\/api.w.org\/{rel}","templated":true}]}}