{"id":229760,"date":"2025-01-16T00:00:00","date_gmt":"2025-01-16T00:00:00","guid":{"rendered":"https:\/\/www.planet-knox.com\/?post_type=product&#038;p=229760"},"modified":"2026-04-29T13:03:35","modified_gmt":"2026-04-29T13:03:35","slug":"unisex-windproof-under-gloves","status":"publish","type":"product","link":"https:\/\/www.planet-knox.com\/ro\/produs\/unisex-windproof-under-gloves\/","title":{"rendered":"Unisex Windproof Under Gloves"},"content":{"rendered":"<div class=\"wpb-content-wrapper\"><div id=\"sizeguide\" class=\"vc_row wpb_row vc_row-fluid gradient-container-1\"><div class=\"gradient-column-1 wpb_column vc_column_container vc_col-sm-12\"><div class=\"vc_column-inner\"><div class=\"wpb_wrapper\"><div class=\"vc_empty_space\"   style=\"height: 32px\"><span class=\"vc_empty_space_inner\"><\/span><\/div><div class=\"norebro-heading-sc heading text-center\"\n\tid=\"norebro-custom-69f384bf61c00\" \n\t \n\t>\n\t\n\t\n\t\n\t<h3 class=\"title\">\n\t\tGhid de m\u0103rime\t<\/h3>\n\n\t\n\t\t\t<p class=\"subtitle\">\n\t\t\tAve\u021bi nevoie de ajutor? Utiliza\u021bi chat-ul live sau trimite\u021bi-ne un e-mail la: <a href=\"mailto:sales@planet-knox.com\">sales@planet-knox.com<\/a>\t\t<\/p>\n\t\t\n<\/div><div class=\"vc_empty_space\"   style=\"height: 32px\"><span class=\"vc_empty_space_inner\"><\/span><\/div><div class=\"vc_separator wpb_content_element vc_separator_align_center vc_sep_width_100 vc_sep_pos_align_center vc_separator_no_text vc_sep_color_grey wpb_content_element  wpb_content_element\" ><span class=\"vc_sep_holder vc_sep_holder_l\"><span class=\"vc_sep_line\"><\/span><\/span><span class=\"vc_sep_holder vc_sep_holder_r\"><span class=\"vc_sep_line\"><\/span><\/span>\n<\/div><div class=\"vc_empty_space\"   style=\"height: 32px\"><span class=\"vc_empty_space_inner\"><\/span><\/div>\n\t<div  class=\"wpb_single_image wpb_content_element vc_align_center wpb_content_element\">\n\t\t\n\t\t<figure class=\"wpb_wrapper vc_figure\">\n\t\t\t<div class=\"vc_single_image-wrapper   vc_box_border_grey\"><img decoding=\"async\" width=\"400\" height=\"293\" src=\"https:\/\/www.planet-knox.com\/wp-content\/uploads\/2018\/09\/mens-gloves.png\" class=\"vc_single_image-img attachment-full\" alt=\"\" title=\"m\u0103nu\u0219i pentru b\u0103rba\u021bi\" srcset=\"https:\/\/www.planet-knox.com\/wp-content\/uploads\/2018\/09\/mens-gloves.png 400w, https:\/\/www.planet-knox.com\/wp-content\/uploads\/2018\/09\/mens-gloves-16x12.png 16w\" sizes=\"(max-width: 400px) 100vw, 400px\" \/><\/div>\n\t\t<\/figure>\n\t<\/div>\n<div class=\"norebro-text-sc\" \n\tid=\"norebro-custom-69f384bf6257a\" \n\t \n\t>\n\n\t<p style=\"text-align: center;\"><strong>Circumferin\u021ba palmei (A):<\/strong> Circumferin\u021ba palmei este m\u0103sura total\u0103 \u00een jurul celei mai largi p\u0103r\u021bi a palmei \u0219i deasupra articula\u021biilor. Pune\u021bi banda \u00een jurul palmei \u0219i str\u00e2nge\u021bi pumnul, apoi nota\u021bi m\u0103sura.<\/p>\n<p style=\"text-align: center;\"><strong>Lungimea m\u00e2inii (B):<\/strong> M\u0103sura\u021bi de la pliul \u00eencheieturii m\u00e2inii p\u00e2n\u0103 la cap\u0103tul degetului mijlociu.<\/p>\n<p style=\"text-align: center;\">M\u0103sura\u021bi-v\u0103 lungimea \u0219i l\u0103\u021bimea m\u00e2inii \u0219i alege\u021bi dimensiunea cea mai apropiat\u0103 de m\u0103sur\u0103torile dvs. Aceasta ar trebui s\u0103 se potriveasc\u0103 corect m\u00e2inii dvs. Dac\u0103 m\u00e2na dvs. se potrive\u0219te unei m\u0103suri, dar nu \u0219i celei de-a doua, sau dac\u0103 prefera\u021bi o potrivire mai lejer\u0103, v\u0103 sf\u0103tuim s\u0103 alege\u021bi urm\u0103toarea m\u0103rime \u00een plus.<\/p>\n\t\n<\/div><div class=\"vc_row wpb_row vc_inner vc_row-fluid sizeguidehelpcolumn vc_row-o-content-middle vc_row-flex\"><div class=\"wpb_column vc_column_container vc_col-sm-6\"><div class=\"vc_column-inner\"><div class=\"wpb_wrapper\"><\/div><\/div><\/div><div class=\"wpb_column vc_column_container vc_col-sm-6\"><div class=\"vc_column-inner\"><div class=\"wpb_wrapper\"><\/div><\/div><\/div><\/div><div class=\"vc_row wpb_row vc_inner vc_row-fluid vc_row-o-content-middle vc_row-flex\"><div class=\"wpb_column vc_column_container vc_col-sm-12\"><div class=\"vc_column-inner\"><div class=\"wpb_wrapper\">\n\t<div class=\"wpb_raw_code wpb_raw_html wpb_content_element\" >\n\t\t<div class=\"wpb_wrapper\">\n\t\t\t<table class=\"knoxtable\" cellspacing=\"0\" cellpadding=\"0\" width=\"100%\">\n  <tr>\n    <th>M\u0103rimea m\u00e2inii b\u0103rba\u021bilor<\/th>\n    <th>XS<\/th>\n    <th>S<\/th>\n    <th>M<\/th>\n    <th>L<\/th>\n    <th>XL<\/th>\n    <th>2XL<\/th>\n    <th>3XL<\/th>\n  <\/tr>\n  <tr>\n    <td>Circumferin\u021ba palmei (mm)<\/td>\n    <td>200<\/td>\n    <td>215<\/td>\n    <td>230<\/td>\n    <td>245<\/td>\n    <td>260<\/td>\n    <td>275<\/td>\n    <td>290<\/td>\n  <\/tr>\n  <tr>\n    <td>Lungimea m\u00e2inii (mm)<\/td>\n    <td>179<\/td>\n    <td>186<\/td>\n    <td>193<\/td>\n    <td>200<\/td>\n    <td>207<\/td>\n    <td>214<\/td>\n    <td>221<\/td>\n  <\/tr>\n<\/table>\n\t\t<\/div>\n\t<\/div>\n<\/div><\/div><\/div><\/div><div class=\"vc_empty_space\"   style=\"height: 32px\"><span class=\"vc_empty_space_inner\"><\/span><\/div><\/div><\/div><\/div><\/div>\n<\/div>","protected":false},"excerpt":{"rendered":"<p>The new Knox under glove is a windproof and water resistant inner glove which can help in reducing the effects of cold on the extremities.<br \/>\nFreezing cold finger ends are helped by wearing good windproof under gloves. They give extra warmth and wind protection to the back of the hand and finger ends.<br \/>\nBreathable, water-resistant, soft-shell fabric is backed in micro fleece, eliminating wind chill on the back of the hand and fingers.<br \/>\nSoft rib elastic cuff gives a secure fit for ultimate comfort. Subtle Knox branding.<\/p>","protected":false},"featured_media":229764,"comment_status":"closed","ping_status":"closed","template":"","meta":{"_acf_changed":false,"inline_featured_image":false},"product_brand":[],"product_cat":[635,631,585,574,2800,785,653,628],"product_tag":[],"class_list":{"0":"post-229760","1":"product","2":"type-product","3":"status-publish","4":"has-post-thumbnail","6":"product_cat-accessories","7":"product_cat-gloves","8":"product_cat-mens-accessories","9":"product_cat-mens-waterproof-gloves","10":"product_cat-new-for-2025","11":"product_cat-windproof-accessories","12":"product_cat-women","13":"product_cat-womens-accessories","14":"pa_colour-black","15":"pa_size-2xl","16":"pa_size-l","17":"pa_size-m","18":"pa_size-s","19":"pa_size-xl","21":"first","22":"onbackorder","23":"taxable","24":"shipping-taxable","25":"purchasable","26":"product-type-variable","27":"has-default-attributes"},"acf":[],"aioseo_notices":[],"gallery_images":[229763,229764,229762,229787,229788],"_links":{"self":[{"href":"https:\/\/www.planet-knox.com\/ro\/wp-json\/wp\/v2\/product\/229760","targetHints":{"allow":["GET"]}}],"collection":[{"href":"https:\/\/www.planet-knox.com\/ro\/wp-json\/wp\/v2\/product"}],"about":[{"href":"https:\/\/www.planet-knox.com\/ro\/wp-json\/wp\/v2\/types\/product"}],"replies":[{"embeddable":true,"href":"https:\/\/www.planet-knox.com\/ro\/wp-json\/wp\/v2\/comments?post=229760"}],"wp:featuredmedia":[{"embeddable":true,"href":"https:\/\/www.planet-knox.com\/ro\/wp-json\/wp\/v2\/media\/229764"}],"wp:attachment":[{"href":"https:\/\/www.planet-knox.com\/ro\/wp-json\/wp\/v2\/media?parent=229760"}],"wp:term":[{"taxonomy":"product_brand","embeddable":true,"href":"https:\/\/www.planet-knox.com\/ro\/wp-json\/wp\/v2\/product_brand?post=229760"},{"taxonomy":"product_cat","embeddable":true,"href":"https:\/\/www.planet-knox.com\/ro\/wp-json\/wp\/v2\/product_cat?post=229760"},{"taxonomy":"product_tag","embeddable":true,"href":"https:\/\/www.planet-knox.com\/ro\/wp-json\/wp\/v2\/product_tag?post=229760"}],"curies":[{"name":"wp","href":"https:\/\/api.w.org\/{rel}","templated":true}]}}