{"id":201033,"date":"2023-04-26T15:29:13","date_gmt":"2023-04-26T15:29:13","guid":{"rendered":"https:\/\/www.planet-knox.com\/?post_type=product&#038;p=201033"},"modified":"2026-03-24T09:26:56","modified_gmt":"2026-03-24T09:26:56","slug":"micro-lock-hip-part-219","status":"publish","type":"product","link":"https:\/\/www.planet-knox.com\/ro\/produs\/micro-lock-hip-part-219\/","title":{"rendered":"Micro-Lock &#8211; Hip Part &#8211; 219 (Pair)"},"content":{"rendered":"<div class=\"wpb-content-wrapper\"><div id=\"sizeguide\" class=\"vc_row wpb_row vc_row-fluid gradient-container-1\"><div class=\"gradient-column-1 wpb_column vc_column_container vc_col-sm-12\"><div class=\"vc_column-inner\"><div class=\"wpb_wrapper\">\n\t<div class=\"wpb_raw_code wpb_raw_html wpb_content_element\" >\n\t\t<div class=\"wpb_wrapper\">\n\t\t\t<p>Knox Micro-Lock is fully CE certified to EN 1621-2:2012 Level 2 T+ and T-<\/p>\n<p><strong>V\u0102 RUG\u0102M S\u0102 RE\u021aINE\u021aI:<\/strong> All Limbs and Hip protectors are sold as pairs.<\/p>\n<table class=\"\"microlock\"\">\n  <tbody>\n    <tr class=\"\"heading\"\">\n      <td>Description<\/td>\n      <td>Part No<\/td>\n      <td>Length<\/td>\n      <td>Width<\/td>\n      <td>Standard<\/td>\n      <td>Level<\/td>\n      <td>Size A or B<\/td>\n      <td>Weight per piece (grams)<\/td>\n      <td>Thickness (mm)<\/td>\n    <\/tr>\n    <tr>\n      <td>Back<\/td>\n      <td>114<\/td>\n      <td>45cm<\/td>\n      <td>27cm<\/td>\n      <td>EN 1621-2:2012<\/td>\n      <td>2<\/td>\n      <td>N\/A<\/td>\n      <td>500g<\/td>\n      <td>19<\/td>\n    <\/tr>\n    <tr>\n      <td>Back<\/td>\n      <td>115<\/td>\n      <td>54cm<\/td>\n      <td>31cm<\/td>\n      <td>EN 1621-2:2012<\/td>\n      <td>2<\/td>\n      <td>N\/A<\/td>\n      <td>800g<\/td>\n      <td>22<\/td>\n    <\/tr>\n    <tr>\n      <td>Back<\/td>\n      <td>396<\/td>\n      <td>39cm<\/td>\n      <td>27cm<\/td>\n      <td>EN 1621-1:2012<\/td>\n      <td>1<\/td>\n      <td>N\/A<\/td>\n      <td>500g<\/td>\n      <td>17<\/td>\n    <\/tr>\n    <tr>\n      <td>Back<\/td>\n      <td>397<\/td>\n      <td>41cm<\/td>\n      <td>29cm<\/td>\n      <td>EN 1621-1:2012<\/td>\n      <td>1<\/td>\n      <td>N\/A<\/td>\n      <td>565g<\/td>\n      <td>17<\/td>\n    <\/tr>\n    <tr>\n      <td>Back<\/td>\n      <td>398<\/td>\n      <td>44cm<\/td>\n      <td>32cm<\/td>\n      <td>EN 1621-1:2012<\/td>\n      <td>1<\/td>\n      <td>N\/A<\/td>\n      <td>630g<\/td>\n      <td>17<\/td>\n    <\/tr>\n    <tr>\n      <td>Shoulder - S\/L Elbow\/Knee - S<\/td>\n      <td>362<\/td>\n      <td>23.5cm<\/td>\n      <td>18.5cm<\/td>\n      <td>EN 1621-1:2012<\/td>\n      <td>2<\/td>\n      <td>Type A - S, Type B - E\/K<\/td>\n      <td>115g<\/td>\n      <td>20<\/td>\n    <\/tr>\n    <tr>\n      <td>Elbow\/Knee<\/td>\n      <td>363<\/td>\n      <td>27cm<\/td>\n      <td>19cm<\/td>\n      <td>EN 1621-1:2012<\/td>\n      <td>2<\/td>\n      <td>Type B - E\/K<\/td>\n      <td>135g<\/td>\n      <td>20<\/td>\n    <\/tr>\n    <tr>\n      <td>Shoulder - S\/L Elbow\/Knee - S<\/td>\n      <td>40<\/td>\n      <td>23cm<\/td>\n      <td>18cm<\/td>\n      <td>EN 1621-1:2012<\/td>\n      <td>1<\/td>\n      <td>Type A - E\/K, Type B - S<\/td>\n      <td>95g<\/td>\n      <td>15<\/td>\n    <\/tr>\n    <tr>\n      <td>Elbow\/Knee<\/td>\n      <td>41<\/td>\n      <td>27.5cm<\/td>\n      <td>19cm<\/td>\n      <td>EN 1621-1:2012<\/td>\n      <td>1<\/td>\n      <td>Type B - E\/K<\/td>\n      <td>114g<\/td>\n      <td>15<\/td>\n    <\/tr>\n    <tr>\n      <td>Elbow\/Knee<\/td>\n      <td>42<\/td>\n      <td>27.5cm<\/td>\n      <td>21cm<\/td>\n      <td>EN 1621-1:2012<\/td>\n      <td>1<\/td>\n      <td>Type B - S\/E\/K<\/td>\n      <td>122g<\/td>\n      <td>15<\/td>\n    <\/tr>\n    <tr>\n      <td>Elbow\/Knee<\/td>\n      <td>48<\/td>\n      <td>36cm<\/td>\n      <td>19cm<\/td>\n      <td>EN 1621-1:2012<\/td>\n      <td>1<\/td>\n      <td>Type A - E\/K, Type B - S<\/td>\n      <td>155g<\/td>\n      <td>15<\/td>\n    <\/tr>\n    <tr>\n      <td>Knee\/Shin<\/td>\n      <td>49<\/td>\n      <td>36cm<\/td>\n      <td>19cm<\/td>\n      <td>EN 1621-1:2012<\/td>\n      <td>2<\/td>\n      <td>Type B - K\/L<\/td>\n      <td>155g<\/td>\n      <td>15<\/td>\n    <\/tr>\n    <tr>\n      <td>Hip<\/td>\n      <td>215<\/td>\n      <td>12cm<\/td>\n      <td>21cm<\/td>\n      <td>EN 1621-1:2012<\/td>\n      <td>2<\/td>\n      <td>Type A - Hip<\/td>\n      <td>76g<\/td>\n      <td>15<\/td>\n    <\/tr>\n    <tr>\n      <td>Hip<\/td>\n      <td>216<\/td>\n      <td>16cm<\/td>\n      <td>26cm<\/td>\n      <td>EN 1621-1:2012<\/td>\n      <td>2<\/td>\n      <td>Type B - Hip<\/td>\n      <td>102g<\/td>\n      <td>15<\/td>\n    <\/tr>\n    <tr>\n      <td>Hip<\/td>\n      <td>219<\/td>\n      <td>11.5cm<\/td>\n      <td>18.5cm<\/td>\n      <td>EN 1621-1:2012<\/td>\n      <td>1<\/td>\n      <td>Type B - Hip<\/td>\n      <td>58g<\/td>\n      <td>15<\/td>\n    <\/tr>\n  <\/tbody>\n<\/table>\n\t\t<\/div>\n\t<\/div>\n<\/div><\/div><\/div><\/div>\n<\/div>","protected":false},"excerpt":{"rendered":"<p>SMART  &#8211;  SOFT &#8211; STABLE<\/p>\n<p>New MICRO-LOCK back and limb protectors are the softest, most comfortable<\/p>\n<p>protectors Knox has ever made and they totally contour to the body.<\/p>\n<p>Knox MICRO-LOCK uses SMART technology and properties to keep the armour super soft<\/p>\n<p>to touch but it locks when impacted. The locking action increases the amount of impact<\/p>\n<p>absorbed by the back protector and reduces the energy passed through to your back.<\/p>\n<p>All parts are CE certified with both Level 1 and Level 2 options for both limbs and back.<\/p>\n<p>Colour\u00a0 &#8211; Yellow<\/p>","protected":false},"featured_media":141608,"comment_status":"open","ping_status":"closed","template":"","meta":{"_acf_changed":false,"inline_featured_image":false},"product_brand":[],"product_cat":[2707,636,632,556,2713,653,605],"product_tag":[517,518],"class_list":{"0":"post-201033","1":"product","2":"type-product","3":"status-publish","4":"has-post-thumbnail","6":"product_cat-armour-inserts-upgrades-replacements","7":"product_cat-armour-upgrades","8":"product_cat-body-armour","9":"product_cat-mens-body-armour","10":"product_cat-other-upgrades","11":"product_cat-women","12":"product_cat-womens-body-armour","13":"product_tag-men","14":"product_tag-women","16":"first","17":"instock","18":"taxable","19":"shipping-taxable","20":"purchasable","21":"product-type-simple"},"acf":[],"aioseo_notices":[],"gallery_images":[],"_links":{"self":[{"href":"https:\/\/www.planet-knox.com\/ro\/wp-json\/wp\/v2\/product\/201033","targetHints":{"allow":["GET"]}}],"collection":[{"href":"https:\/\/www.planet-knox.com\/ro\/wp-json\/wp\/v2\/product"}],"about":[{"href":"https:\/\/www.planet-knox.com\/ro\/wp-json\/wp\/v2\/types\/product"}],"replies":[{"embeddable":true,"href":"https:\/\/www.planet-knox.com\/ro\/wp-json\/wp\/v2\/comments?post=201033"}],"wp:featuredmedia":[{"embeddable":true,"href":"https:\/\/www.planet-knox.com\/ro\/wp-json\/wp\/v2\/media\/141608"}],"wp:attachment":[{"href":"https:\/\/www.planet-knox.com\/ro\/wp-json\/wp\/v2\/media?parent=201033"}],"wp:term":[{"taxonomy":"product_brand","embeddable":true,"href":"https:\/\/www.planet-knox.com\/ro\/wp-json\/wp\/v2\/product_brand?post=201033"},{"taxonomy":"product_cat","embeddable":true,"href":"https:\/\/www.planet-knox.com\/ro\/wp-json\/wp\/v2\/product_cat?post=201033"},{"taxonomy":"product_tag","embeddable":true,"href":"https:\/\/www.planet-knox.com\/ro\/wp-json\/wp\/v2\/product_tag?post=201033"}],"curies":[{"name":"wp","href":"https:\/\/api.w.org\/{rel}","templated":true}]}}