{"id":213447,"date":"2023-10-31T14:34:50","date_gmt":"2023-10-31T14:34:50","guid":{"rendered":"https:\/\/www.planet-knox.com\/?post_type=product&#038;p=213447"},"modified":"2026-03-24T09:28:40","modified_gmt":"2026-03-24T09:28:40","slug":"black-heritage-race-t-shirt","status":"publish","type":"product","link":"https:\/\/www.planet-knox.com\/pl\/produkt\/black-heritage-race-t-shirt\/","title":{"rendered":"Heritage Race T-Shirt &#8211; Black"},"content":{"rendered":"<div class=\"wpb-content-wrapper\"><div id=\"sizeguide\" class=\"vc_row wpb_row vc_row-fluid gradient-container-1\"><div class=\"gradient-column-1 wpb_column vc_column_container vc_col-sm-12\"><div class=\"vc_column-inner\"><div class=\"wpb_wrapper\"><div class=\"norebro-heading-sc heading text-center\"\n\tid=\"norebro-custom-69f42d227d10b\" \n\t \n\t>\n\t\n\t\n\t\n\t<h3 class=\"title\">\n\t\tPrzewodnik po rozmiarach\t<\/h3>\n\n\t\n\t\t\t<p class=\"subtitle\">\n\t\t\tPotrzebujesz pomocy? Skorzystaj z czatu na \u017cywo lub napisz do nas: <a href=\"mailto:sales@planet-knox.com\">sales@planet-knox.com<\/a>\t\t<\/p>\n\t\t\n<\/div><div class=\"vc_empty_space\"   style=\"height: 32px\"><span class=\"vc_empty_space_inner\"><\/span><\/div><div class=\"vc_separator wpb_content_element vc_separator_align_center vc_sep_width_100 vc_sep_pos_align_center vc_separator_no_text vc_sep_color_grey wpb_content_element  wpb_content_element\" ><span class=\"vc_sep_holder vc_sep_holder_l\"><span class=\"vc_sep_line\"><\/span><\/span><span class=\"vc_sep_holder vc_sep_holder_r\"><span class=\"vc_sep_line\"><\/span><\/span>\n<\/div><div class=\"vc_empty_space\"   style=\"height: 32px\"><span class=\"vc_empty_space_inner\"><\/span><\/div>\n\t<div  class=\"wpb_single_image wpb_content_element vc_align_center wpb_content_element\">\n\t\t\n\t\t<figure class=\"wpb_wrapper vc_figure\">\n\t\t\t<div class=\"vc_single_image-wrapper   vc_box_border_grey\"><img decoding=\"async\" width=\"100\" height=\"351\" src=\"https:\/\/www.planet-knox.com\/wp-content\/uploads\/2020\/01\/mens-chest-waist.png\" class=\"vc_single_image-img attachment-full\" alt=\"\" title=\"mens-chest-waist\" srcset=\"https:\/\/www.planet-knox.com\/wp-content\/uploads\/2020\/01\/mens-chest-waist.png 100w, https:\/\/www.planet-knox.com\/wp-content\/uploads\/2020\/01\/mens-chest-waist-3x12.png 3w\" sizes=\"(max-width: 100px) 100vw, 100px\" \/><\/div>\n\t\t<\/figure>\n\t<\/div>\n<div class=\"norebro-text-sc\" \n\tid=\"norebro-custom-69f42d227dd09\" \n\t \n\t>\n\n\t<p style=\"text-align: center;\"><strong>Klatka piersiowa:<\/strong> Zmierz obw\u00f3d wok\u00f3\u0142 najszerszej cz\u0119\u015bci klatki piersiowej i \u0142opatek.<\/p>\n<p style=\"text-align: center;\"><strong>Talia:<\/strong> To work out your size, measure your waist in the position your trousers usually sit. As a guide this is roughly 5-6cm below your belly button.<\/p>\n<p style=\"text-align: center;\"><strong>Uwaga:<\/strong> The measurements given are body measures and we recommend you do not measure over clothing.<\/p>\n\t\n<\/div><div class=\"vc_row wpb_row vc_inner vc_row-fluid sizeguidehelpcolumn vc_row-o-content-middle vc_row-flex\"><div class=\"wpb_column vc_column_container vc_col-sm-6\"><div class=\"vc_column-inner\"><div class=\"wpb_wrapper\"><\/div><\/div><\/div><div class=\"wpb_column vc_column_container vc_col-sm-6\"><div class=\"vc_column-inner\"><div class=\"wpb_wrapper\"><\/div><\/div><\/div><\/div><div class=\"vc_row wpb_row vc_inner vc_row-fluid vc_row-o-content-middle vc_row-flex\"><div class=\"wpb_column vc_column_container vc_col-sm-12\"><div class=\"vc_column-inner\"><div class=\"wpb_wrapper\">\n\t<div class=\"wpb_raw_code wpb_raw_html wpb_content_element\" >\n\t\t<div class=\"wpb_wrapper\">\n\t\t\t<table class=\"knoxtable menstable\" cellspacing=\"0\" cellpadding=\"0\" width=\"100%\">\n  <tr>\n    <th>Rozmiar m\u0119ski UK<\/th>\n    <th>Klatka piersiowa (cale)<\/th>\n    <th>Klatka piersiowa (cm)<\/th>\n    <th>Talia (cale)<\/th>\n    <th>Talia (cm)<\/th>\n  <\/tr>\n  <tr>\n    <td>S<\/td>\n    <td>35-37<\/td>\n    <td>90-96<\/td>\n    <td>30<\/td>\n    <td>76<\/td>\n  <\/tr>\n  <tr>\n    <td>M<\/td>\n    <td>38-40<\/td>\n    <td>98-103<\/td>\n    <td>32<\/td>\n    <td>81<\/td>\n  <\/tr>\n  <tr>\n    <td>L<\/td>\n    <td>41-43<\/td>\n    <td>104-109<\/td>\n    <td>34<\/td>\n    <td>87<\/td>\n  <\/tr>\n  <tr>\n    <td>XL<\/td>\n    <td>44-46<\/td>\n    <td>110-115<\/td>\n    <td>36<\/td>\n    <td>92<\/td>\n  <\/tr>\n  <tr>\n    <td>2XL<\/td>\n    <td>46-48<\/td>\n    <td>116-121<\/td>\n    <td>38<\/td>\n    <td>97<\/td>\n  <\/tr>\n  <tr>\n    <td>3XL<\/td>\n    <td>48-50<\/td>\n    <td>122-127<\/td>\n    <td>40<\/td>\n    <td>102<\/td>\n  <\/tr>\n  <tr>\n    <td>4XL<\/td>\n    <td>50-52<\/td>\n    <td>128-134<\/td>\n    <td>42<\/td>\n    <td>107<\/td>\n  <\/tr>\n  <tr>\n    <td>5XL<\/td>\n    <td>52-54<\/td>\n    <td>135-141<\/td>\n    <td>44<\/td>\n    <td>112<\/td>\n  <\/tr>\n<\/table>\n\t\t<\/div>\n\t<\/div>\n<\/div><\/div><\/div><\/div><div class=\"vc_empty_space\"   style=\"height: 64px\"><span class=\"vc_empty_space_inner\"><\/span><\/div><\/div><\/div><\/div><\/div>\n<\/div>","protected":false},"excerpt":{"rendered":"<p>The Black Heritage Race Tee features an original photograph of the Knox founder, during his racing career. Soft cotton elastane and unique raglan sleeve provide comfort and breathability and machine washable means it&#8217;s easy to care for and it&#8217;s available in sizes S &#8211; 3XL Felt applique design stitched to front, with Knox branding to the back neck. Cotton has natural antibacterial properties with added elastane for premium comfort and stretch.<\/p>","protected":false},"featured_media":227478,"comment_status":"open","ping_status":"closed","template":"","meta":{"_acf_changed":false,"inline_featured_image":false},"product_brand":[],"product_cat":[2735,635,2687,581,585,2681,628],"product_tag":[],"class_list":{"0":"post-213447","1":"product","2":"type-product","3":"status-publish","4":"has-post-thumbnail","6":"product_cat-2024-collection","7":"product_cat-accessories","8":"product_cat-all-products","9":"product_cat-casual-t-shirts","10":"product_cat-mens-accessories","11":"product_cat-stocking-fillers","12":"product_cat-womens-accessories","13":"pa_colour-black","14":"pa_easproj_hs6p_received-2789","15":"pa_easproj_originating_country-tu","16":"pa_size-2xl","17":"pa_size-3xl","18":"pa_size-l","19":"pa_size-m","20":"pa_size-s","21":"pa_size-xl","23":"first","24":"onbackorder","25":"taxable","26":"shipping-taxable","27":"purchasable","28":"product-type-variable","29":"has-default-attributes"},"acf":[],"aioseo_notices":[],"gallery_images":[227481,227482,227480,227479,227483],"_links":{"self":[{"href":"https:\/\/www.planet-knox.com\/pl\/wp-json\/wp\/v2\/product\/213447","targetHints":{"allow":["GET"]}}],"collection":[{"href":"https:\/\/www.planet-knox.com\/pl\/wp-json\/wp\/v2\/product"}],"about":[{"href":"https:\/\/www.planet-knox.com\/pl\/wp-json\/wp\/v2\/types\/product"}],"replies":[{"embeddable":true,"href":"https:\/\/www.planet-knox.com\/pl\/wp-json\/wp\/v2\/comments?post=213447"}],"wp:featuredmedia":[{"embeddable":true,"href":"https:\/\/www.planet-knox.com\/pl\/wp-json\/wp\/v2\/media\/227478"}],"wp:attachment":[{"href":"https:\/\/www.planet-knox.com\/pl\/wp-json\/wp\/v2\/media?parent=213447"}],"wp:term":[{"taxonomy":"product_brand","embeddable":true,"href":"https:\/\/www.planet-knox.com\/pl\/wp-json\/wp\/v2\/product_brand?post=213447"},{"taxonomy":"product_cat","embeddable":true,"href":"https:\/\/www.planet-knox.com\/pl\/wp-json\/wp\/v2\/product_cat?post=213447"},{"taxonomy":"product_tag","embeddable":true,"href":"https:\/\/www.planet-knox.com\/pl\/wp-json\/wp\/v2\/product_tag?post=213447"}],"curies":[{"name":"wp","href":"https:\/\/api.w.org\/{rel}","templated":true}]}}