{"id":157907,"date":"2021-04-27T14:20:24","date_gmt":"2021-04-27T14:20:24","guid":{"rendered":"https:\/\/www.planet-knox.com\/?post_type=product&#038;p=157907"},"modified":"2026-04-20T10:27:39","modified_gmt":"2026-04-20T10:27:39","slug":"whip-womens-glove-oxblood","status":"publish","type":"product","link":"https:\/\/www.planet-knox.com\/pl\/produkt\/whip-womens-glove-oxblood\/","title":{"rendered":"Whip Women&#8217;s Glove"},"content":{"rendered":"<div class=\"wpb-content-wrapper\"><div id=\"sizeguide\" class=\"vc_row wpb_row vc_row-fluid gradient-container-1\"><div class=\"gradient-column-1 wpb_column vc_column_container vc_col-sm-12\"><div class=\"vc_column-inner\"><div class=\"wpb_wrapper\"><div class=\"norebro-heading-sc heading text-center\"\n\tid=\"norebro-custom-69e806020b43d\" \n\t \n\t>\n\t\n\t\n\t\n\t<h3 class=\"title\">\n\t\tPrzewodnik po rozmiarach\t<\/h3>\n\n\t\n\t\t\t<p class=\"subtitle\">\n\t\t\tPotrzebujesz pomocy? Skorzystaj z czatu na \u017cywo lub napisz do nas: <a href=\"mailto:sales@planet-knox.com\">sales@planet-knox.com<\/a>\t\t<\/p>\n\t\t\n<\/div><div class=\"vc_empty_space\"   style=\"height: 32px\"><span class=\"vc_empty_space_inner\"><\/span><\/div><div class=\"vc_separator wpb_content_element vc_separator_align_center vc_sep_width_100 vc_sep_pos_align_center vc_separator_no_text vc_sep_color_grey wpb_content_element  wpb_content_element\" ><span class=\"vc_sep_holder vc_sep_holder_l\"><span class=\"vc_sep_line\"><\/span><\/span><span class=\"vc_sep_holder vc_sep_holder_r\"><span class=\"vc_sep_line\"><\/span><\/span>\n<\/div><div class=\"vc_empty_space\"   style=\"height: 32px\"><span class=\"vc_empty_space_inner\"><\/span><\/div>\n\t<div  class=\"wpb_single_image wpb_content_element vc_align_center wpb_content_element\">\n\t\t\n\t\t<figure class=\"wpb_wrapper vc_figure\">\n\t\t\t<div class=\"vc_single_image-wrapper   vc_box_border_grey\"><img decoding=\"async\" width=\"400\" height=\"293\" src=\"https:\/\/www.planet-knox.com\/wp-content\/uploads\/2019\/02\/womens-gloves.png\" class=\"vc_single_image-img attachment-full\" alt=\"\" title=\"womens-gloves\" srcset=\"https:\/\/www.planet-knox.com\/wp-content\/uploads\/2019\/02\/womens-gloves.png 400w, https:\/\/www.planet-knox.com\/wp-content\/uploads\/2019\/02\/womens-gloves-16x12.png 16w\" sizes=\"(max-width: 400px) 100vw, 400px\" \/><\/div>\n\t\t<\/figure>\n\t<\/div>\n<div class=\"norebro-text-sc\" \n\tid=\"norebro-custom-69e806020bd0c\" \n\t \n\t>\n\n\t<p style=\"text-align: center\"><strong>Obw\u00f3d d\u0142oni (A):<\/strong> Obw\u00f3d d\u0142oni to ca\u0142kowity pomiar wok\u00f3\u0142 najszerszej cz\u0119\u015bci d\u0142oni i nad kostkami. Umie\u015b\u0107 ta\u015bm\u0119 wok\u00f3\u0142 d\u0142oni i zaci\u015bnij pi\u0119\u015b\u0107, a nast\u0119pnie zanotuj pomiar.<\/p>\n<p style=\"text-align: center\"><strong>D\u0142ugo\u015b\u0107 d\u0142oni (B):<\/strong> Zmierz odleg\u0142o\u015b\u0107 od zagi\u0119cia nadgarstka do ko\u0144ca \u015brodkowego palca.<\/p>\n<p style=\"text-align: center\">Zmierz d\u0142ugo\u015b\u0107 i szeroko\u015b\u0107 d\u0142oni i wybierz rozmiar najbardziej zbli\u017cony do pomiar\u00f3w. Powinien on prawid\u0142owo pasowa\u0107 na d\u0142o\u0144. Je\u015bli d\u0142o\u0144 pasuje do jednego rozmiaru, ale nie do drugiego, lub je\u015bli wolisz lu\u017aniejsze dopasowanie, zalecamy wybranie nast\u0119pnego rozmiaru.<\/p>\n\t\n<\/div><div class=\"vc_row wpb_row vc_inner vc_row-fluid sizeguidehelpcolumn vc_row-o-content-middle vc_row-flex\"><div class=\"wpb_column vc_column_container vc_col-sm-6\"><div class=\"vc_column-inner\"><div class=\"wpb_wrapper\"><\/div><\/div><\/div><div class=\"wpb_column vc_column_container vc_col-sm-6\"><div class=\"vc_column-inner\"><div class=\"wpb_wrapper\"><\/div><\/div><\/div><\/div><div class=\"vc_row wpb_row vc_inner vc_row-fluid vc_row-o-content-middle vc_row-flex\"><div class=\"wpb_column vc_column_container vc_col-sm-12\"><div class=\"vc_column-inner\"><div class=\"wpb_wrapper\">\n\t<div class=\"wpb_raw_code wpb_raw_html wpb_content_element\" >\n\t\t<div class=\"wpb_wrapper\">\n\t\t\t<table class=\"knoxtable womensglove\" cellspacing=\"0\" cellpadding=\"0\" width=\"100%\">\n  <tr>\n    <th>Women's Hand Size<\/td>\n    <th>XS<\/th>\n    <th>S<\/th>\n    <th>M<\/th>\n    <th>L<\/th>\n    <th>XL<\/th>\n    <th>XXL<\/th>\n  <\/tr>\n  <tr>\n    <td>Obw\u00f3d d\u0142oni (mm)<\/td>\n    <td>184<\/td>\n    <td>194<\/td>\n    <td>204<\/td>\n    <td>214<\/td>\n    <td>224<\/td>\n    <td>230<\/td>\n  <\/tr>\n  <tr>\n    <td>D\u0142ugo\u015b\u0107 d\u0142oni (mm)<\/td>\n    <td>170<\/td>\n    <td>177<\/td>\n    <td>183<\/td>\n    <td>190<\/td>\n    <td>197<\/td>\n    <td>202<\/td>\n  <\/tr>\n<\/table>\n\t\t<\/div>\n\t<\/div>\n<\/div><\/div><\/div><\/div><div class=\"vc_empty_space\"   style=\"height: 64px\"><span class=\"vc_empty_space_inner\"><\/span><\/div><div class=\"vc_row wpb_row vc_inner vc_row-fluid sizeguidehelpcolumn vc_row-o-content-top vc_row-flex\"><div class=\"wpb_column vc_column_container vc_col-sm-6\"><div class=\"vc_column-inner\"><div class=\"wpb_wrapper\"><div class=\"vc_separator wpb_content_element vc_separator_align_center vc_sep_width_100 vc_sep_pos_align_center vc_sep_color_grey wpb_content_element vc_separator-has-text\" ><span class=\"vc_sep_holder vc_sep_holder_l\"><span class=\"vc_sep_line\"><\/span><\/span><h4>KOLEKCJA SEZONOWA<\/h4><span class=\"vc_sep_holder vc_sep_holder_r\"><span class=\"vc_sep_line\"><\/span><\/span>\n<\/div><div class=\"vc_empty_space\"   style=\"height: 32px\"><span class=\"vc_empty_space_inner\"><\/span><\/div>\n\t<div  class=\"wpb_single_image wpb_content_element vc_align_center wpb_content_element wpb_animate_when_almost_visible wpb_fadeIn fadeIn\">\n\t\t\n\t\t<figure class=\"wpb_wrapper vc_figure\">\n\t\t\t<a href=\"https:\/\/www.planet-knox.com\/pl\/seasonless-collection\/\" target=\"_self\" class=\"vc_single_image-wrapper   vc_box_border_grey\"><img decoding=\"async\" width=\"1320\" height=\"743\" src=\"https:\/\/www.planet-knox.com\/wp-content\/uploads\/2022\/01\/seasonless-15.jpg\" class=\"vc_single_image-img attachment-full\" alt=\"\" title=\"seasonless-15\" srcset=\"https:\/\/www.planet-knox.com\/wp-content\/uploads\/2022\/01\/seasonless-15.jpg 1320w, https:\/\/www.planet-knox.com\/wp-content\/uploads\/2022\/01\/seasonless-15-500x281.jpg 500w, https:\/\/www.planet-knox.com\/wp-content\/uploads\/2022\/01\/seasonless-15-768x432.jpg 768w, https:\/\/www.planet-knox.com\/wp-content\/uploads\/2022\/01\/seasonless-15-18x10.jpg 18w\" sizes=\"(max-width: 1320px) 100vw, 1320px\" \/><\/a>\n\t\t<\/figure>\n\t<\/div>\n<div class=\"vc_empty_space\"   style=\"height: 32px\"><span class=\"vc_empty_space_inner\"><\/span><\/div><div class=\"norebro-text-sc\" \n\tid=\"norebro-custom-69e806020cc22\" \n\t \n\t>\n\n\t<p style=\"text-align: center\">Podstawowe elementy Knox, u\u017cywane podczas ka\u017cdej jazdy i o ka\u017cdej porze roku. Zacznij od podstawowej ochrony i dodaj warstwy, aby dostosowa\u0107 si\u0119 i pokona\u0107 wszystkie warunki, od niezno\u015bnego upa\u0142u po ulewny deszcz.<\/p>\n\t\n<\/div><div class=\"vc_empty_space\"   style=\"height: 32px\"><span class=\"vc_empty_space_inner\"><\/span><\/div><div class=\"norebro-button-sc btn-wrap text-center\" \n\tid=\"norebro-custom-69e806020ccc7\"\n\t \n\t>\n\n\t<a href=\"https:\/\/www.planet-knox.com\/pl\/seasonless-collection\/\" \n\t\tclass=\"btn  btn-outline\">\n\n\t\t\n\t\t\n\t\t<span class=\"text\">\n\t\t\tDowiedz si\u0119 wi\u0119cej\t\t<\/span>\n\n\t\t\n\t\t\n\t\t\t<\/a>\n\n<\/div><div class=\"vc_empty_space\"   style=\"height: 32px\"><span class=\"vc_empty_space_inner\"><\/span><\/div><div class=\"vc_empty_space\"   style=\"height: 32px\"><span class=\"vc_empty_space_inner\"><\/span><\/div><\/div><\/div><\/div><div class=\"wpb_column vc_column_container vc_col-sm-6\"><div class=\"vc_column-inner\"><div class=\"wpb_wrapper\"><div class=\"vc_separator wpb_content_element vc_separator_align_center vc_sep_width_100 vc_sep_pos_align_center vc_sep_color_grey wpb_content_element vc_separator-has-text\" ><span class=\"vc_sep_holder vc_sep_holder_l\"><span class=\"vc_sep_line\"><\/span><\/span><h4>ZBROJA R\u0118CZNA<\/h4><span class=\"vc_sep_holder vc_sep_holder_r\"><span class=\"vc_sep_line\"><\/span><\/span>\n<\/div><div class=\"vc_empty_space\"   style=\"height: 32px\"><span class=\"vc_empty_space_inner\"><\/span><\/div>\n\t<div  class=\"wpb_single_image wpb_content_element vc_align_center wpb_content_element wpb_animate_when_almost_visible wpb_fadeIn fadeIn\">\n\t\t\n\t\t<figure class=\"wpb_wrapper vc_figure\">\n\t\t\t<a href=\"https:\/\/www.planet-knox.com\/pl\/hand-armour\/\" target=\"_self\" class=\"vc_single_image-wrapper   vc_box_border_grey\"><img decoding=\"async\" width=\"1320\" height=\"743\" src=\"https:\/\/www.planet-knox.com\/wp-content\/uploads\/2022\/01\/seasonless-12.jpg\" class=\"vc_single_image-img attachment-full\" alt=\"\" title=\"seasonless-12\" srcset=\"https:\/\/www.planet-knox.com\/wp-content\/uploads\/2022\/01\/seasonless-12.jpg 1320w, https:\/\/www.planet-knox.com\/wp-content\/uploads\/2022\/01\/seasonless-12-500x281.jpg 500w, https:\/\/www.planet-knox.com\/wp-content\/uploads\/2022\/01\/seasonless-12-768x432.jpg 768w, https:\/\/www.planet-knox.com\/wp-content\/uploads\/2022\/01\/seasonless-12-18x10.jpg 18w\" sizes=\"(max-width: 1320px) 100vw, 1320px\" \/><\/a>\n\t\t<\/figure>\n\t<\/div>\n<div class=\"vc_empty_space\"   style=\"height: 32px\"><span class=\"vc_empty_space_inner\"><\/span><\/div><div class=\"norebro-text-sc\" \n\tid=\"norebro-custom-69e806020d615\" \n\t \n\t>\n\n\t<p style=\"text-align: center\">Hands are one of our greatest assets, vitally important for gripping, holding, feeling, and modulating. In short, they\u2019re worth protecting!<\/p>\n\t\n<\/div><div class=\"vc_empty_space\"   style=\"height: 32px\"><span class=\"vc_empty_space_inner\"><\/span><\/div><div class=\"norebro-button-sc btn-wrap text-center\" \n\tid=\"norebro-custom-69e806020d6a3\"\n\t \n\t>\n\n\t<a href=\"https:\/\/www.planet-knox.com\/pl\/hand-armour\/\" \n\t\tclass=\"btn  btn-outline\">\n\n\t\t\n\t\t\n\t\t<span class=\"text\">\n\t\t\tDowiedz si\u0119 wi\u0119cej\t\t<\/span>\n\n\t\t\n\t\t\n\t\t\t<\/a>\n\n<\/div><div class=\"vc_empty_space\"   style=\"height: 32px\"><span class=\"vc_empty_space_inner\"><\/span><\/div><div class=\"vc_empty_space\"   style=\"height: 32px\"><span class=\"vc_empty_space_inner\"><\/span><\/div><\/div><\/div><\/div><\/div><\/div><\/div><\/div><\/div><div id=\"relatedproducts\" data-vc-full-width=\"true\" data-vc-full-width-init=\"false\" class=\"vc_row wpb_row vc_row-fluid gradient-container-2\"><div class=\"gradient-column-2 wpb_column vc_column_container vc_col-sm-12\"><div class=\"vc_column-inner\"><div class=\"wpb_wrapper\"><div class=\"norebro-heading-sc heading text-center\"\n\tid=\"norebro-custom-69e806020dc84\" \n\t \n\t>\n\t\n\t\n\t\n\t<h3 class=\"title\">\n\t\tRelated Products\t<\/h3>\n\n\t\n\t\t\t<p class=\"subtitle\">\n\t\t\tNeed help selecting products that go well together? Use Live chat or email us at: <a href=\"mailto:sales@planet-knox.com\">sales@planet-knox.com<\/a>\t\t<\/p>\n\t\t\n<\/div><div class=\"vc_empty_space\"   style=\"height: 32px\"><span class=\"vc_empty_space_inner\"><\/span><\/div><div class=\"vc_separator wpb_content_element vc_separator_align_center vc_sep_width_100 vc_sep_pos_align_center vc_separator_no_text vc_sep_color_grey wpb_content_element  wpb_content_element\" ><span class=\"vc_sep_holder vc_sep_holder_l\"><span class=\"vc_sep_line\"><\/span><\/span><span class=\"vc_sep_holder vc_sep_holder_r\"><span class=\"vc_sep_line\"><\/span><\/span>\n<\/div><div class=\"vc_empty_space\"   style=\"height: 32px\"><span class=\"vc_empty_space_inner\"><\/span><\/div><div class=\"woocommerce columns-3\">\n<div class=\"vc_row\">\n\t<ul class=\"woo-products norebro-masonry\" data-lazy-container=\"products\">\n\n<li class=\"post-80393 product type-product status-publish has-post-thumbnail product_cat-adventure-riding-collection product_cat-sale product_cat-base-layers product_cat-sponsored-rider-womens-black-handroid product_cat-women product_cat-womens-base-layers product_cat-womens-long-sleeve-baselayers product_tag-women pa_easproj_hs6p_received-2775 pa_easproj_originating_country-tu pa_size-2xl pa_size-l pa_size-m pa_size-s pa_size-xl pa_size-xs first instock sale taxable shipping-taxable purchasable product-type-variable has-default-attributes\" data-product-item=\"true\" data-lazy-item=\"\" data-lazy-scope=\"products\">\n\t<div class=\"product-content trans-shadow\">\n\t\t<a href=\"https:\/\/www.planet-knox.com\/pl\/produkt\/mia-dual-active-baselayer\/\" class=\"static\">\n\t\t\t<div class=\"image-wrap\">\n\t\t\t\t\n\t<span class=\"woo-onsale brand-bg-color\">SALE<\/span>\n\n\t\t\t\t<div class=\"noslide\">\n\t\t\t\t\n\t\t\t\t\t\n\t<span class=\"woo-onsale brand-bg-color\">SALE<\/span>\n<img decoding=\"async\" width=\"650\" height=\"650\" src=\"https:\/\/www.planet-knox.com\/wp-content\/uploads\/2018\/10\/KNXDualMia_1-650x650.jpg\" class=\"attachment-woocommerce_thumbnail size-woocommerce_thumbnail\" alt=\"Mia Dual Active Base Layer\" srcset=\"https:\/\/www.planet-knox.com\/wp-content\/uploads\/2018\/10\/KNXDualMia_1-650x650.jpg 650w, https:\/\/www.planet-knox.com\/wp-content\/uploads\/2018\/10\/KNXDualMia_1-500x500.jpg 500w, https:\/\/www.planet-knox.com\/wp-content\/uploads\/2018\/10\/KNXDualMia_1-1500x1500.jpg 1500w, https:\/\/www.planet-knox.com\/wp-content\/uploads\/2018\/10\/KNXDualMia_1-768x768.jpg 768w, https:\/\/www.planet-knox.com\/wp-content\/uploads\/2018\/10\/KNXDualMia_1-1536x1536.jpg 1536w, https:\/\/www.planet-knox.com\/wp-content\/uploads\/2018\/10\/KNXDualMia_1-scaled.jpg 2048w, https:\/\/www.planet-knox.com\/wp-content\/uploads\/2018\/10\/KNXDualMia_1-12x12.jpg 12w, https:\/\/www.planet-knox.com\/wp-content\/uploads\/2018\/10\/KNXDualMia_1-200x200.jpg 200w, https:\/\/www.planet-knox.com\/wp-content\/uploads\/2018\/10\/KNXDualMia_1-1920x1920.jpg 1920w\" sizes=\"(max-width: 650px) 100vw, 650px\" \/>\n\t\t\t\t<\/div>\n\n\t\t\t<\/div>\n\n\t\t<\/a><a href=\"https:\/\/www.planet-knox.com\/pl\/produkt\/mia-dual-active-baselayer\/\" aria-describedby=\"woocommerce_loop_add_to_cart_link_describedby_80393\" data-quantity=\"1\" class=\"btn btn-brand button product_type_variable add_to_cart_button\" data-product_id=\"80393\" data-product_sku=\"KNXDualMia\" aria-label=\"Wybierz opcje dla \u201eMia Dual Active Base Layer\u201d\" rel=\"nofollow\" data-no-translation=\"\" data-trp-gettext=\"\" data-no-translation-aria-label=\"\">Wybierz opcje<\/a><span id=\"woocommerce_loop_add_to_cart_link_describedby_80393\" class=\"screen-reader-text\">\n\tTen produkt ma wiele wariant\u00f3w. Opcje mo\u017cna wybra\u0107 na stronie produktu<\/span>\n<span class=\"gtm4wp_productdata\" style=\"display:none; visibility:hidden;\" data-gtm4wp_product_data=\"{&quot;internal_id&quot;:80393,&quot;item_id&quot;:&quot;KNXDualMia&quot;,&quot;item_name&quot;:&quot;Mia Dual Active Base Layer&quot;,&quot;sku&quot;:&quot;KNXDualMia&quot;,&quot;price&quot;:29.99,&quot;stocklevel&quot;:1,&quot;stockstatus&quot;:&quot;instock&quot;,&quot;google_business_vertical&quot;:&quot;retail&quot;,&quot;item_category&quot;:&quot;Women\\u2019s Long Sleeve BaseLayers&quot;,&quot;id&quot;:&quot;KNXDualMia&quot;,&quot;item_brand&quot;:&quot;Women\\u2019s Base Layers&quot;,&quot;productlink&quot;:&quot;https:\\\/\\\/www.planet-knox.com\\\/pl\\\/produkt\\\/mia-dual-active-baselayer\\\/&quot;,&quot;item_list_name&quot;:&quot;General Product List&quot;,&quot;index&quot;:1,&quot;product_type&quot;:&quot;variable&quot;}\"><\/span>\t\t<div class=\"wc-product-title-wrap\">\n\t\t\t\t\t\n\t\t\t\t\t\n\t\t\t\t\t\n\t\t\t\t\t\n\t\t\t\t\t\n\t\t\t\t\t\n\t\t\t\t\t\n\t\t\t\t\t\t<h3>\n\t\t\t\t<a href=\"https:\/\/www.planet-knox.com\/pl\/produkt\/mia-dual-active-baselayer\/\" class=\"color-dark\">\n\t\t\t\t\tMia Dual Active Base Layer\t\t\t\t<\/a>\n\t\t\t<\/h3>\n\t\t\t<div class=\"price\">\n\t\t\t\t<span class=\"wcpbc-price wcpbc-price-80393\" data-product-id=\"80393\"><del aria-hidden=\"true\"><span data-product-vat=\"20\" class=\"woocommerce-Price-amount amount\"><span class=\"woocommerce-Price-currencySymbol\">\u00a3<\/span>44.99<\/span><\/del> <span class=\"screen-reader-text\" data-no-translation=\"\" data-trp-gettext=\"\">Pierwotna cena wynosi\u0142a: &pound;44.99.<\/span><ins aria-hidden=\"true\"><span data-product-vat=\"20\" class=\"woocommerce-Price-amount amount\"><span class=\"woocommerce-Price-currencySymbol\">\u00a3<\/span>29.99<\/span><\/ins><span class=\"screen-reader-text\" data-no-translation=\"\" data-trp-gettext=\"\">Aktualna cena wynosi: &pound;29.99.<\/span><\/span>\t\t\t<\/div>\n\t\t\t<div class=\"clear\"><\/div>\n\t\t<\/div>\n\t<\/div>\n<\/li>\n\n<li class=\"post-139983 product type-product status-publish has-post-thumbnail product_cat-sale product_tag-women pa_colour-blue pa_size-2xl pa_size-l pa_size-xl pa_size-xs  instock sale taxable shipping-taxable purchasable product-type-variable has-default-attributes\" data-product-item=\"true\" data-lazy-item=\"\" data-lazy-scope=\"products\">\n\t<div class=\"product-content trans-shadow\">\n\t\t<a href=\"https:\/\/www.planet-knox.com\/pl\/produkt\/brittany-high-waisted-skinny-jeans\/\" class=\"static\">\n\t\t\t<div class=\"image-wrap\">\n\t\t\t\t\n\t<span class=\"woo-onsale brand-bg-color\">SALE<\/span>\n\n\t\t\t\t<div class=\"noslide\">\n\t\t\t\t\n\t\t\t\t\t\n\t<span class=\"woo-onsale brand-bg-color\">SALE<\/span>\n<img decoding=\"async\" width=\"650\" height=\"650\" src=\"https:\/\/www.planet-knox.com\/wp-content\/uploads\/2020\/02\/Brittany-Jeans-Blue-499-scaled-650x650.jpg\" class=\"attachment-woocommerce_thumbnail size-woocommerce_thumbnail\" alt=\"Women\u2019s Brittany - Skinny Jeans - Reg Leg\" srcset=\"https:\/\/www.planet-knox.com\/wp-content\/uploads\/2020\/02\/Brittany-Jeans-Blue-499-scaled-650x650.jpg 650w, https:\/\/www.planet-knox.com\/wp-content\/uploads\/2020\/02\/Brittany-Jeans-Blue-499-500x500.jpg 500w, https:\/\/www.planet-knox.com\/wp-content\/uploads\/2020\/02\/Brittany-Jeans-Blue-499-200x200.jpg 200w, https:\/\/www.planet-knox.com\/wp-content\/uploads\/2020\/02\/Brittany-Jeans-Blue-499-510x510.jpg 510w, https:\/\/www.planet-knox.com\/wp-content\/uploads\/2020\/02\/Brittany-Jeans-Blue-499-100x100.jpg 100w, https:\/\/www.planet-knox.com\/wp-content\/uploads\/2020\/02\/Brittany-Jeans-Blue-499-60x60.jpg 60w, https:\/\/www.planet-knox.com\/wp-content\/uploads\/2020\/02\/Brittany-Jeans-Blue-499-91x90.jpg 91w\" sizes=\"(max-width: 650px) 100vw, 650px\" \/>\n\t\t\t\t<\/div>\n\n\t\t\t<\/div>\n\n\t\t<\/a><a href=\"https:\/\/www.planet-knox.com\/pl\/produkt\/brittany-high-waisted-skinny-jeans\/\" aria-describedby=\"woocommerce_loop_add_to_cart_link_describedby_139983\" data-quantity=\"1\" class=\"btn btn-brand button product_type_variable add_to_cart_button\" data-product_id=\"139983\" data-product_sku=\"\" aria-label=\"Wybierz opcje dla \u201eWomen\u2019s Brittany - Skinny Jeans - Reg Leg\u201d\" rel=\"nofollow\" data-no-translation=\"\" data-trp-gettext=\"\" data-no-translation-aria-label=\"\">Wybierz opcje<\/a><span id=\"woocommerce_loop_add_to_cart_link_describedby_139983\" class=\"screen-reader-text\">\n\tTen produkt ma wiele wariant\u00f3w. Opcje mo\u017cna wybra\u0107 na stronie produktu<\/span>\n<span class=\"gtm4wp_productdata\" style=\"display:none; visibility:hidden;\" data-gtm4wp_product_data=\"{&quot;internal_id&quot;:139983,&quot;item_id&quot;:139983,&quot;item_name&quot;:&quot;Women\\u2019s Brittany - Skinny Jeans - Reg Leg&quot;,&quot;sku&quot;:139983,&quot;price&quot;:59.99,&quot;stocklevel&quot;:1,&quot;stockstatus&quot;:&quot;instock&quot;,&quot;google_business_vertical&quot;:&quot;retail&quot;,&quot;item_category&quot;:&quot;Archive Sale&quot;,&quot;id&quot;:139983,&quot;item_brand&quot;:&quot;Archive Sale&quot;,&quot;productlink&quot;:&quot;https:\\\/\\\/www.planet-knox.com\\\/pl\\\/produkt\\\/brittany-high-waisted-skinny-jeans\\\/&quot;,&quot;item_list_name&quot;:&quot;General Product List&quot;,&quot;index&quot;:2,&quot;product_type&quot;:&quot;variable&quot;}\"><\/span>\t\t<div class=\"wc-product-title-wrap\">\n\t\t\t\t\t\n\t\t\t\t\t\t<h3>\n\t\t\t\t<a href=\"https:\/\/www.planet-knox.com\/pl\/produkt\/brittany-high-waisted-skinny-jeans\/\" class=\"color-dark\">\n\t\t\t\t\tDamskie d\u017cinsy Brittany - Skinny Jeans - Reg Leg\t\t\t\t<\/a>\n\t\t\t<\/h3>\n\t\t\t<div class=\"price\">\n\t\t\t\t<span class=\"wcpbc-price wcpbc-price-139983\" data-product-id=\"139983\"><del aria-hidden=\"true\"><span data-product-vat=\"20\" class=\"woocommerce-Price-amount amount\"><span class=\"woocommerce-Price-currencySymbol\">\u00a3<\/span>139.99<\/span><\/del> <span class=\"screen-reader-text\" data-no-translation=\"\" data-trp-gettext=\"\">Pierwotna cena wynosi\u0142a: &pound;139.99.<\/span><ins aria-hidden=\"true\"><span data-product-vat=\"20\" class=\"woocommerce-Price-amount amount\"><span class=\"woocommerce-Price-currencySymbol\">\u00a3<\/span>59.99<\/span><\/ins><span class=\"screen-reader-text\" data-no-translation=\"\" data-trp-gettext=\"\">Aktualna cena wynosi: &pound;59.99.<\/span><\/span>\t\t\t<\/div>\n\t\t\t<div class=\"clear\"><\/div>\n\t\t<\/div>\n\t<\/div>\n<\/li>\n\t<\/ul>\n<\/div><\/div><div class=\"vc_empty_space\"   style=\"height: 64px\"><span class=\"vc_empty_space_inner\"><\/span><\/div><\/div><\/div><\/div><\/div><div class=\"vc_row-full-width vc_clearfix\"><\/div>\n<\/div>","protected":false},"excerpt":{"rendered":"<p>Women\u2019s short cuff leather glove with luxurious leather whipping detail on the back of the hand and cuff.<\/p>\n<p>Made from 0.8mm goatskin with moulded Knox MICRO-LOCK knuckle protection for impact resistance and touch screen compatible fingers.<\/p>\n<p>Nowo\u015b\u0107 <strong><em>Lift and Lock<\/em><\/strong> wrist strap for easy and secure fastening.<\/p>\n<p>Patented low profile Scaphoid Protection System on the palm.<\/p>\n<p>CE Approved<\/p>","protected":false},"featured_media":83501,"comment_status":"open","ping_status":"closed","template":"","meta":{"_acf_changed":false,"inline_featured_image":false},"product_brand":[],"product_cat":[2683,631,653,618,2717,615,617],"product_tag":[518],"class_list":{"0":"post-157907","1":"product","2":"type-product","3":"status-publish","4":"has-post-thumbnail","6":"product_cat-sale","7":"product_cat-gloves","8":"product_cat-women","9":"product_cat-womens-motorcycle-gloves","10":"product_cat-womens-non-waterproof-gloves","11":"product_cat-womens-touring-gloves","12":"product_cat-womens-urban-gloves","13":"product_tag-women","14":"pa_colour-oxblood","15":"pa_size-l","16":"pa_size-xl","18":"first","19":"instock","20":"sale","21":"taxable","22":"shipping-taxable","23":"purchasable","24":"product-type-variable","25":"has-default-attributes"},"acf":[],"aioseo_notices":[],"gallery_images":[153859,83502],"_links":{"self":[{"href":"https:\/\/www.planet-knox.com\/pl\/wp-json\/wp\/v2\/product\/157907","targetHints":{"allow":["GET"]}}],"collection":[{"href":"https:\/\/www.planet-knox.com\/pl\/wp-json\/wp\/v2\/product"}],"about":[{"href":"https:\/\/www.planet-knox.com\/pl\/wp-json\/wp\/v2\/types\/product"}],"replies":[{"embeddable":true,"href":"https:\/\/www.planet-knox.com\/pl\/wp-json\/wp\/v2\/comments?post=157907"}],"wp:featuredmedia":[{"embeddable":true,"href":"https:\/\/www.planet-knox.com\/pl\/wp-json\/wp\/v2\/media\/83501"}],"wp:attachment":[{"href":"https:\/\/www.planet-knox.com\/pl\/wp-json\/wp\/v2\/media?parent=157907"}],"wp:term":[{"taxonomy":"product_brand","embeddable":true,"href":"https:\/\/www.planet-knox.com\/pl\/wp-json\/wp\/v2\/product_brand?post=157907"},{"taxonomy":"product_cat","embeddable":true,"href":"https:\/\/www.planet-knox.com\/pl\/wp-json\/wp\/v2\/product_cat?post=157907"},{"taxonomy":"product_tag","embeddable":true,"href":"https:\/\/www.planet-knox.com\/pl\/wp-json\/wp\/v2\/product_tag?post=157907"}],"curies":[{"name":"wp","href":"https:\/\/api.w.org\/{rel}","templated":true}]}}