{"id":149433,"date":"2021-01-13T16:40:27","date_gmt":"2021-01-13T16:40:27","guid":{"rendered":"https:\/\/www.planet-knox.com\/?post_type=product&#038;p=149433"},"modified":"2026-04-28T23:10:09","modified_gmt":"2026-04-28T23:10:09","slug":"micro-lock-air-back-protector-mk2","status":"publish","type":"product","link":"https:\/\/www.planet-knox.com\/pl\/produkt\/micro-lock-air-back-protector-mk2\/","title":{"rendered":"Ochraniacz plec\u00f3w Micro-Lock Air Unisex MK2"},"content":{"rendered":"<div class=\"wpb-content-wrapper\"><div class=\"vc_row wpb_row vc_row-fluid gradient-container-1\"><div class=\"gradient-column-1 wpb_column vc_column_container vc_col-sm-12\"><div class=\"vc_column-inner\"><div class=\"wpb_wrapper\"><div class=\"vc_empty_space\"   style=\"height: 32px\"><span class=\"vc_empty_space_inner\"><\/span><\/div><div class=\"norebro-heading-sc heading text-center\"\n\tid=\"norebro-custom-69f3c8d788762\" \n\t \n\t>\n\t\n\t\n\t\n\t<h3 class=\"title\">\n\t\tTechnical Information\t<\/h3>\n\n\t\n\t\t\t<p class=\"subtitle\">\n\t\t\tPotrzebujesz pomocy? Skorzystaj z czatu na \u017cywo lub napisz do nas: <a href=\"mailto:sales@planet-knox.com\">sales@planet-knox.com<\/a>\t\t<\/p>\n\t\t\n<\/div><div class=\"vc_empty_space\"   style=\"height: 32px\"><span class=\"vc_empty_space_inner\"><\/span><\/div><div class=\"vc_separator wpb_content_element vc_separator_align_center vc_sep_width_100 vc_sep_pos_align_center vc_separator_no_text vc_sep_color_grey wpb_content_element  wpb_content_element\" ><span class=\"vc_sep_holder vc_sep_holder_l\"><span class=\"vc_sep_line\"><\/span><\/span><span class=\"vc_sep_holder vc_sep_holder_r\"><span class=\"vc_sep_line\"><\/span><\/span>\n<\/div><div class=\"vc_empty_space\"   style=\"height: 32px\"><span class=\"vc_empty_space_inner\"><\/span><\/div><div class=\"vc_row wpb_row vc_inner vc_row-fluid\"><div class=\"wpb_column vc_column_container vc_col-sm-4\"><div class=\"vc_column-inner\"><div class=\"wpb_wrapper\">\n\t<div  class=\"wpb_single_image wpb_content_element vc_align_left wpb_content_element\">\n\t\t\n\t\t<figure class=\"wpb_wrapper vc_figure\">\n\t\t\t<div class=\"vc_single_image-wrapper   vc_box_border_grey\"><img decoding=\"async\" width=\"500\" height=\"397\" src=\"https:\/\/www.planet-knox.com\/wp-content\/uploads\/2021\/01\/mk2-air-level2.jpg\" class=\"vc_single_image-img attachment-thumbnail\" alt=\"\" title=\"mk2-air-level2\" srcset=\"https:\/\/www.planet-knox.com\/wp-content\/uploads\/2021\/01\/mk2-air-level2.jpg 500w, https:\/\/www.planet-knox.com\/wp-content\/uploads\/2021\/01\/mk2-air-level2-76x60.jpg 76w, https:\/\/www.planet-knox.com\/wp-content\/uploads\/2021\/01\/mk2-air-level2-113x90.jpg 113w\" sizes=\"(max-width: 500px) 100vw, 500px\" \/><\/div>\n\t\t<\/figure>\n\t<\/div>\n<\/div><\/div><\/div><div class=\"wpb_column vc_column_container vc_col-sm-8\"><div class=\"vc_column-inner\"><div class=\"wpb_wrapper\">\n\t<div class=\"wpb_text_column wpb_content_element\" >\n\t\t<div class=\"wpb_wrapper\">\n\t\t\t<h3>CE Certified EN1621  &#8211;  2  &#8211;  2014 Level 2<\/h3>\n<p>Knox Micro-Lock MK 2 is CE certified to the latest back protector standard, EN 1621-2:2014 Level 2 and passes tests at high and low temperatures -20C and + 40C making it a suitable back protector for all sports, motorcycle, bike, ski or snowboard.<\/p>\n<h6>The CE Test Covers<\/h6>\n<p>Approval of Technical file, Approval of user information, Approval of size range, Minimum zone of protection, Performance in ambient conditions, Performance in hydrolytic conditions, Ergonomic assessment, Product marking, Innocuousness.<\/p>\n<p>The Micro-Lock Air MK2 also passed on the optional tests of Performance in high and low temperature conditions.<\/p>\n\n\t\t<\/div>\n\t<\/div>\n<\/div><\/div><\/div><\/div><div class=\"vc_empty_space\"   style=\"height: 64px\"><span class=\"vc_empty_space_inner\"><\/span><\/div><\/div><\/div><\/div><\/div><div id=\"sizeguide\" class=\"vc_row wpb_row vc_row-fluid gradient-container-2\"><div class=\"gradient-column-2 wpb_column vc_column_container vc_col-sm-12\"><div class=\"vc_column-inner\"><div class=\"wpb_wrapper\"><div class=\"norebro-heading-sc heading text-center\"\n\tid=\"norebro-custom-69f3c8d7898aa\" \n\t \n\t>\n\t\n\t\n\t\n\t<h3 class=\"title\">\n\t\tPrzewodnik po rozmiarach\t<\/h3>\n\n\t\n\t\t\t<p class=\"subtitle\">\n\t\t\tPotrzebujesz pomocy? Skorzystaj z czatu na \u017cywo lub napisz do nas: <a href=\"mailto:sales@planet-knox.com\">sales@planet-knox.com<\/a>\t\t<\/p>\n\t\t\n<\/div><div class=\"vc_empty_space\"   style=\"height: 32px\"><span class=\"vc_empty_space_inner\"><\/span><\/div><div class=\"vc_separator wpb_content_element vc_separator_align_center vc_sep_width_100 vc_sep_pos_align_center vc_separator_no_text vc_sep_color_grey wpb_content_element  wpb_content_element\" ><span class=\"vc_sep_holder vc_sep_holder_l\"><span class=\"vc_sep_line\"><\/span><\/span><span class=\"vc_sep_holder vc_sep_holder_r\"><span class=\"vc_sep_line\"><\/span><\/span>\n<\/div><div class=\"vc_empty_space\"   style=\"height: 32px\"><span class=\"vc_empty_space_inner\"><\/span><\/div><div class=\"vc_row wpb_row vc_inner vc_row-fluid\"><div class=\"wpb_column vc_column_container vc_col-sm-12\"><div class=\"vc_column-inner\"><div class=\"wpb_wrapper\">\n\t<div class=\"wpb_raw_code wpb_raw_html wpb_content_element\" >\n\t\t<div class=\"wpb_wrapper\">\n\t\t\t<table class=\"table\" style=\"width: 100%;\" cellspacing=\"0\" cellpadding=\"3\">\n<tbody>\n<tr class=\"headerrow\">\n<td class=\"blacktablebg\">SIZE<\/td>\n<td class=\"greytablebg\">Small<\/td>\n<td class=\"greytablebg\">Large<\/td>\n<\/tr>\n<tr>\n<td>Waist to Shoulder<\/td>\n<td>40cm<\/td>\n<td>50cm<\/td>\n<\/tr>\n<\/tbody>\n<\/table>\n<p><a class=\"custom-link btn btn-sm btn-accent btn-round btn-icon-left btn-ripple-out btn-border-animated\" href=\"\/wp-content\/uploads\/2017\/01\/KnoxMeasuringGuide.pdf\" target=\"_blank\">Download measuring guide<\/a><\/p>\n\t\t<\/div>\n\t<\/div>\n<\/div><\/div><\/div><\/div><div class=\"vc_empty_space\"   style=\"height: 64px\"><span class=\"vc_empty_space_inner\"><\/span><\/div><\/div><\/div><\/div><\/div><div id=\"relatedproducts\" data-vc-full-width=\"true\" data-vc-full-width-init=\"false\" class=\"vc_row wpb_row vc_row-fluid gradient-container-3 vc_custom_1670331308545 vc_row-has-fill\"><div class=\"gradient-column-3 wpb_column vc_column_container vc_col-sm-12\"><div class=\"vc_column-inner\"><div class=\"wpb_wrapper\"><div class=\"norebro-heading-sc heading text-center\"\n\tid=\"norebro-custom-69f3c8d78a192\" \n\t \n\t>\n\t\n\t\n\t\n\t<h3 class=\"title\">\n\t\tPeople also bought\t<\/h3>\n\n\t\n\t\t\t<p class=\"subtitle\">\n\t\t\tNeed help selecting products that go well together? Use Live chat or email us at: <a href=\"mailto:sales@planet-knox.com\">sales@planet-knox.com<\/a>\t\t<\/p>\n\t\t\n<\/div><div class=\"vc_empty_space\"   style=\"height: 32px\"><span class=\"vc_empty_space_inner\"><\/span><\/div><div class=\"vc_separator wpb_content_element vc_separator_align_center vc_sep_width_100 vc_sep_pos_align_center vc_separator_no_text vc_sep_color_grey wpb_content_element  wpb_content_element\" ><span class=\"vc_sep_holder vc_sep_holder_l\"><span class=\"vc_sep_line\"><\/span><\/span><span class=\"vc_sep_holder vc_sep_holder_r\"><span class=\"vc_sep_line\"><\/span><\/span>\n<\/div><div class=\"vc_empty_space\"   style=\"height: 32px\"><span class=\"vc_empty_space_inner\"><\/span><\/div><div class=\"woocommerce columns-3\">\n<div class=\"vc_row\">\n\t<ul class=\"woo-products norebro-masonry\" data-lazy-container=\"products\">\n\n<li class=\"post-168373 product type-product status-publish has-post-thumbnail product_cat-mens-armoured-shorts-trousers product_cat-mens-armoured-trousers product_cat-mens-body-armour product_cat-mens-motorcycle-trousers product_cat-mens-textile-trousers product_cat-trousers product_cat-women product_cat-womens-armoured-shorts-and-trousers product_cat-womens-armoured-shorts-trousers product_cat-womens-body-armour product_cat-womens-motorcycle-trousers product_tag-men product_tag-women pa_easproj_hs6p_received-2748 pa_easproj_originating_country-cn pa_size-2xl pa_size-3xl pa_size-l pa_size-m pa_size-s pa_size-xl pa_size-xs first instock taxable shipping-taxable purchasable product-type-variable has-default-attributes\" data-product-item=\"true\" data-lazy-item=\"\" data-lazy-scope=\"products\">\n\t<div class=\"product-content trans-shadow\">\n\t\t<a href=\"https:\/\/www.planet-knox.com\/pl\/produkt\/action-pro-unisex-trousers\/\" class=\"static\">\n\t\t\t<div class=\"image-wrap\">\n\t\t\t\t\n\t\t\t\t<div class=\"noslide\">\n\t\t\t\t\n\t\t\t\t\t<img decoding=\"async\" width=\"650\" height=\"650\" src=\"https:\/\/www.planet-knox.com\/wp-content\/uploads\/2022\/01\/KNXActionProTrousers_6-650x650.jpg\" class=\"attachment-woocommerce_thumbnail size-woocommerce_thumbnail\" alt=\"Action Pro Unisex Trousers\" srcset=\"https:\/\/www.planet-knox.com\/wp-content\/uploads\/2022\/01\/KNXActionProTrousers_6-650x650.jpg 650w, https:\/\/www.planet-knox.com\/wp-content\/uploads\/2022\/01\/KNXActionProTrousers_6-500x500.jpg 500w, https:\/\/www.planet-knox.com\/wp-content\/uploads\/2022\/01\/KNXActionProTrousers_6-1500x1500.jpg 1500w, https:\/\/www.planet-knox.com\/wp-content\/uploads\/2022\/01\/KNXActionProTrousers_6-768x768.jpg 768w, https:\/\/www.planet-knox.com\/wp-content\/uploads\/2022\/01\/KNXActionProTrousers_6-1536x1536.jpg 1536w, https:\/\/www.planet-knox.com\/wp-content\/uploads\/2022\/01\/KNXActionProTrousers_6-12x12.jpg 12w, https:\/\/www.planet-knox.com\/wp-content\/uploads\/2022\/01\/KNXActionProTrousers_6-200x200.jpg 200w, https:\/\/www.planet-knox.com\/wp-content\/uploads\/2022\/01\/KNXActionProTrousers_6-1920x1920.jpg 1920w, https:\/\/www.planet-knox.com\/wp-content\/uploads\/2022\/01\/KNXActionProTrousers_6.jpg 2000w\" sizes=\"(max-width: 650px) 100vw, 650px\" \/>\n\t\t\t\t<\/div>\n\n\t\t\t<\/div>\n\n\t\t<\/a><a href=\"https:\/\/www.planet-knox.com\/pl\/produkt\/action-pro-unisex-trousers\/\" aria-describedby=\"woocommerce_loop_add_to_cart_link_describedby_168373\" data-quantity=\"1\" class=\"btn btn-brand button product_type_variable add_to_cart_button\" data-product_id=\"168373\" data-product_sku=\"KNXActionProTrousers\" aria-label=\"Wybierz opcje dla \u201eAction Pro Unisex Trousers\u201d\" rel=\"nofollow\" data-no-translation=\"\" data-trp-gettext=\"\" data-no-translation-aria-label=\"\">Wybierz opcje<\/a><span id=\"woocommerce_loop_add_to_cart_link_describedby_168373\" class=\"screen-reader-text\">\n\tTen produkt ma wiele wariant\u00f3w. Opcje mo\u017cna wybra\u0107 na stronie produktu<\/span>\n<span class=\"gtm4wp_productdata\" style=\"display:none; visibility:hidden;\" data-gtm4wp_product_data=\"{&quot;internal_id&quot;:168373,&quot;item_id&quot;:&quot;KNXActionProTrousers&quot;,&quot;item_name&quot;:&quot;Action Pro Unisex Trousers&quot;,&quot;sku&quot;:&quot;KNXActionProTrousers&quot;,&quot;price&quot;:129.99,&quot;stocklevel&quot;:null,&quot;stockstatus&quot;:&quot;instock&quot;,&quot;google_business_vertical&quot;:&quot;retail&quot;,&quot;item_category&quot;:&quot;Men\\u2019s Body Armour&quot;,&quot;id&quot;:&quot;KNXActionProTrousers&quot;,&quot;item_brand&quot;:&quot;Men\\u2019s Armoured Shorts &amp; Trousers&quot;,&quot;productlink&quot;:&quot;https:\\\/\\\/www.planet-knox.com\\\/pl\\\/produkt\\\/action-pro-unisex-trousers\\\/&quot;,&quot;item_list_name&quot;:&quot;General Product List&quot;,&quot;index&quot;:1,&quot;product_type&quot;:&quot;variable&quot;}\"><\/span>\t\t<div class=\"wc-product-title-wrap\">\n\t\t\t\t\t\n\t\t\t\t\t\n\t\t\t\t\t\n\t\t\t\t\t\n\t\t\t\t\t\n\t\t\t\t\t\n\t\t\t\t\t\n\t\t\t\t\t\n\t\t\t\t\t\n\t\t\t\t\t\n\t\t\t\t\t\n\t\t\t\t\t\t<h3>\n\t\t\t\t<a href=\"https:\/\/www.planet-knox.com\/pl\/produkt\/action-pro-unisex-trousers\/\" class=\"color-dark\">\n\t\t\t\t\tSpodnie unisex Action Pro\t\t\t\t<\/a>\n\t\t\t<\/h3>\n\t\t\t<div class=\"price\">\n\t\t\t\t<span class=\"wcpbc-price wcpbc-price-168373\" data-product-id=\"168373\"><span data-product-vat=\"20\" class=\"woocommerce-Price-amount amount\"><span class=\"woocommerce-Price-currencySymbol\">\u00a3<\/span>129.99<\/span><\/span>\t\t\t<\/div>\n\t\t\t<div class=\"clear\"><\/div>\n\t\t<\/div>\n\t<\/div>\n<\/li>\n\n<li class=\"post-80393 product type-product status-publish has-post-thumbnail product_cat-adventure-riding-collection product_cat-sale product_cat-base-layers product_cat-sponsored-rider-womens-black-handroid product_cat-women product_cat-womens-base-layers product_cat-womens-long-sleeve-baselayers product_tag-women pa_easproj_hs6p_received-2775 pa_easproj_originating_country-tu pa_size-2xl pa_size-l pa_size-m pa_size-s pa_size-xl pa_size-xs  instock sale taxable shipping-taxable purchasable product-type-variable has-default-attributes\" data-product-item=\"true\" data-lazy-item=\"\" data-lazy-scope=\"products\">\n\t<div class=\"product-content trans-shadow\">\n\t\t<a href=\"https:\/\/www.planet-knox.com\/pl\/produkt\/mia-dual-active-baselayer\/\" class=\"static\">\n\t\t\t<div class=\"image-wrap\">\n\t\t\t\t\n\t<span class=\"woo-onsale brand-bg-color\">SALE<\/span>\n\n\t\t\t\t<div class=\"noslide\">\n\t\t\t\t\n\t\t\t\t\t\n\t<span class=\"woo-onsale brand-bg-color\">SALE<\/span>\n<img decoding=\"async\" width=\"650\" height=\"650\" src=\"https:\/\/www.planet-knox.com\/wp-content\/uploads\/2018\/10\/KNXDualMia_1-650x650.jpg\" class=\"attachment-woocommerce_thumbnail size-woocommerce_thumbnail\" alt=\"Mia Dual Active Base Layer\" srcset=\"https:\/\/www.planet-knox.com\/wp-content\/uploads\/2018\/10\/KNXDualMia_1-650x650.jpg 650w, https:\/\/www.planet-knox.com\/wp-content\/uploads\/2018\/10\/KNXDualMia_1-500x500.jpg 500w, https:\/\/www.planet-knox.com\/wp-content\/uploads\/2018\/10\/KNXDualMia_1-1500x1500.jpg 1500w, https:\/\/www.planet-knox.com\/wp-content\/uploads\/2018\/10\/KNXDualMia_1-768x768.jpg 768w, https:\/\/www.planet-knox.com\/wp-content\/uploads\/2018\/10\/KNXDualMia_1-1536x1536.jpg 1536w, https:\/\/www.planet-knox.com\/wp-content\/uploads\/2018\/10\/KNXDualMia_1-scaled.jpg 2048w, https:\/\/www.planet-knox.com\/wp-content\/uploads\/2018\/10\/KNXDualMia_1-12x12.jpg 12w, https:\/\/www.planet-knox.com\/wp-content\/uploads\/2018\/10\/KNXDualMia_1-200x200.jpg 200w, https:\/\/www.planet-knox.com\/wp-content\/uploads\/2018\/10\/KNXDualMia_1-1920x1920.jpg 1920w\" sizes=\"(max-width: 650px) 100vw, 650px\" \/>\n\t\t\t\t<\/div>\n\n\t\t\t<\/div>\n\n\t\t<\/a><a href=\"https:\/\/www.planet-knox.com\/pl\/produkt\/mia-dual-active-baselayer\/\" aria-describedby=\"woocommerce_loop_add_to_cart_link_describedby_80393\" data-quantity=\"1\" class=\"btn btn-brand button product_type_variable add_to_cart_button\" data-product_id=\"80393\" data-product_sku=\"KNXDualMia\" aria-label=\"Wybierz opcje dla \u201eMia Dual Active Base Layer\u201d\" rel=\"nofollow\" data-no-translation=\"\" data-trp-gettext=\"\" data-no-translation-aria-label=\"\">Wybierz opcje<\/a><span id=\"woocommerce_loop_add_to_cart_link_describedby_80393\" class=\"screen-reader-text\">\n\tTen produkt ma wiele wariant\u00f3w. Opcje mo\u017cna wybra\u0107 na stronie produktu<\/span>\n<span class=\"gtm4wp_productdata\" style=\"display:none; visibility:hidden;\" data-gtm4wp_product_data=\"{&quot;internal_id&quot;:80393,&quot;item_id&quot;:&quot;KNXDualMia&quot;,&quot;item_name&quot;:&quot;Mia Dual Active Base Layer&quot;,&quot;sku&quot;:&quot;KNXDualMia&quot;,&quot;price&quot;:29.99,&quot;stocklevel&quot;:1,&quot;stockstatus&quot;:&quot;instock&quot;,&quot;google_business_vertical&quot;:&quot;retail&quot;,&quot;item_category&quot;:&quot;Women\\u2019s Long Sleeve BaseLayers&quot;,&quot;id&quot;:&quot;KNXDualMia&quot;,&quot;item_brand&quot;:&quot;Women\\u2019s Base Layers&quot;,&quot;productlink&quot;:&quot;https:\\\/\\\/www.planet-knox.com\\\/pl\\\/produkt\\\/mia-dual-active-baselayer\\\/&quot;,&quot;item_list_name&quot;:&quot;General Product List&quot;,&quot;index&quot;:2,&quot;product_type&quot;:&quot;variable&quot;}\"><\/span>\t\t<div class=\"wc-product-title-wrap\">\n\t\t\t\t\t\n\t\t\t\t\t\n\t\t\t\t\t\n\t\t\t\t\t\n\t\t\t\t\t\n\t\t\t\t\t\n\t\t\t\t\t\n\t\t\t\t\t\t<h3>\n\t\t\t\t<a href=\"https:\/\/www.planet-knox.com\/pl\/produkt\/mia-dual-active-baselayer\/\" class=\"color-dark\">\n\t\t\t\t\tMia Dual Active Base Layer\t\t\t\t<\/a>\n\t\t\t<\/h3>\n\t\t\t<div class=\"price\">\n\t\t\t\t<span class=\"wcpbc-price wcpbc-price-80393\" data-product-id=\"80393\"><del aria-hidden=\"true\"><span data-product-vat=\"20\" class=\"woocommerce-Price-amount amount\"><span class=\"woocommerce-Price-currencySymbol\">\u00a3<\/span>44.99<\/span><\/del> <span class=\"screen-reader-text\" data-no-translation=\"\" data-trp-gettext=\"\">Pierwotna cena wynosi\u0142a: &pound;44.99.<\/span><ins aria-hidden=\"true\"><span data-product-vat=\"20\" class=\"woocommerce-Price-amount amount\"><span class=\"woocommerce-Price-currencySymbol\">\u00a3<\/span>29.99<\/span><\/ins><span class=\"screen-reader-text\" data-no-translation=\"\" data-trp-gettext=\"\">Aktualna cena wynosi: &pound;29.99.<\/span><\/span>\t\t\t<\/div>\n\t\t\t<div class=\"clear\"><\/div>\n\t\t<\/div>\n\t<\/div>\n<\/li>\n\n<li class=\"post-80877 product type-product status-publish has-post-thumbnail product_cat-gloves product_cat-mens-non-waterproof-gloves product_cat-mens-motorcycle-gloves product_cat-womens-motorcycle-gloves product_tag-men product_tag-wheelie product_tag-women pa_colour-black pa_size-2xl pa_size-l pa_size-m pa_size-s pa_size-xl last outofstock taxable shipping-taxable purchasable product-type-variable has-default-attributes\" data-product-item=\"true\" data-lazy-item=\"\" data-lazy-scope=\"products\">\n\t<div class=\"product-content trans-shadow\">\n\t\t<a href=\"https:\/\/www.planet-knox.com\/pl\/produkt\/orsa-leather-mk2-ce-motorcycle-gloves\/\" class=\"static\">\n\t\t\t<div class=\"image-wrap\">\n\t\t\t\t\n\t<span class=\"woo-onsale out\">OUT OF STOCK<\/span>\n\n\t\t\t\t<div class=\"noslide\">\n\t\t\t\t\n\t\t\t\t\t\n\t<span class=\"woo-onsale out\">OUT OF STOCK<\/span>\n<img decoding=\"async\" width=\"650\" height=\"650\" src=\"https:\/\/www.planet-knox.com\/wp-content\/uploads\/2018\/10\/Orsa-Black-1-1-1-650x650.jpg\" class=\"attachment-woocommerce_thumbnail size-woocommerce_thumbnail\" alt=\"Orsa Leather MK2 Gloves\" srcset=\"https:\/\/www.planet-knox.com\/wp-content\/uploads\/2018\/10\/Orsa-Black-1-1-1-650x650.jpg 650w, https:\/\/www.planet-knox.com\/wp-content\/uploads\/2018\/10\/Orsa-Black-1-1-1-500x500.jpg 500w, https:\/\/www.planet-knox.com\/wp-content\/uploads\/2018\/10\/Orsa-Black-1-1-1.jpg 1500w, https:\/\/www.planet-knox.com\/wp-content\/uploads\/2018\/10\/Orsa-Black-1-1-1-768x768.jpg 768w, https:\/\/www.planet-knox.com\/wp-content\/uploads\/2018\/10\/Orsa-Black-1-1-1-200x200.jpg 200w, https:\/\/www.planet-knox.com\/wp-content\/uploads\/2018\/10\/Orsa-Black-1-1-1-510x510.jpg 510w, https:\/\/www.planet-knox.com\/wp-content\/uploads\/2018\/10\/Orsa-Black-1-1-1-100x100.jpg 100w, https:\/\/www.planet-knox.com\/wp-content\/uploads\/2018\/10\/Orsa-Black-1-1-1-60x60.jpg 60w, https:\/\/www.planet-knox.com\/wp-content\/uploads\/2018\/10\/Orsa-Black-1-1-1-90x90.jpg 90w\" sizes=\"(max-width: 650px) 100vw, 650px\" \/>\n\t\t\t\t<\/div>\n\n\t\t\t<\/div>\n\n\t\t<\/a><a href=\"https:\/\/www.planet-knox.com\/pl\/produkt\/orsa-leather-mk2-ce-motorcycle-gloves\/\" aria-describedby=\"woocommerce_loop_add_to_cart_link_describedby_80877\" data-quantity=\"1\" class=\"btn btn-brand button product_type_variable\" data-product_id=\"80877\" data-product_sku=\"\" aria-label=\"Wybierz opcje dla \u201eOrsa Leather MK2 Gloves\u201d\" rel=\"nofollow\" data-no-translation=\"\" data-trp-gettext=\"\" data-no-translation-aria-label=\"\">Wybierz opcje<\/a><span id=\"woocommerce_loop_add_to_cart_link_describedby_80877\" class=\"screen-reader-text\">\n\tTen produkt ma wiele wariant\u00f3w. Opcje mo\u017cna wybra\u0107 na stronie produktu<\/span>\n<span class=\"gtm4wp_productdata\" style=\"display:none; visibility:hidden;\" data-gtm4wp_product_data=\"{&quot;internal_id&quot;:80877,&quot;item_id&quot;:80877,&quot;item_name&quot;:&quot;Orsa Leather MK2 Gloves&quot;,&quot;sku&quot;:80877,&quot;price&quot;:129.99,&quot;stocklevel&quot;:0,&quot;stockstatus&quot;:&quot;outofstock&quot;,&quot;google_business_vertical&quot;:&quot;retail&quot;,&quot;item_category&quot;:&quot;Men\\u2019s Motorcycle Gloves&quot;,&quot;id&quot;:80877,&quot;item_brand&quot;:&quot;Women\\u2019s Motorcycle Gloves&quot;,&quot;productlink&quot;:&quot;https:\\\/\\\/www.planet-knox.com\\\/pl\\\/produkt\\\/orsa-leather-mk2-ce-motorcycle-gloves\\\/&quot;,&quot;item_list_name&quot;:&quot;General Product List&quot;,&quot;index&quot;:3,&quot;product_type&quot;:&quot;variable&quot;}\"><\/span>\t\t<div class=\"wc-product-title-wrap\">\n\t\t\t\t\t\n\t\t\t\t\t\n\t\t\t\t\t\n\t\t\t\t\t\n\t\t\t\t\t\t<h3>\n\t\t\t\t<a href=\"https:\/\/www.planet-knox.com\/pl\/produkt\/orsa-leather-mk2-ce-motorcycle-gloves\/\" class=\"color-dark\">\n\t\t\t\t\tR\u0119kawiczki Orsa Leather MK2\t\t\t\t<\/a>\n\t\t\t<\/h3>\n\t\t\t<div class=\"price\">\n\t\t\t\t<span class=\"wcpbc-price wcpbc-price-80877\" data-product-id=\"80877\"><\/span>\t\t\t<\/div>\n\t\t\t<div class=\"clear\"><\/div>\n\t\t<\/div>\n\t<\/div>\n<\/li>\n\t<\/ul>\n<\/div><\/div><div class=\"vc_empty_space\"   style=\"height: 64px\"><span class=\"vc_empty_space_inner\"><\/span><\/div><\/div><\/div><\/div><\/div><div class=\"vc_row-full-width vc_clearfix\"><\/div>\n<\/div>","protected":false},"excerpt":{"rendered":"<p>Knox Micro-Lock is the softest protection available. \u00a0This makes it perfectly comfortable to wear all day. \u00a0Micro-Lock Air back protectors also contour to the body and they use SMART technology and properties. \u00a0These keep the armour super soft to touch, but it locks when impacted. \u00a0This locking action increases the amount of impact absorbed by the protector, and therefore reduces the amount of unwanted energy passing through to your precious back.<\/p>","protected":false},"featured_media":227323,"comment_status":"open","ping_status":"closed","template":"","meta":{"_acf_changed":false,"inline_featured_image":false},"product_brand":[],"product_cat":[632,562,556,653,603,605],"product_tag":[517,518],"class_list":{"0":"post-149433","1":"product","2":"type-product","3":"status-publish","4":"has-post-thumbnail","6":"product_cat-body-armour","7":"product_cat-mens-back-and-chest-protection","8":"product_cat-mens-body-armour","9":"product_cat-women","10":"product_cat-womens-back-chest-protection","11":"product_cat-womens-body-armour","12":"product_tag-men","13":"product_tag-women","14":"pa_easproj_hs6p_received-2748","15":"pa_easproj_originating_country-gb","16":"pa_size-l","17":"pa_size-s","19":"first","20":"onbackorder","21":"taxable","22":"shipping-taxable","23":"purchasable","24":"product-type-variable","25":"has-default-attributes"},"acf":[],"aioseo_notices":[],"gallery_images":[227321,227322,227320,149849,149853,149855,149859,167257,167259],"_links":{"self":[{"href":"https:\/\/www.planet-knox.com\/pl\/wp-json\/wp\/v2\/product\/149433","targetHints":{"allow":["GET"]}}],"collection":[{"href":"https:\/\/www.planet-knox.com\/pl\/wp-json\/wp\/v2\/product"}],"about":[{"href":"https:\/\/www.planet-knox.com\/pl\/wp-json\/wp\/v2\/types\/product"}],"replies":[{"embeddable":true,"href":"https:\/\/www.planet-knox.com\/pl\/wp-json\/wp\/v2\/comments?post=149433"}],"wp:featuredmedia":[{"embeddable":true,"href":"https:\/\/www.planet-knox.com\/pl\/wp-json\/wp\/v2\/media\/227323"}],"wp:attachment":[{"href":"https:\/\/www.planet-knox.com\/pl\/wp-json\/wp\/v2\/media?parent=149433"}],"wp:term":[{"taxonomy":"product_brand","embeddable":true,"href":"https:\/\/www.planet-knox.com\/pl\/wp-json\/wp\/v2\/product_brand?post=149433"},{"taxonomy":"product_cat","embeddable":true,"href":"https:\/\/www.planet-knox.com\/pl\/wp-json\/wp\/v2\/product_cat?post=149433"},{"taxonomy":"product_tag","embeddable":true,"href":"https:\/\/www.planet-knox.com\/pl\/wp-json\/wp\/v2\/product_tag?post=149433"}],"curies":[{"name":"wp","href":"https:\/\/api.w.org\/{rel}","templated":true}]}}