{"id":142224,"date":"2020-06-16T09:27:40","date_gmt":"2020-06-16T09:27:40","guid":{"rendered":"https:\/\/www.planet-knox.com\/?page_id=142224"},"modified":"2024-07-11T08:27:37","modified_gmt":"2024-07-11T08:27:37","slug":"world-returns","status":"publish","type":"page","link":"https:\/\/www.planet-knox.com\/pl\/product-returns\/world-returns\/","title":{"rendered":"World Returns"},"content":{"rendered":"<div class=\"wpb-content-wrapper\"><div class=\"vc_row wpb_row vc_row-fluid gradient-container-1\"><div class=\"gradient-column-1 wpb_column vc_column_container vc_col-sm-12\"><div class=\"vc_column-inner\"><div class=\"wpb_wrapper\">\n<div class=\"norebro-message-module-sc message-box  error messagemodule\"\n\tid=\"norebro-custom-69e38c529e85f\" \n\t \n\t>\n\t\n\tUWAGA: Dotyczy to zwrotu lub wymiany produkt\u00f3w, kt\u00f3re zosta\u0142y wys\u0142ane w ci\u0105gu ostatnich 30 dni i nie by\u0142y u\u017cywane.<br\/><strong>W PRZYPADKU ROSZCZENIA GWARANCYJNEGO KORZYSTANIE Z TEGO SYSTEMU MO\u017bE SPOWOLNI\u0106 PROCES GWARANCYJNY.<\/strong> W przypadku roszczenia gwarancyjnego nale\u017cy skorzysta\u0107 z formularza gwarancyjnego.\n\t\t\t<a href=\"https:\/\/www.planet-knox.com\/pl\/warranty-request\/\"\t>\n\t\t\tFormularz gwarancyjny Knox\t\t<\/a>\n\t\n\t\t\t<div class=\"close\">\n\t\t\t<span class=\"ion-ios-close-empty\"><\/span>\n\t\t<\/div>\n\t\n<\/div>\n\n<\/div><\/div><\/div><\/div><div class=\"vc_row wpb_row vc_row-fluid gradient-container-2 vc_row-o-content-top vc_row-flex\"><div class=\"gradient-column-2 wpb_column vc_column_container vc_col-sm-12\"><div class=\"vc_column-inner\"><div class=\"wpb_wrapper\"><div class=\"vc_row wpb_row vc_inner vc_row-fluid\"><div class=\"wpb_column vc_column_container vc_col-sm-12\"><div class=\"vc_column-inner\"><div class=\"wpb_wrapper\"><div class=\"vc_empty_space\"   style=\"height: 32px\"><span class=\"vc_empty_space_inner\"><\/span><\/div><div class=\"norebro-heading-sc heading text-center\"\n\tid=\"norebro-custom-69e38c529f1f9\" \n\t \n\t>\n\t\n\t\n\t\n\t<h3 class=\"title\">\n\t\tZwrot produktu\t<\/h3>\n\n\t\n\t\t\t<p class=\"subtitle\">\n\t\t\t\t\t<\/p>\n\t\t\n<\/div><div class=\"norebro-text-sc\" \n\tid=\"norebro-custom-69e38c529f2c7\" \n\t \n\t>\n\n\t<p style=\"text-align: center;\">Przykro nam, \u017ce musisz zwr\u00f3ci\u0107 nam produkt Knox, ale postaramy si\u0119, aby by\u0142o to tak bezbolesne, jak to tylko mo\u017cliwe.<\/p>\n\t\n<\/div><div class=\"vc_empty_space\"   style=\"height: 32px\"><span class=\"vc_empty_space_inner\"><\/span><\/div><\/div><\/div><\/div><\/div><div class=\"norebro-accordion-s\u0441 accordion-box\" \n\tid=\"norebro-custom-69e38c529f453\"\n\tdata-norebro-accordion=\"0\"\n\t \n\t>\n\n\t<div id=\"1670939355589-f20bd553-db0f\" class=\"item\">\n\t\n\t<div class=\"title\">\n\t\t\t\t<h4>1. Wy\u015blij nam e-mail z zamiarem wymiany \/ zwrotu<\/h4>\n\t\t<div class=\"control\">\n\t\t\t<span class=\"ion-plus\"><\/span>\n\t\t<\/div>\n\t<\/div>\n\n\t<div class=\"content\">\n\t\t<div class=\"wrap\">\n\t\t\t<ul>\n<li><a href=\"\/pl\/worldwide-return-exchange\/\"><strong>KLIKNIJ TUTAJ<\/strong><\/a> (Otwiera si\u0119 w nowym oknie), aby wys\u0142a\u0107 do nas wiadomo\u015b\u0107 z pro\u015bb\u0105 o zwrot\/wymian\u0119 produktu.<\/li>\n<li>Nast\u0119pnie odpowiemy i dostarczymy dokumentacj\u0119 niezb\u0119dn\u0105 do bezpiecznego zwrotu produkt\u00f3w przez urz\u0105d celny.\u00a0<strong>Zwykle w ci\u0105gu 72 godzin.<\/strong><\/li>\n<\/ul>\n\t\t<\/div>\n\t<\/div>\n\n<\/div><div id=\"1670939355626-b339c536-4f0a\" class=\"item\">\n\t\n\t<div class=\"title\">\n\t\t\t\t<h4>2. Zapakuj produkt w nowym stanie z metkami. Do paczki nale\u017cy do\u0142\u0105czy\u0107 formularz zwrotu.<\/h4>\n\t\t<div class=\"control\">\n\t\t\t<span class=\"ion-plus\"><\/span>\n\t\t<\/div>\n\t<\/div>\n\n\t<div class=\"content\">\n\t\t<div class=\"wrap\">\n\t\t\t<ul>\n<li><strong>WA\u017bNE:<\/strong>\u00a0Napisz \"<strong>Planet Knox powraca<\/strong>\" i\u00a0<strong>identyfikator zam\u00f3wienia<\/strong>\u00a0na zewn\u0119trznej stronie opakowania.<\/li>\n<li>Do\u0142\u0105cz dostarczon\u0105 przez nas dokumentacj\u0119 na zewn\u0105trz paczki w kopercie do odprawy celnej.<\/li>\n<\/ul>\n\t\t<\/div>\n\t<\/div>\n\n<\/div><div id=\"1670939581384-e7907b80-d55e\" class=\"item\">\n\t\n\t<div class=\"title\">\n\t\t\t\t<h4>3. Prawid\u0142owo oznaczy\u0107 przesy\u0142k\u0119<\/h4>\n\t\t<div class=\"control\">\n\t\t\t<span class=\"ion-plus\"><\/span>\n\t\t<\/div>\n\t<\/div>\n\n\t<div class=\"content\">\n\t\t<div class=\"wrap\">\n\t\t\t<ul>\n<li><strong>IMPORTANT: You must mark all returns as RETURNED GOODS  &#8211;  FAILED SALE<\/strong>.<\/li>\n<\/ul>\n\t\t<\/div>\n\t<\/div>\n\n<\/div><div id=\"1670939621201-95acacd1-8e74\" class=\"item\">\n\t\n\t<div class=\"title\">\n\t\t\t\t<h4>4. Zwr\u00f3\u0107 paczk\u0119 za pomoc\u0105 wybranego kuriera<\/h4>\n\t\t<div class=\"control\">\n\t\t\t<span class=\"ion-plus\"><\/span>\n\t\t<\/div>\n\t<\/div>\n\n\t<div class=\"content\">\n\t\t<div class=\"wrap\">\n\t\t\t<ul>\n<li>Wy\u015blij paczk\u0119.\u00a0<strong>Zdecydowanie zalecamy op\u0142acenie \u015bledzenia i ubezpieczenia produktu. Prosimy o zachowanie dowodu nadania przesy\u0142ki.<\/strong><\/li>\n<\/ul>\n\t\t<\/div>\n\t<\/div>\n\n<\/div><div id=\"1670939635686-5cabed24-6101\" class=\"item\">\n\t\n\t<div class=\"title\">\n\t\t\t\t<h4>5. Zwrot \/ wymiana<\/h4>\n\t\t<div class=\"control\">\n\t\t\t<span class=\"ion-plus\"><\/span>\n\t\t<\/div>\n\t<\/div>\n\n\t<div class=\"content\">\n\t\t<div class=\"wrap\">\n\t\t\t<ul>\n<li>Po otrzymaniu produktu sprawdzimy go.<\/li>\n<li>Po pomy\u015blnym przej\u015bciu kontroli zwr\u00f3cimy pieni\u0105dze w ci\u0105gu 14 dni od otrzymania produktu.<\/li>\n<li>Wymiana zostanie dokonana tak szybko, jak to mo\u017cliwe, je\u015bli produkt nie jest obecnie dost\u0119pny w magazynie, czas realizacji zostanie podyktowany na podstawie ETA na stronie internetowej.<\/li>\n<\/ul>\n\t\t<\/div>\n\t<\/div>\n\n<\/div>\t\n<\/div><\/div><\/div><\/div><\/div>\n<\/div>","protected":false},"excerpt":{"rendered":"PLEASE NOTE: This is to return or exchange products we have shipped to you within the last 30 days, that have not been used.IF YOU HAVE A WARRANTY CLAIM, USING THIS SYSTEM COULD SLOW DOWN YOUR WARRANTY PROCESS. If you have a warranty claim use...","protected":false},"author":1,"featured_media":0,"parent":142190,"menu_order":0,"comment_status":"closed","ping_status":"closed","template":"","meta":{"_acf_changed":false,"inline_featured_image":false,"footnotes":""},"class_list":["post-142224","page","type-page","status-publish","hentry"],"acf":[],"aioseo_notices":[],"_links":{"self":[{"href":"https:\/\/www.planet-knox.com\/pl\/wp-json\/wp\/v2\/pages\/142224","targetHints":{"allow":["GET"]}}],"collection":[{"href":"https:\/\/www.planet-knox.com\/pl\/wp-json\/wp\/v2\/pages"}],"about":[{"href":"https:\/\/www.planet-knox.com\/pl\/wp-json\/wp\/v2\/types\/page"}],"author":[{"embeddable":true,"href":"https:\/\/www.planet-knox.com\/pl\/wp-json\/wp\/v2\/users\/1"}],"replies":[{"embeddable":true,"href":"https:\/\/www.planet-knox.com\/pl\/wp-json\/wp\/v2\/comments?post=142224"}],"version-history":[{"count":0,"href":"https:\/\/www.planet-knox.com\/pl\/wp-json\/wp\/v2\/pages\/142224\/revisions"}],"up":[{"embeddable":true,"href":"https:\/\/www.planet-knox.com\/pl\/wp-json\/wp\/v2\/pages\/142190"}],"wp:attachment":[{"href":"https:\/\/www.planet-knox.com\/pl\/wp-json\/wp\/v2\/media?parent=142224"}],"curies":[{"name":"wp","href":"https:\/\/api.w.org\/{rel}","templated":true}]}}