{"id":141615,"date":"2020-05-18T13:56:37","date_gmt":"2020-05-18T13:56:37","guid":{"rendered":"https:\/\/www.planet-knox.com\/?page_id=141615"},"modified":"2022-12-12T09:58:12","modified_gmt":"2022-12-12T09:58:12","slug":"where-do-you-ship","status":"publish","type":"page","link":"https:\/\/www.planet-knox.com\/lv\/where-do-you-ship\/","title":{"rendered":"Kur j\u016bs s\u016bt\u0101t?"},"content":{"rendered":"<div class=\"wpb-content-wrapper\"><div class=\"vc_row wpb_row vc_row-fluid gradient-container-1\"><div class=\"gradient-column-1 wpb_column vc_column_container vc_col-sm-12\"><div class=\"vc_column-inner\"><div class=\"wpb_wrapper\">\n\t<div class=\"wpb_text_column wpb_content_element\" >\n\t\t<div class=\"wpb_wrapper\">\n\t\t\t<div>We ship almost everywhere, via UPS. (The list of countries where we do not ship is at the bottom of this page). If you add your product\/s to the Cart, then go to the Cart, you can select \u2018Calculate Shipping\u2019 for a quote.<\/div>\n<div><\/div>\n<h4>Knox also has international dealers, use the store finder below to find your nearest dealer.<\/h4>\n\n\t\t<\/div>\n\t<\/div>\n<div class=\"vc_row wpb_row vc_inner vc_row-fluid\"><div class=\"wpb_column vc_column_container vc_col-sm-12\"><div class=\"vc_column-inner\"><div class=\"wpb_wrapper\"><div class=\"vc_empty_space\"   style=\"height: 32px\"><span class=\"vc_empty_space_inner\"><\/span><\/div>\n        <div id=\"store_locator\" class=\"store-locator-container-fluid store_locator modal-body\"  data-hide-stores-on-first-view=\"no\">\n\n            <div class=\"store-locator-row\">\n                \n        <div id=\"store_locator_search_box\" class=\"store_locator_search_box store-locator-col-12 store-locator-col-sm-12 store-locator-col-md-12\">\n\n            <div class=\"store-locator-row\">\n\n            <div class=\"store-locator-col-12 store-locator-col-sm-12 store-locator-col-md-12 wordpress-store-locator-block-search_title\">\n        <div class=\"store-locator-headline store_modal_title\">Find your closest store<\/div>\n\n        \n        <span id=\"store_locator_filter_active_filter_box\" class=\"store_locator_filter_active_filter_box\">\n           <small>Active Filter:<\/small> <span id=\"store_locator_filter_active_filter\"><\/span>\n        <\/span>\n\n        <\/div><div class=\"store-locator-col-12 store-locator-col-sm-12 store-locator-col-md-12 wordpress-store-locator-block-address_field\">        <div class=\"wordpress-store-locator-address-container\">\n            <div class=\"store-locator-row\">\n                <div class=\"store-locator-col-12 store-locator-col-sm-12\">\n\n                                            <label for=\"store_locator_address_field\"  class=\"wordpress-store-locator-label wordpress-store-locator-address-title\">Address<\/label>\n                    \n                    <input id=\"store_locator_address_field\" class=\"store_locator_address_field\" type=\"text\" name=\"location\" placeholder=\"Enter your address\" value=\"\">\n\n                            <a href=\"#\" id=\"store_locator_get_my_position\" class=\"store_locator_text_actions\"><i class=\"fa fa-crosshairs\"><\/i> Get my Position<\/a>\n                <a href=\"#\" id=\"store_locator_reset_filters\" class=\"store_locator_text_actions\"><i class=\"fa fa-eraser\"><\/i> Reset all Filters<\/a>\n                 <a href=\"#\" id=\"store_locator_get_all_stores\" class=\"store_locator_text_actions\"><i class=\"fa fa-globe\"><\/i> Show all Stores<\/a>\n                        <\/div>\n            <\/div>\n        <\/div>\n        <\/div><div class=\"store-locator-col-12 store-locator-col-sm-12 store-locator-col-md-12 wordpress-store-locator-block-search_button\">        <div class=\"wordpress-store-locator-search-container\">\n            <div class=\"store-locator-row\">\n                <div class=\"store-locator-col-12 store-locator-col-sm-12\">\n                    <button id=\"store_locator_find_stores_button\" type=\"button\" class=\"store_locator_find_stores_button btn button et_pb_button btn-primary btn-lg\">\n                        Atrast veikal\u0101                    <\/button>\n                <\/div>\n            <\/div>\n        <\/div>\n        <\/div><div class=\"store-locator-col-12 store-locator-col-sm-12 store-locator-col-md-12 wordpress-store-locator-block-filter\">        <div class=\"wordpress-store-locator-filter-container\">\n            <div class=\"store-locator-row\">\n                <div id=\"store_locator_filter\" class=\"store_locator_filter\">\n\n                                        <div id=\"store_locator_filter_open_close\" class=\"store_locator_filter_open_close store-locator-col-12 store-locator-col-sm-12\">\n                        <div class=\"store-locator-headline store_locator_filter_title\">Filter<\/div> <i class=\"fas fa-chevron-up text-right\"><\/i>\n                    <\/div>\n                    \n                    <div id=\"store_locator_filter_content\" class=\"store_locator_filter_content\" style=\"display: block;\">\n\n                        <div class=\"store-locator-row\">\n                            \n                            <div class=\"store-locator-col-12 store-locator-col-sm-12 store-locator-col-md-12 wordpress-store-locator-block-radius_filter\">        <div class=\"store-locator-col-12 store-locator-col-sm-12 single_filter store-locator-radius-filter\">\n            \n                            <label for=\"store_locator_filter_radius\"  class=\"wordpress-store-locator-label wordpress-store-locator-radius-title\">How far are you willing to travel?<\/label>\n                        \n            <select name=\"radius\" id=\"store_locator_filter_radius\" class=\"select store_locator_filter_radius\">\n            <option value=\"25\" >25 mi<\/option><option value=\"50\" >50 mi<\/option><option value=\"100\" >100 mi<\/option><option value=\"250\" selected=\"selected\">250 mi<\/option><option value=\" 350\" > 350 mi<\/option><option value=\" 500\" > 500 mi<\/option><option value=\" 1000\" > 1000 mi<\/option><option value=\" 1500\" > 1500 mi<\/option><option value=\"2000\" >2000 mi<\/option><option value=\" 2500\" > 2500 mi<\/option>            <\/select>\n        <\/div>\n\n        <\/div>                        <\/div>\n                    <\/div>\n                <\/div>\n            <\/div>\n        <\/div>\n        <\/div>            <\/div>\n\n        <\/div>\n\n        \n        \n        <div id=\"store_locator_main\" class=\"store_locator_main  store-locator-col-12 store-locator-col-sm-12 store-locator-col-md-12\">\n            <div id=\"store_locator_map\" style=\"height: 100%;\"><\/div>\n            <div id=\"store_locator_dragged_button\" class=\"btn button et_pb_button button-primary theme-button store_locator_dragged_button\">\n                Search in this Area            <\/div>\n        <\/div>\n\n                <div id=\"store_locator_sidebar\" class=\"store_locator_sidebar store-locator-col-12 store-locator-col-sm-12 store-locator-col-md-12 below\">\n            <div id=\"store_locator_sidebar_content\" class=\"store_locator_sidebar_content store-locator-row\">\n                    <div id=\"store_locator_result_list_box\" class=\"store_locator_result_list_box store-locator-col-12 store-locator-col-sm-12\">\n            <hr class=\"grey\">\n\n                            <div id=\"store_locator_result_open_close\" class=\"store_locator_result_open_close\">\n                    <div class=\"store_locator_result_list_title\">Results<\/div>\n                    <i class=\"fas fa-chevron-up text-right\"><\/i>\n                <\/div>\n                        \n            <div id=\"store_locator_result_list\" class=\"store-locator-row\" style=\"display: flex;\">\n                \n            <\/div>\n        <\/div>\n                    <\/div>\n        <\/div>\n\n                    <\/div>\n            <button type=\"button\" id=\"store_modal_close\" class=\"store_modal_close\" data-dismiss=\"modal\" aria-label=\"Close\"><span aria-hidden=\"true\">&times;<\/span><\/button>\n            <div id=\"store_locator_loading\" class=\"store_locator_loading store_locator_hidden\"><i class=\"fa-spin fa-3x\"><\/i><\/div>\n        <\/div>\n\n    \n\t<div class=\"wpb_text_column wpb_content_element\" >\n\t\t<div class=\"wpb_wrapper\">\n\t\t\t\n\n\t\t<\/div>\n\t<\/div>\n<\/div><\/div><\/div><\/div>\n\t<div class=\"wpb_text_column wpb_content_element\" >\n\t\t<div class=\"wpb_wrapper\">\n\t\t\t<p>As of the 1st January 2021 the UK has left the EU and single market.\u202f\u00a0At Knox\u00a0we value our European customers greatly\u00a0and want to ensure the smooth flow of orders to\u00a0you.\u202f Please ensure you read this important notice before placing an order.<\/p>\n<ul>\n<li>We continue to ship to all European destinations\u00a0using our courier UPS.\u202fAll orders are tracked and secure.<\/li>\n<li>The cost of shipping will be calculated at the cart checkout once your address is\u00a0entered.<\/li>\n<li>Prices are now displayed on our site\u202f\u00a0<strong>without VAT<\/strong>\u00a0\u202fwhen shopping outside of the UK.<\/li>\n<li>All orders are shipped under DAP terms which means that Knox will be responsible for exporting your order but you will be asked to pay your own countries VAT and duty before the goods are delivered to you.<\/li>\n<li>Before the order is delivered to you UPS will contact you to collect your\u00a0local VAT,\u00a0any\u00a0import duty\u00a0or fee.\u00a0You can also pay these online using the tracking number of your parcel. When the tracking number is entered on the UPS website there should be a \u201cpay now\u201d option available once the goods are ready to be delivered to you.\u202fYou will be notified of these charges\u00a0by\u00a0UPS, not Knox,\u00a0and payment must be made to\u00a0them to\u00a0receive your order.<\/li>\n<li>Any parcels that rejected by customers at the port of entry will be returned to Knox and any UPS charges will be deducted from the customer refund.<\/li>\n<\/ul>\n<p>We will endeavour to make carriage to Europe as smooth as possible and will be monitoring all shipments carefully over the coming months to see if any improvements can be made.<\/p>\n\n\t\t<\/div>\n\t<\/div>\n\n\t<div class=\"wpb_text_column wpb_content_element\" >\n\t\t<div class=\"wpb_wrapper\">\n\t\t\t<p>Countries UPS does <strong>NOT<\/strong> ship to:<\/p>\n<ul>\n<li>Antarctica<\/li>\n<li>Bouvet Island<\/li>\n<li>Cocos (Keeling) Islands<\/li>\n<li>Cuba<\/li>\n<li>Christmas Island<\/li>\n<li>Western Sahara<\/li>\n<li>Falkland Islands (Malvinas)<\/li>\n<li>Equatorial Guinea<\/li>\n<li>South Georgia &amp; South Sandwich Is.<\/li>\n<li>Heard and McDonald Islands<\/li>\n<li>British Indies Chagos<\/li>\n<li>Islamic Republic of Iran<\/li>\n<li>Korea, North<\/li>\n<li>Libya<\/li>\n<li>Midway<\/li>\n<li>Nauru<\/li>\n<li>Niue<\/li>\n<li>Caroline Islands<\/li>\n<li>Saint Pierre and Miquelon<\/li>\n<li>Pitcairn<\/li>\n<li>Sudan<\/li>\n<li>Saint Helena<\/li>\n<li>Somalia<\/li>\n<li>South Sudan<\/li>\n<li>Sao Tome and Principe<\/li>\n<li>Syrian Arab Republic<\/li>\n<li>French Southern Territories<\/li>\n<li>Tajikistan<\/li>\n<li>Tokelau<\/li>\n<li>Turkmenistan<\/li>\n<li>Wake Island<\/li>\n<li>Yemen<\/li>\n<li>Andorra<\/li>\n<li>Belize<\/li>\n<li>Central African Republic<\/li>\n<li>Cook Islands<\/li>\n<li>Federated States of Micronesia<\/li>\n<li>Faroe Islands<\/li>\n<li>French Guiana<\/li>\n<li>Greenland<\/li>\n<li>Iraq<\/li>\n<li>Kiribati<\/li>\n<li>Marshall Islands<\/li>\n<li>Mali<\/li>\n<li>Maldives<\/li>\n<li>Norfolk Island<\/li>\n<li>Papua New Guinea<\/li>\n<li>Palau<\/li>\n<li>Solomon Islands<\/li>\n<li>Chad<\/li>\n<li>Timor Leste<\/li>\n<li>Tonga<\/li>\n<li>Tuvalu<\/li>\n<li>Vanuatu<\/li>\n<li>Wallis and Futuna<\/li>\n<li>Mayotte<\/li>\n<\/ul>\n\n\t\t<\/div>\n\t<\/div>\n<\/div><\/div><\/div><\/div>\n<\/div>","protected":false},"excerpt":{"rendered":"We ship almost everywhere, via UPS. (The list of countries where we do not ship is at the bottom of this page). If you add your product\/s to the Cart, then go to the Cart, you can select \u2018Calculate Shipping\u2019 for a quote. Knox also...","protected":false},"author":1,"featured_media":0,"parent":0,"menu_order":0,"comment_status":"closed","ping_status":"closed","template":"","meta":{"_acf_changed":false,"inline_featured_image":false,"footnotes":""},"class_list":["post-141615","page","type-page","status-publish","hentry"],"acf":[],"aioseo_notices":[],"_links":{"self":[{"href":"https:\/\/www.planet-knox.com\/lv\/wp-json\/wp\/v2\/pages\/141615","targetHints":{"allow":["GET"]}}],"collection":[{"href":"https:\/\/www.planet-knox.com\/lv\/wp-json\/wp\/v2\/pages"}],"about":[{"href":"https:\/\/www.planet-knox.com\/lv\/wp-json\/wp\/v2\/types\/page"}],"author":[{"embeddable":true,"href":"https:\/\/www.planet-knox.com\/lv\/wp-json\/wp\/v2\/users\/1"}],"replies":[{"embeddable":true,"href":"https:\/\/www.planet-knox.com\/lv\/wp-json\/wp\/v2\/comments?post=141615"}],"version-history":[{"count":0,"href":"https:\/\/www.planet-knox.com\/lv\/wp-json\/wp\/v2\/pages\/141615\/revisions"}],"wp:attachment":[{"href":"https:\/\/www.planet-knox.com\/lv\/wp-json\/wp\/v2\/media?parent=141615"}],"curies":[{"name":"wp","href":"https:\/\/api.w.org\/{rel}","templated":true}]}}