{"id":703,"date":"2011-05-20T18:51:43","date_gmt":"2011-05-21T01:51:43","guid":{"rendered":"http:\/\/wpthemetestdata.wordpress.com\/?page_id=703"},"modified":"2025-01-10T15:29:18","modified_gmt":"2025-01-10T15:29:18","slug":"blog","status":"publish","type":"page","link":"https:\/\/www.planet-knox.com\/ja\/blog\/","title":{"rendered":"\u30d6\u30ed\u30b0"},"content":{"rendered":"<div class=\"wpb-content-wrapper\"><div class=\"vc_row wpb_row vc_row-fluid gradient-container-1\"><div class=\"gradient-column-1 wpb_column vc_column_container vc_col-sm-12\"><div class=\"vc_column-inner\"><div class=\"wpb_wrapper\"><div class=\"norebro-heading-sc heading text-center\"\n\tid=\"norebro-custom-69e214eb65abe\" \n\t \n\t>\n\t\n\t\n\t\n\t<h3 class=\"title\">\n\t\t\u30bd\u30fc\u30b7\u30e3\u30eb\u30e1\u30c7\u30a3\u30a2\u306b\u304a\u3051\u308b\u30ce\u30c3\u30af\u30b9\t<\/h3>\n\n\t\n\t\t\t<p class=\"subtitle\">\n\t\t\t\u6700\u65b0\u306e\u30cb\u30e5\u30fc\u30b9\u3001\u30d3\u30c7\u30aa\u3001\u30aa\u30d5\u30a1\u30fc\u3001\u88fd\u54c1\u30ea\u30ea\u30fc\u30b9\u3092\u3054\u89a7\u304f\u3060\u3055\u3044\u3002\t\t<\/p>\n\t\t\n<\/div>\n\t<div class=\"wpb_raw_code wpb_raw_html wpb_content_element\" >\n\t\t<div class=\"wpb_wrapper\">\n\t\t\t<div class=\"blogsocial\"><ul class=\"menu-other\">\n\n\t\t\n\t\t\t\t\n\t\n\t\t<li class=\"social\">\n\t\t\t\t\t\t\t\t<a href=\"https:\/\/www.facebook.com\/knoxarmour\" class=\"facebook\" target=\"_blank\"><i class=\"fa-facebook\"><\/i><\/a>\t\t\t\t\t\t\t\t<a href=\"https:\/\/www.instagram.com\/knoxarmour\" class=\"instagram\" target=\"_blank\"><i class=\"fa-instagram\"><\/i><\/a>\t\t\t\t\t\t\t\t<a href=\"https:\/\/www.twitter.com\/knoxarmour\" class=\"twitter\" target=\"_blank\"><i class=\"fa-twitter\"><\/i><\/a>\t\t\t\t\t\t\t\t<a href=\"https:\/\/www.youtube.com\/knoxarmour?sub_confirm=1\" class=\"youtube\" target=\"_blank\"><i class=\"fa-youtube\"><\/i><\/a>\t\t\t<\/li>\n\t<\/ul><\/div>\n\t\t<\/div>\n\t<\/div>\n<\/div><\/div><\/div><\/div><div class=\"vc_row wpb_row vc_row-fluid gradient-container-2\"><div class=\"gradient-column-2 wpb_column vc_column_container vc_col-sm-12\"><div class=\"vc_column-inner\"><div class=\"wpb_wrapper\"><div class=\"norebro-heading-sc heading text-center\"\n\tid=\"norebro-custom-69e214eb6625f\" \n\t \n\t>\n\t\n\t\n\t\n\t<h3 class=\"title\">\n\t\t\u30ce\u30c3\u30af\u30b9\u306e\u30d6\u30ed\u30b0\u8a18\u4e8b\t<\/h3>\n\n\t\n\t\t\t<p class=\"subtitle\">\n\t\t\t\t\t<\/p>\n\t\t\n<\/div><div class=\"vc_empty_space\"   style=\"height: 32px\"><span class=\"vc_empty_space_inner\"><\/span><\/div><\/div><\/div><\/div><\/div><div class=\"vc_row wpb_row vc_row-fluid gradient-container-3\"><div class=\"gradient-column-3 wpb_column vc_column_container vc_col-sm-12\"><div class=\"vc_column-inner\"><div class=\"wpb_wrapper\"><div class=\"norebro-recent-posts-sc vc_row blog-posts-masonry\" \n\tid=\"norebro-custom-69e214eb72dca\"\n\t \n\t>\n\n\t<div class=\"norebro-masonry\" data-lazy-container=\"posts\"><div class=\"vc_col-lg-6 vc_col-md-6 vc_col-sm-12 vc_col-xs-12 blog-post-masonry masonry-block post-offset norebro-card-wrapper grid-item\" data-lazy-item=\"\" data-lazy-scope=\"posts\"><div class=\"blog-grid grid-1 boxed\"  data-aos-once=\"&quot;true&quot;\" data-aos=\"&quot;fade-up&quot;\">\n\n\t<header>\n\t\t\t\t<a href=\"https:\/\/www.planet-knox.com\/ja\/5-takeaways-from-my-first-hard-enduro-event\/\">\n\t\t\t<img decoding=\"async\" src=\"https:\/\/www.planet-knox.com\/wp-content\/uploads\/2025\/06\/C8982.00_39_47_22.Still007-scaled.jpg\" alt=\"5 Takeaways from my first hard enduro event\">\n\t\t<\/a>\n\t\t\n\t\t\t\t<div class=\"tags\">\n\t\t\t\t\t\t\t<a class=\"tag brand-bg-color brand-border-color\" href=\"https:\/\/www.planet-knox.com\/ja\/news\/gear-reviews\/\">\n\t\t\t\t\t\u30ae\u30a2\u30fb\u30ec\u30d3\u30e5\u30fc\t\t\t\t<\/a>\n\t\t\t\t\t\t\t<a class=\"tag brand-bg-color brand-border-color\" href=\"https:\/\/www.planet-knox.com\/ja\/news\/knox\/\">\n\t\t\t\t\t\u30ce\u30c3\u30af\u30b9\t\t\t\t<\/a>\n\t\t\t\t\t<\/div>\n\t\t\t<\/header>\n\n\t<div class=\"content\">\n\t\t<h3>\n\t\t\t\t\t\t<a href=\"https:\/\/www.planet-knox.com\/ja\/5-takeaways-from-my-first-hard-enduro-event\/\">\n\t\t\t\t5 Takeaways from my first hard enduro event\t\t\t<\/a>\n\t\t<\/h3>\n\t\t\n\t\t<p>Riding Hard Enduro has become an important part of the development work we do at KNOX. It\u2019s an environment where we can really push ourselves, the bikes and our&hellip;<\/p>\n\t<\/div>\n\n\t<footer>\n\t\t\t\t<span class=\"author\">\u30ce\u30c3\u30af\u30b9<\/span>\n\t\t<strong>-<\/strong>\n\t\t\t\t\t\t<span class=\"data\">6\u6708 10, 2025<\/span>\n\t\t\t<\/footer>\n\n<\/div>\n<div class=\"clear\"><\/div><\/div><div class=\"vc_col-lg-6 vc_col-md-6 vc_col-sm-12 vc_col-xs-12 blog-post-masonry masonry-block post-offset norebro-card-wrapper grid-item\" data-lazy-item=\"\" data-lazy-scope=\"posts\"><div class=\"blog-grid grid-1 boxed\"  data-aos-once=\"&quot;true&quot;\" data-aos=\"&quot;fade-up&quot;\">\n\n\t<header>\n\t\t\t\t<a href=\"https:\/\/www.planet-knox.com\/ja\/desert-riding-gear\/\">\n\t\t\t<img decoding=\"async\" src=\"https:\/\/www.planet-knox.com\/wp-content\/uploads\/2025\/04\/2025_YAM_Tenere_PRESS_EU_250407_5689TB_71-scaled.jpg\" alt=\"Desert Riding Gear\">\n\t\t<\/a>\n\t\t\n\t\t\t\t<div class=\"tags\">\n\t\t\t\t\t\t\t<a class=\"tag brand-bg-color brand-border-color\" href=\"https:\/\/www.planet-knox.com\/ja\/news\/gear-reviews\/\">\n\t\t\t\t\t\u30ae\u30a2\u30fb\u30ec\u30d3\u30e5\u30fc\t\t\t\t<\/a>\n\t\t\t\t\t<\/div>\n\t\t\t<\/header>\n\n\t<div class=\"content\">\n\t\t<h3>\n\t\t\t\t\t\t<a href=\"https:\/\/www.planet-knox.com\/ja\/desert-riding-gear\/\">\n\t\t\t\t\u30c7\u30b6\u30fc\u30c8\u30fb\u30e9\u30a4\u30c7\u30a3\u30f3\u30b0\u30fb\u30ae\u30a2\t\t\t<\/a>\n\t\t<\/h3>\n\t\t\n\t\t<p>Having recently headed out to the Moroccan Agafay Desert to sample the latest Tenere 700, it was the perfect environment to test the latest products from Knox.<\/p>\n\t<\/div>\n\n\t<footer>\n\t\t\t\t<span class=\"author\">\u30ce\u30c3\u30af\u30b9<\/span>\n\t\t<strong>-<\/strong>\n\t\t\t\t\t\t<span class=\"data\">5\u6708 27, 2025<\/span>\n\t\t\t<\/footer>\n\n<\/div>\n<div class=\"clear\"><\/div><\/div><div class=\"vc_col-lg-6 vc_col-md-6 vc_col-sm-12 vc_col-xs-12 blog-post-masonry masonry-block post-offset norebro-card-wrapper grid-item\" data-lazy-item=\"\" data-lazy-scope=\"posts\"><div class=\"blog-grid grid-1 boxed\"  data-aos-once=\"&quot;true&quot;\" data-aos=\"&quot;fade-up&quot;\">\n\n\t<header>\n\t\t\t\t<a href=\"https:\/\/www.planet-knox.com\/ja\/2025-yamaha-tenere-700-and-700-rally\/\">\n\t\t\t<img decoding=\"async\" src=\"https:\/\/www.planet-knox.com\/wp-content\/uploads\/2025\/04\/2025_YAM_Tenere_PRESS_EU_250407_6076TB_71-scaled.jpg\" alt=\"2025 Yamaha T\u00e9n\u00e9r\u00e9 700 and T\u00e9n\u00e9r\u00e9 700 Rally  | Review from KNOX\">\n\t\t<\/a>\n\t\t\n\t\t\t\t<div class=\"tags\">\n\t\t\t\t\t\t\t<a class=\"tag brand-bg-color brand-border-color\" href=\"https:\/\/www.planet-knox.com\/ja\/news\/bike-reviews\/\">\n\t\t\t\t\t\u30d0\u30a4\u30af\u30ec\u30d3\u30e5\u30fc\t\t\t\t<\/a>\n\t\t\t\t\t<\/div>\n\t\t\t<\/header>\n\n\t<div class=\"content\">\n\t\t<h3>\n\t\t\t\t\t\t<a href=\"https:\/\/www.planet-knox.com\/ja\/2025-yamaha-tenere-700-and-700-rally\/\">\n\t\t\t\t2025 \u30e4\u30de\u30cf\u30fb\u30c6\u30cd\u30ec700\uff06\u30c6\u30cd\u30ec700\u30e9\u30ea\u30fc\uff5c\u30ec\u30d3\u30e5\u30fc from KNOX\t\t\t<\/a>\n\t\t<\/h3>\n\t\t\n\t\t<p>Positioned as rugged, reliable and tough, and with a wide user appeal of would be rally off road enthusiasts, globe trotters and commuters, Yamaha have a keen interest&hellip;<\/p>\n\t<\/div>\n\n\t<footer>\n\t\t\t\t<span class=\"author\">\u30ce\u30c3\u30af\u30b9<\/span>\n\t\t<strong>-<\/strong>\n\t\t\t\t\t\t<span class=\"data\">4\u6708 28, 2025<\/span>\n\t\t\t<\/footer>\n\n<\/div>\n<div class=\"clear\"><\/div><\/div><div class=\"vc_col-lg-6 vc_col-md-6 vc_col-sm-12 vc_col-xs-12 blog-post-masonry masonry-block post-offset norebro-card-wrapper grid-item\" data-lazy-item=\"\" data-lazy-scope=\"posts\"><div class=\"blog-grid grid-1 boxed\"  data-aos-once=\"&quot;true&quot;\" data-aos=\"&quot;fade-up&quot;\">\n\n\t<header>\n\t\t\t\t<a href=\"https:\/\/www.planet-knox.com\/ja\/i-would-have-lost-my-hand\/\">\n\t\t\t<img decoding=\"async\" src=\"https:\/\/www.planet-knox.com\/wp-content\/uploads\/2025\/02\/review.jpg\" alt=\"I would have lost my hand!\">\n\t\t<\/a>\n\t\t\n\t\t\t\t<div class=\"tags\">\n\t\t\t\t\t\t\t<a class=\"tag brand-bg-color brand-border-color\" href=\"https:\/\/www.planet-knox.com\/ja\/news\/gear-reviews\/\">\n\t\t\t\t\t\u30ae\u30a2\u30fb\u30ec\u30d3\u30e5\u30fc\t\t\t\t<\/a>\n\t\t\t\t\t<\/div>\n\t\t\t<\/header>\n\n\t<div class=\"content\">\n\t\t<h3>\n\t\t\t\t\t\t<a href=\"https:\/\/www.planet-knox.com\/ja\/i-would-have-lost-my-hand\/\">\n\t\t\t\t\u624b\u3092\u5931\u3046\u3068\u3053\u308d\u3060\u3063\u305f\uff01\t\t\t<\/a>\n\t\t<\/h3>\n\t\t\n\t\t<p>Expressed by the badge on the tank, it\u2019s been 30 years of duke and the 1390 is the wildest SuperDuke yet, with more power, and a better spec than ever before.<\/p>\n\t<\/div>\n\n\t<footer>\n\t\t\t\t<span class=\"author\">\u30ce\u30c3\u30af\u30b9<\/span>\n\t\t<strong>-<\/strong>\n\t\t\t\t\t\t<span class=\"data\">2\u6708 6, 2025<\/span>\n\t\t\t<\/footer>\n\n<\/div>\n<div class=\"clear\"><\/div><\/div><div class=\"vc_col-lg-6 vc_col-md-6 vc_col-sm-12 vc_col-xs-12 blog-post-masonry masonry-block post-offset norebro-card-wrapper grid-item\" data-lazy-item=\"\" data-lazy-scope=\"posts\"><div class=\"blog-grid grid-1 boxed\"  data-aos-once=\"&quot;true&quot;\" data-aos=\"&quot;fade-up&quot;\">\n\n\t<header>\n\t\t\t\t<a href=\"https:\/\/www.planet-knox.com\/ja\/the-ultimate-knox-gift-guide\/\">\n\t\t\t<img decoding=\"async\" src=\"https:\/\/www.planet-knox.com\/wp-content\/uploads\/2024\/12\/ultimate.jpg\" alt=\"The Ultimate Knox Gift Guide\">\n\t\t<\/a>\n\t\t\n\t\t\t\t<div class=\"tags\">\n\t\t\t\t\t\t\t<a class=\"tag brand-bg-color brand-border-color\" href=\"https:\/\/www.planet-knox.com\/ja\/news\/knox\/\">\n\t\t\t\t\t\u30ce\u30c3\u30af\u30b9\t\t\t\t<\/a>\n\t\t\t\t\t<\/div>\n\t\t\t<\/header>\n\n\t<div class=\"content\">\n\t\t<h3>\n\t\t\t\t\t\t<a href=\"https:\/\/www.planet-knox.com\/ja\/the-ultimate-knox-gift-guide\/\">\n\t\t\t\t\u7a76\u6975\u306e\u30ce\u30c3\u30af\u30b9\u30fb\u30ae\u30d5\u30c8\u30fb\u30ac\u30a4\u30c9\t\t\t<\/a>\n\t\t<\/h3>\n\t\t\n\t\t<p>When it comes to motorcycle gear, riders know that quality and innovation are non-negotiable. Whether you\u2019re tackling rugged terrains, conquering the race track,&hellip;<\/p>\n\t<\/div>\n\n\t<footer>\n\t\t\t\t<span class=\"author\">\u30ce\u30c3\u30af\u30b9<\/span>\n\t\t<strong>-<\/strong>\n\t\t\t\t\t\t<span class=\"data\">12\u6708 6, 2024<\/span>\n\t\t\t<\/footer>\n\n<\/div>\n<div class=\"clear\"><\/div><\/div><div class=\"vc_col-lg-6 vc_col-md-6 vc_col-sm-12 vc_col-xs-12 blog-post-masonry masonry-block post-offset norebro-card-wrapper grid-item\" data-lazy-item=\"\" data-lazy-scope=\"posts\"><div class=\"blog-grid grid-1 boxed\"  data-aos-once=\"&quot;true&quot;\" data-aos=\"&quot;fade-up&quot;\">\n\n\t<header>\n\t\t\t\t<a href=\"https:\/\/www.planet-knox.com\/ja\/the-ultimate-knox-gift-guide-perfect-presents-under-150\/\">\n\t\t\t<img decoding=\"async\" src=\"https:\/\/www.planet-knox.com\/wp-content\/uploads\/2024\/12\/cover-image-blog-listing.jpg\" alt=\"The Knox Gift Guide: Perfect Presents Under \u00a3150\">\n\t\t<\/a>\n\t\t\n\t\t\t\t<div class=\"tags\">\n\t\t\t\t\t\t\t<a class=\"tag brand-bg-color brand-border-color\" href=\"https:\/\/www.planet-knox.com\/ja\/news\/knox\/\">\n\t\t\t\t\t\u30ce\u30c3\u30af\u30b9\t\t\t\t<\/a>\n\t\t\t\t\t<\/div>\n\t\t\t<\/header>\n\n\t<div class=\"content\">\n\t\t<h3>\n\t\t\t\t\t\t<a href=\"https:\/\/www.planet-knox.com\/ja\/the-ultimate-knox-gift-guide-perfect-presents-under-150\/\">\n\t\t\t\t\u30ce\u30c3\u30af\u30b9\u30fb\u30ae\u30d5\u30c8\u30fb\u30ac\u30a4\u30c9150\u30dd\u30f3\u30c9\u4ee5\u4e0b\u306e\u5b8c\u74a7\u306a\u30d7\u30ec\u30bc\u30f3\u30c8\t\t\t<\/a>\n\t\t<\/h3>\n\t\t\n\t\t<p>With the holiday season fast approaching, we\u2019ve put together our guide to the best gifts from the Knox collection for under \u00a350. Whether you\u2019re shopping for&hellip;<\/p>\n\t<\/div>\n\n\t<footer>\n\t\t\t\t<span class=\"author\">\u30ce\u30c3\u30af\u30b9<\/span>\n\t\t<strong>-<\/strong>\n\t\t\t\t\t\t<span class=\"data\">12\u6708 2, 2024<\/span>\n\t\t\t<\/footer>\n\n<\/div>\n<div class=\"clear\"><\/div><\/div><div class=\"vc_col-lg-6 vc_col-md-6 vc_col-sm-12 vc_col-xs-12 blog-post-masonry masonry-block post-offset norebro-card-wrapper grid-item\" data-lazy-item=\"\" data-lazy-scope=\"posts\"><div class=\"blog-grid grid-1 boxed\"  data-aos-once=\"&quot;true&quot;\" data-aos=\"&quot;fade-up&quot;\">\n\n\t<header>\n\t\t\t\t<a href=\"https:\/\/www.planet-knox.com\/ja\/the-ultimate-knox-gift-guide-perfect-presents-under-50\/\">\n\t\t\t<img decoding=\"async\" src=\"https:\/\/www.planet-knox.com\/wp-content\/uploads\/2024\/11\/base_layers_KNXDualMax_4.jpg\" alt=\"The Knox Gift Guide: Perfect Presents Under \u00a350\">\n\t\t<\/a>\n\t\t\n\t\t\t\t<div class=\"tags\">\n\t\t\t\t\t\t\t<a class=\"tag brand-bg-color brand-border-color\" href=\"https:\/\/www.planet-knox.com\/ja\/news\/knox\/\">\n\t\t\t\t\t\u30ce\u30c3\u30af\u30b9\t\t\t\t<\/a>\n\t\t\t\t\t<\/div>\n\t\t\t<\/header>\n\n\t<div class=\"content\">\n\t\t<h3>\n\t\t\t\t\t\t<a href=\"https:\/\/www.planet-knox.com\/ja\/the-ultimate-knox-gift-guide-perfect-presents-under-50\/\">\n\t\t\t\tThe Knox Gift Guide: Perfect Presents Under \u00a350\t\t\t<\/a>\n\t\t<\/h3>\n\t\t\n\t\t<p>With the holiday season fast approaching, we\u2019ve put together our guide to the best gifts from the Knox collection for under \u00a350. Whether you\u2019re shopping for&hellip;<\/p>\n\t<\/div>\n\n\t<footer>\n\t\t\t\t<span class=\"author\">\u30ce\u30c3\u30af\u30b9<\/span>\n\t\t<strong>-<\/strong>\n\t\t\t\t\t\t<span class=\"data\">11\u6708 27, 2024<\/span>\n\t\t\t<\/footer>\n\n<\/div>\n<div class=\"clear\"><\/div><\/div><div class=\"vc_col-lg-6 vc_col-md-6 vc_col-sm-12 vc_col-xs-12 blog-post-masonry masonry-block post-offset norebro-card-wrapper grid-item\" data-lazy-item=\"\" data-lazy-scope=\"posts\"><div class=\"blog-grid grid-1 boxed\"  data-aos-once=\"&quot;true&quot;\" data-aos=\"&quot;fade-up&quot;\">\n\n\t<header>\n\t\t\t\t<a href=\"https:\/\/www.planet-knox.com\/ja\/ktm-1390-superduke-r\/\">\n\t\t\t<img decoding=\"async\" src=\"https:\/\/www.planet-knox.com\/wp-content\/uploads\/2024\/10\/DSC05841-1.jpg\" alt=\"KTM 1390 Superduke R  | The review from KNOX\">\n\t\t<\/a>\n\t\t\n\t\t\t\t<div class=\"tags\">\n\t\t\t\t\t\t\t<a class=\"tag brand-bg-color brand-border-color\" href=\"https:\/\/www.planet-knox.com\/ja\/news\/bike-reviews\/\">\n\t\t\t\t\t\u30d0\u30a4\u30af\u30ec\u30d3\u30e5\u30fc\t\t\t\t<\/a>\n\t\t\t\t\t<\/div>\n\t\t\t<\/header>\n\n\t<div class=\"content\">\n\t\t<h3>\n\t\t\t\t\t\t<a href=\"https:\/\/www.planet-knox.com\/ja\/ktm-1390-superduke-r\/\">\n\t\t\t\tKTM 1390 Superduke R  | The review from KNOX\t\t\t<\/a>\n\t\t<\/h3>\n\t\t\n\t\t<p>Expressed by the badge on the tank, it\u2019s been 30 years of duke and the 1390 is the wildest SuperDuke yet, with more power, and a better spec than ever before.<\/p>\n\t<\/div>\n\n\t<footer>\n\t\t\t\t<span class=\"author\">\u30ce\u30c3\u30af\u30b9<\/span>\n\t\t<strong>-<\/strong>\n\t\t\t\t\t\t<span class=\"data\">10\u6708 7, 2024<\/span>\n\t\t\t<\/footer>\n\n<\/div>\n<div class=\"clear\"><\/div><\/div><div class=\"vc_col-lg-12 vc_col-md-12 vc_col-sm-12 vc_col-xs-12 blog-post-masonry masonry-block post-offset norebro-card-wrapper\" data-lazy-item=\"\" data-lazy-scope=\"posts\"><div class=\"blog-grid grid-1 boxed\"  data-aos-once=\"&quot;true&quot;\" data-aos=\"&quot;fade-up&quot;\">\n\n\t<header>\n\t\t\t\t<a href=\"https:\/\/www.planet-knox.com\/ja\/husqvarna-te300-pro-2024\/\">\n\t\t\t<img decoding=\"async\" src=\"https:\/\/www.planet-knox.com\/wp-content\/uploads\/2024\/03\/DSC03111.jpg\" alt=\"Husqvarna TE300 Pro 2024 | The review from KNOX\">\n\t\t<\/a>\n\t\t\n\t\t\t\t<div class=\"tags\">\n\t\t\t\t\t\t\t<a class=\"tag brand-bg-color brand-border-color\" href=\"https:\/\/www.planet-knox.com\/ja\/news\/bike-reviews\/\">\n\t\t\t\t\t\u30d0\u30a4\u30af\u30ec\u30d3\u30e5\u30fc\t\t\t\t<\/a>\n\t\t\t\t\t\t\t<a class=\"tag brand-bg-color brand-border-color\" href=\"https:\/\/www.planet-knox.com\/ja\/news\/knox\/\">\n\t\t\t\t\t\u30ce\u30c3\u30af\u30b9\t\t\t\t<\/a>\n\t\t\t\t\t<\/div>\n\t\t\t<\/header>\n\n\t<div class=\"content\">\n\t\t<h3>\n\t\t\t\t\t\t<a href=\"https:\/\/www.planet-knox.com\/ja\/husqvarna-te300-pro-2024\/\">\n\t\t\t\t\u30cf\u30b9\u30af\u30d0\u30fc\u30ca TE300 Pro 2024\uff5cKNOX\u304b\u3089\u306e\u30ec\u30d3\u30e5\u30fc\t\t\t<\/a>\n\t\t<\/h3>\n\t\t\n\t\t<p>Ever since we got serious into Enduro, every man and his dog has been telling us, \"you need to buy a 300 2 stroke\"... so in the end, that is what we have done. This&hellip;<\/p>\n\t<\/div>\n\n\t<footer>\n\t\t\t\t<span class=\"author\">\u30ce\u30c3\u30af\u30b9<\/span>\n\t\t<strong>-<\/strong>\n\t\t\t\t\t\t<span class=\"data\">2\u6708 23, 2024<\/span>\n\t\t\t<\/footer>\n\n<\/div>\n<div class=\"clear\"><\/div><\/div><div class=\"vc_col-lg-12 vc_col-md-12 vc_col-sm-12 vc_col-xs-12 blog-post-masonry masonry-block post-offset norebro-card-wrapper\" data-lazy-item=\"\" data-lazy-scope=\"posts\"><div class=\"blog-grid grid-1 boxed\"  data-aos-once=\"&quot;true&quot;\" data-aos=\"&quot;fade-up&quot;\">\n\n\t<header>\n\t\t\t\t<a href=\"https:\/\/www.planet-knox.com\/ja\/ducati-multistrada-v4-rs-multistrada-v4s-grand-tour\/\">\n\t\t\t<img decoding=\"async\" src=\"https:\/\/www.planet-knox.com\/wp-content\/uploads\/2024\/03\/100_3072.jpg\" alt=\"Ducati Multistrada V4 RS &amp; Multistrada V4S Grand Tour | First ride review\">\n\t\t<\/a>\n\t\t\n\t\t\t\t<div class=\"tags\">\n\t\t\t\t\t\t\t<a class=\"tag brand-bg-color brand-border-color\" href=\"https:\/\/www.planet-knox.com\/ja\/news\/bike-reviews\/\">\n\t\t\t\t\t\u30d0\u30a4\u30af\u30ec\u30d3\u30e5\u30fc\t\t\t\t<\/a>\n\t\t\t\t\t\t\t<a class=\"tag brand-bg-color brand-border-color\" href=\"https:\/\/www.planet-knox.com\/ja\/news\/knox\/\">\n\t\t\t\t\t\u30ce\u30c3\u30af\u30b9\t\t\t\t<\/a>\n\t\t\t\t\t<\/div>\n\t\t\t<\/header>\n\n\t<div class=\"content\">\n\t\t<h3>\n\t\t\t\t\t\t<a href=\"https:\/\/www.planet-knox.com\/ja\/ducati-multistrada-v4-rs-multistrada-v4s-grand-tour\/\">\n\t\t\t\t\u30c9\u30a5\u30ab\u30c6\u30a3\u30fb\u30e0\u30eb\u30c6\u30a3\u30b9\u30c8\u30e9\u30fc\u30c0 V4 RS &amp; \u30e0\u30eb\u30c6\u30a3\u30b9\u30c8\u30e9\u30fc\u30c0 V4S \u30b0\u30e9\u30f3\u30c9\u30c4\u30a2\u30fc\uff5c\u30d5\u30a1\u30fc\u30b9\u30c8\u30e9\u30a4\u30c9\u30ec\u30d3\u30e5\u30fc\t\t\t<\/a>\n\t\t<\/h3>\n\t\t\n\t\t<p>\u30c9\u30a5\u30ab\u30c6\u30a3\u30fb\u30e0\u30eb\u30c6\u30a3\u30b9\u30c8\u30e9\u30fc\u30c0\u306e\u6700\u65b0\u30c8\u30c3\u30d7\u30e2\u30c7\u30eb\u3001V4rs\u3068V4s\u30b0\u30e9\u30f3\u30c9\u30c4\u30a2\u30fc\u3092\u7d39\u4ecb\u3059\u308b\u3002\u30a2\u30c0\u30e0\u30fb\u30c1\u30e3\u30a4\u30eb\u30c9 \"\u30c1\u30e3\u30c9 \"\u306f\u3001\u8a66\u4e57\u306e\u305f\u3081\u306b\u30a4\u30bf\u30ea\u30a2\u306b\u98db\u3073\u7acb\u3063\u305f\u3002<\/p>\n\t<\/div>\n\n\t<footer>\n\t\t\t\t<span class=\"author\">\u30ce\u30c3\u30af\u30b9<\/span>\n\t\t<strong>-<\/strong>\n\t\t\t\t\t\t<span class=\"data\">1\u6708 3, 2024<\/span>\n\t\t\t<\/footer>\n\n<\/div>\n<div class=\"clear\"><\/div><\/div><div class=\"vc_col-lg-12 vc_col-md-12 vc_col-sm-12 vc_col-xs-12 blog-post-masonry masonry-block post-offset norebro-card-wrapper\" data-lazy-item=\"\" data-lazy-scope=\"posts\"><div class=\"blog-grid grid-1 boxed\"  data-aos-once=\"&quot;true&quot;\" data-aos=\"&quot;fade-up&quot;\">\n\n\t<header>\n\t\t\t\t<a href=\"https:\/\/www.planet-knox.com\/ja\/royal-enfield-himalayan-450-review\/\">\n\t\t\t<img decoding=\"async\" src=\"https:\/\/www.planet-knox.com\/wp-content\/uploads\/2024\/03\/22A5415.jpg\" alt=\"Royal Enfield Himalayan 450 review from the world launch | KNOX Armour\">\n\t\t<\/a>\n\t\t\n\t\t\t\t<div class=\"tags\">\n\t\t\t\t\t\t\t<a class=\"tag brand-bg-color brand-border-color\" href=\"https:\/\/www.planet-knox.com\/ja\/news\/bike-reviews\/\">\n\t\t\t\t\t\u30d0\u30a4\u30af\u30ec\u30d3\u30e5\u30fc\t\t\t\t<\/a>\n\t\t\t\t\t\t\t<a class=\"tag brand-bg-color brand-border-color\" href=\"https:\/\/www.planet-knox.com\/ja\/news\/knox\/\">\n\t\t\t\t\t\u30ce\u30c3\u30af\u30b9\t\t\t\t<\/a>\n\t\t\t\t\t<\/div>\n\t\t\t<\/header>\n\n\t<div class=\"content\">\n\t\t<h3>\n\t\t\t\t\t\t<a href=\"https:\/\/www.planet-knox.com\/ja\/royal-enfield-himalayan-450-review\/\">\n\t\t\t\t\u30ed\u30a4\u30e4\u30eb\u30a8\u30f3\u30d5\u30a3\u30fc\u30eb\u30c9 \u30d2\u30de\u30e9\u30e4\u30f3450 \u4e16\u754c\u767a\u8868\u30ec\u30d3\u30e5\u30fc\uff5cKNOX \u30a2\u30fc\u30de\u30fc\t\t\t<\/a>\n\t\t<\/h3>\n\t\t\n\t\t<p>\u30c1\u30e3\u30c9\u306f\u30a4\u30f3\u30c9\u306e\u7d20\u6674\u3089\u3057\u3044\u30d2\u30de\u30e9\u30e4\u5c71\u8108\u306b\u98db\u3073\u3001\u65b0\u578b\u30ed\u30a4\u30e4\u30eb\u30a8\u30f3\u30d5\u30a3\u30fc\u30eb\u30c9\u30fb\u30d2\u30de\u30e9\u30e4\u30f3450\u306b\u4e57\u3063\u305f\u3002<\/p>\n\t<\/div>\n\n\t<footer>\n\t\t\t\t<span class=\"author\">\u30ce\u30c3\u30af\u30b9<\/span>\n\t\t<strong>-<\/strong>\n\t\t\t\t\t\t<span class=\"data\">12\u6708 14, 2023<\/span>\n\t\t\t<\/footer>\n\n<\/div>\n<div class=\"clear\"><\/div><\/div><div class=\"vc_col-lg-12 vc_col-md-12 vc_col-sm-12 vc_col-xs-12 blog-post-masonry masonry-block post-offset norebro-card-wrapper\" data-lazy-item=\"\" data-lazy-scope=\"posts\"><div class=\"blog-grid grid-1 boxed\"  data-aos-once=\"&quot;true&quot;\" data-aos=\"&quot;fade-up&quot;\">\n\n\t<header>\n\t\t\t\t<a href=\"https:\/\/www.planet-knox.com\/ja\/ktm-790-duke\/\">\n\t\t\t<img decoding=\"async\" src=\"https:\/\/www.planet-knox.com\/wp-content\/uploads\/2024\/03\/20230918_173954-scaled.jpg\" alt=\"KTM 790 Duke | The review from KNOX\">\n\t\t<\/a>\n\t\t\n\t\t\t\t<div class=\"tags\">\n\t\t\t\t\t\t\t<a class=\"tag brand-bg-color brand-border-color\" href=\"https:\/\/www.planet-knox.com\/ja\/news\/bike-reviews\/\">\n\t\t\t\t\t\u30d0\u30a4\u30af\u30ec\u30d3\u30e5\u30fc\t\t\t\t<\/a>\n\t\t\t\t\t\t\t<a class=\"tag brand-bg-color brand-border-color\" href=\"https:\/\/www.planet-knox.com\/ja\/news\/knox\/\">\n\t\t\t\t\t\u30ce\u30c3\u30af\u30b9\t\t\t\t<\/a>\n\t\t\t\t\t<\/div>\n\t\t\t<\/header>\n\n\t<div class=\"content\">\n\t\t<h3>\n\t\t\t\t\t\t<a href=\"https:\/\/www.planet-knox.com\/ja\/ktm-790-duke\/\">\n\t\t\t\tKTM 790 Duke\uff5cKNOX\u306e\u30ec\u30d3\u30e5\u30fc\t\t\t<\/a>\n\t\t<\/h3>\n\t\t\n\t\t<p>\u6570\u30f6\u6708\u524d\u3001\u79c1\u305f\u3061\u306fKTM UK\u3092\u8a2a\u308c\u30012\u65e5\u9593\u306b\u308f\u305f\u3063\u3066790\u30d7\u30e9\u30c3\u30c8\u30d5\u30a9\u30fc\u30e0\u306e\u30e2\u30fc\u30bf\u30fc\u30b5\u30a4\u30af\u30eb\u3001KTM 790\u30c7\u30e5\u30fc\u30af\u3068KTM 790\u30a2\u30c9\u30d9\u30f3\u30c1\u30e3\u30fc\u306e\u8a66\u4e57\u4f1a\u3092\u884c\u3063\u305f\u3002<\/p>\n\t<\/div>\n\n\t<footer>\n\t\t\t\t<span class=\"author\">\u30ce\u30c3\u30af\u30b9<\/span>\n\t\t<strong>-<\/strong>\n\t\t\t\t\t\t<span class=\"data\">12\u6708 7, 2023<\/span>\n\t\t\t<\/footer>\n\n<\/div>\n<div class=\"clear\"><\/div><\/div><\/div><nav class=\"pagination text-left\"><ul><li><a href=\"https:\/\/www.planet-knox.com\/ja\/wp-json\/wp\/v2\/pages\/703\/\" class=\"hover-underline page-numbers active\">1<\/a><\/li><li><a href=\"https:\/\/www.planet-knox.com\/ja\/wp-json\/wp\/v2\/pages\/703\/page\/2\/\" class=\"hover-underline page-numbers\">2<\/a><\/li><li><a href=\"https:\/\/www.planet-knox.com\/ja\/wp-json\/wp\/v2\/pages\/703\/page\/3\/\" class=\"hover-underline page-numbers\">3<\/a><\/li><li><span class=\"page-numbers\">...<\/span><\/li><li><a href=\"https:\/\/www.planet-knox.com\/ja\/wp-json\/wp\/v2\/pages\/703\/page\/8\/\" class=\"hover-underline page-numbers\">8<\/a><\/li><li><a href=\"https:\/\/www.planet-knox.com\/ja\/wp-json\/wp\/v2\/pages\/703\/page\/2\/\" class=\"next hover-underline page-numbers\">Next <span class=\"icon-right ion-android-arrow-forward\"><\/span><\/a><\/li><\/ul><\/nav>\t\n<\/div><\/div><\/div><\/div><\/div>\n<\/div>","protected":false},"excerpt":{"rendered":"KTM 790 Duke | The review Knox Review PUBLISHED: December 7th, 2024 A few months ago, we visited KTM UK for a 2 day press event dedicating to sampling their 790 platform motorcycles, The KTM 790 Duke and the KTM 790 Adventure. Check out our...","protected":false},"author":1,"featured_media":229929,"parent":0,"menu_order":0,"comment_status":"open","ping_status":"closed","template":"","meta":{"_acf_changed":false,"inline_featured_image":false,"footnotes":""},"class_list":["post-703","page","type-page","status-publish","has-post-thumbnail","hentry"],"acf":[],"aioseo_notices":[],"_links":{"self":[{"href":"https:\/\/www.planet-knox.com\/ja\/wp-json\/wp\/v2\/pages\/703","targetHints":{"allow":["GET"]}}],"collection":[{"href":"https:\/\/www.planet-knox.com\/ja\/wp-json\/wp\/v2\/pages"}],"about":[{"href":"https:\/\/www.planet-knox.com\/ja\/wp-json\/wp\/v2\/types\/page"}],"author":[{"embeddable":true,"href":"https:\/\/www.planet-knox.com\/ja\/wp-json\/wp\/v2\/users\/1"}],"replies":[{"embeddable":true,"href":"https:\/\/www.planet-knox.com\/ja\/wp-json\/wp\/v2\/comments?post=703"}],"version-history":[{"count":0,"href":"https:\/\/www.planet-knox.com\/ja\/wp-json\/wp\/v2\/pages\/703\/revisions"}],"wp:featuredmedia":[{"embeddable":true,"href":"https:\/\/www.planet-knox.com\/ja\/wp-json\/wp\/v2\/media\/229929"}],"wp:attachment":[{"href":"https:\/\/www.planet-knox.com\/ja\/wp-json\/wp\/v2\/media?parent=703"}],"curies":[{"name":"wp","href":"https:\/\/api.w.org\/{rel}","templated":true}]}}