{"id":227967,"date":"2024-12-05T14:48:25","date_gmt":"2024-12-05T14:48:25","guid":{"rendered":"https:\/\/www.planet-knox.com\/?post_type=product&#038;p=227967"},"modified":"2026-05-15T10:27:24","modified_gmt":"2026-05-15T10:27:24","slug":"mens-leather-belt-brown","status":"publish","type":"product","link":"https:\/\/www.planet-knox.com\/it\/prodotto\/mens-leather-belt-brown\/","title":{"rendered":"Men&#8217;s Leather Belt &#8211; Brown"},"content":{"rendered":"<div class=\"wpb-content-wrapper\"><div id=\"sizeguide\" class=\"vc_row wpb_row vc_row-fluid gradient-container-1\"><div class=\"gradient-column-1 wpb_column vc_column_container vc_col-sm-12\"><div class=\"vc_column-inner\"><div class=\"wpb_wrapper\"><div class=\"vc_empty_space\"   style=\"height: 32px\"><span class=\"vc_empty_space_inner\"><\/span><\/div><div class=\"norebro-heading-sc heading text-center\"\n\tid=\"norebro-custom-6a08610f1d4da\" \n\t \n\t>\n\t\n\t\n\t\n\t<h3 class=\"title\">\n\t\tGuida alle dimensioni\t<\/h3>\n\n\t\n\t\t\t<p class=\"subtitle\">\n\t\t\tHai bisogno di aiuto? Utilizzate la chat dal vivo o inviateci un'e-mail all'indirizzo: <a href=\"mailto:sales@planet-knox.com\">sales@planet-knox.com<\/a>\t\t<\/p>\n\t\t\n<\/div><div class=\"vc_empty_space\"   style=\"height: 32px\"><span class=\"vc_empty_space_inner\"><\/span><\/div><div class=\"vc_separator wpb_content_element vc_separator_align_center vc_sep_width_100 vc_sep_pos_align_center vc_separator_no_text vc_sep_color_grey wpb_content_element  wpb_content_element\" ><span class=\"vc_sep_holder vc_sep_holder_l\"><span class=\"vc_sep_line\"><\/span><\/span><span class=\"vc_sep_holder vc_sep_holder_r\"><span class=\"vc_sep_line\"><\/span><\/span>\n<\/div><div class=\"vc_empty_space\"   style=\"height: 32px\"><span class=\"vc_empty_space_inner\"><\/span><\/div><div class=\"vc_row wpb_row vc_inner vc_row-fluid\"><div class=\"wpb_column vc_column_container vc_col-sm-12\"><div class=\"vc_column-inner\"><div class=\"wpb_wrapper\">\n\t<div class=\"wpb_raw_code wpb_raw_html wpb_content_element\" >\n\t\t<div class=\"wpb_wrapper\">\n\t\t\t<table class=\"sizingtable\" style=\"width: 100%;\" cellspacing=\"0\" cellpadding=\"3\">\n<tbody>\n<tr class=\"headerrow\">\n<td class=\"blacktablebg\">DIMENSIONE<\/td>\n<td class=\"greytablebg\">S<\/td>\n<td class=\"greytablebg\">M<\/td>\n<td class=\"greytablebg\">L<\/td>\n<td class=\"greytablebg\">XL<\/td>\n<\/tr>\n<tr>\n<td><strong>MM<\/strong><\/td>\n<td>84 cm<\/td>\n<td>94 cm<\/td>\n<td>104 cm<\/td>\n<td>114 cm<\/td>\n<\/tr>\n\t<tr>\n<td><strong>POLLICI<\/strong><\/td>\n<td>33<\/td>\n<td>37<\/td>\n<td>41<\/td>\n<td>45<\/td>\n<\/tr>\n\t<tr>\n<td><strong>FITS<\/strong><\/td>\n<td>30\"\/32\"<\/td>\n<td>34\"\/36\"<\/td>\n<td>38\"\/40\"<\/td>\n<td>40\"+<\/td>\n<\/tr>\n<\/tbody>\n<\/table>\n\n<p>Le misure della cintura sono dalla fibbia al foro centrale della cintura\n<\/p>\n\t\t<\/div>\n\t<\/div>\n<\/div><\/div><\/div><\/div><div class=\"vc_empty_space\"   style=\"height: 64px\"><span class=\"vc_empty_space_inner\"><\/span><\/div><\/div><\/div><\/div><\/div><div id=\"relatedproducts\" data-vc-full-width=\"true\" data-vc-full-width-init=\"false\" class=\"vc_row wpb_row vc_row-fluid gradient-container-2 vc_custom_1670332872781 vc_row-has-fill\"><div class=\"gradient-column-2 wpb_column vc_column_container vc_col-sm-12\"><div class=\"vc_column-inner\"><div class=\"wpb_wrapper\"><div class=\"norebro-heading-sc heading text-center\"\n\tid=\"norebro-custom-6a08610f1e1b9\" \n\t \n\t>\n\t\n\t\n\t\n\t<h3 class=\"title\">\n\t\tLe persone hanno anche acquistato\t<\/h3>\n\n\t\n\t\t\t<p class=\"subtitle\">\n\t\t\tAvete bisogno di aiuto per selezionare i prodotti che vanno bene insieme? Utilizzate la chat dal vivo o inviateci un'e-mail all'indirizzo: <a href=\"mailto:sales@planet-knox.com\">sales@planet-knox.com<\/a>\t\t<\/p>\n\t\t\n<\/div><div class=\"vc_empty_space\"   style=\"height: 32px\"><span class=\"vc_empty_space_inner\"><\/span><\/div><div class=\"vc_separator wpb_content_element vc_separator_align_center vc_sep_width_100 vc_sep_pos_align_center vc_separator_no_text vc_sep_color_grey wpb_content_element  wpb_content_element\" ><span class=\"vc_sep_holder vc_sep_holder_l\"><span class=\"vc_sep_line\"><\/span><\/span><span class=\"vc_sep_holder vc_sep_holder_r\"><span class=\"vc_sep_line\"><\/span><\/span>\n<\/div><div class=\"vc_empty_space\"   style=\"height: 32px\"><span class=\"vc_empty_space_inner\"><\/span><\/div><div class=\"woocommerce columns-3\"><\/div><div class=\"vc_empty_space\"   style=\"height: 64px\"><span class=\"vc_empty_space_inner\"><\/span><\/div><\/div><\/div><\/div><\/div><div class=\"vc_row-full-width vc_clearfix\"><\/div>\n<\/div>","protected":false},"excerpt":{"rendered":"<p>Si tratta di una splendida cintura Jean in pelle.  Sono realizzate a mano qui nel Regno Unito con pelle di altissima qualit\u00e0.  Ognuna \u00e8 orgogliosamente rifinita con una fibbia in metallo color canna di fucile firmata Knox.  Sono un regalo perfetto, perch\u00e9 vengono presentate in una confezione di lusso.<\/p>","protected":false},"featured_media":227963,"comment_status":"open","ping_status":"closed","template":"","meta":{"_acf_changed":false,"inline_featured_image":false},"product_brand":[],"product_cat":[635,583,585],"product_tag":[517],"class_list":{"0":"post-227967","1":"product","2":"type-product","3":"status-publish","4":"has-post-thumbnail","6":"product_cat-accessories","7":"product_cat-belts","8":"product_cat-mens-accessories","9":"product_tag-men","10":"pa_easproj_hs6p_received-2788","11":"pa_easproj_originating_country-gb","12":"pa_size-l","13":"pa_size-m","14":"pa_size-s","15":"pa_size-xl","17":"first","18":"outofstock","19":"taxable","20":"shipping-taxable","21":"purchasable","22":"product-type-variable","23":"has-default-attributes"},"acf":[],"aioseo_notices":[],"gallery_images":[227965,227962,227964,227959,227960,227958],"_links":{"self":[{"href":"https:\/\/www.planet-knox.com\/it\/wp-json\/wp\/v2\/product\/227967","targetHints":{"allow":["GET"]}}],"collection":[{"href":"https:\/\/www.planet-knox.com\/it\/wp-json\/wp\/v2\/product"}],"about":[{"href":"https:\/\/www.planet-knox.com\/it\/wp-json\/wp\/v2\/types\/product"}],"replies":[{"embeddable":true,"href":"https:\/\/www.planet-knox.com\/it\/wp-json\/wp\/v2\/comments?post=227967"}],"wp:featuredmedia":[{"embeddable":true,"href":"https:\/\/www.planet-knox.com\/it\/wp-json\/wp\/v2\/media\/227963"}],"wp:attachment":[{"href":"https:\/\/www.planet-knox.com\/it\/wp-json\/wp\/v2\/media?parent=227967"}],"wp:term":[{"taxonomy":"product_brand","embeddable":true,"href":"https:\/\/www.planet-knox.com\/it\/wp-json\/wp\/v2\/product_brand?post=227967"},{"taxonomy":"product_cat","embeddable":true,"href":"https:\/\/www.planet-knox.com\/it\/wp-json\/wp\/v2\/product_cat?post=227967"},{"taxonomy":"product_tag","embeddable":true,"href":"https:\/\/www.planet-knox.com\/it\/wp-json\/wp\/v2\/product_tag?post=227967"}],"curies":[{"name":"wp","href":"https:\/\/api.w.org\/{rel}","templated":true}]}}