{"id":160389,"date":"2021-06-21T17:21:55","date_gmt":"2021-06-21T17:21:55","guid":{"rendered":"https:\/\/www.planet-knox.com\/?post_type=product&#038;p=160389"},"modified":"2026-03-24T09:22:49","modified_gmt":"2026-03-24T09:22:49","slug":"whitecamopaintdriptee","status":"publish","type":"product","link":"https:\/\/www.planet-knox.com\/it\/prodotto\/whitecamopaintdriptee\/","title":{"rendered":"Maglietta bianca Camo Paint Drip"},"content":{"rendered":"<div class=\"wpb-content-wrapper\"><div id=\"sizeguide\" class=\"vc_row wpb_row vc_row-fluid gradient-container-1\"><div class=\"gradient-column-1 wpb_column vc_column_container vc_col-sm-12\"><div class=\"vc_column-inner\"><div class=\"wpb_wrapper\"><div class=\"vc_empty_space\"   style=\"height: 32px\"><span class=\"vc_empty_space_inner\"><\/span><\/div><div class=\"norebro-heading-sc heading text-center\"\n\tid=\"norebro-custom-69e20c3c426ec\" \n\t \n\t>\n\t\n\t\n\t\n\t<h3 class=\"title\">\n\t\tGuida alle dimensioni\t<\/h3>\n\n\t\n\t\t\t<p class=\"subtitle\">\n\t\t\tHai bisogno di aiuto? Utilizzate la chat dal vivo o inviateci un'e-mail all'indirizzo: <a href=\"mailto:sales@planet-knox.com\">sales@planet-knox.com<\/a>\t\t<\/p>\n\t\t\n<\/div><div class=\"vc_empty_space\"   style=\"height: 32px\"><span class=\"vc_empty_space_inner\"><\/span><\/div><div class=\"vc_separator wpb_content_element vc_separator_align_center vc_sep_width_100 vc_sep_pos_align_center vc_separator_no_text vc_sep_color_grey wpb_content_element  wpb_content_element\" ><span class=\"vc_sep_holder vc_sep_holder_l\"><span class=\"vc_sep_line\"><\/span><\/span><span class=\"vc_sep_holder vc_sep_holder_r\"><span class=\"vc_sep_line\"><\/span><\/span>\n<\/div><div class=\"vc_empty_space\"   style=\"height: 32px\"><span class=\"vc_empty_space_inner\"><\/span><\/div><div class=\"vc_row wpb_row vc_inner vc_row-fluid sizeguidehelpcolumn vc_row-o-content-middle vc_row-flex\"><div class=\"wpb_column vc_column_container vc_col-sm-6\"><div class=\"vc_column-inner\"><div class=\"wpb_wrapper\">\n\t<div  class=\"wpb_single_image wpb_content_element vc_align_right wpb_content_element\">\n\t\t\n\t\t<figure class=\"wpb_wrapper vc_figure\">\n\t\t\t<div class=\"vc_single_image-wrapper   vc_box_border_grey\"><img decoding=\"async\" width=\"100\" height=\"351\" src=\"https:\/\/www.planet-knox.com\/wp-content\/uploads\/2020\/01\/mens-chest-waist.png\" class=\"vc_single_image-img attachment-full\" alt=\"\" title=\"uomo - vita al petto\" srcset=\"https:\/\/www.planet-knox.com\/wp-content\/uploads\/2020\/01\/mens-chest-waist.png 100w, https:\/\/www.planet-knox.com\/wp-content\/uploads\/2020\/01\/mens-chest-waist-3x12.png 3w\" sizes=\"(max-width: 100px) 100vw, 100px\" \/><\/div>\n\t\t<\/figure>\n\t<\/div>\n<\/div><\/div><\/div><div class=\"wpb_column vc_column_container vc_col-sm-6\"><div class=\"vc_column-inner\"><div class=\"wpb_wrapper\"><div class=\"norebro-text-sc\" \n\tid=\"norebro-custom-69e20c3c43bfc\" \n\t \n\t>\n\n\t<p><strong>Petto:<\/strong> Misurare la parte pi\u00f9 piena del petto e le scapole.<\/p>\n<p><strong>Vita:<\/strong> Per calcolare la sua taglia, misuri il suo girovita nella posizione in cui si trovano abitualmente i pantaloni. A titolo indicativo, si tratta di circa 5-6 cm sotto l'ombelico.<\/p>\n<p><strong>Si prega di notare:<\/strong> Le misure indicate sono misure del corpo e si consiglia di non prendere le misure sopra i vestiti.<\/p>\n\t\n<\/div><\/div><\/div><\/div><\/div><div class=\"vc_row wpb_row vc_inner vc_row-fluid vc_row-o-content-middle vc_row-flex\"><div class=\"wpb_column vc_column_container vc_col-sm-12\"><div class=\"vc_column-inner\"><div class=\"wpb_wrapper\">\n\t<div class=\"wpb_raw_code wpb_raw_html wpb_content_element\" >\n\t\t<div class=\"wpb_wrapper\">\n\t\t\t<table class=\"knoxtable menstable\" cellspacing=\"0\" cellpadding=\"0\" width=\"100%\">\n  <tr>\n    <th>Uomo Taglia UK<\/th>\n    <th>Petto (pollici)<\/th>\n    <th>Petto (cm)<\/th>\n    <th>Vita (pollici)<\/th>\n    <th>Vita (cm)<\/th>\n  <\/tr>\n  <tr>\n    <td>S<\/td>\n    <td>35-37<\/td>\n    <td>90-96<\/td>\n    <td>30<\/td>\n    <td>76<\/td>\n  <\/tr>\n  <tr>\n    <td>M<\/td>\n    <td>38-40<\/td>\n    <td>98-103<\/td>\n    <td>32<\/td>\n    <td>81<\/td>\n  <\/tr>\n  <tr>\n    <td>L<\/td>\n    <td>41-43<\/td>\n    <td>104-109<\/td>\n    <td>34<\/td>\n    <td>87<\/td>\n  <\/tr>\n  <tr>\n    <td>XL<\/td>\n    <td>44-46<\/td>\n    <td>110-115<\/td>\n    <td>36<\/td>\n    <td>92<\/td>\n  <\/tr>\n  <tr>\n    <td>2XL<\/td>\n    <td>46-48<\/td>\n    <td>116-121<\/td>\n    <td>38<\/td>\n    <td>97<\/td>\n  <\/tr>\n  <tr>\n    <td>3XL<\/td>\n    <td>48-50<\/td>\n    <td>122-127<\/td>\n    <td>40<\/td>\n    <td>102<\/td>\n  <\/tr>\n  <tr>\n    <td>4XL<\/td>\n    <td>50-52<\/td>\n    <td>128-134<\/td>\n    <td>42<\/td>\n    <td>107<\/td>\n  <\/tr>\n  <tr>\n    <td>5XL<\/td>\n    <td>52-54<\/td>\n    <td>135-141<\/td>\n    <td>44<\/td>\n    <td>112<\/td>\n  <\/tr>\n<\/table>\n\t\t<\/div>\n\t<\/div>\n<\/div><\/div><\/div><\/div><div class=\"vc_empty_space\"   style=\"height: 64px\"><span class=\"vc_empty_space_inner\"><\/span><\/div><\/div><\/div><\/div><\/div><div id=\"relatedproducts\" data-vc-full-width=\"true\" data-vc-full-width-init=\"false\" class=\"vc_row wpb_row vc_row-fluid gradient-container-2\"><div class=\"gradient-column-2 wpb_column vc_column_container vc_col-sm-12\"><div class=\"vc_column-inner\"><div class=\"wpb_wrapper\"><div class=\"norebro-heading-sc heading text-center\"\n\tid=\"norebro-custom-69e20c3c448b4\" \n\t \n\t>\n\t\n\t\n\t\n\t<h3 class=\"title\">\n\t\tLe persone hanno anche acquistato\t<\/h3>\n\n\t\n\t\t\t<p class=\"subtitle\">\n\t\t\tAvete bisogno di aiuto per selezionare i prodotti che vanno bene insieme? Utilizzate la chat dal vivo o inviateci un'e-mail all'indirizzo: <a href=\"mailto:sales@planet-knox.com\">sales@planet-knox.com<\/a>\t\t<\/p>\n\t\t\n<\/div><div class=\"vc_empty_space\"   style=\"height: 32px\"><span class=\"vc_empty_space_inner\"><\/span><\/div><div class=\"vc_separator wpb_content_element vc_separator_align_center vc_sep_width_100 vc_sep_pos_align_center vc_separator_no_text vc_sep_color_grey wpb_content_element  wpb_content_element\" ><span class=\"vc_sep_holder vc_sep_holder_l\"><span class=\"vc_sep_line\"><\/span><\/span><span class=\"vc_sep_holder vc_sep_holder_r\"><span class=\"vc_sep_line\"><\/span><\/span>\n<\/div><div class=\"vc_empty_space\"   style=\"height: 32px\"><span class=\"vc_empty_space_inner\"><\/span><\/div><div class=\"woocommerce columns-3\">\n<div class=\"vc_row\">\n\t<ul class=\"woo-products norebro-masonry\" data-lazy-container=\"products\">\n\n<li class=\"post-80877 product type-product status-publish has-post-thumbnail product_cat-gloves product_cat-mens-non-waterproof-gloves product_cat-mens-motorcycle-gloves product_cat-womens-motorcycle-gloves product_tag-men product_tag-wheelie product_tag-women pa_colour-black pa_size-2xl pa_size-l pa_size-m pa_size-s pa_size-xl first outofstock taxable shipping-taxable purchasable product-type-variable has-default-attributes\" data-product-item=\"true\" data-lazy-item=\"\" data-lazy-scope=\"products\">\n\t<div class=\"product-content trans-shadow\">\n\t\t<a href=\"https:\/\/www.planet-knox.com\/it\/prodotto\/orsa-leather-mk2-ce-motorcycle-gloves\/\" class=\"static\">\n\t\t\t<div class=\"image-wrap\">\n\t\t\t\t\n\t<span class=\"woo-onsale out\">ESAURITO<\/span>\n\n\t\t\t\t<div class=\"noslide\">\n\t\t\t\t\n\t\t\t\t\t\n\t<span class=\"woo-onsale out\">ESAURITO<\/span>\n<img decoding=\"async\" width=\"650\" height=\"650\" src=\"https:\/\/www.planet-knox.com\/wp-content\/uploads\/2018\/10\/Orsa-Black-1-1-1-650x650.jpg\" class=\"attachment-woocommerce_thumbnail size-woocommerce_thumbnail\" alt=\"Orsa Leather MK2 Gloves\" srcset=\"https:\/\/www.planet-knox.com\/wp-content\/uploads\/2018\/10\/Orsa-Black-1-1-1-650x650.jpg 650w, https:\/\/www.planet-knox.com\/wp-content\/uploads\/2018\/10\/Orsa-Black-1-1-1-500x500.jpg 500w, https:\/\/www.planet-knox.com\/wp-content\/uploads\/2018\/10\/Orsa-Black-1-1-1.jpg 1500w, https:\/\/www.planet-knox.com\/wp-content\/uploads\/2018\/10\/Orsa-Black-1-1-1-768x768.jpg 768w, https:\/\/www.planet-knox.com\/wp-content\/uploads\/2018\/10\/Orsa-Black-1-1-1-200x200.jpg 200w, https:\/\/www.planet-knox.com\/wp-content\/uploads\/2018\/10\/Orsa-Black-1-1-1-510x510.jpg 510w, https:\/\/www.planet-knox.com\/wp-content\/uploads\/2018\/10\/Orsa-Black-1-1-1-100x100.jpg 100w, https:\/\/www.planet-knox.com\/wp-content\/uploads\/2018\/10\/Orsa-Black-1-1-1-60x60.jpg 60w, https:\/\/www.planet-knox.com\/wp-content\/uploads\/2018\/10\/Orsa-Black-1-1-1-90x90.jpg 90w\" sizes=\"(max-width: 650px) 100vw, 650px\" \/>\n\t\t\t\t<\/div>\n\n\t\t\t<\/div>\n\n\t\t<\/a><a href=\"https:\/\/www.planet-knox.com\/it\/prodotto\/orsa-leather-mk2-ce-motorcycle-gloves\/\" aria-describedby=\"woocommerce_loop_add_to_cart_link_describedby_80877\" data-quantity=\"1\" class=\"btn btn-brand button product_type_variable\" data-product_id=\"80877\" data-product_sku=\"\" aria-label=\"Seleziona le opzioni per \u201cOrsa Leather MK2 Gloves\u201d\" rel=\"nofollow\" data-no-translation=\"\" data-trp-gettext=\"\" data-no-translation-aria-label=\"\">Scegli<\/a><span id=\"woocommerce_loop_add_to_cart_link_describedby_80877\" class=\"screen-reader-text\">\n\tQuesto prodotto ha pi\u00f9 varianti. Le opzioni possono essere scelte nella pagina del prodotto<\/span>\n<span class=\"gtm4wp_productdata\" style=\"display:none; visibility:hidden;\" data-gtm4wp_product_data=\"{&quot;internal_id&quot;:80877,&quot;item_id&quot;:80877,&quot;item_name&quot;:&quot;Orsa Leather MK2 Gloves&quot;,&quot;sku&quot;:80877,&quot;price&quot;:129.99,&quot;stocklevel&quot;:0,&quot;stockstatus&quot;:&quot;outofstock&quot;,&quot;google_business_vertical&quot;:&quot;retail&quot;,&quot;item_category&quot;:&quot;Men\\u2019s Motorcycle Gloves&quot;,&quot;id&quot;:80877,&quot;item_brand&quot;:&quot;Women\\u2019s Motorcycle Gloves&quot;,&quot;productlink&quot;:&quot;https:\\\/\\\/www.planet-knox.com\\\/it\\\/prodotto\\\/orsa-leather-mk2-ce-motorcycle-gloves\\\/&quot;,&quot;item_list_name&quot;:&quot;General Product List&quot;,&quot;index&quot;:1,&quot;product_type&quot;:&quot;variable&quot;}\"><\/span>\t\t<div class=\"wc-product-title-wrap\">\n\t\t\t\t\t\n\t\t\t\t\t\n\t\t\t\t\t\n\t\t\t\t\t\n\t\t\t\t\t\t<h3>\n\t\t\t\t<a href=\"https:\/\/www.planet-knox.com\/it\/prodotto\/orsa-leather-mk2-ce-motorcycle-gloves\/\" class=\"color-dark\">\n\t\t\t\t\tGuanti Orsa Leather MK2\t\t\t\t<\/a>\n\t\t\t<\/h3>\n\t\t\t<div class=\"price\">\n\t\t\t\t<span class=\"wcpbc-price wcpbc-price-80877\" data-product-id=\"80877\"><\/span>\t\t\t<\/div>\n\t\t\t<div class=\"clear\"><\/div>\n\t\t<\/div>\n\t<\/div>\n<\/li>\n\n<li class=\"post-139983 product type-product status-publish has-post-thumbnail product_cat-sale product_tag-women pa_colour-blue pa_size-2xl pa_size-l pa_size-xl pa_size-xs  instock sale taxable shipping-taxable purchasable product-type-variable has-default-attributes\" data-product-item=\"true\" data-lazy-item=\"\" data-lazy-scope=\"products\">\n\t<div class=\"product-content trans-shadow\">\n\t\t<a href=\"https:\/\/www.planet-knox.com\/it\/prodotto\/brittany-high-waisted-skinny-jeans\/\" class=\"static\">\n\t\t\t<div class=\"image-wrap\">\n\t\t\t\t\n\t<span class=\"woo-onsale brand-bg-color\">VENDITA<\/span>\n\n\t\t\t\t<div class=\"noslide\">\n\t\t\t\t\n\t\t\t\t\t\n\t<span class=\"woo-onsale brand-bg-color\">VENDITA<\/span>\n<img decoding=\"async\" width=\"650\" height=\"650\" src=\"https:\/\/www.planet-knox.com\/wp-content\/uploads\/2020\/02\/Brittany-Jeans-Blue-499-scaled-650x650.jpg\" class=\"attachment-woocommerce_thumbnail size-woocommerce_thumbnail\" alt=\"Women\u2019s Brittany - Skinny Jeans - Reg Leg\" srcset=\"https:\/\/www.planet-knox.com\/wp-content\/uploads\/2020\/02\/Brittany-Jeans-Blue-499-scaled-650x650.jpg 650w, https:\/\/www.planet-knox.com\/wp-content\/uploads\/2020\/02\/Brittany-Jeans-Blue-499-500x500.jpg 500w, https:\/\/www.planet-knox.com\/wp-content\/uploads\/2020\/02\/Brittany-Jeans-Blue-499-200x200.jpg 200w, https:\/\/www.planet-knox.com\/wp-content\/uploads\/2020\/02\/Brittany-Jeans-Blue-499-510x510.jpg 510w, https:\/\/www.planet-knox.com\/wp-content\/uploads\/2020\/02\/Brittany-Jeans-Blue-499-100x100.jpg 100w, https:\/\/www.planet-knox.com\/wp-content\/uploads\/2020\/02\/Brittany-Jeans-Blue-499-60x60.jpg 60w, https:\/\/www.planet-knox.com\/wp-content\/uploads\/2020\/02\/Brittany-Jeans-Blue-499-91x90.jpg 91w\" sizes=\"(max-width: 650px) 100vw, 650px\" \/>\n\t\t\t\t<\/div>\n\n\t\t\t<\/div>\n\n\t\t<\/a><a href=\"https:\/\/www.planet-knox.com\/it\/prodotto\/brittany-high-waisted-skinny-jeans\/\" aria-describedby=\"woocommerce_loop_add_to_cart_link_describedby_139983\" data-quantity=\"1\" class=\"btn btn-brand button product_type_variable add_to_cart_button\" data-product_id=\"139983\" data-product_sku=\"\" aria-label=\"Seleziona le opzioni per \u201cWomen\u2019s Brittany - Skinny Jeans - Reg Leg\u201d\" rel=\"nofollow\" data-no-translation=\"\" data-trp-gettext=\"\" data-no-translation-aria-label=\"\">Scegli<\/a><span id=\"woocommerce_loop_add_to_cart_link_describedby_139983\" class=\"screen-reader-text\">\n\tQuesto prodotto ha pi\u00f9 varianti. Le opzioni possono essere scelte nella pagina del prodotto<\/span>\n<span class=\"gtm4wp_productdata\" style=\"display:none; visibility:hidden;\" data-gtm4wp_product_data=\"{&quot;internal_id&quot;:139983,&quot;item_id&quot;:139983,&quot;item_name&quot;:&quot;Women\\u2019s Brittany - Skinny Jeans - Reg Leg&quot;,&quot;sku&quot;:139983,&quot;price&quot;:59.99,&quot;stocklevel&quot;:1,&quot;stockstatus&quot;:&quot;instock&quot;,&quot;google_business_vertical&quot;:&quot;retail&quot;,&quot;item_category&quot;:&quot;Archive Sale&quot;,&quot;id&quot;:139983,&quot;item_brand&quot;:&quot;Archive Sale&quot;,&quot;productlink&quot;:&quot;https:\\\/\\\/www.planet-knox.com\\\/it\\\/prodotto\\\/brittany-high-waisted-skinny-jeans\\\/&quot;,&quot;item_list_name&quot;:&quot;General Product List&quot;,&quot;index&quot;:2,&quot;product_type&quot;:&quot;variable&quot;}\"><\/span>\t\t<div class=\"wc-product-title-wrap\">\n\t\t\t\t\t\n\t\t\t\t\t\t<h3>\n\t\t\t\t<a href=\"https:\/\/www.planet-knox.com\/it\/prodotto\/brittany-high-waisted-skinny-jeans\/\" class=\"color-dark\">\n\t\t\t\t\tWomen\u2019s Brittany - Skinny Jeans - Reg Leg\t\t\t\t<\/a>\n\t\t\t<\/h3>\n\t\t\t<div class=\"price\">\n\t\t\t\t<span class=\"wcpbc-price wcpbc-price-139983\" data-product-id=\"139983\"><del aria-hidden=\"true\"><span data-product-vat=\"20\" class=\"woocommerce-Price-amount amount\"><span class=\"woocommerce-Price-currencySymbol\">\u00a3<\/span>139.99<\/span><\/del> <span class=\"screen-reader-text\" data-no-translation=\"\" data-trp-gettext=\"\">Il prezzo originale era: &pound;139.99.<\/span><ins aria-hidden=\"true\"><span data-product-vat=\"20\" class=\"woocommerce-Price-amount amount\"><span class=\"woocommerce-Price-currencySymbol\">\u00a3<\/span>59.99<\/span><\/ins><span class=\"screen-reader-text\" data-no-translation=\"\" data-trp-gettext=\"\">Il prezzo attuale \u00e8: &pound;59.99.<\/span><\/span>\t\t\t<\/div>\n\t\t\t<div class=\"clear\"><\/div>\n\t\t<\/div>\n\t<\/div>\n<\/li>\n\t<\/ul>\n<\/div><\/div><div class=\"vc_empty_space\"   style=\"height: 32px\"><span class=\"vc_empty_space_inner\"><\/span><\/div><\/div><\/div><\/div><\/div><div class=\"vc_row-full-width vc_clearfix\"><\/div>\n<\/div>","protected":false},"excerpt":{"rendered":"<p>La nuova gamma di t-shirt casual \u00e8 realizzata in un misto di cotone morbido 95% ed elastan 5%.  Questa t-shirt presenta un logo Knox in camo con dettaglio a goccia sul davanti e un sottile marchio Knox sull'orlo.<\/p>\n<p>The garment is breathable and has a super soft seam construction which is used throughout the tee. \u00a0Being machine washable they are very easy to care for. The White Camo Paint Drip Tee is available in brilliant white and in sizes from S  &#8211;  3XL.<\/p>\n<p>Il morbido cotone ha propriet\u00e0 antibatteriche naturali e l'elastan \u00e8 stato aggiunto per garantire elasticit\u00e0 e comfort.<\/p>","protected":false},"featured_media":160411,"comment_status":"open","ping_status":"closed","template":"","meta":{"_acf_changed":false,"inline_featured_image":false},"product_brand":[],"product_cat":[635,581,585,2681,628],"product_tag":[],"class_list":{"0":"post-160389","1":"product","2":"type-product","3":"status-publish","4":"has-post-thumbnail","6":"product_cat-accessories","7":"product_cat-casual-t-shirts","8":"product_cat-mens-accessories","9":"product_cat-stocking-fillers","10":"product_cat-womens-accessories","11":"pa_size-2xl","12":"pa_size-3xl","13":"pa_size-l","15":"first","16":"outofstock","17":"taxable","18":"shipping-taxable","19":"purchasable","20":"product-type-variable","21":"has-default-attributes"},"acf":[],"aioseo_notices":[],"gallery_images":[160403,160409,160407,160405],"_links":{"self":[{"href":"https:\/\/www.planet-knox.com\/it\/wp-json\/wp\/v2\/product\/160389","targetHints":{"allow":["GET"]}}],"collection":[{"href":"https:\/\/www.planet-knox.com\/it\/wp-json\/wp\/v2\/product"}],"about":[{"href":"https:\/\/www.planet-knox.com\/it\/wp-json\/wp\/v2\/types\/product"}],"replies":[{"embeddable":true,"href":"https:\/\/www.planet-knox.com\/it\/wp-json\/wp\/v2\/comments?post=160389"}],"wp:featuredmedia":[{"embeddable":true,"href":"https:\/\/www.planet-knox.com\/it\/wp-json\/wp\/v2\/media\/160411"}],"wp:attachment":[{"href":"https:\/\/www.planet-knox.com\/it\/wp-json\/wp\/v2\/media?parent=160389"}],"wp:term":[{"taxonomy":"product_brand","embeddable":true,"href":"https:\/\/www.planet-knox.com\/it\/wp-json\/wp\/v2\/product_brand?post=160389"},{"taxonomy":"product_cat","embeddable":true,"href":"https:\/\/www.planet-knox.com\/it\/wp-json\/wp\/v2\/product_cat?post=160389"},{"taxonomy":"product_tag","embeddable":true,"href":"https:\/\/www.planet-knox.com\/it\/wp-json\/wp\/v2\/product_tag?post=160389"}],"curies":[{"name":"wp","href":"https:\/\/api.w.org\/{rel}","templated":true}]}}