{"id":149439,"date":"2021-01-13T16:44:50","date_gmt":"2021-01-13T16:44:50","guid":{"rendered":"https:\/\/www.planet-knox.com\/?post_type=product&#038;p=149439"},"modified":"2026-05-05T08:19:29","modified_gmt":"2026-05-05T08:19:29","slug":"hadleigh-mens-waterproof-gloves","status":"publish","type":"product","link":"https:\/\/www.planet-knox.com\/it\/prodotto\/hadleigh-mens-waterproof-gloves\/","title":{"rendered":"Guanti Hadleigh da uomo"},"content":{"rendered":"<div class=\"wpb-content-wrapper\"><div id=\"sizeguide\" class=\"vc_row wpb_row vc_row-fluid gradient-container-1\"><div class=\"gradient-column-1 wpb_column vc_column_container vc_col-sm-12\"><div class=\"vc_column-inner\"><div class=\"wpb_wrapper\"><div class=\"vc_empty_space\"   style=\"height: 32px\"><span class=\"vc_empty_space_inner\"><\/span><\/div><div class=\"norebro-heading-sc heading text-center\"\n\tid=\"norebro-custom-6a08964361685\" \n\t \n\t>\n\t\n\t\n\t\n\t<h3 class=\"title\">\n\t\tSize Guide\t<\/h3>\n\n\t\n\t\t\t<p class=\"subtitle\">\n\t\t\tNeed help? Use Live chat or email us at: <a href=\"mailto:sales@planet-knox.com\">sales@planet-knox.com<\/a>\t\t<\/p>\n\t\t\n<\/div><div class=\"vc_empty_space\"   style=\"height: 32px\"><span class=\"vc_empty_space_inner\"><\/span><\/div><div class=\"vc_separator wpb_content_element vc_separator_align_center vc_sep_width_100 vc_sep_pos_align_center vc_separator_no_text vc_sep_color_grey wpb_content_element  wpb_content_element\" ><span class=\"vc_sep_holder vc_sep_holder_l\"><span class=\"vc_sep_line\"><\/span><\/span><span class=\"vc_sep_holder vc_sep_holder_r\"><span class=\"vc_sep_line\"><\/span><\/span>\n<\/div><div class=\"vc_empty_space\"   style=\"height: 32px\"><span class=\"vc_empty_space_inner\"><\/span><\/div>\n\t<div  class=\"wpb_single_image wpb_content_element vc_align_center wpb_content_element\">\n\t\t\n\t\t<figure class=\"wpb_wrapper vc_figure\">\n\t\t\t<div class=\"vc_single_image-wrapper   vc_box_border_grey\"><img decoding=\"async\" width=\"400\" height=\"293\" src=\"https:\/\/www.planet-knox.com\/wp-content\/uploads\/2018\/09\/mens-gloves.png\" class=\"vc_single_image-img attachment-full\" alt=\"\" title=\"mens-gloves\" srcset=\"https:\/\/www.planet-knox.com\/wp-content\/uploads\/2018\/09\/mens-gloves.png 400w, https:\/\/www.planet-knox.com\/wp-content\/uploads\/2018\/09\/mens-gloves-16x12.png 16w\" sizes=\"(max-width: 400px) 100vw, 400px\" \/><\/div>\n\t\t<\/figure>\n\t<\/div>\n<div class=\"norebro-text-sc \" \n\tid=\"norebro-custom-6a089643622b1\" \n\t \n\t>\n\n\t<p style=\"text-align: center;\"><strong>Palm Circumference (A):<\/strong> Palm circumference is the total measurement around the widest part of the palm and over the knuckles. Put the tape around your palm and make a fist, then note the measurement.<\/p>\n<p style=\"text-align: center;\"><strong>Hand Length (B):<\/strong> Measure from your wrist crease to the end of your middle finger.<\/p>\n<p style=\"text-align: center;\">Measure your hand length and width and choose size the closest to your measurements. This should fit your hand correctly. If your hand fits one measure but not the 2nd, or if you prefer a looser fit, we would advise choosing the next size up.<\/p>\n\t\n<\/div><div class=\"vc_row wpb_row vc_inner vc_row-fluid sizeguidehelpcolumn vc_row-o-content-middle vc_row-flex\"><div class=\"wpb_column vc_column_container vc_col-sm-6\"><div class=\"vc_column-inner\"><div class=\"wpb_wrapper\"><\/div><\/div><\/div><div class=\"wpb_column vc_column_container vc_col-sm-6\"><div class=\"vc_column-inner\"><div class=\"wpb_wrapper\"><\/div><\/div><\/div><\/div><div class=\"vc_row wpb_row vc_inner vc_row-fluid vc_row-o-content-middle vc_row-flex\"><div class=\"wpb_column vc_column_container vc_col-sm-12\"><div class=\"vc_column-inner\"><div class=\"wpb_wrapper\">\n\t<div class=\"wpb_raw_code wpb_raw_html wpb_content_element\" >\n\t\t<div class=\"wpb_wrapper\">\n\t\t\t<table class=\"knoxtable\" cellspacing=\"0\" cellpadding=\"0\" width=\"100%\">\n  <tr>\n    <th>Men's Hand Size<\/th>\n    <th>S<\/th>\n    <th>M<\/th>\n    <th>L<\/th>\n    <th>XL<\/th>\n    <th>XXL<\/th>\n    <th>XXXL<\/th>\n  <\/tr>\n  <tr>\n    <td>Palm Circumference (mm)<\/td>\n    <td>215<\/td>\n    <td>230<\/td>\n    <td>245<\/td>\n    <td>260<\/td>\n    <td>275<\/td>\n    <td>290<\/td>\n  <\/tr>\n  <tr>\n    <td>Hand Length (mm)<\/td>\n    <td>186<\/td>\n    <td>193<\/td>\n    <td>200<\/td>\n    <td>207<\/td>\n    <td>214<\/td>\n    <td>221<\/td>\n  <\/tr>\n<\/table>\n\t\t<\/div>\n\t<\/div>\n<div class=\"vc_empty_space\"   style=\"height: 32px\"><span class=\"vc_empty_space_inner\"><\/span><\/div><div class=\"wpb_column vc_column_container vc_col-sm-6\"><div class=\"vc_column-inner\"><div class=\"wpb_wrapper\"><\/div><\/div><\/div><\/div><\/div><\/div>[\/vc_column_inner]<\/div><div class=\"vc_row wpb_row vc_inner vc_row-fluid sizeguidehelpcolumn vc_row-o-content-top vc_row-flex\"><div class=\"wpb_column vc_column_container vc_col-sm-6\"><div class=\"vc_column-inner\"><div class=\"wpb_wrapper\"><div class=\"vc_separator wpb_content_element vc_separator_align_center vc_sep_width_100 vc_sep_pos_align_center vc_sep_color_grey wpb_content_element vc_separator-has-text\" ><span class=\"vc_sep_holder vc_sep_holder_l\"><span class=\"vc_sep_line\"><\/span><\/span><h4>THE SEASONLESS COLLECTION<\/h4><span class=\"vc_sep_holder vc_sep_holder_r\"><span class=\"vc_sep_line\"><\/span><\/span>\n<\/div><div class=\"vc_empty_space\"   style=\"height: 32px\"><span class=\"vc_empty_space_inner\"><\/span><\/div>\n\t<div  class=\"wpb_single_image wpb_content_element vc_align_center wpb_content_element wpb_animate_when_almost_visible wpb_fadeIn fadeIn\">\n\t\t\n\t\t<figure class=\"wpb_wrapper vc_figure\">\n\t\t\t<a href=\"https:\/\/www.planet-knox.com\/seasonless-collection\/\" target=\"_self\" class=\"vc_single_image-wrapper   vc_box_border_grey\"><img decoding=\"async\" width=\"1320\" height=\"743\" src=\"https:\/\/www.planet-knox.com\/wp-content\/uploads\/2022\/01\/seasonless-15.jpg\" class=\"vc_single_image-img attachment-full\" alt=\"\" title=\"seasonless-15\" srcset=\"https:\/\/www.planet-knox.com\/wp-content\/uploads\/2022\/01\/seasonless-15.jpg 1320w, https:\/\/www.planet-knox.com\/wp-content\/uploads\/2022\/01\/seasonless-15-500x281.jpg 500w, https:\/\/www.planet-knox.com\/wp-content\/uploads\/2022\/01\/seasonless-15-768x432.jpg 768w, https:\/\/www.planet-knox.com\/wp-content\/uploads\/2022\/01\/seasonless-15-18x10.jpg 18w\" sizes=\"(max-width: 1320px) 100vw, 1320px\" \/><\/a>\n\t\t<\/figure>\n\t<\/div>\n<div class=\"vc_empty_space\"   style=\"height: 32px\"><span class=\"vc_empty_space_inner\"><\/span><\/div><div class=\"norebro-text-sc \" \n\tid=\"norebro-custom-6a089643639cf\" \n\t \n\t>\n\n\t<p style=\"text-align: center;\">Core Knox pieces, used for every ride and every season. Start with core protection and add layers to adapt and overcome all conditions, from unbearable heat through to driving rain.<\/p>\n\t\n<\/div><div class=\"vc_empty_space\"   style=\"height: 32px\"><span class=\"vc_empty_space_inner\"><\/span><\/div><div class=\"norebro-button-sc btn-wrap text-center\" \n\tid=\"norebro-custom-6a08964363b36\"\n\t \n\t>\n\n\t<a href=\"https:\/\/www.planet-knox.com\/seasonless-collection\/\" \n\t\tclass=\"btn  btn-outline\">\n\n\t\t\n\t\t\n\t\t<span class=\"text\">\n\t\t\tFind Out More\t\t<\/span>\n\n\t\t\n\t\t\n\t\t\t<\/a>\n\n<\/div><div class=\"vc_empty_space\"   style=\"height: 32px\"><span class=\"vc_empty_space_inner\"><\/span><\/div><div class=\"vc_empty_space\"   style=\"height: 32px\"><span class=\"vc_empty_space_inner\"><\/span><\/div><\/div><\/div><\/div><div class=\"wpb_column vc_column_container vc_col-sm-6\"><div class=\"vc_column-inner\"><div class=\"wpb_wrapper\"><div class=\"vc_separator wpb_content_element vc_separator_align_center vc_sep_width_100 vc_sep_pos_align_center vc_sep_color_grey wpb_content_element vc_separator-has-text\" ><span class=\"vc_sep_holder vc_sep_holder_l\"><span class=\"vc_sep_line\"><\/span><\/span><h4>HAND ARMOUR<\/h4><span class=\"vc_sep_holder vc_sep_holder_r\"><span class=\"vc_sep_line\"><\/span><\/span>\n<\/div><div class=\"vc_empty_space\"   style=\"height: 32px\"><span class=\"vc_empty_space_inner\"><\/span><\/div>\n\t<div  class=\"wpb_single_image wpb_content_element vc_align_center wpb_content_element wpb_animate_when_almost_visible wpb_fadeIn fadeIn\">\n\t\t\n\t\t<figure class=\"wpb_wrapper vc_figure\">\n\t\t\t<a href=\"https:\/\/www.planet-knox.com\/hand-armour\/\" target=\"_self\" class=\"vc_single_image-wrapper   vc_box_border_grey\"><img decoding=\"async\" width=\"1320\" height=\"743\" src=\"https:\/\/www.planet-knox.com\/wp-content\/uploads\/2022\/01\/seasonless-12.jpg\" class=\"vc_single_image-img attachment-full\" alt=\"\" title=\"seasonless-12\" srcset=\"https:\/\/www.planet-knox.com\/wp-content\/uploads\/2022\/01\/seasonless-12.jpg 1320w, https:\/\/www.planet-knox.com\/wp-content\/uploads\/2022\/01\/seasonless-12-500x281.jpg 500w, https:\/\/www.planet-knox.com\/wp-content\/uploads\/2022\/01\/seasonless-12-768x432.jpg 768w, https:\/\/www.planet-knox.com\/wp-content\/uploads\/2022\/01\/seasonless-12-18x10.jpg 18w\" sizes=\"(max-width: 1320px) 100vw, 1320px\" \/><\/a>\n\t\t<\/figure>\n\t<\/div>\n<div class=\"vc_empty_space\"   style=\"height: 32px\"><span class=\"vc_empty_space_inner\"><\/span><\/div><div class=\"norebro-text-sc \" \n\tid=\"norebro-custom-6a0896436481c\" \n\t \n\t>\n\n\t<p style=\"text-align: center;\">Hands are one of our greatest assets, vitally important for gripping, holding, feeling, and modulating. In short, they\u2019re worth protecting!<\/p>\n\t\n<\/div><div class=\"vc_empty_space\"   style=\"height: 32px\"><span class=\"vc_empty_space_inner\"><\/span><\/div><div class=\"norebro-button-sc btn-wrap text-center\" \n\tid=\"norebro-custom-6a0896436495d\"\n\t \n\t>\n\n\t<a href=\"https:\/\/www.planet-knox.com\/hand-armour\/\" \n\t\tclass=\"btn  btn-outline\">\n\n\t\t\n\t\t\n\t\t<span class=\"text\">\n\t\t\tFind Out More\t\t<\/span>\n\n\t\t\n\t\t\n\t\t\t<\/a>\n\n<\/div><div class=\"vc_empty_space\"   style=\"height: 32px\"><span class=\"vc_empty_space_inner\"><\/span><\/div><div class=\"vc_empty_space\"   style=\"height: 32px\"><span class=\"vc_empty_space_inner\"><\/span><\/div><\/div><\/div><\/div><\/div><\/div><\/div><\/div><\/div><div id=\"relatedproducts\" data-vc-full-width=\"true\" data-vc-full-width-init=\"false\" class=\"vc_row wpb_row vc_row-fluid gradient-container-2 vc_custom_1670331246434 vc_row-has-fill\"><div class=\"gradient-column-2 wpb_column vc_column_container vc_col-sm-12\"><div class=\"vc_column-inner\"><div class=\"wpb_wrapper\"><div class=\"norebro-heading-sc heading text-center\"\n\tid=\"norebro-custom-6a08964365135\" \n\t \n\t>\n\t\n\t\n\t\n\t<h3 class=\"title\">\n\t\tRelated Products\t<\/h3>\n\n\t\n\t\t\t<p class=\"subtitle\">\n\t\t\tNeed help selecting products that go well together? Use Live chat or email us at: <a href=\"mailto:sales@planet-knox.com\">sales@planet-knox.com<\/a>\t\t<\/p>\n\t\t\n<\/div><div class=\"vc_empty_space\"   style=\"height: 32px\"><span class=\"vc_empty_space_inner\"><\/span><\/div><div class=\"vc_separator wpb_content_element vc_separator_align_center vc_sep_width_100 vc_sep_pos_align_center vc_separator_no_text vc_sep_color_grey wpb_content_element  wpb_content_element\" ><span class=\"vc_sep_holder vc_sep_holder_l\"><span class=\"vc_sep_line\"><\/span><\/span><span class=\"vc_sep_holder vc_sep_holder_r\"><span class=\"vc_sep_line\"><\/span><\/span>\n<\/div><div class=\"vc_empty_space\"   style=\"height: 32px\"><span class=\"vc_empty_space_inner\"><\/span><\/div><div class=\"woocommerce columns-3 \">\n<div class=\"vc_row\">\n\t<ul class=\"woo-products norebro-masonry\" data-lazy-container=\"products\">\n\n<li class=\"post-168491 product type-product status-publish has-post-thumbnail product_cat-sale product_cat-dualpro product_cat-mens-motorcycle-jackets product_cat-shells product_tag-men pa_colour-black pa_easproj_hs6p_received-2783 pa_easproj_originating_country-cn pa_size-2xl pa_size-3xl pa_size-4xl pa_size-5xl pa_size-l pa_size-m pa_size-s pa_size-xl first instock sale taxable shipping-taxable purchasable product-type-variable has-default-attributes\" data-product-item=\"true\" data-lazy-item=\"\" data-lazy-scope=\"products\">\n\t<div class=\"product-content trans-shadow\">\n\t\t<a href=\"https:\/\/www.planet-knox.com\/it\/prodotto\/mens-dual-pro-3-in-1-jacket-black\/\" class=\"static\">\n\t\t\t<div class=\"image-wrap\">\n\t\t\t\t\n\t<span class=\"woo-onsale brand-bg-color\">SALE<\/span>\n\n\t\t\t\t<div class=\"noslide\">\n\t\t\t\t\n\t\t\t\t\t\n\t<span class=\"woo-onsale brand-bg-color\">SALE<\/span>\n<img decoding=\"async\" width=\"650\" height=\"650\" src=\"https:\/\/www.planet-knox.com\/wp-content\/uploads\/2022\/01\/KNXDualProMenBlack_1-650x650.jpg\" class=\"attachment-woocommerce_thumbnail size-woocommerce_thumbnail\" alt=\"Men\u2019s Dual Pro 3 in 1 Jacket\" srcset=\"https:\/\/www.planet-knox.com\/wp-content\/uploads\/2022\/01\/KNXDualProMenBlack_1-650x650.jpg 650w, https:\/\/www.planet-knox.com\/wp-content\/uploads\/2022\/01\/KNXDualProMenBlack_1-500x500.jpg 500w, https:\/\/www.planet-knox.com\/wp-content\/uploads\/2022\/01\/KNXDualProMenBlack_1-1500x1500.jpg 1500w, https:\/\/www.planet-knox.com\/wp-content\/uploads\/2022\/01\/KNXDualProMenBlack_1-768x768.jpg 768w, https:\/\/www.planet-knox.com\/wp-content\/uploads\/2022\/01\/KNXDualProMenBlack_1-1536x1536.jpg 1536w, https:\/\/www.planet-knox.com\/wp-content\/uploads\/2022\/01\/KNXDualProMenBlack_1-12x12.jpg 12w, https:\/\/www.planet-knox.com\/wp-content\/uploads\/2022\/01\/KNXDualProMenBlack_1-200x200.jpg 200w, https:\/\/www.planet-knox.com\/wp-content\/uploads\/2022\/01\/KNXDualProMenBlack_1-1920x1920.jpg 1920w, https:\/\/www.planet-knox.com\/wp-content\/uploads\/2022\/01\/KNXDualProMenBlack_1.jpg 2000w\" sizes=\"(max-width: 650px) 100vw, 650px\" \/>\n\t\t\t\t<\/div>\n\n\t\t\t<\/div>\n\n\t\t<\/a><a href=\"https:\/\/www.planet-knox.com\/it\/prodotto\/mens-dual-pro-3-in-1-jacket-black\/\" aria-describedby=\"woocommerce_loop_add_to_cart_link_describedby_168491\" data-quantity=\"1\" class=\"btn btn-brand button product_type_variable add_to_cart_button\" data-product_id=\"168491\" data-product_sku=\"KNXDualProMenBlack\" aria-label=\"Seleziona le opzioni per &ldquo;Men\u2019s Dual Pro 3 in 1 Jacket&rdquo;\" rel=\"nofollow\">Scegli<\/a><span id=\"woocommerce_loop_add_to_cart_link_describedby_168491\" class=\"screen-reader-text\">\n\tQuesto prodotto ha pi\u00f9 varianti. Le opzioni possono essere scelte nella pagina del prodotto<\/span>\n<span class=\"gtm4wp_productdata\" style=\"display:none; visibility:hidden;\" data-gtm4wp_product_data=\"{&quot;internal_id&quot;:168491,&quot;item_id&quot;:&quot;KNXDualProMenBlack&quot;,&quot;item_name&quot;:&quot;Men\\u2019s Dual Pro 3 in 1 Jacket&quot;,&quot;sku&quot;:&quot;KNXDualProMenBlack&quot;,&quot;price&quot;:169.99,&quot;stocklevel&quot;:1,&quot;stockstatus&quot;:&quot;instock&quot;,&quot;google_business_vertical&quot;:&quot;retail&quot;,&quot;item_category&quot;:&quot;Dual Pro&quot;,&quot;id&quot;:&quot;KNXDualProMenBlack&quot;,&quot;item_brand&quot;:&quot;Men&#039;s Shells&quot;,&quot;productlink&quot;:&quot;https:\\\/\\\/www.planet-knox.com\\\/it\\\/prodotto\\\/mens-dual-pro-3-in-1-jacket-black\\\/&quot;,&quot;item_list_name&quot;:&quot;General Product List&quot;,&quot;index&quot;:1,&quot;product_type&quot;:&quot;variable&quot;}\"><\/span>\t\t<div class=\"wc-product-title-wrap\">\n\t\t\t\t\t\n\t\t\t\t\t\n\t\t\t\t\t\n\t\t\t\t\t\n\t\t\t\t\t\t<h3>\n\t\t\t\t<a href=\"https:\/\/www.planet-knox.com\/it\/prodotto\/mens-dual-pro-3-in-1-jacket-black\/\" class=\"color-dark\">\n\t\t\t\t\tMen\u2019s Dual Pro 3 in 1 Jacket\t\t\t\t<\/a>\n\t\t\t<\/h3>\n\t\t\t<div class=\"price\">\n\t\t\t\t<span class=\"wcpbc-price wcpbc-price-168491\" data-product-id=\"168491\"><del aria-hidden=\"true\"><span data-product-vat=\"20\" class=\"woocommerce-Price-amount amount\"><span class=\"woocommerce-Price-currencySymbol\">&pound;<\/span>239.99<\/span><\/del> <span class=\"screen-reader-text\">Il prezzo originale era: &pound;239.99.<\/span><ins aria-hidden=\"true\"><span data-product-vat=\"20\" class=\"woocommerce-Price-amount amount\"><span class=\"woocommerce-Price-currencySymbol\">&pound;<\/span>169.99<\/span><\/ins><span class=\"screen-reader-text\">Il prezzo attuale \u00e8: &pound;169.99.<\/span><\/span>\t\t\t<\/div>\n\t\t\t<div class=\"clear\"><\/div>\n\t\t<\/div>\n\t<\/div>\n<\/li>\n\t<\/ul>\n<\/div><\/div><div class=\"vc_empty_space\"   style=\"height: 64px\"><span class=\"vc_empty_space_inner\"><\/span><\/div><\/div><\/div><\/div><\/div><div class=\"vc_row-full-width vc_clearfix\"><\/div>\n<\/div>","protected":false},"excerpt":{"rendered":"<p>L'Hadleigh da uomo \u00e8 un guanto da moto impermeabile 100%. Realizzato in morbida pelle di vacca anilina di prima qualit\u00e0, con un palmo in pelle di capra resistente e pannelli sovrapposti in pelle per una maggiore resistenza e durata, mentre le nocche sono dotate di una morbida armatura Micro-Lock. Questo guanto utilizza anche il sistema brevettato Knox Scaphoid Protection System (SPS) a basso profilo sul palmo. Questo sistema elimina l'effetto di presa che si verifica quando il palmo in pelle entra in contatto con una roa. Questo riduce il rischio di iperestensione, che pu\u00f2 essere la causa della rottura dello scafoide. I guanti Hadleigh sono <strong>Omologato CE secondo EN13594<\/strong>. L'Hadleigh impermeabile \u00e8 inoltre realizzato senza alcun isolamento ingombrante. Poich\u00e9 la membrana impermeabile flessibile, Knox seal, si trova direttamente sotto il guscio del guanto, lascia il pilota pi\u00f9 asciutto e quindi pi\u00f9 comodo. Poich\u00e9 la membrana \u00e8 incollata al guscio, il guanto \u00e8 pi\u00f9 sottile e offre maggiore sensibilit\u00e0, destrezza e sensibilit\u00e0.<\/p>","protected":false},"featured_media":153153,"comment_status":"open","ping_status":"closed","template":"","meta":{"_acf_changed":false,"inline_featured_image":false},"product_brand":[],"product_cat":[2683,631,512,574,618],"product_tag":[517],"class_list":{"0":"post-149439","1":"product","2":"type-product","3":"status-publish","4":"has-post-thumbnail","6":"product_cat-sale","7":"product_cat-gloves","8":"product_cat-mens-motorcycle-gloves","9":"product_cat-mens-waterproof-gloves","10":"product_cat-womens-motorcycle-gloves","11":"product_tag-men","12":"pa_size-2xl","13":"pa_size-3xl","15":"first","16":"instock","17":"sale","18":"taxable","19":"shipping-taxable","20":"purchasable","21":"product-type-variable"},"acf":[],"aioseo_notices":[],"gallery_images":[149839,172861,172863,152545,152549,153155,153165,153163,153161,153159,153157],"_links":{"self":[{"href":"https:\/\/www.planet-knox.com\/it\/wp-json\/wp\/v2\/product\/149439","targetHints":{"allow":["GET"]}}],"collection":[{"href":"https:\/\/www.planet-knox.com\/it\/wp-json\/wp\/v2\/product"}],"about":[{"href":"https:\/\/www.planet-knox.com\/it\/wp-json\/wp\/v2\/types\/product"}],"replies":[{"embeddable":true,"href":"https:\/\/www.planet-knox.com\/it\/wp-json\/wp\/v2\/comments?post=149439"}],"wp:featuredmedia":[{"embeddable":true,"href":"https:\/\/www.planet-knox.com\/it\/wp-json\/wp\/v2\/media\/153153"}],"wp:attachment":[{"href":"https:\/\/www.planet-knox.com\/it\/wp-json\/wp\/v2\/media?parent=149439"}],"wp:term":[{"taxonomy":"product_brand","embeddable":true,"href":"https:\/\/www.planet-knox.com\/it\/wp-json\/wp\/v2\/product_brand?post=149439"},{"taxonomy":"product_cat","embeddable":true,"href":"https:\/\/www.planet-knox.com\/it\/wp-json\/wp\/v2\/product_cat?post=149439"},{"taxonomy":"product_tag","embeddable":true,"href":"https:\/\/www.planet-knox.com\/it\/wp-json\/wp\/v2\/product_tag?post=149439"}],"curies":[{"name":"wp","href":"https:\/\/api.w.org\/{rel}","templated":true}]}}