{"id":84670,"date":"2019-02-28T10:45:23","date_gmt":"2019-02-28T10:45:23","guid":{"rendered":"https:\/\/knoxnetwork.uk\/?page_id=84670"},"modified":"2023-02-01T10:03:40","modified_gmt":"2023-02-01T10:03:40","slug":"terms-conditions","status":"publish","type":"page","link":"https:\/\/www.planet-knox.com\/it\/terms-conditions\/","title":{"rendered":"Termini e condizioni"},"content":{"rendered":"<p>Planet Knox Limited si dedica completamente alla vostra soddisfazione. Se avete suggerimenti o commenti, inviateci un'e-mail all'indirizzo\u00a0<a href=\"mailto:sales@planet-knox.com\">sales@planet-knox.com<\/a>.<br>Planet Knox Ltd \u00e8 un'azienda con sede nel Regno Unito e rispetta la legge britannica sui consumatori. Visitando il nostro sito web Knox Armour si accetta e si acconsente al contenuto di questi Termini e Condizioni.<\/p>\r\n\r\n\r\n\r\n<hr class=\"wp-block-separator has-css-opacity\" \/>\r\n\r\n\r\n\r\n<h3 class=\"wp-block-heading\">I nostri contatti<\/h3>\r\n\r\n\r\n\r\n<p><strong>Planet Knox Limited<\/strong>,<br>Unit\u00e0 5 Derwent Mills Commercial Park,<br>Wakefield Road,<br>Cockermouth,<br>Cumbria,<br>CA13 0HT<br>Regno Unito<\/p>\r\n\r\n\r\n\r\n<p><strong>Telefono:<\/strong>\u00a0+44 (0)1900 825825<br><strong>Fax:<\/strong>\u00a0+ 44 (0)1900 824824<br><strong>E-mail:<\/strong>\u00a0<a href=\"mailto:sales@planet-knox.com\">sales@planet-knox.com<\/a><br><strong>Numero di partita IVA:<\/strong>\u00a0GB 698 5461 71<\/p>\r\n\r\n\r\n\r\n<hr class=\"wp-block-separator has-css-opacity\" \/>\r\n\r\n\r\n\r\n<h3 class=\"wp-block-heading\">Effettuare un acquisto<\/h3>\r\n\r\n\r\n\r\n<p>Effettuare un acquisto non potrebbe essere pi\u00f9 semplice. Basta sfogliare il nostro catalogo e cliccare sugli articoli che si desidera acquistare e metterli nel carrello. Una volta terminata la selezione, vi verranno richiesti alcuni dati che ci servono per poter soddisfare l'ordine.<br>Accettiamo pagamenti con carta di credito. Se acquistate da un paese diverso dal Regno Unito, effettuate l'ordine e la compagnia della vostra carta di credito convertir\u00e0 la transazione nella vostra valuta.<br>Accettiamo Visa e Mastercard, Maestro, Visa Electron, Solo.<\/p>\r\n\r\n\r\n\r\n<hr class=\"wp-block-separator has-css-opacity\" \/>\r\n\r\n\r\n\r\n<h3 class=\"wp-block-heading\" id=\"knoxshipping\">Spedizione e gestione<\/h3>\r\n\r\n\r\n\r\n<p>Tutti i pacchi vengono consegnati nel Regno Unito tramite posta standard o servizio espresso UPS. La posta standard pu\u00f2 richiedere fino a 7 giorni lavorativi. Il servizio espresso richiede normalmente 1 -2 giorni. La consegna gratuita nel Regno Unito presso un punto di accesso UPS \u00e8 offerta per ordini superiori a \u00a399,99.<br>I pacchi inviati per espresso al di fuori del Regno Unito devono essere firmati all'indirizzo del titolare della carta di credito. Non \u00e8 possibile indicare un orario preciso per la consegna, ma se richiesto, cercheremo di consegnare il pacco in un giorno specifico.<br>Tutti i pacchi consegnati in Europa o nel resto del mondo saranno inviati con posta standard o servizio espresso. Vi preghiamo di contattarci se avete bisogno di ulteriori dettagli.<\/p>\r\n\r\n\r\n\r\n<p><strong>NOTA BENE: <\/strong><\/p>\r\n\r\n\r\n\r\n<p><strong>Gli ordini spediti al di fuori del Regno Unito possono essere soggetti a dazi doganali o tasse di importazione una volta che la spedizione raggiunge il vostro paese. I clienti sono responsabili del pagamento di questi costi attraverso il corriere indicato. Per ulteriori informazioni sulle tasse di importazione, si consiglia di rivolgersi all'ufficio doganale locale.<\/strong><\/p>\r\n\r\n\r\n\r\n<p><strong>Gli ordini vengono spediti quando tutti gli articoli sono disponibili; se si preferisce una spedizione parziale dell'ordine, inviare un'e-mail a sales@planet-knox.com per discutere le opzioni.<\/strong><\/p>\r\n\r\n\r\n\r\n<hr class=\"wp-block-separator has-css-opacity\" \/>\r\n\r\n\r\n\r\n<h3 class=\"wp-block-heading\">Programma di consegna<\/h3>\r\n\r\n\r\n\r\n<p>We will normally despatch your order the same day or next business day if the products are in stock. Orders are despatched Monday  &#8211;  Friday. These are normal business days unless it is a UK national holiday.\u00a0 Occasionally there may be a delay on an order but we will make every effort to keep you informed by email. You will be given the option of cancelling your order if you would rather not wait.<\/p>\r\n\r\n\r\n\r\n<h3 class=\"wp-block-heading\">Spese di importazione<\/h3>\r\n\r\n\r\n\r\n<p>Planet Knox non \u00e8 responsabile di eventuali spese doganali\/di importazione sostenute. I prodotti Planet Knox sono venduti in sterline su base DAP (Delivered at Place) per ordini al di fuori del Regno Unito. Il destinatario potrebbe dover pagare un dazio all'importazione o una tassa doganale formale prima o al momento della consegna. In base alla legislazione locale, possono essere applicate ulteriori tasse, imposte o prelievi; si consiglia ai clienti di verificare questi dettagli prima di effettuare un ordine.<br>Se il codice postale o una qualsiasi parte dell'indirizzo viene inserita in modo errato, potrebbero verificarsi ritardi o mancate consegne.<\/p>\r\n\r\n\r\n\r\n<h3 class=\"wp-block-heading\">Sicurezza della carta di credito<\/h3>\r\n\r\n\r\n\r\n<p>Tutti i numeri di carta di credito vengono criptati nel software al momento dell'ordine con una crittografia a 128 bit. Vengono decifrati solo dopo aver raggiunto il nostro computer. Non vengono conservati in chiaro su nessun sito web.<\/p>\r\n\r\n\r\n\r\n<hr class=\"wp-block-separator has-css-opacity\" \/>\r\n\r\n\r\n\r\n<h3 class=\"wp-block-heading\" id=\"returns\">Restituzione e garanzia<\/h3>\r\n\r\n\r\n\r\n<p>Vogliamo che siate soddisfatti ogni volta che fate acquisti da noi. A volte, per\u00f2, sappiamo che potreste voler restituire gli articoli. Ecco perch\u00e9 con la nostra garanzia di restituzione di 30 giorni, se per qualsiasi motivo non siete soddisfatti del vostro acquisto, potete restituircelo nella sua confezione originale e in condizioni di rivendibilit\u00e0 entro 30 giorni dalla data di ricevimento dell'articolo. Vi rimborseremo completamente il prezzo pagato per l'articolo. Per favore, dateci almeno 2 settimane per elaborare il vostro rimborso una volta ricevuta la merce. Il rimborso sar\u00e0 accreditato sul conto della carta di pagamento. Si prega di consultare la procedura e le condizioni sotto la voce Politica di restituzione.<\/p>\r\n\r\n\r\n\r\n<h3 class=\"wp-block-heading\">Politica di restituzione<\/h3>\r\n\r\n\r\n\r\n<p>\u00c8 possibile annullare l'ordine entro 7 giorni lavorativi dal ricevimento della merce. Per annullare un acquisto \u00e8 necessario comunicarlo per iscritto tramite posta o e-mail; una telefonata non \u00e8 sufficiente. Per la vostra tutela, vi consigliamo di utilizzare un servizio di consegna raccomandata per la restituzione della merce. Se non riceviamo l'articolo, possiamo organizzare il ritiro dell'articolo presso la vostra residenza a vostre spese.<br><\/p>\r\n\r\n\r\n\r\n<p>I costi di restituzione degli articoli sono a carico del cliente, a meno che l'articolo non sia stato consegnato per errore o sia danneggiato.<br>Prima di restituire la merce, vi preghiamo di informarci telefonicamente al numero +44 1900 825825 o via e-mail. <a href=\"mailto:sales@planet-knox.com\">sales@planet-knox.com<\/a>.<br>In caso contrario, i pacchi potrebbero essere rifiutati e restituiti al mittente. Si prega di includere il nome, l'indirizzo e il numero di telefono del mittente, una copia della ricevuta originale e il motivo della restituzione. Le spese di restituzione sono a carico del cliente, a meno che l'articolo non sia stato consegnato per errore o sia danneggiato.<\/p>\r\n\r\n\r\n\r\n<p>Se si restituisce un articolo a causa di un errore da parte nostra o perch\u00e9 danneggiato, saremo lieti di rimborsare le spese di spedizione sostenute per l'invio dell'articolo e rimborseremo anche le spese ragionevoli sostenute per la restituzione.<br>Se desiderate che ritiriamo merce errata, danneggiata o difettosa da un indirizzo del Regno Unito, telefonateci al numero 01900 825825. Questa linea \u00e8 disponibile dal luned\u00ec al venerd\u00ec dalle 8.30 alle 17.00 e le chiamate vengono addebitate alla tariffa standard. Provvederemo quindi a organizzare il ritiro della merce<br>Se si \u00e8 al di fuori del Regno Unito e si desidera restituire un prodotto, si prega di seguire la procedura per i resi al di fuori del Regno Unito, spiegata all'indirizzo <a href=\"https:\/\/www.planet-knox.com\/it\/product-returns\/world-returns\/\">https:\/\/www.planet-knox.com\/product-returns\/world-returns\/<\/a>.<br>Assicuratevi di contrassegnare il pacco con la dicitura \"RETURNS\" per evitare che il pacco venga trattenuto in dogana.<\/p>\r\n\r\n\r\n\r\n<hr class=\"wp-block-separator has-css-opacity\" \/>\r\n\r\n\r\n\r\n<h3 class=\"wp-block-heading\" id=\"knoxquality\">Garanzia<\/h3>\r\n\r\n\r\n\r\n<p>I prodotti Knox hanno una garanzia di 12 mesi dalla data di consegna. Nel caso in cui un articolo risulti difettoso nei materiali o nella lavorazione, ci impegniamo a sostituirlo o, a nostra discrezione, a ripararlo gratuitamente, nel rispetto delle seguenti condizioni.<\/p>\r\n\r\n\r\n\r\n<p>La presente garanzia non si applica ai guasti che si verificano a causa di uno dei seguenti fattori:<br>(a) danni dovuti alla normale usura;<br>(b) danni deliberati o intenzionali, immagazzinamento o uso anomalo, incidenti, negligenza del cliente o di un'altra persona;<br>(c) se l'utente non utilizza i prodotti in conformit\u00e0 alle istruzioni fornite;<br>(d) qualsiasi modifica apportata dall'utente al prodotto o alterazione effettuata dall'utente stesso o da terzi non autorizzati.<br>La nostra responsabilit\u00e0 \u00e8 limitata a tale sostituzione o riparazione, che sar\u00e0 considerata un adempimento completo del nostro contratto. Nel caso in cui un articolo risulti difettoso nei materiali o nella lavorazione al momento della consegna, la notifica deve essere fatta a noi entro 7 giorni e ci deve essere concesso un tempo ragionevole per consentirci di sostituire o riparare qualsiasi articolo, a condizione che tutti gli articoli difettosi ci vengano restituiti nello stato in cui ci sono stati forniti. Non ci assumiamo alcuna responsabilit\u00e0 per le parti difettose danneggiate durante il trasporto, sia a causa di un imballaggio insoddisfacente che di altro tipo.<\/p>\r\n\r\n\r\n\r\n<p>In caso di problemi con un prodotto Knox, come indicato sopra, si prega di inviare un'e-mail all'indirizzo:\u00a0<a href=\"mailto:sales@planet-knox.com\">sales@planet-knox.com<\/a>.<\/p>\r\n\r\n\r\n\r\n<hr class=\"wp-block-separator has-css-opacity\" \/>\r\n\r\n\r\n\r\n<h3 class=\"wp-block-heading\">Importante avviso di sicurezza<\/h3>\r\n\r\n\r\n\r\n<p>Molti degli sport e delle attivit\u00e0 a cui si partecipa utilizzando i nostri prodotti possono essere pericolosi e noi non abbiamo alcun controllo sulle modalit\u00e0 di utilizzo dei nostri prodotti. L'utente \u00e8 responsabile della lettura e del rispetto di tutte le istruzioni di sicurezza che mettiamo a sua disposizione e che riguardano i nostri prodotti, nonch\u00e9 dell'esercizio del buon senso per quanto riguarda la scelta e l'uso corretto dei nostri prodotti.<br>Sebbene sia stato fatto ogni sforzo per assicurare che i prodotti Knox soddisfino ragionevolmente i clienti e sebbene molti dei nostri prodotti siano certificati come approvati CE secondo gli standard dell'UE, non possiamo garantire che i nostri prodotti vi proteggano in tutte le circostanze.<\/p>\r\n\r\n\r\n\r\n<hr class=\"wp-block-separator has-css-opacity\" \/>\r\n\r\n\r\n\r\n<h3 class=\"wp-block-heading\">Responsabilit\u00e0<\/h3>\r\n\r\n\r\n\r\n<p>Knox non sar\u00e0 responsabile di eventuali lesioni personali subite dall'utente in seguito all'utilizzo dei nostri prodotti, tranne nel caso in cui tali lesioni siano causate dalla nostra negligenza.<br>L'utente accetta che i prodotti Knox siano indossati a proprio rischio e pericolo e che i prodotti non pretendano di proteggere l'utente da qualsiasi lesione personale che possa verificarsi indossandoli.<br>Sebbene Knox sia responsabile per le perdite o i danni subiti dall'utente che siano il risultato prevedibile della nostra violazione del contratto o della nostra negligenza, Knox non sar\u00e0 responsabile per le perdite o i danni subiti dall'utente che non siano prevedibili o che non siano il risultato della nostra violazione o negligenza. Una perdita o un danno \u00e8 prevedibile se \u00e8 una conseguenza ovvia della nostra violazione o se era contemplata da voi e da noi al momento della stipula del contratto.<br>Non saremo in alcun modo responsabili per danni conseguenti, indiretti, accidentali, perdite o altre spese.<br>Poich\u00e9 alcune giurisdizioni non consentono l'esclusione o la limitazione di danni, perdite o spese consequenziali, indirette o accidentali, la responsabilit\u00e0 di Knox in tali giurisdizioni sar\u00e0 limitata nella misura consentita dalla legge. Knox non sar\u00e0 responsabile di eventuali perdite non causate da Knox.<br>Nessuna disposizione del presente contratto limiter\u00e0 o escluder\u00e0 la nostra responsabilit\u00e0 nei vostri confronti per:<br>(a) morte o lesioni personali derivanti da nostra negligenza; o<br>(b) frode o dichiarazione fraudolenta; o<br>(c) violazione delle condizioni implicite negli articoli 12, 13, 14 e 15 del Sale of Goods Act 1979 (titolo, descrizione, qualit\u00e0 soddisfacente, idoneit\u00e0 allo scopo e campioni); oppure<br>(d) violazione dell'articolo 2 del Consumer Protection Act 1987.<\/p>\r\n\r\n\r\n\r\n<hr class=\"wp-block-separator has-css-opacity\" \/>\r\n\r\n\r\n\r\n<h3 class=\"wp-block-heading\">Informativa sulla privacy<\/h3>\r\n\r\n\r\n\r\n<p>Visualizza la nostra informativa sulla privacy in versione integrale\u00a0<a href=\"\/it\/knox-privacy-policy\/\">QUI<\/a><\/p>\r\n\r\n\r\n\r\n<h3 class=\"wp-block-heading\">Accuratezza dei contenuti<\/h3>\r\n\r\n\r\n\r\n<p>Planet Knox Ltd ha posto la massima cura nella preparazione dei contenuti di questo sito web, in particolare per garantire che i prezzi indicati siano corretti al momento della pubblicazione e che tutti i prodotti siano stati descritti in modo corretto. Tuttavia, gli ordini saranno accettati solo se non vi sono errori materiali nella descrizione della merce o nei prezzi pubblicizzati su questo sito. Tutti i prezzi sono indicati comprensivi di IVA. L'imballaggio pu\u00f2 variare rispetto a quello mostrato. I pesi, le dimensioni e le capacit\u00e0 indicati sono solo approssimativi.<\/p>\r\n\r\n\r\n\r\n<hr class=\"wp-block-separator has-css-opacity\" \/>\r\n\r\n\r\n\r\n<h3 class=\"wp-block-heading\">Severance<\/h3>\r\n\r\n\r\n\r\n<p>Se una parte del presente contratto dovesse risultare non valida, inapplicabile o illegale, ci\u00f2 non pregiudicher\u00e0 le altre parti e se il presente contratto sarebbe interamente valido, applicabile e legale se tale parte venisse eliminata, tale parte sar\u00e0 considerata eliminata.<\/p>\r\n\r\n\r\n\r\n<h3 class=\"wp-block-heading\">Diritto, giurisdizione e lingua<\/h3>\r\n\r\n\r\n\r\n<p>Il presente sito web, qualsiasi contenuto in esso contenuto e qualsiasi contratto nato dall'utilizzo di questo sito web sono regolati e interpretati in conformit\u00e0 con la legge inglese. Le parti di tali contratti accettano di sottoporsi alla giurisdizione esclusiva dei tribunali di Inghilterra e Galles. Tutti i contratti sono stipulati in inglese.<\/p>\r\n\r\n\r\n\r\n<hr class=\"wp-block-separator has-css-opacity\" \/>\r\n\r\n\r\n\r\n<h3 class=\"wp-block-heading\">Offerte<\/h3>\r\n\r\n\r\n\r\n<p>Tutti i prodotti Knox che fanno parte di un'offerta o di una promozione sono venduti singolarmente come parte di quell'offerta. I prodotti in offerta non possono essere mescolati e abbinati ad altre offerte, n\u00e9 possono essere oggetto di ulteriori sconti. In tal caso, l'ordine verr\u00e0 annullato e rimborsato.<\/p>","protected":false},"excerpt":{"rendered":"<p>Planet Knox Limited si dedica completamente alla vostra soddisfazione. Per qualsiasi suggerimento o commento, inviateci un'e-mail all'indirizzo sales@planet-knox.com.Planet Knox Ltd \u00e8 un'azienda con sede nel Regno Unito e rispetta la legge britannica sui consumatori. Visitando il nostro sito web Knox Armour si accetta e si acconsente a...<\/p>","protected":false},"author":1,"featured_media":0,"parent":0,"menu_order":0,"comment_status":"closed","ping_status":"closed","template":"","meta":{"_acf_changed":false,"inline_featured_image":false,"footnotes":""},"class_list":["post-84670","page","type-page","status-publish","hentry"],"acf":[],"aioseo_notices":[],"_links":{"self":[{"href":"https:\/\/www.planet-knox.com\/it\/wp-json\/wp\/v2\/pages\/84670","targetHints":{"allow":["GET"]}}],"collection":[{"href":"https:\/\/www.planet-knox.com\/it\/wp-json\/wp\/v2\/pages"}],"about":[{"href":"https:\/\/www.planet-knox.com\/it\/wp-json\/wp\/v2\/types\/page"}],"author":[{"embeddable":true,"href":"https:\/\/www.planet-knox.com\/it\/wp-json\/wp\/v2\/users\/1"}],"replies":[{"embeddable":true,"href":"https:\/\/www.planet-knox.com\/it\/wp-json\/wp\/v2\/comments?post=84670"}],"version-history":[{"count":0,"href":"https:\/\/www.planet-knox.com\/it\/wp-json\/wp\/v2\/pages\/84670\/revisions"}],"wp:attachment":[{"href":"https:\/\/www.planet-knox.com\/it\/wp-json\/wp\/v2\/media?parent=84670"}],"curies":[{"name":"wp","href":"https:\/\/api.w.org\/{rel}","templated":true}]}}