{"id":141393,"date":"2020-04-13T07:57:00","date_gmt":"2020-04-13T07:57:00","guid":{"rendered":"https:\/\/www.planet-knox.com\/?page_id=141393"},"modified":"2020-05-11T14:21:27","modified_gmt":"2020-05-11T14:21:27","slug":"faqs","status":"publish","type":"page","link":"https:\/\/www.planet-knox.com\/it\/faqs\/","title":{"rendered":"Domande frequenti"},"content":{"rendered":"<div class=\"wpb-content-wrapper\"><div class=\"vc_row wpb_row vc_row-fluid gradient-container-1\"><div class=\"gradient-column-1 wpb_column vc_column_container vc_col-sm-12\"><div class=\"vc_column-inner\"><div class=\"wpb_wrapper\"><div class=\"norebro-heading-sc heading text-center\"\n\tid=\"norebro-custom-69f56cdea8f88\" \n\t \n\t>\n\t\n\t\n\t\n\t<h3 class=\"title\">\n\t\tDomande sulle vendite\t<\/h3>\n\n\t\n\t\t\t<p class=\"subtitle\">\n\t\t\tSe una qualsiasi delle vostre domande non trova risposta qui sotto, non esitate a utilizzare il nostro servizio di live chat o a scriverci un'e-mail all'indirizzo <a href=\"mailto:sales@planet-knox.com\">sales@planet-knox.com<\/a>.\t\t<\/p>\n\t\t\n<\/div><div class=\"vc_empty_space\"   style=\"height: 64px\"><span class=\"vc_empty_space_inner\"><\/span><\/div><div class=\"norebro-accordion-s\u0441 accordion-box\" \n\tid=\"norebro-custom-69f56cdea91a2\"\n\tdata-norebro-accordion=\"0\"\n\t \n\t>\n\n\t<div id=\"norebro-custom-69f56cdea92d5\" class=\"item\">\n\t\n\t<div class=\"title\">\n\t\t\t\t<h4>Come si paga?<\/h4>\n\t\t<div class=\"control\">\n\t\t\t<span class=\"ion-plus\"><\/span>\n\t\t<\/div>\n\t<\/div>\n\n\t<div class=\"content\">\n\t\t<div class=\"wrap\">\n\t\t\t<p>Accettiamo pagamenti con tutte le principali carte di credito tramite i gateway di pagamento PayPal o Pay360.<\/p>\n\t\t<\/div>\n\t<\/div>\n\n<\/div><div id=\"norebro-custom-69f56cdea954a\" class=\"item\">\n\t\n\t<div class=\"title\">\n\t\t\t\t<h4>Effettuate spedizioni nel mio paese?<\/h4>\n\t\t<div class=\"control\">\n\t\t\t<span class=\"ion-plus\"><\/span>\n\t\t<\/div>\n\t<\/div>\n\n\t<div class=\"content\">\n\t\t<div class=\"wrap\">\n\t\t\t<p>spediamo quasi ovunque, tramite UPS, al di fuori del Regno Unito. Se si inserisce il prodotto o i prodotti nel carrello, poi si accede al carrello, \u00e8 possibile selezionare \"Calcola spedizione\" per ottenere un preventivo.<\/p>\n<p>Paesi in cui UPS opera <strong>NON<\/strong> spedire a:<\/p>\n<ul>\n<li>Antartide<\/li>\n<li>Isola di Bouvet<\/li>\n<li>Isole Cocos (Keeling)<\/li>\n<li>Cuba<\/li>\n<li>Isola di Natale<\/li>\n<li>Sahara occidentale<\/li>\n<li>Isole Falkland (Malvinas)<\/li>\n<li>Guinea Equatoriale<\/li>\n<li>Georgia del Sud e isole Sandwich del Sud.<\/li>\n<li>Isole Heard e McDonald<\/li>\n<li>Indie britanniche Chagos<\/li>\n<li>Repubblica Islamica dell'Iran<\/li>\n<li>Corea del Nord<\/li>\n<li>Libia<\/li>\n<li>Midway<\/li>\n<li>Nauru<\/li>\n<li>Niue<\/li>\n<li>Isole Caroline<\/li>\n<li>Saint-Pierre e Miquelon<\/li>\n<li>Pitcairn<\/li>\n<li>Sudan<\/li>\n<li>Sant'Elena<\/li>\n<li>Somalia<\/li>\n<li>Sud Sudan<\/li>\n<li>S\u00e3o Tom\u00e9 e Principe<\/li>\n<li>Repubblica Araba Siriana<\/li>\n<li>Territori meridionali francesi<\/li>\n<li>Tagikistan<\/li>\n<li>Tokelau<\/li>\n<li>Turkmenistan<\/li>\n<li>Isola di Wake<\/li>\n<li>Yemen<\/li>\n<li>Andorra<\/li>\n<li>Belize<\/li>\n<li>Repubblica Centrafricana<\/li>\n<li>Isole Cook<\/li>\n<li>Stati Federati di Micronesia<\/li>\n<li>Isole Faroe<\/li>\n<li>Guiana francese<\/li>\n<li>Groenlandia<\/li>\n<li>Iraq<\/li>\n<li>Kiribati<\/li>\n<li>Isole Marshall<\/li>\n<li>Mali<\/li>\n<li>Maldive<\/li>\n<li>Isola di Norfolk<\/li>\n<li>Papua Nuova Guinea<\/li>\n<li>Palau<\/li>\n<li>Isole Salomone<\/li>\n<li>Chad<\/li>\n<li>Timor Est<\/li>\n<li>Tonga<\/li>\n<li>Tuvalu<\/li>\n<li>Vanuatu<\/li>\n<li>Wallis e Futuna<\/li>\n<li>Mayotte<\/li>\n<\/ul>\n\t\t<\/div>\n\t<\/div>\n\n<\/div><div id=\"norebro-custom-69f56cdea95d9\" class=\"item\">\n\t\n\t<div class=\"title\">\n\t\t\t\t<h4>Mi verranno addebitati costi aggiuntivi?<\/h4>\n\t\t<div class=\"control\">\n\t\t\t<span class=\"ion-plus\"><\/span>\n\t\t<\/div>\n\t<\/div>\n\n\t<div class=\"content\">\n\t\t<div class=\"wrap\">\n\t\t\t<p>Per le consegne al di fuori dell'Europa, \u00e8 probabile che si debbano pagare dazi all'importazione ed eventualmente altre tasse locali. Queste tasse sono al di fuori del nostro controllo, in quanto vengono stabilite dal governo locale e sono soggette a variazioni.<\/p>\n\t\t<\/div>\n\t<\/div>\n\n<\/div><div id=\"norebro-custom-69f56cdea9651\" class=\"item\">\n\t\n\t<div class=\"title\">\n\t\t\t\t<h4>Se devo restituire un prodotto, devo pagare le spese di restituzione?<\/h4>\n\t\t<div class=\"control\">\n\t\t\t<span class=\"ion-plus\"><\/span>\n\t\t<\/div>\n\t<\/div>\n\n\t<div class=\"content\">\n\t\t<div class=\"wrap\">\n\t\t\t<p>A meno che il prodotto non sia difettoso o che non vi abbiamo inviato un prodotto errato, le spese di restituzione sono a vostro carico.<\/p>\n\t\t<\/div>\n\t<\/div>\n\n<\/div><div id=\"norebro-custom-69f56cdea96e3\" class=\"item\">\n\t\n\t<div class=\"title\">\n\t\t\t\t<h4>Il vostro sito \u00e8 sicuro?<\/h4>\n\t\t<div class=\"control\">\n\t\t\t<span class=\"ion-plus\"><\/span>\n\t\t<\/div>\n\t<\/div>\n\n\t<div class=\"content\">\n\t\t<div class=\"wrap\">\n\t\t\t<p>Questo sito utilizza la tecnologia SSL e funziona tramite HTTPS. Ci\u00f2 garantisce che i dati tra noi e l'utente siano criptati, autenticati e protetti. Tutti i pagamenti vengono effettuati tramite i nostri gateway di pagamento di terze parti (PayPal e Pay360) che sono conformi al PCI-DSS, il Payment Card Industry Data Security Standard.<\/p>\n\t\t<\/div>\n\t<\/div>\n\n<\/div><div id=\"norebro-custom-69f56cdea975c\" class=\"item\">\n\t\n\t<div class=\"title\">\n\t\t\t\t<h4>\u00c8 possibile ottenere un prodotto su base finanziaria?<\/h4>\n\t\t<div class=\"control\">\n\t\t\t<span class=\"ion-plus\"><\/span>\n\t\t<\/div>\n\t<\/div>\n\n\t<div class=\"content\">\n\t\t<div class=\"wrap\">\n\t\t\t<p>Il finanziamento \u00e8 disponibile tramite PayPal utilizzando il servizio di credito PayPal. Non esitate a consultare questo servizio <a href=\"https:\/\/www.paypal.com\/uk\/webapps\/mpp\/paypal-virtual-credit\" target=\"_blank\" rel=\"noopener noreferrer\">QUI<\/a>. Questo servizio non fa parte di Knox e non possiamo assistervi nella richiesta o nell'effettuazione di pagamenti tramite questo servizio.<\/p>\n\t\t<\/div>\n\t<\/div>\n\n<\/div>\t\n<\/div><\/div><\/div><\/div><\/div><div class=\"vc_row wpb_row vc_row-fluid gradient-container-2\"><div class=\"gradient-column-2 wpb_column vc_column_container vc_col-sm-12\"><div class=\"vc_column-inner\"><div class=\"wpb_wrapper\"><div class=\"vc_empty_space\"   style=\"height: 64px\"><span class=\"vc_empty_space_inner\"><\/span><\/div><div class=\"norebro-heading-sc heading text-center\"\n\tid=\"norebro-custom-69f56cdea9dc0\" \n\t \n\t>\n\t\n\t\n\t\n\t<h3 class=\"title\">\n\t\tDomande sul prodotto\t<\/h3>\n\n\t\n\t\t\t<p class=\"subtitle\">\n\t\t\t\t\t<\/p>\n\t\t\n<\/div><div class=\"vc_empty_space\"   style=\"height: 64px\"><span class=\"vc_empty_space_inner\"><\/span><\/div><div class=\"norebro-accordion-s\u0441 accordion-box\" \n\tid=\"norebro-custom-69f56cdea9ee9\"\n\tdata-norebro-accordion=\"0\"\n\t \n\t>\n\n\t<div id=\"norebro-custom-69f56cdea9fc3\" class=\"item\">\n\t\n\t<div class=\"title\">\n\t\t\t\t<h4>Dove posso acquistare?<\/h4>\n\t\t<div class=\"control\">\n\t\t\t<span class=\"ion-plus\"><\/span>\n\t\t<\/div>\n\t<\/div>\n\n\t<div class=\"content\">\n\t\t<div class=\"wrap\">\n\t\t\t<p>Se non c'\u00e8 un rivenditore nel luogo in cui vivete, elencato su\u00a0<a href=\"https:\/\/www.planet-knox.com\/it\/store-locator\/\" target=\"_blank\" rel=\"noopener noreferrer\"><strong>il nostro localizzatore di negozi<\/strong><\/a> \u00e8 possibile ordinare tramite il nostro sito web con consegna in tutto il mondo.<\/p>\n\t\t<\/div>\n\t<\/div>\n\n<\/div><div id=\"1589203719470-dacd3bb7-5bef\" class=\"item\">\n\t\n\t<div class=\"title\">\n\t\t\t\t<h4>Come si prende la misura per un paraschiena?<\/h4>\n\t\t<div class=\"control\">\n\t\t\t<span class=\"ion-plus\"><\/span>\n\t\t<\/div>\n\t<\/div>\n\n\t<div class=\"content\">\n\t\t<div class=\"wrap\">\n\t\t\t<p><strong><a href=\"https:\/\/web.archive.org\/web\/20180526211916\/https:\/\/www.planet-knox.com\/assets\/downloads\/KnoxMeasuringGuide.pdf\" target=\"_blank\" rel=\"noopener noreferrer\">Scarica la guida alla misurazione<\/a><\/strong>. La nuca \u00e8 il punto in cui il collo si unisce alla colonna vertebrale, il punto vita \u00e8 quello in cui la schiena si incurva maggiormente, quasi esattamente di fronte all'ombelico. Seguire quindi la guida alle taglie del prodotto specifico.<\/p>\n\t\t<\/div>\n\t<\/div>\n\n<\/div><div id=\"norebro-custom-69f56cdeaa11f\" class=\"item\">\n\t\n\t<div class=\"title\">\n\t\t\t\t<h4>Qual \u00e8 la differenza tra la Urbane Pro e la Zephyr Jacket?<\/h4>\n\t\t<div class=\"control\">\n\t\t\t<span class=\"ion-plus\"><\/span>\n\t\t<\/div>\n\t<\/div>\n\n\t<div class=\"content\">\n\t\t<div class=\"wrap\">\n\t\t\t<p><b>Inserisci info<\/b><\/p>\n\t\t<\/div>\n\t<\/div>\n\n<\/div><div id=\"norebro-custom-69f56cdeaa1bf\" class=\"item\">\n\t\n\t<div class=\"title\">\n\t\t\t\t<h4>Si pu\u00f2 indossare l'Urbane Pro da solo?<\/h4>\n\t\t<div class=\"control\">\n\t\t\t<span class=\"ion-plus\"><\/span>\n\t\t<\/div>\n\t<\/div>\n\n\t<div class=\"content\">\n\t\t<div class=\"wrap\">\n\t\t\t<p><b>Inserisci info<\/b><\/p>\n\t\t<\/div>\n\t<\/div>\n\n<\/div><div id=\"norebro-custom-69f56cdeaa246\" class=\"item\">\n\t\n\t<div class=\"title\">\n\t\t\t\t<h4>Quanto \u00e8 resistente all'abrasione il prodotto X?<\/h4>\n\t\t<div class=\"control\">\n\t\t\t<span class=\"ion-plus\"><\/span>\n\t\t<\/div>\n\t<\/div>\n\n\t<div class=\"content\">\n\t\t<div class=\"wrap\">\n\t\t\t<p><b>Inserisci info<\/b><\/p>\n\t\t<\/div>\n\t<\/div>\n\n<\/div><div id=\"norebro-custom-69f56cdeaa2c1\" class=\"item\">\n\t\n\t<div class=\"title\">\n\t\t\t\t<h4>Come si regola l'armatura del ginocchio nei jeans?<\/h4>\n\t\t<div class=\"control\">\n\t\t\t<span class=\"ion-plus\"><\/span>\n\t\t<\/div>\n\t<\/div>\n\n\t<div class=\"content\">\n\t\t<div class=\"wrap\">\n\t\t\t<p>\u00c8 possibile abbassare l'armatura del ginocchio regolando la tasca dell'armatura. Per favore\u00a0<strong><a href=\"mailto:sales@planet-knox.com\" target=\"_blank\" rel=\"noopener noreferrer\">inviaci un'e-mail<\/a><\/strong>\u00a0per un consiglio su questo<\/p>\n\t\t<\/div>\n\t<\/div>\n\n<\/div><div id=\"norebro-custom-69f56cdeaa340\" class=\"item\">\n\t\n\t<div class=\"title\">\n\t\t\t\t<h4>Come posso misurare le mie mani per i vostri guanti?<\/h4>\n\t\t<div class=\"control\">\n\t\t\t<span class=\"ion-plus\"><\/span>\n\t\t<\/div>\n\t<\/div>\n\n\t<div class=\"content\">\n\t\t<div class=\"wrap\">\n\t\t\t<p><a href=\"https:\/\/www.planet-knox.com\/it\/assets\/downloads\/glovemeasure.png\/\" target=\"_blank\" rel=\"noopener noreferrer\"><strong>Leggete la nostra guida!<\/strong><\/a><\/p>\n\t\t<\/div>\n\t<\/div>\n\n<\/div><div id=\"norebro-custom-69f56cdeaa3ac\" class=\"item\">\n\t\n\t<div class=\"title\">\n\t\t\t\t<h4>Ho perso gli Aerofoil dal mio Handroids, posso averne uno di ricambio?<\/h4>\n\t\t<div class=\"control\">\n\t\t\t<span class=\"ion-plus\"><\/span>\n\t\t<\/div>\n\t<\/div>\n\n\t<div class=\"content\">\n\t\t<div class=\"wrap\">\n\t\t\t<p>Inviateci un'e-mail e saremo lieti di organizzare gratuitamente un set di alette di ricambio!<\/p>\n\t\t<\/div>\n\t<\/div>\n\n<\/div><div id=\"1589205099446-7803fd4d-56ca\" class=\"item\">\n\t\n\t<div class=\"title\">\n\t\t\t\t<h4>Come posso misurare le mie mani per i vostri guanti?<\/h4>\n\t\t<div class=\"control\">\n\t\t\t<span class=\"ion-plus\"><\/span>\n\t\t<\/div>\n\t<\/div>\n\n\t<div class=\"content\">\n\t\t<div class=\"wrap\">\n\t\t\t<p>Inviateci un'e-mail e saremo lieti di organizzare gratuitamente un set di alette di ricambio!<\/p>\n\t\t<\/div>\n\t<\/div>\n\n<\/div><div id=\"norebro-custom-69f56cdeaa4ac\" class=\"item\">\n\t\n\t<div class=\"title\">\n\t\t\t\t<h4>Che cos'\u00e8 il sistema di fissaggio BOA?<\/h4>\n\t\t<div class=\"control\">\n\t\t\t<span class=\"ion-plus\"><\/span>\n\t\t<\/div>\n\t<\/div>\n\n\t<div class=\"content\">\n\t\t<div class=\"wrap\">\n\t\t\t<p>\u00c8 un dispositivo di serraggio brevettato e affidabile che utilizza acciaio rivestito per fornire un modo ultra-sicuro di fissare i guanti Knox. Viene fornito con una garanzia a vita del produttore.<\/p>\n\t\t<\/div>\n\t<\/div>\n\n<\/div><div id=\"norebro-custom-69f56cdeaa535\" class=\"item\">\n\t\n\t<div class=\"title\">\n\t\t\t\t<h4>Qual \u00e8 la differenza tra Micro-Lock e (concorrente)?<\/h4>\n\t\t<div class=\"control\">\n\t\t\t<span class=\"ion-plus\"><\/span>\n\t\t<\/div>\n\t<\/div>\n\n\t<div class=\"content\">\n\t\t<div class=\"wrap\">\n\t\t\t<p>Micro-Lock \u00e8 morbidissimo, flessibile e soprattutto stabile alla temperatura di tutti i climi. Quindi, indipendentemente dal clima o dall'ambiente, si pu\u00f2 contare sul fatto che assorba gli urti allo stesso livello della temperatura ambiente.<\/p>\n\t\t<\/div>\n\t<\/div>\n\n<\/div><div id=\"norebro-custom-69f56cdeaa5d8\" class=\"item\">\n\t\n\t<div class=\"title\">\n\t\t\t\t<h4>Cosa significa Dual-Fit?<\/h4>\n\t\t<div class=\"control\">\n\t\t\t<span class=\"ion-plus\"><\/span>\n\t\t<\/div>\n\t<\/div>\n\n\t<div class=\"content\">\n\t\t<div class=\"wrap\">\n\t\t\t<p>Tutte le nostre giacche esterne hanno un sistema di vestibilit\u00e0 unico, che consente di aumentare o diminuire la taglia per adattarsi a camicie corazzate e\/o strati, o per essere indossate in modo casual.<\/p>\n\t\t<\/div>\n\t<\/div>\n\n<\/div><div id=\"norebro-custom-69f56cdeaa662\" class=\"item\">\n\t\n\t<div class=\"title\">\n\t\t\t\t<h4>Che cosa significa \"certificato CE\"?<\/h4>\n\t\t<div class=\"control\">\n\t\t\t<span class=\"ion-plus\"><\/span>\n\t\t<\/div>\n\t<\/div>\n\n\t<div class=\"content\">\n\t\t<div class=\"wrap\">\n\t\t\t<p>Ci\u00f2 significa che il prodotto \u00e8 stato testato da un'azienda terza approvata dal governo e dispone di un certificato che ne attesta la conformit\u00e0 alla direttiva sui DPI e alla relativa norma.<\/p>\n\t\t<\/div>\n\t<\/div>\n\n<\/div><div id=\"norebro-custom-69f56cdeaa6dc\" class=\"item\">\n\t\n\t<div class=\"title\">\n\t\t\t\t<h4>Quali sono i diversi livelli di CE e di standard?<\/h4>\n\t\t<div class=\"control\">\n\t\t\t<span class=\"ion-plus\"><\/span>\n\t\t<\/div>\n\t<\/div>\n\n\t<div class=\"content\">\n\t\t<div class=\"wrap\">\n\t\t\t<p>Inserisci info<\/p>\n\t\t<\/div>\n\t<\/div>\n\n<\/div><div id=\"norebro-custom-69f56cdeaa750\" class=\"item\">\n\t\n\t<div class=\"title\">\n\t\t\t\t<h4>Perch\u00e9 le vostre giacche non sono dotate di armatura?<\/h4>\n\t\t<div class=\"control\">\n\t\t\t<span class=\"ion-plus\"><\/span>\n\t\t<\/div>\n\t<\/div>\n\n\t<div class=\"content\">\n\t\t<div class=\"wrap\">\n\t\t\t<p>Knox believe that armour worn directly on the body in a comfortable way is much more secure, so safer, than loose in a jacket. Just like having a helmet fitted, wear it close to the body for safety. Our jackets are just as good when worn off the bike, so once the armour layer is removed, the jacket can be sized down for a perfect fit  &#8211;  no saggy armour pockets!<\/p>\n\t\t<\/div>\n\t<\/div>\n\n<\/div><div id=\"norebro-custom-69f56cdeaa7ba\" class=\"item\">\n\t\n\t<div class=\"title\">\n\t\t\t\t<h4>Posso restituire il prodotto se ho bisogno di una taglia diversa o se non mi piace?<\/h4>\n\t\t<div class=\"control\">\n\t\t\t<span class=\"ion-plus\"><\/span>\n\t\t<\/div>\n\t<\/div>\n\n\t<div class=\"content\">\n\t\t<div class=\"wrap\">\n\t\t\t<p>S\u00ec, con la nostra garanzia di restituzione di 30 giorni, a condizione che il prodotto sia stato provato solo per la taglia e sia in condizioni di rivendibilit\u00e0, siamo felici di cambiare i prodotti.<\/p>\n\t\t<\/div>\n\t<\/div>\n\n<\/div>\t\n<\/div><\/div><\/div><\/div><\/div><div class=\"vc_row wpb_row vc_row-fluid gradient-container-3\"><div class=\"gradient-column-3 wpb_column vc_column_container vc_col-sm-12\"><div class=\"vc_column-inner\"><div class=\"wpb_wrapper\"><div class=\"vc_empty_space\"   style=\"height: 64px\"><span class=\"vc_empty_space_inner\"><\/span><\/div><div class=\"norebro-heading-sc heading text-center\"\n\tid=\"norebro-custom-69f56cdeaae89\" \n\t \n\t>\n\t\n\t\n\t\n\t<h3 class=\"title\">\n\t\tDomande sulla garanzia\t<\/h3>\n\n\t\n\t\t\t<p class=\"subtitle\">\n\t\t\t\t\t<\/p>\n\t\t\n<\/div><div class=\"vc_empty_space\"   style=\"height: 64px\"><span class=\"vc_empty_space_inner\"><\/span><\/div><div class=\"norebro-accordion-s\u0441 accordion-box\" \n\tid=\"norebro-custom-69f56cdeaafb4\"\n\tdata-norebro-accordion=\"0\"\n\t \n\t>\n\n\t<div id=\"norebro-custom-69f56cdeab072\" class=\"item\">\n\t\n\t<div class=\"title\">\n\t\t\t\t<h4>Posso restituire il prodotto se ho bisogno di una taglia diversa o se non mi piace?<\/h4>\n\t\t<div class=\"control\">\n\t\t\t<span class=\"ion-plus\"><\/span>\n\t\t<\/div>\n\t<\/div>\n\n\t<div class=\"content\">\n\t\t<div class=\"wrap\">\n\t\t\t<p>S\u00ec, con la nostra garanzia di restituzione di 30 giorni, purch\u00e9 il prodotto sia stato provato solo per la taglia e sia in condizioni di rivendibilit\u00e0, siamo lieti di cambiare i prodotti.<\/p>\n\t\t<\/div>\n\t<\/div>\n\n<\/div><div id=\"norebro-custom-69f56cdeab11f\" class=\"item\">\n\t\n\t<div class=\"title\">\n\t\t\t\t<h4>Come si restituisce un prodotto a Knox?<\/h4>\n\t\t<div class=\"control\">\n\t\t\t<span class=\"ion-plus\"><\/span>\n\t\t<\/div>\n\t<\/div>\n\n\t<div class=\"content\">\n\t\t<div class=\"wrap\">\n\t\t\t<p>Inviateci un'e-mail all'indirizzo\u00a0<strong><a href=\"mailto:sales@planet-knox.com\">sales@planet-knox.com<\/a>\u00a0<\/strong>e vi invieremo il nostro modulo di reso e le relative istruzioni.<\/p>\n\t\t<\/div>\n\t<\/div>\n\n<\/div><div id=\"norebro-custom-69f56cdeab1bf\" class=\"item\">\n\t\n\t<div class=\"title\">\n\t\t\t\t<h4>Quanto dura la mia garanzia?<\/h4>\n\t\t<div class=\"control\">\n\t\t\t<span class=\"ion-plus\"><\/span>\n\t\t<\/div>\n\t<\/div>\n\n\t<div class=\"content\">\n\t\t<div class=\"wrap\">\n\t\t\t<ul>\n<li>Tutti i prodotti Knox hanno una garanzia di 12 mesi contro i difetti.<\/li>\n<li>Il sistema di allacciatura Boa dei nostri guanti \u00e8 garantito a vita.<\/li>\n<li>L'armatura Micro-Lock ha una garanzia di 5 anni.<\/li>\n<\/ul>\n\t\t<\/div>\n\t<\/div>\n\n<\/div><div id=\"norebro-custom-69f56cdeab255\" class=\"item\">\n\t\n\t<div class=\"title\">\n\t\t\t\t<h4>Dove posso registrare la mia garanzia?<\/h4>\n\t\t<div class=\"control\">\n\t\t\t<span class=\"ion-plus\"><\/span>\n\t\t<\/div>\n\t<\/div>\n\n\t<div class=\"content\">\n\t\t<div class=\"wrap\">\n\t\t\t<p>Utilizzate il nostro\u00a0<strong><a href=\"http:\/\/www.planet-knox.com\/it\/reg\/\">Modulo di registrazione del prodotto<\/a><\/strong><\/p>\n<p>Se il prodotto \u00e8 stato acquistato direttamente da Knox, c'\u00e8 <strong>non c'\u00e8 bisogno di farlo<\/strong>.<\/p>\n\t\t<\/div>\n\t<\/div>\n\n<\/div>\t\n<\/div><\/div><\/div><\/div><\/div>\n<\/div>","protected":false},"excerpt":{"rendered":"Sales Questions If any of your questions are not answered below please feel free to use our live chat service or email us at sales@planet-knox.com. How do I pay? We accept payment via all major cards via PayPal or Pay360 payment gateways. Do you ship...","protected":false},"author":1,"featured_media":0,"parent":0,"menu_order":0,"comment_status":"closed","ping_status":"closed","template":"","meta":{"_acf_changed":false,"inline_featured_image":false,"footnotes":""},"class_list":["post-141393","page","type-page","status-publish","hentry"],"acf":[],"aioseo_notices":[],"_links":{"self":[{"href":"https:\/\/www.planet-knox.com\/it\/wp-json\/wp\/v2\/pages\/141393","targetHints":{"allow":["GET"]}}],"collection":[{"href":"https:\/\/www.planet-knox.com\/it\/wp-json\/wp\/v2\/pages"}],"about":[{"href":"https:\/\/www.planet-knox.com\/it\/wp-json\/wp\/v2\/types\/page"}],"author":[{"embeddable":true,"href":"https:\/\/www.planet-knox.com\/it\/wp-json\/wp\/v2\/users\/1"}],"replies":[{"embeddable":true,"href":"https:\/\/www.planet-knox.com\/it\/wp-json\/wp\/v2\/comments?post=141393"}],"version-history":[{"count":0,"href":"https:\/\/www.planet-knox.com\/it\/wp-json\/wp\/v2\/pages\/141393\/revisions"}],"wp:attachment":[{"href":"https:\/\/www.planet-knox.com\/it\/wp-json\/wp\/v2\/media?parent=141393"}],"curies":[{"name":"wp","href":"https:\/\/api.w.org\/{rel}","templated":true}]}}