{"id":193465,"date":"2023-02-01T10:59:04","date_gmt":"2023-02-01T10:59:04","guid":{"rendered":"https:\/\/www.planet-knox.com\/?post_type=product&#038;p=193465"},"modified":"2026-04-13T09:49:49","modified_gmt":"2026-04-13T09:49:49","slug":"womens-rydal-jeans-black-short","status":"publish","type":"product","link":"https:\/\/www.planet-knox.com\/hu\/termek\/womens-rydal-jeans-black-short\/","title":{"rendered":"Women&#8217;s Rydal Jeans &#8211; Black &#8211; Short"},"content":{"rendered":"<div class=\"wpb-content-wrapper\"><div class=\"vc_row wpb_row vc_row-fluid gradient-container-1\"><div class=\"gradient-column-1 wpb_column vc_column_container vc_col-sm-12\"><div class=\"vc_column-inner\"><div class=\"wpb_wrapper\"><div class=\"vc_empty_space\"   style=\"height: 32px\"><span class=\"vc_empty_space_inner\"><\/span><\/div><div class=\"norebro-heading-sc heading text-center\"\n\tid=\"norebro-custom-69e20c39d1a5d\" \n\t \n\t>\n\t\n\t\n\t\n\t<h3 class=\"title\">\n\t\tTechnical Information\t<\/h3>\n\n\t\n\t\t\t<p class=\"subtitle\">\n\t\t\tSeg\u00edts\u00e9gre van sz\u00fcks\u00e9ge? Haszn\u00e1lja az \u00c9l\u0151 cseveg\u00e9st vagy \u00edrjon nek\u00fcnk e-mailt: <a href=\"mailto:sales@planet-knox.com\">sales@planet-knox.com<\/a>\t\t<\/p>\n\t\t\n<\/div><div class=\"vc_empty_space\"   style=\"height: 32px\"><span class=\"vc_empty_space_inner\"><\/span><\/div><div class=\"vc_separator wpb_content_element vc_separator_align_center vc_sep_width_100 vc_sep_pos_align_center vc_separator_no_text vc_sep_color_grey wpb_content_element  wpb_content_element\" ><span class=\"vc_sep_holder vc_sep_holder_l\"><span class=\"vc_sep_line\"><\/span><\/span><span class=\"vc_sep_holder vc_sep_holder_r\"><span class=\"vc_sep_line\"><\/span><\/span>\n<\/div><div class=\"vc_empty_space\"   style=\"height: 32px\"><span class=\"vc_empty_space_inner\"><\/span><\/div>\n\t<div class=\"wpb_raw_code wpb_raw_html wpb_content_element\" >\n\t\t<div class=\"wpb_wrapper\">\n\t\t\t<p>Knox Micro-Lock is fully CE certified to EN 1621-1:2012 Level 1 T+ &amp; T-<\/p><table width=\"100%\" border=\"0\" cellspacing=\"0\" cellpadding=\"0\" class=\"techtable\">\n  <tbody><tr class=\"headerrow\">\n    <td class=\"testtablelight\">EN1621-1-2012<\/td>\n    <td class=\"testtabledark\">REQUIREMENT<\/td>\n    <td class=\"testtabledark\">Status<\/td>\n  <\/tr>\n  <tr>\n    <td>Approval of Technical file<\/td>\n    <td class=\"yellow\">Mandatory<\/td>\n    <td class=\"yellow\">Passed<\/td>\n  <\/tr>\n  <tr>\n    <td>Approval of user information<\/td>\n    <td class=\"yellow\">Mandatory<\/td>\n    <td class=\"yellow\">Passed<\/td>\n  <\/tr>\n  <tr>\n   <td>Minimum zone of protection<\/td>\n   <td class=\"yellow\">Mandatory<\/td>\n   <td class=\"yellow\">Passed<\/td>\n  <\/tr>\n  <tr>\n    <td>Performance in ambient conditions<\/td>\n    <td class=\"yellow\">Mandatory<\/td>\n    <td class=\"yellow\">Passed<\/td>\n  <\/tr>\n  <tr>\n    <td>Performance in hydrolytic conditions<\/td>\n    <td class=\"yellow\">Mandatory<\/td>\n    <td class=\"yellow\">Passed<\/td>\n  <\/tr>\n  <tr>\n    <td>Performance in high temperature conditions<\/td>\n    <td class=\"yellow\">Optional<\/td>\n    <td class=\"yellow\">Passed<\/td>\n  <\/tr>\n  <tr>\n    <td>Performance in low temperature conditions<\/td>\n    <td class=\"yellow\">Optional<\/td>\n    <td class=\"yellow\">Passed<\/td>\n  <\/tr>\n  <tr>\n    <td>Ergonomic assessment<\/td>\n    <td class=\"yellow\">Mandatory<\/td>\n    <td class=\"yellow\">Passed<\/td>\n  <\/tr>\n    <tr>\n    <td>Product marking<\/td>\n    <td class=\"yellow\">Mandatory<\/td>\n    <td class=\"yellow\">Passed<\/td>\n  <\/tr>\n    <tr>\n    <td>Innocuousness<\/td>\n    <td class=\"yellow\">Mandatory<\/td>\n    <td class=\"yellow\">Passed<\/td>\n  <\/tr>\n<\/tbody><\/table> \n\t\t<\/div>\n\t<\/div>\n<div class=\"vc_empty_space\"   style=\"height: 64px\"><span class=\"vc_empty_space_inner\"><\/span><\/div><\/div><\/div><\/div><\/div><div id=\"sizeguide\" class=\"vc_row wpb_row vc_row-fluid gradient-container-2\"><div class=\"gradient-column-2 wpb_column vc_column_container vc_col-sm-12\"><div class=\"vc_column-inner\"><div class=\"wpb_wrapper\"><div class=\"norebro-heading-sc heading text-center\"\n\tid=\"norebro-custom-69e20c39d275b\" \n\t \n\t>\n\t\n\t\n\t\n\t<h3 class=\"title\">\n\t\tM\u00e9ret \u00fatmutat\u00f3\t<\/h3>\n\n\t\n\t\t\t<p class=\"subtitle\">\n\t\t\tSeg\u00edts\u00e9gre van sz\u00fcks\u00e9ge? Haszn\u00e1lja az \u00c9l\u0151 cseveg\u00e9st vagy \u00edrjon nek\u00fcnk e-mailt: <a href=\"mailto:sales@planet-knox.com\">sales@planet-knox.com<\/a>\t\t<\/p>\n\t\t\n<\/div><div class=\"vc_empty_space\"   style=\"height: 32px\"><span class=\"vc_empty_space_inner\"><\/span><\/div><div class=\"vc_separator wpb_content_element vc_separator_align_center vc_sep_width_100 vc_sep_pos_align_center vc_separator_no_text vc_sep_color_grey wpb_content_element  wpb_content_element\" ><span class=\"vc_sep_holder vc_sep_holder_l\"><span class=\"vc_sep_line\"><\/span><\/span><span class=\"vc_sep_holder vc_sep_holder_r\"><span class=\"vc_sep_line\"><\/span><\/span>\n<\/div><div class=\"vc_empty_space\"   style=\"height: 32px\"><span class=\"vc_empty_space_inner\"><\/span><\/div>\n\t<div  class=\"wpb_single_image wpb_content_element vc_align_center wpb_content_element\">\n\t\t\n\t\t<figure class=\"wpb_wrapper vc_figure\">\n\t\t\t<div class=\"vc_single_image-wrapper   vc_box_border_grey\"><img decoding=\"async\" width=\"100\" height=\"351\" src=\"https:\/\/www.planet-knox.com\/wp-content\/uploads\/2020\/02\/womens-lowerbody.png\" class=\"vc_single_image-img attachment-full\" alt=\"\" title=\"womens-lowerbody\" srcset=\"https:\/\/www.planet-knox.com\/wp-content\/uploads\/2020\/02\/womens-lowerbody.png 100w, https:\/\/www.planet-knox.com\/wp-content\/uploads\/2020\/02\/womens-lowerbody-3x12.png 3w\" sizes=\"(max-width: 100px) 100vw, 100px\" \/><\/div>\n\t\t<\/figure>\n\t<\/div>\n<div class=\"norebro-text-sc\" \n\tid=\"norebro-custom-69e20c39d3398\" \n\t \n\t>\n\n\t<p style=\"text-align: center;\"><strong>Waist:<\/strong> Measure around the natural waistline. This will usually be the smallest part.<\/p>\n<p style=\"text-align: center;\"><strong>Hip:<\/strong> Measure around the fullest part of your hips. As a guide this is often\u00a0 7.5inches (20cm) below your waist.<\/p>\n<p style=\"text-align: center;\"><strong>Inside Leg:<\/strong> Measure from the top of your inside leg down to your ankle. You should do this whilst standing to get a more accurate measure. We have 2 leg lengths for women, 30\u2033 (Regular) and 28\u2033 (Short Leg).<\/p>\n<p style=\"text-align: center;\"><strong>Please note:<\/strong> The measurements given are body measures and we recommend you do not measure over the clothing. Also please hold the tape measure firmly and not loosely as the measurement needs to be fitted. If you measure in between sizes, we recommend you go down one size. E.g. measure waist 27inches, go down to 26inches.<\/p>\n\t\n<\/div><div class=\"vc_row wpb_row vc_inner vc_row-fluid sizeguidehelpcolumn vc_row-o-content-middle vc_row-flex\"><div class=\"wpb_column vc_column_container vc_col-sm-6\"><div class=\"vc_column-inner\"><div class=\"wpb_wrapper\"><\/div><\/div><\/div><div class=\"wpb_column vc_column_container vc_col-sm-6\"><div class=\"vc_column-inner\"><div class=\"wpb_wrapper\"><\/div><\/div><\/div><\/div><div class=\"vc_row wpb_row vc_inner vc_row-fluid vc_row-o-content-middle vc_row-flex\"><div class=\"wpb_column vc_column_container vc_col-sm-12\"><div class=\"vc_column-inner\"><div class=\"wpb_wrapper\">\n\t<div class=\"wpb_raw_code wpb_raw_html wpb_content_element\" >\n\t\t<div class=\"wpb_wrapper\">\n\t\t\t<table class=\"knoxtable womenstrouser\" cellspacing=\"0\" cellpadding=\"0\" width=\"100%\">\n  <tr>\n    <th>Women's UK Sizes<\/th>\n    <th>International Size<\/th>\n    <th>Waist (inches)<\/th>\n    <th>Waist (cm)<\/th>\n    <th>Hip (inches)<\/th>\n    <th>Hip (cm)<\/th>\n  <\/tr>\n  <tr>\n    <td>8<\/td>\n    <td>XS<\/td>\n    <td>26<\/td>\n    <td>66<\/td>\n    <td>35.5<\/td>\n    <td>90<\/td>\n  <\/tr>\n  <tr>\n    <td>10<\/td>\n    <td>S<\/td>\n    <td>28<\/td>\n    <td>71<\/td>\n    <td>37.5<\/td>\n    <td>95<\/td>\n  <\/tr>\n  <tr>\n    <td>12<\/td>\n    <td>M<\/td>\n    <td>30<\/td>\n    <td>76<\/td>\n    <td>39.5<\/td>\n    <td>100<\/td>\n  <\/tr>\n  <tr>\n    <td>14<\/td>\n    <td>L<\/td>\n    <td>32<\/td>\n    <td>81<\/td>\n    <td>41.5<\/td>\n    <td>105<\/td>\n  <\/tr>\n  <tr>\n    <td>16<\/td>\n    <td>XL<\/td>\n    <td>34<\/td>\n    <td>86<\/td>\n    <td>43.5<\/td>\n    <td>110<\/td>\n  <\/tr>\n  <tr>\n    <td>18<\/td>\n    <td>2XL<\/td>\n    <td>36<\/td>\n    <td>91<\/td>\n    <td>45.5<\/td>\n    <td>115<\/td>\n  <\/tr>\n  <tr>\n    <td>20<\/td>\n    <td>3XL<\/td>\n    <td>38<\/td>\n    <td>96<\/td>\n    <td>47.5<\/td>\n    <td>120<\/td>\n  <\/tr>\n<\/table>\n\t\t<\/div>\n\t<\/div>\n<div class=\"vc_empty_space\"   style=\"height: 32px\"><span class=\"vc_empty_space_inner\"><\/span><\/div>\n\t<div class=\"wpb_raw_code wpb_raw_html wpb_content_element\" >\n\t\t<div class=\"wpb_wrapper\">\n\t\t\t<table class=\"knoxtable conversiontable\" cellspacing=\"0\" cellpadding=\"0\" width=\"100%\">\n  <tr>\n    <th>UK\/AU\/NZ<\/th>\n    <th>FR\/BE\/ES\/PT<\/th>\n    <th>DE\/AT\/NL\/SE\/DK\/CH\/NO<\/th>\n    <th>US<\/th>\n    <th>Japan<\/th>\n  <\/tr>\n  <tr>\n    <td>8<\/td>\n    <td>36<\/td>\n    <td>34<\/td>\n    <td>4<\/td>\n    <td>9<\/td>\n  <\/tr>\n  <tr>\n    <td>10<\/td>\n    <td>38<\/td>\n    <td>36<\/td>\n    <td>6<\/td>\n    <td>11<\/td>\n  <\/tr>\n  <tr>\n    <td>12<\/td>\n    <td>40<\/td>\n    <td>38<\/td>\n    <td>8<\/td>\n    <td>13<\/td>\n  <\/tr>\n  <tr>\n    <td>14<\/td>\n    <td>42<\/td>\n    <td>40<\/td>\n    <td>10<\/td>\n    <td>15<\/td>\n  <\/tr>\n  <tr>\n    <td>16<\/td>\n    <td>44<\/td>\n    <td>42<\/td>\n    <td>12<\/td>\n    <td>17<\/td>\n  <\/tr>\n  <tr>\n    <td>18<\/td>\n    <td>46<\/td>\n    <td>44<\/td>\n    <td>14<\/td>\n    <td>19<\/td>\n  <\/tr>\n  <tr>\n    <td>20<\/td>\n    <td>48<\/td>\n    <td>46<\/td>\n    <td>16<\/td>\n    <td>21<\/td>\n  <\/tr>\n<\/table>\n\t\t<\/div>\n\t<\/div>\n<\/div><\/div><\/div><\/div><div class=\"vc_empty_space\"   style=\"height: 64px\"><span class=\"vc_empty_space_inner\"><\/span><\/div><div class=\"vc_row wpb_row vc_inner vc_row-fluid sizeguidehelpcolumn vc_row-o-content-middle vc_row-flex\"><div class=\"wpb_column vc_column_container vc_col-sm-12\"><div class=\"vc_column-inner\"><div class=\"wpb_wrapper\"><div class=\"vc_separator wpb_content_element vc_separator_align_center vc_sep_width_100 vc_sep_pos_align_center vc_separator_no_text vc_sep_color_grey wpb_content_element  wpb_content_element\" ><span class=\"vc_sep_holder vc_sep_holder_l\"><span class=\"vc_sep_line\"><\/span><\/span><span class=\"vc_sep_holder vc_sep_holder_r\"><span class=\"vc_sep_line\"><\/span><\/span>\n<\/div><div class=\"vc_empty_space\"   style=\"height: 64px\"><span class=\"vc_empty_space_inner\"><\/span><\/div><div class=\"vc_empty_space\"   style=\"height: 64px\"><span class=\"vc_empty_space_inner\"><\/span><\/div>\n\t<div  class=\"wpb_single_image wpb_content_element vc_align_center wpb_content_element\">\n\t\t\n\t\t<figure class=\"wpb_wrapper vc_figure\">\n\t\t\t<div class=\"vc_single_image-wrapper   vc_box_border_grey\"><img decoding=\"async\" width=\"986\" height=\"170\" src=\"https:\/\/www.planet-knox.com\/wp-content\/uploads\/2022\/02\/seasonless.png\" class=\"vc_single_image-img attachment-full\" alt=\"\" title=\"seasonless\" srcset=\"https:\/\/www.planet-knox.com\/wp-content\/uploads\/2022\/02\/seasonless.png 986w, https:\/\/www.planet-knox.com\/wp-content\/uploads\/2022\/02\/seasonless-500x86.png 500w, https:\/\/www.planet-knox.com\/wp-content\/uploads\/2022\/02\/seasonless-768x132.png 768w, https:\/\/www.planet-knox.com\/wp-content\/uploads\/2022\/02\/seasonless-18x3.png 18w\" sizes=\"(max-width: 986px) 100vw, 986px\" \/><\/div>\n\t\t<\/figure>\n\t<\/div>\n<div class=\"vc_empty_space\"   style=\"height: 64px\"><span class=\"vc_empty_space_inner\"><\/span><\/div><\/div><\/div><\/div><\/div><div class=\"vc_row wpb_row vc_inner vc_row-fluid sizeguidehelpcolumn vc_row-o-content-top vc_row-flex\"><div class=\"wpb_column vc_column_container vc_col-sm-6\"><div class=\"vc_column-inner\"><div class=\"wpb_wrapper\"><div class=\"vc_separator wpb_content_element vc_separator_align_center vc_sep_width_100 vc_sep_pos_align_center vc_sep_color_grey wpb_content_element vc_separator-has-text\" ><span class=\"vc_sep_holder vc_sep_holder_l\"><span class=\"vc_sep_line\"><\/span><\/span><h4>THE SEASONLESS COLLECTION<\/h4><span class=\"vc_sep_holder vc_sep_holder_r\"><span class=\"vc_sep_line\"><\/span><\/span>\n<\/div><div class=\"vc_empty_space\"   style=\"height: 32px\"><span class=\"vc_empty_space_inner\"><\/span><\/div>\n\t<div  class=\"wpb_single_image wpb_content_element vc_align_center wpb_content_element wpb_animate_when_almost_visible wpb_fadeIn fadeIn\">\n\t\t\n\t\t<figure class=\"wpb_wrapper vc_figure\">\n\t\t\t<a href=\"https:\/\/www.planet-knox.com\/hu\/seasonless-collection\/\" target=\"_self\" class=\"vc_single_image-wrapper   vc_box_border_grey\"><img decoding=\"async\" width=\"1320\" height=\"743\" src=\"https:\/\/www.planet-knox.com\/wp-content\/uploads\/2022\/01\/seasonless-15.jpg\" class=\"vc_single_image-img attachment-full\" alt=\"\" title=\"seasonless-15\" srcset=\"https:\/\/www.planet-knox.com\/wp-content\/uploads\/2022\/01\/seasonless-15.jpg 1320w, https:\/\/www.planet-knox.com\/wp-content\/uploads\/2022\/01\/seasonless-15-500x281.jpg 500w, https:\/\/www.planet-knox.com\/wp-content\/uploads\/2022\/01\/seasonless-15-768x432.jpg 768w, https:\/\/www.planet-knox.com\/wp-content\/uploads\/2022\/01\/seasonless-15-18x10.jpg 18w\" sizes=\"(max-width: 1320px) 100vw, 1320px\" \/><\/a>\n\t\t<\/figure>\n\t<\/div>\n<div class=\"vc_empty_space\"   style=\"height: 32px\"><span class=\"vc_empty_space_inner\"><\/span><\/div><div class=\"norebro-text-sc\" \n\tid=\"norebro-custom-69e20c39d6190\" \n\t \n\t>\n\n\t<p style=\"text-align: center;\">Core Knox pieces, used for every ride and every season. Start with core protection and add layers to adapt and overcome all conditions, from unbearable heat through to driving rain.<\/p>\n\t\n<\/div><div class=\"vc_empty_space\"   style=\"height: 32px\"><span class=\"vc_empty_space_inner\"><\/span><\/div><div class=\"norebro-button-sc btn-wrap text-center\" \n\tid=\"norebro-custom-69e20c39d62fa\"\n\t \n\t>\n\n\t<a href=\"https:\/\/www.planet-knox.com\/hu\/seasonless-collection\/\" \n\t\tclass=\"btn  btn-outline\">\n\n\t\t\n\t\t\n\t\t<span class=\"text\">\n\t\t\tFind Out More\t\t<\/span>\n\n\t\t\n\t\t\n\t\t\t<\/a>\n\n<\/div><\/div><\/div><\/div><div class=\"wpb_column vc_column_container vc_col-sm-6\"><div class=\"vc_column-inner\"><div class=\"wpb_wrapper\"><div class=\"vc_separator wpb_content_element vc_separator_align_center vc_sep_width_100 vc_sep_pos_align_center vc_sep_color_grey wpb_content_element vc_separator-has-text\" ><span class=\"vc_sep_holder vc_sep_holder_l\"><span class=\"vc_sep_line\"><\/span><\/span><h4>TROUSERS &amp; JEANS<\/h4><span class=\"vc_sep_holder vc_sep_holder_r\"><span class=\"vc_sep_line\"><\/span><\/span>\n<\/div><div class=\"vc_empty_space\"   style=\"height: 32px\"><span class=\"vc_empty_space_inner\"><\/span><\/div>\n\t<div  class=\"wpb_single_image wpb_content_element vc_align_center wpb_content_element wpb_animate_when_almost_visible wpb_fadeIn fadeIn\">\n\t\t\n\t\t<figure class=\"wpb_wrapper vc_figure\">\n\t\t\t<a href=\"https:\/\/www.planet-knox.com\/hu\/trousers-jeans\/\" target=\"_self\" class=\"vc_single_image-wrapper   vc_box_border_grey\"><img decoding=\"async\" width=\"1320\" height=\"743\" src=\"https:\/\/www.planet-knox.com\/wp-content\/uploads\/2022\/01\/seasonless-09.jpg\" class=\"vc_single_image-img attachment-full\" alt=\"\" title=\"seasonless-09\" srcset=\"https:\/\/www.planet-knox.com\/wp-content\/uploads\/2022\/01\/seasonless-09.jpg 1320w, https:\/\/www.planet-knox.com\/wp-content\/uploads\/2022\/01\/seasonless-09-500x281.jpg 500w, https:\/\/www.planet-knox.com\/wp-content\/uploads\/2022\/01\/seasonless-09-768x432.jpg 768w, https:\/\/www.planet-knox.com\/wp-content\/uploads\/2022\/01\/seasonless-09-18x10.jpg 18w\" sizes=\"(max-width: 1320px) 100vw, 1320px\" \/><\/a>\n\t\t<\/figure>\n\t<\/div>\n<div class=\"vc_empty_space\"   style=\"height: 32px\"><span class=\"vc_empty_space_inner\"><\/span><\/div><div class=\"norebro-text-sc\" \n\tid=\"norebro-custom-69e20c39d702a\" \n\t \n\t>\n\n\t<p>Knox trousers and jeans are designed to complement the Knox seasonless collection and to appeal to different types of riders across all climates.<\/p>\n\t\n<\/div><div class=\"vc_empty_space\"   style=\"height: 32px\"><span class=\"vc_empty_space_inner\"><\/span><\/div><div class=\"norebro-button-sc btn-wrap text-center\" \n\tid=\"norebro-custom-69e20c39d7173\"\n\t \n\t>\n\n\t<a href=\"https:\/\/www.planet-knox.com\/hu\/trousers-jeans\/\" \n\t\tclass=\"btn  btn-outline\">\n\n\t\t\n\t\t\n\t\t<span class=\"text\">\n\t\t\tFind Out More\t\t<\/span>\n\n\t\t\n\t\t\n\t\t\t<\/a>\n\n<\/div><\/div><\/div><\/div><\/div><div class=\"vc_empty_space\"   style=\"height: 64px\"><span class=\"vc_empty_space_inner\"><\/span><\/div><\/div><\/div><\/div><\/div><div id=\"relatedproducts\" data-vc-full-width=\"true\" data-vc-full-width-init=\"false\" class=\"vc_row wpb_row vc_row-fluid gradient-container-3\"><div class=\"gradient-column-3 wpb_column vc_column_container vc_col-sm-12\"><div class=\"vc_column-inner\"><div class=\"wpb_wrapper\"><div class=\"norebro-heading-sc heading text-center\"\n\tid=\"norebro-custom-69e20c39d7940\" \n\t \n\t>\n\t\n\t\n\t\n\t<h3 class=\"title\">\n\t\tRelated Products\t<\/h3>\n\n\t\n\t\t\t<p class=\"subtitle\">\n\t\t\tNeed help selecting products that go well together? Use Live chat or email us at: <a href=\"mailto:sales@planet-knox.com\">sales@planet-knox.com<\/a>\t\t<\/p>\n\t\t\n<\/div><div class=\"vc_empty_space\"   style=\"height: 32px\"><span class=\"vc_empty_space_inner\"><\/span><\/div><div class=\"vc_separator wpb_content_element vc_separator_align_center vc_sep_width_100 vc_sep_pos_align_center vc_separator_no_text vc_sep_color_grey wpb_content_element  wpb_content_element\" ><span class=\"vc_sep_holder vc_sep_holder_l\"><span class=\"vc_sep_line\"><\/span><\/span><span class=\"vc_sep_holder vc_sep_holder_r\"><span class=\"vc_sep_line\"><\/span><\/span>\n<\/div><div class=\"vc_empty_space\"   style=\"height: 32px\"><span class=\"vc_empty_space_inner\"><\/span><\/div><div class=\"woocommerce columns-3\">\n<div class=\"vc_row\">\n\t<ul class=\"woo-products norebro-masonry\" data-lazy-container=\"products\">\n\n<li class=\"post-139945 product type-product status-publish has-post-thumbnail product_cat-sale product_cat-denim product_cat-shield product_cat-trousers product_cat-womens-denim-trousers product_cat-womens-motorcycle-trousers product_tag-women pa_easproj_hs6p_received-2782 pa_easproj_originating_country-in pa_size-2xl pa_size-l pa_size-m pa_size-s pa_size-xl pa_size-xs first instock sale taxable shipping-taxable purchasable product-type-variable has-default-attributes\" data-product-item=\"true\" data-lazy-item=\"\" data-lazy-scope=\"products\">\n\t<div class=\"product-content trans-shadow\">\n\t\t<a href=\"https:\/\/www.planet-knox.com\/hu\/termek\/shield-high-waisted-spectra-womens-jeans\/\" class=\"static\">\n\t\t\t<div class=\"image-wrap\">\n\t\t\t\t\n\t<span class=\"woo-onsale brand-bg-color\">SALE<\/span>\n\n\t\t\t\t<div class=\"noslide\">\n\t\t\t\t\n\t\t\t\t\t\n\t<span class=\"woo-onsale brand-bg-color\">SALE<\/span>\n<img decoding=\"async\" width=\"650\" height=\"650\" src=\"https:\/\/www.planet-knox.com\/wp-content\/uploads\/2020\/01\/Ladies-Shield-Jeans-Blue-1-650x650.jpg\" class=\"attachment-woocommerce_thumbnail size-woocommerce_thumbnail\" alt=\"Women&#039;s Shield Single Layer Spectra\u00ae Jeans\" srcset=\"https:\/\/www.planet-knox.com\/wp-content\/uploads\/2020\/01\/Ladies-Shield-Jeans-Blue-1-650x650.jpg 650w, https:\/\/www.planet-knox.com\/wp-content\/uploads\/2020\/01\/Ladies-Shield-Jeans-Blue-1-500x500.jpg 500w, https:\/\/www.planet-knox.com\/wp-content\/uploads\/2020\/01\/Ladies-Shield-Jeans-Blue-1.jpg 1500w\" sizes=\"(max-width: 650px) 100vw, 650px\" \/>\n\t\t\t\t<\/div>\n\n\t\t\t<\/div>\n\n\t\t<\/a><a href=\"https:\/\/www.planet-knox.com\/hu\/termek\/shield-high-waisted-spectra-womens-jeans\/\" aria-describedby=\"woocommerce_loop_add_to_cart_link_describedby_139945\" data-quantity=\"1\" class=\"btn btn-brand button product_type_variable add_to_cart_button\" data-product_id=\"139945\" data-product_sku=\"KNXShieldWomenBlue\" aria-label=\"V\u00e1lasszunk \u201cWomen&#039;s Shield Single Layer Spectra\u00ae Jeans\u201d lehet\u0151s\u00e9gek k\u00f6z\u00fcl\" rel=\"nofollow\" data-no-translation=\"\" data-trp-gettext=\"\" data-no-translation-aria-label=\"\">Opci\u00f3k v\u00e1laszt\u00e1sa<\/a><span id=\"woocommerce_loop_add_to_cart_link_describedby_139945\" class=\"screen-reader-text\">\n\tEnnek a term\u00e9knek t\u00f6bb vari\u00e1ci\u00f3ja van. A v\u00e1ltozatok a term\u00e9koldalon v\u00e1laszthat\u00f3k ki<\/span>\n<span class=\"gtm4wp_productdata\" style=\"display:none; visibility:hidden;\" data-gtm4wp_product_data=\"{&quot;internal_id&quot;:139945,&quot;item_id&quot;:&quot;KNXShieldWomenBlue&quot;,&quot;item_name&quot;:&quot;Women&#039;s Shield Single Layer Spectra\\u00ae Jeans&quot;,&quot;sku&quot;:&quot;KNXShieldWomenBlue&quot;,&quot;price&quot;:149.99,&quot;stocklevel&quot;:1,&quot;stockstatus&quot;:&quot;instock&quot;,&quot;google_business_vertical&quot;:&quot;retail&quot;,&quot;item_category&quot;:&quot;Shield&quot;,&quot;id&quot;:&quot;KNXShieldWomenBlue&quot;,&quot;item_brand&quot;:&quot;Women\\u2019s Denim Trousers&quot;,&quot;productlink&quot;:&quot;https:\\\/\\\/www.planet-knox.com\\\/hu\\\/termek\\\/shield-high-waisted-spectra-womens-jeans\\\/&quot;,&quot;item_list_name&quot;:&quot;General Product List&quot;,&quot;index&quot;:1,&quot;product_type&quot;:&quot;variable&quot;}\"><\/span>\t\t<div class=\"wc-product-title-wrap\">\n\t\t\t\t\t\n\t\t\t\t\t\n\t\t\t\t\t\n\t\t\t\t\t\n\t\t\t\t\t\n\t\t\t\t\t\n\t\t\t\t\t\t<h3>\n\t\t\t\t<a href=\"https:\/\/www.planet-knox.com\/hu\/termek\/shield-high-waisted-spectra-womens-jeans\/\" class=\"color-dark\">\n\t\t\t\t\tWomen&#039;s Shield Single Layer Spectra\u00ae Jeans\t\t\t\t<\/a>\n\t\t\t<\/h3>\n\t\t\t<div class=\"price\">\n\t\t\t\t<span class=\"wcpbc-price wcpbc-price-139945\" data-product-id=\"139945\"><del aria-hidden=\"true\"><span data-product-vat=\"20\" class=\"woocommerce-Price-amount amount\"><span class=\"woocommerce-Price-currencySymbol\">\u00a3<\/span>149.99<\/span><\/del> <span class=\"screen-reader-text\" data-no-translation=\"\" data-trp-gettext=\"\">Original price was: &pound;149.99.<\/span><ins aria-hidden=\"true\"><span data-product-vat=\"20\" class=\"woocommerce-Price-amount amount\"><span class=\"woocommerce-Price-currencySymbol\">\u00a3<\/span>99.99<\/span><\/ins><span class=\"screen-reader-text\" data-no-translation=\"\" data-trp-gettext=\"\">Current price is: &pound;99.99.<\/span><\/span>\t\t\t<\/div>\n\t\t\t<div class=\"clear\"><\/div>\n\t\t<\/div>\n\t<\/div>\n<\/li>\n\t<\/ul>\n<\/div><\/div><div class=\"vc_empty_space\"   style=\"height: 32px\"><span class=\"vc_empty_space_inner\"><\/span><\/div><\/div><\/div><\/div><\/div><div class=\"vc_row-full-width vc_clearfix\"><\/div>\n<\/div>","protected":false},"excerpt":{"rendered":"<p>The Rydal is a robust, single layer high waisted CE approved Class AA stretch jean for women motorcyclists.<br \/>\nThe Rydal has a slim leg and is stylishly cut for a great fit and comfort.<br \/>\nA comfortable, breathable jean that has a small amount of Lycra in the denim for a great fit and which is reassuringly strong and confidence inspiring.<\/p>","protected":false},"featured_media":193725,"comment_status":"open","ping_status":"closed","template":"","meta":{"_acf_changed":false,"inline_featured_image":false},"product_brand":[],"product_cat":[2687,2683,694,2725,634,2691,609,613],"product_tag":[],"class_list":{"0":"post-193465","1":"product","2":"type-product","3":"status-publish","4":"has-post-thumbnail","6":"product_cat-all-products","7":"product_cat-sale","8":"product_cat-denim","9":"product_cat-rydal","10":"product_cat-trousers","11":"product_cat-uncategorised","12":"product_cat-womens-denim-trousers","13":"product_cat-womens-motorcycle-trousers","14":"pa_colour-black","15":"pa_easproj_hs6p_received-2782","16":"pa_easproj_originating_country-pk","17":"pa_size-2xl","18":"pa_size-3xl","19":"pa_size-l","20":"pa_size-xl","22":"first","23":"instock","24":"sale","25":"taxable","26":"shipping-taxable","27":"purchasable","28":"product-type-variable","29":"has-default-attributes"},"acf":[],"aioseo_notices":[],"gallery_images":[196663,193727,196661,197047],"_links":{"self":[{"href":"https:\/\/www.planet-knox.com\/hu\/wp-json\/wp\/v2\/product\/193465","targetHints":{"allow":["GET"]}}],"collection":[{"href":"https:\/\/www.planet-knox.com\/hu\/wp-json\/wp\/v2\/product"}],"about":[{"href":"https:\/\/www.planet-knox.com\/hu\/wp-json\/wp\/v2\/types\/product"}],"replies":[{"embeddable":true,"href":"https:\/\/www.planet-knox.com\/hu\/wp-json\/wp\/v2\/comments?post=193465"}],"wp:featuredmedia":[{"embeddable":true,"href":"https:\/\/www.planet-knox.com\/hu\/wp-json\/wp\/v2\/media\/193725"}],"wp:attachment":[{"href":"https:\/\/www.planet-knox.com\/hu\/wp-json\/wp\/v2\/media?parent=193465"}],"wp:term":[{"taxonomy":"product_brand","embeddable":true,"href":"https:\/\/www.planet-knox.com\/hu\/wp-json\/wp\/v2\/product_brand?post=193465"},{"taxonomy":"product_cat","embeddable":true,"href":"https:\/\/www.planet-knox.com\/hu\/wp-json\/wp\/v2\/product_cat?post=193465"},{"taxonomy":"product_tag","embeddable":true,"href":"https:\/\/www.planet-knox.com\/hu\/wp-json\/wp\/v2\/product_tag?post=193465"}],"curies":[{"name":"wp","href":"https:\/\/api.w.org\/{rel}","templated":true}]}}