{"id":146819,"date":"2020-12-04T17:05:13","date_gmt":"2020-12-04T17:05:13","guid":{"rendered":"https:\/\/www.planet-knox.com\/?post_type=product&#038;p=146819"},"modified":"2026-05-08T17:12:27","modified_gmt":"2026-05-08T17:12:27","slug":"hanbury-glove-black","status":"publish","type":"product","link":"https:\/\/www.planet-knox.com\/hu\/termek\/hanbury-glove-black\/","title":{"rendered":"Hanbury MK2 Glove"},"content":{"rendered":"<div class=\"wpb-content-wrapper\"><div id=\"sizeguide\" class=\"vc_row wpb_row vc_row-fluid gradient-container-1\"><div class=\"gradient-column-1 wpb_column vc_column_container vc_col-sm-12\"><div class=\"vc_column-inner\"><div class=\"wpb_wrapper\"><div class=\"norebro-heading-sc heading text-center\"\n\tid=\"norebro-custom-69fec1ca4f3f9\" \n\t \n\t>\n\t\n\t\n\t\n\t<h3 class=\"title\">\n\t\tM\u00e9ret \u00fatmutat\u00f3\t<\/h3>\n\n\t\n\t\t\t<p class=\"subtitle\">\n\t\t\tSeg\u00edts\u00e9gre van sz\u00fcks\u00e9ge? Haszn\u00e1lja az \u00c9l\u0151 cseveg\u00e9st vagy \u00edrjon nek\u00fcnk e-mailt: <a href=\"mailto:sales@planet-knox.com\">sales@planet-knox.com<\/a>\t\t<\/p>\n\t\t\n<\/div><div class=\"vc_empty_space\"   style=\"height: 32px\"><span class=\"vc_empty_space_inner\"><\/span><\/div><div class=\"vc_separator wpb_content_element vc_separator_align_center vc_sep_width_100 vc_sep_pos_align_center vc_separator_no_text vc_sep_color_grey wpb_content_element  wpb_content_element\" ><span class=\"vc_sep_holder vc_sep_holder_l\"><span class=\"vc_sep_line\"><\/span><\/span><span class=\"vc_sep_holder vc_sep_holder_r\"><span class=\"vc_sep_line\"><\/span><\/span>\n<\/div><div class=\"vc_empty_space\"   style=\"height: 32px\"><span class=\"vc_empty_space_inner\"><\/span><\/div><div class=\"vc_row wpb_row vc_inner vc_row-fluid sizeguidehelpcolumn vc_row-o-content-middle vc_row-flex\"><div class=\"wpb_column vc_column_container vc_col-sm-6\"><div class=\"vc_column-inner\"><div class=\"wpb_wrapper\">\n\t<div  class=\"wpb_single_image wpb_content_element vc_align_right wpb_content_element\">\n\t\t\n\t\t<figure class=\"wpb_wrapper vc_figure\">\n\t\t\t<div class=\"vc_single_image-wrapper   vc_box_border_grey\"><img decoding=\"async\" width=\"400\" height=\"293\" src=\"https:\/\/www.planet-knox.com\/wp-content\/uploads\/2018\/09\/mens-gloves.png\" class=\"vc_single_image-img attachment-full\" alt=\"\" title=\"f\u00e9rfi keszty\u0171\" srcset=\"https:\/\/www.planet-knox.com\/wp-content\/uploads\/2018\/09\/mens-gloves.png 400w, https:\/\/www.planet-knox.com\/wp-content\/uploads\/2018\/09\/mens-gloves-16x12.png 16w\" sizes=\"(max-width: 400px) 100vw, 400px\" \/><\/div>\n\t\t<\/figure>\n\t<\/div>\n<\/div><\/div><\/div><div class=\"wpb_column vc_column_container vc_col-sm-6\"><div class=\"vc_column-inner\"><div class=\"wpb_wrapper\"><div class=\"norebro-text-sc\" \n\tid=\"norebro-custom-69fec1ca539f8\" \n\t \n\t>\n\n\t<p><strong>Teny\u00e9rk\u00f6rfogat (A):<\/strong> A teny\u00e9rk\u00f6rfogat a teny\u00e9r legsz\u00e9lesebb r\u00e9sze \u00e9s az ujjpercek f\u00f6l\u00f6tt m\u00e9rt \u00f6sszm\u00e9ret. Tegye a szalagot a tenyere k\u00f6r\u00e9, \u00e9s \u00f6k\u00f6lbe szor\u00edtja, majd jegyezze fel a m\u00e9retet.<\/p>\n<p><strong>K\u00e9zhossz (B):<\/strong> M\u00e9rje meg a csukl\u00f3 r\u00e1nc\u00e1t\u00f3l a k\u00f6z\u00e9ps\u0151 ujja v\u00e9g\u00e9ig.<\/p>\n<p>M\u00e9rje meg a keze hossz\u00e1t \u00e9s sz\u00e9less\u00e9g\u00e9t, \u00e9s v\u00e1lassza ki a m\u00e9reteihez legk\u00f6zelebb \u00e1ll\u00f3 m\u00e9retet. Ennek megfelel\u0151en kell illeszkednie a kez\u00e9hez. Ha a keze az egyik m\u00e9rethez illeszkedik, de a m\u00e1sodikhoz nem, vagy ha laz\u00e1bb illeszked\u00e9st szeretne, javasoljuk, hogy v\u00e1lassza a k\u00f6vetkez\u0151 m\u00e9retet.<\/p>\n\t\n<\/div><\/div><\/div><\/div><\/div><div class=\"vc_row wpb_row vc_inner vc_row-fluid vc_row-o-content-middle vc_row-flex\"><div class=\"wpb_column vc_column_container vc_col-sm-12\"><div class=\"vc_column-inner\"><div class=\"wpb_wrapper\">\n\t<div class=\"wpb_raw_code wpb_raw_html wpb_content_element\" >\n\t\t<div class=\"wpb_wrapper\">\n\t\t\t<table class=\"knoxtable\" cellspacing=\"0\" cellpadding=\"0\" width=\"100%\">\n  <tr>\n    <th>F\u00e9rfi k\u00e9zm\u00e9ret<\/th>\n    <th>S<\/th>\n    <th>M<\/th>\n    <th>L<\/th>\n    <th>XL<\/th>\n    <th>XXL<\/th>\n    <th>XXXL<\/th>\n  <\/tr>\n  <tr>\n    <td>Teny\u00e9r ker\u00fclet (mm)<\/td>\n    <td>215<\/td>\n    <td>230<\/td>\n    <td>245<\/td>\n    <td>260<\/td>\n    <td>275<\/td>\n    <td>290<\/td>\n  <\/tr>\n  <tr>\n    <td>K\u00e9z hossza (mm)<\/td>\n    <td>186<\/td>\n    <td>193<\/td>\n    <td>200<\/td>\n    <td>207<\/td>\n    <td>214<\/td>\n    <td>221<\/td>\n  <\/tr>\n<\/table>\n\t\t<\/div>\n\t<\/div>\n<\/div><\/div><\/div><\/div><div class=\"vc_empty_space\"   style=\"height: 64px\"><span class=\"vc_empty_space_inner\"><\/span><\/div><div class=\"vc_row wpb_row vc_inner vc_row-fluid sizeguidehelpcolumn vc_row-o-content-top vc_row-flex\"><div class=\"wpb_column vc_column_container vc_col-sm-6\"><div class=\"vc_column-inner\"><div class=\"wpb_wrapper\"><div class=\"vc_separator wpb_content_element vc_separator_align_center vc_sep_width_100 vc_sep_pos_align_center vc_sep_color_grey wpb_content_element vc_separator-has-text\" ><span class=\"vc_sep_holder vc_sep_holder_l\"><span class=\"vc_sep_line\"><\/span><\/span><h4>THE SEASONLESS COLLECTION<\/h4><span class=\"vc_sep_holder vc_sep_holder_r\"><span class=\"vc_sep_line\"><\/span><\/span>\n<\/div><div class=\"vc_empty_space\"   style=\"height: 32px\"><span class=\"vc_empty_space_inner\"><\/span><\/div>\n\t<div  class=\"wpb_single_image wpb_content_element vc_align_center wpb_content_element wpb_animate_when_almost_visible wpb_fadeIn fadeIn\">\n\t\t\n\t\t<figure class=\"wpb_wrapper vc_figure\">\n\t\t\t<a href=\"https:\/\/www.planet-knox.com\/hu\/seasonless-collection\/\" target=\"_self\" class=\"vc_single_image-wrapper   vc_box_border_grey\"><img decoding=\"async\" width=\"1320\" height=\"743\" src=\"https:\/\/www.planet-knox.com\/wp-content\/uploads\/2022\/01\/seasonless-15.jpg\" class=\"vc_single_image-img attachment-full\" alt=\"\" title=\"seasonless-15\" srcset=\"https:\/\/www.planet-knox.com\/wp-content\/uploads\/2022\/01\/seasonless-15.jpg 1320w, https:\/\/www.planet-knox.com\/wp-content\/uploads\/2022\/01\/seasonless-15-500x281.jpg 500w, https:\/\/www.planet-knox.com\/wp-content\/uploads\/2022\/01\/seasonless-15-768x432.jpg 768w, https:\/\/www.planet-knox.com\/wp-content\/uploads\/2022\/01\/seasonless-15-18x10.jpg 18w\" sizes=\"(max-width: 1320px) 100vw, 1320px\" \/><\/a>\n\t\t<\/figure>\n\t<\/div>\n<div class=\"vc_empty_space\"   style=\"height: 32px\"><span class=\"vc_empty_space_inner\"><\/span><\/div><div class=\"norebro-text-sc\" \n\tid=\"norebro-custom-69fec1ca55d07\" \n\t \n\t>\n\n\t<p style=\"text-align: center\">Core Knox pieces, used for every ride and every season. Start with core protection and add layers to adapt and overcome all conditions, from unbearable heat through to driving rain.<\/p>\n\t\n<\/div><div class=\"vc_empty_space\"   style=\"height: 32px\"><span class=\"vc_empty_space_inner\"><\/span><\/div><div class=\"norebro-button-sc btn-wrap text-center\" \n\tid=\"norebro-custom-69fec1ca55db2\"\n\t \n\t>\n\n\t<a href=\"https:\/\/www.planet-knox.com\/hu\/seasonless-collection\/\" \n\t\tclass=\"btn  btn-outline\">\n\n\t\t\n\t\t\n\t\t<span class=\"text\">\n\t\t\tFind Out More\t\t<\/span>\n\n\t\t\n\t\t\n\t\t\t<\/a>\n\n<\/div><div class=\"vc_empty_space\"   style=\"height: 32px\"><span class=\"vc_empty_space_inner\"><\/span><\/div><div class=\"vc_empty_space\"   style=\"height: 32px\"><span class=\"vc_empty_space_inner\"><\/span><\/div><\/div><\/div><\/div><div class=\"wpb_column vc_column_container vc_col-sm-6\"><div class=\"vc_column-inner\"><div class=\"wpb_wrapper\"><div class=\"vc_separator wpb_content_element vc_separator_align_center vc_sep_width_100 vc_sep_pos_align_center vc_sep_color_grey wpb_content_element vc_separator-has-text\" ><span class=\"vc_sep_holder vc_sep_holder_l\"><span class=\"vc_sep_line\"><\/span><\/span><h4>HAND ARMOUR<\/h4><span class=\"vc_sep_holder vc_sep_holder_r\"><span class=\"vc_sep_line\"><\/span><\/span>\n<\/div><div class=\"vc_empty_space\"   style=\"height: 32px\"><span class=\"vc_empty_space_inner\"><\/span><\/div>\n\t<div  class=\"wpb_single_image wpb_content_element vc_align_center wpb_content_element wpb_animate_when_almost_visible wpb_fadeIn fadeIn\">\n\t\t\n\t\t<figure class=\"wpb_wrapper vc_figure\">\n\t\t\t<a href=\"https:\/\/www.planet-knox.com\/hu\/hand-armour\/\" target=\"_self\" class=\"vc_single_image-wrapper   vc_box_border_grey\"><img decoding=\"async\" width=\"1320\" height=\"743\" src=\"https:\/\/www.planet-knox.com\/wp-content\/uploads\/2022\/01\/seasonless-12.jpg\" class=\"vc_single_image-img attachment-full\" alt=\"\" title=\"seasonless-12\" srcset=\"https:\/\/www.planet-knox.com\/wp-content\/uploads\/2022\/01\/seasonless-12.jpg 1320w, https:\/\/www.planet-knox.com\/wp-content\/uploads\/2022\/01\/seasonless-12-500x281.jpg 500w, https:\/\/www.planet-knox.com\/wp-content\/uploads\/2022\/01\/seasonless-12-768x432.jpg 768w, https:\/\/www.planet-knox.com\/wp-content\/uploads\/2022\/01\/seasonless-12-18x10.jpg 18w\" sizes=\"(max-width: 1320px) 100vw, 1320px\" \/><\/a>\n\t\t<\/figure>\n\t<\/div>\n<div class=\"vc_empty_space\"   style=\"height: 32px\"><span class=\"vc_empty_space_inner\"><\/span><\/div><div class=\"norebro-text-sc\" \n\tid=\"norebro-custom-69fec1ca565f0\" \n\t \n\t>\n\n\t<p style=\"text-align: center\">Hands are one of our greatest assets, vitally important for gripping, holding, feeling, and modulating. In short, they\u2019re worth protecting!<\/p>\n\t\n<\/div><div class=\"vc_empty_space\"   style=\"height: 32px\"><span class=\"vc_empty_space_inner\"><\/span><\/div><div class=\"norebro-button-sc btn-wrap text-center\" \n\tid=\"norebro-custom-69fec1ca56674\"\n\t \n\t>\n\n\t<a href=\"https:\/\/www.planet-knox.com\/hu\/hand-armour\/\" \n\t\tclass=\"btn  btn-outline\">\n\n\t\t\n\t\t\n\t\t<span class=\"text\">\n\t\t\tFind Out More\t\t<\/span>\n\n\t\t\n\t\t\n\t\t\t<\/a>\n\n<\/div><div class=\"vc_empty_space\"   style=\"height: 32px\"><span class=\"vc_empty_space_inner\"><\/span><\/div><div class=\"vc_empty_space\"   style=\"height: 32px\"><span class=\"vc_empty_space_inner\"><\/span><\/div><\/div><\/div><\/div><\/div><\/div><\/div><\/div><\/div><div id=\"relatedproducts\" data-vc-full-width=\"true\" data-vc-full-width-init=\"false\" class=\"vc_row wpb_row vc_row-fluid gradient-container-2\"><div class=\"gradient-column-2 wpb_column vc_column_container vc_col-sm-12\"><div class=\"vc_column-inner\"><div class=\"wpb_wrapper\"><div class=\"norebro-heading-sc heading text-center\"\n\tid=\"norebro-custom-69fec1ca56bab\" \n\t \n\t>\n\t\n\t\n\t\n\t<h3 class=\"title\">\n\t\tRelated Products\t<\/h3>\n\n\t\n\t\t\t<p class=\"subtitle\">\n\t\t\tNeed help selecting products that go well together? Use Live chat or email us at: <a href=\"mailto:sales@planet-knox.com\">sales@planet-knox.com<\/a>\t\t<\/p>\n\t\t\n<\/div><div class=\"vc_empty_space\"   style=\"height: 32px\"><span class=\"vc_empty_space_inner\"><\/span><\/div><div class=\"vc_separator wpb_content_element vc_separator_align_center vc_sep_width_100 vc_sep_pos_align_center vc_separator_no_text vc_sep_color_grey wpb_content_element  wpb_content_element\" ><span class=\"vc_sep_holder vc_sep_holder_l\"><span class=\"vc_sep_line\"><\/span><\/span><span class=\"vc_sep_holder vc_sep_holder_r\"><span class=\"vc_sep_line\"><\/span><\/span>\n<\/div><div class=\"vc_empty_space\"   style=\"height: 32px\"><span class=\"vc_empty_space_inner\"><\/span><\/div><div class=\"woocommerce columns-3\"><\/div><div class=\"vc_empty_space\"   style=\"height: 64px\"><span class=\"vc_empty_space_inner\"><\/span><\/div><\/div><\/div><\/div><\/div><div class=\"vc_row-full-width vc_clearfix\"><\/div>\n<\/div>","protected":false},"excerpt":{"rendered":"<p>The Hanbury is a handsome, classically styled short cuff glove made from soft but durable goat skin with Micro-Lock knuckle protection for impact resistance. The leather is perforated on the fingers for breathability and are designed for warm weather riding.<\/p>","protected":false},"featured_media":84041,"comment_status":"open","ping_status":"closed","template":"","meta":{"_acf_changed":false,"inline_featured_image":false},"product_brand":[],"product_cat":[2683,631,779,512,575,618],"product_tag":[517],"class_list":{"0":"post-146819","1":"product","2":"type-product","3":"status-publish","4":"has-post-thumbnail","6":"product_cat-sale","7":"product_cat-gloves","8":"product_cat-mens-non-waterproof-gloves","9":"product_cat-mens-motorcycle-gloves","10":"product_cat-mens-urban-gloves","11":"product_cat-womens-motorcycle-gloves","12":"product_tag-men","13":"pa_size-2xl","14":"pa_size-l","15":"pa_size-m","16":"pa_size-s","17":"pa_size-xl","19":"first","20":"instock","21":"sale","22":"taxable","23":"shipping-taxable","24":"purchasable","25":"product-type-variable"},"acf":[],"aioseo_notices":[],"gallery_images":[84042,153829,153831,153833,172823,172825],"_links":{"self":[{"href":"https:\/\/www.planet-knox.com\/hu\/wp-json\/wp\/v2\/product\/146819","targetHints":{"allow":["GET"]}}],"collection":[{"href":"https:\/\/www.planet-knox.com\/hu\/wp-json\/wp\/v2\/product"}],"about":[{"href":"https:\/\/www.planet-knox.com\/hu\/wp-json\/wp\/v2\/types\/product"}],"replies":[{"embeddable":true,"href":"https:\/\/www.planet-knox.com\/hu\/wp-json\/wp\/v2\/comments?post=146819"}],"wp:featuredmedia":[{"embeddable":true,"href":"https:\/\/www.planet-knox.com\/hu\/wp-json\/wp\/v2\/media\/84041"}],"wp:attachment":[{"href":"https:\/\/www.planet-knox.com\/hu\/wp-json\/wp\/v2\/media?parent=146819"}],"wp:term":[{"taxonomy":"product_brand","embeddable":true,"href":"https:\/\/www.planet-knox.com\/hu\/wp-json\/wp\/v2\/product_brand?post=146819"},{"taxonomy":"product_cat","embeddable":true,"href":"https:\/\/www.planet-knox.com\/hu\/wp-json\/wp\/v2\/product_cat?post=146819"},{"taxonomy":"product_tag","embeddable":true,"href":"https:\/\/www.planet-knox.com\/hu\/wp-json\/wp\/v2\/product_tag?post=146819"}],"curies":[{"name":"wp","href":"https:\/\/api.w.org\/{rel}","templated":true}]}}