{"id":238173,"date":"2025-09-26T14:47:02","date_gmt":"2025-09-26T14:47:02","guid":{"rendered":"https:\/\/www.planet-knox.com\/?post_type=product&#038;p=238173"},"modified":"2026-04-13T10:13:21","modified_gmt":"2026-04-13T10:13:21","slug":"mens-tor-ultralight-waterproof-shell-grey","status":"publish","type":"product","link":"https:\/\/www.planet-knox.com\/fr\/produit\/mens-tor-ultralight-waterproof-shell-grey\/","title":{"rendered":"Tor Men&#8217;s Waterproof Shell &#8211; Light Grey"},"content":{"rendered":"","protected":false},"excerpt":{"rendered":"<p>Pour les temp\u00eates de pluie inattendues, le Tor Shell ultral\u00e9ger est enti\u00e8rement imperm\u00e9able et con\u00e7u pour emp\u00eacher l'eau de pluie de p\u00e9n\u00e9trer. Il est fabriqu\u00e9 \u00e0 partir d'un nylon rip-stop technique et imperm\u00e9able, avec un imprim\u00e9 r\u00e9fl\u00e9chissant ton sur ton, qui se r\u00e9v\u00e8le la nuit pour que le cycliste reste visible.<br \/>\nIl a \u00e9t\u00e9 con\u00e7u pour se ranger tr\u00e8s facilement, de sorte qu'il peut \u00eatre sorti et mis en place en un clin d'\u0153il.<br \/>\nLa coquille Tor a un superbe indice d'imperm\u00e9abilit\u00e9 de 10K et est enti\u00e8rement scell\u00e9e par des coutures pour emp\u00eacher la pluie de p\u00e9n\u00e9trer.<br \/>\nIl est l\u00e9ger comme une plume, fin et semi-translucide, de sorte qu'il ne donne pas l'impression d'\u00eatre chaud et lourd.<br \/>\nL'imprim\u00e9 montagne r\u00e9fl\u00e9chissant s'inspire des montagnes rocheuses qui entourent Knox dans le Lake District anglais.<\/p>","protected":false},"featured_media":238201,"comment_status":"closed","ping_status":"closed","template":"","meta":{"_acf_changed":false,"inline_featured_image":false},"product_brand":[],"product_cat":[2687,533,564,661,2800,2868,2744,2792,646],"product_tag":[2821,517,2835,2822],"class_list":{"0":"post-238173","1":"product","2":"type-product","3":"status-publish","4":"has-post-thumbnail","6":"product_cat-all-products","7":"product_cat-mens-motorcycle-jackets","8":"product_cat-mens-waterproof-textile-motorcycle-jackets","9":"product_cat-new","10":"product_cat-new-for-2025","11":"product_cat-new-for-2026","12":"product_cat-shells","13":"product_cat-tor-armoured-shirts","14":"product_cat-waterproof-accessories","15":"product_tag-b2b","16":"product_tag-men","17":"product_tag-new","18":"product_tag-retail","19":"pa_country-of-origin-china","20":"pa_hs-code-2846","21":"pa_product-composition-100-nylon","22":"pa_size-2xl","23":"pa_size-3xl","24":"pa_size-4xl","25":"pa_size-5xl","26":"pa_size-l","27":"pa_size-m","28":"pa_size-s","29":"pa_size-xl","30":"pa_stock-locator-tor","31":"pa_weight-0-16","33":"first","34":"onbackorder","35":"taxable","36":"shipping-taxable","37":"purchasable","38":"product-type-variable","39":"has-default-attributes"},"acf":[],"aioseo_notices":[],"gallery_images":[238202,238205,238203,238204,238209,238208,238207,238206],"_links":{"self":[{"href":"https:\/\/www.planet-knox.com\/fr\/wp-json\/wp\/v2\/product\/238173","targetHints":{"allow":["GET"]}}],"collection":[{"href":"https:\/\/www.planet-knox.com\/fr\/wp-json\/wp\/v2\/product"}],"about":[{"href":"https:\/\/www.planet-knox.com\/fr\/wp-json\/wp\/v2\/types\/product"}],"replies":[{"embeddable":true,"href":"https:\/\/www.planet-knox.com\/fr\/wp-json\/wp\/v2\/comments?post=238173"}],"wp:featuredmedia":[{"embeddable":true,"href":"https:\/\/www.planet-knox.com\/fr\/wp-json\/wp\/v2\/media\/238201"}],"wp:attachment":[{"href":"https:\/\/www.planet-knox.com\/fr\/wp-json\/wp\/v2\/media?parent=238173"}],"wp:term":[{"taxonomy":"product_brand","embeddable":true,"href":"https:\/\/www.planet-knox.com\/fr\/wp-json\/wp\/v2\/product_brand?post=238173"},{"taxonomy":"product_cat","embeddable":true,"href":"https:\/\/www.planet-knox.com\/fr\/wp-json\/wp\/v2\/product_cat?post=238173"},{"taxonomy":"product_tag","embeddable":true,"href":"https:\/\/www.planet-knox.com\/fr\/wp-json\/wp\/v2\/product_tag?post=238173"}],"curies":[{"name":"wp","href":"https:\/\/api.w.org\/{rel}","templated":true}]}}