{"id":227944,"date":"2024-12-05T14:34:26","date_gmt":"2024-12-05T14:34:26","guid":{"rendered":"https:\/\/www.planet-knox.com\/?post_type=product&#038;p=227944"},"modified":"2026-04-20T11:32:08","modified_gmt":"2026-04-20T11:32:08","slug":"womens-leather-belt-black","status":"publish","type":"product","link":"https:\/\/www.planet-knox.com\/fr\/produit\/womens-leather-belt-black\/","title":{"rendered":"Women&#8217;s Leather Belt &#8211; Black"},"content":{"rendered":"<div class=\"wpb-content-wrapper\"><div id=\"sizeguide\" class=\"vc_row wpb_row vc_row-fluid gradient-container-1\"><div class=\"gradient-column-1 wpb_column vc_column_container vc_col-sm-12\"><div class=\"vc_column-inner\"><div class=\"wpb_wrapper\"><div class=\"norebro-heading-sc heading text-center\"\n\tid=\"norebro-custom-69f0cf97e371c\" \n\t \n\t>\n\t\n\t\n\t\n\t<h3 class=\"title\">\n\t\tGuide des tailles\t<\/h3>\n\n\t\n\t\t\t<p class=\"subtitle\">\n\t\t\tBesoin d'aide ? Utilisez le chat en ligne ou envoyez-nous un e-mail \u00e0 l'adresse suivante <a href=\"mailto:sales@planet-knox.com\">sales@planet-knox.com<\/a>\t\t<\/p>\n\t\t\n<\/div><div class=\"vc_empty_space\"   style=\"height: 32px\"><span class=\"vc_empty_space_inner\"><\/span><\/div><div class=\"vc_separator wpb_content_element vc_separator_align_center vc_sep_width_100 vc_sep_pos_align_center vc_separator_no_text vc_sep_color_grey wpb_content_element  wpb_content_element\" ><span class=\"vc_sep_holder vc_sep_holder_l\"><span class=\"vc_sep_line\"><\/span><\/span><span class=\"vc_sep_holder vc_sep_holder_r\"><span class=\"vc_sep_line\"><\/span><\/span>\n<\/div><div class=\"vc_empty_space\"   style=\"height: 32px\"><span class=\"vc_empty_space_inner\"><\/span><\/div><div class=\"vc_row wpb_row vc_inner vc_row-fluid\"><div class=\"wpb_column vc_column_container vc_col-sm-12\"><div class=\"vc_column-inner\"><div class=\"wpb_wrapper\">\n\t<div class=\"wpb_raw_code wpb_raw_html wpb_content_element\" >\n\t\t<div class=\"wpb_wrapper\">\n\t\t\t\n<table class=\"sizingtable\" style=\"width: 100%;\" cellspacing=\"0\" cellpadding=\"3\">\n<tbody>\n<tr class=\"headerrow\">\n<td class=\"blacktablebg\">TAILLE<\/td>\n<td class=\"greytablebg\">S<\/td>\n<td class=\"greytablebg\">M<\/td>\n<td class=\"greytablebg\">L<\/td>\n<\/tr>\n<tr>\n<td><strong>MM<\/strong><\/td>\n<td>74cm<\/td>\n<td>84cm<\/td>\n<td>94cm<\/td>\n<\/tr>\n\t<tr>\n<td><strong>POUCE<\/strong><\/td>\n<td>29\"<\/td>\n<td>33\"<\/td>\n<td>37\"<\/td>\n<\/tr>\n\t<tr>\n<td><strong>FITS<\/strong><\/td>\n<td>8\/10<\/td>\n<td>12\/14<\/td>\n<td>16\/18<\/td>\n<\/tr>\n<\/tbody>\n<\/table>\n\n<p>Les mesures de la ceinture vont de la boucle au trou central de la ceinture.\n<\/p>\n\t\t<\/div>\n\t<\/div>\n<\/div><\/div><\/div><\/div><div class=\"vc_empty_space\"   style=\"height: 64px\"><span class=\"vc_empty_space_inner\"><\/span><\/div><\/div><\/div><\/div><\/div><div id=\"relatedproducts\" data-vc-full-width=\"true\" data-vc-full-width-init=\"false\" class=\"vc_row wpb_row vc_row-fluid gradient-container-2 vc_custom_1670332885643 vc_row-has-fill\"><div class=\"gradient-column-2 wpb_column vc_column_container vc_col-sm-12\"><div class=\"vc_column-inner\"><div class=\"wpb_wrapper\"><div class=\"norebro-heading-sc heading text-center\"\n\tid=\"norebro-custom-69f0cf97e4848\" \n\t \n\t>\n\t\n\t\n\t\n\t<h3 class=\"title\">\n\t\tLes gens ont aussi achet\u00e9\t<\/h3>\n\n\t\n\t\t\t<p class=\"subtitle\">\n\t\t\tBesoin d'aide pour s\u00e9lectionner les produits qui vont bien ensemble ? Utilisez le chat en ligne ou envoyez-nous un e-mail \u00e0 l'adresse suivante : <a href=\"mailto:sales@planet-knox.com\">sales@planet-knox.com<\/a>\t\t<\/p>\n\t\t\n<\/div><div class=\"vc_empty_space\"   style=\"height: 32px\"><span class=\"vc_empty_space_inner\"><\/span><\/div><div class=\"vc_separator wpb_content_element vc_separator_align_center vc_sep_width_100 vc_sep_pos_align_center vc_separator_no_text vc_sep_color_grey wpb_content_element  wpb_content_element\" ><span class=\"vc_sep_holder vc_sep_holder_l\"><span class=\"vc_sep_line\"><\/span><\/span><span class=\"vc_sep_holder vc_sep_holder_r\"><span class=\"vc_sep_line\"><\/span><\/span>\n<\/div><div class=\"vc_empty_space\"   style=\"height: 32px\"><span class=\"vc_empty_space_inner\"><\/span><\/div><div class=\"woocommerce columns-3\">\n<div class=\"vc_row\">\n\t<ul class=\"woo-products norebro-masonry\" data-lazy-container=\"products\">\n\n<li class=\"post-156289 product type-product status-publish has-post-thumbnail product_cat-sale product_cat-denim product_cat-trousers product_cat-women product_cat-womens-denim-trousers product_cat-womens-motorcycle-trousers product_tag-women pa_colour-blue pa_size-2xl pa_size-3xl pa_size-l pa_size-m pa_size-s pa_size-xl pa_size-xs first instock sale taxable shipping-taxable purchasable product-type-variable has-default-attributes\" data-product-item=\"true\" data-lazy-item=\"\" data-lazy-scope=\"products\">\n\t<div class=\"product-content trans-shadow\">\n\t\t<a href=\"https:\/\/www.planet-knox.com\/fr\/produit\/scarlett-skinny-fit-jeans-mk2\/\" class=\"static\">\n\t\t\t<div class=\"image-wrap\">\n\t\t\t\t\n\t<span class=\"woo-onsale brand-bg-color\">VENTE<\/span>\n\n\t\t\t\t<div class=\"noslide\">\n\t\t\t\t\n\t\t\t\t\t\n\t<span class=\"woo-onsale brand-bg-color\">VENTE<\/span>\n<img decoding=\"async\" width=\"650\" height=\"650\" src=\"https:\/\/www.planet-knox.com\/wp-content\/uploads\/2021\/04\/Scarlett-Jeans-Blue-305-scaled-650x650.jpg\" class=\"attachment-woocommerce_thumbnail size-woocommerce_thumbnail\" alt=\"Scarlett Skinny Fit Jeans MK2 - Regular Leg\" srcset=\"https:\/\/www.planet-knox.com\/wp-content\/uploads\/2021\/04\/Scarlett-Jeans-Blue-305-scaled-650x650.jpg 650w, https:\/\/www.planet-knox.com\/wp-content\/uploads\/2021\/04\/Scarlett-Jeans-Blue-305-500x500.jpg 500w, https:\/\/www.planet-knox.com\/wp-content\/uploads\/2021\/04\/Scarlett-Jeans-Blue-305-1500x1500.jpg 1500w, https:\/\/www.planet-knox.com\/wp-content\/uploads\/2021\/04\/Scarlett-Jeans-Blue-305-768x768.jpg 768w, https:\/\/www.planet-knox.com\/wp-content\/uploads\/2021\/04\/Scarlett-Jeans-Blue-305-1536x1536.jpg 1536w, https:\/\/www.planet-knox.com\/wp-content\/uploads\/2021\/04\/Scarlett-Jeans-Blue-305-scaled.jpg 2048w, https:\/\/www.planet-knox.com\/wp-content\/uploads\/2021\/04\/Scarlett-Jeans-Blue-305-200x200.jpg 200w, https:\/\/www.planet-knox.com\/wp-content\/uploads\/2021\/04\/Scarlett-Jeans-Blue-305-1920x1920.jpg 1920w, https:\/\/www.planet-knox.com\/wp-content\/uploads\/2021\/04\/Scarlett-Jeans-Blue-305-510x510.jpg 510w, https:\/\/www.planet-knox.com\/wp-content\/uploads\/2021\/04\/Scarlett-Jeans-Blue-305-100x100.jpg 100w, https:\/\/www.planet-knox.com\/wp-content\/uploads\/2021\/04\/Scarlett-Jeans-Blue-305-60x60.jpg 60w, https:\/\/www.planet-knox.com\/wp-content\/uploads\/2021\/04\/Scarlett-Jeans-Blue-305-90x90.jpg 90w\" sizes=\"(max-width: 650px) 100vw, 650px\" \/>\n\t\t\t\t<\/div>\n\n\t\t\t<\/div>\n\n\t\t<\/a><a href=\"https:\/\/www.planet-knox.com\/fr\/produit\/scarlett-skinny-fit-jeans-mk2\/\" aria-describedby=\"woocommerce_loop_add_to_cart_link_describedby_156289\" data-quantity=\"1\" class=\"btn btn-brand button product_type_variable add_to_cart_button\" data-product_id=\"156289\" data-product_sku=\"\" aria-label=\"S\u00e9lectionner les options pour &quot;Scarlett Skinny Fit Jeans MK2 - Regular Leg&quot;\" rel=\"nofollow\" data-no-translation=\"\" data-trp-gettext=\"\" data-no-translation-aria-label=\"\">S\u00e9lectionner les options<\/a><span id=\"woocommerce_loop_add_to_cart_link_describedby_156289\" class=\"screen-reader-text\">\n\tCe produit a plusieurs variantes. Les options peuvent \u00eatre choisies sur la page du produit<\/span>\n<span class=\"gtm4wp_productdata\" style=\"display:none; visibility:hidden;\" data-gtm4wp_product_data=\"{&quot;internal_id&quot;:156289,&quot;item_id&quot;:156289,&quot;item_name&quot;:&quot;Scarlett Skinny Fit Jeans MK2 - Regular Leg&quot;,&quot;sku&quot;:156289,&quot;price&quot;:69.99,&quot;stocklevel&quot;:1,&quot;stockstatus&quot;:&quot;instock&quot;,&quot;google_business_vertical&quot;:&quot;retail&quot;,&quot;item_category&quot;:&quot;Women\\u2019s Denim Trousers&quot;,&quot;id&quot;:156289,&quot;item_brand&quot;:&quot;Women\\u2019s Motorcycle Trousers&quot;,&quot;productlink&quot;:&quot;https:\\\/\\\/www.planet-knox.com\\\/fr\\\/produit\\\/scarlett-skinny-fit-jeans-mk2\\\/&quot;,&quot;item_list_name&quot;:&quot;Liste g\\u00e9n\\u00e9rale des produits&quot;,&quot;index&quot;:1,&quot;product_type&quot;:&quot;variable&quot;}\"><\/span>\t\t<div class=\"wc-product-title-wrap\">\n\t\t\t\t\t\n\t\t\t\t\t\n\t\t\t\t\t\n\t\t\t\t\t\n\t\t\t\t\t\n\t\t\t\t\t\n\t\t\t\t\t\t<h3>\n\t\t\t\t<a href=\"https:\/\/www.planet-knox.com\/fr\/produit\/scarlett-skinny-fit-jeans-mk2\/\" class=\"color-dark\">\n\t\t\t\t\tScarlett Skinny Fit Jeans MK2 - Regular Leg\t\t\t\t<\/a>\n\t\t\t<\/h3>\n\t\t\t<div class=\"price\">\n\t\t\t\t<span class=\"wcpbc-price wcpbc-price-156289\" data-product-id=\"156289\"><del aria-hidden=\"true\"><span data-product-vat=\"20\" class=\"woocommerce-Price-amount amount\"><span class=\"woocommerce-Price-currencySymbol\">\u00a3<\/span>139.99<\/span><\/del> <span class=\"screen-reader-text\" data-no-translation=\"\" data-trp-gettext=\"\">Le prix initial \u00e9tait\u00a0: &pound;139.99.<\/span><ins aria-hidden=\"true\"><span data-product-vat=\"20\" class=\"woocommerce-Price-amount amount\"><span class=\"woocommerce-Price-currencySymbol\">\u00a3<\/span>69.99<\/span><\/ins><span class=\"screen-reader-text\" data-no-translation=\"\" data-trp-gettext=\"\">Le prix actuel est\u00a0: &pound;69.99.<\/span><\/span>\t\t\t<\/div>\n\t\t\t<div class=\"clear\"><\/div>\n\t\t<\/div>\n\t<\/div>\n<\/li>\n\n<li class=\"post-168635 product type-product status-publish has-post-thumbnail product_cat-sale product_cat-dualpro product_cat-shells product_cat-women product_cat-womens-motorcycle-jackets product_cat-womens-waterproof-textile-jackets product_tag-women pa_colour-black pa_easproj_hs6p_received-2784 pa_easproj_originating_country-cn pa_size-2xl pa_size-3xl pa_size-l pa_size-m pa_size-s pa_size-xl pa_size-xs  instock sale taxable shipping-taxable purchasable product-type-variable has-default-attributes\" data-product-item=\"true\" data-lazy-item=\"\" data-lazy-scope=\"products\">\n\t<div class=\"product-content trans-shadow\">\n\t\t<a href=\"https:\/\/www.planet-knox.com\/fr\/produit\/womens-dual-pro-3-in-1-jacket-black\/\" class=\"static\">\n\t\t\t<div class=\"image-wrap\">\n\t\t\t\t\n\t<span class=\"woo-onsale brand-bg-color\">VENTE<\/span>\n\n\t\t\t\t<div class=\"noslide\">\n\t\t\t\t\n\t\t\t\t\t\n\t<span class=\"woo-onsale brand-bg-color\">VENTE<\/span>\n<img decoding=\"async\" width=\"650\" height=\"650\" src=\"https:\/\/www.planet-knox.com\/wp-content\/uploads\/2022\/01\/KNXDualProWomenBlack_9-650x650.jpg\" class=\"attachment-woocommerce_thumbnail size-woocommerce_thumbnail\" alt=\"Women&#039;s Dual Pro 3 in 1 Jacket\" srcset=\"https:\/\/www.planet-knox.com\/wp-content\/uploads\/2022\/01\/KNXDualProWomenBlack_9-650x650.jpg 650w, https:\/\/www.planet-knox.com\/wp-content\/uploads\/2022\/01\/KNXDualProWomenBlack_9-500x500.jpg 500w, https:\/\/www.planet-knox.com\/wp-content\/uploads\/2022\/01\/KNXDualProWomenBlack_9-1500x1500.jpg 1500w, https:\/\/www.planet-knox.com\/wp-content\/uploads\/2022\/01\/KNXDualProWomenBlack_9-768x768.jpg 768w, https:\/\/www.planet-knox.com\/wp-content\/uploads\/2022\/01\/KNXDualProWomenBlack_9-1536x1536.jpg 1536w, https:\/\/www.planet-knox.com\/wp-content\/uploads\/2022\/01\/KNXDualProWomenBlack_9-scaled.jpg 2048w, https:\/\/www.planet-knox.com\/wp-content\/uploads\/2022\/01\/KNXDualProWomenBlack_9-12x12.jpg 12w, https:\/\/www.planet-knox.com\/wp-content\/uploads\/2022\/01\/KNXDualProWomenBlack_9-200x200.jpg 200w, https:\/\/www.planet-knox.com\/wp-content\/uploads\/2022\/01\/KNXDualProWomenBlack_9-1920x1920.jpg 1920w\" sizes=\"(max-width: 650px) 100vw, 650px\" \/>\n\t\t\t\t<\/div>\n\n\t\t\t<\/div>\n\n\t\t<\/a><a href=\"https:\/\/www.planet-knox.com\/fr\/produit\/womens-dual-pro-3-in-1-jacket-black\/\" aria-describedby=\"woocommerce_loop_add_to_cart_link_describedby_168635\" data-quantity=\"1\" class=\"btn btn-brand button product_type_variable add_to_cart_button\" data-product_id=\"168635\" data-product_sku=\"KNXDualProWomenBlack\" aria-label=\"S\u00e9lectionner les options pour &quot;Women&#039;s Dual Pro 3 in 1 Jacket&quot;\" rel=\"nofollow\" data-no-translation=\"\" data-trp-gettext=\"\" data-no-translation-aria-label=\"\">S\u00e9lectionner les options<\/a><span id=\"woocommerce_loop_add_to_cart_link_describedby_168635\" class=\"screen-reader-text\">\n\tCe produit a plusieurs variantes. Les options peuvent \u00eatre choisies sur la page du produit<\/span>\n<span class=\"gtm4wp_productdata\" style=\"display:none; visibility:hidden;\" data-gtm4wp_product_data=\"{&quot;internal_id&quot;:168635,&quot;item_id&quot;:&quot;KNXDualProWomenBlack&quot;,&quot;item_name&quot;:&quot;Women&#039;s Dual Pro 3 in 1 Jacket&quot;,&quot;sku&quot;:&quot;KNXDualProWomenBlack&quot;,&quot;price&quot;:169.99,&quot;stocklevel&quot;:1,&quot;stockstatus&quot;:&quot;instock&quot;,&quot;google_business_vertical&quot;:&quot;retail&quot;,&quot;item_category&quot;:&quot;Women\\u2019s Waterproof &amp; Textile Jackets&quot;,&quot;id&quot;:&quot;KNXDualProWomenBlack&quot;,&quot;item_brand&quot;:&quot;Women\\u2019s Shells&quot;,&quot;productlink&quot;:&quot;https:\\\/\\\/www.planet-knox.com\\\/fr\\\/produit\\\/womens-dual-pro-3-in-1-jacket-black\\\/&quot;,&quot;item_list_name&quot;:&quot;Liste g\\u00e9n\\u00e9rale des produits&quot;,&quot;index&quot;:2,&quot;product_type&quot;:&quot;variable&quot;}\"><\/span>\t\t<div class=\"wc-product-title-wrap\">\n\t\t\t\t\t\n\t\t\t\t\t\n\t\t\t\t\t\n\t\t\t\t\t\n\t\t\t\t\t\n\t\t\t\t\t\n\t\t\t\t\t\t<h3>\n\t\t\t\t<a href=\"https:\/\/www.planet-knox.com\/fr\/produit\/womens-dual-pro-3-in-1-jacket-black\/\" class=\"color-dark\">\n\t\t\t\t\tVeste 3 en 1 Dual Pro pour femmes&#039;s\t\t\t\t<\/a>\n\t\t\t<\/h3>\n\t\t\t<div class=\"price\">\n\t\t\t\t<span class=\"wcpbc-price wcpbc-price-168635\" data-product-id=\"168635\"><del aria-hidden=\"true\"><span data-product-vat=\"20\" class=\"woocommerce-Price-amount amount\"><span class=\"woocommerce-Price-currencySymbol\">\u00a3<\/span>239.99<\/span><\/del> <span class=\"screen-reader-text\" data-no-translation=\"\" data-trp-gettext=\"\">Le prix initial \u00e9tait\u00a0: &pound;239.99.<\/span><ins aria-hidden=\"true\"><span data-product-vat=\"20\" class=\"woocommerce-Price-amount amount\"><span class=\"woocommerce-Price-currencySymbol\">\u00a3<\/span>169.99<\/span><\/ins><span class=\"screen-reader-text\" data-no-translation=\"\" data-trp-gettext=\"\">Le prix actuel est\u00a0: &pound;169.99.<\/span><\/span>\t\t\t<\/div>\n\t\t\t<div class=\"clear\"><\/div>\n\t\t<\/div>\n\t<\/div>\n<\/li>\n\n<li class=\"post-139945 product type-product status-publish has-post-thumbnail product_cat-sale product_cat-denim product_cat-shield product_cat-trousers product_cat-womens-denim-trousers product_cat-womens-motorcycle-trousers product_tag-women pa_easproj_hs6p_received-2782 pa_easproj_originating_country-in pa_size-2xl pa_size-l pa_size-m pa_size-s pa_size-xl pa_size-xs last instock sale taxable shipping-taxable purchasable product-type-variable has-default-attributes\" data-product-item=\"true\" data-lazy-item=\"\" data-lazy-scope=\"products\">\n\t<div class=\"product-content trans-shadow\">\n\t\t<a href=\"https:\/\/www.planet-knox.com\/fr\/produit\/shield-high-waisted-spectra-womens-jeans\/\" class=\"static\">\n\t\t\t<div class=\"image-wrap\">\n\t\t\t\t\n\t<span class=\"woo-onsale brand-bg-color\">VENTE<\/span>\n\n\t\t\t\t<div class=\"noslide\">\n\t\t\t\t\n\t\t\t\t\t\n\t<span class=\"woo-onsale brand-bg-color\">VENTE<\/span>\n<img decoding=\"async\" width=\"650\" height=\"650\" src=\"https:\/\/www.planet-knox.com\/wp-content\/uploads\/2020\/01\/Ladies-Shield-Jeans-Blue-1-650x650.jpg\" class=\"attachment-woocommerce_thumbnail size-woocommerce_thumbnail\" alt=\"Women&#039;s Shield Single Layer Spectra\u00ae Jeans\" srcset=\"https:\/\/www.planet-knox.com\/wp-content\/uploads\/2020\/01\/Ladies-Shield-Jeans-Blue-1-650x650.jpg 650w, https:\/\/www.planet-knox.com\/wp-content\/uploads\/2020\/01\/Ladies-Shield-Jeans-Blue-1-500x500.jpg 500w, https:\/\/www.planet-knox.com\/wp-content\/uploads\/2020\/01\/Ladies-Shield-Jeans-Blue-1.jpg 1500w\" sizes=\"(max-width: 650px) 100vw, 650px\" \/>\n\t\t\t\t<\/div>\n\n\t\t\t<\/div>\n\n\t\t<\/a><a href=\"https:\/\/www.planet-knox.com\/fr\/produit\/shield-high-waisted-spectra-womens-jeans\/\" aria-describedby=\"woocommerce_loop_add_to_cart_link_describedby_139945\" data-quantity=\"1\" class=\"btn btn-brand button product_type_variable add_to_cart_button\" data-product_id=\"139945\" data-product_sku=\"KNXShieldWomenBlue\" aria-label=\"S\u00e9lectionner les options pour &quot;Women&#039;s Shield Single Layer Spectra\u00ae Jeans&quot;\" rel=\"nofollow\" data-no-translation=\"\" data-trp-gettext=\"\" data-no-translation-aria-label=\"\">S\u00e9lectionner les options<\/a><span id=\"woocommerce_loop_add_to_cart_link_describedby_139945\" class=\"screen-reader-text\">\n\tCe produit a plusieurs variantes. Les options peuvent \u00eatre choisies sur la page du produit<\/span>\n<span class=\"gtm4wp_productdata\" style=\"display:none; visibility:hidden;\" data-gtm4wp_product_data=\"{&quot;internal_id&quot;:139945,&quot;item_id&quot;:&quot;KNXShieldWomenBlue&quot;,&quot;item_name&quot;:&quot;Women&#039;s Shield Single Layer Spectra\\u00ae Jeans&quot;,&quot;sku&quot;:&quot;KNXShieldWomenBlue&quot;,&quot;price&quot;:149.99,&quot;stocklevel&quot;:1,&quot;stockstatus&quot;:&quot;instock&quot;,&quot;google_business_vertical&quot;:&quot;retail&quot;,&quot;item_category&quot;:&quot;Women\\u2019s Denim Trousers&quot;,&quot;id&quot;:&quot;KNXShieldWomenBlue&quot;,&quot;item_brand&quot;:&quot;Women\\u2019s Motorcycle Trousers&quot;,&quot;productlink&quot;:&quot;https:\\\/\\\/www.planet-knox.com\\\/fr\\\/produit\\\/shield-high-waisted-spectra-womens-jeans\\\/&quot;,&quot;item_list_name&quot;:&quot;Liste g\\u00e9n\\u00e9rale des produits&quot;,&quot;index&quot;:3,&quot;product_type&quot;:&quot;variable&quot;}\"><\/span>\t\t<div class=\"wc-product-title-wrap\">\n\t\t\t\t\t\n\t\t\t\t\t\n\t\t\t\t\t\n\t\t\t\t\t\n\t\t\t\t\t\n\t\t\t\t\t\n\t\t\t\t\t\t<h3>\n\t\t\t\t<a href=\"https:\/\/www.planet-knox.com\/fr\/produit\/shield-high-waisted-spectra-womens-jeans\/\" class=\"color-dark\">\n\t\t\t\t\tJeans Shield Single Layer Spectra\u00ae pour femmes\t\t\t\t<\/a>\n\t\t\t<\/h3>\n\t\t\t<div class=\"price\">\n\t\t\t\t<span class=\"wcpbc-price wcpbc-price-139945\" data-product-id=\"139945\"><del aria-hidden=\"true\"><span data-product-vat=\"20\" class=\"woocommerce-Price-amount amount\"><span class=\"woocommerce-Price-currencySymbol\">\u00a3<\/span>149.99<\/span><\/del> <span class=\"screen-reader-text\" data-no-translation=\"\" data-trp-gettext=\"\">Le prix initial \u00e9tait\u00a0: &pound;149.99.<\/span><ins aria-hidden=\"true\"><span data-product-vat=\"20\" class=\"woocommerce-Price-amount amount\"><span class=\"woocommerce-Price-currencySymbol\">\u00a3<\/span>99.99<\/span><\/ins><span class=\"screen-reader-text\" data-no-translation=\"\" data-trp-gettext=\"\">Le prix actuel est\u00a0: &pound;99.99.<\/span><\/span>\t\t\t<\/div>\n\t\t\t<div class=\"clear\"><\/div>\n\t\t<\/div>\n\t<\/div>\n<\/li>\n\t<\/ul>\n<\/div><\/div><div class=\"vc_empty_space\"   style=\"height: 64px\"><span class=\"vc_empty_space_inner\"><\/span><\/div><\/div><\/div><\/div><\/div><div class=\"vc_row-full-width vc_clearfix\"><\/div>\n<\/div>","protected":false},"excerpt":{"rendered":"<div>\n<p class=\"NoParagraphStyle\"><span class=\"s1\"><span lang=\"EN-US\">Il s'agit d'une magnifique ceinture Jean en cuir.  Elles sont fabriqu\u00e9es \u00e0 la main au Royaume-Uni, dans un cuir de la plus haute qualit\u00e9.  Chaque ceinture est fi\u00e8rement orn\u00e9e d'une boucle en m\u00e9tal arm\u00e9 de marque Knox.  C'est un cadeau parfait, pr\u00e9sent\u00e9 dans un emballage de luxe.<\/span><\/span><\/p>\n<\/div>\n<div>\n<p class=\"NoParagraphStyle\"><span class=\"s1\"><span lang=\"EN-US\">Ils sont disponibles en deux couleurs, le noir classique et un marron fonc\u00e9 \u00e9l\u00e9gant et discret qui a un aspect l\u00e9g\u00e8rement vieilli.  Il existe des tailles sp\u00e9cialement con\u00e7ues pour les femmes.<\/span><\/span><\/p>\n<\/div>\n<div>\n<p class=\"NoParagraphStyle\"><span class=\"s1\"><span lang=\"EN-US\">Toutes les mesures de la ceinture sont prises de la boucle au trou central de la ceinture, ce qui laisse une certaine latitude pour trouver un ajustement exact.<\/span><\/span><\/p>\n<\/div>","protected":false},"featured_media":227951,"comment_status":"open","ping_status":"closed","template":"","meta":{"_acf_changed":false,"inline_featured_image":false},"product_brand":[],"product_cat":[635,583,628,627],"product_tag":[518],"class_list":{"0":"post-227944","1":"product","2":"type-product","3":"status-publish","4":"has-post-thumbnail","6":"product_cat-accessories","7":"product_cat-belts","8":"product_cat-womens-accessories","9":"product_cat-womens-belts","10":"product_tag-women","11":"pa_easproj_hs6p_received-2788","12":"pa_easproj_originating_country-gb","13":"pa_size-l","14":"pa_size-m","15":"pa_size-s","17":"first","18":"outofstock","19":"taxable","20":"shipping-taxable","21":"purchasable","22":"product-type-variable","23":"has-default-attributes"},"acf":[],"aioseo_notices":[],"gallery_images":[227954,227953,227957,227952,227956,227955],"_links":{"self":[{"href":"https:\/\/www.planet-knox.com\/fr\/wp-json\/wp\/v2\/product\/227944","targetHints":{"allow":["GET"]}}],"collection":[{"href":"https:\/\/www.planet-knox.com\/fr\/wp-json\/wp\/v2\/product"}],"about":[{"href":"https:\/\/www.planet-knox.com\/fr\/wp-json\/wp\/v2\/types\/product"}],"replies":[{"embeddable":true,"href":"https:\/\/www.planet-knox.com\/fr\/wp-json\/wp\/v2\/comments?post=227944"}],"wp:featuredmedia":[{"embeddable":true,"href":"https:\/\/www.planet-knox.com\/fr\/wp-json\/wp\/v2\/media\/227951"}],"wp:attachment":[{"href":"https:\/\/www.planet-knox.com\/fr\/wp-json\/wp\/v2\/media?parent=227944"}],"wp:term":[{"taxonomy":"product_brand","embeddable":true,"href":"https:\/\/www.planet-knox.com\/fr\/wp-json\/wp\/v2\/product_brand?post=227944"},{"taxonomy":"product_cat","embeddable":true,"href":"https:\/\/www.planet-knox.com\/fr\/wp-json\/wp\/v2\/product_cat?post=227944"},{"taxonomy":"product_tag","embeddable":true,"href":"https:\/\/www.planet-knox.com\/fr\/wp-json\/wp\/v2\/product_tag?post=227944"}],"curies":[{"name":"wp","href":"https:\/\/api.w.org\/{rel}","templated":true}]}}