{"id":193395,"date":"2023-02-01T10:58:10","date_gmt":"2023-02-01T10:58:10","guid":{"rendered":"https:\/\/www.planet-knox.com\/?post_type=product&#038;p=193395"},"modified":"2026-03-24T09:24:05","modified_gmt":"2026-03-24T09:24:05","slug":"mens-urbane-pro-utility-mk3-black","status":"publish","type":"product","link":"https:\/\/www.planet-knox.com\/fr\/produit\/mens-urbane-pro-utility-mk3-black\/","title":{"rendered":"Hommes Urbane Pro\u00ae Utility MK3 - Noir"},"content":{"rendered":"<div class=\"wpb-content-wrapper\"><div id=\"sizeguide\" class=\"vc_row wpb_row vc_row-fluid gradient-container-1\"><div class=\"gradient-column-1 wpb_column vc_column_container vc_col-sm-12\"><div class=\"vc_column-inner\"><div class=\"wpb_wrapper\"><div class=\"norebro-heading-sc heading text-center\"\n\tid=\"norebro-custom-69f204ad6007f\" \n\t \n\t>\n\t\n\t\n\t\n\t<h3 class=\"title\">\n\t\tGuide des tailles\t<\/h3>\n\n\t\n\t\t\t<p class=\"subtitle\">\n\t\t\tBesoin d'aide ? Utilisez le chat en ligne ou envoyez-nous un e-mail \u00e0 l'adresse suivante <a href=\"mailto:sales@planet-knox.com\">sales@planet-knox.com<\/a>\t\t<\/p>\n\t\t\n<\/div><div class=\"vc_empty_space\"   style=\"height: 32px\"><span class=\"vc_empty_space_inner\"><\/span><\/div><div class=\"vc_separator wpb_content_element vc_separator_align_center vc_sep_width_100 vc_sep_pos_align_center vc_separator_no_text vc_sep_color_grey wpb_content_element  wpb_content_element\" ><span class=\"vc_sep_holder vc_sep_holder_l\"><span class=\"vc_sep_line\"><\/span><\/span><span class=\"vc_sep_holder vc_sep_holder_r\"><span class=\"vc_sep_line\"><\/span><\/span>\n<\/div><div class=\"vc_empty_space\"   style=\"height: 32px\"><span class=\"vc_empty_space_inner\"><\/span><\/div>\n\t<div  class=\"wpb_single_image wpb_content_element vc_align_center wpb_content_element\">\n\t\t\n\t\t<figure class=\"wpb_wrapper vc_figure\">\n\t\t\t<div class=\"vc_single_image-wrapper   vc_box_border_grey\"><img decoding=\"async\" width=\"100\" height=\"351\" src=\"https:\/\/www.planet-knox.com\/wp-content\/uploads\/2020\/01\/mens-chest-waist.png\" class=\"vc_single_image-img attachment-full\" alt=\"\" title=\"taille-poitrine-homme\" srcset=\"https:\/\/www.planet-knox.com\/wp-content\/uploads\/2020\/01\/mens-chest-waist.png 100w, https:\/\/www.planet-knox.com\/wp-content\/uploads\/2020\/01\/mens-chest-waist-3x12.png 3w\" sizes=\"(max-width: 100px) 100vw, 100px\" \/><\/div>\n\t\t<\/figure>\n\t<\/div>\n<div class=\"norebro-text-sc\" \n\tid=\"norebro-custom-69f204ad609fc\" \n\t \n\t>\n\n\t<p style=\"text-align: center;\"><strong>Le thorax :<\/strong> Mesurez la partie la plus large de votre poitrine et vos omoplates.<\/p>\n<p style=\"text-align: center;\"><strong>Taille :<\/strong> Pour d\u00e9terminer votre taille, mesurez votre tour de taille dans la position habituelle de votre pantalon. \u00c0 titre indicatif, cette mesure se situe \u00e0 environ 5-6 cm sous le nombril.<\/p>\n<p style=\"text-align: center;\"><strong>A noter :<\/strong> Les mesures indiqu\u00e9es sont des mesures de corps et nous vous recommandons de ne pas mesurer par-dessus les v\u00eatements. Veuillez \u00e9galement tenir le m\u00e8tre fermement et non de mani\u00e8re l\u00e2che, car les mesures doivent \u00eatre ajust\u00e9es. Si vous vous situez entre deux tailles ou dans la partie sup\u00e9rieure de la taille, nous vous recommandons de prendre une taille au-dessus.<\/p>\n\t\n<\/div><div class=\"vc_row wpb_row vc_inner vc_row-fluid sizeguidehelpcolumn vc_row-o-content-middle vc_row-flex\"><div class=\"wpb_column vc_column_container vc_col-sm-6\"><div class=\"vc_column-inner\"><div class=\"wpb_wrapper\"><\/div><\/div><\/div><div class=\"wpb_column vc_column_container vc_col-sm-6\"><div class=\"vc_column-inner\"><div class=\"wpb_wrapper\"><\/div><\/div><\/div><\/div><div class=\"vc_row wpb_row vc_inner vc_row-fluid vc_row-o-content-middle vc_row-flex\"><div class=\"wpb_column vc_column_container vc_col-sm-12\"><div class=\"vc_column-inner\"><div class=\"wpb_wrapper\">\n\t<div class=\"wpb_raw_code wpb_raw_html wpb_content_element\" >\n\t\t<div class=\"wpb_wrapper\">\n\t\t\t<table class=\"knoxtable menstable\" cellspacing=\"0\" cellpadding=\"0\" width=\"100%\">\n  <tr>\n    <th>Taille homme UK<\/th>\n    <th>Poitrine (pouces)<\/th>\n    <th>Poitrine (cm)<\/th>\n    <th>Taille (pouces)<\/th>\n    <th>Taille (cm)<\/th>\n  <\/tr>\n  <tr>\n    <td>S<\/td>\n    <td>35-37<\/td>\n    <td>90-96<\/td>\n    <td>30<\/td>\n    <td>76<\/td>\n  <\/tr>\n  <tr>\n    <td>M<\/td>\n    <td>38-40<\/td>\n    <td>98-103<\/td>\n    <td>32<\/td>\n    <td>81<\/td>\n  <\/tr>\n  <tr>\n    <td>L<\/td>\n    <td>41-43<\/td>\n    <td>104-109<\/td>\n    <td>34<\/td>\n    <td>87<\/td>\n  <\/tr>\n  <tr>\n    <td>XL<\/td>\n    <td>44-46<\/td>\n    <td>110-115<\/td>\n    <td>36<\/td>\n    <td>92<\/td>\n  <\/tr>\n  <tr>\n    <td>2XL<\/td>\n    <td>46-48<\/td>\n    <td>116-121<\/td>\n    <td>38<\/td>\n    <td>97<\/td>\n  <\/tr>\n  <tr>\n    <td>3XL<\/td>\n    <td>48-50<\/td>\n    <td>122-127<\/td>\n    <td>40<\/td>\n    <td>102<\/td>\n  <\/tr>\n  <tr>\n    <td>4XL<\/td>\n    <td>50-52<\/td>\n    <td>128-134<\/td>\n    <td>42<\/td>\n    <td>107<\/td>\n  <\/tr>\n  <tr>\n    <td>5XL<\/td>\n    <td>52-54<\/td>\n    <td>135-141<\/td>\n    <td>44<\/td>\n    <td>112<\/td>\n  <\/tr>\n<\/table>\n\t\t<\/div>\n\t<\/div>\n<\/div><\/div><\/div><\/div><\/div><\/div><\/div><\/div>\n<\/div>","protected":false},"excerpt":{"rendered":"<p>Close-fitting armoured protection for motorcycle riders. This is the purpose of a Knox Armoured Shirt. The shirt comes fully fitted with CE-approved armour and is designed to hold that armour close and comfortably in place, so it stays exactly where it needs to be, not drifting around as it can in a loose jacket.<\/p>\n<p>Knox is dedicated to rider protection, and decades of innovation since the 1990s have refined Knox\u2019s signature armoured shirts, with a choice of styles suitable for every rider.<\/p>\n<p>Every Knox armoured shirt is CE-approved for road use and is tough and breathable, so in the heat you can wear it on its own. No jacket required.<\/p>\n<p>When it\u2019s cool or wet, add a separate Knox warm or waterproof layer designed to work seamlessly with any armoured shirt. One system for every season.<\/p>\n<p>For those riders who want more storage or just prefer a utility pocket style, the Urbane Pro Utility Mk3 is the correct choice with 3 exterior pockets and 2 inner pockets. \u00a0The Mk3 is fitted with new Level 2 Micro-Lock Compact armour for improved performance. \u00a0In hot weather, wear it on top of a base layer with no other jacket required. \u00a0In cooler climates just add more or less Knox seasonless layers. CE approved as a standalone \u201cClass AA\u201d garment with approved abrasion resistance built in, meaning an outer shell is no longer necessary unless you want to wear one.URBANE PRO is the Registered Trade Mark of Planet Knox Limited.<\/p>","protected":false},"featured_media":197397,"comment_status":"open","ping_status":"closed","template":"","meta":{"_acf_changed":false,"inline_featured_image":false},"product_brand":[],"product_cat":[2687,2683,630,534],"product_tag":[517],"class_list":{"0":"post-193395","1":"product","2":"type-product","3":"status-publish","4":"has-post-thumbnail","6":"product_cat-all-products","7":"product_cat-sale","8":"product_cat-armoured-shirts","9":"product_cat-mens-armoured-shirts","10":"product_tag-men","11":"pa_colour-black","12":"pa_easproj_hs6p_received-2748","13":"pa_easproj_originating_country-cn","14":"pa_size-s","16":"first","17":"outofstock","18":"sale","19":"taxable","20":"shipping-taxable","21":"purchasable","22":"product-type-variable"},"acf":[],"aioseo_notices":[],"gallery_images":[197407,197399,197401,197403,197409,197405,197163,193537,193539,193541,193555,193557,193559,193561,193563],"_links":{"self":[{"href":"https:\/\/www.planet-knox.com\/fr\/wp-json\/wp\/v2\/product\/193395","targetHints":{"allow":["GET"]}}],"collection":[{"href":"https:\/\/www.planet-knox.com\/fr\/wp-json\/wp\/v2\/product"}],"about":[{"href":"https:\/\/www.planet-knox.com\/fr\/wp-json\/wp\/v2\/types\/product"}],"replies":[{"embeddable":true,"href":"https:\/\/www.planet-knox.com\/fr\/wp-json\/wp\/v2\/comments?post=193395"}],"wp:featuredmedia":[{"embeddable":true,"href":"https:\/\/www.planet-knox.com\/fr\/wp-json\/wp\/v2\/media\/197397"}],"wp:attachment":[{"href":"https:\/\/www.planet-knox.com\/fr\/wp-json\/wp\/v2\/media?parent=193395"}],"wp:term":[{"taxonomy":"product_brand","embeddable":true,"href":"https:\/\/www.planet-knox.com\/fr\/wp-json\/wp\/v2\/product_brand?post=193395"},{"taxonomy":"product_cat","embeddable":true,"href":"https:\/\/www.planet-knox.com\/fr\/wp-json\/wp\/v2\/product_cat?post=193395"},{"taxonomy":"product_tag","embeddable":true,"href":"https:\/\/www.planet-knox.com\/fr\/wp-json\/wp\/v2\/product_tag?post=193395"}],"curies":[{"name":"wp","href":"https:\/\/api.w.org\/{rel}","templated":true}]}}