{"id":193387,"date":"2023-02-01T10:58:06","date_gmt":"2023-02-01T10:58:06","guid":{"rendered":"https:\/\/www.planet-knox.com\/?post_type=product&#038;p=193387"},"modified":"2026-05-02T20:21:17","modified_gmt":"2026-05-02T20:21:17","slug":"walker-waterproof-overtrousers-mk2","status":"publish","type":"product","link":"https:\/\/www.planet-knox.com\/fr\/produit\/walker-waterproof-overtrousers-mk2\/","title":{"rendered":"Surpantalon imperm\u00e9able Walker MK2"},"content":{"rendered":"<div class=\"wpb-content-wrapper\"><div class=\"vc_row wpb_row vc_row-fluid gradient-container-1\"><div class=\"gradient-column-1 wpb_column vc_column_container vc_col-sm-12\"><div class=\"vc_column-inner\"><div class=\"wpb_wrapper\"><div class=\"vc_empty_space\"   style=\"height: 32px\"><span class=\"vc_empty_space_inner\"><\/span><\/div><div class=\"norebro-heading-sc heading text-center\"\n\tid=\"norebro-custom-69f678a34feaf\" \n\t \n\t>\n\t\n\t\n\t\n\t<h3 class=\"title\">\n\t\tProduct Features\t<\/h3>\n\n\t\n\t\t\t<p class=\"subtitle\">\n\t\t\tNeed help? Use Live chat or email us at: <a href=\"mailto:sales@planet-knox.com\">sales@planet-knox.com<\/a>\t\t<\/p>\n\t\t\n<\/div><div class=\"vc_empty_space\"   style=\"height: 32px\"><span class=\"vc_empty_space_inner\"><\/span><\/div><div class=\"vc_separator wpb_content_element vc_separator_align_center vc_sep_width_100 vc_sep_pos_align_center vc_separator_no_text vc_sep_color_grey wpb_content_element  wpb_content_element\" ><span class=\"vc_sep_holder vc_sep_holder_l\"><span class=\"vc_sep_line\"><\/span><\/span><span class=\"vc_sep_holder vc_sep_holder_r\"><span class=\"vc_sep_line\"><\/span><\/span>\n<\/div><div class=\"vc_empty_space\"   style=\"height: 32px\"><span class=\"vc_empty_space_inner\"><\/span><\/div>\n\t\t\t\t<p class=\"rs-p-wp-fix\"><\/p>\n\t\t\t\t<sr7-module data-alias=\"union-quilt-men-11\" data-id=\"1131\" id=\"SR7_1131_1\" class=\"rs-respect-topbar rs-ov-hidden\" data-version=\"6.7.51\">\n\t\t\t\t\t<sr7-adjuster><\/sr7-adjuster>\n\t\t\t\t\t<sr7-content>\n\t\t\t\t\t\t<sr7-slide id=\"SR7_1131_1-1126\" data-key=\"1126\">\n\t\t\t\t\t\t\t<sr7-txt id=\"SR7_1131_1-1126-1\" class=\"sr7-layer\">polyester tri-laminate fabric with waterproof and breathable 15K membrane<\/sr7-txt>\n\t\t\t\t\t\t\t<sr7-txt id=\"SR7_1131_1-1126-3\" class=\"sr7-layer\">Elasticated cuffs<\/sr7-txt>\n\t\t\t\t\t\t\t<sr7-txt id=\"SR7_1131_1-1126-4\" class=\"sr7-layer\">Leg gusset with zip and Velcro strap secures the trousers and stops flapping<\/sr7-txt>\n\t\t\t\t\t\t\t<sr7-txt id=\"SR7_1131_1-1126-7\" class=\"sr7-layer\">polyester tri-laminate fabric with waterproof and breathable 15K membrane<\/sr7-txt>\n\t\t\t\t\t\t\t<sr7-txt id=\"SR7_1131_1-1126-14\" class=\"sr7-layer\">Elasticated cuffs<\/sr7-txt>\n\t\t\t\t\t\t\t<sr7-txt id=\"SR7_1131_1-1126-16\" class=\"sr7-layer\">Leg gusset with zip and Velcro strap secures the trousers and stops flapping<\/sr7-txt>\n\t\t\t\t\t\t\t<sr7-txt id=\"SR7_1131_1-1126-19\" class=\"sr7-layer\">Washable, follow instructions on the label<\/sr7-txt>\n\t\t\t\t\t\t<\/sr7-slide>\n\t\t\t\t\t\t<sr7-slide id=\"SR7_1131_1-1128\" data-key=\"1128\">\n\t\t\t\t\t\t<\/sr7-slide>\n\t\t\t\t\t<\/sr7-content>\n\t\t\t\t\t<image_lists style=\"display:none\">\n\t\t\t\t\t\t<img data-src=\"\/\/www.planet-knox.com\/wp-content\/uploads\/2023\/02\/KNXWalkerMK2_6-1.jpg\" data-libid=\"226830\" title=\"KNXWalkerMK2_6\" width=\"0\" height=\"0\" data-dbsrc=\"Ly93d3cucGxhbmV0LWtub3guY29tL3dwLWNvbnRlbnQvdXBsb2Fkcy8yMDIzLzAyL0tOWFdhbGtlck1LMl82LTEuanBn\"\/>\n\t\t\t\t\t\t<img data-src=\"\/\/www.planet-knox.com\/wp-content\/uploads\/2023\/02\/KNXWalkerMK2_3-1.jpg\" data-libid=\"226828\" title=\"KNXWalkerMK2_3\" width=\"0\" height=\"0\" data-dbsrc=\"Ly93d3cucGxhbmV0LWtub3guY29tL3dwLWNvbnRlbnQvdXBsb2Fkcy8yMDIzLzAyL0tOWFdhbGtlck1LMl8zLTEuanBn\"\/>\n\t\t\t\t\t\t<img data-src=\"\/\/www.planet-knox.com\/wp-content\/uploads\/2023\/02\/KNXWalkerMK2_5-1.jpg\" data-libid=\"226829\" title=\"KNXWalkerMK2_5\" width=\"0\" height=\"0\" data-dbsrc=\"Ly93d3cucGxhbmV0LWtub3guY29tL3dwLWNvbnRlbnQvdXBsb2Fkcy8yMDIzLzAyL0tOWFdhbGtlck1LMl81LTEuanBn\"\/>\n\t\t\t\t\t\t<img data-src=\"\/\/www.planet-knox.com\/wp-content\/uploads\/2023\/02\/KNXWalkerMK2_7-1.jpg\" data-libid=\"226831\" title=\"KNXWalkerMK2_7\" width=\"0\" height=\"0\" data-dbsrc=\"Ly93d3cucGxhbmV0LWtub3guY29tL3dwLWNvbnRlbnQvdXBsb2Fkcy8yMDIzLzAyL0tOWFdhbGtlck1LMl83LTEuanBn\"\/>\n\t\t\t\t\t\t<img data-src=\"\/\/www.planet-knox.com\/wp-content\/uploads\/2025\/01\/gloves_KNXOrsaOR4Grey_10-scaled.jpg\" data-libid=\"229068\" title=\"gloves_KNXOrsaOR4Grey_10\" width=\"0\" height=\"0\" data-dbsrc=\"Ly93d3cucGxhbmV0LWtub3guY29tL3dwLWNvbnRlbnQvdXBsb2Fkcy8yMDI1LzAxL2dsb3Zlc19LTlhPcnNhT1I0R3JleV8xMC1zY2FsZWQuanBn\"\/>\n\t\t\t\t\t\t<img data-src=\"\/\/www.planet-knox.com\/wp-content\/uploads\/2025\/01\/gloves_KNXOrsaOR4Grey_6-scaled.jpg\" data-libid=\"229064\" title=\"gloves_KNXOrsaOR4Grey_6\" width=\"0\" height=\"0\" data-dbsrc=\"Ly93d3cucGxhbmV0LWtub3guY29tL3dwLWNvbnRlbnQvdXBsb2Fkcy8yMDI1LzAxL2dsb3Zlc19LTlhPcnNhT1I0R3JleV82LXNjYWxlZC5qcGc=\"\/>\n\t\t\t\t\t\t<img data-src=\"\/\/www.planet-knox.com\/wp-content\/uploads\/2025\/01\/gloves_KNXOrsaOR4Grey_3-scaled.jpg\" data-libid=\"229061\" title=\"gloves_KNXOrsaOR4Grey_3\" width=\"0\" height=\"0\" data-dbsrc=\"Ly93d3cucGxhbmV0LWtub3guY29tL3dwLWNvbnRlbnQvdXBsb2Fkcy8yMDI1LzAxL2dsb3Zlc19LTlhPcnNhT1I0R3JleV8zLXNjYWxlZC5qcGc=\"\/>\n\t\t\t\t\t<\/image_lists>\n\t\t\t\t<\/sr7-module>\n\t\t\t\t<script>\n\t\t\t\t\twindow.SR7 ??={};SR7.PMH ??={}; SR7.PMH[\"SR7_1131_1\"] = {cn:100,state:false,fn: function() { if (window._tpt!==undefined && window._tpt.prepareModuleHeight !== undefined) {  _tpt.prepareModuleHeight({id:\"SR7_1131_1\",el:[900,900,900,900,480],type:'standard',shdw:'0',gh:[900,900,900,900,480],gw:[1920,1920,1920,1920,480],vpt:['-200px&#039;,&#039;-200px&#039;,&#039;-200px&#039;,&#039;-200px&#039;,&#039;-200px'],size:{fullWidth:false, fullHeight:false},mh:'0',onh:0,onw:0,bg:{color:'{\"orig\":\"transparent\",\"type\":\"solid\",\"string\":\"transparent\"}'}});   SR7.PMH[\"SR7_1131_1\"].state=true;} else if(SR7.PMH[\"SR7_1131_1\"].cn-->0)\tsetTimeout( SR7.PMH[\"SR7_1131_1\"].fn,19);}};SR7.PMH[\"SR7_1131_1\" ].fn();\n\t\t\t\t<\/script>\n<div class=\"vc_empty_space\"   style=\"height: 64px\"><span class=\"vc_empty_space_inner\"><\/span><\/div><\/div><\/div><\/div><\/div><div id=\"gallery\" class=\"vc_row wpb_row vc_row-fluid gradient-container-2 vc_custom_1706180503284\"><div class=\"gradient-column-2 wpb_column vc_column_container vc_col-sm-12\"><div class=\"vc_column-inner\"><div class=\"wpb_wrapper\"><div class=\"vc_empty_space\"   style=\"height: 32px\"><span class=\"vc_empty_space_inner\"><\/span><\/div><div class=\"norebro-heading-sc heading text-center\"\n\tid=\"norebro-custom-69f678a353aad\" \n\t \n\t>\n\t\n\t\n\t\n\t<h3 class=\"title\">\n\t\tPromotional Video\t<\/h3>\n\n\t\n\t\t\t<p class=\"subtitle\">\n\t\t\t\t\t<\/p>\n\t\t\n<\/div><div class=\"vc_empty_space\"   style=\"height: 32px\"><span class=\"vc_empty_space_inner\"><\/span><\/div><div class=\"vc_separator wpb_content_element vc_separator_align_center vc_sep_width_100 vc_sep_pos_align_center vc_separator_no_text vc_sep_color_grey wpb_content_element  wpb_content_element\" ><span class=\"vc_sep_holder vc_sep_holder_l\"><span class=\"vc_sep_line\"><\/span><\/span><span class=\"vc_sep_holder vc_sep_holder_r\"><span class=\"vc_sep_line\"><\/span><\/span>\n<\/div><div class=\"vc_empty_space\"   style=\"height: 32px\"><span class=\"vc_empty_space_inner\"><\/span><\/div>\n\t<div class=\"wpb_raw_code wpb_raw_html wpb_content_element\" >\n\t\t<div class=\"wpb_wrapper\">\n\t\t\t<style>.embed-container { position: relative; padding-bottom: 56.25%; height: 0; overflow: hidden; max-width: 100%; } .embed-container iframe, .embed-container object, .embed-container embed { position: absolute; top: 0; left: 0; width: 100%; height: 100%; }<\/style><div class='embed-container'><iframe src='https:\/\/www.youtube.com\/embed\/3F_tPK_i86Q' frameborder='0' allowfullscreen><\/iframe><\/div>\n\t\t<\/div>\n\t<\/div>\n<div class=\"vc_empty_space\"   style=\"height: 32px\"><span class=\"vc_empty_space_inner\"><\/span><\/div><\/div><\/div><\/div><\/div><div class=\"vc_row wpb_row vc_row-fluid gradient-container-3 vc_custom_1706180503284\"><div class=\"gradient-column-3 wpb_column vc_column_container vc_col-sm-12\"><div class=\"vc_column-inner\"><div class=\"wpb_wrapper\"><div class=\"vc_empty_space\"   style=\"height: 32px\"><span class=\"vc_empty_space_inner\"><\/span><\/div><div class=\"norebro-heading-sc heading text-center\"\n\tid=\"norebro-custom-69f678a353f6e\" \n\t \n\t>\n\t\n\t\n\t\n\t<h3 class=\"title\">\n\t\tLifestyle Gallery\t<\/h3>\n\n\t\n\t\t\t<p class=\"subtitle\">\n\t\t\t\t\t<\/p>\n\t\t\n<\/div><div class=\"vc_empty_space\"   style=\"height: 32px\"><span class=\"vc_empty_space_inner\"><\/span><\/div><div class=\"vc_separator wpb_content_element vc_separator_align_center vc_sep_width_100 vc_sep_pos_align_center vc_separator_no_text vc_sep_color_grey wpb_content_element  wpb_content_element\" ><span class=\"vc_sep_holder vc_sep_holder_l\"><span class=\"vc_sep_line\"><\/span><\/span><span class=\"vc_sep_holder vc_sep_holder_r\"><span class=\"vc_sep_line\"><\/span><\/span>\n<\/div><div class=\"vc_empty_space\"   style=\"height: 32px\"><span class=\"vc_empty_space_inner\"><\/span><\/div><div class=\"norebro-gallery-sc gallery-wrap\"\n\tid=\"norebro-custom-images-69f678a356729\"\n\tdata-gallery=\"norebro-custom-69f678a356728\"\n\t\t>\n\n\t\n\t<div class=\"vc_row\" data-lazy-container=\"gallery\">\n\n\t\t\t<div class=\" vc_col-lg-3 vc_col-md-3 vc_col-sm-6 vc_col-xs-12 metro-style masonry-block grid-item gallery-image\" data-gallery-item=\"0\" data-lazy-item=\"\" data-lazy-scope=\"gallery\">\n\t\t<div class=\"wrap\">\n\t\t\t\t\t\t\t<div class=\"tmp-image metro-image\" data-norebro-bg-image=\"https:\/\/www.planet-knox.com\/wp-content\/uploads\/2023\/02\/KNXWalkerMK2_6-2.jpg\"><\/div>\n\t\t\t\t<img decoding=\"async\" class=\"gimg metro-image-hidden\" src=\"https:\/\/www.planet-knox.com\/wp-content\/uploads\/2023\/02\/KNXWalkerMK2_6-2.jpg\" alt=\"\">\n\t\t\t\t\t\t<div class=\"overlay hidden\">\n\t\t\t\t<div class=\"content-center text-center\">\n\t\t\t\t\t<div class=\"wrap\">\n\t\t\t\t\t\t<h4 class=\"inline\">\n\t\t\t\t\t\t\t\t\t\t\t\t\tView Fullscreen\t\t\t\t\t\t\t\t\t\t\t\t<\/h4>\n\t\t\t\t\t\t<div class=\"icon inline ion-ios-plus-empty\"><\/div>\n\t\t\t\t\t<\/div>\n\t\t\t\t<\/div>\n\t\t\t<\/div>\n\t\t\t<div class=\"gallery-description\">\n\t\t\t\t<h3 class=\"title\">KNXWalkerMK2_6<\/h3>\n\t\t\t\t<p class=\"subtitle small\">\n\t\t\t\t\t\t\t\t\t<\/p>\n\t\t\t<\/div>\n\t\t<\/div>\n\t<\/div>\n\t\t\t<div class=\" vc_col-lg-3 vc_col-md-3 vc_col-sm-6 vc_col-xs-12 metro-style masonry-block grid-item gallery-image\" data-gallery-item=\"1\" data-lazy-item=\"\" data-lazy-scope=\"gallery\">\n\t\t<div class=\"wrap\">\n\t\t\t\t\t\t\t<div class=\"tmp-image metro-image\" data-norebro-bg-image=\"https:\/\/www.planet-knox.com\/wp-content\/uploads\/2023\/02\/KNXWalkerMK2_19.jpg\"><\/div>\n\t\t\t\t<img decoding=\"async\" class=\"gimg metro-image-hidden\" src=\"https:\/\/www.planet-knox.com\/wp-content\/uploads\/2023\/02\/KNXWalkerMK2_19.jpg\" alt=\"\">\n\t\t\t\t\t\t<div class=\"overlay hidden\">\n\t\t\t\t<div class=\"content-center text-center\">\n\t\t\t\t\t<div class=\"wrap\">\n\t\t\t\t\t\t<h4 class=\"inline\">\n\t\t\t\t\t\t\t\t\t\t\t\t\tView Fullscreen\t\t\t\t\t\t\t\t\t\t\t\t<\/h4>\n\t\t\t\t\t\t<div class=\"icon inline ion-ios-plus-empty\"><\/div>\n\t\t\t\t\t<\/div>\n\t\t\t\t<\/div>\n\t\t\t<\/div>\n\t\t\t<div class=\"gallery-description\">\n\t\t\t\t<h3 class=\"title\">KNXWalkerMK2_19<\/h3>\n\t\t\t\t<p class=\"subtitle small\">\n\t\t\t\t\t\t\t\t\t<\/p>\n\t\t\t<\/div>\n\t\t<\/div>\n\t<\/div>\n\t\t\t<div class=\" vc_col-lg-3 vc_col-md-3 vc_col-sm-6 vc_col-xs-12 metro-style masonry-block grid-item gallery-image\" data-gallery-item=\"2\" data-lazy-item=\"\" data-lazy-scope=\"gallery\">\n\t\t<div class=\"wrap\">\n\t\t\t\t\t\t\t<div class=\"tmp-image metro-image\" data-norebro-bg-image=\"https:\/\/www.planet-knox.com\/wp-content\/uploads\/2023\/02\/KNXWalkerMK2_20.jpg\"><\/div>\n\t\t\t\t<img decoding=\"async\" class=\"gimg metro-image-hidden\" src=\"https:\/\/www.planet-knox.com\/wp-content\/uploads\/2023\/02\/KNXWalkerMK2_20.jpg\" alt=\"\">\n\t\t\t\t\t\t<div class=\"overlay hidden\">\n\t\t\t\t<div class=\"content-center text-center\">\n\t\t\t\t\t<div class=\"wrap\">\n\t\t\t\t\t\t<h4 class=\"inline\">\n\t\t\t\t\t\t\t\t\t\t\t\t\tView Fullscreen\t\t\t\t\t\t\t\t\t\t\t\t<\/h4>\n\t\t\t\t\t\t<div class=\"icon inline ion-ios-plus-empty\"><\/div>\n\t\t\t\t\t<\/div>\n\t\t\t\t<\/div>\n\t\t\t<\/div>\n\t\t\t<div class=\"gallery-description\">\n\t\t\t\t<h3 class=\"title\">KNXWalkerMK2_20<\/h3>\n\t\t\t\t<p class=\"subtitle small\">\n\t\t\t\t\t\t\t\t\t<\/p>\n\t\t\t<\/div>\n\t\t<\/div>\n\t<\/div>\n\t\t\t<div class=\" vc_col-lg-3 vc_col-md-3 vc_col-sm-6 vc_col-xs-12 metro-style masonry-block grid-item gallery-image\" data-gallery-item=\"3\" data-lazy-item=\"\" data-lazy-scope=\"gallery\">\n\t\t<div class=\"wrap\">\n\t\t\t\t\t\t\t<div class=\"tmp-image metro-image\" data-norebro-bg-image=\"https:\/\/www.planet-knox.com\/wp-content\/uploads\/2023\/02\/KNXWalkerMK2_26.jpg\"><\/div>\n\t\t\t\t<img decoding=\"async\" class=\"gimg metro-image-hidden\" src=\"https:\/\/www.planet-knox.com\/wp-content\/uploads\/2023\/02\/KNXWalkerMK2_26.jpg\" alt=\"\">\n\t\t\t\t\t\t<div class=\"overlay hidden\">\n\t\t\t\t<div class=\"content-center text-center\">\n\t\t\t\t\t<div class=\"wrap\">\n\t\t\t\t\t\t<h4 class=\"inline\">\n\t\t\t\t\t\t\t\t\t\t\t\t\tView Fullscreen\t\t\t\t\t\t\t\t\t\t\t\t<\/h4>\n\t\t\t\t\t\t<div class=\"icon inline ion-ios-plus-empty\"><\/div>\n\t\t\t\t\t<\/div>\n\t\t\t\t<\/div>\n\t\t\t<\/div>\n\t\t\t<div class=\"gallery-description\">\n\t\t\t\t<h3 class=\"title\">KNXWalkerMK2_26<\/h3>\n\t\t\t\t<p class=\"subtitle small\">\n\t\t\t\t\t\t\t\t\t<\/p>\n\t\t\t<\/div>\n\t\t<\/div>\n\t<\/div>\n\t\t\t<div class=\" vc_col-lg-3 vc_col-md-3 vc_col-sm-6 vc_col-xs-12 metro-style masonry-block grid-item gallery-image\" data-gallery-item=\"4\" data-lazy-item=\"\" data-lazy-scope=\"gallery\">\n\t\t<div class=\"wrap\">\n\t\t\t\t\t\t\t<div class=\"tmp-image metro-image\" data-norebro-bg-image=\"https:\/\/www.planet-knox.com\/wp-content\/uploads\/2023\/02\/KNXWalkerMK2_33.jpg\"><\/div>\n\t\t\t\t<img decoding=\"async\" class=\"gimg metro-image-hidden\" src=\"https:\/\/www.planet-knox.com\/wp-content\/uploads\/2023\/02\/KNXWalkerMK2_33.jpg\" alt=\"\">\n\t\t\t\t\t\t<div class=\"overlay hidden\">\n\t\t\t\t<div class=\"content-center text-center\">\n\t\t\t\t\t<div class=\"wrap\">\n\t\t\t\t\t\t<h4 class=\"inline\">\n\t\t\t\t\t\t\t\t\t\t\t\t\tView Fullscreen\t\t\t\t\t\t\t\t\t\t\t\t<\/h4>\n\t\t\t\t\t\t<div class=\"icon inline ion-ios-plus-empty\"><\/div>\n\t\t\t\t\t<\/div>\n\t\t\t\t<\/div>\n\t\t\t<\/div>\n\t\t\t<div class=\"gallery-description\">\n\t\t\t\t<h3 class=\"title\">KNXWalkerMK2_33<\/h3>\n\t\t\t\t<p class=\"subtitle small\">\n\t\t\t\t\t\t\t\t\t<\/p>\n\t\t\t<\/div>\n\t\t<\/div>\n\t<\/div>\n\t\t\t<div class=\" vc_col-lg-3 vc_col-md-3 vc_col-sm-6 vc_col-xs-12 metro-style masonry-block grid-item gallery-image\" data-gallery-item=\"5\" data-lazy-item=\"\" data-lazy-scope=\"gallery\">\n\t\t<div class=\"wrap\">\n\t\t\t\t\t\t\t<div class=\"tmp-image metro-image\" data-norebro-bg-image=\"https:\/\/www.planet-knox.com\/wp-content\/uploads\/2023\/02\/KNXWalkerMK2_7-2.jpg\"><\/div>\n\t\t\t\t<img decoding=\"async\" class=\"gimg metro-image-hidden\" src=\"https:\/\/www.planet-knox.com\/wp-content\/uploads\/2023\/02\/KNXWalkerMK2_7-2.jpg\" alt=\"\">\n\t\t\t\t\t\t<div class=\"overlay hidden\">\n\t\t\t\t<div class=\"content-center text-center\">\n\t\t\t\t\t<div class=\"wrap\">\n\t\t\t\t\t\t<h4 class=\"inline\">\n\t\t\t\t\t\t\t\t\t\t\t\t\tView Fullscreen\t\t\t\t\t\t\t\t\t\t\t\t<\/h4>\n\t\t\t\t\t\t<div class=\"icon inline ion-ios-plus-empty\"><\/div>\n\t\t\t\t\t<\/div>\n\t\t\t\t<\/div>\n\t\t\t<\/div>\n\t\t\t<div class=\"gallery-description\">\n\t\t\t\t<h3 class=\"title\">KNXWalkerMK2_7<\/h3>\n\t\t\t\t<p class=\"subtitle small\">\n\t\t\t\t\t\t\t\t\t<\/p>\n\t\t\t<\/div>\n\t\t<\/div>\n\t<\/div>\n\t\t\t<div class=\" vc_col-lg-3 vc_col-md-3 vc_col-sm-6 vc_col-xs-12 metro-style masonry-block grid-item gallery-image\" data-gallery-item=\"6\" data-lazy-item=\"\" data-lazy-scope=\"gallery\">\n\t\t<div class=\"wrap\">\n\t\t\t\t\t\t\t<div class=\"tmp-image metro-image\" data-norebro-bg-image=\"https:\/\/www.planet-knox.com\/wp-content\/uploads\/2023\/02\/KNXWelbeckMK2_31.jpg\"><\/div>\n\t\t\t\t<img decoding=\"async\" class=\"gimg metro-image-hidden\" src=\"https:\/\/www.planet-knox.com\/wp-content\/uploads\/2023\/02\/KNXWelbeckMK2_31.jpg\" alt=\"\">\n\t\t\t\t\t\t<div class=\"overlay hidden\">\n\t\t\t\t<div class=\"content-center text-center\">\n\t\t\t\t\t<div class=\"wrap\">\n\t\t\t\t\t\t<h4 class=\"inline\">\n\t\t\t\t\t\t\t\t\t\t\t\t\tView Fullscreen\t\t\t\t\t\t\t\t\t\t\t\t<\/h4>\n\t\t\t\t\t\t<div class=\"icon inline ion-ios-plus-empty\"><\/div>\n\t\t\t\t\t<\/div>\n\t\t\t\t<\/div>\n\t\t\t<\/div>\n\t\t\t<div class=\"gallery-description\">\n\t\t\t\t<h3 class=\"title\">KNXWelbeckMK2_31<\/h3>\n\t\t\t\t<p class=\"subtitle small\">\n\t\t\t\t\t\t\t\t\t<\/p>\n\t\t\t<\/div>\n\t\t<\/div>\n\t<\/div>\n\t\t\t<div class=\" vc_col-lg-3 vc_col-md-3 vc_col-sm-6 vc_col-xs-12 metro-style masonry-block grid-item gallery-image\" data-gallery-item=\"7\" data-lazy-item=\"\" data-lazy-scope=\"gallery\">\n\t\t<div class=\"wrap\">\n\t\t\t\t\t\t\t<div class=\"tmp-image metro-image\" data-norebro-bg-image=\"https:\/\/www.planet-knox.com\/wp-content\/uploads\/2023\/02\/KNXWelbeckMK2_29.jpg\"><\/div>\n\t\t\t\t<img decoding=\"async\" class=\"gimg metro-image-hidden\" src=\"https:\/\/www.planet-knox.com\/wp-content\/uploads\/2023\/02\/KNXWelbeckMK2_29.jpg\" alt=\"\">\n\t\t\t\t\t\t<div class=\"overlay hidden\">\n\t\t\t\t<div class=\"content-center text-center\">\n\t\t\t\t\t<div class=\"wrap\">\n\t\t\t\t\t\t<h4 class=\"inline\">\n\t\t\t\t\t\t\t\t\t\t\t\t\tView Fullscreen\t\t\t\t\t\t\t\t\t\t\t\t<\/h4>\n\t\t\t\t\t\t<div class=\"icon inline ion-ios-plus-empty\"><\/div>\n\t\t\t\t\t<\/div>\n\t\t\t\t<\/div>\n\t\t\t<\/div>\n\t\t\t<div class=\"gallery-description\">\n\t\t\t\t<h3 class=\"title\">KNXWelbeckMK2_29<\/h3>\n\t\t\t\t<p class=\"subtitle small\">\n\t\t\t\t\t\t\t\t\t<\/p>\n\t\t\t<\/div>\n\t\t<\/div>\n\t<\/div>\n\t\t<div class=\"clear\"><\/div>\n\n\t<\/div>\n\n\t\n<\/div>\n\n<div class=\"norebro-gallery-opened-sc custom-gallery\"\n\tid=\"norebro-custom-69f678a356728\"\n\tdata-options='{\"navClass\":\"\"}'>\n\n\t<div class=\"expand\">\n\t\t<span class=\"ion-android-expand\"><\/span>\n\t<\/div>\n\t<div class=\"close\">\n\t\t<span class=\"ion-ios-close-empty\"><\/span>\n\t<\/div>\n\n<\/div>\n<div class=\"vc_empty_space\"   style=\"height: 32px\"><span class=\"vc_empty_space_inner\"><\/span><\/div><\/div><\/div><\/div><\/div><div id=\"sizeguide\" class=\"vc_row wpb_row vc_row-fluid gradient-container-4\"><div class=\"gradient-column-4 wpb_column vc_column_container vc_col-sm-12\"><div class=\"vc_column-inner\"><div class=\"wpb_wrapper\"><div class=\"vc_empty_space\"   style=\"height: 32px\"><span class=\"vc_empty_space_inner\"><\/span><\/div><div class=\"norebro-heading-sc heading text-center\"\n\tid=\"norebro-custom-69f678a356d9d\" \n\t \n\t>\n\t\n\t\n\t\n\t<h3 class=\"title\">\n\t\tSize Guide\t<\/h3>\n\n\t\n\t\t\t<p class=\"subtitle\">\n\t\t\tNeed help? Use Live chat or email us at: <a href=\"mailto:sales@planet-knox.com\">sales@planet-knox.com<\/a>\t\t<\/p>\n\t\t\n<\/div><div class=\"vc_empty_space\"   style=\"height: 32px\"><span class=\"vc_empty_space_inner\"><\/span><\/div><div class=\"vc_separator wpb_content_element vc_separator_align_center vc_sep_width_100 vc_sep_pos_align_center vc_separator_no_text vc_sep_color_grey wpb_content_element  wpb_content_element\" ><span class=\"vc_sep_holder vc_sep_holder_l\"><span class=\"vc_sep_line\"><\/span><\/span><span class=\"vc_sep_holder vc_sep_holder_r\"><span class=\"vc_sep_line\"><\/span><\/span>\n<\/div><div class=\"vc_empty_space\"   style=\"height: 32px\"><span class=\"vc_empty_space_inner\"><\/span><\/div>\n\t<div  class=\"wpb_single_image wpb_content_element vc_align_center wpb_content_element\">\n\t\t\n\t\t<figure class=\"wpb_wrapper vc_figure\">\n\t\t\t<div class=\"vc_single_image-wrapper   vc_box_border_grey\"><img decoding=\"async\" width=\"100\" height=\"351\" src=\"https:\/\/www.planet-knox.com\/wp-content\/uploads\/2020\/01\/mens-trousers.png\" class=\"vc_single_image-img attachment-full\" alt=\"\" title=\"mens-trousers\" srcset=\"https:\/\/www.planet-knox.com\/wp-content\/uploads\/2020\/01\/mens-trousers.png 100w, https:\/\/www.planet-knox.com\/wp-content\/uploads\/2020\/01\/mens-trousers-3x12.png 3w\" sizes=\"(max-width: 100px) 100vw, 100px\" \/><\/div>\n\t\t<\/figure>\n\t<\/div>\n<div class=\"norebro-text-sc \" \n\tid=\"norebro-custom-69f678a3573b0\" \n\t \n\t>\n\n\t<p style=\"text-align: center;\"><strong>Waist:<\/strong> To work out your size, measure your waist in the position your trousers usually sit. As a guide this is roughly 5-6cm below your belly button. Once you have this measure, minus 2 inches from it to get your trouser size.<\/p>\n<p style=\"text-align: center;\"><strong>Inside Leg:<\/strong> Measure from the top of your inside leg down to your ankle. You should do this whilst standing to get a more accurate measure. We have 2 leg lengths for men, 33\u2033 (Regular) and 30\u2033 (Short Leg).<\/p>\n<p style=\"text-align: center;\"><strong>Please note:<\/strong> The measurements given are body measures and we recommend you do not measure over clothing.<\/p>\n\t\n<\/div><div class=\"vc_row wpb_row vc_inner vc_row-fluid sizeguidehelpcolumn vc_row-o-content-middle vc_row-flex\"><div class=\"wpb_column vc_column_container vc_col-sm-6\"><div class=\"vc_column-inner\"><div class=\"wpb_wrapper\"><\/div><\/div><\/div><div class=\"wpb_column vc_column_container vc_col-sm-6\"><div class=\"vc_column-inner\"><div class=\"wpb_wrapper\"><\/div><\/div><\/div><\/div><div class=\"vc_row wpb_row vc_inner vc_row-fluid vc_row-o-content-middle vc_row-flex\"><div class=\"wpb_column vc_column_container vc_col-sm-12\"><div class=\"vc_column-inner\"><div class=\"wpb_wrapper\">\n\t<div class=\"wpb_raw_code wpb_raw_html wpb_content_element\" >\n\t\t<div class=\"wpb_wrapper\">\n\t\t\t<table class=\"knoxtable menstrousers\" cellspacing=\"0\" cellpadding=\"0\" width=\"100%\">\n  <tr>\n    <th>Men's UK Size<\/th>\n    <th>Waist (inches)<\/th>\n    <th>Waist (cm)<\/th>\n  <\/tr>\n  <tr>\n    <td>S<\/td>\n    <td>30<\/td>\n    <td>76<\/td>\n  <\/tr>\n  <tr>\n    <td>M<\/td>\n    <td>32<\/td>\n    <td>81<\/td>\n  <\/tr>\n  <tr>\n    <td>L<\/td>\n    <td>34<\/td>\n    <td>87<\/td>\n  <\/tr>\n  <tr>\n    <td>XL<\/td>\n    <td>36<\/td>\n    <td>92<\/td>\n  <\/tr>\n  <tr>\n    <td>2XL<\/td>\n    <td>38<\/td>\n    <td>97<\/td>\n  <\/tr>\n  <tr>\n    <td>3XL<\/td>\n    <td>40<\/td>\n    <td>102<\/td>\n  <\/tr>\n  <tr>\n    <td>4XL<\/td>\n    <td>42<\/td>\n    <td>107<\/td>\n  <\/tr>\n  <tr>\n    <td>5XL<\/td>\n    <td>44<\/td>\n    <td>112<\/td>\n  <\/tr>\n<\/table>\n\t\t<\/div>\n\t<\/div>\n<\/div><\/div><\/div><\/div><div class=\"vc_empty_space\"   style=\"height: 64px\"><span class=\"vc_empty_space_inner\"><\/span><\/div><div class=\"vc_empty_space\"   style=\"height: 64px\"><span class=\"vc_empty_space_inner\"><\/span><\/div><\/div><\/div><\/div><\/div>\n<\/div>","protected":false},"excerpt":{"rendered":"<p>Le nouveau pantalon unisexe Walker MK2 Waterproof a \u00e9t\u00e9 red\u00e9coup\u00e9 pour une meilleure coupe et les performances ont \u00e9t\u00e9 am\u00e9lior\u00e9es par 50%, afin que les cyclistes puissent affronter les conditions m\u00e9t\u00e9orologiques les plus rudes. Il s'agit d'un pantalon monocouche, enti\u00e8rement scell\u00e9 par des coutures et dot\u00e9 d'une taille \u00e9lastiqu\u00e9e, con\u00e7u pour \u00eatre port\u00e9 par-dessus d'autres pantalons Knox afin de constituer un ensemble \u00e9tanche dans le cadre de la collection Seasonless. Le tissu tri-lamin\u00e9 de base a \u00e9t\u00e9 repens\u00e9 pour inclure une membrane imperm\u00e9able 15k avec des panneaux r\u00e9fl\u00e9chissants, ce qui am\u00e9liore les performances, la durabilit\u00e9 et la visibilit\u00e9. Pantalon imperm\u00e9able durable et l\u00e9ger.<\/p>","protected":false},"featured_media":226816,"comment_status":"open","ping_status":"closed","template":"","meta":{"_acf_changed":false,"inline_featured_image":false},"product_brand":[],"product_cat":[2687,2683,533,773,571,567,2689,634,2691,777,613,608,2693],"product_tag":[],"class_list":{"0":"post-193387","1":"product","2":"type-product","3":"status-publish","4":"has-post-thumbnail","6":"product_cat-all-products","7":"product_cat-sale","8":"product_cat-mens-motorcycle-jackets","9":"product_cat-mens-waterproof-trousers","10":"product_cat-mens-motorcycle-trousers","11":"product_cat-mens-textile-trousers","12":"product_cat-mid-layers","13":"product_cat-trousers","14":"product_cat-uncategorised","15":"product_cat-womens-waterproof-trousers","16":"product_cat-womens-motorcycle-trousers","17":"product_cat-womens-motorcycle-jackets","18":"product_cat-zerostock","19":"pa_easproj_hs6p_received-2787","20":"pa_easproj_originating_country-pk","21":"pa_size-2xl","22":"pa_size-3xl","23":"pa_size-l","24":"pa_size-m","25":"pa_size-s","26":"pa_size-xl","28":"first","29":"instock","30":"sale","31":"taxable","32":"shipping-taxable","33":"purchasable","34":"product-type-variable","35":"has-default-attributes"},"acf":[],"aioseo_notices":[],"gallery_images":[226827,226819,197171,226817,226820,226821,226822,226818,226825,226826,226828,226831,226830,226829,226832,226843,226844,226834,226835,226836,226837,226838,226839,226840,226833,226841,226842],"_links":{"self":[{"href":"https:\/\/www.planet-knox.com\/fr\/wp-json\/wp\/v2\/product\/193387","targetHints":{"allow":["GET"]}}],"collection":[{"href":"https:\/\/www.planet-knox.com\/fr\/wp-json\/wp\/v2\/product"}],"about":[{"href":"https:\/\/www.planet-knox.com\/fr\/wp-json\/wp\/v2\/types\/product"}],"replies":[{"embeddable":true,"href":"https:\/\/www.planet-knox.com\/fr\/wp-json\/wp\/v2\/comments?post=193387"}],"wp:featuredmedia":[{"embeddable":true,"href":"https:\/\/www.planet-knox.com\/fr\/wp-json\/wp\/v2\/media\/226816"}],"wp:attachment":[{"href":"https:\/\/www.planet-knox.com\/fr\/wp-json\/wp\/v2\/media?parent=193387"}],"wp:term":[{"taxonomy":"product_brand","embeddable":true,"href":"https:\/\/www.planet-knox.com\/fr\/wp-json\/wp\/v2\/product_brand?post=193387"},{"taxonomy":"product_cat","embeddable":true,"href":"https:\/\/www.planet-knox.com\/fr\/wp-json\/wp\/v2\/product_cat?post=193387"},{"taxonomy":"product_tag","embeddable":true,"href":"https:\/\/www.planet-knox.com\/fr\/wp-json\/wp\/v2\/product_tag?post=193387"}],"curies":[{"name":"wp","href":"https:\/\/api.w.org\/{rel}","templated":true}]}}