{"id":168827,"date":"2022-01-19T08:55:35","date_gmt":"2022-01-19T08:55:35","guid":{"rendered":"https:\/\/www.planet-knox.com\/?post_type=product&#038;p=168827"},"modified":"2026-04-13T10:34:16","modified_gmt":"2026-04-13T10:34:16","slug":"neck-tube","status":"publish","type":"product","link":"https:\/\/www.planet-knox.com\/fr\/produit\/neck-tube\/","title":{"rendered":"Tube de cou"},"content":{"rendered":"","protected":false},"excerpt":{"rendered":"<p>Couverture maximale contre le vent pour le visage, le cou, les \u00e9paules, la poitrine et le haut du dos.<\/p>\n<p>Il se pose \u00e0 plat lorsqu'on enfile une veste, ce qui le rend facile \u00e0 utiliser et permet d'\u00e9viter les courants d'air lors des journ\u00e9es les plus froides.<\/p>\n<p>La polaire velout\u00e9e chaude, douce et luxueuse autour du cou permet d'\u00e9viter les courants d'air.<\/p>","protected":false},"featured_media":168829,"comment_status":"open","ping_status":"closed","template":"","meta":{"_acf_changed":false,"inline_featured_image":false},"product_brand":[],"product_cat":[585,536,2681,785,653,628,624,626],"product_tag":[517,518],"class_list":{"0":"post-168827","1":"product","2":"type-product","3":"status-publish","4":"has-post-thumbnail","6":"product_cat-mens-accessories","7":"product_cat-mens-mid-layers","8":"product_cat-stocking-fillers","9":"product_cat-windproof-accessories","10":"product_cat-women","11":"product_cat-womens-accessories","12":"product_cat-womens-mid-layer-accessories","13":"product_cat-womens-mid-layers","14":"product_tag-men","15":"product_tag-women","16":"pa_country-of-origin-cn","17":"pa_easproj_hs6p_received-2812","18":"pa_easproj_originating_country-cn","19":"pa_hs-code-2984","20":"pa_product-composition-main-body-1-94-polyester-6-spandex-backed-in-100-polyester-fleece-trim-1-87-polyester-13-spandex","21":"pa_size-l","22":"pa_size-s","24":"first","25":"instock","26":"taxable","27":"shipping-taxable","28":"purchasable","29":"product-type-simple"},"acf":[],"aioseo_notices":[],"gallery_images":[168843,168831,168833,168835,168847,168851,168849,168845,168837],"_links":{"self":[{"href":"https:\/\/www.planet-knox.com\/fr\/wp-json\/wp\/v2\/product\/168827","targetHints":{"allow":["GET"]}}],"collection":[{"href":"https:\/\/www.planet-knox.com\/fr\/wp-json\/wp\/v2\/product"}],"about":[{"href":"https:\/\/www.planet-knox.com\/fr\/wp-json\/wp\/v2\/types\/product"}],"replies":[{"embeddable":true,"href":"https:\/\/www.planet-knox.com\/fr\/wp-json\/wp\/v2\/comments?post=168827"}],"wp:featuredmedia":[{"embeddable":true,"href":"https:\/\/www.planet-knox.com\/fr\/wp-json\/wp\/v2\/media\/168829"}],"wp:attachment":[{"href":"https:\/\/www.planet-knox.com\/fr\/wp-json\/wp\/v2\/media?parent=168827"}],"wp:term":[{"taxonomy":"product_brand","embeddable":true,"href":"https:\/\/www.planet-knox.com\/fr\/wp-json\/wp\/v2\/product_brand?post=168827"},{"taxonomy":"product_cat","embeddable":true,"href":"https:\/\/www.planet-knox.com\/fr\/wp-json\/wp\/v2\/product_cat?post=168827"},{"taxonomy":"product_tag","embeddable":true,"href":"https:\/\/www.planet-knox.com\/fr\/wp-json\/wp\/v2\/product_tag?post=168827"}],"curies":[{"name":"wp","href":"https:\/\/api.w.org\/{rel}","templated":true}]}}