{"id":167405,"date":"2022-01-12T10:21:04","date_gmt":"2022-01-12T10:21:04","guid":{"rendered":"https:\/\/www.planet-knox.com\/?post_type=product&#038;p=167405"},"modified":"2026-04-28T23:10:03","modified_gmt":"2026-04-28T23:10:03","slug":"action-pro-knee-guard","status":"publish","type":"product","link":"https:\/\/www.planet-knox.com\/fr\/produit\/action-pro-knee-guard\/","title":{"rendered":"Action Pro Knee Guard"},"content":{"rendered":"<div class=\"wpb-content-wrapper\"><div id=\"gallery\" class=\"vc_row wpb_row vc_row-fluid gradient-container-1 vc_custom_1706180503284\"><div class=\"gradient-column-1 wpb_column vc_column_container vc_col-sm-12\"><div class=\"vc_column-inner\"><div class=\"wpb_wrapper\"><div class=\"vc_empty_space\"   style=\"height: 32px\"><span class=\"vc_empty_space_inner\"><\/span><\/div><div class=\"norebro-heading-sc heading text-center\"\n\tid=\"norebro-custom-69f5010d858eb\" \n\t \n\t>\n\t\n\t\n\t\n\t<h3 class=\"title\">\n\t\tPromotional Video\t<\/h3>\n\n\t\n\t\t\t<p class=\"subtitle\">\n\t\t\t\t\t<\/p>\n\t\t\n<\/div><div class=\"vc_empty_space\"   style=\"height: 32px\"><span class=\"vc_empty_space_inner\"><\/span><\/div><div class=\"vc_separator wpb_content_element vc_separator_align_center vc_sep_width_100 vc_sep_pos_align_center vc_separator_no_text vc_sep_color_grey wpb_content_element  wpb_content_element\" ><span class=\"vc_sep_holder vc_sep_holder_l\"><span class=\"vc_sep_line\"><\/span><\/span><span class=\"vc_sep_holder vc_sep_holder_r\"><span class=\"vc_sep_line\"><\/span><\/span>\n<\/div><div class=\"vc_empty_space\"   style=\"height: 32px\"><span class=\"vc_empty_space_inner\"><\/span><\/div><div class=\"vc_empty_space\"   style=\"height: 32px\"><span class=\"vc_empty_space_inner\"><\/span><\/div><\/div><\/div><\/div><\/div><div class=\"vc_row wpb_row vc_row-fluid gradient-container-2\"><div class=\"gradient-column-2 wpb_column vc_column_container vc_col-sm-12\"><div class=\"vc_column-inner\"><div class=\"wpb_wrapper\"><div class=\"vc_empty_space\"   style=\"height: 32px\"><span class=\"vc_empty_space_inner\"><\/span><\/div><div class=\"norebro-heading-sc heading text-center\"\n\tid=\"norebro-custom-69f5010d8610a\" \n\t \n\t>\n\t\n\t\n\t\n\t<h3 class=\"title\">\n\t\tProduct Features\t<\/h3>\n\n\t\n\t\t\t<p class=\"subtitle\">\n\t\t\tNeed help? Use Live chat or email us at: <a href=\"mailto:sales@planet-knox.com\">sales@planet-knox.com<\/a>\t\t<\/p>\n\t\t\n<\/div><div class=\"vc_empty_space\"   style=\"height: 32px\"><span class=\"vc_empty_space_inner\"><\/span><\/div><div class=\"vc_separator wpb_content_element vc_separator_align_center vc_sep_width_100 vc_sep_pos_align_center vc_separator_no_text vc_sep_color_grey wpb_content_element  wpb_content_element\" ><span class=\"vc_sep_holder vc_sep_holder_l\"><span class=\"vc_sep_line\"><\/span><\/span><span class=\"vc_sep_holder vc_sep_holder_r\"><span class=\"vc_sep_line\"><\/span><\/span>\n<\/div><div class=\"vc_empty_space\"   style=\"height: 32px\"><span class=\"vc_empty_space_inner\"><\/span><\/div>\n\t\t\t\t<p class=\"rs-p-wp-fix\"><\/p>\n\t\t\t\t<sr7-module data-alias=\"action-pro-elbow-guards-1\" data-id=\"1156\" id=\"SR7_1156_1\" class=\"rs-respect-topbar rs-ov-hidden\" data-version=\"6.7.51\">\n\t\t\t\t\t<sr7-adjuster><\/sr7-adjuster>\n\t\t\t\t\t<sr7-content>\n\t\t\t\t\t\t<sr7-slide id=\"SR7_1156_1-1189\" data-key=\"1189\">\n\t\t\t\t\t\t\t<sr7-txt id=\"SR7_1156_1-1189-1\" class=\"sr7-layer\">Made from sustainable Sorona\u00ae Agile fabric from Dupont<\/sr7-txt>\n\t\t\t\t\t\t\t<sr7-txt id=\"SR7_1156_1-1189-3\" class=\"sr7-layer\">Soft and subtle Knox branded elastic with soft silicone grip<\/sr7-txt>\n\t\t\t\t\t\t\t<sr7-txt id=\"SR7_1156_1-1189-4\" class=\"sr7-layer\">CE Approved low profile and comfortable Micro-Lock Compact elbow armour<\/sr7-txt>\n\t\t\t\t\t\t\t<sr7-txt id=\"SR7_1156_1-1189-7\" class=\"sr7-layer\">Made from sustainable Sorona\u00ae Agile fabric from Dupont<\/sr7-txt>\n\t\t\t\t\t\t\t<sr7-txt id=\"SR7_1156_1-1189-14\" class=\"sr7-layer\">Soft and subtle Knox branded elastic with soft silicone grip<\/sr7-txt>\n\t\t\t\t\t\t\t<sr7-txt id=\"SR7_1156_1-1189-16\" class=\"sr7-layer\">CE Approved low profile Micro-Lock Compact elbow armour<\/sr7-txt>\n\t\t\t\t\t\t\t<sr7-txt id=\"SR7_1156_1-1189-19\" class=\"sr7-layer\">Hybrid stretch elbow guards suitable for all types of riding<\/sr7-txt>\n\t\t\t\t\t\t<\/sr7-slide>\n\t\t\t\t\t\t<sr7-slide id=\"SR7_1156_1-1191\" data-key=\"1191\">\n\t\t\t\t\t\t<\/sr7-slide>\n\t\t\t\t\t<\/sr7-content>\n\t\t\t\t\t<image_lists style=\"display:none\">\n\t\t\t\t\t\t<img data-src=\"\/\/www.planet-knox.com\/wp-content\/uploads\/2025\/01\/body_armour_KNXActionProKnee_4.jpg\" data-libid=\"230714\" title=\"body_armour_KNXActionProKnee_4\" width=\"0\" height=\"0\" data-dbsrc=\"Ly93d3cucGxhbmV0LWtub3guY29tL3dwLWNvbnRlbnQvdXBsb2Fkcy8yMDI1LzAxL2JvZHlfYXJtb3VyX0tOWEFjdGlvblByb0tuZWVfNC5qcGc=\"\/>\n\t\t\t\t\t\t<img data-src=\"\/\/www.planet-knox.com\/wp-content\/uploads\/2025\/01\/body_armour_KNXActionProKnee_1.jpg\" data-libid=\"230715\" title=\"body_armour_KNXActionProKnee_1\" width=\"0\" height=\"0\" data-dbsrc=\"Ly93d3cucGxhbmV0LWtub3guY29tL3dwLWNvbnRlbnQvdXBsb2Fkcy8yMDI1LzAxL2JvZHlfYXJtb3VyX0tOWEFjdGlvblByb0tuZWVfMS5qcGc=\"\/>\n\t\t\t\t\t\t<img data-src=\"\/\/www.planet-knox.com\/wp-content\/uploads\/2025\/01\/body_armour_KNXActionProKnee_3.jpg\" data-libid=\"230713\" title=\"body_armour_KNXActionProKnee_3\" width=\"0\" height=\"0\" data-dbsrc=\"Ly93d3cucGxhbmV0LWtub3guY29tL3dwLWNvbnRlbnQvdXBsb2Fkcy8yMDI1LzAxL2JvZHlfYXJtb3VyX0tOWEFjdGlvblByb0tuZWVfMy5qcGc=\"\/>\n\t\t\t\t\t\t<img data-src=\"\/\/www.planet-knox.com\/wp-content\/uploads\/2025\/01\/body_armour_KNXActionProKnee_5.jpg\" data-libid=\"230712\" title=\"body_armour_KNXActionProKnee_5\" width=\"0\" height=\"0\" data-dbsrc=\"Ly93d3cucGxhbmV0LWtub3guY29tL3dwLWNvbnRlbnQvdXBsb2Fkcy8yMDI1LzAxL2JvZHlfYXJtb3VyX0tOWEFjdGlvblByb0tuZWVfNS5qcGc=\"\/>\n\t\t\t\t\t\t<img data-src=\"\/\/www.planet-knox.com\/wp-content\/uploads\/2025\/01\/jeans_KNXColtonWomenBlue_7-1.jpg\" data-libid=\"229837\" title=\"jeans_KNXColtonWomenBlue_7\" width=\"0\" height=\"0\" data-dbsrc=\"Ly93d3cucGxhbmV0LWtub3guY29tL3dwLWNvbnRlbnQvdXBsb2Fkcy8yMDI1LzAxL2plYW5zX0tOWENvbHRvbldvbWVuQmx1ZV83LTEuanBn\"\/>\n\t\t\t\t\t\t<img data-src=\"\/\/www.planet-knox.com\/wp-content\/uploads\/2025\/01\/jeans_KNXColtonWomenBlueShort_5.jpg\" data-libid=\"229585\" title=\"jeans_KNXColtonWomenBlueShort_5\" width=\"0\" height=\"0\" data-dbsrc=\"Ly93d3cucGxhbmV0LWtub3guY29tL3dwLWNvbnRlbnQvdXBsb2Fkcy8yMDI1LzAxL2plYW5zX0tOWENvbHRvbldvbWVuQmx1ZVNob3J0XzUuanBn\"\/>\n\t\t\t\t\t\t<img data-src=\"\/\/www.planet-knox.com\/wp-content\/uploads\/2025\/01\/jeans_KNXColtonWomenBlue_2-1.jpg\" data-libid=\"229844\" title=\"jeans_KNXColtonWomenBlue_2\" width=\"0\" height=\"0\" data-dbsrc=\"Ly93d3cucGxhbmV0LWtub3guY29tL3dwLWNvbnRlbnQvdXBsb2Fkcy8yMDI1LzAxL2plYW5zX0tOWENvbHRvbldvbWVuQmx1ZV8yLTEuanBn\"\/>\n\t\t\t\t\t<\/image_lists>\n\t\t\t\t<\/sr7-module>\n\t\t\t\t<script>\n\t\t\t\t\twindow.SR7 ??={};SR7.PMH ??={}; SR7.PMH[\"SR7_1156_1\"] = {cn:100,state:false,fn: function() { if (window._tpt!==undefined && window._tpt.prepareModuleHeight !== undefined) {  _tpt.prepareModuleHeight({id:\"SR7_1156_1\",el:[900,900,900,900,480],type:'standard',shdw:'0',gh:[900,900,900,900,480],gw:[1920,1920,1920,1920,480],vpt:['-200px&#039;,&#039;-200px&#039;,&#039;-200px&#039;,&#039;-200px&#039;,&#039;-200px'],size:{fullWidth:false, fullHeight:false},mh:'0',onh:0,onw:0,bg:{color:'{\"orig\":\"transparent\",\"type\":\"solid\",\"string\":\"transparent\"}'}});   SR7.PMH[\"SR7_1156_1\"].state=true;} else if(SR7.PMH[\"SR7_1156_1\"].cn-->0)\tsetTimeout( SR7.PMH[\"SR7_1156_1\"].fn,19);}};SR7.PMH[\"SR7_1156_1\" ].fn();\n\t\t\t\t<\/script>\n<div class=\"vc_empty_space\"   style=\"height: 64px\"><span class=\"vc_empty_space_inner\"><\/span><\/div><\/div><\/div><\/div><\/div><div class=\"vc_row wpb_row vc_row-fluid gradient-container-3 vc_custom_1706180503284\"><div class=\"gradient-column-3 wpb_column vc_column_container vc_col-sm-12\"><div class=\"vc_column-inner\"><div class=\"wpb_wrapper\"><div class=\"vc_empty_space\"   style=\"height: 32px\"><span class=\"vc_empty_space_inner\"><\/span><\/div><div class=\"norebro-heading-sc heading text-center\"\n\tid=\"norebro-custom-69f5010d8ae1c\" \n\t \n\t>\n\t\n\t\n\t\n\t<h3 class=\"title\">\n\t\tLifestyle Gallery\t<\/h3>\n\n\t\n\t\t\t<p class=\"subtitle\">\n\t\t\t\t\t<\/p>\n\t\t\n<\/div><div class=\"vc_empty_space\"   style=\"height: 32px\"><span class=\"vc_empty_space_inner\"><\/span><\/div><div class=\"vc_separator wpb_content_element vc_separator_align_center vc_sep_width_100 vc_sep_pos_align_center vc_separator_no_text vc_sep_color_grey wpb_content_element  wpb_content_element\" ><span class=\"vc_sep_holder vc_sep_holder_l\"><span class=\"vc_sep_line\"><\/span><\/span><span class=\"vc_sep_holder vc_sep_holder_r\"><span class=\"vc_sep_line\"><\/span><\/span>\n<\/div><div class=\"vc_empty_space\"   style=\"height: 32px\"><span class=\"vc_empty_space_inner\"><\/span><\/div><div class=\"norebro-gallery-sc gallery-wrap\"\n\tid=\"norebro-custom-images-69f5010d8ce88\"\n\tdata-gallery=\"norebro-custom-69f5010d8ce87\"\n\t\t>\n\n\t\n\t<div class=\"vc_row\" data-lazy-container=\"gallery\">\n\n\t\t\t<div class=\" vc_col-lg-3 vc_col-md-3 vc_col-sm-6 vc_col-xs-12 metro-style masonry-block grid-item gallery-image\" data-gallery-item=\"0\" data-lazy-item=\"\" data-lazy-scope=\"gallery\">\n\t\t<div class=\"wrap\">\n\t\t\t\t\t\t\t<div class=\"tmp-image metro-image\" data-norebro-bg-image=\"https:\/\/www.planet-knox.com\/wp-content\/uploads\/2022\/01\/DSC07511-Enhanced-NR-Edit.jpg\"><\/div>\n\t\t\t\t<img decoding=\"async\" class=\"gimg metro-image-hidden\" src=\"https:\/\/www.planet-knox.com\/wp-content\/uploads\/2022\/01\/DSC07511-Enhanced-NR-Edit.jpg\" alt=\"\">\n\t\t\t\t\t\t<div class=\"overlay hidden\">\n\t\t\t\t<div class=\"content-center text-center\">\n\t\t\t\t\t<div class=\"wrap\">\n\t\t\t\t\t\t<h4 class=\"inline\">\n\t\t\t\t\t\t\t\t\t\t\t\t\tView Fullscreen\t\t\t\t\t\t\t\t\t\t\t\t<\/h4>\n\t\t\t\t\t\t<div class=\"icon inline ion-ios-plus-empty\"><\/div>\n\t\t\t\t\t<\/div>\n\t\t\t\t<\/div>\n\t\t\t<\/div>\n\t\t\t<div class=\"gallery-description\">\n\t\t\t\t<h3 class=\"title\">DSC07511-Enhanced-NR-Edit<\/h3>\n\t\t\t\t<p class=\"subtitle small\">\n\t\t\t\t\t\t\t\t\t<\/p>\n\t\t\t<\/div>\n\t\t<\/div>\n\t<\/div>\n\t\t\t<div class=\" vc_col-lg-3 vc_col-md-3 vc_col-sm-6 vc_col-xs-12 metro-style masonry-block grid-item gallery-image\" data-gallery-item=\"1\" data-lazy-item=\"\" data-lazy-scope=\"gallery\">\n\t\t<div class=\"wrap\">\n\t\t\t\t\t\t\t<div class=\"tmp-image metro-image\" data-norebro-bg-image=\"https:\/\/www.planet-knox.com\/wp-content\/uploads\/2022\/01\/DSC07609.jpg\"><\/div>\n\t\t\t\t<img decoding=\"async\" class=\"gimg metro-image-hidden\" src=\"https:\/\/www.planet-knox.com\/wp-content\/uploads\/2022\/01\/DSC07609.jpg\" alt=\"\">\n\t\t\t\t\t\t<div class=\"overlay hidden\">\n\t\t\t\t<div class=\"content-center text-center\">\n\t\t\t\t\t<div class=\"wrap\">\n\t\t\t\t\t\t<h4 class=\"inline\">\n\t\t\t\t\t\t\t\t\t\t\t\t\tView Fullscreen\t\t\t\t\t\t\t\t\t\t\t\t<\/h4>\n\t\t\t\t\t\t<div class=\"icon inline ion-ios-plus-empty\"><\/div>\n\t\t\t\t\t<\/div>\n\t\t\t\t<\/div>\n\t\t\t<\/div>\n\t\t\t<div class=\"gallery-description\">\n\t\t\t\t<h3 class=\"title\">DSC07609<\/h3>\n\t\t\t\t<p class=\"subtitle small\">\n\t\t\t\t\t\t\t\t\t<\/p>\n\t\t\t<\/div>\n\t\t<\/div>\n\t<\/div>\n\t\t\t<div class=\" vc_col-lg-3 vc_col-md-3 vc_col-sm-6 vc_col-xs-12 metro-style masonry-block grid-item gallery-image\" data-gallery-item=\"2\" data-lazy-item=\"\" data-lazy-scope=\"gallery\">\n\t\t<div class=\"wrap\">\n\t\t\t\t\t\t\t<div class=\"tmp-image metro-image\" data-norebro-bg-image=\"https:\/\/www.planet-knox.com\/wp-content\/uploads\/2022\/01\/DSC07625-2.jpg\"><\/div>\n\t\t\t\t<img decoding=\"async\" class=\"gimg metro-image-hidden\" src=\"https:\/\/www.planet-knox.com\/wp-content\/uploads\/2022\/01\/DSC07625-2.jpg\" alt=\"\">\n\t\t\t\t\t\t<div class=\"overlay hidden\">\n\t\t\t\t<div class=\"content-center text-center\">\n\t\t\t\t\t<div class=\"wrap\">\n\t\t\t\t\t\t<h4 class=\"inline\">\n\t\t\t\t\t\t\t\t\t\t\t\t\tView Fullscreen\t\t\t\t\t\t\t\t\t\t\t\t<\/h4>\n\t\t\t\t\t\t<div class=\"icon inline ion-ios-plus-empty\"><\/div>\n\t\t\t\t\t<\/div>\n\t\t\t\t<\/div>\n\t\t\t<\/div>\n\t\t\t<div class=\"gallery-description\">\n\t\t\t\t<h3 class=\"title\">DSC07625<\/h3>\n\t\t\t\t<p class=\"subtitle small\">\n\t\t\t\t\t\t\t\t\t<\/p>\n\t\t\t<\/div>\n\t\t<\/div>\n\t<\/div>\n\t\t\t<div class=\" vc_col-lg-3 vc_col-md-3 vc_col-sm-6 vc_col-xs-12 metro-style masonry-block grid-item gallery-image\" data-gallery-item=\"3\" data-lazy-item=\"\" data-lazy-scope=\"gallery\">\n\t\t<div class=\"wrap\">\n\t\t\t\t\t\t\t<div class=\"tmp-image metro-image\" data-norebro-bg-image=\"https:\/\/www.planet-knox.com\/wp-content\/uploads\/2022\/01\/DSC07283-Enhanced-NR-2.jpg\"><\/div>\n\t\t\t\t<img decoding=\"async\" class=\"gimg metro-image-hidden\" src=\"https:\/\/www.planet-knox.com\/wp-content\/uploads\/2022\/01\/DSC07283-Enhanced-NR-2.jpg\" alt=\"\">\n\t\t\t\t\t\t<div class=\"overlay hidden\">\n\t\t\t\t<div class=\"content-center text-center\">\n\t\t\t\t\t<div class=\"wrap\">\n\t\t\t\t\t\t<h4 class=\"inline\">\n\t\t\t\t\t\t\t\t\t\t\t\t\tView Fullscreen\t\t\t\t\t\t\t\t\t\t\t\t<\/h4>\n\t\t\t\t\t\t<div class=\"icon inline ion-ios-plus-empty\"><\/div>\n\t\t\t\t\t<\/div>\n\t\t\t\t<\/div>\n\t\t\t<\/div>\n\t\t\t<div class=\"gallery-description\">\n\t\t\t\t<h3 class=\"title\">DSC07283-Enhanced-NR<\/h3>\n\t\t\t\t<p class=\"subtitle small\">\n\t\t\t\t\t\t\t\t\t<\/p>\n\t\t\t<\/div>\n\t\t<\/div>\n\t<\/div>\n\t\t\t<div class=\" vc_col-lg-3 vc_col-md-3 vc_col-sm-6 vc_col-xs-12 metro-style masonry-block grid-item gallery-image\" data-gallery-item=\"4\" data-lazy-item=\"\" data-lazy-scope=\"gallery\">\n\t\t<div class=\"wrap\">\n\t\t\t\t\t\t\t<div class=\"tmp-image metro-image\" data-norebro-bg-image=\"https:\/\/www.planet-knox.com\/wp-content\/uploads\/2022\/01\/DSC07236-1.jpg\"><\/div>\n\t\t\t\t<img decoding=\"async\" class=\"gimg metro-image-hidden\" src=\"https:\/\/www.planet-knox.com\/wp-content\/uploads\/2022\/01\/DSC07236-1.jpg\" alt=\"\">\n\t\t\t\t\t\t<div class=\"overlay hidden\">\n\t\t\t\t<div class=\"content-center text-center\">\n\t\t\t\t\t<div class=\"wrap\">\n\t\t\t\t\t\t<h4 class=\"inline\">\n\t\t\t\t\t\t\t\t\t\t\t\t\tView Fullscreen\t\t\t\t\t\t\t\t\t\t\t\t<\/h4>\n\t\t\t\t\t\t<div class=\"icon inline ion-ios-plus-empty\"><\/div>\n\t\t\t\t\t<\/div>\n\t\t\t\t<\/div>\n\t\t\t<\/div>\n\t\t\t<div class=\"gallery-description\">\n\t\t\t\t<h3 class=\"title\">DSC07236<\/h3>\n\t\t\t\t<p class=\"subtitle small\">\n\t\t\t\t\t\t\t\t\t<\/p>\n\t\t\t<\/div>\n\t\t<\/div>\n\t<\/div>\n\t\t\t<div class=\" vc_col-lg-3 vc_col-md-3 vc_col-sm-6 vc_col-xs-12 metro-style masonry-block grid-item gallery-image\" data-gallery-item=\"5\" data-lazy-item=\"\" data-lazy-scope=\"gallery\">\n\t\t<div class=\"wrap\">\n\t\t\t\t\t\t\t<div class=\"tmp-image metro-image\" data-norebro-bg-image=\"https:\/\/www.planet-knox.com\/wp-content\/uploads\/2022\/01\/DSC07244.jpg\"><\/div>\n\t\t\t\t<img decoding=\"async\" class=\"gimg metro-image-hidden\" src=\"https:\/\/www.planet-knox.com\/wp-content\/uploads\/2022\/01\/DSC07244.jpg\" alt=\"\">\n\t\t\t\t\t\t<div class=\"overlay hidden\">\n\t\t\t\t<div class=\"content-center text-center\">\n\t\t\t\t\t<div class=\"wrap\">\n\t\t\t\t\t\t<h4 class=\"inline\">\n\t\t\t\t\t\t\t\t\t\t\t\t\tView Fullscreen\t\t\t\t\t\t\t\t\t\t\t\t<\/h4>\n\t\t\t\t\t\t<div class=\"icon inline ion-ios-plus-empty\"><\/div>\n\t\t\t\t\t<\/div>\n\t\t\t\t<\/div>\n\t\t\t<\/div>\n\t\t\t<div class=\"gallery-description\">\n\t\t\t\t<h3 class=\"title\">DSC07244<\/h3>\n\t\t\t\t<p class=\"subtitle small\">\n\t\t\t\t\t\t\t\t\t<\/p>\n\t\t\t<\/div>\n\t\t<\/div>\n\t<\/div>\n\t\t\t<div class=\" vc_col-lg-3 vc_col-md-3 vc_col-sm-6 vc_col-xs-12 metro-style masonry-block grid-item gallery-image\" data-gallery-item=\"6\" data-lazy-item=\"\" data-lazy-scope=\"gallery\">\n\t\t<div class=\"wrap\">\n\t\t\t\t\t\t\t<div class=\"tmp-image metro-image\" data-norebro-bg-image=\"https:\/\/www.planet-knox.com\/wp-content\/uploads\/2022\/01\/DSC07523-1.jpg\"><\/div>\n\t\t\t\t<img decoding=\"async\" class=\"gimg metro-image-hidden\" src=\"https:\/\/www.planet-knox.com\/wp-content\/uploads\/2022\/01\/DSC07523-1.jpg\" alt=\"\">\n\t\t\t\t\t\t<div class=\"overlay hidden\">\n\t\t\t\t<div class=\"content-center text-center\">\n\t\t\t\t\t<div class=\"wrap\">\n\t\t\t\t\t\t<h4 class=\"inline\">\n\t\t\t\t\t\t\t\t\t\t\t\t\tView Fullscreen\t\t\t\t\t\t\t\t\t\t\t\t<\/h4>\n\t\t\t\t\t\t<div class=\"icon inline ion-ios-plus-empty\"><\/div>\n\t\t\t\t\t<\/div>\n\t\t\t\t<\/div>\n\t\t\t<\/div>\n\t\t\t<div class=\"gallery-description\">\n\t\t\t\t<h3 class=\"title\">DSC07523<\/h3>\n\t\t\t\t<p class=\"subtitle small\">\n\t\t\t\t\t\t\t\t\t<\/p>\n\t\t\t<\/div>\n\t\t<\/div>\n\t<\/div>\n\t\t<div class=\"clear\"><\/div>\n\n\t<\/div>\n\n\t\n<\/div>\n\n<div class=\"norebro-gallery-opened-sc custom-gallery\"\n\tid=\"norebro-custom-69f5010d8ce87\"\n\tdata-options='{\"navClass\":\"\"}'>\n\n\t<div class=\"expand\">\n\t\t<span class=\"ion-android-expand\"><\/span>\n\t<\/div>\n\t<div class=\"close\">\n\t\t<span class=\"ion-ios-close-empty\"><\/span>\n\t<\/div>\n\n<\/div>\n<div class=\"vc_empty_space\"   style=\"height: 32px\"><span class=\"vc_empty_space_inner\"><\/span><\/div><\/div><\/div><\/div><\/div>\n<\/div>","protected":false},"excerpt":{"rendered":"<p>Faisant partie de la collection Action Pro, ce tube facile \u00e0 enfiler est \u00e9quip\u00e9 de l'armure Micro-Lock Compact la plus discr\u00e8te, approuv\u00e9e par la CE. Elle a \u00e9galement \u00e9t\u00e9 con\u00e7ue pour un confort optimal tout au long de la journ\u00e9e.<\/p>\n<p>Ils sont fabriqu\u00e9s \u00e0 l'aide d'un nouveau tissu durable appel\u00e9 Sorona\u00ae Agile de Dupont. Il s'agit d'une fibre \u00e9co-efficace, partiellement fabriqu\u00e9e \u00e0 partir de polym\u00e8res d'origine v\u00e9g\u00e9tale. En tant que tissu performant, il pr\u00e9sente une texture piquet\u00e9e subtile, des niveaux \u00e9lev\u00e9s de solidit\u00e9, d'extensibilit\u00e9 et de r\u00e9sistance aux taches. Il convient donc parfaitement \u00e0 ces prot\u00e8ge-genoux tr\u00e8s r\u00e9sistants. De plus, une maille extensible est utilis\u00e9e \u00e0 l'arri\u00e8re du genou pour plus de confort et de respirabilit\u00e9.<\/p>","protected":false},"featured_media":227344,"comment_status":"open","ping_status":"closed","template":"","meta":{"_acf_changed":false,"inline_featured_image":false},"product_brand":[],"product_cat":[632,775,556,653,605],"product_tag":[517,518],"class_list":{"0":"post-167405","1":"product","2":"type-product","3":"status-publish","4":"has-post-thumbnail","6":"product_cat-body-armour","7":"product_cat-knee-and-elbow-guards","8":"product_cat-mens-body-armour","9":"product_cat-women","10":"product_cat-womens-body-armour","11":"product_tag-men","12":"product_tag-women","13":"pa_country-of-origin-gb","14":"pa_easproj_hs6p_received-2748","15":"pa_easproj_originating_country-gb","16":"pa_hs-code-2830","17":"pa_product-composition-12-spandex-lining-92-polyamide-8-lycra","18":"pa_product-composition-pu-protectors-in-carrier-main-body-1-67-elastomultiester-33-pes-main-body-2-88-nylon","20":"first","21":"instock","22":"taxable","23":"shipping-taxable","24":"purchasable","25":"product-type-simple"},"acf":[],"aioseo_notices":[],"gallery_images":[227347,227345,227346,227349,227348,227350,227351,227352,227353,227354,227355,227356,227357,227358,227359,227360,227361,227362,227363,227364,227343,227342,227341],"_links":{"self":[{"href":"https:\/\/www.planet-knox.com\/fr\/wp-json\/wp\/v2\/product\/167405","targetHints":{"allow":["GET"]}}],"collection":[{"href":"https:\/\/www.planet-knox.com\/fr\/wp-json\/wp\/v2\/product"}],"about":[{"href":"https:\/\/www.planet-knox.com\/fr\/wp-json\/wp\/v2\/types\/product"}],"replies":[{"embeddable":true,"href":"https:\/\/www.planet-knox.com\/fr\/wp-json\/wp\/v2\/comments?post=167405"}],"wp:featuredmedia":[{"embeddable":true,"href":"https:\/\/www.planet-knox.com\/fr\/wp-json\/wp\/v2\/media\/227344"}],"wp:attachment":[{"href":"https:\/\/www.planet-knox.com\/fr\/wp-json\/wp\/v2\/media?parent=167405"}],"wp:term":[{"taxonomy":"product_brand","embeddable":true,"href":"https:\/\/www.planet-knox.com\/fr\/wp-json\/wp\/v2\/product_brand?post=167405"},{"taxonomy":"product_cat","embeddable":true,"href":"https:\/\/www.planet-knox.com\/fr\/wp-json\/wp\/v2\/product_cat?post=167405"},{"taxonomy":"product_tag","embeddable":true,"href":"https:\/\/www.planet-knox.com\/fr\/wp-json\/wp\/v2\/product_tag?post=167405"}],"curies":[{"name":"wp","href":"https:\/\/api.w.org\/{rel}","templated":true}]}}