{"id":160389,"date":"2021-06-21T17:21:55","date_gmt":"2021-06-21T17:21:55","guid":{"rendered":"https:\/\/www.planet-knox.com\/?post_type=product&#038;p=160389"},"modified":"2026-03-24T09:22:49","modified_gmt":"2026-03-24T09:22:49","slug":"whitecamopaintdriptee","status":"publish","type":"product","link":"https:\/\/www.planet-knox.com\/fr\/produit\/whitecamopaintdriptee\/","title":{"rendered":"Tee-shirt blanc Camo Paint Drip"},"content":{"rendered":"<div class=\"wpb-content-wrapper\"><div id=\"sizeguide\" class=\"vc_row wpb_row vc_row-fluid gradient-container-1\"><div class=\"gradient-column-1 wpb_column vc_column_container vc_col-sm-12\"><div class=\"vc_column-inner\"><div class=\"wpb_wrapper\"><div class=\"vc_empty_space\"   style=\"height: 32px\"><span class=\"vc_empty_space_inner\"><\/span><\/div><div class=\"norebro-heading-sc heading text-center\"\n\tid=\"norebro-custom-69e20c3cc920b\" \n\t \n\t>\n\t\n\t\n\t\n\t<h3 class=\"title\">\n\t\tGuide des tailles\t<\/h3>\n\n\t\n\t\t\t<p class=\"subtitle\">\n\t\t\tBesoin d'aide ? Utilisez le chat en ligne ou envoyez-nous un e-mail \u00e0 l'adresse suivante <a href=\"mailto:sales@planet-knox.com\">sales@planet-knox.com<\/a>\t\t<\/p>\n\t\t\n<\/div><div class=\"vc_empty_space\"   style=\"height: 32px\"><span class=\"vc_empty_space_inner\"><\/span><\/div><div class=\"vc_separator wpb_content_element vc_separator_align_center vc_sep_width_100 vc_sep_pos_align_center vc_separator_no_text vc_sep_color_grey wpb_content_element  wpb_content_element\" ><span class=\"vc_sep_holder vc_sep_holder_l\"><span class=\"vc_sep_line\"><\/span><\/span><span class=\"vc_sep_holder vc_sep_holder_r\"><span class=\"vc_sep_line\"><\/span><\/span>\n<\/div><div class=\"vc_empty_space\"   style=\"height: 32px\"><span class=\"vc_empty_space_inner\"><\/span><\/div><div class=\"vc_row wpb_row vc_inner vc_row-fluid sizeguidehelpcolumn vc_row-o-content-middle vc_row-flex\"><div class=\"wpb_column vc_column_container vc_col-sm-6\"><div class=\"vc_column-inner\"><div class=\"wpb_wrapper\">\n\t<div  class=\"wpb_single_image wpb_content_element vc_align_right wpb_content_element\">\n\t\t\n\t\t<figure class=\"wpb_wrapper vc_figure\">\n\t\t\t<div class=\"vc_single_image-wrapper   vc_box_border_grey\"><img decoding=\"async\" width=\"100\" height=\"351\" src=\"https:\/\/www.planet-knox.com\/wp-content\/uploads\/2020\/01\/mens-chest-waist.png\" class=\"vc_single_image-img attachment-full\" alt=\"\" title=\"taille-poitrine-homme\" srcset=\"https:\/\/www.planet-knox.com\/wp-content\/uploads\/2020\/01\/mens-chest-waist.png 100w, https:\/\/www.planet-knox.com\/wp-content\/uploads\/2020\/01\/mens-chest-waist-3x12.png 3w\" sizes=\"(max-width: 100px) 100vw, 100px\" \/><\/div>\n\t\t<\/figure>\n\t<\/div>\n<\/div><\/div><\/div><div class=\"wpb_column vc_column_container vc_col-sm-6\"><div class=\"vc_column-inner\"><div class=\"wpb_wrapper\"><div class=\"norebro-text-sc\" \n\tid=\"norebro-custom-69e20c3cca776\" \n\t \n\t>\n\n\t<p><strong>Le thorax :<\/strong> Mesurez la partie la plus large de votre poitrine et vos omoplates.<\/p>\n<p><strong>Taille :<\/strong> Pour d\u00e9terminer votre taille, mesurez votre tour de taille dans la position habituelle de votre pantalon. \u00c0 titre indicatif, cette mesure se situe \u00e0 environ 5-6 cm sous le nombril.<\/p>\n<p><strong>A noter :<\/strong> Les mesures indiqu\u00e9es sont des mesures de corps et nous vous recommandons de ne pas prendre les mesures par-dessus les v\u00eatements.<\/p>\n\t\n<\/div><\/div><\/div><\/div><\/div><div class=\"vc_row wpb_row vc_inner vc_row-fluid vc_row-o-content-middle vc_row-flex\"><div class=\"wpb_column vc_column_container vc_col-sm-12\"><div class=\"vc_column-inner\"><div class=\"wpb_wrapper\">\n\t<div class=\"wpb_raw_code wpb_raw_html wpb_content_element\" >\n\t\t<div class=\"wpb_wrapper\">\n\t\t\t<table class=\"knoxtable menstable\" cellspacing=\"0\" cellpadding=\"0\" width=\"100%\">\n  <tr>\n    <th>Taille homme UK<\/th>\n    <th>Poitrine (pouces)<\/th>\n    <th>Poitrine (cm)<\/th>\n    <th>Taille (pouces)<\/th>\n    <th>Taille (cm)<\/th>\n  <\/tr>\n  <tr>\n    <td>S<\/td>\n    <td>35-37<\/td>\n    <td>90-96<\/td>\n    <td>30<\/td>\n    <td>76<\/td>\n  <\/tr>\n  <tr>\n    <td>M<\/td>\n    <td>38-40<\/td>\n    <td>98-103<\/td>\n    <td>32<\/td>\n    <td>81<\/td>\n  <\/tr>\n  <tr>\n    <td>L<\/td>\n    <td>41-43<\/td>\n    <td>104-109<\/td>\n    <td>34<\/td>\n    <td>87<\/td>\n  <\/tr>\n  <tr>\n    <td>XL<\/td>\n    <td>44-46<\/td>\n    <td>110-115<\/td>\n    <td>36<\/td>\n    <td>92<\/td>\n  <\/tr>\n  <tr>\n    <td>2XL<\/td>\n    <td>46-48<\/td>\n    <td>116-121<\/td>\n    <td>38<\/td>\n    <td>97<\/td>\n  <\/tr>\n  <tr>\n    <td>3XL<\/td>\n    <td>48-50<\/td>\n    <td>122-127<\/td>\n    <td>40<\/td>\n    <td>102<\/td>\n  <\/tr>\n  <tr>\n    <td>4XL<\/td>\n    <td>50-52<\/td>\n    <td>128-134<\/td>\n    <td>42<\/td>\n    <td>107<\/td>\n  <\/tr>\n  <tr>\n    <td>5XL<\/td>\n    <td>52-54<\/td>\n    <td>135-141<\/td>\n    <td>44<\/td>\n    <td>112<\/td>\n  <\/tr>\n<\/table>\n\t\t<\/div>\n\t<\/div>\n<\/div><\/div><\/div><\/div><div class=\"vc_empty_space\"   style=\"height: 64px\"><span class=\"vc_empty_space_inner\"><\/span><\/div><\/div><\/div><\/div><\/div><div id=\"relatedproducts\" data-vc-full-width=\"true\" data-vc-full-width-init=\"false\" class=\"vc_row wpb_row vc_row-fluid gradient-container-2\"><div class=\"gradient-column-2 wpb_column vc_column_container vc_col-sm-12\"><div class=\"vc_column-inner\"><div class=\"wpb_wrapper\"><div class=\"norebro-heading-sc heading text-center\"\n\tid=\"norebro-custom-69e20c3ccb785\" \n\t \n\t>\n\t\n\t\n\t\n\t<h3 class=\"title\">\n\t\tLes gens ont aussi achet\u00e9\t<\/h3>\n\n\t\n\t\t\t<p class=\"subtitle\">\n\t\t\tBesoin d'aide pour s\u00e9lectionner les produits qui vont bien ensemble ? Utilisez le chat en ligne ou envoyez-nous un e-mail \u00e0 l'adresse suivante : <a href=\"mailto:sales@planet-knox.com\">sales@planet-knox.com<\/a>\t\t<\/p>\n\t\t\n<\/div><div class=\"vc_empty_space\"   style=\"height: 32px\"><span class=\"vc_empty_space_inner\"><\/span><\/div><div class=\"vc_separator wpb_content_element vc_separator_align_center vc_sep_width_100 vc_sep_pos_align_center vc_separator_no_text vc_sep_color_grey wpb_content_element  wpb_content_element\" ><span class=\"vc_sep_holder vc_sep_holder_l\"><span class=\"vc_sep_line\"><\/span><\/span><span class=\"vc_sep_holder vc_sep_holder_r\"><span class=\"vc_sep_line\"><\/span><\/span>\n<\/div><div class=\"vc_empty_space\"   style=\"height: 32px\"><span class=\"vc_empty_space_inner\"><\/span><\/div><div class=\"woocommerce columns-3\">\n<div class=\"vc_row\">\n\t<ul class=\"woo-products norebro-masonry\" data-lazy-container=\"products\">\n\n<li class=\"post-80877 product type-product status-publish has-post-thumbnail product_cat-gloves product_cat-mens-non-waterproof-gloves product_cat-mens-motorcycle-gloves product_cat-womens-motorcycle-gloves product_tag-men product_tag-wheelie product_tag-women pa_colour-black pa_size-2xl pa_size-l pa_size-m pa_size-s pa_size-xl first outofstock taxable shipping-taxable purchasable product-type-variable has-default-attributes\" data-product-item=\"true\" data-lazy-item=\"\" data-lazy-scope=\"products\">\n\t<div class=\"product-content trans-shadow\">\n\t\t<a href=\"https:\/\/www.planet-knox.com\/fr\/produit\/orsa-leather-mk2-ce-motorcycle-gloves\/\" class=\"static\">\n\t\t\t<div class=\"image-wrap\">\n\t\t\t\t\n\t<span class=\"woo-onsale out\">EN RUPTURE DE STOCK<\/span>\n\n\t\t\t\t<div class=\"noslide\">\n\t\t\t\t\n\t\t\t\t\t\n\t<span class=\"woo-onsale out\">EN RUPTURE DE STOCK<\/span>\n<img decoding=\"async\" width=\"650\" height=\"650\" src=\"https:\/\/www.planet-knox.com\/wp-content\/uploads\/2018\/10\/Orsa-Black-1-1-1-650x650.jpg\" class=\"attachment-woocommerce_thumbnail size-woocommerce_thumbnail\" alt=\"Orsa Leather MK2 Gloves\" srcset=\"https:\/\/www.planet-knox.com\/wp-content\/uploads\/2018\/10\/Orsa-Black-1-1-1-650x650.jpg 650w, https:\/\/www.planet-knox.com\/wp-content\/uploads\/2018\/10\/Orsa-Black-1-1-1-500x500.jpg 500w, https:\/\/www.planet-knox.com\/wp-content\/uploads\/2018\/10\/Orsa-Black-1-1-1.jpg 1500w, https:\/\/www.planet-knox.com\/wp-content\/uploads\/2018\/10\/Orsa-Black-1-1-1-768x768.jpg 768w, https:\/\/www.planet-knox.com\/wp-content\/uploads\/2018\/10\/Orsa-Black-1-1-1-200x200.jpg 200w, https:\/\/www.planet-knox.com\/wp-content\/uploads\/2018\/10\/Orsa-Black-1-1-1-510x510.jpg 510w, https:\/\/www.planet-knox.com\/wp-content\/uploads\/2018\/10\/Orsa-Black-1-1-1-100x100.jpg 100w, https:\/\/www.planet-knox.com\/wp-content\/uploads\/2018\/10\/Orsa-Black-1-1-1-60x60.jpg 60w, https:\/\/www.planet-knox.com\/wp-content\/uploads\/2018\/10\/Orsa-Black-1-1-1-90x90.jpg 90w\" sizes=\"(max-width: 650px) 100vw, 650px\" \/>\n\t\t\t\t<\/div>\n\n\t\t\t<\/div>\n\n\t\t<\/a><a href=\"https:\/\/www.planet-knox.com\/fr\/produit\/orsa-leather-mk2-ce-motorcycle-gloves\/\" aria-describedby=\"woocommerce_loop_add_to_cart_link_describedby_80877\" data-quantity=\"1\" class=\"btn btn-brand button product_type_variable\" data-product_id=\"80877\" data-product_sku=\"\" aria-label=\"S\u00e9lectionner les options pour &quot;Orsa Leather MK2 Gloves&quot;\" rel=\"nofollow\" data-no-translation=\"\" data-trp-gettext=\"\" data-no-translation-aria-label=\"\">S\u00e9lectionner les options<\/a><span id=\"woocommerce_loop_add_to_cart_link_describedby_80877\" class=\"screen-reader-text\">\n\tCe produit a plusieurs variantes. Les options peuvent \u00eatre choisies sur la page du produit<\/span>\n<span class=\"gtm4wp_productdata\" style=\"display:none; visibility:hidden;\" data-gtm4wp_product_data=\"{&quot;internal_id&quot;:80877,&quot;item_id&quot;:80877,&quot;item_name&quot;:&quot;Orsa Leather MK2 Gloves&quot;,&quot;sku&quot;:80877,&quot;price&quot;:129.99,&quot;stocklevel&quot;:0,&quot;stockstatus&quot;:&quot;outofstock&quot;,&quot;google_business_vertical&quot;:&quot;retail&quot;,&quot;item_category&quot;:&quot;Men&#039;s Non Waterproof Gloves&quot;,&quot;id&quot;:80877,&quot;item_brand&quot;:&quot;Men\\u2019s Motorcycle Gloves&quot;,&quot;productlink&quot;:&quot;https:\\\/\\\/www.planet-knox.com\\\/fr\\\/produit\\\/orsa-leather-mk2-ce-motorcycle-gloves\\\/&quot;,&quot;item_list_name&quot;:&quot;Liste g\\u00e9n\\u00e9rale des produits&quot;,&quot;index&quot;:1,&quot;product_type&quot;:&quot;variable&quot;}\"><\/span>\t\t<div class=\"wc-product-title-wrap\">\n\t\t\t\t\t\n\t\t\t\t\t\n\t\t\t\t\t\n\t\t\t\t\t\n\t\t\t\t\t\t<h3>\n\t\t\t\t<a href=\"https:\/\/www.planet-knox.com\/fr\/produit\/orsa-leather-mk2-ce-motorcycle-gloves\/\" class=\"color-dark\">\n\t\t\t\t\tGants Orsa en cuir MK2\t\t\t\t<\/a>\n\t\t\t<\/h3>\n\t\t\t<div class=\"price\">\n\t\t\t\t<span class=\"wcpbc-price wcpbc-price-80877\" data-product-id=\"80877\"><\/span>\t\t\t<\/div>\n\t\t\t<div class=\"clear\"><\/div>\n\t\t<\/div>\n\t<\/div>\n<\/li>\n\n<li class=\"post-139983 product type-product status-publish has-post-thumbnail product_cat-sale product_tag-women pa_colour-blue pa_size-2xl pa_size-l pa_size-xl pa_size-xs  instock sale taxable shipping-taxable purchasable product-type-variable has-default-attributes\" data-product-item=\"true\" data-lazy-item=\"\" data-lazy-scope=\"products\">\n\t<div class=\"product-content trans-shadow\">\n\t\t<a href=\"https:\/\/www.planet-knox.com\/fr\/produit\/brittany-high-waisted-skinny-jeans\/\" class=\"static\">\n\t\t\t<div class=\"image-wrap\">\n\t\t\t\t\n\t<span class=\"woo-onsale brand-bg-color\">VENTE<\/span>\n\n\t\t\t\t<div class=\"noslide\">\n\t\t\t\t\n\t\t\t\t\t\n\t<span class=\"woo-onsale brand-bg-color\">VENTE<\/span>\n<img decoding=\"async\" width=\"650\" height=\"650\" src=\"https:\/\/www.planet-knox.com\/wp-content\/uploads\/2020\/02\/Brittany-Jeans-Blue-499-scaled-650x650.jpg\" class=\"attachment-woocommerce_thumbnail size-woocommerce_thumbnail\" alt=\"Women\u2019s Brittany - Skinny Jeans - Reg Leg\" srcset=\"https:\/\/www.planet-knox.com\/wp-content\/uploads\/2020\/02\/Brittany-Jeans-Blue-499-scaled-650x650.jpg 650w, https:\/\/www.planet-knox.com\/wp-content\/uploads\/2020\/02\/Brittany-Jeans-Blue-499-500x500.jpg 500w, https:\/\/www.planet-knox.com\/wp-content\/uploads\/2020\/02\/Brittany-Jeans-Blue-499-200x200.jpg 200w, https:\/\/www.planet-knox.com\/wp-content\/uploads\/2020\/02\/Brittany-Jeans-Blue-499-510x510.jpg 510w, https:\/\/www.planet-knox.com\/wp-content\/uploads\/2020\/02\/Brittany-Jeans-Blue-499-100x100.jpg 100w, https:\/\/www.planet-knox.com\/wp-content\/uploads\/2020\/02\/Brittany-Jeans-Blue-499-60x60.jpg 60w, https:\/\/www.planet-knox.com\/wp-content\/uploads\/2020\/02\/Brittany-Jeans-Blue-499-91x90.jpg 91w\" sizes=\"(max-width: 650px) 100vw, 650px\" \/>\n\t\t\t\t<\/div>\n\n\t\t\t<\/div>\n\n\t\t<\/a><a href=\"https:\/\/www.planet-knox.com\/fr\/produit\/brittany-high-waisted-skinny-jeans\/\" aria-describedby=\"woocommerce_loop_add_to_cart_link_describedby_139983\" data-quantity=\"1\" class=\"btn btn-brand button product_type_variable add_to_cart_button\" data-product_id=\"139983\" data-product_sku=\"\" aria-label=\"S\u00e9lectionner les options pour &quot;Women\u2019s Brittany - Skinny Jeans - Reg Leg&quot;\" rel=\"nofollow\" data-no-translation=\"\" data-trp-gettext=\"\" data-no-translation-aria-label=\"\">S\u00e9lectionner les options<\/a><span id=\"woocommerce_loop_add_to_cart_link_describedby_139983\" class=\"screen-reader-text\">\n\tCe produit a plusieurs variantes. Les options peuvent \u00eatre choisies sur la page du produit<\/span>\n<span class=\"gtm4wp_productdata\" style=\"display:none; visibility:hidden;\" data-gtm4wp_product_data=\"{&quot;internal_id&quot;:139983,&quot;item_id&quot;:139983,&quot;item_name&quot;:&quot;Women\\u2019s Brittany - Skinny Jeans - Reg Leg&quot;,&quot;sku&quot;:139983,&quot;price&quot;:59.99,&quot;stocklevel&quot;:1,&quot;stockstatus&quot;:&quot;instock&quot;,&quot;google_business_vertical&quot;:&quot;retail&quot;,&quot;item_category&quot;:&quot;Archive Sale&quot;,&quot;id&quot;:139983,&quot;item_brand&quot;:&quot;Archive Sale&quot;,&quot;productlink&quot;:&quot;https:\\\/\\\/www.planet-knox.com\\\/fr\\\/produit\\\/brittany-high-waisted-skinny-jeans\\\/&quot;,&quot;item_list_name&quot;:&quot;Liste g\\u00e9n\\u00e9rale des produits&quot;,&quot;index&quot;:2,&quot;product_type&quot;:&quot;variable&quot;}\"><\/span>\t\t<div class=\"wc-product-title-wrap\">\n\t\t\t\t\t\n\t\t\t\t\t\t<h3>\n\t\t\t\t<a href=\"https:\/\/www.planet-knox.com\/fr\/produit\/brittany-high-waisted-skinny-jeans\/\" class=\"color-dark\">\n\t\t\t\t\tBrittany - Skinny Jeans - Reg Leg - pour femmes\t\t\t\t<\/a>\n\t\t\t<\/h3>\n\t\t\t<div class=\"price\">\n\t\t\t\t<span class=\"wcpbc-price wcpbc-price-139983\" data-product-id=\"139983\"><del aria-hidden=\"true\"><span data-product-vat=\"20\" class=\"woocommerce-Price-amount amount\"><span class=\"woocommerce-Price-currencySymbol\">\u00a3<\/span>139.99<\/span><\/del> <span class=\"screen-reader-text\" data-no-translation=\"\" data-trp-gettext=\"\">Le prix initial \u00e9tait\u00a0: &pound;139.99.<\/span><ins aria-hidden=\"true\"><span data-product-vat=\"20\" class=\"woocommerce-Price-amount amount\"><span class=\"woocommerce-Price-currencySymbol\">\u00a3<\/span>59.99<\/span><\/ins><span class=\"screen-reader-text\" data-no-translation=\"\" data-trp-gettext=\"\">Le prix actuel est\u00a0: &pound;59.99.<\/span><\/span>\t\t\t<\/div>\n\t\t\t<div class=\"clear\"><\/div>\n\t\t<\/div>\n\t<\/div>\n<\/li>\n\t<\/ul>\n<\/div><\/div><div class=\"vc_empty_space\"   style=\"height: 32px\"><span class=\"vc_empty_space_inner\"><\/span><\/div><\/div><\/div><\/div><\/div><div class=\"vc_row-full-width vc_clearfix\"><\/div>\n<\/div>","protected":false},"excerpt":{"rendered":"<p>Cette nouvelle gamme de t-shirts d\u00e9contract\u00e9s est fabriqu\u00e9e \u00e0 partir d'un m\u00e9lange de coton doux 95% et d'\u00e9lasthanne 5%.  Ce tee-shirt est orn\u00e9 d'un logo Knox en camouflage avec des d\u00e9tails de gouttes sur le devant, ainsi que d'une marque Knox subtile sur l'ourlet.<\/p>\n<p>The garment is breathable and has a super soft seam construction which is used throughout the tee. \u00a0Being machine washable they are very easy to care for. The White Camo Paint Drip Tee is available in brilliant white and in sizes from S  &#8211;  3XL.<\/p>\n<p>Le coton doux poss\u00e8de des propri\u00e9t\u00e9s antibact\u00e9riennes naturelles et l'\u00e9lasthanne a \u00e9t\u00e9 ajout\u00e9 pour l'extensibilit\u00e9 et le confort.<\/p>","protected":false},"featured_media":160411,"comment_status":"open","ping_status":"closed","template":"","meta":{"_acf_changed":false,"inline_featured_image":false},"product_brand":[],"product_cat":[635,581,585,2681,628],"product_tag":[],"class_list":{"0":"post-160389","1":"product","2":"type-product","3":"status-publish","4":"has-post-thumbnail","6":"product_cat-accessories","7":"product_cat-casual-t-shirts","8":"product_cat-mens-accessories","9":"product_cat-stocking-fillers","10":"product_cat-womens-accessories","11":"pa_size-2xl","12":"pa_size-3xl","13":"pa_size-l","15":"first","16":"outofstock","17":"taxable","18":"shipping-taxable","19":"purchasable","20":"product-type-variable","21":"has-default-attributes"},"acf":[],"aioseo_notices":[],"gallery_images":[160403,160409,160407,160405],"_links":{"self":[{"href":"https:\/\/www.planet-knox.com\/fr\/wp-json\/wp\/v2\/product\/160389","targetHints":{"allow":["GET"]}}],"collection":[{"href":"https:\/\/www.planet-knox.com\/fr\/wp-json\/wp\/v2\/product"}],"about":[{"href":"https:\/\/www.planet-knox.com\/fr\/wp-json\/wp\/v2\/types\/product"}],"replies":[{"embeddable":true,"href":"https:\/\/www.planet-knox.com\/fr\/wp-json\/wp\/v2\/comments?post=160389"}],"wp:featuredmedia":[{"embeddable":true,"href":"https:\/\/www.planet-knox.com\/fr\/wp-json\/wp\/v2\/media\/160411"}],"wp:attachment":[{"href":"https:\/\/www.planet-knox.com\/fr\/wp-json\/wp\/v2\/media?parent=160389"}],"wp:term":[{"taxonomy":"product_brand","embeddable":true,"href":"https:\/\/www.planet-knox.com\/fr\/wp-json\/wp\/v2\/product_brand?post=160389"},{"taxonomy":"product_cat","embeddable":true,"href":"https:\/\/www.planet-knox.com\/fr\/wp-json\/wp\/v2\/product_cat?post=160389"},{"taxonomy":"product_tag","embeddable":true,"href":"https:\/\/www.planet-knox.com\/fr\/wp-json\/wp\/v2\/product_tag?post=160389"}],"curies":[{"name":"wp","href":"https:\/\/api.w.org\/{rel}","templated":true}]}}