{"id":154927,"date":"2021-03-08T13:47:17","date_gmt":"2021-03-08T13:47:17","guid":{"rendered":"https:\/\/www.planet-knox.com\/?page_id=154927"},"modified":"2023-02-01T09:16:19","modified_gmt":"2023-02-01T09:16:19","slug":"knox-careers","status":"publish","type":"page","link":"https:\/\/www.planet-knox.com\/fr\/knox-careers\/","title":{"rendered":"Carri\u00e8res Knox"},"content":{"rendered":"<div class=\"wpb-content-wrapper\"><div class=\"vc_row wpb_row vc_row-fluid gradient-container-1\"><div class=\"gradient-column-1 wpb_column vc_column_container vc_col-sm-12\"><div class=\"vc_column-inner\"><div class=\"wpb_wrapper\"><div class=\"vc_row wpb_row vc_inner vc_row-fluid\"><div class=\"wpb_column vc_column_container vc_col-sm-8\"><div class=\"vc_column-inner vc_custom_1615203489660\"><div class=\"wpb_wrapper\"><div class=\"norebro-heading-sc heading text-left\"\n\tid=\"norebro-custom-69ea725edd648\" \n\t \n\t>\n\t\n\t\n\t\n\t<h3 class=\"title\">\n\t\tTechnologue de l'habillement\nTechnologue et coupeur de patrons\t<\/h3>\n\n\t\n\t\t\t<p class=\"subtitle\">\n\t\t\t\t\t<\/p>\n\t\t\n<\/div><div class=\"vc_separator wpb_content_element vc_separator_align_center vc_sep_width_100 vc_sep_pos_align_center vc_separator_no_text vc_sep_color_grey vc_custom_1615211386416 wpb_content_element  vc_custom_1615211386416 wpb_content_element\" ><span class=\"vc_sep_holder vc_sep_holder_l\"><span class=\"vc_sep_line\"><\/span><\/span><span class=\"vc_sep_holder vc_sep_holder_r\"><span class=\"vc_sep_line\"><\/span><\/span>\n<\/div><div class=\"norebro-text-sc\" \n\tid=\"norebro-custom-69ea725edd981\" \n\t \n\t>\n\n\t<p>Knox recherche une personne dynamique et exp\u00e9riment\u00e9e pour rejoindre l'entreprise et travailler dans son studio de Londres.<\/p>\n<p>Knox est une entreprise de v\u00eatements de sport bien \u00e9tablie qui con\u00e7oit et produit des v\u00eatements, des protections, des gants et d'autres accessoires innovants et modernes pour le march\u00e9 de la moto.<\/p>\n<p>Knox est bas\u00e9 entre leur si\u00e8ge social dans le Lake District et leur studio de design \u00e0 East-London. Ce poste est bas\u00e9 \u00e0 Londres.<\/p>\n<p>Ce poste conviendra \u00e0 quelqu'un qui poss\u00e8de une exp\u00e9rience vari\u00e9e en mati\u00e8re de coupe de patrons, de technologie de l'habillement et de d\u00e9veloppement de produits.<\/p>\n\t\n<\/div><\/div><\/div><\/div><div class=\"wpb_column vc_column_container vc_col-sm-4 vc_col-has-fill\"><div class=\"vc_column-inner vc_custom_1615204638287\"><div class=\"wpb_wrapper\"><div class=\"norebro-heading-sc heading text-center\"\n\tid=\"norebro-custom-69ea725eddb82\" \n\t \n\t>\n\t\n\t\n\t\n\t<h3 class=\"title\">\n\t\tD\u00e9tails de l'emploi\t<\/h3>\n\n\t\n\t\t\t<p class=\"subtitle\">\n\t\t\t\t\t<\/p>\n\t\t\n<\/div><div class=\"norebro-text-sc\" \n\tid=\"norebro-custom-69ea725eddc6b\" \n\t \n\t>\n\n\t<p><strong>Titre du poste :<\/strong> Technologue de l'habillement et coupeur de patrons exp\u00e9riment\u00e9<br \/>\n<strong>Localisation :<\/strong> East-London, Royaume-Uni.<br \/>\n<strong>Type d'emploi :<\/strong> Temps plein, Permanent<strong><br \/>\n<\/strong><strong>Salaire : <\/strong>\u00a330,000.00-\u00a335,000.00 par an<\/p>\n<p><em>Le salaire d\u00e9pend de l'exp\u00e9rience<\/em><\/p>\n\t\n<\/div><div class=\"vc_empty_space\"   style=\"height: 25px\"><span class=\"vc_empty_space_inner\"><\/span><\/div><div class=\"norebro-button-sc btn-wrap text-center\" \n\tid=\"norebro-custom-69ea725edde0f\"\n\t \n\t>\n\n\t<a href=\"https:\/\/www.planet-knox.com\/fr\/knox-careers\/pattern-cutter-garment-technologist\/\" \n\t\tclass=\"btn  full-width\">\n\n\t\t\n\t\t\n\t\t<span class=\"text\">\n\t\t\tVoir l'offre d'emploi\t\t<\/span>\n\n\t\t\n\t\t\n\t\t\t<\/a>\n\n<\/div><\/div><\/div><\/div><\/div><div class=\"vc_empty_space\"   style=\"height: 65px\"><span class=\"vc_empty_space_inner\"><\/span><\/div><div class=\"vc_separator wpb_content_element vc_separator_align_center vc_sep_width_100 vc_sep_pos_align_center vc_separator_no_text vc_sep_color_grey wpb_content_element  wpb_content_element\" ><span class=\"vc_sep_holder vc_sep_holder_l\"><span class=\"vc_sep_line\"><\/span><\/span><span class=\"vc_sep_holder vc_sep_holder_r\"><span class=\"vc_sep_line\"><\/span><\/span>\n<\/div><div class=\"vc_empty_space\"   style=\"height: 65px\"><span class=\"vc_empty_space_inner\"><\/span><\/div><\/div><\/div><\/div><\/div><div class=\"vc_row wpb_row vc_row-fluid gradient-container-6\"><div class=\"gradient-column-2 wpb_column vc_column_container vc_col-sm-12\"><div class=\"vc_column-inner\"><div class=\"wpb_wrapper\"><\/div><\/div><\/div><\/div>\n<\/div>","protected":false},"excerpt":{"rendered":"La soci\u00e9t\u00e9 Knox est \u00e0 la recherche d'une personne dynamique et exp\u00e9riment\u00e9e pour rejoindre l'entreprise et travailler dans son studio de Londres. Knox est une entreprise de v\u00eatements de sport bien \u00e9tablie qui con\u00e7oit et produit des v\u00eatements, des protections, des gants et d'autres accessoires innovants et modernes...","protected":false},"author":1,"featured_media":0,"parent":0,"menu_order":0,"comment_status":"closed","ping_status":"closed","template":"","meta":{"_acf_changed":false,"inline_featured_image":false,"footnotes":""},"class_list":["post-154927","page","type-page","status-publish","hentry"],"acf":[],"aioseo_notices":[],"_links":{"self":[{"href":"https:\/\/www.planet-knox.com\/fr\/wp-json\/wp\/v2\/pages\/154927","targetHints":{"allow":["GET"]}}],"collection":[{"href":"https:\/\/www.planet-knox.com\/fr\/wp-json\/wp\/v2\/pages"}],"about":[{"href":"https:\/\/www.planet-knox.com\/fr\/wp-json\/wp\/v2\/types\/page"}],"author":[{"embeddable":true,"href":"https:\/\/www.planet-knox.com\/fr\/wp-json\/wp\/v2\/users\/1"}],"replies":[{"embeddable":true,"href":"https:\/\/www.planet-knox.com\/fr\/wp-json\/wp\/v2\/comments?post=154927"}],"version-history":[{"count":0,"href":"https:\/\/www.planet-knox.com\/fr\/wp-json\/wp\/v2\/pages\/154927\/revisions"}],"wp:attachment":[{"href":"https:\/\/www.planet-knox.com\/fr\/wp-json\/wp\/v2\/media?parent=154927"}],"curies":[{"name":"wp","href":"https:\/\/api.w.org\/{rel}","templated":true}]}}