{"id":149123,"date":"2021-01-11T12:55:33","date_gmt":"2021-01-11T12:55:33","guid":{"rendered":"https:\/\/www.planet-knox.com\/?page_id=149123"},"modified":"2024-10-21T10:21:43","modified_gmt":"2024-10-21T10:21:43","slug":"brand-guideline-request","status":"publish","type":"page","link":"https:\/\/www.planet-knox.com\/fr\/brand-guideline-request\/","title":{"rendered":"Demande d'inscription \u00e0 un site m\u00e9dia"},"content":{"rendered":"<div class=\"wpb-content-wrapper\"><div class=\"vc_row wpb_row vc_row-fluid gradient-container-1 vc_custom_1565868900608\"><div class=\"gradient-column-1 wpb_column vc_column_container vc_col-sm-12\"><div class=\"vc_column-inner vc_custom_1507281913425\"><div class=\"wpb_wrapper\"><h2 style=\"font-size: 36px;text-align: left\" class=\"vc_custom_heading vc_do_custom_heading\" >Portail m\u00e9diatique Knox et accord de marque<\/h2><div class=\"vc_empty_space\"   style=\"height: 32px\"><span class=\"vc_empty_space_inner\"><\/span><\/div><div class=\"norebro-text-sc\" \n\tid=\"norebro-custom-69f4255742c2a\" \n\t \n\t>\n\n\t<p>We are pleased to announce that the 2025 Media Portal is now live with the new 2025 assets. The updated portal contains everything you need to showcase the Knox brand.<\/p>\n<p>Pour obtenir l'acc\u00e8s au portail, la proc\u00e9dure est la m\u00eame que l'ann\u00e9e derni\u00e8re. Nous vous demandons de lire et de signer l'acceptation du nouvel accord de marque Knox.<br \/>\nL'accord fournit des conditions actualis\u00e9es et des conseils sur la mani\u00e8re d'utiliser le mat\u00e9riel de marketing.<\/p>\n<p>To receive a copy of the Knox brand guidelines and gain access to the 2025 media portal, please enter your details below. Submissions are reviewed and sent out in order of receipt, so please be aware it may take a couple of days before your guidelines are sent to you.<\/p>\n\t\n<\/div><div class=\"vc_row wpb_row vc_inner vc_row-fluid vc_row-o-content-top vc_row-flex\"><div class=\"left wpb_column vc_column_container vc_col-sm-8\"><div class=\"vc_column-inner\"><div class=\"wpb_wrapper\"><div class=\"norebro-contact-from-sc contact-form  text-left flat\"\n\tid=\"norebro-custom-69f4255742f96\" \n\t \n\t>\n\n\t\n<div class=\"wpcf7 no-js\" id=\"wpcf7-f149129-o1\" lang=\"en-GB\" dir=\"ltr\" data-wpcf7-id=\"149129\">\n<div class=\"screen-reader-response\"><p role=\"status\" aria-live=\"polite\" aria-atomic=\"true\"><\/p> <ul><\/ul><\/div>\n<form action=\"\/fr\/wp-json\/wp\/v2\/pages\/149123#wpcf7-f149129-o1\" method=\"post\" class=\"wpcf7-form init\" aria-label=\"Formulaire de contact\" novalidate=\"novalidate\" data-status=\"init\" data-trp-original-action=\"\/fr\/wp-json\/wp\/v2\/pages\/149123#wpcf7-f149129-o1\">\n<fieldset class=\"hidden-fields-container\"><input type=\"hidden\" name=\"_wpcf7\" value=\"149129\" \/><input type=\"hidden\" name=\"_wpcf7_version\" value=\"6.1.5\" \/><input type=\"hidden\" name=\"_wpcf7_locale\" value=\"en_GB\" \/><input type=\"hidden\" name=\"_wpcf7_unit_tag\" value=\"wpcf7-f149129-o1\" \/><input type=\"hidden\" name=\"_wpcf7_container_post\" value=\"0\" \/><input type=\"hidden\" name=\"_wpcf7_posted_data_hash\" value=\"\" \/>\n<\/fieldset>\n<p><label> Votre nom (obligatoire)<br \/>\n<span class=\"wpcf7-form-control-wrap\" data-name=\"your-name\"><input size=\"40\" maxlength=\"400\" class=\"wpcf7-form-control wpcf7-text wpcf7-validates-as-required\" aria-required=\"true\" aria-invalid=\"false\" value=\"\" type=\"text\" name=\"your-name\" \/><\/span> <\/label>\n<\/p>\n<p><label> Entreprise (obligatoire)<br \/>\n<span class=\"wpcf7-form-control-wrap\" data-name=\"your-company\"><input size=\"40\" maxlength=\"400\" class=\"wpcf7-form-control wpcf7-text wpcf7-validates-as-required\" aria-required=\"true\" aria-invalid=\"false\" value=\"\" type=\"text\" name=\"your-company\" \/><\/span> <\/label>\n<\/p>\n<p><label> Votre r\u00f4le (obligatoire)<br \/>\n<span class=\"wpcf7-form-control-wrap\" data-name=\"your-role\"><input size=\"40\" maxlength=\"400\" class=\"wpcf7-form-control wpcf7-text wpcf7-validates-as-required\" aria-required=\"true\" aria-invalid=\"false\" value=\"\" type=\"text\" name=\"your-role\" \/><\/span> <\/label>\n<\/p>\n<p><label> Votre adresse \u00e9lectronique (obligatoire)<br \/>\n<span class=\"wpcf7-form-control-wrap\" data-name=\"your-email\"><input size=\"40\" maxlength=\"400\" class=\"wpcf7-form-control wpcf7-email wpcf7-validates-as-required wpcf7-text wpcf7-validates-as-email\" aria-required=\"true\" aria-invalid=\"false\" value=\"\" type=\"email\" name=\"your-email\" \/><\/span> <\/label>\n<\/p>\n<p><label> T\u00e9l (obligatoire)<br \/>\n<span class=\"wpcf7-form-control-wrap\" data-name=\"your-tel\"><input size=\"40\" maxlength=\"400\" class=\"wpcf7-form-control wpcf7-text wpcf7-validates-as-required\" aria-required=\"true\" aria-invalid=\"false\" value=\"\" type=\"text\" name=\"your-tel\" \/><\/span> <\/label>\n<\/p>\n<p><label> Souhaitez-vous recevoir le fichier de t\u00e9l\u00e9chargement du produit Knox ?<br \/>\n<span class=\"wpcf7-form-control-wrap\" data-name=\"checkbox-444\"><span class=\"wpcf7-form-control wpcf7-checkbox\"><span class=\"wpcf7-list-item first last\"><label><input type=\"checkbox\" name=\"checkbox-444[]\" value=\"Yes, I would like the product upload file\" \/><span class=\"wpcf7-list-item-label\">Oui, je souhaite recevoir le fichier de t\u00e9l\u00e9chargement du produit<\/span><\/label><\/span><\/span><\/span><\/label>\n<\/p>\n<p><label> Veuillez confirmer que vous avez pris connaissance de la date d'embargo (obligatoire)<br \/>\n<span class=\"wpcf7-form-control-wrap\" data-name=\"checkbox-111444\"><span class=\"wpcf7-form-control wpcf7-checkbox wpcf7-validates-as-required\"><span class=\"wpcf7-list-item first last\"><label><input type=\"checkbox\" name=\"checkbox-111444[]\" value=\"Yes, I understand the 2024 collection is embargoed until Jan 18th 2024, and i will not share new content until this date.\" \/><span class=\"wpcf7-list-item-label\">Oui, je comprends que la collection 2024 est sous embargo jusqu'au 18 janvier 2024, et que je ne partagerai pas de nouveau contenu avant cette date.<\/span><\/label><\/span><\/span><\/span><\/label>\n<\/p>\n<p><label> R\u00e9ponse \u00e0 soumettre<br \/>\n<span class=\"wpcf7-form-control-wrap\" data-name=\"mathquiz\"><label><span class=\"wpcf7-quiz-label\">4+4=?<\/span> <input size=\"40\" class=\"wpcf7-form-control wpcf7-quiz\" autocomplete=\"off\" aria-required=\"true\" aria-invalid=\"false\" type=\"text\" name=\"mathquiz\" \/><\/label><input type=\"hidden\" name=\"_wpcf7_quiz_answer_mathquiz\" value=\"b71d4ec86148ad29fbc12bd9da9228cd\" \/><\/span><\/label>\n<\/p>\n<p><input class=\"wpcf7-form-control wpcf7-submit has-spinner\" type=\"submit\" value=\"Soumettre une demande de ligne directrice\" \/>\n<\/p><div class=\"wpcf7-response-output\" aria-hidden=\"true\"><\/div>\n<input type=\"hidden\" name=\"trp-form-language\" value=\"fr\"\/><\/form>\n<\/div>\n\n\t<div class=\"hidden\" data-contact-btn=\"true\">\n\t\t<button class=\"btn  btn-brand\">\n\t\t\t<span class=\"btn-load\"><\/span>\n\t\t\t<span class=\"text\"><\/span>\n\t\t<\/button>\n\t<\/div>\n<\/div><\/div><\/div><\/div><div class=\"wpb_column vc_column_container vc_col-sm-4\"><div class=\"vc_column-inner\"><div class=\"wpb_wrapper\">\n\t<div class=\"wpb_text_column wpb_content_element\" >\n\t\t<div class=\"wpb_wrapper\">\n\t\t\t<p><strong>Il est \u00e0 noter que la<\/strong><br \/>\n<span style=\"color: #ff0000;\"><strong>2025 COLLECTION IS UNDER EMBARGO UNTIL &#8230;.TBC<\/strong><\/span><br \/>\n<strong>Par cons\u00e9quent, toute commercialisation de nouveaux produits ne doit pas \u00eatre rendue publique avant cette date.<\/strong><\/p>\n\n\t\t<\/div>\n\t<\/div>\n<\/div><\/div><\/div><\/div><\/div><\/div><\/div><\/div>\n<\/div>","protected":false},"excerpt":{"rendered":"Knox Media Portal &amp; Brand Agreement We are pleased to announce that the 2025 Media Portal is now live with the new 2025 assets. The updated portal contains everything you need to showcase the Knox brand. To be given access to the portal the process...","protected":false},"author":1,"featured_media":0,"parent":0,"menu_order":0,"comment_status":"closed","ping_status":"closed","template":"","meta":{"_acf_changed":false,"inline_featured_image":false,"footnotes":""},"class_list":["post-149123","page","type-page","status-publish","hentry"],"acf":[],"aioseo_notices":[],"_links":{"self":[{"href":"https:\/\/www.planet-knox.com\/fr\/wp-json\/wp\/v2\/pages\/149123","targetHints":{"allow":["GET"]}}],"collection":[{"href":"https:\/\/www.planet-knox.com\/fr\/wp-json\/wp\/v2\/pages"}],"about":[{"href":"https:\/\/www.planet-knox.com\/fr\/wp-json\/wp\/v2\/types\/page"}],"author":[{"embeddable":true,"href":"https:\/\/www.planet-knox.com\/fr\/wp-json\/wp\/v2\/users\/1"}],"replies":[{"embeddable":true,"href":"https:\/\/www.planet-knox.com\/fr\/wp-json\/wp\/v2\/comments?post=149123"}],"version-history":[{"count":0,"href":"https:\/\/www.planet-knox.com\/fr\/wp-json\/wp\/v2\/pages\/149123\/revisions"}],"wp:attachment":[{"href":"https:\/\/www.planet-knox.com\/fr\/wp-json\/wp\/v2\/media?parent=149123"}],"curies":[{"name":"wp","href":"https:\/\/api.w.org\/{rel}","templated":true}]}}