{"id":149039,"date":"2021-01-08T10:31:15","date_gmt":"2021-01-08T10:31:15","guid":{"rendered":"https:\/\/www.planet-knox.com\/?page_id=149039"},"modified":"2022-12-12T12:51:53","modified_gmt":"2022-12-12T12:51:53","slug":"brexit-info-europe","status":"publish","type":"page","link":"https:\/\/www.planet-knox.com\/fr\/brexit-info-europe\/","title":{"rendered":"Mise \u00e0 jour sur le Brexit pour les clients de l'UE"},"content":{"rendered":"<div class=\"wpb-content-wrapper\"><div class=\"vc_row wpb_row vc_row-fluid gradient-container-1 vc_custom_1565868900608\"><div class=\"gradient-column-1 wpb_column vc_column_container vc_col-sm-12\"><div class=\"vc_column-inner vc_custom_1507281913425\"><div class=\"wpb_wrapper\">\n\t<div class=\"wpb_text_column wpb_content_element\" >\n\t\t<div class=\"wpb_wrapper\">\n\t\t\t<p>Depuis le 1er janvier 2021, le Royaume-Uni a quitt\u00e9 l'Union europ\u00e9enne et le march\u00e9 unique.Chez Knox, nous accordons une grande importance \u00e0 nos clients europ\u00e9ens et nous voulons nous assurer que les commandes vous parviennent sans probl\u00e8me.Veuillez vous assurer de lire cet avis important avant de passer une commande.<\/p>\n<ul>\n<li>Nous continuons \u00e0 exp\u00e9dier vers toutes les destinations europ\u00e9ennes en utilisant notre coursier UPS.Toutes les commandes sont suivies et s\u00e9curis\u00e9es.<\/li>\n<li>Les frais d'exp\u00e9dition seront calcul\u00e9s au moment de la validation du panier, une fois l'adresse saisie.<\/li>\n<li>Les prix sont d\u00e9sormais affich\u00e9s sur notre site <strong>sans TVA<\/strong> pour les achats effectu\u00e9s en dehors du Royaume-Uni.<\/li>\n<li>Toutes les commandes sont exp\u00e9di\u00e9es selon les conditions DAP, ce qui signifie que Knox sera responsable de l'exportation de votre commande, mais qu'il vous sera demand\u00e9 de payer la TVA et les droits de douane de votre pays avant que les marchandises ne vous soient livr\u00e9es.<\/li>\n<li>Avant que la commande ne vous soit livr\u00e9e, UPS vous contactera pour collecter la TVA locale, les droits d'importation ou les frais. Vous pouvez \u00e9galement payer ces frais en ligne en utilisant le num\u00e9ro de suivi de votre colis. Lorsque le num\u00e9ro de suivi est saisi sur le site web d'UPS, une option \"payer maintenant\" devrait \u00eatre disponible une fois que les marchandises sont pr\u00eates \u00e0 vous \u00eatre livr\u00e9es.Ces frais vous seront notifi\u00e9s par UPS, et non par Knox, et vous devrez les payer pour recevoir votre commande.<\/li>\n<li>Les colis refus\u00e9s par les clients au port d'entr\u00e9e seront renvoy\u00e9s \u00e0 Knox et les frais UPS seront d\u00e9duits du remboursement du client.<\/li>\n<\/ul>\n<p>Nous nous efforcerons de rendre le transport vers l'Europe aussi facile que possible et nous surveillerons attentivement tous les envois au cours des prochains mois pour voir si des am\u00e9liorations peuvent \u00eatre apport\u00e9es.<\/p>\n<h4>Knox a \u00e9galement des revendeurs en Europe. Utilisez le moteur de recherche de magasins ci-dessous pour trouver le revendeur europ\u00e9en le plus proche de chez vous.<\/h4>\n\n\t\t<\/div>\n\t<\/div>\n\n        <div id=\"store_locator\" class=\"store-locator-container-fluid store_locator modal-body\"  data-hide-stores-on-first-view=\"no\">\n\n            <div class=\"store-locator-row\">\n                \n        <div id=\"store_locator_search_box\" class=\"store_locator_search_box store-locator-col-12 store-locator-col-sm-12 store-locator-col-md-12\">\n\n            <div class=\"store-locator-row\">\n\n            <div class=\"store-locator-col-12 store-locator-col-sm-12 store-locator-col-md-12 wordpress-store-locator-block-search_title\">\n        <div class=\"store-locator-headline store_modal_title\">Trouvez le magasin le plus proche de chez vous<\/div>\n\n        \n        <span id=\"store_locator_filter_active_filter_box\" class=\"store_locator_filter_active_filter_box\">\n           <small>Filtre actif :<\/small> <span id=\"store_locator_filter_active_filter\"><\/span>\n        <\/span>\n\n        <\/div><div class=\"store-locator-col-12 store-locator-col-sm-12 store-locator-col-md-12 wordpress-store-locator-block-address_field\">        <div class=\"wordpress-store-locator-address-container\">\n            <div class=\"store-locator-row\">\n                <div class=\"store-locator-col-12 store-locator-col-sm-12\">\n\n                                            <label for=\"store_locator_address_field\"  class=\"wordpress-store-locator-label wordpress-store-locator-address-title\">Adresse<\/label>\n                    \n                    <input id=\"store_locator_address_field\" class=\"store_locator_address_field\" type=\"text\" name=\"location\" placeholder=\"Entrez votre adresse\" value=\"\">\n\n                            <a href=\"#\" id=\"store_locator_get_my_position\" class=\"store_locator_text_actions\"><i class=\"fa fa-crosshairs\"><\/i> Obtenir ma position<\/a>\n                <a href=\"#\" id=\"store_locator_reset_filters\" class=\"store_locator_text_actions\"><i class=\"fa fa-eraser\"><\/i> R\u00e9initialiser tous les filtres<\/a>\n                 <a href=\"#\" id=\"store_locator_get_all_stores\" class=\"store_locator_text_actions\"><i class=\"fa fa-globe\"><\/i> Afficher tous les magasins<\/a>\n                        <\/div>\n            <\/div>\n        <\/div>\n        <\/div><div class=\"store-locator-col-12 store-locator-col-sm-12 store-locator-col-md-12 wordpress-store-locator-block-search_button\">        <div class=\"wordpress-store-locator-search-container\">\n            <div class=\"store-locator-row\">\n                <div class=\"store-locator-col-12 store-locator-col-sm-12\">\n                    <button id=\"store_locator_find_stores_button\" type=\"button\" class=\"store_locator_find_stores_button btn button et_pb_button btn-primary btn-lg\">\n                        Trouver en magasin                    <\/button>\n                <\/div>\n            <\/div>\n        <\/div>\n        <\/div><div class=\"store-locator-col-12 store-locator-col-sm-12 store-locator-col-md-12 wordpress-store-locator-block-filter\">        <div class=\"wordpress-store-locator-filter-container\">\n            <div class=\"store-locator-row\">\n                <div id=\"store_locator_filter\" class=\"store_locator_filter\">\n\n                                        <div id=\"store_locator_filter_open_close\" class=\"store_locator_filter_open_close store-locator-col-12 store-locator-col-sm-12\">\n                        <div class=\"store-locator-headline store_locator_filter_title\">Filtre<\/div> <i class=\"fas fa-chevron-up text-right\"><\/i>\n                    <\/div>\n                    \n                    <div id=\"store_locator_filter_content\" class=\"store_locator_filter_content\" style=\"display: block;\">\n\n                        <div class=\"store-locator-row\">\n                            \n                            <div class=\"store-locator-col-12 store-locator-col-sm-12 store-locator-col-md-12 wordpress-store-locator-block-radius_filter\">        <div class=\"store-locator-col-12 store-locator-col-sm-12 single_filter store-locator-radius-filter\">\n            \n                            <label for=\"store_locator_filter_radius\"  class=\"wordpress-store-locator-label wordpress-store-locator-radius-title\">Quelle est la distance que vous \u00eates pr\u00eat \u00e0 parcourir ?<\/label>\n                        \n            <select name=\"radius\" id=\"store_locator_filter_radius\" class=\"select store_locator_filter_radius\">\n            <option value=\"25\" >25 mi<\/option><option value=\"50\" >50 mi<\/option><option value=\"100\" >100 mi<\/option><option value=\"250\" selected=\"selected\">250 mi<\/option><option value=\" 350\" > 350 mi<\/option><option value=\" 500\" > 500 mi<\/option><option value=\" 1000\" > 1000 mi<\/option><option value=\" 1500\" > 1500 mi<\/option><option value=\"2000\" >2000 mi<\/option><option value=\" 2500\" > 2500 mi<\/option>            <\/select>\n        <\/div>\n\n        <\/div>                        <\/div>\n                    <\/div>\n                <\/div>\n            <\/div>\n        <\/div>\n        <\/div>            <\/div>\n\n        <\/div>\n\n        \n        \n        <div id=\"store_locator_main\" class=\"store_locator_main  store-locator-col-12 store-locator-col-sm-12 store-locator-col-md-12\">\n            <div id=\"store_locator_map\" style=\"height: 100%;\"><\/div>\n            <div id=\"store_locator_dragged_button\" class=\"btn button et_pb_button button-primary theme-button store_locator_dragged_button\">\n                Rechercher dans cette zone            <\/div>\n        <\/div>\n\n                <div id=\"store_locator_sidebar\" class=\"store_locator_sidebar store-locator-col-12 store-locator-col-sm-12 store-locator-col-md-12 below\">\n            <div id=\"store_locator_sidebar_content\" class=\"store_locator_sidebar_content store-locator-row\">\n                    <div id=\"store_locator_result_list_box\" class=\"store_locator_result_list_box store-locator-col-12 store-locator-col-sm-12\">\n            <hr class=\"grey\">\n\n                            <div id=\"store_locator_result_open_close\" class=\"store_locator_result_open_close\">\n                    <div class=\"store_locator_result_list_title\">R\u00e9sultats<\/div>\n                    <i class=\"fas fa-chevron-up text-right\"><\/i>\n                <\/div>\n                        \n            <div id=\"store_locator_result_list\" class=\"store-locator-row\" style=\"display: flex;\">\n                \n            <\/div>\n        <\/div>\n                    <\/div>\n        <\/div>\n\n                    <\/div>\n            <button type=\"button\" id=\"store_modal_close\" class=\"store_modal_close\" data-dismiss=\"modal\" aria-label=\"Fermer\"><span aria-hidden=\"true\">\u00d7<\/span><\/button>\n            <div id=\"store_locator_loading\" class=\"store_locator_loading store_locator_hidden\"><i class=\"fa-spin fa-3x\"><\/i><\/div>\n        <\/div>\n\n    \n\t<div class=\"wpb_text_column wpb_content_element\" >\n\t\t<div class=\"wpb_wrapper\">\n\t\t\t\n\n\t\t<\/div>\n\t<\/div>\n\n\t<div class=\"wpb_text_column wpb_content_element\" >\n\t\t<div class=\"wpb_wrapper\">\n\t\t\t<p>Si vous avez des questions, veuillez envoyer un courriel \u00e0\u00a0<a href=\"mailto:sales@planet-knox.com\">sales@planet-knox.com<\/a><\/p>\n\n\t\t<\/div>\n\t<\/div>\n<\/div><\/div><\/div><\/div>\n<\/div>","protected":false},"excerpt":{"rendered":"Depuis le 1er janvier 2021, le Royaume-Uni a quitt\u00e9 l'Union europ\u00e9enne et le march\u00e9 unique.Chez Knox, nous accordons une grande importance \u00e0 nos clients europ\u00e9ens et nous voulons nous assurer que les commandes vous parviennent sans probl\u00e8me.Veuillez vous assurer de lire cet avis important avant de passer une commande. Nous continuons \u00e0 exp\u00e9dier...","protected":false},"author":1,"featured_media":0,"parent":0,"menu_order":0,"comment_status":"closed","ping_status":"closed","template":"","meta":{"_acf_changed":false,"inline_featured_image":false,"footnotes":""},"class_list":["post-149039","page","type-page","status-publish","hentry"],"acf":[],"aioseo_notices":[],"_links":{"self":[{"href":"https:\/\/www.planet-knox.com\/fr\/wp-json\/wp\/v2\/pages\/149039","targetHints":{"allow":["GET"]}}],"collection":[{"href":"https:\/\/www.planet-knox.com\/fr\/wp-json\/wp\/v2\/pages"}],"about":[{"href":"https:\/\/www.planet-knox.com\/fr\/wp-json\/wp\/v2\/types\/page"}],"author":[{"embeddable":true,"href":"https:\/\/www.planet-knox.com\/fr\/wp-json\/wp\/v2\/users\/1"}],"replies":[{"embeddable":true,"href":"https:\/\/www.planet-knox.com\/fr\/wp-json\/wp\/v2\/comments?post=149039"}],"version-history":[{"count":0,"href":"https:\/\/www.planet-knox.com\/fr\/wp-json\/wp\/v2\/pages\/149039\/revisions"}],"wp:attachment":[{"href":"https:\/\/www.planet-knox.com\/fr\/wp-json\/wp\/v2\/media?parent=149039"}],"curies":[{"name":"wp","href":"https:\/\/api.w.org\/{rel}","templated":true}]}}