{"id":84713,"date":"2019-02-28T19:46:39","date_gmt":"2019-02-28T19:46:39","guid":{"rendered":"https:\/\/knoxnetwork.uk\/?post_type=product&#038;p=84713"},"modified":"2026-03-24T09:19:39","modified_gmt":"2026-03-24T09:19:39","slug":"whip-glove","status":"publish","type":"product","link":"https:\/\/www.planet-knox.com\/et\/toode\/whip-glove\/","title":{"rendered":"Whip Women&#8217;s Glove"},"content":{"rendered":"<div class=\"wpb-content-wrapper\"><div id=\"sizeguide\" class=\"vc_row wpb_row vc_row-fluid gradient-container-1\"><div class=\"gradient-column-1 wpb_column vc_column_container vc_col-sm-12\"><div class=\"vc_column-inner\"><div class=\"wpb_wrapper\"><div class=\"norebro-heading-sc heading text-center\"\n\tid=\"norebro-custom-6a02597108fe4\" \n\t \n\t>\n\t\n\t\n\t\n\t<h3 class=\"title\">\n\t\tSuurusjuhend\t<\/h3>\n\n\t\n\t\t\t<p class=\"subtitle\">\n\t\t\tKas vajate abi? Kasuta live-chatti v\u00f5i kirjuta meile aadressil: <a href=\"mailto:sales@planet-knox.com\">sales@planet-knox.com<\/a>\t\t<\/p>\n\t\t\n<\/div><div class=\"vc_empty_space\"   style=\"height: 32px\"><span class=\"vc_empty_space_inner\"><\/span><\/div><div class=\"vc_separator wpb_content_element vc_separator_align_center vc_sep_width_100 vc_sep_pos_align_center vc_separator_no_text vc_sep_color_grey wpb_content_element  wpb_content_element\" ><span class=\"vc_sep_holder vc_sep_holder_l\"><span class=\"vc_sep_line\"><\/span><\/span><span class=\"vc_sep_holder vc_sep_holder_r\"><span class=\"vc_sep_line\"><\/span><\/span>\n<\/div><div class=\"vc_empty_space\"   style=\"height: 32px\"><span class=\"vc_empty_space_inner\"><\/span><\/div>\n\t<div  class=\"wpb_single_image wpb_content_element vc_align_center wpb_content_element\">\n\t\t\n\t\t<figure class=\"wpb_wrapper vc_figure\">\n\t\t\t<div class=\"vc_single_image-wrapper   vc_box_border_grey\"><img decoding=\"async\" width=\"400\" height=\"293\" src=\"https:\/\/www.planet-knox.com\/wp-content\/uploads\/2019\/02\/womens-gloves.png\" class=\"vc_single_image-img attachment-full\" alt=\"\" title=\"womens-gloves\" srcset=\"https:\/\/www.planet-knox.com\/wp-content\/uploads\/2019\/02\/womens-gloves.png 400w, https:\/\/www.planet-knox.com\/wp-content\/uploads\/2019\/02\/womens-gloves-16x12.png 16w\" sizes=\"(max-width: 400px) 100vw, 400px\" \/><\/div>\n\t\t<\/figure>\n\t<\/div>\n<div class=\"norebro-text-sc\" \n\tid=\"norebro-custom-6a02597109733\" \n\t \n\t>\n\n\t<p style=\"text-align: center;\"><strong>Peopesa \u00fcmberm\u00f5\u00f5t (A):<\/strong> Peopesa \u00fcmberm\u00f5\u00f5t on kogu m\u00f5\u00f5tmine \u00fcmber peopesa k\u00f5ige laiema osa ja \u00fcle s\u00f5rmenukkide. Pange m\u00f5\u00f5dulint \u00fcmber peopesa ja tehke rusikas, seej\u00e4rel m\u00e4rkige m\u00f5\u00f5tmed.<\/p>\n<p style=\"text-align: center;\"><strong>K\u00e4e pikkus (B):<\/strong> M\u00f5\u00f5tke randmepunnist kuni keskmise s\u00f5rme otsani.<\/p>\n<p style=\"text-align: center;\">M\u00f5\u00f5tke oma k\u00e4e pikkus ja laius ning valige oma m\u00f5\u00f5tmetele k\u00f5ige l\u00e4hemal olev suurus. See peaks sobima teie k\u00e4ele \u00f5igesti. Kui teie k\u00e4si sobib \u00fchele m\u00f5\u00f5tmele, kuid teisele mitte, v\u00f5i kui eelistate l\u00f5dvemat istuvust, soovitame valida j\u00e4rgmise suuruse.<\/p>\n\t\n<\/div><div class=\"vc_row wpb_row vc_inner vc_row-fluid vc_row-o-content-middle vc_row-flex\"><div class=\"wpb_column vc_column_container vc_col-sm-12\"><div class=\"vc_column-inner\"><div class=\"wpb_wrapper\">\n\t<div class=\"wpb_raw_code wpb_raw_html wpb_content_element\" >\n\t\t<div class=\"wpb_wrapper\">\n\t\t\t<table class=\"knoxtable womensglove\" cellspacing=\"0\" cellpadding=\"0\" width=\"100%\">\n  <tr>\n    <th>Women's Hand Size<\/td>\n    <th>XS<\/th>\n    <th>S<\/th>\n    <th>M<\/th>\n    <th>L<\/th>\n    <th>XL<\/th>\n    <th>XXL<\/th>\n  <\/tr>\n  <tr>\n    <td>Peopesa \u00fcmberm\u00f5\u00f5t (mm)<\/td>\n    <td>184<\/td>\n    <td>194<\/td>\n    <td>204<\/td>\n    <td>214<\/td>\n    <td>224<\/td>\n    <td>230<\/td>\n  <\/tr>\n  <tr>\n    <td>K\u00e4e pikkus (mm)<\/td>\n    <td>170<\/td>\n    <td>177<\/td>\n    <td>183<\/td>\n    <td>190<\/td>\n    <td>197<\/td>\n    <td>202<\/td>\n  <\/tr>\n<\/table>\n\t\t<\/div>\n\t<\/div>\n<\/div><\/div><\/div><\/div><div class=\"vc_empty_space\"   style=\"height: 64px\"><span class=\"vc_empty_space_inner\"><\/span><\/div><div class=\"vc_row wpb_row vc_inner vc_row-fluid sizeguidehelpcolumn vc_row-o-content-top vc_row-flex\"><div class=\"wpb_column vc_column_container vc_col-sm-6\"><div class=\"vc_column-inner\"><div class=\"wpb_wrapper\"><div class=\"vc_separator wpb_content_element vc_separator_align_center vc_sep_width_100 vc_sep_pos_align_center vc_sep_color_grey wpb_content_element vc_separator-has-text\" ><span class=\"vc_sep_holder vc_sep_holder_l\"><span class=\"vc_sep_line\"><\/span><\/span><h4>THE SEASONLESS COLLECTION<\/h4><span class=\"vc_sep_holder vc_sep_holder_r\"><span class=\"vc_sep_line\"><\/span><\/span>\n<\/div><div class=\"vc_empty_space\"   style=\"height: 32px\"><span class=\"vc_empty_space_inner\"><\/span><\/div>\n\t<div  class=\"wpb_single_image wpb_content_element vc_align_center wpb_content_element wpb_animate_when_almost_visible wpb_fadeIn fadeIn\">\n\t\t\n\t\t<figure class=\"wpb_wrapper vc_figure\">\n\t\t\t<a href=\"https:\/\/www.planet-knox.com\/et\/seasonless-collection\/\" target=\"_self\" class=\"vc_single_image-wrapper   vc_box_border_grey\"><img decoding=\"async\" width=\"1320\" height=\"743\" src=\"https:\/\/www.planet-knox.com\/wp-content\/uploads\/2022\/01\/seasonless-15.jpg\" class=\"vc_single_image-img attachment-full\" alt=\"\" title=\"seasonless-15\" srcset=\"https:\/\/www.planet-knox.com\/wp-content\/uploads\/2022\/01\/seasonless-15.jpg 1320w, https:\/\/www.planet-knox.com\/wp-content\/uploads\/2022\/01\/seasonless-15-500x281.jpg 500w, https:\/\/www.planet-knox.com\/wp-content\/uploads\/2022\/01\/seasonless-15-768x432.jpg 768w, https:\/\/www.planet-knox.com\/wp-content\/uploads\/2022\/01\/seasonless-15-18x10.jpg 18w\" sizes=\"(max-width: 1320px) 100vw, 1320px\" \/><\/a>\n\t\t<\/figure>\n\t<\/div>\n<div class=\"vc_empty_space\"   style=\"height: 32px\"><span class=\"vc_empty_space_inner\"><\/span><\/div><div class=\"norebro-text-sc\" \n\tid=\"norebro-custom-6a0259710a263\" \n\t \n\t>\n\n\t<p style=\"text-align: center;\">Core Knox pieces, used for every ride and every season. Start with core protection and add layers to adapt and overcome all conditions, from unbearable heat through to driving rain.<\/p>\n\t\n<\/div><div class=\"vc_empty_space\"   style=\"height: 32px\"><span class=\"vc_empty_space_inner\"><\/span><\/div><div class=\"norebro-button-sc btn-wrap text-center\" \n\tid=\"norebro-custom-6a0259710a2f4\"\n\t \n\t>\n\n\t<a href=\"https:\/\/www.planet-knox.com\/et\/seasonless-collection\/\" \n\t\tclass=\"btn  btn-outline\">\n\n\t\t\n\t\t\n\t\t<span class=\"text\">\n\t\t\tFind Out More\t\t<\/span>\n\n\t\t\n\t\t\n\t\t\t<\/a>\n\n<\/div><div class=\"vc_empty_space\"   style=\"height: 32px\"><span class=\"vc_empty_space_inner\"><\/span><\/div><div class=\"vc_empty_space\"   style=\"height: 32px\"><span class=\"vc_empty_space_inner\"><\/span><\/div><\/div><\/div><\/div><div class=\"wpb_column vc_column_container vc_col-sm-6\"><div class=\"vc_column-inner\"><div class=\"wpb_wrapper\"><div class=\"vc_separator wpb_content_element vc_separator_align_center vc_sep_width_100 vc_sep_pos_align_center vc_sep_color_grey wpb_content_element vc_separator-has-text\" ><span class=\"vc_sep_holder vc_sep_holder_l\"><span class=\"vc_sep_line\"><\/span><\/span><h4>HAND ARMOUR<\/h4><span class=\"vc_sep_holder vc_sep_holder_r\"><span class=\"vc_sep_line\"><\/span><\/span>\n<\/div><div class=\"vc_empty_space\"   style=\"height: 32px\"><span class=\"vc_empty_space_inner\"><\/span><\/div>\n\t<div  class=\"wpb_single_image wpb_content_element vc_align_center wpb_content_element wpb_animate_when_almost_visible wpb_fadeIn fadeIn\">\n\t\t\n\t\t<figure class=\"wpb_wrapper vc_figure\">\n\t\t\t<a href=\"https:\/\/www.planet-knox.com\/et\/hand-armour\/\" target=\"_self\" class=\"vc_single_image-wrapper   vc_box_border_grey\"><img decoding=\"async\" width=\"1320\" height=\"743\" src=\"https:\/\/www.planet-knox.com\/wp-content\/uploads\/2022\/01\/seasonless-12.jpg\" class=\"vc_single_image-img attachment-full\" alt=\"\" title=\"seasonless-12\" srcset=\"https:\/\/www.planet-knox.com\/wp-content\/uploads\/2022\/01\/seasonless-12.jpg 1320w, https:\/\/www.planet-knox.com\/wp-content\/uploads\/2022\/01\/seasonless-12-500x281.jpg 500w, https:\/\/www.planet-knox.com\/wp-content\/uploads\/2022\/01\/seasonless-12-768x432.jpg 768w, https:\/\/www.planet-knox.com\/wp-content\/uploads\/2022\/01\/seasonless-12-18x10.jpg 18w\" sizes=\"(max-width: 1320px) 100vw, 1320px\" \/><\/a>\n\t\t<\/figure>\n\t<\/div>\n<div class=\"vc_empty_space\"   style=\"height: 32px\"><span class=\"vc_empty_space_inner\"><\/span><\/div><div class=\"norebro-text-sc\" \n\tid=\"norebro-custom-6a0259710a9f6\" \n\t \n\t>\n\n\t<p style=\"text-align: center;\">Hands are one of our greatest assets, vitally important for gripping, holding, feeling, and modulating. In short, they\u2019re worth protecting!<\/p>\n\t\n<\/div><div class=\"vc_empty_space\"   style=\"height: 32px\"><span class=\"vc_empty_space_inner\"><\/span><\/div><div class=\"norebro-button-sc btn-wrap text-center\" \n\tid=\"norebro-custom-6a0259710aa77\"\n\t \n\t>\n\n\t<a href=\"https:\/\/www.planet-knox.com\/et\/hand-armour\/\" \n\t\tclass=\"btn  btn-outline\">\n\n\t\t\n\t\t\n\t\t<span class=\"text\">\n\t\t\tFind Out More\t\t<\/span>\n\n\t\t\n\t\t\n\t\t\t<\/a>\n\n<\/div><div class=\"vc_empty_space\"   style=\"height: 32px\"><span class=\"vc_empty_space_inner\"><\/span><\/div><div class=\"vc_empty_space\"   style=\"height: 32px\"><span class=\"vc_empty_space_inner\"><\/span><\/div><\/div><\/div><\/div><\/div><\/div><\/div><\/div><\/div><div id=\"relatedproducts\" data-vc-full-width=\"true\" data-vc-full-width-init=\"false\" class=\"vc_row wpb_row vc_row-fluid gradient-container-2\"><div class=\"gradient-column-2 wpb_column vc_column_container vc_col-sm-12\"><div class=\"vc_column-inner\"><div class=\"wpb_wrapper\"><div class=\"norebro-heading-sc heading text-center\"\n\tid=\"norebro-custom-6a0259710aed4\" \n\t \n\t>\n\t\n\t\n\t\n\t<h3 class=\"title\">\n\t\tRelated Products\t<\/h3>\n\n\t\n\t\t\t<p class=\"subtitle\">\n\t\t\tNeed help selecting products that go well together? Use Live chat or email us at: <a href=\"mailto:sales@planet-knox.com\">sales@planet-knox.com<\/a>\t\t<\/p>\n\t\t\n<\/div><div class=\"vc_empty_space\"   style=\"height: 32px\"><span class=\"vc_empty_space_inner\"><\/span><\/div><div class=\"vc_separator wpb_content_element vc_separator_align_center vc_sep_width_100 vc_sep_pos_align_center vc_separator_no_text vc_sep_color_grey wpb_content_element  wpb_content_element\" ><span class=\"vc_sep_holder vc_sep_holder_l\"><span class=\"vc_sep_line\"><\/span><\/span><span class=\"vc_sep_holder vc_sep_holder_r\"><span class=\"vc_sep_line\"><\/span><\/span>\n<\/div><div class=\"vc_empty_space\"   style=\"height: 32px\"><span class=\"vc_empty_space_inner\"><\/span><\/div><div class=\"woocommerce columns-3\">\n<div class=\"vc_row\">\n\t<ul class=\"woo-products norebro-masonry\" data-lazy-container=\"products\">\n\n<li class=\"post-80393 product type-product status-publish has-post-thumbnail product_cat-adventure-riding-collection product_cat-sale product_cat-base-layers product_cat-sponsored-rider-womens-black-handroid product_cat-women product_cat-womens-base-layers product_cat-womens-long-sleeve-baselayers product_tag-women pa_easproj_hs6p_received-2775 pa_easproj_originating_country-tu pa_size-2xl pa_size-l pa_size-m pa_size-s pa_size-xl pa_size-xs first instock sale taxable shipping-taxable purchasable product-type-variable has-default-attributes\" data-product-item=\"true\" data-lazy-item=\"\" data-lazy-scope=\"products\">\n\t<div class=\"product-content trans-shadow\">\n\t\t<a href=\"https:\/\/www.planet-knox.com\/et\/toode\/mia-dual-active-baselayer\/\" class=\"static\">\n\t\t\t<div class=\"image-wrap\">\n\t\t\t\t\n\t<span class=\"woo-onsale brand-bg-color\">SALE<\/span>\n\n\t\t\t\t<div class=\"noslide\">\n\t\t\t\t\n\t\t\t\t\t\n\t<span class=\"woo-onsale brand-bg-color\">SALE<\/span>\n<img decoding=\"async\" width=\"650\" height=\"650\" src=\"https:\/\/www.planet-knox.com\/wp-content\/uploads\/2018\/10\/KNXDualMia_1-650x650.jpg\" class=\"attachment-woocommerce_thumbnail size-woocommerce_thumbnail\" alt=\"Mia Dual Active Base Layer\" srcset=\"https:\/\/www.planet-knox.com\/wp-content\/uploads\/2018\/10\/KNXDualMia_1-650x650.jpg 650w, https:\/\/www.planet-knox.com\/wp-content\/uploads\/2018\/10\/KNXDualMia_1-500x500.jpg 500w, https:\/\/www.planet-knox.com\/wp-content\/uploads\/2018\/10\/KNXDualMia_1-1500x1500.jpg 1500w, https:\/\/www.planet-knox.com\/wp-content\/uploads\/2018\/10\/KNXDualMia_1-768x768.jpg 768w, https:\/\/www.planet-knox.com\/wp-content\/uploads\/2018\/10\/KNXDualMia_1-1536x1536.jpg 1536w, https:\/\/www.planet-knox.com\/wp-content\/uploads\/2018\/10\/KNXDualMia_1-scaled.jpg 2048w, https:\/\/www.planet-knox.com\/wp-content\/uploads\/2018\/10\/KNXDualMia_1-12x12.jpg 12w, https:\/\/www.planet-knox.com\/wp-content\/uploads\/2018\/10\/KNXDualMia_1-200x200.jpg 200w, https:\/\/www.planet-knox.com\/wp-content\/uploads\/2018\/10\/KNXDualMia_1-1920x1920.jpg 1920w\" sizes=\"(max-width: 650px) 100vw, 650px\" \/>\n\t\t\t\t<\/div>\n\n\t\t\t<\/div>\n\n\t\t<\/a><a href=\"https:\/\/www.planet-knox.com\/et\/toode\/mia-dual-active-baselayer\/\" aria-describedby=\"woocommerce_loop_add_to_cart_link_describedby_80393\" data-quantity=\"1\" class=\"btn btn-brand button product_type_variable add_to_cart_button\" data-product_id=\"80393\" data-product_sku=\"KNXDualMia\" aria-label=\"Vali tootele \u201cMia Dual Active Base Layer\u201d omadused\" rel=\"nofollow\" data-no-translation=\"\" data-trp-gettext=\"\" data-no-translation-aria-label=\"\">Vali<\/a><span id=\"woocommerce_loop_add_to_cart_link_describedby_80393\" class=\"screen-reader-text\">\n\tSellel tootel on mitu varianti. Valikud saab valida toote lehel<\/span>\n<span class=\"gtm4wp_productdata\" style=\"display:none; visibility:hidden;\" data-gtm4wp_product_data=\"{&quot;internal_id&quot;:80393,&quot;item_id&quot;:&quot;KNXDualMia&quot;,&quot;item_name&quot;:&quot;Mia Dual Active Base Layer&quot;,&quot;sku&quot;:&quot;KNXDualMia&quot;,&quot;price&quot;:29.99,&quot;stocklevel&quot;:1,&quot;stockstatus&quot;:&quot;instock&quot;,&quot;google_business_vertical&quot;:&quot;retail&quot;,&quot;item_category&quot;:&quot;Adventure Riding&quot;,&quot;id&quot;:&quot;KNXDualMia&quot;,&quot;item_brand&quot;:&quot;Women\\u2019s Long Sleeve BaseLayers&quot;,&quot;productlink&quot;:&quot;https:\\\/\\\/www.planet-knox.com\\\/et\\\/toode\\\/mia-dual-active-baselayer\\\/&quot;,&quot;item_list_name&quot;:&quot;General Product List&quot;,&quot;index&quot;:1,&quot;product_type&quot;:&quot;variable&quot;}\"><\/span>\t\t<div class=\"wc-product-title-wrap\">\n\t\t\t\t\t\n\t\t\t\t\t\n\t\t\t\t\t\n\t\t\t\t\t\n\t\t\t\t\t\n\t\t\t\t\t\n\t\t\t\t\t\n\t\t\t\t\t\t<h3>\n\t\t\t\t<a href=\"https:\/\/www.planet-knox.com\/et\/toode\/mia-dual-active-baselayer\/\" class=\"color-dark\">\n\t\t\t\t\tMia Dual Active Base Layer\t\t\t\t<\/a>\n\t\t\t<\/h3>\n\t\t\t<div class=\"price\">\n\t\t\t\t<span class=\"wcpbc-price wcpbc-price-80393\" data-product-id=\"80393\"><del aria-hidden=\"true\"><span data-product-vat=\"20\" class=\"woocommerce-Price-amount amount\"><span class=\"woocommerce-Price-currencySymbol\">\u00a3<\/span>44.99<\/span><\/del> <span class=\"screen-reader-text\" data-no-translation=\"\" data-trp-gettext=\"\">Algne hind oli: &pound;44.99.<\/span><ins aria-hidden=\"true\"><span data-product-vat=\"20\" class=\"woocommerce-Price-amount amount\"><span class=\"woocommerce-Price-currencySymbol\">\u00a3<\/span>29.99<\/span><\/ins><span class=\"screen-reader-text\" data-no-translation=\"\" data-trp-gettext=\"\">Current price is: &pound;29.99.<\/span><\/span>\t\t\t<\/div>\n\t\t\t<div class=\"clear\"><\/div>\n\t\t<\/div>\n\t<\/div>\n<\/li>\n\n<li class=\"post-139945 product type-product status-publish has-post-thumbnail product_cat-sale product_cat-denim product_cat-shield product_cat-trousers product_cat-womens-denim-trousers product_cat-womens-motorcycle-trousers product_tag-women pa_easproj_hs6p_received-2782 pa_easproj_originating_country-in pa_size-2xl pa_size-l pa_size-m pa_size-s pa_size-xl pa_size-xs  instock sale taxable shipping-taxable purchasable product-type-variable has-default-attributes\" data-product-item=\"true\" data-lazy-item=\"\" data-lazy-scope=\"products\">\n\t<div class=\"product-content trans-shadow\">\n\t\t<a href=\"https:\/\/www.planet-knox.com\/et\/toode\/shield-high-waisted-spectra-womens-jeans\/\" class=\"static\">\n\t\t\t<div class=\"image-wrap\">\n\t\t\t\t\n\t<span class=\"woo-onsale brand-bg-color\">SALE<\/span>\n\n\t\t\t\t<div class=\"noslide\">\n\t\t\t\t\n\t\t\t\t\t\n\t<span class=\"woo-onsale brand-bg-color\">SALE<\/span>\n<img decoding=\"async\" width=\"650\" height=\"650\" src=\"https:\/\/www.planet-knox.com\/wp-content\/uploads\/2020\/01\/Ladies-Shield-Jeans-Blue-1-650x650.jpg\" class=\"attachment-woocommerce_thumbnail size-woocommerce_thumbnail\" alt=\"Women&#039;s Shield Single Layer Spectra\u00ae Jeans\" srcset=\"https:\/\/www.planet-knox.com\/wp-content\/uploads\/2020\/01\/Ladies-Shield-Jeans-Blue-1-650x650.jpg 650w, https:\/\/www.planet-knox.com\/wp-content\/uploads\/2020\/01\/Ladies-Shield-Jeans-Blue-1-500x500.jpg 500w, https:\/\/www.planet-knox.com\/wp-content\/uploads\/2020\/01\/Ladies-Shield-Jeans-Blue-1.jpg 1500w\" sizes=\"(max-width: 650px) 100vw, 650px\" \/>\n\t\t\t\t<\/div>\n\n\t\t\t<\/div>\n\n\t\t<\/a><a href=\"https:\/\/www.planet-knox.com\/et\/toode\/shield-high-waisted-spectra-womens-jeans\/\" aria-describedby=\"woocommerce_loop_add_to_cart_link_describedby_139945\" data-quantity=\"1\" class=\"btn btn-brand button product_type_variable add_to_cart_button\" data-product_id=\"139945\" data-product_sku=\"KNXShieldWomenBlue\" aria-label=\"Vali tootele \u201cWomen&#039;s Shield Single Layer Spectra\u00ae Jeans\u201d omadused\" rel=\"nofollow\" data-no-translation=\"\" data-trp-gettext=\"\" data-no-translation-aria-label=\"\">Vali<\/a><span id=\"woocommerce_loop_add_to_cart_link_describedby_139945\" class=\"screen-reader-text\">\n\tSellel tootel on mitu varianti. Valikud saab valida toote lehel<\/span>\n<span class=\"gtm4wp_productdata\" style=\"display:none; visibility:hidden;\" data-gtm4wp_product_data=\"{&quot;internal_id&quot;:139945,&quot;item_id&quot;:&quot;KNXShieldWomenBlue&quot;,&quot;item_name&quot;:&quot;Women&#039;s Shield Single Layer Spectra\\u00ae Jeans&quot;,&quot;sku&quot;:&quot;KNXShieldWomenBlue&quot;,&quot;price&quot;:149.99,&quot;stocklevel&quot;:1,&quot;stockstatus&quot;:&quot;instock&quot;,&quot;google_business_vertical&quot;:&quot;retail&quot;,&quot;item_category&quot;:&quot;Shield&quot;,&quot;id&quot;:&quot;KNXShieldWomenBlue&quot;,&quot;item_brand&quot;:&quot;Women\\u2019s Denim Trousers&quot;,&quot;productlink&quot;:&quot;https:\\\/\\\/www.planet-knox.com\\\/et\\\/toode\\\/shield-high-waisted-spectra-womens-jeans\\\/&quot;,&quot;item_list_name&quot;:&quot;General Product List&quot;,&quot;index&quot;:2,&quot;product_type&quot;:&quot;variable&quot;}\"><\/span>\t\t<div class=\"wc-product-title-wrap\">\n\t\t\t\t\t\n\t\t\t\t\t\n\t\t\t\t\t\n\t\t\t\t\t\n\t\t\t\t\t\n\t\t\t\t\t\n\t\t\t\t\t\t<h3>\n\t\t\t\t<a href=\"https:\/\/www.planet-knox.com\/et\/toode\/shield-high-waisted-spectra-womens-jeans\/\" class=\"color-dark\">\n\t\t\t\t\tWomen&#039;s Shield Single Layer Spectra\u00ae Jeans\t\t\t\t<\/a>\n\t\t\t<\/h3>\n\t\t\t<div class=\"price\">\n\t\t\t\t<span class=\"wcpbc-price wcpbc-price-139945\" data-product-id=\"139945\"><del aria-hidden=\"true\"><span data-product-vat=\"20\" class=\"woocommerce-Price-amount amount\"><span class=\"woocommerce-Price-currencySymbol\">\u00a3<\/span>149.99<\/span><\/del> <span class=\"screen-reader-text\" data-no-translation=\"\" data-trp-gettext=\"\">Algne hind oli: &pound;149.99.<\/span><ins aria-hidden=\"true\"><span data-product-vat=\"20\" class=\"woocommerce-Price-amount amount\"><span class=\"woocommerce-Price-currencySymbol\">\u00a3<\/span>99.99<\/span><\/ins><span class=\"screen-reader-text\" data-no-translation=\"\" data-trp-gettext=\"\">Current price is: &pound;99.99.<\/span><\/span>\t\t\t<\/div>\n\t\t\t<div class=\"clear\"><\/div>\n\t\t<\/div>\n\t<\/div>\n<\/li>\n\t<\/ul>\n<\/div><\/div><div class=\"vc_empty_space\"   style=\"height: 64px\"><span class=\"vc_empty_space_inner\"><\/span><\/div><\/div><\/div><\/div><\/div><div class=\"vc_row-full-width vc_clearfix\"><\/div>\n<\/div>","protected":false},"excerpt":{"rendered":"<p>Knox stylish Whip women\u2019s short cuff leather glove is finished with a luxurious leather whipping detail on the back of the hand and on the cuff. These are made from a soft but strong goatskin and come with a moulded Knox Micro-Lock knuckle for impact resistance as well as touch screen compatible fingers.<\/p>\n<p>These gloves also utilise the patented low profile Knox Scaphoid Protection System (SPS) on the palm. This eliminates the grab effect that occurs when a leather palm makes contact with a road, and in turn reduces the risk of hyper extension which can be the cause of a broken scaphoid. It\u2019s CE Approved to EN 13594.<\/p>\n<p>The Whip has the benefit of the Knox Lift and Lock wrist strap for easy and secure fastening. They come in a choice of two colours, these are black or black with oxblood and they are available in a women\u2019s \u00a0S &#8211; XL.<\/p>","protected":false},"featured_media":83485,"comment_status":"open","ping_status":"closed","template":"","meta":{"_acf_changed":false,"inline_featured_image":false},"product_brand":[],"product_cat":[2683,631,653,618],"product_tag":[517,518],"class_list":{"0":"post-84713","1":"product","2":"type-product","3":"status-publish","4":"has-post-thumbnail","6":"product_cat-sale","7":"product_cat-gloves","8":"product_cat-women","9":"product_cat-womens-motorcycle-gloves","10":"product_tag-men","11":"product_tag-women","12":"pa_colour-black","13":"pa_size-l","14":"pa_size-m","15":"pa_size-xl","17":"first","18":"instock","19":"sale","20":"taxable","21":"shipping-taxable","22":"purchasable","23":"product-type-variable","24":"has-default-attributes"},"acf":[],"aioseo_notices":[],"gallery_images":[83484,172837,172839,172841,172843,83486,83490,83489,83488,83487],"_links":{"self":[{"href":"https:\/\/www.planet-knox.com\/et\/wp-json\/wp\/v2\/product\/84713","targetHints":{"allow":["GET"]}}],"collection":[{"href":"https:\/\/www.planet-knox.com\/et\/wp-json\/wp\/v2\/product"}],"about":[{"href":"https:\/\/www.planet-knox.com\/et\/wp-json\/wp\/v2\/types\/product"}],"replies":[{"embeddable":true,"href":"https:\/\/www.planet-knox.com\/et\/wp-json\/wp\/v2\/comments?post=84713"}],"wp:featuredmedia":[{"embeddable":true,"href":"https:\/\/www.planet-knox.com\/et\/wp-json\/wp\/v2\/media\/83485"}],"wp:attachment":[{"href":"https:\/\/www.planet-knox.com\/et\/wp-json\/wp\/v2\/media?parent=84713"}],"wp:term":[{"taxonomy":"product_brand","embeddable":true,"href":"https:\/\/www.planet-knox.com\/et\/wp-json\/wp\/v2\/product_brand?post=84713"},{"taxonomy":"product_cat","embeddable":true,"href":"https:\/\/www.planet-knox.com\/et\/wp-json\/wp\/v2\/product_cat?post=84713"},{"taxonomy":"product_tag","embeddable":true,"href":"https:\/\/www.planet-knox.com\/et\/wp-json\/wp\/v2\/product_tag?post=84713"}],"curies":[{"name":"wp","href":"https:\/\/api.w.org\/{rel}","templated":true}]}}