{"id":80877,"date":"2018-10-24T09:31:25","date_gmt":"2018-10-24T09:31:25","guid":{"rendered":"https:\/\/knoxnetwork.uk\/product\/orsa-leather-mk2-ce-motorcycle-gloves-black\/"},"modified":"2026-03-24T09:18:57","modified_gmt":"2026-03-24T09:18:57","slug":"orsa-leather-mk2-ce-motorcycle-gloves","status":"publish","type":"product","link":"https:\/\/www.planet-knox.com\/es\/producto\/orsa-leather-mk2-ce-motorcycle-gloves\/","title":{"rendered":"Guantes MK2 de piel Orsa"},"content":{"rendered":"<div class=\"wpb-content-wrapper\"><div class=\"vc_row wpb_row vc_row-fluid gradient-container-1\"><div class=\"gradient-column-1 wpb_column vc_column_container vc_col-sm-12\"><div class=\"vc_column-inner\"><div class=\"wpb_wrapper\"><div class=\"vc_empty_space\"   style=\"height: 32px\"><span class=\"vc_empty_space_inner\"><\/span><\/div><div class=\"norebro-heading-sc heading text-center\"\n\tid=\"norebro-custom-69faeebe155b7\" \n\t \n\t>\n\t\n\t\n\t\n\t<h3 class=\"title\">\n\t\tInformaci\u00f3n t\u00e9cnica\t<\/h3>\n\n\t\n\t\t\t<p class=\"subtitle\">\n\t\t\t\t\t<\/p>\n\t\t\n<\/div><div class=\"vc_empty_space\"   style=\"height: 32px\"><span class=\"vc_empty_space_inner\"><\/span><\/div><div class=\"vc_separator wpb_content_element vc_separator_align_center vc_sep_width_100 vc_sep_pos_align_center vc_separator_no_text vc_sep_color_grey wpb_content_element  wpb_content_element\" ><span class=\"vc_sep_holder vc_sep_holder_l\"><span class=\"vc_sep_line\"><\/span><\/span><span class=\"vc_sep_holder vc_sep_holder_r\"><span class=\"vc_sep_line\"><\/span><\/span>\n<\/div><div class=\"vc_empty_space\"   style=\"height: 32px\"><span class=\"vc_empty_space_inner\"><\/span><\/div><div class=\"vc_row wpb_row vc_inner vc_row-fluid vc_row-o-equal-height vc_row-flex\"><div class=\"wpb_column vc_column_container vc_col-sm-6\"><div class=\"vc_column-inner\"><div class=\"wpb_wrapper\">\n\t<div class=\"wpb_text_column wpb_content_element\" >\n\t\t<div class=\"wpb_wrapper\">\n\t\t\t<h4>SPS Knox<\/h4>\n<p>La lesi\u00f3n de escafoides es la m\u00e1s frecuente en la mano, causada por el efecto de agarre cuando la palma de la mano entra en contacto con el suelo.<\/p>\n<p>El SPS Knox funciona fijando 2 piezas a la palma del guante, haciendo un puente sobre el escafoides. Estas piezas de pl\u00e1stico act\u00faan como un deslizador eliminando el efecto de agarre y las lesiones en el escafoides. Este ha demostrado ser un sistema muy eficaz para los pilotos sin p\u00e9rdida de flexibilidad, incomodidad o interferencia con los mandos al manejar la moto.<\/p>\n<p>Knox SPS es una tecnolog\u00eda patentada con los siguientes n\u00fameros de patente <strong>EP1594378<\/strong> &amp; <strong>US8671463<\/strong><\/p>\n\n\t\t<\/div>\n\t<\/div>\n<\/div><\/div><\/div><div class=\"wpb_column vc_column_container vc_col-sm-6\"><div class=\"vc_column-inner\"><div class=\"wpb_wrapper\">\n\t<div class=\"wpb_text_column wpb_content_element\" >\n\t\t<div class=\"wpb_wrapper\">\n\t\t\t<h4>Sistema de ajuste BOA<\/h4>\n<p>El sistema BOA\u00ae Fit garantiza un ajuste preciso en todo el pu\u00f1o y permite un ajuste r\u00e1pido y sin esfuerzo sobre la marcha. El sistema de pu\u00f1o act\u00faa como una abrazadera externa y aprieta el guantelete por igual desde todos los lados. Todo lo que tienes que hacer es marcar el par de apriete adecuado para ti. Para soltarlo, basta con tirar del dial.<\/p>\n\n\t\t<\/div>\n\t<\/div>\n<\/div><\/div><\/div><\/div><div class=\"vc_empty_space\"   style=\"height: 32px\"><span class=\"vc_empty_space_inner\"><\/span><\/div><div class=\"vc_row wpb_row vc_inner vc_row-fluid vc_row-o-equal-height vc_row-flex\"><div class=\"wpb_column vc_column_container vc_col-sm-4\"><div class=\"vc_column-inner\"><div class=\"wpb_wrapper\">\n\t<div  class=\"wpb_single_image wpb_content_element vc_align_center wpb_content_element\">\n\t\t\n\t\t<figure class=\"wpb_wrapper vc_figure\">\n\t\t\t<div class=\"vc_single_image-wrapper   vc_box_border_grey\"><img decoding=\"async\" width=\"564\" height=\"250\" src=\"https:\/\/www.planet-knox.com\/wp-content\/uploads\/2018\/10\/orsa-metapod.jpg\" class=\"vc_single_image-img attachment-large\" alt=\"\" title=\"orsa-metapod\" srcset=\"https:\/\/www.planet-knox.com\/wp-content\/uploads\/2018\/10\/orsa-metapod.jpg 564w, https:\/\/www.planet-knox.com\/wp-content\/uploads\/2018\/10\/orsa-metapod-500x222.jpg 500w\" sizes=\"(max-width: 564px) 100vw, 564px\" \/><\/div>\n\t\t<\/figure>\n\t<\/div>\n\n\t<div class=\"wpb_text_column wpb_content_element\" >\n\t\t<div class=\"wpb_wrapper\">\n\t\t\t<h4>Nudillo de nido de abeja<\/h4>\n<p>Gel de nido de abeja sobre una zona de nudillos flotante respaldada con espuma con memoria, encapsulada en una resistente carcasa exterior para absorber los impactos.<\/p>\n\n\t\t<\/div>\n\t<\/div>\n<\/div><\/div><\/div><div class=\"wpb_column vc_column_container vc_col-sm-4\"><div class=\"vc_column-inner\"><div class=\"wpb_wrapper\">\n\t<div  class=\"wpb_single_image wpb_content_element vc_align_center wpb_content_element\">\n\t\t\n\t\t<figure class=\"wpb_wrapper vc_figure\">\n\t\t\t<div class=\"vc_single_image-wrapper   vc_box_border_grey\"><img decoding=\"async\" width=\"564\" height=\"250\" src=\"https:\/\/www.planet-knox.com\/wp-content\/uploads\/2018\/10\/orsagoatskin.jpg\" class=\"vc_single_image-img attachment-large\" alt=\"\" title=\"orsagoatskin\" srcset=\"https:\/\/www.planet-knox.com\/wp-content\/uploads\/2018\/10\/orsagoatskin.jpg 564w, https:\/\/www.planet-knox.com\/wp-content\/uploads\/2018\/10\/orsagoatskin-500x222.jpg 500w\" sizes=\"(max-width: 564px) 100vw, 564px\" \/><\/div>\n\t\t<\/figure>\n\t<\/div>\n\n\t<div class=\"wpb_text_column wpb_content_element\" >\n\t\t<div class=\"wpb_wrapper\">\n\t\t\t<h4>Palma de piel de cabra<\/h4>\n<p>Resistente palma de piel de cabra con doble capa de suave espuma viscoel\u00e1stica en las zonas de mayor desgaste.<\/p>\n\n\t\t<\/div>\n\t<\/div>\n<\/div><\/div><\/div><div class=\"wpb_column vc_column_container vc_col-sm-4\"><div class=\"vc_column-inner\"><div class=\"wpb_wrapper\">\n\t<div  class=\"wpb_single_image wpb_content_element vc_align_center wpb_content_element\">\n\t\t\n\t\t<figure class=\"wpb_wrapper vc_figure\">\n\t\t\t<div class=\"vc_single_image-wrapper   vc_box_border_grey\"><img decoding=\"async\" width=\"564\" height=\"250\" src=\"https:\/\/www.planet-knox.com\/wp-content\/uploads\/2018\/10\/orsaleatherfingertip.jpg\" class=\"vc_single_image-img attachment-large\" alt=\"\" title=\"orsaleatherfingertip\" srcset=\"https:\/\/www.planet-knox.com\/wp-content\/uploads\/2018\/10\/orsaleatherfingertip.jpg 564w, https:\/\/www.planet-knox.com\/wp-content\/uploads\/2018\/10\/orsaleatherfingertip-500x222.jpg 500w\" sizes=\"(max-width: 564px) 100vw, 564px\" \/><\/div>\n\t\t<\/figure>\n\t<\/div>\n\n\t<div class=\"wpb_text_column wpb_content_element\" >\n\t\t<div class=\"wpb_wrapper\">\n\t\t\t<h4>Tecnolog\u00eda de pantalla t\u00e1ctil<\/h4>\n<p>Tecnolog\u00eda de pantalla t\u00e1ctil en el dedo \u00edndice.<\/p>\n\n\t\t<\/div>\n\t<\/div>\n<\/div><\/div><\/div><\/div><div class=\"vc_empty_space\"   style=\"height: 64px\"><span class=\"vc_empty_space_inner\"><\/span><\/div><\/div><\/div><\/div><\/div><div id=\"sizeguide\" class=\"vc_row wpb_row vc_row-fluid gradient-container-2\"><div class=\"gradient-column-2 wpb_column vc_column_container vc_col-sm-12\"><div class=\"vc_column-inner\"><div class=\"wpb_wrapper\"><div class=\"norebro-heading-sc heading text-center\"\n\tid=\"norebro-custom-69faeebe17c5a\" \n\t \n\t>\n\t\n\t\n\t\n\t<h3 class=\"title\">\n\t\tGu\u00eda de tallas\t<\/h3>\n\n\t\n\t\t\t<p class=\"subtitle\">\n\t\t\t\u00bfNecesita ayuda? Utilice el chat en directo o env\u00edenos un correo electr\u00f3nico a <a href=\"mailto:sales@planet-knox.com\">sales@planet-knox.com<\/a>\t\t<\/p>\n\t\t\n<\/div><div class=\"vc_empty_space\"   style=\"height: 32px\"><span class=\"vc_empty_space_inner\"><\/span><\/div><div class=\"vc_separator wpb_content_element vc_separator_align_center vc_sep_width_100 vc_sep_pos_align_center vc_separator_no_text vc_sep_color_grey wpb_content_element  wpb_content_element\" ><span class=\"vc_sep_holder vc_sep_holder_l\"><span class=\"vc_sep_line\"><\/span><\/span><span class=\"vc_sep_holder vc_sep_holder_r\"><span class=\"vc_sep_line\"><\/span><\/span>\n<\/div><div class=\"vc_empty_space\"   style=\"height: 32px\"><span class=\"vc_empty_space_inner\"><\/span><\/div>\n\t<div  class=\"wpb_single_image wpb_content_element vc_align_center wpb_content_element\">\n\t\t\n\t\t<figure class=\"wpb_wrapper vc_figure\">\n\t\t\t<div class=\"vc_single_image-wrapper   vc_box_border_grey\"><img decoding=\"async\" width=\"400\" height=\"293\" src=\"https:\/\/www.planet-knox.com\/wp-content\/uploads\/2018\/09\/mens-gloves.png\" class=\"vc_single_image-img attachment-full\" alt=\"\" title=\"guantes de hombre\" srcset=\"https:\/\/www.planet-knox.com\/wp-content\/uploads\/2018\/09\/mens-gloves.png 400w, https:\/\/www.planet-knox.com\/wp-content\/uploads\/2018\/09\/mens-gloves-16x12.png 16w\" sizes=\"(max-width: 400px) 100vw, 400px\" \/><\/div>\n\t\t<\/figure>\n\t<\/div>\n<div class=\"norebro-text-sc\" \n\tid=\"norebro-custom-69faeebe18413\" \n\t \n\t>\n\n\t<p style=\"text-align: center;\"><strong>Circunferencia de la palma (A):<\/strong> La circunferencia de la palma de la mano es la medida total alrededor de la parte m\u00e1s ancha de la palma y sobre los nudillos. Coloca la cinta alrededor de la palma y cierra el pu\u00f1o, luego anota la medida.<\/p>\n<p style=\"text-align: center;\"><strong>Longitud de la mano (B):<\/strong> Mide desde el pliegue de la mu\u00f1eca hasta el extremo del dedo coraz\u00f3n.<\/p>\n<p style=\"text-align: center;\">Mide la longitud y la anchura de tu mano y elige la talla que m\u00e1s se aproxime a tus medidas. Esta talla deber\u00eda ajustarse correctamente a su mano. Si su mano se ajusta a una medida pero no a la segunda, o si prefiere un ajuste m\u00e1s holgado, le aconsejamos que elija la talla inmediatamente superior.<\/p>\n\t\n<\/div><div class=\"vc_row wpb_row vc_inner vc_row-fluid sizeguidehelpcolumn vc_row-o-content-middle vc_row-flex\"><div class=\"wpb_column vc_column_container vc_col-sm-6\"><div class=\"vc_column-inner\"><div class=\"wpb_wrapper\"><\/div><\/div><\/div><div class=\"wpb_column vc_column_container vc_col-sm-6\"><div class=\"vc_column-inner\"><div class=\"wpb_wrapper\"><\/div><\/div><\/div><\/div><div class=\"vc_row wpb_row vc_inner vc_row-fluid vc_row-o-content-middle vc_row-flex\"><div class=\"wpb_column vc_column_container vc_col-sm-12\"><div class=\"vc_column-inner\"><div class=\"wpb_wrapper\">\n\t<div class=\"wpb_raw_code wpb_raw_html wpb_content_element\" >\n\t\t<div class=\"wpb_wrapper\">\n\t\t\t<table class=\"knoxtable\" cellspacing=\"0\" cellpadding=\"0\" width=\"100%\">\n  <tr>\n    <th>Tama\u00f1o de la mano del hombre<\/th>\n    <th>S<\/th>\n    <th>M<\/th>\n    <th>L<\/th>\n    <th>XL<\/th>\n    <th>XXL<\/th>\n    <th>XXXL<\/th>\n  <\/tr>\n  <tr>\n    <td>Circunferencia de la palma (mm)<\/td>\n    <td>215<\/td>\n    <td>230<\/td>\n    <td>245<\/td>\n    <td>260<\/td>\n    <td>275<\/td>\n    <td>290<\/td>\n  <\/tr>\n  <tr>\n    <td>Longitud de la mano (mm)<\/td>\n    <td>186<\/td>\n    <td>193<\/td>\n    <td>200<\/td>\n    <td>207<\/td>\n    <td>214<\/td>\n    <td>221<\/td>\n  <\/tr>\n<\/table>\n\t\t<\/div>\n\t<\/div>\n<\/div><\/div><\/div><\/div><div class=\"vc_empty_space\"   style=\"height: 64px\"><span class=\"vc_empty_space_inner\"><\/span><\/div><\/div><\/div><\/div><\/div><div id=\"relatedproducts\" data-vc-full-width=\"true\" data-vc-full-width-init=\"false\" class=\"vc_row wpb_row vc_row-fluid gradient-container-3\"><div class=\"gradient-column-3 wpb_column vc_column_container vc_col-sm-12\"><div class=\"vc_column-inner\"><div class=\"wpb_wrapper\"><div class=\"norebro-heading-sc heading text-center\"\n\tid=\"norebro-custom-69faeebe18d29\" \n\t \n\t>\n\t\n\t\n\t\n\t<h3 class=\"title\">\n\t\tProductos relacionados\t<\/h3>\n\n\t\n\t\t\t<p class=\"subtitle\">\n\t\t\t\u00bfNecesita ayuda para seleccionar productos que combinen bien? Utilice el chat en directo o env\u00edenos un correo electr\u00f3nico a <a href=\"mailto:sales@planet-knox.com\">sales@planet-knox.com<\/a>\t\t<\/p>\n\t\t\n<\/div><div class=\"vc_empty_space\"   style=\"height: 32px\"><span class=\"vc_empty_space_inner\"><\/span><\/div><div class=\"vc_separator wpb_content_element vc_separator_align_center vc_sep_width_100 vc_sep_pos_align_center vc_separator_no_text vc_sep_color_grey wpb_content_element  wpb_content_element\" ><span class=\"vc_sep_holder vc_sep_holder_l\"><span class=\"vc_sep_line\"><\/span><\/span><span class=\"vc_sep_holder vc_sep_holder_r\"><span class=\"vc_sep_line\"><\/span><\/span>\n<\/div><div class=\"vc_empty_space\"   style=\"height: 32px\"><span class=\"vc_empty_space_inner\"><\/span><\/div><div class=\"woocommerce columns-3\">\n<div class=\"vc_row\">\n\t<ul class=\"woo-products norebro-masonry\" data-lazy-container=\"products\">\n\n<li class=\"post-149433 product type-product status-publish has-post-thumbnail product_cat-body-armour product_cat-mens-back-and-chest-protection product_cat-mens-body-armour product_cat-women product_cat-womens-back-chest-protection product_cat-womens-body-armour product_tag-men product_tag-women pa_easproj_hs6p_received-2748 pa_easproj_originating_country-gb pa_size-l pa_size-s first onbackorder taxable shipping-taxable purchasable product-type-variable has-default-attributes\" data-product-item=\"true\" data-lazy-item=\"\" data-lazy-scope=\"products\">\n\t<div class=\"product-content trans-shadow\">\n\t\t<a href=\"https:\/\/www.planet-knox.com\/es\/producto\/micro-lock-air-back-protector-mk2\/\" class=\"static\">\n\t\t\t<div class=\"image-wrap\">\n\t\t\t\t\n\t\t\t\t<div class=\"noslide\">\n\t\t\t\t\n\t\t\t\t\t<img decoding=\"async\" width=\"650\" height=\"650\" src=\"https:\/\/www.planet-knox.com\/wp-content\/uploads\/2021\/01\/KNXAMLAirV2Back_3-650x650.jpg\" class=\"attachment-woocommerce_thumbnail size-woocommerce_thumbnail\" alt=\"Micro-Lock Air Unisex Back Protector MK2\" srcset=\"https:\/\/www.planet-knox.com\/wp-content\/uploads\/2021\/01\/KNXAMLAirV2Back_3-650x650.jpg 650w, https:\/\/www.planet-knox.com\/wp-content\/uploads\/2021\/01\/KNXAMLAirV2Back_3-500x500.jpg 500w, https:\/\/www.planet-knox.com\/wp-content\/uploads\/2021\/01\/KNXAMLAirV2Back_3-1500x1500.jpg 1500w, https:\/\/www.planet-knox.com\/wp-content\/uploads\/2021\/01\/KNXAMLAirV2Back_3-768x768.jpg 768w, https:\/\/www.planet-knox.com\/wp-content\/uploads\/2021\/01\/KNXAMLAirV2Back_3-1536x1536.jpg 1536w, https:\/\/www.planet-knox.com\/wp-content\/uploads\/2021\/01\/KNXAMLAirV2Back_3-12x12.jpg 12w, https:\/\/www.planet-knox.com\/wp-content\/uploads\/2021\/01\/KNXAMLAirV2Back_3-200x200.jpg 200w, https:\/\/www.planet-knox.com\/wp-content\/uploads\/2021\/01\/KNXAMLAirV2Back_3-1920x1920.jpg 1920w, https:\/\/www.planet-knox.com\/wp-content\/uploads\/2021\/01\/KNXAMLAirV2Back_3.jpg 2000w\" sizes=\"(max-width: 650px) 100vw, 650px\" \/>\n\t\t\t\t<\/div>\n\n\t\t\t<\/div>\n\n\t\t<\/a><a href=\"https:\/\/www.planet-knox.com\/es\/producto\/micro-lock-air-back-protector-mk2\/\" aria-describedby=\"woocommerce_loop_add_to_cart_link_describedby_149433\" data-quantity=\"1\" class=\"btn btn-brand button product_type_variable add_to_cart_button\" data-product_id=\"149433\" data-product_sku=\"KNXAMLAirV2Back\" aria-label=\"Elige las opciones para \u201cMicro-Lock Air Unisex Back Protector MK2\u201d\" rel=\"nofollow\" data-no-translation=\"\" data-trp-gettext=\"\" data-no-translation-aria-label=\"\">Seleccionar opciones<\/a><span id=\"woocommerce_loop_add_to_cart_link_describedby_149433\" class=\"screen-reader-text\">\n\tEste producto tiene m\u00faltiples variantes. Las opciones se pueden elegir en la p\u00e1gina de producto<\/span>\n<span class=\"gtm4wp_productdata\" style=\"display:none; visibility:hidden;\" data-gtm4wp_product_data=\"{&quot;internal_id&quot;:149433,&quot;item_id&quot;:&quot;KNXAMLAirV2Back&quot;,&quot;item_name&quot;:&quot;Micro-Lock Air Unisex Back Protector MK2&quot;,&quot;sku&quot;:&quot;KNXAMLAirV2Back&quot;,&quot;price&quot;:99.99,&quot;stocklevel&quot;:0,&quot;stockstatus&quot;:&quot;onbackorder&quot;,&quot;google_business_vertical&quot;:&quot;retail&quot;,&quot;item_category&quot;:&quot;Women\\u2019s Back &amp; Chest Protection&quot;,&quot;id&quot;:&quot;KNXAMLAirV2Back&quot;,&quot;item_brand&quot;:&quot;Women\\u2019s Body Armour&quot;,&quot;productlink&quot;:&quot;https:\\\/\\\/www.planet-knox.com\\\/es\\\/producto\\\/micro-lock-air-back-protector-mk2\\\/&quot;,&quot;item_list_name&quot;:&quot;Lista general de productos&quot;,&quot;index&quot;:1,&quot;product_type&quot;:&quot;variable&quot;}\"><\/span>\t\t<div class=\"wc-product-title-wrap\">\n\t\t\t\t\t\n\t\t\t\t\t\n\t\t\t\t\t\n\t\t\t\t\t\n\t\t\t\t\t\n\t\t\t\t\t\n\t\t\t\t\t\t<h3>\n\t\t\t\t<a href=\"https:\/\/www.planet-knox.com\/es\/producto\/micro-lock-air-back-protector-mk2\/\" class=\"color-dark\">\n\t\t\t\t\tProtector de espalda unisex Micro-Lock Air MK2\t\t\t\t<\/a>\n\t\t\t<\/h3>\n\t\t\t<div class=\"price\">\n\t\t\t\t<span class=\"wcpbc-price wcpbc-price-149433\" data-product-id=\"149433\"><span data-product-vat=\"20\" class=\"woocommerce-Price-amount amount\"><span class=\"woocommerce-Price-currencySymbol\">\u00a3<\/span>99.99<\/span><\/span>\t\t\t<\/div>\n\t\t\t<div class=\"clear\"><\/div>\n\t\t<\/div>\n\t<\/div>\n<\/li>\n\t<\/ul>\n<\/div><\/div><div class=\"vc_empty_space\"   style=\"height: 64px\"><span class=\"vc_empty_space_inner\"><\/span><\/div><\/div><\/div><\/div><\/div><div class=\"vc_row-full-width vc_clearfix\"><\/div>\n<\/div>","protected":false},"excerpt":{"rendered":"<p><strong>Guante de verano de cuero perforado con pu\u00f1o corto, excelente protecci\u00f3n y ajuste superior.<\/strong><\/p>\n<p>El guante de cuero Orsa Mk 2 es la \u00faltima generaci\u00f3n del guante de verano perforado de la gama Knox, que goza de una excelente reputaci\u00f3n.<\/p>\n<p>Incorpora un gel en forma de panal sobre una zona flotante en los nudillos. Esta zona est\u00e1 recubierta de espuma con memoria, que a su vez se aloja en una cubierta exterior flexible pero duradera dise\u00f1ada para absorber los impactos. La parte superior de piel de cabra perforada tiene deslizadores resistentes a la abrasi\u00f3n en la parte superior de los dedos. Esto se suma a la tecnolog\u00eda de pantalla t\u00e1ctil en el dedo \u00edndice.<\/p>","protected":false},"featured_media":153129,"comment_status":"open","ping_status":"closed","template":"","meta":{"_acf_changed":false,"inline_featured_image":false},"product_brand":[],"product_cat":[631,779,512,618],"product_tag":[517,674,518],"class_list":{"0":"post-80877","1":"product","2":"type-product","3":"status-publish","4":"has-post-thumbnail","6":"product_cat-gloves","7":"product_cat-mens-non-waterproof-gloves","8":"product_cat-mens-motorcycle-gloves","9":"product_cat-womens-motorcycle-gloves","10":"product_tag-men","11":"product_tag-wheelie","12":"product_tag-women","13":"pa_colour-black","14":"pa_size-2xl","15":"pa_size-l","16":"pa_size-m","17":"pa_size-s","18":"pa_size-xl","20":"first","21":"outofstock","22":"taxable","23":"shipping-taxable","24":"purchasable","25":"product-type-variable","26":"has-default-attributes"},"acf":[],"aioseo_notices":[],"gallery_images":[143161,172753,151881,153857,153135,153131,153133],"_links":{"self":[{"href":"https:\/\/www.planet-knox.com\/es\/wp-json\/wp\/v2\/product\/80877","targetHints":{"allow":["GET"]}}],"collection":[{"href":"https:\/\/www.planet-knox.com\/es\/wp-json\/wp\/v2\/product"}],"about":[{"href":"https:\/\/www.planet-knox.com\/es\/wp-json\/wp\/v2\/types\/product"}],"replies":[{"embeddable":true,"href":"https:\/\/www.planet-knox.com\/es\/wp-json\/wp\/v2\/comments?post=80877"}],"wp:featuredmedia":[{"embeddable":true,"href":"https:\/\/www.planet-knox.com\/es\/wp-json\/wp\/v2\/media\/153129"}],"wp:attachment":[{"href":"https:\/\/www.planet-knox.com\/es\/wp-json\/wp\/v2\/media?parent=80877"}],"wp:term":[{"taxonomy":"product_brand","embeddable":true,"href":"https:\/\/www.planet-knox.com\/es\/wp-json\/wp\/v2\/product_brand?post=80877"},{"taxonomy":"product_cat","embeddable":true,"href":"https:\/\/www.planet-knox.com\/es\/wp-json\/wp\/v2\/product_cat?post=80877"},{"taxonomy":"product_tag","embeddable":true,"href":"https:\/\/www.planet-knox.com\/es\/wp-json\/wp\/v2\/product_tag?post=80877"}],"curies":[{"name":"wp","href":"https:\/\/api.w.org\/{rel}","templated":true}]}}