{"id":213447,"date":"2023-10-31T14:34:50","date_gmt":"2023-10-31T14:34:50","guid":{"rendered":"https:\/\/www.planet-knox.com\/?post_type=product&#038;p=213447"},"modified":"2026-03-24T09:28:40","modified_gmt":"2026-03-24T09:28:40","slug":"black-heritage-race-t-shirt","status":"publish","type":"product","link":"https:\/\/www.planet-knox.com\/es\/producto\/black-heritage-race-t-shirt\/","title":{"rendered":"Camiseta Heritage Race - Negra"},"content":{"rendered":"<div class=\"wpb-content-wrapper\"><div id=\"sizeguide\" class=\"vc_row wpb_row vc_row-fluid gradient-container-1\"><div class=\"gradient-column-1 wpb_column vc_column_container vc_col-sm-12\"><div class=\"vc_column-inner\"><div class=\"wpb_wrapper\"><div class=\"norebro-heading-sc heading text-center\"\n\tid=\"norebro-custom-69e20e561b243\" \n\t \n\t>\n\t\n\t\n\t\n\t<h3 class=\"title\">\n\t\tGu\u00eda de tallas\t<\/h3>\n\n\t\n\t\t\t<p class=\"subtitle\">\n\t\t\t\u00bfNecesita ayuda? Utilice el chat en directo o env\u00edenos un correo electr\u00f3nico a <a href=\"mailto:sales@planet-knox.com\">sales@planet-knox.com<\/a>\t\t<\/p>\n\t\t\n<\/div><div class=\"vc_empty_space\"   style=\"height: 32px\"><span class=\"vc_empty_space_inner\"><\/span><\/div><div class=\"vc_separator wpb_content_element vc_separator_align_center vc_sep_width_100 vc_sep_pos_align_center vc_separator_no_text vc_sep_color_grey wpb_content_element  wpb_content_element\" ><span class=\"vc_sep_holder vc_sep_holder_l\"><span class=\"vc_sep_line\"><\/span><\/span><span class=\"vc_sep_holder vc_sep_holder_r\"><span class=\"vc_sep_line\"><\/span><\/span>\n<\/div><div class=\"vc_empty_space\"   style=\"height: 32px\"><span class=\"vc_empty_space_inner\"><\/span><\/div>\n\t<div  class=\"wpb_single_image wpb_content_element vc_align_center wpb_content_element\">\n\t\t\n\t\t<figure class=\"wpb_wrapper vc_figure\">\n\t\t\t<div class=\"vc_single_image-wrapper   vc_box_border_grey\"><img decoding=\"async\" width=\"100\" height=\"351\" src=\"https:\/\/www.planet-knox.com\/wp-content\/uploads\/2020\/01\/mens-chest-waist.png\" class=\"vc_single_image-img attachment-full\" alt=\"\" title=\"cintura-pecho-hombre\" srcset=\"https:\/\/www.planet-knox.com\/wp-content\/uploads\/2020\/01\/mens-chest-waist.png 100w, https:\/\/www.planet-knox.com\/wp-content\/uploads\/2020\/01\/mens-chest-waist-3x12.png 3w\" sizes=\"(max-width: 100px) 100vw, 100px\" \/><\/div>\n\t\t<\/figure>\n\t<\/div>\n<div class=\"norebro-text-sc\" \n\tid=\"norebro-custom-69e20e561cff3\" \n\t \n\t>\n\n\t<p style=\"text-align: center;\"><strong>Pecho:<\/strong> Mide alrededor de la parte m\u00e1s ancha del pecho y los om\u00f3platos.<\/p>\n<p style=\"text-align: center;\"><strong>La cintura:<\/strong> Para calcular tu talla, mide tu cintura en la posici\u00f3n en la que suelen sentarte los pantalones. A t\u00edtulo orientativo, se trata de unos 5-6 cm por debajo del ombligo.<\/p>\n<p style=\"text-align: center;\"><strong>Tenga en cuenta lo siguiente:<\/strong> Las medidas indicadas son medidas corporales y se recomienda no medir por encima de la ropa.<\/p>\n\t\n<\/div><div class=\"vc_row wpb_row vc_inner vc_row-fluid sizeguidehelpcolumn vc_row-o-content-middle vc_row-flex\"><div class=\"wpb_column vc_column_container vc_col-sm-6\"><div class=\"vc_column-inner\"><div class=\"wpb_wrapper\"><\/div><\/div><\/div><div class=\"wpb_column vc_column_container vc_col-sm-6\"><div class=\"vc_column-inner\"><div class=\"wpb_wrapper\"><\/div><\/div><\/div><\/div><div class=\"vc_row wpb_row vc_inner vc_row-fluid vc_row-o-content-middle vc_row-flex\"><div class=\"wpb_column vc_column_container vc_col-sm-12\"><div class=\"vc_column-inner\"><div class=\"wpb_wrapper\">\n\t<div class=\"wpb_raw_code wpb_raw_html wpb_content_element\" >\n\t\t<div class=\"wpb_wrapper\">\n\t\t\t<table class=\"knoxtable menstable\" cellspacing=\"0\" cellpadding=\"0\" width=\"100%\">\n  <tr>\n    <th>Talla hombre UK<\/th>\n    <th>Pecho (Pulgadas)<\/th>\n    <th>Pecho (cm)<\/th>\n    <th>Cintura (pulgadas)<\/th>\n    <th>Cintura (cm)<\/th>\n  <\/tr>\n  <tr>\n    <td>S<\/td>\n    <td>35-37<\/td>\n    <td>90-96<\/td>\n    <td>30<\/td>\n    <td>76<\/td>\n  <\/tr>\n  <tr>\n    <td>M<\/td>\n    <td>38-40<\/td>\n    <td>98-103<\/td>\n    <td>32<\/td>\n    <td>81<\/td>\n  <\/tr>\n  <tr>\n    <td>L<\/td>\n    <td>41-43<\/td>\n    <td>104-109<\/td>\n    <td>34<\/td>\n    <td>87<\/td>\n  <\/tr>\n  <tr>\n    <td>XL<\/td>\n    <td>44-46<\/td>\n    <td>110-115<\/td>\n    <td>36<\/td>\n    <td>92<\/td>\n  <\/tr>\n  <tr>\n    <td>2XL<\/td>\n    <td>46-48<\/td>\n    <td>116-121<\/td>\n    <td>38<\/td>\n    <td>97<\/td>\n  <\/tr>\n  <tr>\n    <td>3XL<\/td>\n    <td>48-50<\/td>\n    <td>122-127<\/td>\n    <td>40<\/td>\n    <td>102<\/td>\n  <\/tr>\n  <tr>\n    <td>4XL<\/td>\n    <td>50-52<\/td>\n    <td>128-134<\/td>\n    <td>42<\/td>\n    <td>107<\/td>\n  <\/tr>\n  <tr>\n    <td>5XL<\/td>\n    <td>52-54<\/td>\n    <td>135-141<\/td>\n    <td>44<\/td>\n    <td>112<\/td>\n  <\/tr>\n<\/table>\n\t\t<\/div>\n\t<\/div>\n<\/div><\/div><\/div><\/div><div class=\"vc_empty_space\"   style=\"height: 64px\"><span class=\"vc_empty_space_inner\"><\/span><\/div><\/div><\/div><\/div><\/div>\n<\/div>","protected":false},"excerpt":{"rendered":"<p>La camiseta negra Heritage Race Tee presenta una fotograf\u00eda original del fundador de Knox, durante su carrera en las carreras. El suave algod\u00f3n con elastano y las exclusivas mangas ragl\u00e1n proporcionan comodidad y transpirabilidad. Es f\u00e1cil de cuidar y est\u00e1 disponible en tallas de la S a la 3XL gracias a su dise\u00f1o de apliques de fieltro cosidos en la parte delantera y la marca Knox en la nuca. El algod\u00f3n tiene propiedades antibacterianas naturales con elastano a\u00f1adido para una mayor comodidad y elasticidad.<\/p>","protected":false},"featured_media":227478,"comment_status":"open","ping_status":"closed","template":"","meta":{"_acf_changed":false,"inline_featured_image":false},"product_brand":[],"product_cat":[2735,635,2687,581,585,2681,628],"product_tag":[],"class_list":{"0":"post-213447","1":"product","2":"type-product","3":"status-publish","4":"has-post-thumbnail","6":"product_cat-2024-collection","7":"product_cat-accessories","8":"product_cat-all-products","9":"product_cat-casual-t-shirts","10":"product_cat-mens-accessories","11":"product_cat-stocking-fillers","12":"product_cat-womens-accessories","13":"pa_colour-black","14":"pa_easproj_hs6p_received-2789","15":"pa_easproj_originating_country-tu","16":"pa_size-2xl","17":"pa_size-3xl","18":"pa_size-l","19":"pa_size-m","20":"pa_size-s","21":"pa_size-xl","23":"first","24":"onbackorder","25":"taxable","26":"shipping-taxable","27":"purchasable","28":"product-type-variable","29":"has-default-attributes"},"acf":[],"aioseo_notices":[],"gallery_images":[227481,227482,227480,227479,227483],"_links":{"self":[{"href":"https:\/\/www.planet-knox.com\/es\/wp-json\/wp\/v2\/product\/213447","targetHints":{"allow":["GET"]}}],"collection":[{"href":"https:\/\/www.planet-knox.com\/es\/wp-json\/wp\/v2\/product"}],"about":[{"href":"https:\/\/www.planet-knox.com\/es\/wp-json\/wp\/v2\/types\/product"}],"replies":[{"embeddable":true,"href":"https:\/\/www.planet-knox.com\/es\/wp-json\/wp\/v2\/comments?post=213447"}],"wp:featuredmedia":[{"embeddable":true,"href":"https:\/\/www.planet-knox.com\/es\/wp-json\/wp\/v2\/media\/227478"}],"wp:attachment":[{"href":"https:\/\/www.planet-knox.com\/es\/wp-json\/wp\/v2\/media?parent=213447"}],"wp:term":[{"taxonomy":"product_brand","embeddable":true,"href":"https:\/\/www.planet-knox.com\/es\/wp-json\/wp\/v2\/product_brand?post=213447"},{"taxonomy":"product_cat","embeddable":true,"href":"https:\/\/www.planet-knox.com\/es\/wp-json\/wp\/v2\/product_cat?post=213447"},{"taxonomy":"product_tag","embeddable":true,"href":"https:\/\/www.planet-knox.com\/es\/wp-json\/wp\/v2\/product_tag?post=213447"}],"curies":[{"name":"wp","href":"https:\/\/api.w.org\/{rel}","templated":true}]}}