{"id":160365,"date":"2021-06-21T15:33:31","date_gmt":"2021-06-21T15:33:31","guid":{"rendered":"https:\/\/www.planet-knox.com\/?post_type=product&#038;p=160365"},"modified":"2026-03-24T09:22:41","modified_gmt":"2026-03-24T09:22:41","slug":"white-bold-stamp-tee","status":"publish","type":"product","link":"https:\/\/www.planet-knox.com\/es\/producto\/white-bold-stamp-tee\/","title":{"rendered":"Camiseta blanca Bold Stamp"},"content":{"rendered":"<div class=\"wpb-content-wrapper\"><div id=\"sizeguide\" class=\"vc_row wpb_row vc_row-fluid gradient-container-1\"><div class=\"gradient-column-1 wpb_column vc_column_container vc_col-sm-12\"><div class=\"vc_column-inner\"><div class=\"wpb_wrapper\"><div class=\"vc_empty_space\"   style=\"height: 32px\"><span class=\"vc_empty_space_inner\"><\/span><\/div><div class=\"norebro-heading-sc heading text-center\"\n\tid=\"norebro-custom-69f4b60188b3a\" \n\t \n\t>\n\t\n\t\n\t\n\t<h3 class=\"title\">\n\t\tGu\u00eda de tallas\t<\/h3>\n\n\t\n\t\t\t<p class=\"subtitle\">\n\t\t\t\u00bfNecesita ayuda? Utilice el chat en directo o env\u00edenos un correo electr\u00f3nico a <a href=\"mailto:sales@planet-knox.com\">sales@planet-knox.com<\/a>\t\t<\/p>\n\t\t\n<\/div><div class=\"vc_empty_space\"   style=\"height: 32px\"><span class=\"vc_empty_space_inner\"><\/span><\/div><div class=\"vc_separator wpb_content_element vc_separator_align_center vc_sep_width_100 vc_sep_pos_align_center vc_separator_no_text vc_sep_color_grey wpb_content_element  wpb_content_element\" ><span class=\"vc_sep_holder vc_sep_holder_l\"><span class=\"vc_sep_line\"><\/span><\/span><span class=\"vc_sep_holder vc_sep_holder_r\"><span class=\"vc_sep_line\"><\/span><\/span>\n<\/div><div class=\"vc_empty_space\"   style=\"height: 32px\"><span class=\"vc_empty_space_inner\"><\/span><\/div><div class=\"vc_row wpb_row vc_inner vc_row-fluid sizeguidehelpcolumn vc_row-o-content-middle vc_row-flex\"><div class=\"wpb_column vc_column_container vc_col-sm-6\"><div class=\"vc_column-inner\"><div class=\"wpb_wrapper\">\n\t<div  class=\"wpb_single_image wpb_content_element vc_align_right wpb_content_element\">\n\t\t\n\t\t<figure class=\"wpb_wrapper vc_figure\">\n\t\t\t<div class=\"vc_single_image-wrapper   vc_box_border_grey\"><img decoding=\"async\" width=\"100\" height=\"351\" src=\"https:\/\/www.planet-knox.com\/wp-content\/uploads\/2020\/01\/mens-chest-waist.png\" class=\"vc_single_image-img attachment-full\" alt=\"\" title=\"cintura-pecho-hombre\" srcset=\"https:\/\/www.planet-knox.com\/wp-content\/uploads\/2020\/01\/mens-chest-waist.png 100w, https:\/\/www.planet-knox.com\/wp-content\/uploads\/2020\/01\/mens-chest-waist-3x12.png 3w\" sizes=\"(max-width: 100px) 100vw, 100px\" \/><\/div>\n\t\t<\/figure>\n\t<\/div>\n<\/div><\/div><\/div><div class=\"wpb_column vc_column_container vc_col-sm-6\"><div class=\"vc_column-inner\"><div class=\"wpb_wrapper\"><div class=\"norebro-text-sc\" \n\tid=\"norebro-custom-69f4b60189d36\" \n\t \n\t>\n\n\t<p><strong>Pecho:<\/strong> Mide alrededor de la parte m\u00e1s ancha del pecho y los om\u00f3platos.<\/p>\n<p><strong>La cintura:<\/strong> Para calcular tu talla, mide tu cintura en la posici\u00f3n en la que suelen sentarte los pantalones. A t\u00edtulo orientativo, se trata de unos 5-6 cm por debajo del ombligo.<\/p>\n<p><strong>Tenga en cuenta lo siguiente:<\/strong> Las medidas indicadas son medidas corporales y se recomienda no medir por encima de la ropa.<\/p>\n\t\n<\/div><\/div><\/div><\/div><\/div><div class=\"vc_row wpb_row vc_inner vc_row-fluid vc_row-o-content-middle vc_row-flex\"><div class=\"wpb_column vc_column_container vc_col-sm-12\"><div class=\"vc_column-inner\"><div class=\"wpb_wrapper\">\n\t<div class=\"wpb_raw_code wpb_raw_html wpb_content_element\" >\n\t\t<div class=\"wpb_wrapper\">\n\t\t\t<table class=\"knoxtable menstable\" cellspacing=\"0\" cellpadding=\"0\" width=\"100%\">\n  <tr>\n    <th>Talla hombre UK<\/th>\n    <th>Pecho (Pulgadas)<\/th>\n    <th>Pecho (cm)<\/th>\n    <th>Cintura (pulgadas)<\/th>\n    <th>Cintura (cm)<\/th>\n  <\/tr>\n  <tr>\n    <td>S<\/td>\n    <td>35-37<\/td>\n    <td>90-96<\/td>\n    <td>30<\/td>\n    <td>76<\/td>\n  <\/tr>\n  <tr>\n    <td>M<\/td>\n    <td>38-40<\/td>\n    <td>98-103<\/td>\n    <td>32<\/td>\n    <td>81<\/td>\n  <\/tr>\n  <tr>\n    <td>L<\/td>\n    <td>41-43<\/td>\n    <td>104-109<\/td>\n    <td>34<\/td>\n    <td>87<\/td>\n  <\/tr>\n  <tr>\n    <td>XL<\/td>\n    <td>44-46<\/td>\n    <td>110-115<\/td>\n    <td>36<\/td>\n    <td>92<\/td>\n  <\/tr>\n  <tr>\n    <td>2XL<\/td>\n    <td>46-48<\/td>\n    <td>116-121<\/td>\n    <td>38<\/td>\n    <td>97<\/td>\n  <\/tr>\n  <tr>\n    <td>3XL<\/td>\n    <td>48-50<\/td>\n    <td>122-127<\/td>\n    <td>40<\/td>\n    <td>102<\/td>\n  <\/tr>\n  <tr>\n    <td>4XL<\/td>\n    <td>50-52<\/td>\n    <td>128-134<\/td>\n    <td>42<\/td>\n    <td>107<\/td>\n  <\/tr>\n  <tr>\n    <td>5XL<\/td>\n    <td>52-54<\/td>\n    <td>135-141<\/td>\n    <td>44<\/td>\n    <td>112<\/td>\n  <\/tr>\n<\/table>\n\t\t<\/div>\n\t<\/div>\n<\/div><\/div><\/div><\/div><div class=\"vc_empty_space\"   style=\"height: 64px\"><span class=\"vc_empty_space_inner\"><\/span><\/div><\/div><\/div><\/div><\/div><div id=\"relatedproducts\" data-vc-full-width=\"true\" data-vc-full-width-init=\"false\" class=\"vc_row wpb_row vc_row-fluid gradient-container-2\"><div class=\"gradient-column-2 wpb_column vc_column_container vc_col-sm-12\"><div class=\"vc_column-inner\"><div class=\"wpb_wrapper\"><div class=\"norebro-heading-sc heading text-center\"\n\tid=\"norebro-custom-69f4b6018aeea\" \n\t \n\t>\n\t\n\t\n\t\n\t<h3 class=\"title\">\n\t\tOtras compras\t<\/h3>\n\n\t\n\t\t\t<p class=\"subtitle\">\n\t\t\t\u00bfNecesita ayuda para seleccionar productos que combinen bien? Utilice el chat en directo o env\u00edenos un correo electr\u00f3nico a <a href=\"mailto:sales@planet-knox.com\">sales@planet-knox.com<\/a>\t\t<\/p>\n\t\t\n<\/div><div class=\"vc_empty_space\"   style=\"height: 32px\"><span class=\"vc_empty_space_inner\"><\/span><\/div><div class=\"vc_separator wpb_content_element vc_separator_align_center vc_sep_width_100 vc_sep_pos_align_center vc_separator_no_text vc_sep_color_grey wpb_content_element  wpb_content_element\" ><span class=\"vc_sep_holder vc_sep_holder_l\"><span class=\"vc_sep_line\"><\/span><\/span><span class=\"vc_sep_holder vc_sep_holder_r\"><span class=\"vc_sep_line\"><\/span><\/span>\n<\/div><div class=\"vc_empty_space\"   style=\"height: 32px\"><span class=\"vc_empty_space_inner\"><\/span><\/div><div class=\"woocommerce columns-3\">\n<div class=\"vc_row\">\n\t<ul class=\"woo-products norebro-masonry\" data-lazy-container=\"products\">\n\n<li class=\"post-157883 product type-product status-publish has-post-thumbnail product_cat-gloves product_cat-mens-non-waterproof-gloves product_cat-mens-motorcycle-gloves product_cat-womens-motorcycle-gloves product_tag-men product_tag-wheelie product_tag-women pa_colour-white pa_size-2xl pa_size-l pa_size-m pa_size-s pa_size-xl first outofstock taxable shipping-taxable purchasable product-type-variable has-default-attributes\" data-product-item=\"true\" data-lazy-item=\"\" data-lazy-scope=\"products\">\n\t<div class=\"product-content trans-shadow\">\n\t\t<a href=\"https:\/\/www.planet-knox.com\/es\/producto\/orsa-leather-mk2-gloves-white\/\" class=\"static\">\n\t\t\t<div class=\"image-wrap\">\n\t\t\t\t\n\t<span class=\"woo-onsale out\">AGOTADO<\/span>\n\n\t\t\t\t<div class=\"noslide\">\n\t\t\t\t\n\t\t\t\t\t\n\t<span class=\"woo-onsale out\">AGOTADO<\/span>\n<img decoding=\"async\" width=\"650\" height=\"650\" src=\"https:\/\/www.planet-knox.com\/wp-content\/uploads\/2021\/04\/Orsa-White-3-scaled-650x650.jpg\" class=\"attachment-woocommerce_thumbnail size-woocommerce_thumbnail\" alt=\"Orsa Leather MK2 Gloves\" srcset=\"https:\/\/www.planet-knox.com\/wp-content\/uploads\/2021\/04\/Orsa-White-3-scaled-650x650.jpg 650w, https:\/\/www.planet-knox.com\/wp-content\/uploads\/2021\/04\/Orsa-White-3-500x500.jpg 500w, https:\/\/www.planet-knox.com\/wp-content\/uploads\/2021\/04\/Orsa-White-3-1500x1500.jpg 1500w, https:\/\/www.planet-knox.com\/wp-content\/uploads\/2021\/04\/Orsa-White-3-768x768.jpg 768w, https:\/\/www.planet-knox.com\/wp-content\/uploads\/2021\/04\/Orsa-White-3-1536x1536.jpg 1536w, https:\/\/www.planet-knox.com\/wp-content\/uploads\/2021\/04\/Orsa-White-3-scaled.jpg 2048w, https:\/\/www.planet-knox.com\/wp-content\/uploads\/2021\/04\/Orsa-White-3-200x200.jpg 200w, https:\/\/www.planet-knox.com\/wp-content\/uploads\/2021\/04\/Orsa-White-3-1920x1920.jpg 1920w, https:\/\/www.planet-knox.com\/wp-content\/uploads\/2021\/04\/Orsa-White-3-510x510.jpg 510w, https:\/\/www.planet-knox.com\/wp-content\/uploads\/2021\/04\/Orsa-White-3-100x100.jpg 100w, https:\/\/www.planet-knox.com\/wp-content\/uploads\/2021\/04\/Orsa-White-3-60x60.jpg 60w, https:\/\/www.planet-knox.com\/wp-content\/uploads\/2021\/04\/Orsa-White-3-90x90.jpg 90w\" sizes=\"(max-width: 650px) 100vw, 650px\" \/>\n\t\t\t\t<\/div>\n\n\t\t\t<\/div>\n\n\t\t<\/a><a href=\"https:\/\/www.planet-knox.com\/es\/producto\/orsa-leather-mk2-gloves-white\/\" aria-describedby=\"woocommerce_loop_add_to_cart_link_describedby_157883\" data-quantity=\"1\" class=\"btn btn-brand button product_type_variable\" data-product_id=\"157883\" data-product_sku=\"\" aria-label=\"Elige las opciones para \u201cOrsa Leather MK2 Gloves\u201d\" rel=\"nofollow\" data-no-translation=\"\" data-trp-gettext=\"\" data-no-translation-aria-label=\"\">Seleccionar opciones<\/a><span id=\"woocommerce_loop_add_to_cart_link_describedby_157883\" class=\"screen-reader-text\">\n\tEste producto tiene m\u00faltiples variantes. Las opciones se pueden elegir en la p\u00e1gina de producto<\/span>\n<span class=\"gtm4wp_productdata\" style=\"display:none; visibility:hidden;\" data-gtm4wp_product_data=\"{&quot;internal_id&quot;:157883,&quot;item_id&quot;:157883,&quot;item_name&quot;:&quot;Orsa Leather MK2 Gloves&quot;,&quot;sku&quot;:157883,&quot;price&quot;:129.99,&quot;stocklevel&quot;:0,&quot;stockstatus&quot;:&quot;outofstock&quot;,&quot;google_business_vertical&quot;:&quot;retail&quot;,&quot;item_category&quot;:&quot;Men&#039;s Non Waterproof Gloves&quot;,&quot;id&quot;:157883,&quot;item_brand&quot;:&quot;Men\\u2019s Motorcycle Gloves&quot;,&quot;productlink&quot;:&quot;https:\\\/\\\/www.planet-knox.com\\\/es\\\/producto\\\/orsa-leather-mk2-gloves-white\\\/&quot;,&quot;item_list_name&quot;:&quot;Lista general de productos&quot;,&quot;index&quot;:1,&quot;product_type&quot;:&quot;variable&quot;}\"><\/span>\t\t<div class=\"wc-product-title-wrap\">\n\t\t\t\t\t\n\t\t\t\t\t\n\t\t\t\t\t\n\t\t\t\t\t\n\t\t\t\t\t\t<h3>\n\t\t\t\t<a href=\"https:\/\/www.planet-knox.com\/es\/producto\/orsa-leather-mk2-gloves-white\/\" class=\"color-dark\">\n\t\t\t\t\tGuantes MK2 de piel Orsa\t\t\t\t<\/a>\n\t\t\t<\/h3>\n\t\t\t<div class=\"price\">\n\t\t\t\t<span class=\"wcpbc-price wcpbc-price-157883\" data-product-id=\"157883\"><\/span>\t\t\t<\/div>\n\t\t\t<div class=\"clear\"><\/div>\n\t\t<\/div>\n\t<\/div>\n<\/li>\n\t<\/ul>\n<\/div><\/div><div class=\"vc_empty_space\"   style=\"height: 32px\"><span class=\"vc_empty_space_inner\"><\/span><\/div><\/div><\/div><\/div><\/div><div class=\"vc_row-full-width vc_clearfix\"><\/div>\n<\/div>","protected":false},"excerpt":{"rendered":"<p>La White Bold Stamp Tee est\u00e1 disponible en blanco brillante y en tallas de la S a la 3XL. La prenda es transpirable y est\u00e1 confeccionada con algod\u00f3n elastano supersuave y costuras en toda la camiseta. Al ser lavables a m\u00e1quina, son muy f\u00e1ciles de cuidar.<\/p>\n<p>Esta es s\u00f3lo una de una nueva gama de camisetas casuales est\u00e1n hechos de una mezcla de 95% algod\u00f3n suave con 5% elastano.  La White Bold Stamp Tee presenta un estampado Bold Knox en la parte delantera junto con una sutil pieza de la marca Knox en el dobladillo.<\/p>\n<p>El suave algod\u00f3n tiene propiedades antibacterianas naturales y el elastano se ha a\u00f1adido para mayor elasticidad y comodidad.<\/p>","protected":false},"featured_media":160387,"comment_status":"open","ping_status":"closed","template":"","meta":{"_acf_changed":false,"inline_featured_image":false},"product_brand":[],"product_cat":[635,581,585,2681,628],"product_tag":[],"class_list":{"0":"post-160365","1":"product","2":"type-product","3":"status-publish","4":"has-post-thumbnail","6":"product_cat-accessories","7":"product_cat-casual-t-shirts","8":"product_cat-mens-accessories","9":"product_cat-stocking-fillers","10":"product_cat-womens-accessories","11":"pa_size-2xl","12":"pa_size-m","13":"pa_size-xl","15":"first","16":"outofstock","17":"taxable","18":"shipping-taxable","19":"purchasable","20":"product-type-variable","21":"has-default-attributes"},"acf":[],"aioseo_notices":[],"gallery_images":[160383,160381],"_links":{"self":[{"href":"https:\/\/www.planet-knox.com\/es\/wp-json\/wp\/v2\/product\/160365","targetHints":{"allow":["GET"]}}],"collection":[{"href":"https:\/\/www.planet-knox.com\/es\/wp-json\/wp\/v2\/product"}],"about":[{"href":"https:\/\/www.planet-knox.com\/es\/wp-json\/wp\/v2\/types\/product"}],"replies":[{"embeddable":true,"href":"https:\/\/www.planet-knox.com\/es\/wp-json\/wp\/v2\/comments?post=160365"}],"wp:featuredmedia":[{"embeddable":true,"href":"https:\/\/www.planet-knox.com\/es\/wp-json\/wp\/v2\/media\/160387"}],"wp:attachment":[{"href":"https:\/\/www.planet-knox.com\/es\/wp-json\/wp\/v2\/media?parent=160365"}],"wp:term":[{"taxonomy":"product_brand","embeddable":true,"href":"https:\/\/www.planet-knox.com\/es\/wp-json\/wp\/v2\/product_brand?post=160365"},{"taxonomy":"product_cat","embeddable":true,"href":"https:\/\/www.planet-knox.com\/es\/wp-json\/wp\/v2\/product_cat?post=160365"},{"taxonomy":"product_tag","embeddable":true,"href":"https:\/\/www.planet-knox.com\/es\/wp-json\/wp\/v2\/product_tag?post=160365"}],"curies":[{"name":"wp","href":"https:\/\/api.w.org\/{rel}","templated":true}]}}