{"id":145649,"date":"2020-11-18T16:47:12","date_gmt":"2020-11-18T16:47:12","guid":{"rendered":"https:\/\/www.planet-knox.com\/product\/gift-card\/"},"modified":"2026-03-24T09:20:50","modified_gmt":"2026-03-24T09:20:50","slug":"gift-card","status":"publish","type":"product","link":"https:\/\/www.planet-knox.com\/es\/producto\/gift-card\/","title":{"rendered":"Tarjeta regalo Knox (Digital)"},"content":{"rendered":"","protected":false},"excerpt":{"rendered":"<p>\u00bfSe te ha hecho tarde? \u00bfNo sabes qu\u00e9 regalarle a alguien? \u00bfQu\u00e9 talla necesitan? La tarjeta regalo de Knox le ayudar\u00e1.<br \/>\nSin l\u00edmites de tiempo, sin gastos de env\u00edo: s\u00f3lo un c\u00f3digo que su amigo o familiar puede a\u00f1adir a su cuenta KNOX o utilizar durante el proceso de pago: as\u00ed de sencillo.<\/p>","protected":false},"featured_media":214327,"comment_status":"open","ping_status":"closed","template":"","meta":{"_acf_changed":false,"inline_featured_image":false},"product_brand":[],"product_cat":[2733],"product_tag":[],"class_list":{"0":"post-145649","1":"product","2":"type-product","3":"status-publish","4":"has-post-thumbnail","6":"product_cat-gift-cards","8":"first","9":"instock","10":"taxable","11":"shipping-taxable","12":"purchasable","13":"product-type-variable","14":"has-default-attributes"},"acf":[],"aioseo_notices":[],"gallery_images":[],"_links":{"self":[{"href":"https:\/\/www.planet-knox.com\/es\/wp-json\/wp\/v2\/product\/145649","targetHints":{"allow":["GET"]}}],"collection":[{"href":"https:\/\/www.planet-knox.com\/es\/wp-json\/wp\/v2\/product"}],"about":[{"href":"https:\/\/www.planet-knox.com\/es\/wp-json\/wp\/v2\/types\/product"}],"replies":[{"embeddable":true,"href":"https:\/\/www.planet-knox.com\/es\/wp-json\/wp\/v2\/comments?post=145649"}],"wp:featuredmedia":[{"embeddable":true,"href":"https:\/\/www.planet-knox.com\/es\/wp-json\/wp\/v2\/media\/214327"}],"wp:attachment":[{"href":"https:\/\/www.planet-knox.com\/es\/wp-json\/wp\/v2\/media?parent=145649"}],"wp:term":[{"taxonomy":"product_brand","embeddable":true,"href":"https:\/\/www.planet-knox.com\/es\/wp-json\/wp\/v2\/product_brand?post=145649"},{"taxonomy":"product_cat","embeddable":true,"href":"https:\/\/www.planet-knox.com\/es\/wp-json\/wp\/v2\/product_cat?post=145649"},{"taxonomy":"product_tag","embeddable":true,"href":"https:\/\/www.planet-knox.com\/es\/wp-json\/wp\/v2\/product_tag?post=145649"}],"curies":[{"name":"wp","href":"https:\/\/api.w.org\/{rel}","templated":true}]}}