{"id":1725,"date":"2017-10-02T09:27:43","date_gmt":"2017-10-02T09:27:43","guid":{"rendered":"http:\/\/192.168.1.30\/zoo-tomo\/?page_id=1725"},"modified":"2023-04-24T12:22:33","modified_gmt":"2023-04-24T12:22:33","slug":"contact-us","status":"publish","type":"page","link":"https:\/\/www.planet-knox.com\/es\/contact-us\/","title":{"rendered":"Contacte con nosotros"},"content":{"rendered":"<div class=\"wpb-content-wrapper\"><div class=\"vc_row wpb_row vc_row-fluid gradient-container-1 vc_custom_1595585913058 vc_row-has-fill vc_row-o-content-middle vc_row-flex\"><div class=\"gradient-column-1 wpb_column vc_column_container vc_col-sm-4\"><div class=\"vc_column-inner\"><div class=\"wpb_wrapper\"><h2 style=\"font-size: 36px;text-align: center\" class=\"vc_custom_heading vc_do_custom_heading vc_custom_1594976174150\" ><a href=\"https:\/\/www.planet-knox.com\/es\/warranty-request\/\">Solicitud de garant\u00eda<\/a><\/h2><div class=\"norebro-button-sc btn-wrap text-center\" \n\tid=\"norebro-custom-6a0073a5002d6\"\n\t \n\t>\n\n\t<a href=\"https:\/\/www.planet-knox.com\/es\/warranty-request\/\" \n\t\tclass=\"btn  btn-outline\">\n\n\t\t\n\t\t\n\t\t<span class=\"text\">\n\t\t\tENVIAR SOLICITUD DE GARANT\u00cdA\t\t<\/span>\n\n\t\t\n\t\t\n\t\t\t<\/a>\n\n<\/div><\/div><\/div><\/div><div class=\"gradient-column-2 wpb_column vc_column_container vc_col-sm-4\"><div class=\"vc_column-inner\"><div class=\"wpb_wrapper\"><h2 style=\"font-size: 36px;text-align: center\" class=\"vc_custom_heading vc_do_custom_heading vc_custom_1594976182310\" ><a href=\"https:\/\/www.planet-knox.com\/es\/product-returns\/\">Devoluciones y cambios<\/a><\/h2><div class=\"norebro-button-sc btn-wrap text-center\" \n\tid=\"norebro-custom-6a0073a50078b\"\n\t \n\t>\n\n\t<a href=\"https:\/\/www.planet-knox.com\/es\/product-returns\/\" \n\t\tclass=\"btn  btn-outline\">\n\n\t\t\n\t\t\n\t\t<span class=\"text\">\n\t\t\tDEVOLVER O CAMBIAR UN PRODUCTO\t\t<\/span>\n\n\t\t\n\t\t\n\t\t\t<\/a>\n\n<\/div><\/div><\/div><\/div><div class=\"gradient-column-3 wpb_column vc_column_container vc_col-sm-4\"><div class=\"vc_column-inner\"><div class=\"wpb_wrapper\"><h2 style=\"font-size: 36px;text-align: center\" class=\"vc_custom_heading vc_do_custom_heading vc_custom_1595585695858\" ><a href=\"https:\/\/www.planet-knox.com\/es\/part-replacement-request\/\">Solicitud de pieza<\/a><\/h2><div class=\"norebro-button-sc btn-wrap text-center\" \n\tid=\"norebro-custom-6a0073a500bdf\"\n\t \n\t>\n\n\t<a href=\"https:\/\/www.planet-knox.com\/es\/part-replacement-request\/\" \n\t\tclass=\"btn  btn-outline\">\n\n\t\t\n\t\t\n\t\t<span class=\"text\">\n\t\t\tSOLICITAR SUSTITUCI\u00d3N DE BOA\/AEROFOIL\t\t<\/span>\n\n\t\t\n\t\t\n\t\t\t<\/a>\n\n<\/div><\/div><\/div><\/div><\/div><div class=\"vc_row wpb_row vc_row-fluid gradient-container-2 vc_custom_1507280106027\"><div class=\"gradient-column-4 wpb_column vc_column_container vc_col-sm-12\"><div class=\"vc_column-inner\"><div class=\"wpb_wrapper\"><div class=\"wpb_gmaps_widget wpb_content_element vc_custom_1528278555266\"><div class=\"wpb_wrapper\"><div class=\"wpb_map_wraper\"><iframe width=\"600\" height=\"400\" id=\"gmap_canvas\" src=\"https:\/\/maps.google.com\/maps?q=Unit%205%2C%20Derwent%20Mills%2C%20Cockermouth%2C%20Cumbria%2C%20United%20Kingdom%2C%20ca13%200ht&t=&z=13&ie=UTF8&iwloc=&output=embed\" frameborder=\"0\" scrolling=\"no\" marginheight=\"400\" marginwidth=\"0\"><\/iframe><\/div><\/div><\/div><\/div><\/div><\/div><\/div><div class=\"vc_row wpb_row vc_row-fluid gradient-container-3 vc_custom_1507280529274\"><div class=\"gradient-column-5 wpb_column vc_column_container vc_col-sm-8\"><div class=\"vc_column-inner vc_custom_1507281913425\"><div class=\"wpb_wrapper\"><h2 style=\"font-size: 36px;text-align: left\" class=\"vc_custom_heading vc_do_custom_heading vc_custom_1507281494033\" >Contacte con nosotros<\/h2>\n<div class=\"wpcf7 no-js\" id=\"wpcf7-f3547-o1\" lang=\"en-US\" dir=\"ltr\" data-wpcf7-id=\"3547\">\n<div class=\"screen-reader-response\"><p role=\"status\" aria-live=\"polite\" aria-atomic=\"true\"><\/p> <ul><\/ul><\/div>\n<form action=\"\/es\/wp-json\/wp\/v2\/pages\/1725#wpcf7-f3547-o1\" method=\"post\" class=\"wpcf7-form init\" aria-label=\"Formulario de contacto\" novalidate=\"novalidate\" data-status=\"init\" data-trp-original-action=\"\/es\/wp-json\/wp\/v2\/pages\/1725#wpcf7-f3547-o1\">\n<fieldset class=\"hidden-fields-container\"><input type=\"hidden\" name=\"_wpcf7\" value=\"3547\" \/><input type=\"hidden\" name=\"_wpcf7_version\" value=\"6.1.5\" \/><input type=\"hidden\" name=\"_wpcf7_locale\" value=\"en_US\" \/><input type=\"hidden\" name=\"_wpcf7_unit_tag\" value=\"wpcf7-f3547-o1\" \/><input type=\"hidden\" name=\"_wpcf7_container_post\" value=\"0\" \/><input type=\"hidden\" name=\"_wpcf7_posted_data_hash\" value=\"\" \/>\n<\/fieldset>\n<div class=\"row\">\n\t<div class=\"col-xs-12 col-sm-4\">\n\t\t<p><span class=\"wpcf7-form-control-wrap\" data-name=\"your-name\"><input size=\"40\" maxlength=\"400\" class=\"wpcf7-form-control wpcf7-text wpcf7-validates-as-required\" aria-required=\"true\" aria-invalid=\"false\" placeholder=\"Su nombre\" value=\"\" type=\"text\" name=\"your-name\" \/><\/span>\n\t\t<\/p>\n\t<\/div>\n\t<div class=\"col-xs-12 col-sm-4\">\n\t\t<p><span class=\"wpcf7-form-control-wrap\" data-name=\"your-email\"><input size=\"40\" maxlength=\"400\" class=\"wpcf7-form-control wpcf7-email wpcf7-validates-as-required wpcf7-text wpcf7-validates-as-email\" aria-required=\"true\" aria-invalid=\"false\" placeholder=\"Su correo electr\u00f3nico\" value=\"\" type=\"email\" name=\"your-email\" \/><\/span>\n\t\t<\/p>\n\t<\/div>\n\t<div class=\"col-xs-12 col-sm-4\">\n\t\t<p><span class=\"wpcf7-form-control-wrap\" data-name=\"tel-469\"><input size=\"40\" maxlength=\"400\" class=\"wpcf7-form-control wpcf7-tel wpcf7-text wpcf7-validates-as-tel\" aria-invalid=\"false\" placeholder=\"Tu tel\u00e9fono\" value=\"\" type=\"tel\" name=\"tel-469\" \/><\/span>\n\t\t<\/p>\n\t<\/div>\n<\/div>\n<div class=\"row\">\n\t<div class=\"col-xs-12\" style=\"width: 100%;\">\n\t\t<p><span class=\"wpcf7-form-control-wrap\" data-name=\"your-message\"><textarea cols=\"40\" rows=\"10\" maxlength=\"2000\" class=\"wpcf7-form-control wpcf7-textarea\" aria-invalid=\"false\" placeholder=\"Su mensaje\" name=\"your-message\"><\/textarea><\/span>\n\t\t<\/p>\n\t<\/div>\n<\/div>\n<div class=\"col-xs-12 col-sm-4\">\n\t<p>Introduce este c\u00f3digo: <input type=\"hidden\" name=\"_wpcf7_captcha_challenge_captcha-170\" value=\"1687080088\" \/><img decoding=\"async\" class=\"wpcf7-form-control wpcf7-captchac wpcf7-captcha-captcha-170\" width=\"72\" height=\"24\" alt=\"captcha\" src=\"https:\/\/www.planet-knox.com\/wp-content\/uploads\/wpcf7_captcha\/1687080088.png\" \/><br \/>\n<span class=\"wpcf7-form-control-wrap\" data-name=\"captcha-170\"><input size=\"4\" maxlength=\"4\" class=\"wpcf7-form-control wpcf7-captchar\" autocomplete=\"off\" aria-invalid=\"false\" value=\"\" type=\"text\" name=\"captcha-170\" \/><\/span>\n\t<\/p>\n<\/div>\n<div class=\"row\">\n\t<p><input class=\"wpcf7-form-control wpcf7-submit has-spinner\" type=\"submit\" value=\"Enviar mensaje\" \/>\n\t<\/p>\n<\/div><div class=\"wpcf7-response-output\" aria-hidden=\"true\"><\/div>\n<input type=\"hidden\" name=\"trp-form-language\" value=\"es\"\/><\/form>\n<\/div>\n<\/div><\/div><\/div><div class=\"gradient-column-6 wpb_column vc_column_container vc_col-sm-4 vc_col-has-fill\"><div class=\"vc_column-inner vc_custom_1535968643370\"><div class=\"wpb_wrapper\"><h2 style=\"font-size: 36px;text-align: left\" class=\"vc_custom_heading vc_do_custom_heading\" >Ubicaciones de Knox<\/h2>\n\t<div class=\"wpb_text_column wpb_content_element\" >\n\t\t<div class=\"wpb_wrapper\">\n\t\t\t<h4 style=\"font-size: 21px; font-weight: 500;\">Cuartel general de Knox en Cumbria<\/h4>\n<p>+44 1900 825825<br \/>\nUnidad 5, Parque Comercial Derwent Mills,<br \/>\nCockermouth, Cumbria, CA13 0HT.<br \/>\n<a href=\"mailto:sales@planet-knox.com\">sales@planet-knox.com<\/a><\/p>\n<p><span style=\"color: #ff0000;\"><strong>Aceptamos citas previa solicitud.<br \/>\n<\/strong><\/span><span style=\"color: #ff0000;\"><strong>Env\u00edenos un mensaje con los productos que le interesen y cu\u00e1ndo desea visitarnos.<\/strong><\/span><\/p>\n\n\t\t<\/div>\n\t<\/div>\n<\/div><\/div><\/div><\/div>\n<\/div>","protected":false},"excerpt":{"rendered":"Solicitud de garant\u00eda ENVIAR SOLICITUD DE GARANT\u00cdA Devoluciones y cambios DEVOLUCI\u00d3N O CAMBIO DE UN PRODUCTO Solicitud de pieza SOLICITAR SUSTITUCI\u00d3N DE BOA\/AEROFOIL Contacto Introduzca este c\u00f3digo: Knox Localizaciones Knox HQ Cumbria +44 1900 825825 Unit 5, Derwent Mills Commercial Park, Cockermouth, Cumbria, CA13 0HT. sales@planet-knox.com Aceptamos citas...","protected":false},"author":1,"featured_media":0,"parent":0,"menu_order":0,"comment_status":"closed","ping_status":"closed","template":"","meta":{"_acf_changed":false,"inline_featured_image":false,"footnotes":""},"class_list":["post-1725","page","type-page","status-publish","hentry"],"acf":[],"aioseo_notices":[],"_links":{"self":[{"href":"https:\/\/www.planet-knox.com\/es\/wp-json\/wp\/v2\/pages\/1725","targetHints":{"allow":["GET"]}}],"collection":[{"href":"https:\/\/www.planet-knox.com\/es\/wp-json\/wp\/v2\/pages"}],"about":[{"href":"https:\/\/www.planet-knox.com\/es\/wp-json\/wp\/v2\/types\/page"}],"author":[{"embeddable":true,"href":"https:\/\/www.planet-knox.com\/es\/wp-json\/wp\/v2\/users\/1"}],"replies":[{"embeddable":true,"href":"https:\/\/www.planet-knox.com\/es\/wp-json\/wp\/v2\/comments?post=1725"}],"version-history":[{"count":0,"href":"https:\/\/www.planet-knox.com\/es\/wp-json\/wp\/v2\/pages\/1725\/revisions"}],"wp:attachment":[{"href":"https:\/\/www.planet-knox.com\/es\/wp-json\/wp\/v2\/media?parent=1725"}],"curies":[{"name":"wp","href":"https:\/\/api.w.org\/{rel}","templated":true}]}}