{"id":155309,"date":"2021-03-16T10:39:48","date_gmt":"2021-03-16T10:39:48","guid":{"rendered":"https:\/\/www.planet-knox.com\/?page_id=155309"},"modified":"2021-03-17T09:22:20","modified_gmt":"2021-03-17T09:22:20","slug":"ultimate-road-track-bike-series","status":"publish","type":"page","link":"https:\/\/www.planet-knox.com\/es\/ultimate-road-track-bike-series\/","title":{"rendered":"Serie Ultimate de bicicletas de carretera y pista"},"content":{"rendered":"<div class=\"wpb-content-wrapper\"><div class=\"vc_row wpb_row vc_row-fluid gradient-container-1\"><div class=\"gradient-column-1 wpb_column vc_column_container vc_col-sm-12\"><div class=\"vc_column-inner\"><div class=\"wpb_wrapper\"><div class=\"norebro-heading-sc heading text-center\"\n\tid=\"norebro-custom-69f2f0a71a62a\" \n\t \n\t>\n\t\n\t\t\t<p class=\"subtitle\">\n\t\t\tPresentaci\u00f3n de una nueva serie en el canal YouTube de Knox y en el Knox Journal\u00a0\t\t<\/p>\n\t\n\t\n\t<h3 class=\"title subtitle-top\">\n\t\tEl proyecto Suzuki GSXR 750 carretera\/pista.\t<\/h3>\n\n\t\n\t\t\n<\/div><div class=\"vc_empty_space\"   style=\"height: 32px\"><span class=\"vc_empty_space_inner\"><\/span><\/div><div class=\"norebro-text-sc\" \n\tid=\"norebro-custom-69f2f0a71a7b6\" \n\t \n\t>\n\n\t<p>En esta serie, tomamos la motocicleta que ha sido un p\u00f3ster para el contenido de Knox en los \u00faltimos a\u00f1os y la convertimos en la moto perfecta tanto para los d\u00edas de circuito como para la conducci\u00f3n en carretera. Quer\u00edamos documentar lo que estamos haciendo con la moto, ya que creemos que ser\u00e1 interesante, \u00fatil y esperamos que inspire a los pilotos que est\u00e1n considerando proyectos similares con sus propias motos.<\/p>\n<p>Hasta ahora, ha sido una curva de aprendizaje con algunos errores y desaf\u00edos en el camino, pero parte del trabajo pesado ya se ha hecho y est\u00e1 bien encaminado.<\/p>\n<p>Para comprobarlo, haga clic en cualquiera de los episodios siguientes:<\/p>\n\t\n<\/div><div class=\"norebro-recent-posts-sc vc_row blog-posts-masonry\" \n\tid=\"norebro-custom-69f2f0a71d493\"\n\t \n\t>\n\n\t<div class=\"norebro-masonry\" data-lazy-container=\"posts\"><div class=\"vc_col-lg-12 vc_col-md-12 vc_col-sm-12 vc_col-xs-12 blog-post-masonry masonry-block post-offset norebro-card-wrapper\" data-lazy-item=\"\" data-lazy-scope=\"posts\"><div  data-aos-once=\"true\" data-aos=\"fade-up\"><div class=\"blog-grid grid-1 boxed\"  data-aos-once=\"&quot;true&quot;\" data-aos=\"&quot;fade-up&quot;\">\n\n\t<header>\n\t\t\t\t<a href=\"https:\/\/www.planet-knox.com\/es\/explore-the-world-to-georgia-and-back\/\">\n\t\t\t<img decoding=\"async\" src=\"https:\/\/www.planet-knox.com\/wp-content\/uploads\/2023\/01\/georgia_and_back5.jpg\" alt=\"To Georgia And Back\">\n\t\t<\/a>\n\t\t\n\t\t\t\t<div class=\"tags\">\n\t\t\t\t\t\t\t<a class=\"tag brand-bg-color brand-border-color\" href=\"https:\/\/www.planet-knox.com\/es\/news\/bike-reviews\/\">\n\t\t\t\t\tRevisiones de bicicletas\t\t\t\t<\/a>\n\t\t\t\t\t\t\t<a class=\"tag brand-bg-color brand-border-color\" href=\"https:\/\/www.planet-knox.com\/es\/news\/body-armour\/\">\n\t\t\t\t\tArmadura corporal\t\t\t\t<\/a>\n\t\t\t\t\t\t\t<a class=\"tag brand-bg-color brand-border-color\" href=\"https:\/\/www.planet-knox.com\/es\/news\/ultimate-road-track-bike\/\">\n\t\t\t\t\tLo \u00faltimo en bicicletas de carretera y pista\t\t\t\t<\/a>\n\t\t\t\t\t<\/div>\n\t\t\t<\/header>\n\n\t<div class=\"content\">\n\t\t<h3>\n\t\t\t\t\t\t<a href=\"https:\/\/www.planet-knox.com\/es\/explore-the-world-to-georgia-and-back\/\">\n\t\t\t\tDe ida y vuelta a Georgia\t\t\t<\/a>\n\t\t<\/h3>\n\t\t\n\t\t<p>Te presentamos a Jade Foster, inglesa y profesora de matem\u00e1ticas de profesi\u00f3n. Jade ha pasado m\u00e1s de cuatro meses viajando sola en moto desde el Reino Unido hasta Georgia y...<\/p>\n\t<\/div>\n\n\t<footer>\n\t\t\t\t<span class=\"author\">Knox<\/span>\n\t\t<strong>-<\/strong>\n\t\t\t\t\t\t<span class=\"data\">17 de enero de 2023<\/span>\n\t\t\t<\/footer>\n\n<\/div>\n<\/div><div class=\"clear\"><\/div><\/div><div class=\"vc_col-lg-12 vc_col-md-12 vc_col-sm-12 vc_col-xs-12 blog-post-masonry masonry-block post-offset norebro-card-wrapper\" data-lazy-item=\"\" data-lazy-scope=\"posts\"><div  data-aos-once=\"true\" data-aos=\"fade-up\"><div class=\"blog-grid grid-1 boxed\"  data-aos-once=\"&quot;true&quot;\" data-aos=\"&quot;fade-up&quot;\">\n\n\t<header>\n\t\t\t\t<a href=\"https:\/\/www.planet-knox.com\/es\/dunlop-d212-gp-racer-tyre-review\/\">\n\t\t\t<img decoding=\"async\" src=\"https:\/\/www.planet-knox.com\/wp-content\/uploads\/2023\/01\/dunlop.jpg\" alt=\"Dunlop D212 GP racer review\">\n\t\t<\/a>\n\t\t\n\t\t\t\t<div class=\"tags\">\n\t\t\t\t\t\t\t<a class=\"tag brand-bg-color brand-border-color\" href=\"https:\/\/www.planet-knox.com\/es\/news\/bike-reviews\/\">\n\t\t\t\t\tRevisiones de bicicletas\t\t\t\t<\/a>\n\t\t\t\t\t\t\t<a class=\"tag brand-bg-color brand-border-color\" href=\"https:\/\/www.planet-knox.com\/es\/news\/ultimate-road-track-bike\/\">\n\t\t\t\t\tLo \u00faltimo en bicicletas de carretera y pista\t\t\t\t<\/a>\n\t\t\t\t\t<\/div>\n\t\t\t<\/header>\n\n\t<div class=\"content\">\n\t\t<h3>\n\t\t\t\t\t\t<a href=\"https:\/\/www.planet-knox.com\/es\/dunlop-d212-gp-racer-tyre-review\/\">\n\t\t\t\tDunlop D212 GP racer review\t\t\t<\/a>\n\t\t<\/h3>\n\t\t\n\t\t<p>Desde abril de este a\u00f1o, he estado corriendo el Dunlop D212 GP racer y obtener una muy buena comprensi\u00f3n acerca de lo que son. He hecho sobre todo d\u00edas de pista...<\/p>\n\t<\/div>\n\n\t<footer>\n\t\t\t\t<span class=\"author\">Knox<\/span>\n\t\t<strong>-<\/strong>\n\t\t\t\t\t\t<span class=\"data\">9 de enero de 2023<\/span>\n\t\t\t<\/footer>\n\n<\/div>\n<\/div><div class=\"clear\"><\/div><\/div><div class=\"vc_col-lg-12 vc_col-md-12 vc_col-sm-12 vc_col-xs-12 blog-post-masonry masonry-block post-offset norebro-card-wrapper\" data-lazy-item=\"\" data-lazy-scope=\"posts\"><div  data-aos-once=\"true\" data-aos=\"fade-up\"><div class=\"blog-grid grid-1 boxed\"  data-aos-once=\"&quot;true&quot;\" data-aos=\"&quot;fade-up&quot;\">\n\n\t<header>\n\t\t\t\t<a href=\"https:\/\/www.planet-knox.com\/es\/yamaha-r1-vs-suzuki-gsxr-1000\/\">\n\t\t\t<img decoding=\"async\" src=\"https:\/\/www.planet-knox.com\/wp-content\/uploads\/2022\/09\/DSC09651.jpg\" alt=\"Yamaha R1 vs Suzuki GSXR 1000 - Knox Superbike Shootout &#x1f525; P.1 The road.\">\n\t\t<\/a>\n\t\t\n\t\t\t\t<div class=\"tags\">\n\t\t\t\t\t\t\t<a class=\"tag brand-bg-color brand-border-color\" href=\"https:\/\/www.planet-knox.com\/es\/news\/bike-reviews\/\">\n\t\t\t\t\tRevisiones de bicicletas\t\t\t\t<\/a>\n\t\t\t\t\t\t\t<a class=\"tag brand-bg-color brand-border-color\" href=\"https:\/\/www.planet-knox.com\/es\/news\/body-armour\/\">\n\t\t\t\t\tArmadura corporal\t\t\t\t<\/a>\n\t\t\t\t\t\t\t<a class=\"tag brand-bg-color brand-border-color\" href=\"https:\/\/www.planet-knox.com\/es\/news\/ultimate-road-track-bike\/\">\n\t\t\t\t\tLo \u00faltimo en bicicletas de carretera y pista\t\t\t\t<\/a>\n\t\t\t\t\t<\/div>\n\t\t\t<\/header>\n\n\t<div class=\"content\">\n\t\t<h3>\n\t\t\t\t\t\t<a href=\"https:\/\/www.planet-knox.com\/es\/yamaha-r1-vs-suzuki-gsxr-1000\/\">\n\t\t\t\tYamaha R1 vs Suzuki GSXR 1000 - Knox Superbike Shootout &#x1f525; P.1 The road.\t\t\t<\/a>\n\t\t<\/h3>\n\t\t\n\t\t<p>En esta prueba de superbike en 2 partes, enfrentamos a la Yamaha R1 con la Suzuki GSXR 1000, \u00a1en carretera y en circuito!<\/p>\n\t<\/div>\n\n\t<footer>\n\t\t\t\t<span class=\"author\">olly<\/span>\n\t\t<strong>-<\/strong>\n\t\t\t\t\t\t<span class=\"data\">16 de septiembre de 2022<\/span>\n\t\t\t<\/footer>\n\n<\/div>\n<\/div><div class=\"clear\"><\/div><\/div><div class=\"vc_col-lg-12 vc_col-md-12 vc_col-sm-12 vc_col-xs-12 blog-post-masonry masonry-block post-offset norebro-card-wrapper\" data-lazy-item=\"\" data-lazy-scope=\"posts\"><div  data-aos-once=\"true\" data-aos=\"fade-up\"><div class=\"blog-grid grid-1 boxed\"  data-aos-once=\"&quot;true&quot;\" data-aos=\"&quot;fade-up&quot;\">\n\n\t<header>\n\t\t\t\t<a href=\"https:\/\/www.planet-knox.com\/es\/yamaha-tenere-700-world-raid-review\/\">\n\t\t\t<img decoding=\"async\" src=\"https:\/\/www.planet-knox.com\/wp-content\/uploads\/2022\/08\/yamaha_tenere_blog-01.jpg\" alt=\"Yamaha T\u00e9n\u00e9r\u00e9 700 World Raid\">\n\t\t<\/a>\n\t\t\n\t\t\t\t<div class=\"tags\">\n\t\t\t\t\t\t\t<a class=\"tag brand-bg-color brand-border-color\" href=\"https:\/\/www.planet-knox.com\/es\/news\/bike-reviews\/\">\n\t\t\t\t\tRevisiones de bicicletas\t\t\t\t<\/a>\n\t\t\t\t\t\t\t<a class=\"tag brand-bg-color brand-border-color\" href=\"https:\/\/www.planet-knox.com\/es\/news\/body-armour\/\">\n\t\t\t\t\tArmadura corporal\t\t\t\t<\/a>\n\t\t\t\t\t\t\t<a class=\"tag brand-bg-color brand-border-color\" href=\"https:\/\/www.planet-knox.com\/es\/news\/ultimate-road-track-bike\/\">\n\t\t\t\t\tLo \u00faltimo en bicicletas de carretera y pista\t\t\t\t<\/a>\n\t\t\t\t\t<\/div>\n\t\t\t<\/header>\n\n\t<div class=\"content\">\n\t\t<h3>\n\t\t\t\t\t\t<a href=\"https:\/\/www.planet-knox.com\/es\/yamaha-tenere-700-world-raid-review\/\">\n\t\t\t\tYamaha Tener\u00e9 700 World Raid\t\t\t<\/a>\n\t\t<\/h3>\n\t\t\n\t\t<p>Hay una nueva moto de aventura de doble prop\u00f3sito en la ciudad, la Yamaha Tenere 700 World Raid. Fuimos a conducirla en su presentaci\u00f3n a la prensa en el sur de Espa\u00f1a, tanto en carretera como fuera de ella....<\/p>\n\t<\/div>\n\n\t<footer>\n\t\t\t\t<span class=\"author\">Knox<\/span>\n\t\t<strong>-<\/strong>\n\t\t\t\t\t\t<span class=\"data\">5 de agosto de 2022<\/span>\n\t\t\t<\/footer>\n\n<\/div>\n<\/div><div class=\"clear\"><\/div><\/div><div class=\"vc_col-lg-12 vc_col-md-12 vc_col-sm-12 vc_col-xs-12 blog-post-masonry masonry-block post-offset norebro-card-wrapper\" data-lazy-item=\"\" data-lazy-scope=\"posts\"><div  data-aos-once=\"true\" data-aos=\"fade-up\"><div class=\"blog-grid grid-1 boxed\"  data-aos-once=\"&quot;true&quot;\" data-aos=\"&quot;fade-up&quot;\">\n\n\t<header>\n\t\t\t\t<a href=\"https:\/\/www.planet-knox.com\/es\/the-best-motorcycle-gear-for-hot-weather\/\">\n\t\t\t<img decoding=\"async\" src=\"https:\/\/www.planet-knox.com\/wp-content\/uploads\/2022\/07\/DSC09356.jpg\" alt=\"The best motorcycle gear for hot weather\">\n\t\t<\/a>\n\t\t\n\t\t\t\t<div class=\"tags\">\n\t\t\t\t\t\t\t<a class=\"tag brand-bg-color brand-border-color\" href=\"https:\/\/www.planet-knox.com\/es\/news\/bike-reviews\/\">\n\t\t\t\t\tRevisiones de bicicletas\t\t\t\t<\/a>\n\t\t\t\t\t\t\t<a class=\"tag brand-bg-color brand-border-color\" href=\"https:\/\/www.planet-knox.com\/es\/news\/body-armour\/\">\n\t\t\t\t\tArmadura corporal\t\t\t\t<\/a>\n\t\t\t\t\t\t\t<a class=\"tag brand-bg-color brand-border-color\" href=\"https:\/\/www.planet-knox.com\/es\/news\/ultimate-road-track-bike\/\">\n\t\t\t\t\tLo \u00faltimo en bicicletas de carretera y pista\t\t\t\t<\/a>\n\t\t\t\t\t<\/div>\n\t\t\t<\/header>\n\n\t<div class=\"content\">\n\t\t<h3>\n\t\t\t\t\t\t<a href=\"https:\/\/www.planet-knox.com\/es\/the-best-motorcycle-gear-for-hot-weather\/\">\n\t\t\t\tLa mejor ropa de moto para el calor\t\t\t<\/a>\n\t\t<\/h3>\n\t\t\n\t\t<p>Conducir una moto cuando hace calor es como vivir el sue\u00f1o motero... hasta que deja de serlo. Este art\u00edculo trata sobre la mejor equipaci\u00f3n para moto cuando hace calor. Max...<\/p>\n\t<\/div>\n\n\t<footer>\n\t\t\t\t<span class=\"author\">Knox<\/span>\n\t\t<strong>-<\/strong>\n\t\t\t\t\t\t<span class=\"data\">24 de julio de 2022<\/span>\n\t\t\t<\/footer>\n\n<\/div>\n<\/div><div class=\"clear\"><\/div><\/div><div class=\"vc_col-lg-12 vc_col-md-12 vc_col-sm-12 vc_col-xs-12 blog-post-masonry masonry-block post-offset norebro-card-wrapper\" data-lazy-item=\"\" data-lazy-scope=\"posts\"><div  data-aos-once=\"true\" data-aos=\"fade-up\"><div class=\"blog-grid grid-1 boxed\"  data-aos-once=\"&quot;true&quot;\" data-aos=\"&quot;fade-up&quot;\">\n\n\t<header>\n\t\t\t\t<a href=\"https:\/\/www.planet-knox.com\/es\/how-to-save-weight-from-your-motorcycle\/\">\n\t\t\t<img decoding=\"async\" src=\"https:\/\/www.planet-knox.com\/wp-content\/uploads\/2022\/07\/Weight-Saving-2.jpg\" alt=\"How to save weight from your motorcycle\">\n\t\t<\/a>\n\t\t\n\t\t\t\t<div class=\"tags\">\n\t\t\t\t\t\t\t<a class=\"tag brand-bg-color brand-border-color\" href=\"https:\/\/www.planet-knox.com\/es\/news\/bike-reviews\/\">\n\t\t\t\t\tRevisiones de bicicletas\t\t\t\t<\/a>\n\t\t\t\t\t\t\t<a class=\"tag brand-bg-color brand-border-color\" href=\"https:\/\/www.planet-knox.com\/es\/news\/body-armour\/\">\n\t\t\t\t\tArmadura corporal\t\t\t\t<\/a>\n\t\t\t\t\t\t\t<a class=\"tag brand-bg-color brand-border-color\" href=\"https:\/\/www.planet-knox.com\/es\/news\/ultimate-road-track-bike\/\">\n\t\t\t\t\tLo \u00faltimo en bicicletas de carretera y pista\t\t\t\t<\/a>\n\t\t\t\t\t<\/div>\n\t\t\t<\/header>\n\n\t<div class=\"content\">\n\t\t<h3>\n\t\t\t\t\t\t<a href=\"https:\/\/www.planet-knox.com\/es\/how-to-save-weight-from-your-motorcycle\/\">\n\t\t\t\tC\u00f3mo ahorrar peso en tu moto\t\t\t<\/a>\n\t\t<\/h3>\n\t\t\n\t\t<p>En este art\u00edculo trataremos las principales formas de ahorrar peso en tu moto. As\u00ed que coge una taza de caf\u00e9, sigue leyendo, pero voy a advertirte ahora, va...<\/p>\n\t<\/div>\n\n\t<footer>\n\t\t\t\t<span class=\"author\">Knox<\/span>\n\t\t<strong>-<\/strong>\n\t\t\t\t\t\t<span class=\"data\">13 de julio de 2022<\/span>\n\t\t\t<\/footer>\n\n<\/div>\n<\/div><div class=\"clear\"><\/div><\/div><div class=\"vc_col-lg-12 vc_col-md-12 vc_col-sm-12 vc_col-xs-12 blog-post-masonry masonry-block post-offset norebro-card-wrapper\" data-lazy-item=\"\" data-lazy-scope=\"posts\"><div  data-aos-once=\"true\" data-aos=\"fade-up\"><div class=\"blog-grid grid-1 boxed\"  data-aos-once=\"&quot;true&quot;\" data-aos=\"&quot;fade-up&quot;\">\n\n\t<header>\n\t\t\t\t<a href=\"https:\/\/www.planet-knox.com\/es\/short-cuff-motorcycle-gloves-summer\/\">\n\t\t\t<img decoding=\"async\" src=\"https:\/\/www.planet-knox.com\/wp-content\/uploads\/2022\/07\/Urbane-Pro-Trousers-Detail-Womens-1-2.jpg\" alt=\"The best short cuff motorcycle gloves for summer\">\n\t\t<\/a>\n\t\t\n\t\t\t\t<div class=\"tags\">\n\t\t\t\t\t\t\t<a class=\"tag brand-bg-color brand-border-color\" href=\"https:\/\/www.planet-knox.com\/es\/news\/bike-reviews\/\">\n\t\t\t\t\tRevisiones de bicicletas\t\t\t\t<\/a>\n\t\t\t\t\t\t\t<a class=\"tag brand-bg-color brand-border-color\" href=\"https:\/\/www.planet-knox.com\/es\/news\/body-armour\/\">\n\t\t\t\t\tArmadura corporal\t\t\t\t<\/a>\n\t\t\t\t\t\t\t<a class=\"tag brand-bg-color brand-border-color\" href=\"https:\/\/www.planet-knox.com\/es\/news\/ultimate-road-track-bike\/\">\n\t\t\t\t\tLo \u00faltimo en bicicletas de carretera y pista\t\t\t\t<\/a>\n\t\t\t\t\t<\/div>\n\t\t\t<\/header>\n\n\t<div class=\"content\">\n\t\t<h3>\n\t\t\t\t\t\t<a href=\"https:\/\/www.planet-knox.com\/es\/short-cuff-motorcycle-gloves-summer\/\">\n\t\t\t\tLos mejores guantes de moto de pu\u00f1o corto para el verano\t\t\t<\/a>\n\t\t<\/h3>\n\t\t\n\t\t<p>Los guantes de moto de pu\u00f1o corto son ahora m\u00e1s populares que nunca, en gran parte debido a su facilidad de uso y comodidad. Sobre la base de una l\u00ednea ya exitosa de...<\/p>\n\t<\/div>\n\n\t<footer>\n\t\t\t\t<span class=\"author\">olly<\/span>\n\t\t<strong>-<\/strong>\n\t\t\t\t\t\t<span class=\"data\">11 de julio de 2022<\/span>\n\t\t\t<\/footer>\n\n<\/div>\n<\/div><div class=\"clear\"><\/div><\/div><div class=\"vc_col-lg-12 vc_col-md-12 vc_col-sm-12 vc_col-xs-12 blog-post-masonry masonry-block post-offset norebro-card-wrapper\" data-lazy-item=\"\" data-lazy-scope=\"posts\"><div  data-aos-once=\"true\" data-aos=\"fade-up\"><div class=\"blog-grid grid-1 boxed\"  data-aos-once=\"&quot;true&quot;\" data-aos=\"&quot;fade-up&quot;\">\n\n\t<header>\n\t\t\t\t<a href=\"https:\/\/www.planet-knox.com\/es\/super-adventure-ducati-multistrada-v4s-vs-ktm-1290-super-adventure-s\/\">\n\t\t\t<img decoding=\"async\" src=\"https:\/\/www.planet-knox.com\/wp-content\/uploads\/2022\/06\/thumbnail-scaled.jpg\" alt=\"Super Adventure - Ducati Multistrada V4s VS KTM 1290 Super Adventure S\">\n\t\t<\/a>\n\t\t\n\t\t\t\t<div class=\"tags\">\n\t\t\t\t\t\t\t<a class=\"tag brand-bg-color brand-border-color\" href=\"https:\/\/www.planet-knox.com\/es\/news\/bike-reviews\/\">\n\t\t\t\t\tRevisiones de bicicletas\t\t\t\t<\/a>\n\t\t\t\t\t\t\t<a class=\"tag brand-bg-color brand-border-color\" href=\"https:\/\/www.planet-knox.com\/es\/news\/body-armour\/\">\n\t\t\t\t\tArmadura corporal\t\t\t\t<\/a>\n\t\t\t\t\t\t\t<a class=\"tag brand-bg-color brand-border-color\" href=\"https:\/\/www.planet-knox.com\/es\/news\/ultimate-road-track-bike\/\">\n\t\t\t\t\tLo \u00faltimo en bicicletas de carretera y pista\t\t\t\t<\/a>\n\t\t\t\t\t<\/div>\n\t\t\t<\/header>\n\n\t<div class=\"content\">\n\t\t<h3>\n\t\t\t\t\t\t<a href=\"https:\/\/www.planet-knox.com\/es\/super-adventure-ducati-multistrada-v4s-vs-ktm-1290-super-adventure-s\/\">\n\t\t\t\tSuper Adventure - Ducati Multistrada V4s VS KTM 1290 Super Adventure S\t\t\t<\/a>\n\t\t<\/h3>\n\t\t\n\t\t<p>La aventura se puede vivir en cualquier moto. Pero no se trata de hacer el bruto con motos baratas, sino de una prueba de choque de titanes entre las dos Super Adventure m\u00e1s...<\/p>\n\t<\/div>\n\n\t<footer>\n\t\t\t\t<span class=\"author\">Knox<\/span>\n\t\t<strong>-<\/strong>\n\t\t\t\t\t\t<span class=\"data\">24 de junio de 2022<\/span>\n\t\t\t<\/footer>\n\n<\/div>\n<\/div><div class=\"clear\"><\/div><\/div><div class=\"vc_col-lg-12 vc_col-md-12 vc_col-sm-12 vc_col-xs-12 blog-post-masonry masonry-block post-offset norebro-card-wrapper\" data-lazy-item=\"\" data-lazy-scope=\"posts\"><div  data-aos-once=\"true\" data-aos=\"fade-up\"><div class=\"blog-grid grid-1 boxed\"  data-aos-once=\"&quot;true&quot;\" data-aos=\"&quot;fade-up&quot;\">\n\n\t<header>\n\t\t\t\t<a href=\"https:\/\/www.planet-knox.com\/es\/honda-nc750x-review\/\">\n\t\t\t<img decoding=\"async\" src=\"https:\/\/www.planet-knox.com\/wp-content\/uploads\/2022\/05\/Honda-NC750x-Static-3-1-1.jpg\" alt=\"Honda NC750x - 20,000 mile motorcycle review\">\n\t\t<\/a>\n\t\t\n\t\t\t\t<div class=\"tags\">\n\t\t\t\t\t\t\t<a class=\"tag brand-bg-color brand-border-color\" href=\"https:\/\/www.planet-knox.com\/es\/news\/bike-reviews\/\">\n\t\t\t\t\tRevisiones de bicicletas\t\t\t\t<\/a>\n\t\t\t\t\t\t\t<a class=\"tag brand-bg-color brand-border-color\" href=\"https:\/\/www.planet-knox.com\/es\/news\/body-armour\/\">\n\t\t\t\t\tArmadura corporal\t\t\t\t<\/a>\n\t\t\t\t\t\t\t<a class=\"tag brand-bg-color brand-border-color\" href=\"https:\/\/www.planet-knox.com\/es\/news\/ultimate-road-track-bike\/\">\n\t\t\t\t\tLo \u00faltimo en bicicletas de carretera y pista\t\t\t\t<\/a>\n\t\t\t\t\t<\/div>\n\t\t\t<\/header>\n\n\t<div class=\"content\">\n\t\t<h3>\n\t\t\t\t\t\t<a href=\"https:\/\/www.planet-knox.com\/es\/honda-nc750x-review\/\">\n\t\t\t\tHonda NC750x - Revisi\u00f3n de la motocicleta de 20.000 millas\t\t\t<\/a>\n\t\t<\/h3>\n\t\t\n\t\t<p>Con 20.000 millas a lo largo de dos a\u00f1os en dos motos, invitamos a Chris Moss a la sede de Knox para que compartiera sus opiniones sobre la Honda NC750x.<\/p>\n\t<\/div>\n\n\t<footer>\n\t\t\t\t<span class=\"author\">olly<\/span>\n\t\t<strong>-<\/strong>\n\t\t\t\t\t\t<span class=\"data\">6 de mayo de 2022<\/span>\n\t\t\t<\/footer>\n\n<\/div>\n<\/div><div class=\"clear\"><\/div><\/div><div class=\"vc_col-lg-12 vc_col-md-12 vc_col-sm-12 vc_col-xs-12 blog-post-masonry masonry-block post-offset norebro-card-wrapper\" data-lazy-item=\"\" data-lazy-scope=\"posts\"><div  data-aos-once=\"true\" data-aos=\"fade-up\"><div class=\"blog-grid grid-1 boxed\"  data-aos-once=\"&quot;true&quot;\" data-aos=\"&quot;fade-up&quot;\">\n\n\t<header>\n\t\t\t\t<a href=\"https:\/\/www.planet-knox.com\/es\/best-trail-riding-bike-test\/\">\n\t\t\t<img decoding=\"async\" src=\"https:\/\/www.planet-knox.com\/wp-content\/uploads\/2022\/04\/DSC00557.jpg\" alt=\"Best trail riding bike test\">\n\t\t<\/a>\n\t\t\n\t\t\t\t<div class=\"tags\">\n\t\t\t\t\t\t\t<a class=\"tag brand-bg-color brand-border-color\" href=\"https:\/\/www.planet-knox.com\/es\/news\/bike-reviews\/\">\n\t\t\t\t\tRevisiones de bicicletas\t\t\t\t<\/a>\n\t\t\t\t\t\t\t<a class=\"tag brand-bg-color brand-border-color\" href=\"https:\/\/www.planet-knox.com\/es\/news\/body-armour\/\">\n\t\t\t\t\tArmadura corporal\t\t\t\t<\/a>\n\t\t\t\t\t\t\t<a class=\"tag brand-bg-color brand-border-color\" href=\"https:\/\/www.planet-knox.com\/es\/news\/ultimate-road-track-bike\/\">\n\t\t\t\t\tLo \u00faltimo en bicicletas de carretera y pista\t\t\t\t<\/a>\n\t\t\t\t\t<\/div>\n\t\t\t<\/header>\n\n\t<div class=\"content\">\n\t\t<h3>\n\t\t\t\t\t\t<a href=\"https:\/\/www.planet-knox.com\/es\/best-trail-riding-bike-test\/\">\n\t\t\t\tPrueba de la mejor bicicleta de trail\t\t\t<\/a>\n\t\t<\/h3>\n\t\t\n\t\t<p>En un intento por averiguar cu\u00e1l es la mejor moto de trail, hemos enfrentado a la Husqvarna 701 Enduro, la Yamaha WR250f y la GasGas EC300. \u00bfCu\u00e1l de ellas...<\/p>\n\t<\/div>\n\n\t<footer>\n\t\t\t\t<span class=\"author\">Knox<\/span>\n\t\t<strong>-<\/strong>\n\t\t\t\t\t\t<span class=\"data\">4 de abril de 2022<\/span>\n\t\t\t<\/footer>\n\n<\/div>\n<\/div><div class=\"clear\"><\/div><\/div><div class=\"vc_col-lg-12 vc_col-md-12 vc_col-sm-12 vc_col-xs-12 blog-post-masonry masonry-block post-offset norebro-card-wrapper\" data-lazy-item=\"\" data-lazy-scope=\"posts\"><div  data-aos-once=\"true\" data-aos=\"fade-up\"><div class=\"blog-grid grid-1 boxed\"  data-aos-once=\"&quot;true&quot;\" data-aos=\"&quot;fade-up&quot;\">\n\n\t<header>\n\t\t\t\t<a href=\"https:\/\/www.planet-knox.com\/es\/gasgas-ec300-review\/\">\n\t\t\t<img decoding=\"async\" src=\"https:\/\/www.planet-knox.com\/wp-content\/uploads\/2022\/03\/Gasgasec300-11.jpg\" alt=\"GasGas EC300 review\">\n\t\t<\/a>\n\t\t\n\t\t\t\t<div class=\"tags\">\n\t\t\t\t\t\t\t<a class=\"tag brand-bg-color brand-border-color\" href=\"https:\/\/www.planet-knox.com\/es\/news\/bike-reviews\/\">\n\t\t\t\t\tRevisiones de bicicletas\t\t\t\t<\/a>\n\t\t\t\t\t\t\t<a class=\"tag brand-bg-color brand-border-color\" href=\"https:\/\/www.planet-knox.com\/es\/news\/body-armour\/\">\n\t\t\t\t\tArmadura corporal\t\t\t\t<\/a>\n\t\t\t\t\t\t\t<a class=\"tag brand-bg-color brand-border-color\" href=\"https:\/\/www.planet-knox.com\/es\/news\/ultimate-road-track-bike\/\">\n\t\t\t\t\tLo \u00faltimo en bicicletas de carretera y pista\t\t\t\t<\/a>\n\t\t\t\t\t<\/div>\n\t\t\t<\/header>\n\n\t<div class=\"content\">\n\t\t<h3>\n\t\t\t\t\t\t<a href=\"https:\/\/www.planet-knox.com\/es\/gasgas-ec300-review\/\">\n\t\t\t\tRevisi\u00f3n del GasGas EC300\t\t\t<\/a>\n\t\t<\/h3>\n\t\t\n\t\t<p>Hemos tenido la suerte de pasar unas semanas con la moto de enduro GasGas EC300, \u00a1y este es nuestro an\u00e1lisis!<\/p>\n\t<\/div>\n\n\t<footer>\n\t\t\t\t<span class=\"author\">Knox<\/span>\n\t\t<strong>-<\/strong>\n\t\t\t\t\t\t<span class=\"data\">10 de marzo de 2022<\/span>\n\t\t\t<\/footer>\n\n<\/div>\n<\/div><div class=\"clear\"><\/div><\/div><div class=\"vc_col-lg-12 vc_col-md-12 vc_col-sm-12 vc_col-xs-12 blog-post-masonry masonry-block post-offset norebro-card-wrapper\" data-lazy-item=\"\" data-lazy-scope=\"posts\"><div  data-aos-once=\"true\" data-aos=\"fade-up\"><div class=\"blog-grid grid-1 boxed\"  data-aos-once=\"&quot;true&quot;\" data-aos=\"&quot;fade-up&quot;\">\n\n\t<header>\n\t\t\t\t<a href=\"https:\/\/www.planet-knox.com\/es\/gasgas-united-in-dirt\/\">\n\t\t\t<img decoding=\"async\" src=\"https:\/\/www.planet-knox.com\/wp-content\/uploads\/2022\/03\/GASGAS_Thumbnail-08-compressed-scaled.jpg\" alt=\"GasGas - United in Dirt\">\n\t\t<\/a>\n\t\t\n\t\t\t\t<div class=\"tags\">\n\t\t\t\t\t\t\t<a class=\"tag brand-bg-color brand-border-color\" href=\"https:\/\/www.planet-knox.com\/es\/news\/bike-reviews\/\">\n\t\t\t\t\tRevisiones de bicicletas\t\t\t\t<\/a>\n\t\t\t\t\t\t\t<a class=\"tag brand-bg-color brand-border-color\" href=\"https:\/\/www.planet-knox.com\/es\/news\/body-armour\/\">\n\t\t\t\t\tArmadura corporal\t\t\t\t<\/a>\n\t\t\t\t\t\t\t<a class=\"tag brand-bg-color brand-border-color\" href=\"https:\/\/www.planet-knox.com\/es\/news\/ultimate-road-track-bike\/\">\n\t\t\t\t\tLo \u00faltimo en bicicletas de carretera y pista\t\t\t\t<\/a>\n\t\t\t\t\t<\/div>\n\t\t\t<\/header>\n\n\t<div class=\"content\">\n\t\t<h3>\n\t\t\t\t\t\t<a href=\"https:\/\/www.planet-knox.com\/es\/gasgas-united-in-dirt\/\">\n\t\t\t\tGasGas - Unidos en la suciedad\t\t\t<\/a>\n\t\t<\/h3>\n\t\t\n\t\t<p>Hace poco asist\u00ed a un evento llamado \"GasGas - United in Dirt\" para probar la \u00faltima maquinaria de GasGas con promesas de suciedad, diversi\u00f3n y un buen almuerzo demasiado dif\u00edciles de pasar...<\/p>\n\t<\/div>\n\n\t<footer>\n\t\t\t\t<span class=\"author\">Knox<\/span>\n\t\t<strong>-<\/strong>\n\t\t\t\t\t\t<span class=\"data\">7 de marzo de 2022<\/span>\n\t\t\t<\/footer>\n\n<\/div>\n<\/div><div class=\"clear\"><\/div><\/div><\/div>\t\n<\/div><\/div><\/div><\/div><\/div>\n<\/div>","protected":false},"excerpt":{"rendered":"GasGas - United in Dirt ESCRITO POR CHRIS MOSS PUBLICADO: 7 de marzo de 2022 Deber\u00eda haberme entusiasmado la invitaci\u00f3n de Aaron para participar en un evento llamado United in Dirt. Organizado por el fabricante de motos GasGas, consistir\u00eda en pasar el d\u00eda...","protected":false},"author":1,"featured_media":0,"parent":0,"menu_order":0,"comment_status":"closed","ping_status":"closed","template":"","meta":{"_acf_changed":false,"inline_featured_image":false,"footnotes":""},"class_list":["post-155309","page","type-page","status-publish","hentry"],"acf":[],"aioseo_notices":[],"_links":{"self":[{"href":"https:\/\/www.planet-knox.com\/es\/wp-json\/wp\/v2\/pages\/155309","targetHints":{"allow":["GET"]}}],"collection":[{"href":"https:\/\/www.planet-knox.com\/es\/wp-json\/wp\/v2\/pages"}],"about":[{"href":"https:\/\/www.planet-knox.com\/es\/wp-json\/wp\/v2\/types\/page"}],"author":[{"embeddable":true,"href":"https:\/\/www.planet-knox.com\/es\/wp-json\/wp\/v2\/users\/1"}],"replies":[{"embeddable":true,"href":"https:\/\/www.planet-knox.com\/es\/wp-json\/wp\/v2\/comments?post=155309"}],"version-history":[{"count":0,"href":"https:\/\/www.planet-knox.com\/es\/wp-json\/wp\/v2\/pages\/155309\/revisions"}],"wp:attachment":[{"href":"https:\/\/www.planet-knox.com\/es\/wp-json\/wp\/v2\/media?parent=155309"}],"curies":[{"name":"wp","href":"https:\/\/api.w.org\/{rel}","templated":true}]}}