{"id":149039,"date":"2021-01-08T10:31:15","date_gmt":"2021-01-08T10:31:15","guid":{"rendered":"https:\/\/www.planet-knox.com\/?page_id=149039"},"modified":"2022-12-12T12:51:53","modified_gmt":"2022-12-12T12:51:53","slug":"brexit-info-europe","status":"publish","type":"page","link":"https:\/\/www.planet-knox.com\/es\/brexit-info-europe\/","title":{"rendered":"Novedades sobre el Brexit para los clientes de la UE"},"content":{"rendered":"<div class=\"wpb-content-wrapper\"><div class=\"vc_row wpb_row vc_row-fluid gradient-container-1 vc_custom_1565868900608\"><div class=\"gradient-column-1 wpb_column vc_column_container vc_col-sm-12\"><div class=\"vc_column-inner vc_custom_1507281913425\"><div class=\"wpb_wrapper\">\n\t<div class=\"wpb_text_column wpb_content_element\" >\n\t\t<div class=\"wpb_wrapper\">\n\t\t\t<p>A partir del 1 de enero de 2021, el Reino Unido abandonar\u00e1 la UE y el mercado \u00fanico.En Knox valoramos mucho a nuestros clientes europeos y queremos garantizarles un flujo fluido de pedidos.Aseg\u00farese de leer este aviso importante antes de realizar un pedido.<\/p>\n<ul>\n<li>Seguimos realizando env\u00edos a todos los destinos europeos a trav\u00e9s de nuestro servicio de mensajer\u00eda UPS.Todos los pedidos tienen seguimiento y son seguros.<\/li>\n<li>El coste del env\u00edo se calcular\u00e1 en la caja del carrito una vez introducida su direcci\u00f3n.<\/li>\n<li>Los precios se muestran ahora en nuestro sitio <strong>sin IVA<\/strong> cuando compre fuera del Reino Unido.<\/li>\n<li>Todos los pedidos se env\u00edan con arreglo a las condiciones DAP, lo que significa que Knox se encargar\u00e1 de exportar su pedido, pero se le pedir\u00e1 que pague el IVA y los aranceles de su pa\u00eds antes de que se le entreguen las mercanc\u00edas.<\/li>\n<li>Antes de que se le entregue el pedido, UPS se pondr\u00e1 en contacto con usted para cobrarle el IVA local y cualquier impuesto o tasa de importaci\u00f3n. Tambi\u00e9n puede pagarlos en l\u00ednea utilizando el n\u00famero de seguimiento de su paquete. Cuando introduzca el n\u00famero de seguimiento en el sitio web de UPS, deber\u00eda haber una opci\u00f3n de \"pagar ahora\" disponible una vez que la mercanc\u00eda est\u00e9 lista para serle entregada.UPS, y no Knox, le notificar\u00e1 estos gastos, que deber\u00e1 abonar para recibir su pedido.<\/li>\n<li>Los paquetes rechazados por los clientes en el puerto de entrada se devolver\u00e1n a Knox y los gastos de UPS se deducir\u00e1n del reembolso al cliente.<\/li>\n<\/ul>\n<p>Nos esforzaremos por que el transporte a Europa sea lo m\u00e1s fluido posible y supervisaremos atentamente todos los env\u00edos en los pr\u00f3ximos meses para ver si se pueden introducir mejoras.<\/p>\n<h4>Knox tambi\u00e9n tiene distribuidores en Europa. Utilice el buscador de tiendas para encontrar su distribuidor europeo m\u00e1s cercano.<\/h4>\n\n\t\t<\/div>\n\t<\/div>\n\n        <div id=\"store_locator\" class=\"store-locator-container-fluid store_locator modal-body\"  data-hide-stores-on-first-view=\"no\">\n\n            <div class=\"store-locator-row\">\n                \n        <div id=\"store_locator_search_box\" class=\"store_locator_search_box store-locator-col-12 store-locator-col-sm-12 store-locator-col-md-12\">\n\n            <div class=\"store-locator-row\">\n\n            <div class=\"store-locator-col-12 store-locator-col-sm-12 store-locator-col-md-12 wordpress-store-locator-block-search_title\">\n        <div class=\"store-locator-headline store_modal_title\">Encuentre su tienda m\u00e1s cercana<\/div>\n\n        \n        <span id=\"store_locator_filter_active_filter_box\" class=\"store_locator_filter_active_filter_box\">\n           <small>Filtro activo:<\/small> <span id=\"store_locator_filter_active_filter\"><\/span>\n        <\/span>\n\n        <\/div><div class=\"store-locator-col-12 store-locator-col-sm-12 store-locator-col-md-12 wordpress-store-locator-block-address_field\">        <div class=\"wordpress-store-locator-address-container\">\n            <div class=\"store-locator-row\">\n                <div class=\"store-locator-col-12 store-locator-col-sm-12\">\n\n                                            <label for=\"store_locator_address_field\"  class=\"wordpress-store-locator-label wordpress-store-locator-address-title\">Direcci\u00f3n<\/label>\n                    \n                    <input id=\"store_locator_address_field\" class=\"store_locator_address_field\" type=\"text\" name=\"location\" placeholder=\"Introduzca su direcci\u00f3n\" value=\"\">\n\n                            <a href=\"#\" id=\"store_locator_get_my_position\" class=\"store_locator_text_actions\"><i class=\"fa fa-crosshairs\"><\/i> Obtener mi posici\u00f3n<\/a>\n                <a href=\"#\" id=\"store_locator_reset_filters\" class=\"store_locator_text_actions\"><i class=\"fa fa-eraser\"><\/i> Restablecer todos los filtros<\/a>\n                 <a href=\"#\" id=\"store_locator_get_all_stores\" class=\"store_locator_text_actions\"><i class=\"fa fa-globe\"><\/i> Mostrar todas las tiendas<\/a>\n                        <\/div>\n            <\/div>\n        <\/div>\n        <\/div><div class=\"store-locator-col-12 store-locator-col-sm-12 store-locator-col-md-12 wordpress-store-locator-block-search_button\">        <div class=\"wordpress-store-locator-search-container\">\n            <div class=\"store-locator-row\">\n                <div class=\"store-locator-col-12 store-locator-col-sm-12\">\n                    <button id=\"store_locator_find_stores_button\" type=\"button\" class=\"store_locator_find_stores_button btn button et_pb_button btn-primary btn-lg\">\n                        Encontrar en la tienda                    <\/button>\n                <\/div>\n            <\/div>\n        <\/div>\n        <\/div><div class=\"store-locator-col-12 store-locator-col-sm-12 store-locator-col-md-12 wordpress-store-locator-block-filter\">        <div class=\"wordpress-store-locator-filter-container\">\n            <div class=\"store-locator-row\">\n                <div id=\"store_locator_filter\" class=\"store_locator_filter\">\n\n                                        <div id=\"store_locator_filter_open_close\" class=\"store_locator_filter_open_close store-locator-col-12 store-locator-col-sm-12\">\n                        <div class=\"store-locator-headline store_locator_filter_title\">Filtro<\/div> <i class=\"fas fa-chevron-up text-right\"><\/i>\n                    <\/div>\n                    \n                    <div id=\"store_locator_filter_content\" class=\"store_locator_filter_content\" style=\"display: block;\">\n\n                        <div class=\"store-locator-row\">\n                            \n                            <div class=\"store-locator-col-12 store-locator-col-sm-12 store-locator-col-md-12 wordpress-store-locator-block-radius_filter\">        <div class=\"store-locator-col-12 store-locator-col-sm-12 single_filter store-locator-radius-filter\">\n            \n                            <label for=\"store_locator_filter_radius\"  class=\"wordpress-store-locator-label wordpress-store-locator-radius-title\">\u00bfHasta d\u00f3nde est\u00e1 dispuesto a viajar?<\/label>\n                        \n            <select name=\"radius\" id=\"store_locator_filter_radius\" class=\"select store_locator_filter_radius\">\n            <option value=\"25\" >25 millas<\/option><option value=\"50\" >50 millas<\/option><option value=\"100\" >100 millas<\/option><option value=\"250\" selected=\"selected\">250 millas<\/option><option value=\" 350\" > 350 millas<\/option><option value=\" 500\" > 500 mi<\/option><option value=\" 1000\" > 1000 mi<\/option><option value=\" 1500\" > 1500 mi<\/option><option value=\"2000\" >2000 mi<\/option><option value=\" 2500\" > 2500 mi<\/option>            <\/select>\n        <\/div>\n\n        <\/div>                        <\/div>\n                    <\/div>\n                <\/div>\n            <\/div>\n        <\/div>\n        <\/div>            <\/div>\n\n        <\/div>\n\n        \n        \n        <div id=\"store_locator_main\" class=\"store_locator_main  store-locator-col-12 store-locator-col-sm-12 store-locator-col-md-12\">\n            <div id=\"store_locator_map\" style=\"height: 100%;\"><\/div>\n            <div id=\"store_locator_dragged_button\" class=\"btn button et_pb_button button-primary theme-button store_locator_dragged_button\">\n                Buscar en esta \u00e1rea            <\/div>\n        <\/div>\n\n                <div id=\"store_locator_sidebar\" class=\"store_locator_sidebar store-locator-col-12 store-locator-col-sm-12 store-locator-col-md-12 below\">\n            <div id=\"store_locator_sidebar_content\" class=\"store_locator_sidebar_content store-locator-row\">\n                    <div id=\"store_locator_result_list_box\" class=\"store_locator_result_list_box store-locator-col-12 store-locator-col-sm-12\">\n            <hr class=\"grey\">\n\n                            <div id=\"store_locator_result_open_close\" class=\"store_locator_result_open_close\">\n                    <div class=\"store_locator_result_list_title\">Resultados<\/div>\n                    <i class=\"fas fa-chevron-up text-right\"><\/i>\n                <\/div>\n                        \n            <div id=\"store_locator_result_list\" class=\"store-locator-row\" style=\"display: flex;\">\n                \n            <\/div>\n        <\/div>\n                    <\/div>\n        <\/div>\n\n                    <\/div>\n            <button type=\"button\" id=\"store_modal_close\" class=\"store_modal_close\" data-dismiss=\"modal\" aria-label=\"Cerrar\"><span aria-hidden=\"true\">\u00d7<\/span><\/button>\n            <div id=\"store_locator_loading\" class=\"store_locator_loading store_locator_hidden\"><i class=\"fa-spin fa-3x\"><\/i><\/div>\n        <\/div>\n\n    \n\t<div class=\"wpb_text_column wpb_content_element\" >\n\t\t<div class=\"wpb_wrapper\">\n\t\t\t\n\n\t\t<\/div>\n\t<\/div>\n\n\t<div class=\"wpb_text_column wpb_content_element\" >\n\t\t<div class=\"wpb_wrapper\">\n\t\t\t<p>Si tiene alguna pregunta, env\u00ede un correo electr\u00f3nico a\u00a0<a href=\"mailto:sales@planet-knox.com\">sales@planet-knox.com<\/a><\/p>\n\n\t\t<\/div>\n\t<\/div>\n<\/div><\/div><\/div><\/div>\n<\/div>","protected":false},"excerpt":{"rendered":"A partir del 1 de enero de 2021, el Reino Unido abandonar\u00e1 la UE y el mercado \u00fanico.En Knox valoramos mucho a nuestros clientes europeos y queremos garantizarles un flujo fluido de pedidos.Por favor, aseg\u00farese de leer este aviso importante antes de realizar un pedido. Seguimos enviando...","protected":false},"author":1,"featured_media":0,"parent":0,"menu_order":0,"comment_status":"closed","ping_status":"closed","template":"","meta":{"_acf_changed":false,"inline_featured_image":false,"footnotes":""},"class_list":["post-149039","page","type-page","status-publish","hentry"],"acf":[],"aioseo_notices":[],"_links":{"self":[{"href":"https:\/\/www.planet-knox.com\/es\/wp-json\/wp\/v2\/pages\/149039","targetHints":{"allow":["GET"]}}],"collection":[{"href":"https:\/\/www.planet-knox.com\/es\/wp-json\/wp\/v2\/pages"}],"about":[{"href":"https:\/\/www.planet-knox.com\/es\/wp-json\/wp\/v2\/types\/page"}],"author":[{"embeddable":true,"href":"https:\/\/www.planet-knox.com\/es\/wp-json\/wp\/v2\/users\/1"}],"replies":[{"embeddable":true,"href":"https:\/\/www.planet-knox.com\/es\/wp-json\/wp\/v2\/comments?post=149039"}],"version-history":[{"count":0,"href":"https:\/\/www.planet-knox.com\/es\/wp-json\/wp\/v2\/pages\/149039\/revisions"}],"wp:attachment":[{"href":"https:\/\/www.planet-knox.com\/es\/wp-json\/wp\/v2\/media?parent=149039"}],"curies":[{"name":"wp","href":"https:\/\/api.w.org\/{rel}","templated":true}]}}