{"id":142190,"date":"2020-06-11T10:45:34","date_gmt":"2020-06-11T10:45:34","guid":{"rendered":"https:\/\/www.planet-knox.com\/?page_id=142190"},"modified":"2024-05-15T08:06:14","modified_gmt":"2024-05-15T08:06:14","slug":"product-returns","status":"publish","type":"page","link":"https:\/\/www.planet-knox.com\/es\/product-returns\/","title":{"rendered":"Devoluciones y cambios"},"content":{"rendered":"<div class=\"wpb-content-wrapper\"><div class=\"vc_row wpb_row vc_row-fluid gradient-container-1\"><div class=\"gradient-column-1 wpb_column vc_column_container vc_col-sm-12\"><div class=\"vc_column-inner\"><div class=\"wpb_wrapper\">\n<div class=\"norebro-message-module-sc message-box  error messagemodule\"\n\tid=\"norebro-custom-69e1de2f7b172\" \n\t \n\t>\n\t\n\tPOR FAVOR TENGA EN CUENTA: Esto es para devolver o cambiar productos que le hayamos enviado en los \u00faltimos 30 d\u00edas, que no hayan sido usados.<br\/><strong>SI TIENE UNA RECLAMACI\u00d3N EN GARANT\u00cdA, EL USO DE ESTE SISTEMA PODR\u00cdA RALENTIZAR EL PROCESO DE GARANT\u00cdA.<\/strong> Si tiene una reclamaci\u00f3n en garant\u00eda, utilice el formulario de garant\u00eda.\n\t\t\t<a href=\"https:\/\/www.planet-knox.com\/es\/warranty-request\/\"\t>\n\t\t\tFormulario de garant\u00eda Knox\t\t<\/a>\n\t\n\t\t\t<div class=\"close\">\n\t\t\t<span class=\"ion-ios-close-empty\"><\/span>\n\t\t<\/div>\n\t\n<\/div>\n\n<\/div><\/div><\/div><\/div><div class=\"vc_row wpb_row vc_row-fluid gradient-container-2\"><div class=\"gradient-column-2 wpb_column vc_column_container vc_col-sm-12\"><div class=\"vc_column-inner\"><div class=\"wpb_wrapper\"><div class=\"vc_empty_space\"   style=\"height: 32px\"><span class=\"vc_empty_space_inner\"><\/span><\/div><div class=\"norebro-heading-sc heading text-center\"\n\tid=\"norebro-custom-69e1de2f7b7ba\" \n\t \n\t>\n\t\n\t\n\t\n\t<h3 class=\"title\">\n\t\t\u00bfPor qu\u00e9 devuelve el producto?\t<\/h3>\n\n\t\n\t\t\t<p class=\"subtitle\">\n\t\t\tIndique el motivo\t\t<\/p>\n\t\t\n<\/div><div class=\"vc_empty_space\"   style=\"height: 17px\"><span class=\"vc_empty_space_inner\"><\/span><\/div>\n<div class=\"norebro-message-module-sc message-box  without-close\"\n\tid=\"norebro-custom-69e1de2f7b938\" \n\t \n\t>\n\t\n\t<h4>Cambio de talla o estilo necesario<\/h4><p>Si desea cambiar su compra por otro estilo o talla, haga clic aqu\u00ed.<\/p>\n\t\t\t<a href=\"\/es\/product-returns\/returns-exchanges\/\"\t>\n\t\t\tPROCEDER\t\t<\/a>\n\t\n\t\n<\/div>\n\n<div class=\"vc_empty_space\"   style=\"height: 17px\"><span class=\"vc_empty_space_inner\"><\/span><\/div>\n<div class=\"norebro-message-module-sc message-box  without-close\"\n\tid=\"norebro-custom-69e1de2f7ba88\" \n\t \n\t>\n\t\n\t<h4>Pedido de talla incorrecta<\/h4><p>Si ha pedido una talla incorrecta, haga clic aqu\u00ed.<\/p>\n\t\t\t<a href=\"\/es\/product-returns\/returns-exchanges\/\"\t>\n\t\t\tPROCEDER\t\t<\/a>\n\t\n\t\n<\/div>\n\n<div class=\"vc_empty_space\"   style=\"height: 17px\"><span class=\"vc_empty_space_inner\"><\/span><\/div>\n<div class=\"norebro-message-module-sc message-box  without-close\"\n\tid=\"norebro-custom-69e1de2f7bbb5\" \n\t \n\t>\n\t\n\t<h4>No me gust\u00f3 el estilo<\/h4><p>\u00bfNo le ha gustado el producto? \u00bfQuiere que le devolvamos el dinero? Haga clic aqu\u00ed.<\/p>\n\t\t\t<a href=\"\/es\/product-returns\/returns-exchanges\/\"\t>\n\t\t\tPROCEDER\t\t<\/a>\n\t\n\t\n<\/div>\n\n<div class=\"vc_empty_space\"   style=\"height: 17px\"><span class=\"vc_empty_space_inner\"><\/span><\/div>\n<div class=\"norebro-message-module-sc message-box  without-close\"\n\tid=\"norebro-custom-69e1de2f7bcee\" \n\t \n\t>\n\t\n\t<h4>Enviado por error<\/h4><p>\u00bfNos hemos equivocado? Somos humanos, a veces ocurre. Haga clic aqu\u00ed y lo solucionaremos.<\/p>\n\t\t\t<a href=\"https:\/\/www.planet-knox.com\/es\/product-returns\/error\/\"\t>\n\t\t\tPROCEDER\t\t<\/a>\n\t\n\t\n<\/div>\n\n<div class=\"vc_empty_space\"   style=\"height: 17px\"><span class=\"vc_empty_space_inner\"><\/span><\/div>\n<div class=\"norebro-message-module-sc message-box  without-close\"\n\tid=\"norebro-custom-69e1de2f7be18\" \n\t \n\t>\n\t\n\t<h4>No apto<\/h4><p>\u00bfEl producto no se adapta a sus necesidades? Haga clic aqu\u00ed.<\/p>\n\t\t\t<a href=\"\/es\/product-returns\/returns-exchanges\/\"\t>\n\t\t\tPROCEDER\t\t<\/a>\n\t\n\t\n<\/div>\n\n<div class=\"vc_empty_space\"   style=\"height: 17px\"><span class=\"vc_empty_space_inner\"><\/span><\/div>\n<div class=\"norebro-message-module-sc message-box  without-close\"\n\tid=\"norebro-custom-69e1de2f7bf2f\" \n\t \n\t>\n\t\n\t<h4>Otros<\/h4><p>\u00bfAlgo que no aparezca aqu\u00ed? Lo solucionaremos.<\/p>\n\t\t\t<a href=\"\/es\/product-returns\/other\/\"\t>\n\t\t\tPROCEDER\t\t<\/a>\n\t\n\t\n<\/div>\n\n<\/div><\/div><\/div><\/div>\n<\/div>","protected":false},"excerpt":{"rendered":"POR FAVOR TENGA EN CUENTA: Esto es para devolver o cambiar productos que le hayamos enviado en los \u00faltimos 30 d\u00edas, que no hayan sido usados.SI TIENE UNA RECLAMACI\u00d3N DE GARANT\u00cdA, EL USO DE ESTE SISTEMA PUEDE RETRASAR SU PROCESO DE GARANT\u00cdA. Si tiene una reclamaci\u00f3n de garant\u00eda utilice...","protected":false},"author":1,"featured_media":0,"parent":0,"menu_order":0,"comment_status":"closed","ping_status":"closed","template":"","meta":{"_acf_changed":false,"inline_featured_image":false,"footnotes":""},"class_list":["post-142190","page","type-page","status-publish","hentry"],"acf":[],"aioseo_notices":[],"_links":{"self":[{"href":"https:\/\/www.planet-knox.com\/es\/wp-json\/wp\/v2\/pages\/142190","targetHints":{"allow":["GET"]}}],"collection":[{"href":"https:\/\/www.planet-knox.com\/es\/wp-json\/wp\/v2\/pages"}],"about":[{"href":"https:\/\/www.planet-knox.com\/es\/wp-json\/wp\/v2\/types\/page"}],"author":[{"embeddable":true,"href":"https:\/\/www.planet-knox.com\/es\/wp-json\/wp\/v2\/users\/1"}],"replies":[{"embeddable":true,"href":"https:\/\/www.planet-knox.com\/es\/wp-json\/wp\/v2\/comments?post=142190"}],"version-history":[{"count":0,"href":"https:\/\/www.planet-knox.com\/es\/wp-json\/wp\/v2\/pages\/142190\/revisions"}],"wp:attachment":[{"href":"https:\/\/www.planet-knox.com\/es\/wp-json\/wp\/v2\/media?parent=142190"}],"curies":[{"name":"wp","href":"https:\/\/api.w.org\/{rel}","templated":true}]}}