{"id":81369,"date":"2018-10-24T10:36:33","date_gmt":"2018-10-24T10:36:33","guid":{"rendered":"https:\/\/knoxnetwork.uk\/product\/cold-killers-undergloves\/"},"modified":"2026-03-24T09:19:16","modified_gmt":"2026-03-24T09:19:16","slug":"wind-proof-undergloves","status":"publish","type":"product","link":"https:\/\/www.planet-knox.com\/de\/produkt\/wind-proof-undergloves\/","title":{"rendered":"Winddichte Unterziehhandschuhe"},"content":{"rendered":"<div class=\"wpb-content-wrapper\"><div id=\"sizeguide\" class=\"vc_row wpb_row vc_row-fluid gradient-container-1\"><div class=\"gradient-column-1 wpb_column vc_column_container vc_col-sm-12\"><div class=\"vc_column-inner\"><div class=\"wpb_wrapper\"><div class=\"norebro-heading-sc heading text-center\"\n\tid=\"norebro-custom-69ebaec741042\" \n\t \n\t>\n\t\n\t\n\t\n\t<h3 class=\"title\">\n\t\tGr\u00f6\u00dfenf\u00fchrer\t<\/h3>\n\n\t\n\t\t\t<p class=\"subtitle\">\n\t\t\tBrauchen Sie Hilfe? Benutzen Sie den Live-Chat oder schreiben Sie uns eine E-Mail an: <a href=\"mailto:sales@planet-knox.com\">sales@planet-knox.com<\/a>\t\t<\/p>\n\t\t\n<\/div><div class=\"vc_empty_space\"   style=\"height: 32px\"><span class=\"vc_empty_space_inner\"><\/span><\/div><div class=\"vc_separator wpb_content_element vc_separator_align_center vc_sep_width_100 vc_sep_pos_align_center vc_separator_no_text vc_sep_color_grey wpb_content_element  wpb_content_element\" ><span class=\"vc_sep_holder vc_sep_holder_l\"><span class=\"vc_sep_line\"><\/span><\/span><span class=\"vc_sep_holder vc_sep_holder_r\"><span class=\"vc_sep_line\"><\/span><\/span>\n<\/div><div class=\"vc_empty_space\"   style=\"height: 32px\"><span class=\"vc_empty_space_inner\"><\/span><\/div>\n\t<div class=\"wpb_raw_code wpb_raw_html wpb_content_element\" >\n\t\t<div class=\"wpb_wrapper\">\n\t\t\t<h2>Leitfaden f\u00fcr Handschuhgr\u00f6\u00dfen<\/h2>\n<table class=\"sizingtable\" style=\"width: 100%;\" cellspacing=\"0\" cellpadding=\"3\">\n<tbody>\n<tr class=\"headerrow\">\n<td class=\"blacktablebg\">GR\u00d6SSE<\/td>\n<td class=\"greytablebg\">XS<\/td>\n<td class=\"greytablebg\">S<\/td>\n<td class=\"greytablebg\">M<\/td>\n<td class=\"greytablebg\">L<\/td>\n<td class=\"greytablebg\">XL<\/td>\n<td class=\"greytablebg\">2XL<\/td>\n<td class=\"greytablebg\">3XL<\/td>\n<\/tr>\n<tr>\n<td><strong>MM<\/strong><\/td>\n<td>200<\/td>\n<td>215<\/td>\n<td>230<\/td>\n<td>245<\/td>\n<td>260<\/td>\n<td>275<\/td>\n<td>290<\/td>\n<\/tr>\n<\/tbody>\n<\/table>\n<h3 style=\"text-align: left;\">Richtig messen<\/h3>\n<p><img decoding=\"async\" class=\"size-medium wp-image-54514 alignleft\" src=\"\/wp-content\/uploads\/2016\/11\/handarmour-chart-diagram-219x300.png\" alt=\"\" data-pagespeed-url-hash=\"1768852650\" onload=\"pagespeed.CriticalImages.checkImageForCriticality(this);\" width=\"219\" height=\"300\"><\/p>\n<p>Der Handumfang ist das Gesamtma\u00df um die breiteste Stelle der Handfl\u00e4che. Legen Sie das Ma\u00dfband um Ihre Handfl\u00e4che und machen Sie eine Faust, dann notieren Sie die Messung. Wir raten Ihnen, eine Handschuhgr\u00f6\u00dfe gr\u00f6\u00dfer als Ihre tats\u00e4chliche Gr\u00f6\u00dfe zu w\u00e4hlen, um den Komfort zu gew\u00e4hrleisten.<\/p>\n<p><strong>Beispiel<\/strong><\/p>\n<p><strong>Handfl\u00e4chengr\u00f6\u00dfe:<\/strong> 230mm, W\u00e4hlen Sie <strong>Gr\u00f6\u00dfe L<\/strong> 245mm<\/p>\n\t\t<\/div>\n\t<\/div>\n<div class=\"vc_empty_space\"   style=\"height: 64px\"><span class=\"vc_empty_space_inner\"><\/span><\/div><\/div><\/div><\/div><\/div><div id=\"relatedproducts\" data-vc-full-width=\"true\" data-vc-full-width-init=\"false\" class=\"vc_row wpb_row vc_row-fluid gradient-container-2\"><div class=\"gradient-column-2 wpb_column vc_column_container vc_col-sm-12\"><div class=\"vc_column-inner\"><div class=\"wpb_wrapper\"><div class=\"norebro-heading-sc heading text-center\"\n\tid=\"norebro-custom-69ebaec741c86\" \n\t \n\t>\n\t\n\t\n\t\n\t<h3 class=\"title\">\n\t\tLeute kauften auch\t<\/h3>\n\n\t\n\t\t\t<p class=\"subtitle\">\n\t\t\tBen\u00f6tigen Sie Hilfe bei der Auswahl von Produkten, die gut zusammenpassen? Nutzen Sie den Live-Chat oder schicken Sie uns eine E-Mail: <a href=\"mailto:sales@planet-knox.com\">sales@planet-knox.com<\/a>\t\t<\/p>\n\t\t\n<\/div><div class=\"vc_empty_space\"   style=\"height: 32px\"><span class=\"vc_empty_space_inner\"><\/span><\/div><div class=\"vc_separator wpb_content_element vc_separator_align_center vc_sep_width_100 vc_sep_pos_align_center vc_separator_no_text vc_sep_color_grey wpb_content_element  wpb_content_element\" ><span class=\"vc_sep_holder vc_sep_holder_l\"><span class=\"vc_sep_line\"><\/span><\/span><span class=\"vc_sep_holder vc_sep_holder_r\"><span class=\"vc_sep_line\"><\/span><\/span>\n<\/div><div class=\"vc_empty_space\"   style=\"height: 32px\"><span class=\"vc_empty_space_inner\"><\/span><\/div><div class=\"woocommerce columns-3\"><\/div><div class=\"vc_empty_space\"   style=\"height: 64px\"><span class=\"vc_empty_space_inner\"><\/span><\/div><\/div><\/div><\/div><\/div><div class=\"vc_row-full-width vc_clearfix\"><\/div>\n<\/div>","protected":false},"excerpt":{"rendered":"<p>Winddichte und wasserabweisende Unterziehhandschuhe k\u00f6nnen helfen, die Auswirkungen von K\u00e4lte auf die Extremit\u00e4ten zu reduzieren.<\/p>\n<p>Frierende kalte Fingerspitzen werden durch das Tragen guter winddichter Unterziehhandschuhe reduziert. Sie bieten zus\u00e4tzliche W\u00e4rme und Windschutz f\u00fcr den Handr\u00fccken und die Fingerenden.<\/p>","protected":false},"featured_media":150677,"comment_status":"open","ping_status":"closed","template":"","meta":{"_acf_changed":false,"inline_featured_image":false},"product_brand":[],"product_cat":[635,631,779,585,2681,785,653,628,618],"product_tag":[517,518],"class_list":{"0":"post-81369","1":"product","2":"type-product","3":"status-publish","4":"has-post-thumbnail","6":"product_cat-accessories","7":"product_cat-gloves","8":"product_cat-mens-non-waterproof-gloves","9":"product_cat-mens-accessories","10":"product_cat-stocking-fillers","11":"product_cat-windproof-accessories","12":"product_cat-women","13":"product_cat-womens-accessories","14":"product_cat-womens-motorcycle-gloves","15":"product_tag-men","16":"product_tag-women","17":"pa_easproj_hs6p_received-2778","18":"pa_easproj_originating_country-cn","19":"pa_size-2xl","20":"pa_size-s","22":"first","23":"instock","24":"taxable","25":"shipping-taxable","26":"purchasable","27":"product-type-variable","28":"has-default-attributes"},"acf":[],"aioseo_notices":[],"gallery_images":[151975,151973,150679,150681],"_links":{"self":[{"href":"https:\/\/www.planet-knox.com\/de\/wp-json\/wp\/v2\/product\/81369","targetHints":{"allow":["GET"]}}],"collection":[{"href":"https:\/\/www.planet-knox.com\/de\/wp-json\/wp\/v2\/product"}],"about":[{"href":"https:\/\/www.planet-knox.com\/de\/wp-json\/wp\/v2\/types\/product"}],"replies":[{"embeddable":true,"href":"https:\/\/www.planet-knox.com\/de\/wp-json\/wp\/v2\/comments?post=81369"}],"wp:featuredmedia":[{"embeddable":true,"href":"https:\/\/www.planet-knox.com\/de\/wp-json\/wp\/v2\/media\/150677"}],"wp:attachment":[{"href":"https:\/\/www.planet-knox.com\/de\/wp-json\/wp\/v2\/media?parent=81369"}],"wp:term":[{"taxonomy":"product_brand","embeddable":true,"href":"https:\/\/www.planet-knox.com\/de\/wp-json\/wp\/v2\/product_brand?post=81369"},{"taxonomy":"product_cat","embeddable":true,"href":"https:\/\/www.planet-knox.com\/de\/wp-json\/wp\/v2\/product_cat?post=81369"},{"taxonomy":"product_tag","embeddable":true,"href":"https:\/\/www.planet-knox.com\/de\/wp-json\/wp\/v2\/product_tag?post=81369"}],"curies":[{"name":"wp","href":"https:\/\/api.w.org\/{rel}","templated":true}]}}