{"id":213401,"date":"2023-10-31T14:34:50","date_gmt":"2023-10-31T14:34:50","guid":{"rendered":"https:\/\/www.planet-knox.com\/?post_type=product&#038;p=213401"},"modified":"2026-04-13T13:29:39","modified_gmt":"2026-04-13T13:29:39","slug":"eda-rucksack","status":"publish","type":"product","link":"https:\/\/www.planet-knox.com\/de\/produkt\/eda-rucksack\/","title":{"rendered":"Every Day Adventure Rucksack"},"content":{"rendered":"<div class=\"wpb-content-wrapper\"><div class=\"vc_row wpb_row vc_row-fluid gradient-container-1\"><div class=\"gradient-column-1 wpb_column vc_column_container vc_col-sm-12\"><div class=\"vc_column-inner\"><div class=\"wpb_wrapper\"><div class=\"vc_empty_space\"   style=\"height: 32px\"><span class=\"vc_empty_space_inner\"><\/span><\/div><div class=\"norebro-heading-sc heading text-center\"\n\tid=\"norebro-custom-69e214f59511e\" \n\t \n\t>\n\t\n\t\n\t\n\t<h3 class=\"title\">\n\t\tProduct Features\t<\/h3>\n\n\t\n\t\t\t<p class=\"subtitle\">\n\t\t\tNeed help? Use Live chat or email us at: <a href=\"mailto:sales@planet-knox.com\">sales@planet-knox.com<\/a>\t\t<\/p>\n\t\t\n<\/div><div class=\"vc_empty_space\"   style=\"height: 32px\"><span class=\"vc_empty_space_inner\"><\/span><\/div><div class=\"vc_separator wpb_content_element vc_separator_align_center vc_sep_width_100 vc_sep_pos_align_center vc_separator_no_text vc_sep_color_grey wpb_content_element  wpb_content_element\" ><span class=\"vc_sep_holder vc_sep_holder_l\"><span class=\"vc_sep_line\"><\/span><\/span><span class=\"vc_sep_holder vc_sep_holder_r\"><span class=\"vc_sep_line\"><\/span><\/span>\n<\/div><div class=\"vc_empty_space\"   style=\"height: 32px\"><span class=\"vc_empty_space_inner\"><\/span><\/div>\n\t\t\t\t<p class=\"rs-p-wp-fix\"><\/p>\n\t\t\t\t<sr7-module data-alias=\"oulton-mk2-white-11\" data-id=\"1160\" id=\"SR7_1160_1\" class=\"rs-respect-topbar rs-ov-hidden\" data-version=\"6.7.51\">\n\t\t\t\t\t<sr7-adjuster><\/sr7-adjuster>\n\t\t\t\t\t<sr7-content>\n\t\t\t\t\t\t<sr7-slide id=\"SR7_1160_1-1194\" data-key=\"1194\">\n\t\t\t\t\t\t\t<sr7-txt id=\"SR7_1160_1-1194-1\" class=\"sr7-layer\">Helmet carrier with 3-point attachment system and reflective prints<\/sr7-txt>\n\t\t\t\t\t\t\t<sr7-txt id=\"SR7_1160_1-1194-3\" class=\"sr7-layer\">monochrome camouflage polyester jacquard fabric with water resistant coating<\/sr7-txt>\n\t\t\t\t\t\t\t<sr7-txt id=\"SR7_1160_1-1194-4\" class=\"sr7-layer\">Suitcase style opening with three separate stretch compartments<\/sr7-txt>\n\t\t\t\t\t\t\t<sr7-txt id=\"SR7_1160_1-1194-7\" class=\"sr7-layer\">Helmet carrier with 3-point attachment system and reflective prints<\/sr7-txt>\n\t\t\t\t\t\t\t<sr7-txt id=\"SR7_1160_1-1194-14\" class=\"sr7-layer\">monochrome camouflage polyester jacquard fabric with water resistant coating<\/sr7-txt>\n\t\t\t\t\t\t\t<sr7-txt id=\"SR7_1160_1-1194-16\" class=\"sr7-layer\">Suitcase style opening with three separate stretch compartments<\/sr7-txt>\n\t\t\t\t\t\t\t<sr7-txt id=\"SR7_1160_1-1194-19\" class=\"sr7-layer\">Elasticated nylon waterproof cover with PU coating and reflective print<\/sr7-txt>\n\t\t\t\t\t\t\t<sr7-txt id=\"SR7_1160_1-1194-23\" class=\"sr7-layer\">Padded laptop pocket with separate YKK Aquaguard\u00ae zip compartment<\/sr7-txt>\n\t\t\t\t\t\t\t<sr7-txt id=\"SR7_1160_1-1194-26\" class=\"sr7-layer\">Adjustable chest and waist buckles for security<\/sr7-txt>\n\t\t\t\t\t\t<\/sr7-slide>\n\t\t\t\t\t\t<sr7-slide id=\"SR7_1160_1-1195\" data-key=\"1195\">\n\t\t\t\t\t\t\t<sr7-txt id=\"SR7_1160_1-1195-1\" class=\"sr7-layer\">Elasticated nylon waterproof cover with PU coating<br\/>and reflective print<\/sr7-txt>\n\t\t\t\t\t\t\t<sr7-txt id=\"SR7_1160_1-1195-3\" class=\"sr7-layer\">Adjustable chest and waist buckles for security<\/sr7-txt>\n\t\t\t\t\t\t\t<sr7-txt id=\"SR7_1160_1-1195-4\" class=\"sr7-layer\">Padded laptop pocket with separate YKK<br\/>Aquaguard\u00ae zip compartment<\/sr7-txt>\n\t\t\t\t\t\t<\/sr7-slide>\n\t\t\t\t\t\t<sr7-slide id=\"SR7_1160_1-1197\" data-key=\"1197\">\n\t\t\t\t\t\t<\/sr7-slide>\n\t\t\t\t\t<\/sr7-content>\n\t\t\t\t\t<image_lists style=\"display:none\">\n\t\t\t\t\t\t<img data-src=\"\/\/www.planet-knox.com\/wp-content\/uploads\/2023\/10\/KNXEDARucksack_9-1.jpg\" data-libid=\"227467\" title=\"KNXEDARucksack_9\" width=\"0\" height=\"0\" data-dbsrc=\"Ly93d3cucGxhbmV0LWtub3guY29tL3dwLWNvbnRlbnQvdXBsb2Fkcy8yMDIzLzEwL0tOWEVEQVJ1Y2tzYWNrXzktMS5qcGc=\"\/>\n\t\t\t\t\t\t<img data-src=\"\/\/www.planet-knox.com\/wp-content\/uploads\/2023\/10\/KNXEDARucksack_5-2.jpg\" data-libid=\"227463\" title=\"KNXEDARucksack_5\" width=\"0\" height=\"0\" data-dbsrc=\"Ly93d3cucGxhbmV0LWtub3guY29tL3dwLWNvbnRlbnQvdXBsb2Fkcy8yMDIzLzEwL0tOWEVEQVJ1Y2tzYWNrXzUtMi5qcGc=\"\/>\n\t\t\t\t\t\t<img data-src=\"\/\/www.planet-knox.com\/wp-content\/uploads\/2023\/10\/KNXEDARucksack_10.jpg\" data-libid=\"227454\" title=\"KNXEDARucksack_10\" width=\"0\" height=\"0\" data-dbsrc=\"Ly93d3cucGxhbmV0LWtub3guY29tL3dwLWNvbnRlbnQvdXBsb2Fkcy8yMDIzLzEwL0tOWEVEQVJ1Y2tzYWNrXzEwLmpwZw==\"\/>\n\t\t\t\t\t\t<img data-src=\"\/\/www.planet-knox.com\/wp-content\/uploads\/2023\/10\/KNXEDARucksack_7-2.jpg\" data-libid=\"227465\" title=\"KNXEDARucksack_7\" width=\"0\" height=\"0\" data-dbsrc=\"Ly93d3cucGxhbmV0LWtub3guY29tL3dwLWNvbnRlbnQvdXBsb2Fkcy8yMDIzLzEwL0tOWEVEQVJ1Y2tzYWNrXzctMi5qcGc=\"\/>\n\t\t\t\t\t\t<img data-src=\"\/\/www.planet-knox.com\/wp-content\/uploads\/2023\/10\/KNXEDARucksack_10-1.jpg\" data-libid=\"227468\" title=\"KNXEDARucksack_10\" width=\"0\" height=\"0\" data-dbsrc=\"Ly93d3cucGxhbmV0LWtub3guY29tL3dwLWNvbnRlbnQvdXBsb2Fkcy8yMDIzLzEwL0tOWEVEQVJ1Y2tzYWNrXzEwLTEuanBn\"\/>\n\t\t\t\t\t\t<img data-src=\"\/\/www.planet-knox.com\/wp-content\/uploads\/2023\/10\/KNXEDARucksack_9.jpg\" data-libid=\"227453\" title=\"KNXEDARucksack_9\" width=\"0\" height=\"0\" data-dbsrc=\"Ly93d3cucGxhbmV0LWtub3guY29tL3dwLWNvbnRlbnQvdXBsb2Fkcy8yMDIzLzEwL0tOWEVEQVJ1Y2tzYWNrXzkuanBn\"\/>\n\t\t\t\t\t\t<img data-src=\"\/\/www.planet-knox.com\/wp-content\/uploads\/2023\/10\/KNXEDARucksack_6-2.jpg\" data-libid=\"227464\" title=\"KNXEDARucksack_6\" width=\"0\" height=\"0\" data-dbsrc=\"Ly93d3cucGxhbmV0LWtub3guY29tL3dwLWNvbnRlbnQvdXBsb2Fkcy8yMDIzLzEwL0tOWEVEQVJ1Y2tzYWNrXzYtMi5qcGc=\"\/>\n\t\t\t\t\t<\/image_lists>\n\t\t\t\t<\/sr7-module>\n\t\t\t\t<script>\n\t\t\t\t\twindow.SR7 ??={};SR7.PMH ??={}; SR7.PMH[\"SR7_1160_1\"] = {cn:100,state:false,fn: function() { if (window._tpt!==undefined && window._tpt.prepareModuleHeight !== undefined) {  _tpt.prepareModuleHeight({id:\"SR7_1160_1\",el:[900,900,900,900,730],type:'standard',shdw:'0',gh:[900,900,900,900,730],gw:[1920,1920,1920,1920,480],vpt:['-200px&#039;,&#039;-200px&#039;,&#039;-200px&#039;,&#039;-200px&#039;,&#039;-200px'],size:{fullWidth:false, fullHeight:false},mh:'0',onh:0,onw:0,bg:{color:'{\"orig\":\"transparent\",\"type\":\"solid\",\"string\":\"transparent\"}'}});   SR7.PMH[\"SR7_1160_1\"].state=true;} else if(SR7.PMH[\"SR7_1160_1\"].cn-->0)\tsetTimeout( SR7.PMH[\"SR7_1160_1\"].fn,19);}};SR7.PMH[\"SR7_1160_1\" ].fn();\n\t\t\t\t<\/script>\n<div class=\"vc_empty_space\"   style=\"height: 64px\"><span class=\"vc_empty_space_inner\"><\/span><\/div><\/div><\/div><\/div><\/div><div id=\"gallery\" class=\"vc_row wpb_row vc_row-fluid gradient-container-2 vc_custom_1706180503284\"><div class=\"gradient-column-2 wpb_column vc_column_container vc_col-sm-12\"><div class=\"vc_column-inner\"><div class=\"wpb_wrapper\"><div class=\"vc_empty_space\"   style=\"height: 32px\"><span class=\"vc_empty_space_inner\"><\/span><\/div><div class=\"norebro-heading-sc heading text-center\"\n\tid=\"norebro-custom-69e214f59c871\" \n\t \n\t>\n\t\n\t\n\t\n\t<h3 class=\"title\">\n\t\tPromotional Video\t<\/h3>\n\n\t\n\t\t\t<p class=\"subtitle\">\n\t\t\t\t\t<\/p>\n\t\t\n<\/div><div class=\"vc_empty_space\"   style=\"height: 32px\"><span class=\"vc_empty_space_inner\"><\/span><\/div><div class=\"vc_separator wpb_content_element vc_separator_align_center vc_sep_width_100 vc_sep_pos_align_center vc_separator_no_text vc_sep_color_grey wpb_content_element  wpb_content_element\" ><span class=\"vc_sep_holder vc_sep_holder_l\"><span class=\"vc_sep_line\"><\/span><\/span><span class=\"vc_sep_holder vc_sep_holder_r\"><span class=\"vc_sep_line\"><\/span><\/span>\n<\/div><div class=\"vc_empty_space\"   style=\"height: 32px\"><span class=\"vc_empty_space_inner\"><\/span><\/div><div class=\"vc_empty_space\"   style=\"height: 32px\"><span class=\"vc_empty_space_inner\"><\/span><\/div><\/div><\/div><\/div><\/div><div class=\"vc_row wpb_row vc_row-fluid gradient-container-3 vc_custom_1706180503284\"><div class=\"gradient-column-3 wpb_column vc_column_container vc_col-sm-12\"><div class=\"vc_column-inner\"><div class=\"wpb_wrapper\"><div class=\"vc_empty_space\"   style=\"height: 32px\"><span class=\"vc_empty_space_inner\"><\/span><\/div><div class=\"norebro-heading-sc heading text-center\"\n\tid=\"norebro-custom-69e214f59d379\" \n\t \n\t>\n\t\n\t\n\t\n\t<h3 class=\"title\">\n\t\tLifestyle Gallery\t<\/h3>\n\n\t\n\t\t\t<p class=\"subtitle\">\n\t\t\t\t\t<\/p>\n\t\t\n<\/div><div class=\"vc_empty_space\"   style=\"height: 32px\"><span class=\"vc_empty_space_inner\"><\/span><\/div><div class=\"vc_separator wpb_content_element vc_separator_align_center vc_sep_width_100 vc_sep_pos_align_center vc_separator_no_text vc_sep_color_grey wpb_content_element  wpb_content_element\" ><span class=\"vc_sep_holder vc_sep_holder_l\"><span class=\"vc_sep_line\"><\/span><\/span><span class=\"vc_sep_holder vc_sep_holder_r\"><span class=\"vc_sep_line\"><\/span><\/span>\n<\/div><div class=\"vc_empty_space\"   style=\"height: 32px\"><span class=\"vc_empty_space_inner\"><\/span><\/div><div class=\"norebro-gallery-sc gallery-wrap\"\n\tid=\"norebro-custom-images-69e214f5a0ebb\"\n\tdata-gallery=\"norebro-custom-69e214f5a0eb7\"\n\t\t>\n\n\t\n\t<div class=\"vc_row\" data-lazy-container=\"gallery\">\n\n\t\t\t<div class=\" vc_col-lg-3 vc_col-md-3 vc_col-sm-6 vc_col-xs-12 metro-style masonry-block grid-item gallery-image\" data-gallery-item=\"0\" data-lazy-item=\"\" data-lazy-scope=\"gallery\">\n\t\t<div class=\"wrap\">\n\t\t\t\t\t\t\t<div class=\"tmp-image metro-image\" data-norebro-bg-image=\"https:\/\/www.planet-knox.com\/wp-content\/uploads\/2023\/10\/KNXEDARucksack_1-3.jpg\"><\/div>\n\t\t\t\t<img decoding=\"async\" class=\"gimg metro-image-hidden\" src=\"https:\/\/www.planet-knox.com\/wp-content\/uploads\/2023\/10\/KNXEDARucksack_1-3.jpg\" alt=\"\">\n\t\t\t\t\t\t<div class=\"overlay hidden\">\n\t\t\t\t<div class=\"content-center text-center\">\n\t\t\t\t\t<div class=\"wrap\">\n\t\t\t\t\t\t<h4 class=\"inline\">\n\t\t\t\t\t\t\t\t\t\t\t\t\tView Fullscreen\t\t\t\t\t\t\t\t\t\t\t\t<\/h4>\n\t\t\t\t\t\t<div class=\"icon inline ion-ios-plus-empty\"><\/div>\n\t\t\t\t\t<\/div>\n\t\t\t\t<\/div>\n\t\t\t<\/div>\n\t\t\t<div class=\"gallery-description\">\n\t\t\t\t<h3 class=\"title\">KNXEDARucksack_1<\/h3>\n\t\t\t\t<p class=\"subtitle small\">\n\t\t\t\t\t\t\t\t\t<\/p>\n\t\t\t<\/div>\n\t\t<\/div>\n\t<\/div>\n\t\t\t<div class=\" vc_col-lg-3 vc_col-md-3 vc_col-sm-6 vc_col-xs-12 metro-style masonry-block grid-item gallery-image\" data-gallery-item=\"1\" data-lazy-item=\"\" data-lazy-scope=\"gallery\">\n\t\t<div class=\"wrap\">\n\t\t\t\t\t\t\t<div class=\"tmp-image metro-image\" data-norebro-bg-image=\"https:\/\/www.planet-knox.com\/wp-content\/uploads\/2023\/10\/KNXEDARucksack_3-3.jpg\"><\/div>\n\t\t\t\t<img decoding=\"async\" class=\"gimg metro-image-hidden\" src=\"https:\/\/www.planet-knox.com\/wp-content\/uploads\/2023\/10\/KNXEDARucksack_3-3.jpg\" alt=\"\">\n\t\t\t\t\t\t<div class=\"overlay hidden\">\n\t\t\t\t<div class=\"content-center text-center\">\n\t\t\t\t\t<div class=\"wrap\">\n\t\t\t\t\t\t<h4 class=\"inline\">\n\t\t\t\t\t\t\t\t\t\t\t\t\tView Fullscreen\t\t\t\t\t\t\t\t\t\t\t\t<\/h4>\n\t\t\t\t\t\t<div class=\"icon inline ion-ios-plus-empty\"><\/div>\n\t\t\t\t\t<\/div>\n\t\t\t\t<\/div>\n\t\t\t<\/div>\n\t\t\t<div class=\"gallery-description\">\n\t\t\t\t<h3 class=\"title\">KNXEDARucksack_3<\/h3>\n\t\t\t\t<p class=\"subtitle small\">\n\t\t\t\t\t\t\t\t\t<\/p>\n\t\t\t<\/div>\n\t\t<\/div>\n\t<\/div>\n\t\t\t<div class=\" vc_col-lg-3 vc_col-md-3 vc_col-sm-6 vc_col-xs-12 metro-style masonry-block grid-item gallery-image\" data-gallery-item=\"2\" data-lazy-item=\"\" data-lazy-scope=\"gallery\">\n\t\t<div class=\"wrap\">\n\t\t\t\t\t\t\t<div class=\"tmp-image metro-image\" data-norebro-bg-image=\"https:\/\/www.planet-knox.com\/wp-content\/uploads\/2023\/10\/KNXEDARucksack_7-3.jpg\"><\/div>\n\t\t\t\t<img decoding=\"async\" class=\"gimg metro-image-hidden\" src=\"https:\/\/www.planet-knox.com\/wp-content\/uploads\/2023\/10\/KNXEDARucksack_7-3.jpg\" alt=\"\">\n\t\t\t\t\t\t<div class=\"overlay hidden\">\n\t\t\t\t<div class=\"content-center text-center\">\n\t\t\t\t\t<div class=\"wrap\">\n\t\t\t\t\t\t<h4 class=\"inline\">\n\t\t\t\t\t\t\t\t\t\t\t\t\tView Fullscreen\t\t\t\t\t\t\t\t\t\t\t\t<\/h4>\n\t\t\t\t\t\t<div class=\"icon inline ion-ios-plus-empty\"><\/div>\n\t\t\t\t\t<\/div>\n\t\t\t\t<\/div>\n\t\t\t<\/div>\n\t\t\t<div class=\"gallery-description\">\n\t\t\t\t<h3 class=\"title\">KNXEDARucksack_7<\/h3>\n\t\t\t\t<p class=\"subtitle small\">\n\t\t\t\t\t\t\t\t\t<\/p>\n\t\t\t<\/div>\n\t\t<\/div>\n\t<\/div>\n\t\t\t<div class=\" vc_col-lg-3 vc_col-md-3 vc_col-sm-6 vc_col-xs-12 metro-style masonry-block grid-item gallery-image\" data-gallery-item=\"3\" data-lazy-item=\"\" data-lazy-scope=\"gallery\">\n\t\t<div class=\"wrap\">\n\t\t\t\t\t\t\t<div class=\"tmp-image metro-image\" data-norebro-bg-image=\"https:\/\/www.planet-knox.com\/wp-content\/uploads\/2023\/10\/KNXEDARucksack_15-1.jpg\"><\/div>\n\t\t\t\t<img decoding=\"async\" class=\"gimg metro-image-hidden\" src=\"https:\/\/www.planet-knox.com\/wp-content\/uploads\/2023\/10\/KNXEDARucksack_15-1.jpg\" alt=\"\">\n\t\t\t\t\t\t<div class=\"overlay hidden\">\n\t\t\t\t<div class=\"content-center text-center\">\n\t\t\t\t\t<div class=\"wrap\">\n\t\t\t\t\t\t<h4 class=\"inline\">\n\t\t\t\t\t\t\t\t\t\t\t\t\tView Fullscreen\t\t\t\t\t\t\t\t\t\t\t\t<\/h4>\n\t\t\t\t\t\t<div class=\"icon inline ion-ios-plus-empty\"><\/div>\n\t\t\t\t\t<\/div>\n\t\t\t\t<\/div>\n\t\t\t<\/div>\n\t\t\t<div class=\"gallery-description\">\n\t\t\t\t<h3 class=\"title\">KNXEDARucksack_15<\/h3>\n\t\t\t\t<p class=\"subtitle small\">\n\t\t\t\t\t\t\t\t\t<\/p>\n\t\t\t<\/div>\n\t\t<\/div>\n\t<\/div>\n\t\t\t<div class=\" vc_col-lg-3 vc_col-md-3 vc_col-sm-6 vc_col-xs-12 metro-style masonry-block grid-item gallery-image\" data-gallery-item=\"4\" data-lazy-item=\"\" data-lazy-scope=\"gallery\">\n\t\t<div class=\"wrap\">\n\t\t\t\t\t\t\t<div class=\"tmp-image metro-image\" data-norebro-bg-image=\"https:\/\/www.planet-knox.com\/wp-content\/uploads\/2023\/10\/KNXEDARucksack_21.jpg\"><\/div>\n\t\t\t\t<img decoding=\"async\" class=\"gimg metro-image-hidden\" src=\"https:\/\/www.planet-knox.com\/wp-content\/uploads\/2023\/10\/KNXEDARucksack_21.jpg\" alt=\"\">\n\t\t\t\t\t\t<div class=\"overlay hidden\">\n\t\t\t\t<div class=\"content-center text-center\">\n\t\t\t\t\t<div class=\"wrap\">\n\t\t\t\t\t\t<h4 class=\"inline\">\n\t\t\t\t\t\t\t\t\t\t\t\t\tView Fullscreen\t\t\t\t\t\t\t\t\t\t\t\t<\/h4>\n\t\t\t\t\t\t<div class=\"icon inline ion-ios-plus-empty\"><\/div>\n\t\t\t\t\t<\/div>\n\t\t\t\t<\/div>\n\t\t\t<\/div>\n\t\t\t<div class=\"gallery-description\">\n\t\t\t\t<h3 class=\"title\">KNXEDARucksack_21<\/h3>\n\t\t\t\t<p class=\"subtitle small\">\n\t\t\t\t\t\t\t\t\t<\/p>\n\t\t\t<\/div>\n\t\t<\/div>\n\t<\/div>\n\t\t\t<div class=\" vc_col-lg-3 vc_col-md-3 vc_col-sm-6 vc_col-xs-12 metro-style masonry-block grid-item gallery-image\" data-gallery-item=\"5\" data-lazy-item=\"\" data-lazy-scope=\"gallery\">\n\t\t<div class=\"wrap\">\n\t\t\t\t\t\t\t<div class=\"tmp-image metro-image\" data-norebro-bg-image=\"https:\/\/www.planet-knox.com\/wp-content\/uploads\/2023\/10\/KNXEDARucksack_24.jpg\"><\/div>\n\t\t\t\t<img decoding=\"async\" class=\"gimg metro-image-hidden\" src=\"https:\/\/www.planet-knox.com\/wp-content\/uploads\/2023\/10\/KNXEDARucksack_24.jpg\" alt=\"\">\n\t\t\t\t\t\t<div class=\"overlay hidden\">\n\t\t\t\t<div class=\"content-center text-center\">\n\t\t\t\t\t<div class=\"wrap\">\n\t\t\t\t\t\t<h4 class=\"inline\">\n\t\t\t\t\t\t\t\t\t\t\t\t\tView Fullscreen\t\t\t\t\t\t\t\t\t\t\t\t<\/h4>\n\t\t\t\t\t\t<div class=\"icon inline ion-ios-plus-empty\"><\/div>\n\t\t\t\t\t<\/div>\n\t\t\t\t<\/div>\n\t\t\t<\/div>\n\t\t\t<div class=\"gallery-description\">\n\t\t\t\t<h3 class=\"title\">KNXEDARucksack_24<\/h3>\n\t\t\t\t<p class=\"subtitle small\">\n\t\t\t\t\t\t\t\t\t<\/p>\n\t\t\t<\/div>\n\t\t<\/div>\n\t<\/div>\n\t\t\t<div class=\" vc_col-lg-3 vc_col-md-3 vc_col-sm-6 vc_col-xs-12 metro-style masonry-block grid-item gallery-image\" data-gallery-item=\"6\" data-lazy-item=\"\" data-lazy-scope=\"gallery\">\n\t\t<div class=\"wrap\">\n\t\t\t\t\t\t\t<div class=\"tmp-image metro-image\" data-norebro-bg-image=\"https:\/\/www.planet-knox.com\/wp-content\/uploads\/2023\/10\/KNXEDARucksack_25.jpg\"><\/div>\n\t\t\t\t<img decoding=\"async\" class=\"gimg metro-image-hidden\" src=\"https:\/\/www.planet-knox.com\/wp-content\/uploads\/2023\/10\/KNXEDARucksack_25.jpg\" alt=\"\">\n\t\t\t\t\t\t<div class=\"overlay hidden\">\n\t\t\t\t<div class=\"content-center text-center\">\n\t\t\t\t\t<div class=\"wrap\">\n\t\t\t\t\t\t<h4 class=\"inline\">\n\t\t\t\t\t\t\t\t\t\t\t\t\tView Fullscreen\t\t\t\t\t\t\t\t\t\t\t\t<\/h4>\n\t\t\t\t\t\t<div class=\"icon inline ion-ios-plus-empty\"><\/div>\n\t\t\t\t\t<\/div>\n\t\t\t\t<\/div>\n\t\t\t<\/div>\n\t\t\t<div class=\"gallery-description\">\n\t\t\t\t<h3 class=\"title\">KNXEDARucksack_25<\/h3>\n\t\t\t\t<p class=\"subtitle small\">\n\t\t\t\t\t\t\t\t\t<\/p>\n\t\t\t<\/div>\n\t\t<\/div>\n\t<\/div>\n\t\t\t<div class=\" vc_col-lg-3 vc_col-md-3 vc_col-sm-6 vc_col-xs-12 metro-style masonry-block grid-item gallery-image\" data-gallery-item=\"7\" data-lazy-item=\"\" data-lazy-scope=\"gallery\">\n\t\t<div class=\"wrap\">\n\t\t\t\t\t\t\t<div class=\"tmp-image metro-image\" data-norebro-bg-image=\"https:\/\/www.planet-knox.com\/wp-content\/uploads\/2023\/10\/KNXEDARucksack_29.jpg\"><\/div>\n\t\t\t\t<img decoding=\"async\" class=\"gimg metro-image-hidden\" src=\"https:\/\/www.planet-knox.com\/wp-content\/uploads\/2023\/10\/KNXEDARucksack_29.jpg\" alt=\"\">\n\t\t\t\t\t\t<div class=\"overlay hidden\">\n\t\t\t\t<div class=\"content-center text-center\">\n\t\t\t\t\t<div class=\"wrap\">\n\t\t\t\t\t\t<h4 class=\"inline\">\n\t\t\t\t\t\t\t\t\t\t\t\t\tView Fullscreen\t\t\t\t\t\t\t\t\t\t\t\t<\/h4>\n\t\t\t\t\t\t<div class=\"icon inline ion-ios-plus-empty\"><\/div>\n\t\t\t\t\t<\/div>\n\t\t\t\t<\/div>\n\t\t\t<\/div>\n\t\t\t<div class=\"gallery-description\">\n\t\t\t\t<h3 class=\"title\">KNXEDARucksack_29<\/h3>\n\t\t\t\t<p class=\"subtitle small\">\n\t\t\t\t\t\t\t\t\t<\/p>\n\t\t\t<\/div>\n\t\t<\/div>\n\t<\/div>\n\t\t\t<div class=\" vc_col-lg-3 vc_col-md-3 vc_col-sm-6 vc_col-xs-12 metro-style masonry-block grid-item gallery-image\" data-gallery-item=\"8\" data-lazy-item=\"\" data-lazy-scope=\"gallery\">\n\t\t<div class=\"wrap\">\n\t\t\t\t\t\t\t<div class=\"tmp-image metro-image\" data-norebro-bg-image=\"https:\/\/www.planet-knox.com\/wp-content\/uploads\/2023\/10\/KNXEDARucksack_19-1.jpg\"><\/div>\n\t\t\t\t<img decoding=\"async\" class=\"gimg metro-image-hidden\" src=\"https:\/\/www.planet-knox.com\/wp-content\/uploads\/2023\/10\/KNXEDARucksack_19-1.jpg\" alt=\"\">\n\t\t\t\t\t\t<div class=\"overlay hidden\">\n\t\t\t\t<div class=\"content-center text-center\">\n\t\t\t\t\t<div class=\"wrap\">\n\t\t\t\t\t\t<h4 class=\"inline\">\n\t\t\t\t\t\t\t\t\t\t\t\t\tView Fullscreen\t\t\t\t\t\t\t\t\t\t\t\t<\/h4>\n\t\t\t\t\t\t<div class=\"icon inline ion-ios-plus-empty\"><\/div>\n\t\t\t\t\t<\/div>\n\t\t\t\t<\/div>\n\t\t\t<\/div>\n\t\t\t<div class=\"gallery-description\">\n\t\t\t\t<h3 class=\"title\">KNXEDARucksack_19<\/h3>\n\t\t\t\t<p class=\"subtitle small\">\n\t\t\t\t\t\t\t\t\t<\/p>\n\t\t\t<\/div>\n\t\t<\/div>\n\t<\/div>\n\t\t\t<div class=\" vc_col-lg-3 vc_col-md-3 vc_col-sm-6 vc_col-xs-12 metro-style masonry-block grid-item gallery-image\" data-gallery-item=\"9\" data-lazy-item=\"\" data-lazy-scope=\"gallery\">\n\t\t<div class=\"wrap\">\n\t\t\t\t\t\t\t<div class=\"tmp-image metro-image\" data-norebro-bg-image=\"https:\/\/www.planet-knox.com\/wp-content\/uploads\/2023\/10\/KNXEDARucksack_33.jpg\"><\/div>\n\t\t\t\t<img decoding=\"async\" class=\"gimg metro-image-hidden\" src=\"https:\/\/www.planet-knox.com\/wp-content\/uploads\/2023\/10\/KNXEDARucksack_33.jpg\" alt=\"\">\n\t\t\t\t\t\t<div class=\"overlay hidden\">\n\t\t\t\t<div class=\"content-center text-center\">\n\t\t\t\t\t<div class=\"wrap\">\n\t\t\t\t\t\t<h4 class=\"inline\">\n\t\t\t\t\t\t\t\t\t\t\t\t\tView Fullscreen\t\t\t\t\t\t\t\t\t\t\t\t<\/h4>\n\t\t\t\t\t\t<div class=\"icon inline ion-ios-plus-empty\"><\/div>\n\t\t\t\t\t<\/div>\n\t\t\t\t<\/div>\n\t\t\t<\/div>\n\t\t\t<div class=\"gallery-description\">\n\t\t\t\t<h3 class=\"title\">KNXEDARucksack_33<\/h3>\n\t\t\t\t<p class=\"subtitle small\">\n\t\t\t\t\t\t\t\t\t<\/p>\n\t\t\t<\/div>\n\t\t<\/div>\n\t<\/div>\n\t\t\t<div class=\" vc_col-lg-3 vc_col-md-3 vc_col-sm-6 vc_col-xs-12 metro-style masonry-block grid-item gallery-image\" data-gallery-item=\"10\" data-lazy-item=\"\" data-lazy-scope=\"gallery\">\n\t\t<div class=\"wrap\">\n\t\t\t\t\t\t\t<div class=\"tmp-image metro-image\" data-norebro-bg-image=\"https:\/\/www.planet-knox.com\/wp-content\/uploads\/2023\/10\/KNXEDARucksack_34.jpg\"><\/div>\n\t\t\t\t<img decoding=\"async\" class=\"gimg metro-image-hidden\" src=\"https:\/\/www.planet-knox.com\/wp-content\/uploads\/2023\/10\/KNXEDARucksack_34.jpg\" alt=\"\">\n\t\t\t\t\t\t<div class=\"overlay hidden\">\n\t\t\t\t<div class=\"content-center text-center\">\n\t\t\t\t\t<div class=\"wrap\">\n\t\t\t\t\t\t<h4 class=\"inline\">\n\t\t\t\t\t\t\t\t\t\t\t\t\tView Fullscreen\t\t\t\t\t\t\t\t\t\t\t\t<\/h4>\n\t\t\t\t\t\t<div class=\"icon inline ion-ios-plus-empty\"><\/div>\n\t\t\t\t\t<\/div>\n\t\t\t\t<\/div>\n\t\t\t<\/div>\n\t\t\t<div class=\"gallery-description\">\n\t\t\t\t<h3 class=\"title\">KNXEDARucksack_34<\/h3>\n\t\t\t\t<p class=\"subtitle small\">\n\t\t\t\t\t\t\t\t\t<\/p>\n\t\t\t<\/div>\n\t\t<\/div>\n\t<\/div>\n\t\t\t<div class=\" vc_col-lg-3 vc_col-md-3 vc_col-sm-6 vc_col-xs-12 metro-style masonry-block grid-item gallery-image\" data-gallery-item=\"11\" data-lazy-item=\"\" data-lazy-scope=\"gallery\">\n\t\t<div class=\"wrap\">\n\t\t\t\t\t\t\t<div class=\"tmp-image metro-image\" data-norebro-bg-image=\"https:\/\/www.planet-knox.com\/wp-content\/uploads\/2023\/10\/KNXEDARucksack_5-3.jpg\"><\/div>\n\t\t\t\t<img decoding=\"async\" class=\"gimg metro-image-hidden\" src=\"https:\/\/www.planet-knox.com\/wp-content\/uploads\/2023\/10\/KNXEDARucksack_5-3.jpg\" alt=\"\">\n\t\t\t\t\t\t<div class=\"overlay hidden\">\n\t\t\t\t<div class=\"content-center text-center\">\n\t\t\t\t\t<div class=\"wrap\">\n\t\t\t\t\t\t<h4 class=\"inline\">\n\t\t\t\t\t\t\t\t\t\t\t\t\tView Fullscreen\t\t\t\t\t\t\t\t\t\t\t\t<\/h4>\n\t\t\t\t\t\t<div class=\"icon inline ion-ios-plus-empty\"><\/div>\n\t\t\t\t\t<\/div>\n\t\t\t\t<\/div>\n\t\t\t<\/div>\n\t\t\t<div class=\"gallery-description\">\n\t\t\t\t<h3 class=\"title\">KNXEDARucksack_5<\/h3>\n\t\t\t\t<p class=\"subtitle small\">\n\t\t\t\t\t\t\t\t\t<\/p>\n\t\t\t<\/div>\n\t\t<\/div>\n\t<\/div>\n\t\t<div class=\"clear\"><\/div>\n\n\t<\/div>\n\n\t\n<\/div>\n\n<div class=\"norebro-gallery-opened-sc custom-gallery\"\n\tid=\"norebro-custom-69e214f5a0eb7\"\n\tdata-options='{\"navClass\":\"\"}'>\n\n\t<div class=\"expand\">\n\t\t<span class=\"ion-android-expand\"><\/span>\n\t<\/div>\n\t<div class=\"close\">\n\t\t<span class=\"ion-ios-close-empty\"><\/span>\n\t<\/div>\n\n<\/div>\n<div class=\"vc_empty_space\"   style=\"height: 32px\"><span class=\"vc_empty_space_inner\"><\/span><\/div><\/div><\/div><\/div><\/div>\n<\/div>","protected":false},"excerpt":{"rendered":"<p>Der Knox EDA ist ein brandneuer Rucksack, der f\u00fcr die abenteuerliche Seite eines jeden Reiters gemacht ist. Eine kompakte, wasserfeste Tasche mit wasserdichtem \u00dcberzug, die sich durch intelligentes Design und fortschrittliche Organisation auszeichnet. Das einzigartige Design ist stromlinienf\u00f6rmig, aber strapazierf\u00e4hig und bietet Platz f\u00fcr bis zu 25 Liter Stauraum. Durch die koffer\u00e4hnliche \u00d6ffnung l\u00e4sst sich die Tasche komplett flach aufklappen, und die umkehrbaren Rei\u00dfverschl\u00fcsse erleichtern den Zugang.<\/p>\n<p><strong>Laptop Bag Dimensions: 38cm (L) x 25cm (W).<br \/>\nBitte beachten Sie: Im Lieferumfang dieses Produkts ist keine Wasserblase enthalten.<br \/>\n<\/strong><\/p>","protected":false},"featured_media":227438,"comment_status":"open","ping_status":"closed","template":"","meta":{"_acf_changed":false,"inline_featured_image":false},"product_brand":[],"product_cat":[2735,635,582,585,628],"product_tag":[],"class_list":{"0":"post-213401","1":"product","2":"type-product","3":"status-publish","4":"has-post-thumbnail","6":"product_cat-2024-collection","7":"product_cat-accessories","8":"product_cat-luggage","9":"product_cat-mens-accessories","10":"product_cat-womens-accessories","11":"pa_country-of-origin-cn","12":"pa_easproj_hs6p_received-2811","13":"pa_easproj_originating_country-cn","14":"pa_hs-code-2977","15":"pa_product-composition-100-polyester-lining-75-nylon-25-pu-tbc","17":"first","18":"instock","19":"taxable","20":"shipping-taxable","21":"purchasable","22":"product-type-simple"},"acf":[],"aioseo_notices":[],"gallery_images":[227442,227444,227439,227440,227441,216133,227445,227446,227447,227448,227449,227450,227451,227452,227453,227454,227455,227456,227457,227458,227459,227461,227462,227463,227464,227465,227466,227467,227468,227469,227460,227470,227471,227472,227473,227474,227475,227476,227477],"_links":{"self":[{"href":"https:\/\/www.planet-knox.com\/de\/wp-json\/wp\/v2\/product\/213401","targetHints":{"allow":["GET"]}}],"collection":[{"href":"https:\/\/www.planet-knox.com\/de\/wp-json\/wp\/v2\/product"}],"about":[{"href":"https:\/\/www.planet-knox.com\/de\/wp-json\/wp\/v2\/types\/product"}],"replies":[{"embeddable":true,"href":"https:\/\/www.planet-knox.com\/de\/wp-json\/wp\/v2\/comments?post=213401"}],"wp:featuredmedia":[{"embeddable":true,"href":"https:\/\/www.planet-knox.com\/de\/wp-json\/wp\/v2\/media\/227438"}],"wp:attachment":[{"href":"https:\/\/www.planet-knox.com\/de\/wp-json\/wp\/v2\/media?parent=213401"}],"wp:term":[{"taxonomy":"product_brand","embeddable":true,"href":"https:\/\/www.planet-knox.com\/de\/wp-json\/wp\/v2\/product_brand?post=213401"},{"taxonomy":"product_cat","embeddable":true,"href":"https:\/\/www.planet-knox.com\/de\/wp-json\/wp\/v2\/product_cat?post=213401"},{"taxonomy":"product_tag","embeddable":true,"href":"https:\/\/www.planet-knox.com\/de\/wp-json\/wp\/v2\/product_tag?post=213401"}],"curies":[{"name":"wp","href":"https:\/\/api.w.org\/{rel}","templated":true}]}}