{"id":213247,"date":"2023-10-31T14:32:55","date_gmt":"2023-10-31T14:32:55","guid":{"rendered":"https:\/\/www.planet-knox.com\/?post_type=product&#038;p=213247"},"modified":"2026-05-01T08:04:31","modified_gmt":"2026-05-01T08:04:31","slug":"womens-union-quilt","status":"publish","type":"product","link":"https:\/\/www.planet-knox.com\/de\/produkt\/womens-union-quilt\/","title":{"rendered":"Quilt der Frauenunion"},"content":{"rendered":"<div class=\"wpb-content-wrapper\"><div class=\"vc_row wpb_row vc_row-fluid gradient-container-1\"><div class=\"gradient-column-1 wpb_column vc_column_container vc_col-sm-12\"><div class=\"vc_column-inner\"><div class=\"wpb_wrapper\"><div class=\"vc_empty_space\"   style=\"height: 32px\"><span class=\"vc_empty_space_inner\"><\/span><\/div><div class=\"norebro-heading-sc heading text-center\"\n\tid=\"norebro-custom-69f8341aed620\" \n\t \n\t>\n\t\n\t\n\t\n\t<h3 class=\"title\">\n\t\tProduct Features\t<\/h3>\n\n\t\n\t\t\t<p class=\"subtitle\">\n\t\t\tNeed help? Use Live chat or email us at: <a href=\"mailto:sales@planet-knox.com\">sales@planet-knox.com<\/a>\t\t<\/p>\n\t\t\n<\/div><div class=\"vc_empty_space\"   style=\"height: 32px\"><span class=\"vc_empty_space_inner\"><\/span><\/div><div class=\"vc_separator wpb_content_element vc_separator_align_center vc_sep_width_100 vc_sep_pos_align_center vc_separator_no_text vc_sep_color_grey wpb_content_element  wpb_content_element\" ><span class=\"vc_sep_holder vc_sep_holder_l\"><span class=\"vc_sep_line\"><\/span><\/span><span class=\"vc_sep_holder vc_sep_holder_r\"><span class=\"vc_sep_line\"><\/span><\/span>\n<\/div><div class=\"vc_empty_space\"   style=\"height: 32px\"><span class=\"vc_empty_space_inner\"><\/span><\/div>\n\t\t\t\t<p class=\"rs-p-wp-fix\"><\/p>\n\t\t\t\t<sr7-module data-alias=\"union-quilt-men-1\" data-id=\"1130\" id=\"SR7_1130_1\" class=\"rs-respect-topbar rs-ov-hidden\" data-version=\"6.7.51\">\n\t\t\t\t\t<sr7-adjuster><\/sr7-adjuster>\n\t\t\t\t\t<sr7-content>\n\t\t\t\t\t\t<sr7-slide id=\"SR7_1130_1-1123\" data-key=\"1123\">\n\t\t\t\t\t\t\t<sr7-txt id=\"SR7_1130_1-1123-1\" class=\"sr7-layer\">Made from high performance THERMOLITE\u00ae Plus<\/sr7-txt>\n\t\t\t\t\t\t\t<sr7-txt id=\"SR7_1130_1-1123-3\" class=\"sr7-layer\">Discreet silicone Knox branding<\/sr7-txt>\n\t\t\t\t\t\t\t<sr7-txt id=\"SR7_1130_1-1123-4\" class=\"sr7-layer\">2 YKK zipped side pockets, lined in micro fleece for warmth<\/sr7-txt>\n\t\t\t\t\t\t\t<sr7-txt id=\"SR7_1130_1-1123-7\" class=\"sr7-layer\">Made from high performance THERMOLITE\u00ae Plus<\/sr7-txt>\n\t\t\t\t\t\t\t<sr7-txt id=\"SR7_1130_1-1123-14\" class=\"sr7-layer\">Discreet silicone Knox branding<\/sr7-txt>\n\t\t\t\t\t\t\t<sr7-txt id=\"SR7_1130_1-1123-16\" class=\"sr7-layer\">2 YKK zipped side pockets, lined in micro fleece for warmth<\/sr7-txt>\n\t\t\t\t\t\t\t<sr7-txt id=\"SR7_1130_1-1123-19\" class=\"sr7-layer\">Washable, follow instructions on the label<\/sr7-txt>\n\t\t\t\t\t\t<\/sr7-slide>\n\t\t\t\t\t\t<sr7-slide id=\"SR7_1130_1-1125\" data-key=\"1125\">\n\t\t\t\t\t\t<\/sr7-slide>\n\t\t\t\t\t<\/sr7-content>\n\t\t\t\t\t<image_lists style=\"display:none\">\n\t\t\t\t\t\t<img data-src=\"\/\/www.planet-knox.com\/wp-content\/uploads\/2023\/10\/KNOXUnionQuiltWomen_4-3.jpg\" data-libid=\"227714\" title=\"KNOXUnionQuiltWomen_4\" width=\"0\" height=\"0\" data-dbsrc=\"Ly93d3cucGxhbmV0LWtub3guY29tL3dwLWNvbnRlbnQvdXBsb2Fkcy8yMDIzLzEwL0tOT1hVbmlvblF1aWx0V29tZW5fNC0zLmpwZw==\"\/>\n\t\t\t\t\t\t<img data-src=\"\/\/www.planet-knox.com\/wp-content\/uploads\/2023\/10\/KNOXUnionQuiltWomen_3-3.jpg\" data-libid=\"227713\" title=\"KNOXUnionQuiltWomen_3\" width=\"0\" height=\"0\" data-dbsrc=\"Ly93d3cucGxhbmV0LWtub3guY29tL3dwLWNvbnRlbnQvdXBsb2Fkcy8yMDIzLzEwL0tOT1hVbmlvblF1aWx0V29tZW5fMy0zLmpwZw==\"\/>\n\t\t\t\t\t\t<img data-src=\"\/\/www.planet-knox.com\/wp-content\/uploads\/2023\/10\/KNOXUnionQuiltWomen_1-2.jpg\" data-libid=\"227711\" title=\"KNOXUnionQuiltWomen_1\" width=\"0\" height=\"0\" data-dbsrc=\"Ly93d3cucGxhbmV0LWtub3guY29tL3dwLWNvbnRlbnQvdXBsb2Fkcy8yMDIzLzEwL0tOT1hVbmlvblF1aWx0V29tZW5fMS0yLmpwZw==\"\/>\n\t\t\t\t\t\t<img data-src=\"\/\/www.planet-knox.com\/wp-content\/uploads\/2023\/10\/KNOXUnionQuiltWomen_2-3.jpg\" data-libid=\"227712\" title=\"KNOXUnionQuiltWomen_2\" width=\"0\" height=\"0\" data-dbsrc=\"Ly93d3cucGxhbmV0LWtub3guY29tL3dwLWNvbnRlbnQvdXBsb2Fkcy8yMDIzLzEwL0tOT1hVbmlvblF1aWx0V29tZW5fMi0zLmpwZw==\"\/>\n\t\t\t\t\t\t<img data-src=\"\/\/www.planet-knox.com\/wp-content\/uploads\/2025\/01\/gloves_KNXOrsaOR4Grey_10-scaled.jpg\" data-libid=\"229068\" title=\"gloves_KNXOrsaOR4Grey_10\" width=\"0\" height=\"0\" data-dbsrc=\"Ly93d3cucGxhbmV0LWtub3guY29tL3dwLWNvbnRlbnQvdXBsb2Fkcy8yMDI1LzAxL2dsb3Zlc19LTlhPcnNhT1I0R3JleV8xMC1zY2FsZWQuanBn\"\/>\n\t\t\t\t\t\t<img data-src=\"\/\/www.planet-knox.com\/wp-content\/uploads\/2025\/01\/gloves_KNXOrsaOR4Grey_6-scaled.jpg\" data-libid=\"229064\" title=\"gloves_KNXOrsaOR4Grey_6\" width=\"0\" height=\"0\" data-dbsrc=\"Ly93d3cucGxhbmV0LWtub3guY29tL3dwLWNvbnRlbnQvdXBsb2Fkcy8yMDI1LzAxL2dsb3Zlc19LTlhPcnNhT1I0R3JleV82LXNjYWxlZC5qcGc=\"\/>\n\t\t\t\t\t\t<img data-src=\"\/\/www.planet-knox.com\/wp-content\/uploads\/2025\/01\/gloves_KNXOrsaOR4Grey_3-scaled.jpg\" data-libid=\"229061\" title=\"gloves_KNXOrsaOR4Grey_3\" width=\"0\" height=\"0\" data-dbsrc=\"Ly93d3cucGxhbmV0LWtub3guY29tL3dwLWNvbnRlbnQvdXBsb2Fkcy8yMDI1LzAxL2dsb3Zlc19LTlhPcnNhT1I0R3JleV8zLXNjYWxlZC5qcGc=\"\/>\n\t\t\t\t\t<\/image_lists>\n\t\t\t\t<\/sr7-module>\n\t\t\t\t<script>\n\t\t\t\t\twindow.SR7 ??={};SR7.PMH ??={}; SR7.PMH[\"SR7_1130_1\"] = {cn:100,state:false,fn: function() { if (window._tpt!==undefined && window._tpt.prepareModuleHeight !== undefined) {  _tpt.prepareModuleHeight({id:\"SR7_1130_1\",el:[900,900,900,900,480],type:'standard',shdw:'0',gh:[900,900,900,900,480],gw:[1920,1920,1920,1920,480],vpt:['-200px&#039;,&#039;-200px&#039;,&#039;-200px&#039;,&#039;-200px&#039;,&#039;-200px'],size:{fullWidth:false, fullHeight:false},mh:'0',onh:0,onw:0,bg:{color:'{\"orig\":\"transparent\",\"type\":\"solid\",\"string\":\"transparent\"}'}});   SR7.PMH[\"SR7_1130_1\"].state=true;} else if(SR7.PMH[\"SR7_1130_1\"].cn-->0)\tsetTimeout( SR7.PMH[\"SR7_1130_1\"].fn,19);}};SR7.PMH[\"SR7_1130_1\" ].fn();\n\t\t\t\t<\/script>\n<div class=\"vc_empty_space\"   style=\"height: 64px\"><span class=\"vc_empty_space_inner\"><\/span><\/div><\/div><\/div><\/div><\/div><div id=\"gallery\" class=\"vc_row wpb_row vc_row-fluid gradient-container-2 vc_custom_1706180503284\"><div class=\"gradient-column-2 wpb_column vc_column_container vc_col-sm-12\"><div class=\"vc_column-inner\"><div class=\"wpb_wrapper\"><div class=\"vc_empty_space\"   style=\"height: 32px\"><span class=\"vc_empty_space_inner\"><\/span><\/div><div class=\"norebro-heading-sc heading text-center\"\n\tid=\"norebro-custom-69f8341af19dd\" \n\t \n\t>\n\t\n\t\n\t\n\t<h3 class=\"title\">\n\t\tPromotional Video\t<\/h3>\n\n\t\n\t\t\t<p class=\"subtitle\">\n\t\t\t\t\t<\/p>\n\t\t\n<\/div><div class=\"vc_empty_space\"   style=\"height: 32px\"><span class=\"vc_empty_space_inner\"><\/span><\/div><div class=\"vc_separator wpb_content_element vc_separator_align_center vc_sep_width_100 vc_sep_pos_align_center vc_separator_no_text vc_sep_color_grey wpb_content_element  wpb_content_element\" ><span class=\"vc_sep_holder vc_sep_holder_l\"><span class=\"vc_sep_line\"><\/span><\/span><span class=\"vc_sep_holder vc_sep_holder_r\"><span class=\"vc_sep_line\"><\/span><\/span>\n<\/div><div class=\"vc_empty_space\"   style=\"height: 32px\"><span class=\"vc_empty_space_inner\"><\/span><\/div>\n\t<div class=\"wpb_raw_code wpb_raw_html wpb_content_element\" >\n\t\t<div class=\"wpb_wrapper\">\n\t\t\t<style>.embed-container { position: relative; padding-bottom: 56.25%; height: 0; overflow: hidden; max-width: 100%; } .embed-container iframe, .embed-container object, .embed-container embed { position: absolute; top: 0; left: 0; width: 100%; height: 100%; }<\/style><div class='embed-container'><iframe src='https:\/\/www.youtube.com\/embed\/zgU7u_7WLqM' frameborder='0' allowfullscreen><\/iframe><\/div>\n\t\t<\/div>\n\t<\/div>\n<div class=\"vc_empty_space\"   style=\"height: 32px\"><span class=\"vc_empty_space_inner\"><\/span><\/div><\/div><\/div><\/div><\/div><div class=\"vc_row wpb_row vc_row-fluid gradient-container-3 vc_custom_1706180503284\"><div class=\"gradient-column-3 wpb_column vc_column_container vc_col-sm-12\"><div class=\"vc_column-inner\"><div class=\"wpb_wrapper\"><div class=\"vc_empty_space\"   style=\"height: 32px\"><span class=\"vc_empty_space_inner\"><\/span><\/div><div class=\"norebro-heading-sc heading text-center\"\n\tid=\"norebro-custom-69f8341af2356\" \n\t \n\t>\n\t\n\t\n\t\n\t<h3 class=\"title\">\n\t\tLifestyle Gallery\t<\/h3>\n\n\t\n\t\t\t<p class=\"subtitle\">\n\t\t\t\t\t<\/p>\n\t\t\n<\/div><div class=\"vc_empty_space\"   style=\"height: 32px\"><span class=\"vc_empty_space_inner\"><\/span><\/div><div class=\"vc_separator wpb_content_element vc_separator_align_center vc_sep_width_100 vc_sep_pos_align_center vc_separator_no_text vc_sep_color_grey wpb_content_element  wpb_content_element\" ><span class=\"vc_sep_holder vc_sep_holder_l\"><span class=\"vc_sep_line\"><\/span><\/span><span class=\"vc_sep_holder vc_sep_holder_r\"><span class=\"vc_sep_line\"><\/span><\/span>\n<\/div><div class=\"vc_empty_space\"   style=\"height: 32px\"><span class=\"vc_empty_space_inner\"><\/span><\/div><div class=\"norebro-gallery-sc gallery-wrap\"\n\tid=\"norebro-custom-images-69f8341b00103\"\n\tdata-gallery=\"norebro-custom-69f8341b00102\"\n\t\t>\n\n\t\n\t<div class=\"vc_row\" data-lazy-container=\"gallery\">\n\n\t\t\t<div class=\" vc_col-lg-4 vc_col-md-4 vc_col-sm-6 vc_col-xs-12 metro-style masonry-block grid-item gallery-image\" data-gallery-item=\"0\" data-lazy-item=\"\" data-lazy-scope=\"gallery\">\n\t\t<div class=\"wrap\">\n\t\t\t\t\t\t\t<div class=\"tmp-image metro-image\" data-norebro-bg-image=\"https:\/\/www.planet-knox.com\/wp-content\/uploads\/2023\/10\/KNOXUnionQuiltWomen_1.jpg\"><\/div>\n\t\t\t\t<img decoding=\"async\" class=\"gimg metro-image-hidden\" src=\"https:\/\/www.planet-knox.com\/wp-content\/uploads\/2023\/10\/KNOXUnionQuiltWomen_1.jpg\" alt=\"\">\n\t\t\t\t\t\t<div class=\"overlay hidden\">\n\t\t\t\t<div class=\"content-center text-center\">\n\t\t\t\t\t<div class=\"wrap\">\n\t\t\t\t\t\t<h4 class=\"inline\">\n\t\t\t\t\t\t\t\t\t\t\t\t\tView Fullscreen\t\t\t\t\t\t\t\t\t\t\t\t<\/h4>\n\t\t\t\t\t\t<div class=\"icon inline ion-ios-plus-empty\"><\/div>\n\t\t\t\t\t<\/div>\n\t\t\t\t<\/div>\n\t\t\t<\/div>\n\t\t\t<div class=\"gallery-description\">\n\t\t\t\t<h3 class=\"title\">KNOXUnionQuiltWomen_1<\/h3>\n\t\t\t\t<p class=\"subtitle small\">\n\t\t\t\t\t\t\t\t\t<\/p>\n\t\t\t<\/div>\n\t\t<\/div>\n\t<\/div>\n\t\t\t<div class=\" vc_col-lg-4 vc_col-md-4 vc_col-sm-6 vc_col-xs-12 metro-style masonry-block grid-item gallery-image\" data-gallery-item=\"1\" data-lazy-item=\"\" data-lazy-scope=\"gallery\">\n\t\t<div class=\"wrap\">\n\t\t\t\t\t\t\t<div class=\"tmp-image metro-image\" data-norebro-bg-image=\"https:\/\/www.planet-knox.com\/wp-content\/uploads\/2023\/10\/KNOXUnionQuiltWomen_2.jpg\"><\/div>\n\t\t\t\t<img decoding=\"async\" class=\"gimg metro-image-hidden\" src=\"https:\/\/www.planet-knox.com\/wp-content\/uploads\/2023\/10\/KNOXUnionQuiltWomen_2.jpg\" alt=\"\">\n\t\t\t\t\t\t<div class=\"overlay hidden\">\n\t\t\t\t<div class=\"content-center text-center\">\n\t\t\t\t\t<div class=\"wrap\">\n\t\t\t\t\t\t<h4 class=\"inline\">\n\t\t\t\t\t\t\t\t\t\t\t\t\tView Fullscreen\t\t\t\t\t\t\t\t\t\t\t\t<\/h4>\n\t\t\t\t\t\t<div class=\"icon inline ion-ios-plus-empty\"><\/div>\n\t\t\t\t\t<\/div>\n\t\t\t\t<\/div>\n\t\t\t<\/div>\n\t\t\t<div class=\"gallery-description\">\n\t\t\t\t<h3 class=\"title\">KNOXUnionQuiltWomen_2<\/h3>\n\t\t\t\t<p class=\"subtitle small\">\n\t\t\t\t\t\t\t\t\t<\/p>\n\t\t\t<\/div>\n\t\t<\/div>\n\t<\/div>\n\t\t\t<div class=\" vc_col-lg-4 vc_col-md-4 vc_col-sm-6 vc_col-xs-12 metro-style masonry-block grid-item gallery-image\" data-gallery-item=\"2\" data-lazy-item=\"\" data-lazy-scope=\"gallery\">\n\t\t<div class=\"wrap\">\n\t\t\t\t\t\t\t<div class=\"tmp-image metro-image\" data-norebro-bg-image=\"https:\/\/www.planet-knox.com\/wp-content\/uploads\/2023\/10\/KNOXUnionQuiltWomen_3.jpg\"><\/div>\n\t\t\t\t<img decoding=\"async\" class=\"gimg metro-image-hidden\" src=\"https:\/\/www.planet-knox.com\/wp-content\/uploads\/2023\/10\/KNOXUnionQuiltWomen_3.jpg\" alt=\"\">\n\t\t\t\t\t\t<div class=\"overlay hidden\">\n\t\t\t\t<div class=\"content-center text-center\">\n\t\t\t\t\t<div class=\"wrap\">\n\t\t\t\t\t\t<h4 class=\"inline\">\n\t\t\t\t\t\t\t\t\t\t\t\t\tView Fullscreen\t\t\t\t\t\t\t\t\t\t\t\t<\/h4>\n\t\t\t\t\t\t<div class=\"icon inline ion-ios-plus-empty\"><\/div>\n\t\t\t\t\t<\/div>\n\t\t\t\t<\/div>\n\t\t\t<\/div>\n\t\t\t<div class=\"gallery-description\">\n\t\t\t\t<h3 class=\"title\">KNOXUnionQuiltWomen_3<\/h3>\n\t\t\t\t<p class=\"subtitle small\">\n\t\t\t\t\t\t\t\t\t<\/p>\n\t\t\t<\/div>\n\t\t<\/div>\n\t<\/div>\n\t\t\t<div class=\" vc_col-lg-4 vc_col-md-4 vc_col-sm-6 vc_col-xs-12 metro-style masonry-block grid-item gallery-image\" data-gallery-item=\"3\" data-lazy-item=\"\" data-lazy-scope=\"gallery\">\n\t\t<div class=\"wrap\">\n\t\t\t\t\t\t\t<div class=\"tmp-image metro-image\" data-norebro-bg-image=\"https:\/\/www.planet-knox.com\/wp-content\/uploads\/2023\/10\/KNOXUnionQuiltWomen_4.jpg\"><\/div>\n\t\t\t\t<img decoding=\"async\" class=\"gimg metro-image-hidden\" src=\"https:\/\/www.planet-knox.com\/wp-content\/uploads\/2023\/10\/KNOXUnionQuiltWomen_4.jpg\" alt=\"\">\n\t\t\t\t\t\t<div class=\"overlay hidden\">\n\t\t\t\t<div class=\"content-center text-center\">\n\t\t\t\t\t<div class=\"wrap\">\n\t\t\t\t\t\t<h4 class=\"inline\">\n\t\t\t\t\t\t\t\t\t\t\t\t\tView Fullscreen\t\t\t\t\t\t\t\t\t\t\t\t<\/h4>\n\t\t\t\t\t\t<div class=\"icon inline ion-ios-plus-empty\"><\/div>\n\t\t\t\t\t<\/div>\n\t\t\t\t<\/div>\n\t\t\t<\/div>\n\t\t\t<div class=\"gallery-description\">\n\t\t\t\t<h3 class=\"title\">KNOXUnionQuiltWomen_4<\/h3>\n\t\t\t\t<p class=\"subtitle small\">\n\t\t\t\t\t\t\t\t\t<\/p>\n\t\t\t<\/div>\n\t\t<\/div>\n\t<\/div>\n\t\t\t<div class=\" vc_col-lg-4 vc_col-md-4 vc_col-sm-6 vc_col-xs-12 metro-style masonry-block grid-item gallery-image\" data-gallery-item=\"4\" data-lazy-item=\"\" data-lazy-scope=\"gallery\">\n\t\t<div class=\"wrap\">\n\t\t\t\t\t\t\t<div class=\"tmp-image metro-image\" data-norebro-bg-image=\"https:\/\/www.planet-knox.com\/wp-content\/uploads\/2023\/10\/KNOXUnionQuiltWomen_5.jpg\"><\/div>\n\t\t\t\t<img decoding=\"async\" class=\"gimg metro-image-hidden\" src=\"https:\/\/www.planet-knox.com\/wp-content\/uploads\/2023\/10\/KNOXUnionQuiltWomen_5.jpg\" alt=\"\">\n\t\t\t\t\t\t<div class=\"overlay hidden\">\n\t\t\t\t<div class=\"content-center text-center\">\n\t\t\t\t\t<div class=\"wrap\">\n\t\t\t\t\t\t<h4 class=\"inline\">\n\t\t\t\t\t\t\t\t\t\t\t\t\tView Fullscreen\t\t\t\t\t\t\t\t\t\t\t\t<\/h4>\n\t\t\t\t\t\t<div class=\"icon inline ion-ios-plus-empty\"><\/div>\n\t\t\t\t\t<\/div>\n\t\t\t\t<\/div>\n\t\t\t<\/div>\n\t\t\t<div class=\"gallery-description\">\n\t\t\t\t<h3 class=\"title\">KNOXUnionQuiltWomen_5<\/h3>\n\t\t\t\t<p class=\"subtitle small\">\n\t\t\t\t\t\t\t\t\t<\/p>\n\t\t\t<\/div>\n\t\t<\/div>\n\t<\/div>\n\t\t\t<div class=\" vc_col-lg-4 vc_col-md-4 vc_col-sm-6 vc_col-xs-12 metro-style masonry-block grid-item gallery-image\" data-gallery-item=\"5\" data-lazy-item=\"\" data-lazy-scope=\"gallery\">\n\t\t<div class=\"wrap\">\n\t\t\t\t\t\t\t<div class=\"tmp-image metro-image\" data-norebro-bg-image=\"https:\/\/www.planet-knox.com\/wp-content\/uploads\/2023\/10\/KNOXUnionQuiltWomen_6.jpg\"><\/div>\n\t\t\t\t<img decoding=\"async\" class=\"gimg metro-image-hidden\" src=\"https:\/\/www.planet-knox.com\/wp-content\/uploads\/2023\/10\/KNOXUnionQuiltWomen_6.jpg\" alt=\"\">\n\t\t\t\t\t\t<div class=\"overlay hidden\">\n\t\t\t\t<div class=\"content-center text-center\">\n\t\t\t\t\t<div class=\"wrap\">\n\t\t\t\t\t\t<h4 class=\"inline\">\n\t\t\t\t\t\t\t\t\t\t\t\t\tView Fullscreen\t\t\t\t\t\t\t\t\t\t\t\t<\/h4>\n\t\t\t\t\t\t<div class=\"icon inline ion-ios-plus-empty\"><\/div>\n\t\t\t\t\t<\/div>\n\t\t\t\t<\/div>\n\t\t\t<\/div>\n\t\t\t<div class=\"gallery-description\">\n\t\t\t\t<h3 class=\"title\">KNOXUnionQuiltWomen_6<\/h3>\n\t\t\t\t<p class=\"subtitle small\">\n\t\t\t\t\t\t\t\t\t<\/p>\n\t\t\t<\/div>\n\t\t<\/div>\n\t<\/div>\n\t\t<div class=\"clear\"><\/div>\n\n\t<\/div>\n\n\t\n<\/div>\n\n<div class=\"norebro-gallery-opened-sc custom-gallery\"\n\tid=\"norebro-custom-69f8341b00102\"\n\tdata-options='{\"navClass\":\"\"}'>\n\n\t<div class=\"expand\">\n\t\t<span class=\"ion-android-expand\"><\/span>\n\t<\/div>\n\t<div class=\"close\">\n\t\t<span class=\"ion-ios-close-empty\"><\/span>\n\t<\/div>\n\n<\/div>\n<div class=\"vc_empty_space\"   style=\"height: 32px\"><span class=\"vc_empty_space_inner\"><\/span><\/div><\/div><\/div><\/div><\/div><div id=\"sizeguide\" class=\"vc_row wpb_row vc_row-fluid gradient-container-4\"><div class=\"gradient-column-4 wpb_column vc_column_container vc_col-sm-12\"><div class=\"vc_column-inner\"><div class=\"wpb_wrapper\"><div class=\"vc_empty_space\"   style=\"height: 32px\"><span class=\"vc_empty_space_inner\"><\/span><\/div><div class=\"norebro-heading-sc heading text-center\"\n\tid=\"norebro-custom-69f8341b0062f\" \n\t \n\t>\n\t\n\t\n\t\n\t<h3 class=\"title\">\n\t\tSize Guide\t<\/h3>\n\n\t\n\t\t\t<p class=\"subtitle\">\n\t\t\tNeed help? Use Live chat or email us at: <a href=\"mailto:sales@planet-knox.com\">sales@planet-knox.com<\/a>\t\t<\/p>\n\t\t\n<\/div><div class=\"vc_empty_space\"   style=\"height: 32px\"><span class=\"vc_empty_space_inner\"><\/span><\/div><div class=\"vc_separator wpb_content_element vc_separator_align_center vc_sep_width_100 vc_sep_pos_align_center vc_separator_no_text vc_sep_color_grey wpb_content_element  wpb_content_element\" ><span class=\"vc_sep_holder vc_sep_holder_l\"><span class=\"vc_sep_line\"><\/span><\/span><span class=\"vc_sep_holder vc_sep_holder_r\"><span class=\"vc_sep_line\"><\/span><\/span>\n<\/div><div class=\"vc_empty_space\"   style=\"height: 32px\"><span class=\"vc_empty_space_inner\"><\/span><\/div>\n\t<div  class=\"wpb_single_image wpb_content_element vc_align_center wpb_content_element\">\n\t\t\n\t\t<figure class=\"wpb_wrapper vc_figure\">\n\t\t\t<div class=\"vc_single_image-wrapper   vc_box_border_grey\"><img decoding=\"async\" width=\"100\" height=\"351\" src=\"https:\/\/www.planet-knox.com\/wp-content\/uploads\/2020\/01\/womens-upperbody.png\" class=\"vc_single_image-img attachment-full\" alt=\"\" title=\"womens-upperbody\" srcset=\"https:\/\/www.planet-knox.com\/wp-content\/uploads\/2020\/01\/womens-upperbody.png 100w, https:\/\/www.planet-knox.com\/wp-content\/uploads\/2020\/01\/womens-upperbody-3x12.png 3w\" sizes=\"(max-width: 100px) 100vw, 100px\" \/><\/div>\n\t\t<\/figure>\n\t<\/div>\n<div class=\"norebro-text-sc \" \n\tid=\"norebro-custom-69f8341b00d38\" \n\t \n\t>\n\n\t<p style=\"text-align: center;\"><strong>Chest:<\/strong> Measure around the fullest part of your bust and your shoulder blades.<\/p>\n<p style=\"text-align: center;\"><strong>Waist:<\/strong> Measure around the natural waistline. This will usually be the smallest part.<\/p>\n<p style=\"text-align: center;\"><strong>Hip:<\/strong> Measure around the fullest part of your hips. As a guide, this is often 20cm below your waist.<\/p>\n<p style=\"text-align: center;\"><strong>Please note:<\/strong> The measurements given are body measures and we recommend you do not measure over clothing. Also please hold the tape measure firmly and not loosely as the measurement needs to be fitted. Armoured shirts are designed to be fitted garments. If you measure in between sizes we recommend you select a size up. E.g if you measure 85cm bust, go to 87cm.<\/p>\n\t\n<\/div><div class=\"vc_row wpb_row vc_inner vc_row-fluid sizeguidehelpcolumn vc_row-o-content-middle vc_row-flex\"><div class=\"wpb_column vc_column_container vc_col-sm-6\"><div class=\"vc_column-inner\"><div class=\"wpb_wrapper\"><\/div><\/div><\/div><div class=\"wpb_column vc_column_container vc_col-sm-6\"><div class=\"vc_column-inner\"><div class=\"wpb_wrapper\"><\/div><\/div><\/div><\/div><div class=\"vc_row wpb_row vc_inner vc_row-fluid vc_row-o-content-middle vc_row-flex\"><div class=\"wpb_column vc_column_container vc_col-sm-12\"><div class=\"vc_column-inner\"><div class=\"wpb_wrapper\">\n\t<div class=\"wpb_raw_code wpb_raw_html wpb_content_element\" >\n\t\t<div class=\"wpb_wrapper\">\n\t\t\t<table class=\"knoxtable\" cellspacing=\"0\" cellpadding=\"0\" width=\"100%\">\n  <tr>\n    <th>Women's UK Sizes<\/th>\n    <th>International Size<\/th>\n    <th>Bust (inches)<\/th>\n    <th>Bust (cm)<\/th>\n    <th>Waist (inches)<\/th>\n    <th>Waist (cm)<\/th>\n    <th>Hip (inches)<\/th>\n    <th>Hip (cm)<\/th>\n  <\/tr>\n  <tr>\n    <td>8<\/td>\n    <td>XS<\/td>\n    <td>33<\/td>\n    <td>83<\/td>\n    <td>25<\/td>\n    <td>64<\/td>\n    <td>35.5<\/td>\n    <td>90<\/td>\n  <\/tr>\n  <tr>\n    <td>10<\/td>\n    <td>S<\/td>\n    <td>35<\/td>\n    <td>87<\/td>\n    <td>27<\/td>\n    <td>69<\/td>\n    <td>37.5<\/td>\n    <td>95<\/td>\n  <\/tr>\n  <tr>\n    <td>12<\/td>\n    <td>M<\/td>\n    <td>37<\/td>\n    <td>92<\/td>\n    <td>29<\/td>\n    <td>74<\/td>\n    <td>39.5<\/td>\n    <td>100<\/td>\n  <\/tr>\n  <tr>\n    <td>14<\/td>\n    <td>L<\/td>\n    <td>39<\/td>\n    <td>97<\/td>\n    <td>31<\/td>\n    <td>79<\/td>\n    <td>41.5<\/td>\n    <td>105<\/td>\n  <\/tr>\n  <tr>\n    <td>16<\/td>\n    <td>XL<\/td>\n    <td>41<\/td>\n    <td>102<\/td>\n    <td>33<\/td>\n    <td>84<\/td>\n    <td>43.5<\/td>\n    <td>110<\/td>\n  <\/tr>\n  <tr>\n    <td>18<\/td>\n    <td>2XL<\/td>\n    <td>43<\/td>\n    <td>107<\/td>\n    <td>35<\/td>\n    <td>89<\/td>\n    <td>45.5<\/td>\n    <td>115<\/td>\n  <\/tr>\n  <tr>\n    <td>20<\/td>\n    <td>3XL<\/td>\n    <td>45<\/td>\n    <td>112<\/td>\n    <td>37<\/td>\n    <td>94<\/td>\n    <td>47.5<\/td>\n    <td>120<\/td>\n  <\/tr>\n<\/table>\n\t\t<\/div>\n\t<\/div>\n<div class=\"vc_empty_space\"   style=\"height: 32px\"><span class=\"vc_empty_space_inner\"><\/span><\/div>\n\t<div class=\"wpb_raw_code wpb_raw_html wpb_content_element\" >\n\t\t<div class=\"wpb_wrapper\">\n\t\t\t<table class=\"knoxtable conversiontable\" cellspacing=\"0\" cellpadding=\"0\" width=\"100%\">\n  <tr>\n    <th>UK\/AU\/NZ<\/th>\n    <th>FR\/BE\/ES\/PT<\/th>\n    <th>DE\/AT\/NL\/SE\/DK\/CH\/NO<\/th>\n    <th>US<\/th>\n    <th>Japan<\/th>\n  <\/tr>\n  <tr>\n    <td>8<\/td>\n    <td>36<\/td>\n    <td>34<\/td>\n    <td>4<\/td>\n    <td>9<\/td>\n  <\/tr>\n  <tr>\n    <td>10<\/td>\n    <td>38<\/td>\n    <td>36<\/td>\n    <td>6<\/td>\n    <td>11<\/td>\n  <\/tr>\n  <tr>\n    <td>12<\/td>\n    <td>40<\/td>\n    <td>38<\/td>\n    <td>8<\/td>\n    <td>13<\/td>\n  <\/tr>\n  <tr>\n    <td>14<\/td>\n    <td>42<\/td>\n    <td>40<\/td>\n    <td>10<\/td>\n    <td>15<\/td>\n  <\/tr>\n  <tr>\n    <td>16<\/td>\n    <td>44<\/td>\n    <td>42<\/td>\n    <td>12<\/td>\n    <td>17<\/td>\n  <\/tr>\n  <tr>\n    <td>18<\/td>\n    <td>46<\/td>\n    <td>44<\/td>\n    <td>14<\/td>\n    <td>19<\/td>\n  <\/tr>\n  <tr>\n    <td>20<\/td>\n    <td>48<\/td>\n    <td>46<\/td>\n    <td>16<\/td>\n    <td>21<\/td>\n  <\/tr>\n<\/table>\n\t\t<\/div>\n\t<\/div>\n<\/div><\/div><\/div><\/div><div class=\"vc_empty_space\"   style=\"height: 64px\"><span class=\"vc_empty_space_inner\"><\/span><\/div><\/div><\/div><\/div><\/div>\n<\/div>","protected":false},"excerpt":{"rendered":"<p>Die Union Women's Steppjacke ist ein absolutes Muss. Ein allt\u00e4gliches Kleidungsst\u00fcck, das Sie sowohl auf dem Fahrrad als auch in der Freizeit tragen k\u00f6nnen. Hochwertiges, daunendichtes Material au\u00dfen und ein Innenfutter aus Thermolite Plus-Isolierung, das die Tr\u00e4gerin isoliert, wenn die Temperatur sinkt. Passt perfekt - eng genug, um den Fahrer warm zu halten und vor K\u00e4lte zu sch\u00fctzen, aber mit viel Bewegungsfreiheit. Elegant abgerundet durch hochwertige, weiche, elastische B\u00fcndchen, reflektierende Rei\u00dfverschl\u00fcsse und das neue weiche Silikon-Branding.<\/p>","protected":false},"featured_media":227702,"comment_status":"open","ping_status":"closed","template":"","meta":{"_acf_changed":false,"inline_featured_image":false},"product_brand":[],"product_cat":[2735,2744,608],"product_tag":[],"class_list":{"0":"post-213247","1":"product","2":"type-product","3":"status-publish","4":"has-post-thumbnail","6":"product_cat-2024-collection","7":"product_cat-shells","8":"product_cat-womens-motorcycle-jackets","9":"pa_colour-black","10":"pa_easproj_hs6p_received-2771","11":"pa_easproj_originating_country-cn","12":"pa_size-2xl","13":"pa_size-3xl","14":"pa_size-l","15":"pa_size-m","16":"pa_size-s","17":"pa_size-xl","18":"pa_size-xs","20":"first","21":"instock","22":"taxable","23":"shipping-taxable","24":"purchasable","25":"product-type-variable","26":"has-default-attributes"},"acf":[],"aioseo_notices":[],"gallery_images":[227706,227703,227705,227704,227707,227708,227709,227710,216111,227711,227712,227713,227714,227716,227715,227720,227717,227718,227719],"_links":{"self":[{"href":"https:\/\/www.planet-knox.com\/de\/wp-json\/wp\/v2\/product\/213247","targetHints":{"allow":["GET"]}}],"collection":[{"href":"https:\/\/www.planet-knox.com\/de\/wp-json\/wp\/v2\/product"}],"about":[{"href":"https:\/\/www.planet-knox.com\/de\/wp-json\/wp\/v2\/types\/product"}],"replies":[{"embeddable":true,"href":"https:\/\/www.planet-knox.com\/de\/wp-json\/wp\/v2\/comments?post=213247"}],"wp:featuredmedia":[{"embeddable":true,"href":"https:\/\/www.planet-knox.com\/de\/wp-json\/wp\/v2\/media\/227702"}],"wp:attachment":[{"href":"https:\/\/www.planet-knox.com\/de\/wp-json\/wp\/v2\/media?parent=213247"}],"wp:term":[{"taxonomy":"product_brand","embeddable":true,"href":"https:\/\/www.planet-knox.com\/de\/wp-json\/wp\/v2\/product_brand?post=213247"},{"taxonomy":"product_cat","embeddable":true,"href":"https:\/\/www.planet-knox.com\/de\/wp-json\/wp\/v2\/product_cat?post=213247"},{"taxonomy":"product_tag","embeddable":true,"href":"https:\/\/www.planet-knox.com\/de\/wp-json\/wp\/v2\/product_tag?post=213247"}],"curies":[{"name":"wp","href":"https:\/\/api.w.org\/{rel}","templated":true}]}}