{"id":193423,"date":"2023-02-01T10:58:26","date_gmt":"2023-02-01T10:58:26","guid":{"rendered":"https:\/\/www.planet-knox.com\/?post_type=product&#038;p=193423"},"modified":"2026-04-16T07:39:20","modified_gmt":"2026-04-16T07:39:20","slug":"action-pro-glove","status":"publish","type":"product","link":"https:\/\/www.planet-knox.com\/de\/produkt\/action-pro-glove\/","title":{"rendered":"Action Pro Handschuh"},"content":{"rendered":"<div class=\"wpb-content-wrapper\"><div class=\"vc_row wpb_row vc_row-fluid gradient-container-1\"><div class=\"gradient-column-1 wpb_column vc_column_container vc_col-sm-12\"><div class=\"vc_column-inner\"><div class=\"wpb_wrapper\"><div class=\"vc_empty_space\"   style=\"height: 32px\"><span class=\"vc_empty_space_inner\"><\/span><\/div><div class=\"norebro-heading-sc heading text-center\"\n\tid=\"norebro-custom-69e1f6770e180\" \n\t \n\t>\n\t\n\t\n\t\n\t<h3 class=\"title\">\n\t\tProduct Features\t<\/h3>\n\n\t\n\t\t\t<p class=\"subtitle\">\n\t\t\tNeed help? Use Live chat or email us at: <a href=\"mailto:sales@planet-knox.com\">sales@planet-knox.com<\/a>\t\t<\/p>\n\t\t\n<\/div><div class=\"vc_empty_space\"   style=\"height: 32px\"><span class=\"vc_empty_space_inner\"><\/span><\/div><div class=\"vc_separator wpb_content_element vc_separator_align_center vc_sep_width_100 vc_sep_pos_align_center vc_separator_no_text vc_sep_color_grey wpb_content_element  wpb_content_element\" ><span class=\"vc_sep_holder vc_sep_holder_l\"><span class=\"vc_sep_line\"><\/span><\/span><span class=\"vc_sep_holder vc_sep_holder_r\"><span class=\"vc_sep_line\"><\/span><\/span>\n<\/div><div class=\"vc_empty_space\"   style=\"height: 32px\"><span class=\"vc_empty_space_inner\"><\/span><\/div>\n\t\t\t\t<p class=\"rs-p-wp-fix\"><\/p>\n\t\t\t\t<sr7-module data-alias=\"done-action-pro-waterproof-glove-1\" data-id=\"1150\" id=\"SR7_1150_1\" class=\"rs-respect-topbar rs-ov-hidden\" data-version=\"6.7.51\">\n\t\t\t\t\t<sr7-adjuster><\/sr7-adjuster>\n\t\t\t\t\t<sr7-content>\n\t\t\t\t\t\t<sr7-slide id=\"SR7_1150_1-1177\" data-key=\"1177\">\n\t\t\t\t\t\t\t<sr7-txt id=\"SR7_1150_1-1177-1\" class=\"sr7-layer\">Sustainable Sorona\u00ae Agile fabric from Dupont<\/sr7-txt>\n\t\t\t\t\t\t\t<sr7-txt id=\"SR7_1150_1-1177-3\" class=\"sr7-layer\">Low profile Knox Scaphoid Protection System (SPS) <\/sr7-txt>\n\t\t\t\t\t\t\t<sr7-txt id=\"SR7_1150_1-1177-4\" class=\"sr7-layer\">Velcro wrist closure for easy and secure fitting<\/sr7-txt>\n\t\t\t\t\t\t\t<sr7-txt id=\"SR7_1150_1-1177-7\" class=\"sr7-layer\">Sustainable Sorona\u00ae Agile fabric from Dupont<\/sr7-txt>\n\t\t\t\t\t\t\t<sr7-txt id=\"SR7_1150_1-1177-14\" class=\"sr7-layer\">Low profile Knox Scaphoid Protection System (SPS)<\/sr7-txt>\n\t\t\t\t\t\t\t<sr7-txt id=\"SR7_1150_1-1177-16\" class=\"sr7-layer\"> raised silicone pattern on the palm for extra grip<\/sr7-txt>\n\t\t\t\t\t\t\t<sr7-txt id=\"SR7_1150_1-1177-19\" class=\"sr7-layer\">Velcro wrist closure for easy and secure fitting<\/sr7-txt>\n\t\t\t\t\t\t<\/sr7-slide>\n\t\t\t\t\t\t<sr7-slide id=\"SR7_1150_1-1179\" data-key=\"1179\">\n\t\t\t\t\t\t<\/sr7-slide>\n\t\t\t\t\t<\/sr7-content>\n\t\t\t\t\t<image_lists style=\"display:none\">\n\t\t\t\t\t\t<img data-src=\"\/\/www.planet-knox.com\/wp-content\/uploads\/2025\/01\/gloves_KNXActionProGlove_5.jpg\" data-libid=\"230690\" title=\"gloves_KNXActionProGlove_5\" width=\"0\" height=\"0\" data-dbsrc=\"Ly93d3cucGxhbmV0LWtub3guY29tL3dwLWNvbnRlbnQvdXBsb2Fkcy8yMDI1LzAxL2dsb3Zlc19LTlhBY3Rpb25Qcm9HbG92ZV81LmpwZw==\"\/>\n\t\t\t\t\t\t<img data-src=\"\/\/www.planet-knox.com\/wp-content\/uploads\/2025\/01\/gloves_KNXActionProGlove_1.jpg\" data-libid=\"230695\" title=\"gloves_KNXActionProGlove_1\" width=\"0\" height=\"0\" data-dbsrc=\"Ly93d3cucGxhbmV0LWtub3guY29tL3dwLWNvbnRlbnQvdXBsb2Fkcy8yMDI1LzAxL2dsb3Zlc19LTlhBY3Rpb25Qcm9HbG92ZV8xLmpwZw==\"\/>\n\t\t\t\t\t\t<img data-src=\"\/\/www.planet-knox.com\/wp-content\/uploads\/2025\/01\/gloves_KNXActionProGlove_4.jpg\" data-libid=\"230697\" title=\"gloves_KNXActionProGlove_4\" width=\"0\" height=\"0\" data-dbsrc=\"Ly93d3cucGxhbmV0LWtub3guY29tL3dwLWNvbnRlbnQvdXBsb2Fkcy8yMDI1LzAxL2dsb3Zlc19LTlhBY3Rpb25Qcm9HbG92ZV80LmpwZw==\"\/>\n\t\t\t\t\t\t<img data-src=\"\/\/www.planet-knox.com\/wp-content\/uploads\/2025\/01\/gloves_KNXActionProGlove_6.jpg\" data-libid=\"230693\" title=\"gloves_KNXActionProGlove_6\" width=\"0\" height=\"0\" data-dbsrc=\"Ly93d3cucGxhbmV0LWtub3guY29tL3dwLWNvbnRlbnQvdXBsb2Fkcy8yMDI1LzAxL2dsb3Zlc19LTlhBY3Rpb25Qcm9HbG92ZV82LmpwZw==\"\/>\n\t\t\t\t\t\t<img data-src=\"\/\/www.planet-knox.com\/wp-content\/uploads\/2025\/01\/gloves_KNXActionProGlove_2.jpg\" data-libid=\"230694\" title=\"gloves_KNXActionProGlove_2\" width=\"0\" height=\"0\" data-dbsrc=\"Ly93d3cucGxhbmV0LWtub3guY29tL3dwLWNvbnRlbnQvdXBsb2Fkcy8yMDI1LzAxL2dsb3Zlc19LTlhBY3Rpb25Qcm9HbG92ZV8yLmpwZw==\"\/>\n\t\t\t\t\t\t<img data-src=\"\/\/www.planet-knox.com\/wp-content\/uploads\/2025\/01\/jeans_KNXColtonWomenBlue_7-1.jpg\" data-libid=\"229837\" title=\"jeans_KNXColtonWomenBlue_7\" width=\"0\" height=\"0\" data-dbsrc=\"Ly93d3cucGxhbmV0LWtub3guY29tL3dwLWNvbnRlbnQvdXBsb2Fkcy8yMDI1LzAxL2plYW5zX0tOWENvbHRvbldvbWVuQmx1ZV83LTEuanBn\"\/>\n\t\t\t\t\t\t<img data-src=\"\/\/www.planet-knox.com\/wp-content\/uploads\/2025\/01\/jeans_KNXColtonWomenBlueShort_5.jpg\" data-libid=\"229585\" title=\"jeans_KNXColtonWomenBlueShort_5\" width=\"0\" height=\"0\" data-dbsrc=\"Ly93d3cucGxhbmV0LWtub3guY29tL3dwLWNvbnRlbnQvdXBsb2Fkcy8yMDI1LzAxL2plYW5zX0tOWENvbHRvbldvbWVuQmx1ZVNob3J0XzUuanBn\"\/>\n\t\t\t\t\t\t<img data-src=\"\/\/www.planet-knox.com\/wp-content\/uploads\/2025\/01\/jeans_KNXColtonWomenBlue_2-1.jpg\" data-libid=\"229844\" title=\"jeans_KNXColtonWomenBlue_2\" width=\"0\" height=\"0\" data-dbsrc=\"Ly93d3cucGxhbmV0LWtub3guY29tL3dwLWNvbnRlbnQvdXBsb2Fkcy8yMDI1LzAxL2plYW5zX0tOWENvbHRvbldvbWVuQmx1ZV8yLTEuanBn\"\/>\n\t\t\t\t\t<\/image_lists>\n\t\t\t\t<\/sr7-module>\n\t\t\t\t<script>\n\t\t\t\t\twindow.SR7 ??={};SR7.PMH ??={}; SR7.PMH[\"SR7_1150_1\"] = {cn:100,state:false,fn: function() { if (window._tpt!==undefined && window._tpt.prepareModuleHeight !== undefined) {  _tpt.prepareModuleHeight({id:\"SR7_1150_1\",el:[900,900,900,900,480],type:'standard',shdw:'0',gh:[900,900,900,900,480],gw:[1920,1920,1920,1920,480],vpt:['-200px&#039;,&#039;-200px&#039;,&#039;-200px&#039;,&#039;-200px&#039;,&#039;-200px'],size:{fullWidth:false, fullHeight:false},mh:'0',onh:0,onw:0,bg:{color:'{\"orig\":\"transparent\",\"type\":\"solid\",\"string\":\"transparent\"}'}});   SR7.PMH[\"SR7_1150_1\"].state=true;} else if(SR7.PMH[\"SR7_1150_1\"].cn-->0)\tsetTimeout( SR7.PMH[\"SR7_1150_1\"].fn,19);}};SR7.PMH[\"SR7_1150_1\" ].fn();\n\t\t\t\t<\/script>\n<div class=\"vc_empty_space\"   style=\"height: 64px\"><span class=\"vc_empty_space_inner\"><\/span><\/div><\/div><\/div><\/div><\/div><div class=\"vc_row wpb_row vc_row-fluid gradient-container-2 vc_custom_1706180503284\"><div class=\"gradient-column-2 wpb_column vc_column_container vc_col-sm-12\"><div class=\"vc_column-inner\"><div class=\"wpb_wrapper\"><div class=\"vc_empty_space\"   style=\"height: 32px\"><span class=\"vc_empty_space_inner\"><\/span><\/div><div class=\"norebro-heading-sc heading text-center\"\n\tid=\"norebro-custom-69e1f6771aae4\" \n\t \n\t>\n\t\n\t\n\t\n\t<h3 class=\"title\">\n\t\tLifestyle Gallery\t<\/h3>\n\n\t\n\t\t\t<p class=\"subtitle\">\n\t\t\t\t\t<\/p>\n\t\t\n<\/div><div class=\"vc_empty_space\"   style=\"height: 32px\"><span class=\"vc_empty_space_inner\"><\/span><\/div><div class=\"vc_separator wpb_content_element vc_separator_align_center vc_sep_width_100 vc_sep_pos_align_center vc_separator_no_text vc_sep_color_grey wpb_content_element  wpb_content_element\" ><span class=\"vc_sep_holder vc_sep_holder_l\"><span class=\"vc_sep_line\"><\/span><\/span><span class=\"vc_sep_holder vc_sep_holder_r\"><span class=\"vc_sep_line\"><\/span><\/span>\n<\/div><div class=\"vc_empty_space\"   style=\"height: 32px\"><span class=\"vc_empty_space_inner\"><\/span><\/div><div class=\"norebro-gallery-sc gallery-wrap\"\n\tid=\"norebro-custom-images-69e1f6771dc38\"\n\tdata-gallery=\"norebro-custom-69e1f6771dc33\"\n\t\t>\n\n\t\n\t<div class=\"vc_row\" data-lazy-container=\"gallery\">\n\n\t\t\t<div class=\" vc_col-lg-3 vc_col-md-3 vc_col-sm-6 vc_col-xs-12 metro-style masonry-block grid-item gallery-image\" data-gallery-item=\"0\" data-lazy-item=\"\" data-lazy-scope=\"gallery\">\n\t\t<div class=\"wrap\">\n\t\t\t\t\t\t\t<div class=\"tmp-image metro-image\" data-norebro-bg-image=\"https:\/\/www.planet-knox.com\/wp-content\/uploads\/2023\/02\/KNXActionProGlove_6-2.jpg\"><\/div>\n\t\t\t\t<img decoding=\"async\" class=\"gimg metro-image-hidden\" src=\"https:\/\/www.planet-knox.com\/wp-content\/uploads\/2023\/02\/KNXActionProGlove_6-2.jpg\" alt=\"\">\n\t\t\t\t\t\t<div class=\"overlay hidden\">\n\t\t\t\t<div class=\"content-center text-center\">\n\t\t\t\t\t<div class=\"wrap\">\n\t\t\t\t\t\t<h4 class=\"inline\">\n\t\t\t\t\t\t\t\t\t\t\t\t\tView Fullscreen\t\t\t\t\t\t\t\t\t\t\t\t<\/h4>\n\t\t\t\t\t\t<div class=\"icon inline ion-ios-plus-empty\"><\/div>\n\t\t\t\t\t<\/div>\n\t\t\t\t<\/div>\n\t\t\t<\/div>\n\t\t\t<div class=\"gallery-description\">\n\t\t\t\t<h3 class=\"title\">KNXActionProGlove_6<\/h3>\n\t\t\t\t<p class=\"subtitle small\">\n\t\t\t\t\t\t\t\t\t<\/p>\n\t\t\t<\/div>\n\t\t<\/div>\n\t<\/div>\n\t\t\t<div class=\" vc_col-lg-3 vc_col-md-3 vc_col-sm-6 vc_col-xs-12 metro-style masonry-block grid-item gallery-image\" data-gallery-item=\"1\" data-lazy-item=\"\" data-lazy-scope=\"gallery\">\n\t\t<div class=\"wrap\">\n\t\t\t\t\t\t\t<div class=\"tmp-image metro-image\" data-norebro-bg-image=\"https:\/\/www.planet-knox.com\/wp-content\/uploads\/2023\/02\/KNXActionProGlove_5-1.jpg\"><\/div>\n\t\t\t\t<img decoding=\"async\" class=\"gimg metro-image-hidden\" src=\"https:\/\/www.planet-knox.com\/wp-content\/uploads\/2023\/02\/KNXActionProGlove_5-1.jpg\" alt=\"\">\n\t\t\t\t\t\t<div class=\"overlay hidden\">\n\t\t\t\t<div class=\"content-center text-center\">\n\t\t\t\t\t<div class=\"wrap\">\n\t\t\t\t\t\t<h4 class=\"inline\">\n\t\t\t\t\t\t\t\t\t\t\t\t\tView Fullscreen\t\t\t\t\t\t\t\t\t\t\t\t<\/h4>\n\t\t\t\t\t\t<div class=\"icon inline ion-ios-plus-empty\"><\/div>\n\t\t\t\t\t<\/div>\n\t\t\t\t<\/div>\n\t\t\t<\/div>\n\t\t\t<div class=\"gallery-description\">\n\t\t\t\t<h3 class=\"title\">KNXActionProGlove_5<\/h3>\n\t\t\t\t<p class=\"subtitle small\">\n\t\t\t\t\t\t\t\t\t<\/p>\n\t\t\t<\/div>\n\t\t<\/div>\n\t<\/div>\n\t\t\t<div class=\" vc_col-lg-3 vc_col-md-3 vc_col-sm-6 vc_col-xs-12 metro-style masonry-block grid-item gallery-image\" data-gallery-item=\"2\" data-lazy-item=\"\" data-lazy-scope=\"gallery\">\n\t\t<div class=\"wrap\">\n\t\t\t\t\t\t\t<div class=\"tmp-image metro-image\" data-norebro-bg-image=\"https:\/\/www.planet-knox.com\/wp-content\/uploads\/2023\/02\/KNXActionProGlove_4-1.jpg\"><\/div>\n\t\t\t\t<img decoding=\"async\" class=\"gimg metro-image-hidden\" src=\"https:\/\/www.planet-knox.com\/wp-content\/uploads\/2023\/02\/KNXActionProGlove_4-1.jpg\" alt=\"\">\n\t\t\t\t\t\t<div class=\"overlay hidden\">\n\t\t\t\t<div class=\"content-center text-center\">\n\t\t\t\t\t<div class=\"wrap\">\n\t\t\t\t\t\t<h4 class=\"inline\">\n\t\t\t\t\t\t\t\t\t\t\t\t\tView Fullscreen\t\t\t\t\t\t\t\t\t\t\t\t<\/h4>\n\t\t\t\t\t\t<div class=\"icon inline ion-ios-plus-empty\"><\/div>\n\t\t\t\t\t<\/div>\n\t\t\t\t<\/div>\n\t\t\t<\/div>\n\t\t\t<div class=\"gallery-description\">\n\t\t\t\t<h3 class=\"title\">KNXActionProGlove_4<\/h3>\n\t\t\t\t<p class=\"subtitle small\">\n\t\t\t\t\t\t\t\t\t<\/p>\n\t\t\t<\/div>\n\t\t<\/div>\n\t<\/div>\n\t\t\t<div class=\" vc_col-lg-3 vc_col-md-3 vc_col-sm-6 vc_col-xs-12 metro-style masonry-block grid-item gallery-image\" data-gallery-item=\"3\" data-lazy-item=\"\" data-lazy-scope=\"gallery\">\n\t\t<div class=\"wrap\">\n\t\t\t\t\t\t\t<div class=\"tmp-image metro-image\" data-norebro-bg-image=\"https:\/\/www.planet-knox.com\/wp-content\/uploads\/2023\/02\/KNXActionProGlove_1-1.jpg\"><\/div>\n\t\t\t\t<img decoding=\"async\" class=\"gimg metro-image-hidden\" src=\"https:\/\/www.planet-knox.com\/wp-content\/uploads\/2023\/02\/KNXActionProGlove_1-1.jpg\" alt=\"\">\n\t\t\t\t\t\t<div class=\"overlay hidden\">\n\t\t\t\t<div class=\"content-center text-center\">\n\t\t\t\t\t<div class=\"wrap\">\n\t\t\t\t\t\t<h4 class=\"inline\">\n\t\t\t\t\t\t\t\t\t\t\t\t\tView Fullscreen\t\t\t\t\t\t\t\t\t\t\t\t<\/h4>\n\t\t\t\t\t\t<div class=\"icon inline ion-ios-plus-empty\"><\/div>\n\t\t\t\t\t<\/div>\n\t\t\t\t<\/div>\n\t\t\t<\/div>\n\t\t\t<div class=\"gallery-description\">\n\t\t\t\t<h3 class=\"title\">KNXActionProGlove_1<\/h3>\n\t\t\t\t<p class=\"subtitle small\">\n\t\t\t\t\t\t\t\t\t<\/p>\n\t\t\t<\/div>\n\t\t<\/div>\n\t<\/div>\n\t\t\t<div class=\" vc_col-lg-3 vc_col-md-3 vc_col-sm-6 vc_col-xs-12 metro-style masonry-block grid-item gallery-image\" data-gallery-item=\"4\" data-lazy-item=\"\" data-lazy-scope=\"gallery\">\n\t\t<div class=\"wrap\">\n\t\t\t\t\t\t\t<div class=\"tmp-image metro-image\" data-norebro-bg-image=\"https:\/\/www.planet-knox.com\/wp-content\/uploads\/2023\/02\/KNXActionProGlove_3-1.jpg\"><\/div>\n\t\t\t\t<img decoding=\"async\" class=\"gimg metro-image-hidden\" src=\"https:\/\/www.planet-knox.com\/wp-content\/uploads\/2023\/02\/KNXActionProGlove_3-1.jpg\" alt=\"\">\n\t\t\t\t\t\t<div class=\"overlay hidden\">\n\t\t\t\t<div class=\"content-center text-center\">\n\t\t\t\t\t<div class=\"wrap\">\n\t\t\t\t\t\t<h4 class=\"inline\">\n\t\t\t\t\t\t\t\t\t\t\t\t\tView Fullscreen\t\t\t\t\t\t\t\t\t\t\t\t<\/h4>\n\t\t\t\t\t\t<div class=\"icon inline ion-ios-plus-empty\"><\/div>\n\t\t\t\t\t<\/div>\n\t\t\t\t<\/div>\n\t\t\t<\/div>\n\t\t\t<div class=\"gallery-description\">\n\t\t\t\t<h3 class=\"title\">KNXActionProGlove_3<\/h3>\n\t\t\t\t<p class=\"subtitle small\">\n\t\t\t\t\t\t\t\t\t<\/p>\n\t\t\t<\/div>\n\t\t<\/div>\n\t<\/div>\n\t\t\t<div class=\" vc_col-lg-3 vc_col-md-3 vc_col-sm-6 vc_col-xs-12 metro-style masonry-block grid-item gallery-image\" data-gallery-item=\"5\" data-lazy-item=\"\" data-lazy-scope=\"gallery\">\n\t\t<div class=\"wrap\">\n\t\t\t\t\t\t\t<div class=\"tmp-image metro-image\" data-norebro-bg-image=\"https:\/\/www.planet-knox.com\/wp-content\/uploads\/2023\/02\/KNXActionProGlove_8-2.jpg\"><\/div>\n\t\t\t\t<img decoding=\"async\" class=\"gimg metro-image-hidden\" src=\"https:\/\/www.planet-knox.com\/wp-content\/uploads\/2023\/02\/KNXActionProGlove_8-2.jpg\" alt=\"\">\n\t\t\t\t\t\t<div class=\"overlay hidden\">\n\t\t\t\t<div class=\"content-center text-center\">\n\t\t\t\t\t<div class=\"wrap\">\n\t\t\t\t\t\t<h4 class=\"inline\">\n\t\t\t\t\t\t\t\t\t\t\t\t\tView Fullscreen\t\t\t\t\t\t\t\t\t\t\t\t<\/h4>\n\t\t\t\t\t\t<div class=\"icon inline ion-ios-plus-empty\"><\/div>\n\t\t\t\t\t<\/div>\n\t\t\t\t<\/div>\n\t\t\t<\/div>\n\t\t\t<div class=\"gallery-description\">\n\t\t\t\t<h3 class=\"title\">KNXActionProGlove_8<\/h3>\n\t\t\t\t<p class=\"subtitle small\">\n\t\t\t\t\t\t\t\t\t<\/p>\n\t\t\t<\/div>\n\t\t<\/div>\n\t<\/div>\n\t\t\t<div class=\" vc_col-lg-3 vc_col-md-3 vc_col-sm-6 vc_col-xs-12 metro-style masonry-block grid-item gallery-image\" data-gallery-item=\"6\" data-lazy-item=\"\" data-lazy-scope=\"gallery\">\n\t\t<div class=\"wrap\">\n\t\t\t\t\t\t\t<div class=\"tmp-image metro-image\" data-norebro-bg-image=\"https:\/\/www.planet-knox.com\/wp-content\/uploads\/2023\/02\/KNXActionProGlove_10.jpg\"><\/div>\n\t\t\t\t<img decoding=\"async\" class=\"gimg metro-image-hidden\" src=\"https:\/\/www.planet-knox.com\/wp-content\/uploads\/2023\/02\/KNXActionProGlove_10.jpg\" alt=\"\">\n\t\t\t\t\t\t<div class=\"overlay hidden\">\n\t\t\t\t<div class=\"content-center text-center\">\n\t\t\t\t\t<div class=\"wrap\">\n\t\t\t\t\t\t<h4 class=\"inline\">\n\t\t\t\t\t\t\t\t\t\t\t\t\tView Fullscreen\t\t\t\t\t\t\t\t\t\t\t\t<\/h4>\n\t\t\t\t\t\t<div class=\"icon inline ion-ios-plus-empty\"><\/div>\n\t\t\t\t\t<\/div>\n\t\t\t\t<\/div>\n\t\t\t<\/div>\n\t\t\t<div class=\"gallery-description\">\n\t\t\t\t<h3 class=\"title\">KNXActionProGlove_10<\/h3>\n\t\t\t\t<p class=\"subtitle small\">\n\t\t\t\t\t\t\t\t\t<\/p>\n\t\t\t<\/div>\n\t\t<\/div>\n\t<\/div>\n\t\t\t<div class=\" vc_col-lg-3 vc_col-md-3 vc_col-sm-6 vc_col-xs-12 metro-style masonry-block grid-item gallery-image\" data-gallery-item=\"7\" data-lazy-item=\"\" data-lazy-scope=\"gallery\">\n\t\t<div class=\"wrap\">\n\t\t\t\t\t\t\t<div class=\"tmp-image metro-image\" data-norebro-bg-image=\"https:\/\/www.planet-knox.com\/wp-content\/uploads\/2023\/02\/KNXActionProGlove_7-2.jpg\"><\/div>\n\t\t\t\t<img decoding=\"async\" class=\"gimg metro-image-hidden\" src=\"https:\/\/www.planet-knox.com\/wp-content\/uploads\/2023\/02\/KNXActionProGlove_7-2.jpg\" alt=\"\">\n\t\t\t\t\t\t<div class=\"overlay hidden\">\n\t\t\t\t<div class=\"content-center text-center\">\n\t\t\t\t\t<div class=\"wrap\">\n\t\t\t\t\t\t<h4 class=\"inline\">\n\t\t\t\t\t\t\t\t\t\t\t\t\tView Fullscreen\t\t\t\t\t\t\t\t\t\t\t\t<\/h4>\n\t\t\t\t\t\t<div class=\"icon inline ion-ios-plus-empty\"><\/div>\n\t\t\t\t\t<\/div>\n\t\t\t\t<\/div>\n\t\t\t<\/div>\n\t\t\t<div class=\"gallery-description\">\n\t\t\t\t<h3 class=\"title\">KNXActionProGlove_7<\/h3>\n\t\t\t\t<p class=\"subtitle small\">\n\t\t\t\t\t\t\t\t\t<\/p>\n\t\t\t<\/div>\n\t\t<\/div>\n\t<\/div>\n\t\t<div class=\"clear\"><\/div>\n\n\t<\/div>\n\n\t\n<\/div>\n\n<div class=\"norebro-gallery-opened-sc custom-gallery\"\n\tid=\"norebro-custom-69e1f6771dc33\"\n\tdata-options='{\"navClass\":\"\"}'>\n\n\t<div class=\"expand\">\n\t\t<span class=\"ion-android-expand\"><\/span>\n\t<\/div>\n\t<div class=\"close\">\n\t\t<span class=\"ion-ios-close-empty\"><\/span>\n\t<\/div>\n\n<\/div>\n<div class=\"vc_empty_space\"   style=\"height: 32px\"><span class=\"vc_empty_space_inner\"><\/span><\/div><\/div><\/div><\/div><\/div><div id=\"sizeguide\" class=\"vc_row wpb_row vc_row-fluid gradient-container-3\"><div class=\"gradient-column-3 wpb_column vc_column_container vc_col-sm-12\"><div class=\"vc_column-inner\"><div class=\"wpb_wrapper\"><div class=\"vc_empty_space\"   style=\"height: 32px\"><span class=\"vc_empty_space_inner\"><\/span><\/div><div class=\"norebro-heading-sc heading text-center\"\n\tid=\"norebro-custom-69e1f6771e92a\" \n\t \n\t>\n\t\n\t\n\t\n\t<h3 class=\"title\">\n\t\tSize Guide\t<\/h3>\n\n\t\n\t\t\t<p class=\"subtitle\">\n\t\t\tNeed help? Use Live chat or email us at: <a href=\"mailto:sales@planet-knox.com\">sales@planet-knox.com<\/a>\t\t<\/p>\n\t\t\n<\/div><div class=\"vc_empty_space\"   style=\"height: 32px\"><span class=\"vc_empty_space_inner\"><\/span><\/div><div class=\"vc_separator wpb_content_element vc_separator_align_center vc_sep_width_100 vc_sep_pos_align_center vc_separator_no_text vc_sep_color_grey wpb_content_element  wpb_content_element\" ><span class=\"vc_sep_holder vc_sep_holder_l\"><span class=\"vc_sep_line\"><\/span><\/span><span class=\"vc_sep_holder vc_sep_holder_r\"><span class=\"vc_sep_line\"><\/span><\/span>\n<\/div><div class=\"vc_empty_space\"   style=\"height: 32px\"><span class=\"vc_empty_space_inner\"><\/span><\/div>\n\t<div  class=\"wpb_single_image wpb_content_element vc_align_center wpb_content_element\">\n\t\t\n\t\t<figure class=\"wpb_wrapper vc_figure\">\n\t\t\t<div class=\"vc_single_image-wrapper   vc_box_border_grey\"><img decoding=\"async\" width=\"400\" height=\"293\" src=\"https:\/\/www.planet-knox.com\/wp-content\/uploads\/2018\/09\/mens-gloves.png\" class=\"vc_single_image-img attachment-full\" alt=\"\" title=\"mens-gloves\" srcset=\"https:\/\/www.planet-knox.com\/wp-content\/uploads\/2018\/09\/mens-gloves.png 400w, https:\/\/www.planet-knox.com\/wp-content\/uploads\/2018\/09\/mens-gloves-16x12.png 16w\" sizes=\"(max-width: 400px) 100vw, 400px\" \/><\/div>\n\t\t<\/figure>\n\t<\/div>\n<div class=\"norebro-text-sc \" \n\tid=\"norebro-custom-69e1f6771f672\" \n\t \n\t>\n\n\t<p style=\"text-align: center;\"><strong>Palm Circumference (A):<\/strong> Palm circumference is the total measurement around the widest part of the palm and over the knuckles. Put the tape around your palm and make a fist, then note the measurement.<\/p>\n<p style=\"text-align: center;\"><strong>Hand Length (B):<\/strong> Measure from your wrist crease to the end of your middle finger.<\/p>\n<p style=\"text-align: center;\">Measure your hand length and width and choose size the closest to your measurements. This should fit your hand correctly. If your hand fits one measure but not the 2nd, or if you prefer a looser fit, we would advise choosing the next size up.<\/p>\n\t\n<\/div><div class=\"vc_row wpb_row vc_inner vc_row-fluid sizeguidehelpcolumn vc_row-o-content-middle vc_row-flex\"><div class=\"wpb_column vc_column_container vc_col-sm-6\"><div class=\"vc_column-inner\"><div class=\"wpb_wrapper\"><\/div><\/div><\/div><div class=\"wpb_column vc_column_container vc_col-sm-6\"><div class=\"vc_column-inner\"><div class=\"wpb_wrapper\"><\/div><\/div><\/div><\/div><div class=\"vc_row wpb_row vc_inner vc_row-fluid vc_row-o-content-middle vc_row-flex\"><div class=\"wpb_column vc_column_container vc_col-sm-12\"><div class=\"vc_column-inner\"><div class=\"wpb_wrapper\">\n\t<div class=\"wpb_raw_code wpb_raw_html wpb_content_element\" >\n\t\t<div class=\"wpb_wrapper\">\n\t\t\t<table class=\"knoxtable\" cellspacing=\"0\" cellpadding=\"0\" width=\"100%\">\n  <tr>\n    <th>Men's Hand Size<\/th>\n    <th>S<\/th>\n    <th>M<\/th>\n    <th>L<\/th>\n    <th>XL<\/th>\n    <th>XXL<\/th>\n    <th>XXXL<\/th>\n  <\/tr>\n  <tr>\n    <td>Palm Circumference (mm)<\/td>\n    <td>215<\/td>\n    <td>230<\/td>\n    <td>245<\/td>\n    <td>260<\/td>\n    <td>275<\/td>\n    <td>290<\/td>\n  <\/tr>\n  <tr>\n    <td>Hand Length (mm)<\/td>\n    <td>186<\/td>\n    <td>193<\/td>\n    <td>200<\/td>\n    <td>207<\/td>\n    <td>214<\/td>\n    <td>221<\/td>\n  <\/tr>\n<\/table>\n\t\t<\/div>\n\t<\/div>\n<\/div><\/div><\/div><\/div><div class=\"vc_empty_space\"   style=\"height: 64px\"><span class=\"vc_empty_space_inner\"><\/span><\/div><\/div><\/div><\/div><\/div>\n<\/div>","protected":false},"excerpt":{"rendered":"<p>Der neue Action Pro Handschuh wurde als Erg\u00e4nzung zur Action Pro Kollektion entwickelt, die f\u00fcr das Fahren auf der Stra\u00dfe, im Gel\u00e4nde und f\u00fcr E-Bike-Fahrer konzipiert wurde.<\/p>\n<p>Eine einfache, weiche und stilvolle, stark dehnbare kurze Stulpe, die unglaublich bequem ist.  Ein lederfreier Textilhandschuh ohne das Gewicht eines Motorradhandschuhs und mit erh\u00f6hter Flexibilit\u00e4t und Atmungsaktivit\u00e4t.<\/p>","protected":false},"featured_media":227234,"comment_status":"open","ping_status":"closed","template":"","meta":{"_acf_changed":false,"inline_featured_image":false},"product_brand":[],"product_cat":[2687,631,779,512,575,618,617],"product_tag":[],"class_list":{"0":"post-193423","1":"product","2":"type-product","3":"status-publish","4":"has-post-thumbnail","6":"product_cat-all-products","7":"product_cat-gloves","8":"product_cat-mens-non-waterproof-gloves","9":"product_cat-mens-motorcycle-gloves","10":"product_cat-mens-urban-gloves","11":"product_cat-womens-motorcycle-gloves","12":"product_cat-womens-urban-gloves","13":"pa_easproj_hs6p_received-2778","14":"pa_easproj_originating_country-pk","15":"pa_size-2xl","16":"pa_size-l","17":"pa_size-m","18":"pa_size-s","19":"pa_size-xl","20":"pa_size-xs","22":"first","23":"onbackorder","24":"taxable","25":"shipping-taxable","26":"purchasable","27":"product-type-variable","28":"has-default-attributes"},"acf":[],"aioseo_notices":[],"gallery_images":[227239,227240,227237,227241,227235,227236,227238,227242,227243,227244,227253,227245,227246,227247,227248,227249,227250,227251,227252],"_links":{"self":[{"href":"https:\/\/www.planet-knox.com\/de\/wp-json\/wp\/v2\/product\/193423","targetHints":{"allow":["GET"]}}],"collection":[{"href":"https:\/\/www.planet-knox.com\/de\/wp-json\/wp\/v2\/product"}],"about":[{"href":"https:\/\/www.planet-knox.com\/de\/wp-json\/wp\/v2\/types\/product"}],"replies":[{"embeddable":true,"href":"https:\/\/www.planet-knox.com\/de\/wp-json\/wp\/v2\/comments?post=193423"}],"wp:featuredmedia":[{"embeddable":true,"href":"https:\/\/www.planet-knox.com\/de\/wp-json\/wp\/v2\/media\/227234"}],"wp:attachment":[{"href":"https:\/\/www.planet-knox.com\/de\/wp-json\/wp\/v2\/media?parent=193423"}],"wp:term":[{"taxonomy":"product_brand","embeddable":true,"href":"https:\/\/www.planet-knox.com\/de\/wp-json\/wp\/v2\/product_brand?post=193423"},{"taxonomy":"product_cat","embeddable":true,"href":"https:\/\/www.planet-knox.com\/de\/wp-json\/wp\/v2\/product_cat?post=193423"},{"taxonomy":"product_tag","embeddable":true,"href":"https:\/\/www.planet-knox.com\/de\/wp-json\/wp\/v2\/product_tag?post=193423"}],"curies":[{"name":"wp","href":"https:\/\/api.w.org\/{rel}","templated":true}]}}