{"id":167343,"date":"2022-01-11T17:27:12","date_gmt":"2022-01-11T17:27:12","guid":{"rendered":"https:\/\/www.planet-knox.com\/?post_type=product&#038;p=167343"},"modified":"2026-04-12T13:39:49","modified_gmt":"2026-04-12T13:39:49","slug":"action-pro-shorts-unisex","status":"publish","type":"product","link":"https:\/\/www.planet-knox.com\/de\/produkt\/action-pro-shorts-unisex\/","title":{"rendered":"Action Pro Shorts - Unisex"},"content":{"rendered":"<div class=\"wpb-content-wrapper\"><div id=\"gallery\" class=\"vc_row wpb_row vc_row-fluid gradient-container-1 vc_custom_1706180503284\"><div class=\"gradient-column-1 wpb_column vc_column_container vc_col-sm-12\"><div class=\"vc_column-inner\"><div class=\"wpb_wrapper\"><div class=\"vc_empty_space\"   style=\"height: 32px\"><span class=\"vc_empty_space_inner\"><\/span><\/div><div class=\"norebro-heading-sc heading text-center\"\n\tid=\"norebro-custom-69e28a846802f\" \n\t \n\t>\n\t\n\t\n\t\n\t<h3 class=\"title\">\n\t\tWerbevideo\t<\/h3>\n\n\t\n\t\t\t<p class=\"subtitle\">\n\t\t\t\t\t<\/p>\n\t\t\n<\/div><div class=\"vc_empty_space\"   style=\"height: 32px\"><span class=\"vc_empty_space_inner\"><\/span><\/div><div class=\"vc_separator wpb_content_element vc_separator_align_center vc_sep_width_100 vc_sep_pos_align_center vc_separator_no_text vc_sep_color_grey wpb_content_element  wpb_content_element\" ><span class=\"vc_sep_holder vc_sep_holder_l\"><span class=\"vc_sep_line\"><\/span><\/span><span class=\"vc_sep_holder vc_sep_holder_r\"><span class=\"vc_sep_line\"><\/span><\/span>\n<\/div><div class=\"vc_empty_space\"   style=\"height: 32px\"><span class=\"vc_empty_space_inner\"><\/span><\/div>\n\t<div class=\"wpb_raw_code wpb_raw_html wpb_content_element\" >\n\t\t<div class=\"wpb_wrapper\">\n\t\t\t<style>.embed-container { position: relative; padding-bottom: 56.25%; height: 0; overflow: hidden; max-width: 100%; } .embed-container iframe, .embed-container object, .embed-container embed { position: absolute; top: 0; left: 0; width: 100%; height: 100%; }<\/style><div class='embed-container'><iframe src='https:\/\/www.youtube.com\/embed\/7MbCrLHWZIE' frameborder='0' allowfullscreen><\/iframe><\/div>\n\t\t<\/div>\n\t<\/div>\n<div class=\"vc_empty_space\"   style=\"height: 32px\"><span class=\"vc_empty_space_inner\"><\/span><\/div><\/div><\/div><\/div><\/div><div class=\"vc_row wpb_row vc_row-fluid gradient-container-2 vc_custom_1706180503284\"><div class=\"gradient-column-2 wpb_column vc_column_container vc_col-sm-12\"><div class=\"vc_column-inner\"><div class=\"wpb_wrapper\"><div class=\"vc_empty_space\"   style=\"height: 32px\"><span class=\"vc_empty_space_inner\"><\/span><\/div><div class=\"norebro-heading-sc heading text-center\"\n\tid=\"norebro-custom-69e28a8468e7e\" \n\t \n\t>\n\t\n\t\n\t\n\t<h3 class=\"title\">\n\t\tLifestyle-Galerie\t<\/h3>\n\n\t\n\t\t\t<p class=\"subtitle\">\n\t\t\t\t\t<\/p>\n\t\t\n<\/div><div class=\"vc_empty_space\"   style=\"height: 32px\"><span class=\"vc_empty_space_inner\"><\/span><\/div><div class=\"vc_separator wpb_content_element vc_separator_align_center vc_sep_width_100 vc_sep_pos_align_center vc_separator_no_text vc_sep_color_grey wpb_content_element  wpb_content_element\" ><span class=\"vc_sep_holder vc_sep_holder_l\"><span class=\"vc_sep_line\"><\/span><\/span><span class=\"vc_sep_holder vc_sep_holder_r\"><span class=\"vc_sep_line\"><\/span><\/span>\n<\/div><div class=\"vc_empty_space\"   style=\"height: 32px\"><span class=\"vc_empty_space_inner\"><\/span><\/div><div class=\"norebro-gallery-sc gallery-wrap\"\n\tid=\"norebro-custom-images-69e28a846b64e\"\n\tdata-gallery=\"norebro-custom-69e28a846b64d\"\n\t\t>\n\n\t\n\t<div class=\"vc_row\" data-lazy-container=\"gallery\">\n\n\t\t\t<div class=\"vc_col-lg-3 vc_col-md-3 vc_col-sm-6 vc_col-xs-12 metro-style masonry-block grid-item gallery-image\" data-gallery-item=\"0\" data-lazy-item=\"\" data-lazy-scope=\"gallery\">\n\t\t<div class=\"wrap\">\n\t\t\t\t\t\t\t<div class=\"tmp-image metro-image\" data-norebro-bg-image=\"https:\/\/www.planet-knox.com\/wp-content\/uploads\/2022\/01\/DSC07511-Enhanced-NR-Edit.jpg\"><\/div>\n\t\t\t\t<img decoding=\"async\" class=\"gimg metro-image-hidden\" src=\"https:\/\/www.planet-knox.com\/wp-content\/uploads\/2022\/01\/DSC07511-Enhanced-NR-Edit.jpg\" alt=\"\">\n\t\t\t\t\t\t<div class=\"overlay hidden\">\n\t\t\t\t<div class=\"content-center text-center\">\n\t\t\t\t\t<div class=\"wrap\">\n\t\t\t\t\t\t<h4 class=\"inline\">\n\t\t\t\t\t\t\t\t\t\t\t\t\tVollbildansicht\t\t\t\t\t\t\t\t\t\t\t\t<\/h4>\n\t\t\t\t\t\t<div class=\"icon inline ion-ios-plus-empty\"><\/div>\n\t\t\t\t\t<\/div>\n\t\t\t\t<\/div>\n\t\t\t<\/div>\n\t\t\t<div class=\"gallery-description\">\n\t\t\t\t<h3 class=\"title\">DSC07511-Enhanced-NR-Edit<\/h3>\n\t\t\t\t<p class=\"subtitle small\">\n\t\t\t\t\t\t\t\t\t<\/p>\n\t\t\t<\/div>\n\t\t<\/div>\n\t<\/div>\n\t\t\t<div class=\"vc_col-lg-3 vc_col-md-3 vc_col-sm-6 vc_col-xs-12 metro-style masonry-block grid-item gallery-image\" data-gallery-item=\"1\" data-lazy-item=\"\" data-lazy-scope=\"gallery\">\n\t\t<div class=\"wrap\">\n\t\t\t\t\t\t\t<div class=\"tmp-image metro-image\" data-norebro-bg-image=\"https:\/\/www.planet-knox.com\/wp-content\/uploads\/2018\/10\/DSC08609.jpg\"><\/div>\n\t\t\t\t<img decoding=\"async\" class=\"gimg metro-image-hidden\" src=\"https:\/\/www.planet-knox.com\/wp-content\/uploads\/2018\/10\/DSC08609.jpg\" alt=\"\">\n\t\t\t\t\t\t<div class=\"overlay hidden\">\n\t\t\t\t<div class=\"content-center text-center\">\n\t\t\t\t\t<div class=\"wrap\">\n\t\t\t\t\t\t<h4 class=\"inline\">\n\t\t\t\t\t\t\t\t\t\t\t\t\tVollbildansicht\t\t\t\t\t\t\t\t\t\t\t\t<\/h4>\n\t\t\t\t\t\t<div class=\"icon inline ion-ios-plus-empty\"><\/div>\n\t\t\t\t\t<\/div>\n\t\t\t\t<\/div>\n\t\t\t<\/div>\n\t\t\t<div class=\"gallery-description\">\n\t\t\t\t<h3 class=\"title\">DSC08609<\/h3>\n\t\t\t\t<p class=\"subtitle small\">\n\t\t\t\t\t\t\t\t\t<\/p>\n\t\t\t<\/div>\n\t\t<\/div>\n\t<\/div>\n\t\t\t<div class=\"vc_col-lg-3 vc_col-md-3 vc_col-sm-6 vc_col-xs-12 metro-style masonry-block grid-item gallery-image\" data-gallery-item=\"2\" data-lazy-item=\"\" data-lazy-scope=\"gallery\">\n\t\t<div class=\"wrap\">\n\t\t\t\t\t\t\t<div class=\"tmp-image metro-image\" data-norebro-bg-image=\"https:\/\/www.planet-knox.com\/wp-content\/uploads\/2022\/01\/DSC07283-Enhanced-NR-2.jpg\"><\/div>\n\t\t\t\t<img decoding=\"async\" class=\"gimg metro-image-hidden\" src=\"https:\/\/www.planet-knox.com\/wp-content\/uploads\/2022\/01\/DSC07283-Enhanced-NR-2.jpg\" alt=\"\">\n\t\t\t\t\t\t<div class=\"overlay hidden\">\n\t\t\t\t<div class=\"content-center text-center\">\n\t\t\t\t\t<div class=\"wrap\">\n\t\t\t\t\t\t<h4 class=\"inline\">\n\t\t\t\t\t\t\t\t\t\t\t\t\tVollbildansicht\t\t\t\t\t\t\t\t\t\t\t\t<\/h4>\n\t\t\t\t\t\t<div class=\"icon inline ion-ios-plus-empty\"><\/div>\n\t\t\t\t\t<\/div>\n\t\t\t\t<\/div>\n\t\t\t<\/div>\n\t\t\t<div class=\"gallery-description\">\n\t\t\t\t<h3 class=\"title\">DSC07283-Enhanced-NR<\/h3>\n\t\t\t\t<p class=\"subtitle small\">\n\t\t\t\t\t\t\t\t\t<\/p>\n\t\t\t<\/div>\n\t\t<\/div>\n\t<\/div>\n\t\t\t<div class=\"vc_col-lg-3 vc_col-md-3 vc_col-sm-6 vc_col-xs-12 metro-style masonry-block grid-item gallery-image\" data-gallery-item=\"3\" data-lazy-item=\"\" data-lazy-scope=\"gallery\">\n\t\t<div class=\"wrap\">\n\t\t\t\t\t\t\t<div class=\"tmp-image metro-image\" data-norebro-bg-image=\"https:\/\/www.planet-knox.com\/wp-content\/uploads\/2018\/10\/1JC02974-966-scaled.jpg\"><\/div>\n\t\t\t\t<img decoding=\"async\" class=\"gimg metro-image-hidden\" src=\"https:\/\/www.planet-knox.com\/wp-content\/uploads\/2018\/10\/1JC02974-966-scaled.jpg\" alt=\"\">\n\t\t\t\t\t\t<div class=\"overlay hidden\">\n\t\t\t\t<div class=\"content-center text-center\">\n\t\t\t\t\t<div class=\"wrap\">\n\t\t\t\t\t\t<h4 class=\"inline\">\n\t\t\t\t\t\t\t\t\t\t\t\t\tVollbildansicht\t\t\t\t\t\t\t\t\t\t\t\t<\/h4>\n\t\t\t\t\t\t<div class=\"icon inline ion-ios-plus-empty\"><\/div>\n\t\t\t\t\t<\/div>\n\t\t\t\t<\/div>\n\t\t\t<\/div>\n\t\t\t<div class=\"gallery-description\">\n\t\t\t\t<h3 class=\"title\">1JC02974-966<\/h3>\n\t\t\t\t<p class=\"subtitle small\">\n\t\t\t\t\t\t\t\t\t<\/p>\n\t\t\t<\/div>\n\t\t<\/div>\n\t<\/div>\n\t\t\t<div class=\"vc_col-lg-3 vc_col-md-3 vc_col-sm-6 vc_col-xs-12 metro-style masonry-block grid-item gallery-image\" data-gallery-item=\"4\" data-lazy-item=\"\" data-lazy-scope=\"gallery\">\n\t\t<div class=\"wrap\">\n\t\t\t\t\t\t\t<div class=\"tmp-image metro-image\" data-norebro-bg-image=\"https:\/\/www.planet-knox.com\/wp-content\/uploads\/2022\/01\/KNXActionProKnee_2-2.jpg\"><\/div>\n\t\t\t\t<img decoding=\"async\" class=\"gimg metro-image-hidden\" src=\"https:\/\/www.planet-knox.com\/wp-content\/uploads\/2022\/01\/KNXActionProKnee_2-2.jpg\" alt=\"\">\n\t\t\t\t\t\t<div class=\"overlay hidden\">\n\t\t\t\t<div class=\"content-center text-center\">\n\t\t\t\t\t<div class=\"wrap\">\n\t\t\t\t\t\t<h4 class=\"inline\">\n\t\t\t\t\t\t\t\t\t\t\t\t\tVollbildansicht\t\t\t\t\t\t\t\t\t\t\t\t<\/h4>\n\t\t\t\t\t\t<div class=\"icon inline ion-ios-plus-empty\"><\/div>\n\t\t\t\t\t<\/div>\n\t\t\t\t<\/div>\n\t\t\t<\/div>\n\t\t\t<div class=\"gallery-description\">\n\t\t\t\t<h3 class=\"title\">KNXActionProKnee_2<\/h3>\n\t\t\t\t<p class=\"subtitle small\">\n\t\t\t\t\t\t\t\t\t<\/p>\n\t\t\t<\/div>\n\t\t<\/div>\n\t<\/div>\n\t\t\t<div class=\"vc_col-lg-3 vc_col-md-3 vc_col-sm-6 vc_col-xs-12 metro-style masonry-block grid-item gallery-image\" data-gallery-item=\"5\" data-lazy-item=\"\" data-lazy-scope=\"gallery\">\n\t\t<div class=\"wrap\">\n\t\t\t\t\t\t\t<div class=\"tmp-image metro-image\" data-norebro-bg-image=\"https:\/\/www.planet-knox.com\/wp-content\/uploads\/2022\/01\/DSC07625-2.jpg\"><\/div>\n\t\t\t\t<img decoding=\"async\" class=\"gimg metro-image-hidden\" src=\"https:\/\/www.planet-knox.com\/wp-content\/uploads\/2022\/01\/DSC07625-2.jpg\" alt=\"\">\n\t\t\t\t\t\t<div class=\"overlay hidden\">\n\t\t\t\t<div class=\"content-center text-center\">\n\t\t\t\t\t<div class=\"wrap\">\n\t\t\t\t\t\t<h4 class=\"inline\">\n\t\t\t\t\t\t\t\t\t\t\t\t\tVollbildansicht\t\t\t\t\t\t\t\t\t\t\t\t<\/h4>\n\t\t\t\t\t\t<div class=\"icon inline ion-ios-plus-empty\"><\/div>\n\t\t\t\t\t<\/div>\n\t\t\t\t<\/div>\n\t\t\t<\/div>\n\t\t\t<div class=\"gallery-description\">\n\t\t\t\t<h3 class=\"title\">DSC07625<\/h3>\n\t\t\t\t<p class=\"subtitle small\">\n\t\t\t\t\t\t\t\t\t<\/p>\n\t\t\t<\/div>\n\t\t<\/div>\n\t<\/div>\n\t\t\t<div class=\"vc_col-lg-3 vc_col-md-3 vc_col-sm-6 vc_col-xs-12 metro-style masonry-block grid-item gallery-image\" data-gallery-item=\"6\" data-lazy-item=\"\" data-lazy-scope=\"gallery\">\n\t\t<div class=\"wrap\">\n\t\t\t\t\t\t\t<div class=\"tmp-image metro-image\" data-norebro-bg-image=\"https:\/\/www.planet-knox.com\/wp-content\/uploads\/2018\/10\/1JC00514-275-scaled.jpg\"><\/div>\n\t\t\t\t<img decoding=\"async\" class=\"gimg metro-image-hidden\" src=\"https:\/\/www.planet-knox.com\/wp-content\/uploads\/2018\/10\/1JC00514-275-scaled.jpg\" alt=\"\">\n\t\t\t\t\t\t<div class=\"overlay hidden\">\n\t\t\t\t<div class=\"content-center text-center\">\n\t\t\t\t\t<div class=\"wrap\">\n\t\t\t\t\t\t<h4 class=\"inline\">\n\t\t\t\t\t\t\t\t\t\t\t\t\tVollbildansicht\t\t\t\t\t\t\t\t\t\t\t\t<\/h4>\n\t\t\t\t\t\t<div class=\"icon inline ion-ios-plus-empty\"><\/div>\n\t\t\t\t\t<\/div>\n\t\t\t\t<\/div>\n\t\t\t<\/div>\n\t\t\t<div class=\"gallery-description\">\n\t\t\t\t<h3 class=\"title\">1JC00514-275<\/h3>\n\t\t\t\t<p class=\"subtitle small\">\n\t\t\t\t\t\t\t\t\t<\/p>\n\t\t\t<\/div>\n\t\t<\/div>\n\t<\/div>\n\t\t\t<div class=\"vc_col-lg-3 vc_col-md-3 vc_col-sm-6 vc_col-xs-12 metro-style masonry-block grid-item gallery-image\" data-gallery-item=\"7\" data-lazy-item=\"\" data-lazy-scope=\"gallery\">\n\t\t<div class=\"wrap\">\n\t\t\t\t\t\t\t<div class=\"tmp-image metro-image\" data-norebro-bg-image=\"https:\/\/www.planet-knox.com\/wp-content\/uploads\/2022\/01\/DSC07523-1.jpg\"><\/div>\n\t\t\t\t<img decoding=\"async\" class=\"gimg metro-image-hidden\" src=\"https:\/\/www.planet-knox.com\/wp-content\/uploads\/2022\/01\/DSC07523-1.jpg\" alt=\"\">\n\t\t\t\t\t\t<div class=\"overlay hidden\">\n\t\t\t\t<div class=\"content-center text-center\">\n\t\t\t\t\t<div class=\"wrap\">\n\t\t\t\t\t\t<h4 class=\"inline\">\n\t\t\t\t\t\t\t\t\t\t\t\t\tVollbildansicht\t\t\t\t\t\t\t\t\t\t\t\t<\/h4>\n\t\t\t\t\t\t<div class=\"icon inline ion-ios-plus-empty\"><\/div>\n\t\t\t\t\t<\/div>\n\t\t\t\t<\/div>\n\t\t\t<\/div>\n\t\t\t<div class=\"gallery-description\">\n\t\t\t\t<h3 class=\"title\">DSC07523<\/h3>\n\t\t\t\t<p class=\"subtitle small\">\n\t\t\t\t\t\t\t\t\t<\/p>\n\t\t\t<\/div>\n\t\t<\/div>\n\t<\/div>\n\t\t<div class=\"clear\"><\/div>\n\n\t<\/div>\n\n\t\n<\/div>\n\n<div class=\"norebro-gallery-opened-sc custom-gallery\"\n\tid=\"norebro-custom-69e28a846b64d\"\n\tdata-options='{\"navClass\":\"\"}'>\n\n\t<div class=\"expand\">\n\t\t<span class=\"ion-android-expand\"><\/span>\n\t<\/div>\n\t<div class=\"close\">\n\t\t<span class=\"ion-ios-close-empty\"><\/span>\n\t<\/div>\n\n<\/div>\n<div class=\"vc_empty_space\"   style=\"height: 32px\"><span class=\"vc_empty_space_inner\"><\/span><\/div><\/div><\/div><\/div><\/div><div id=\"sizeguide\" class=\"vc_row wpb_row vc_row-fluid gradient-container-3\"><div class=\"gradient-column-3 wpb_column vc_column_container vc_col-sm-12\"><div class=\"vc_column-inner\"><div class=\"wpb_wrapper\"><div class=\"vc_empty_space\"   style=\"height: 32px\"><span class=\"vc_empty_space_inner\"><\/span><\/div><div class=\"norebro-heading-sc heading text-center\"\n\tid=\"norebro-custom-69e28a846c1b0\" \n\t \n\t>\n\t\n\t\n\t\n\t<h3 class=\"title\">\n\t\tGr\u00f6\u00dfenf\u00fchrer\t<\/h3>\n\n\t\n\t\t\t<p class=\"subtitle\">\n\t\t\tBrauchen Sie Hilfe? Benutzen Sie den Live-Chat oder schreiben Sie uns eine E-Mail an: <a href=\"mailto:sales@planet-knox.com\">sales@planet-knox.com<\/a>\t\t<\/p>\n\t\t\n<\/div><div class=\"vc_empty_space\"   style=\"height: 32px\"><span class=\"vc_empty_space_inner\"><\/span><\/div><div class=\"vc_separator wpb_content_element vc_separator_align_center vc_sep_width_100 vc_sep_pos_align_center vc_separator_no_text vc_sep_color_grey wpb_content_element  wpb_content_element\" ><span class=\"vc_sep_holder vc_sep_holder_l\"><span class=\"vc_sep_line\"><\/span><\/span><span class=\"vc_sep_holder vc_sep_holder_r\"><span class=\"vc_sep_line\"><\/span><\/span>\n<\/div><div class=\"vc_empty_space\"   style=\"height: 32px\"><span class=\"vc_empty_space_inner\"><\/span><\/div>\n\t<div class=\"wpb_raw_code wpb_raw_html wpb_content_element\" >\n\t\t<div class=\"wpb_wrapper\">\n\t\t\t<p><strong>Taille:<\/strong> Die Taille ist als Hosentaille angegeben. Um diese zu ermitteln, sollten Sie ca. 4-5 cm unterhalb Ihrer nat\u00fcrlichen Taille messen. Die nat\u00fcrliche Taille ist in der Regel der schmalste Teil des Oberk\u00f6rpers.<\/p>\n\n                <div class=\"table-responsive\">\n                    <table class=\"table\">\n    <tbody>\n      <tr>\n        <th>Gr\u00f6\u00dfe<\/th>\n        <th>XS<\/th>\n        <th>S<\/th>\n        <th>M<\/th>\n        <th>L<\/th>\n        <th>XL<\/th>\n        <th>2XL<\/th>\n        <th>3XL<\/th>\n      <\/tr>\n      <tr>\n        <th>Zentimeter<\/th>\n        <td>28<\/td>\n        <td>30<\/td>\n        <td>32<\/td>\n        <td>34<\/td>\n        <td>36<\/td>\n        <td>38<\/td>\n        <td>40<\/td>\n      <\/tr>\n      <tr>\n        <th>CM<\/th>\n        <td>71<\/td>\n        <td>76<\/td>\n        <td>81<\/td>\n        <td>86<\/td>\n        <td>91<\/td>\n        <td>96<\/td>\n        <td>101<\/td>\n      <\/tr>\n    <\/tbody>\n  <\/table>\n                <\/div>\n\t\t<\/div>\n\t<\/div>\n<div class=\"vc_empty_space\"   style=\"height: 64px\"><span class=\"vc_empty_space_inner\"><\/span><\/div><div class=\"vc_row wpb_row vc_inner vc_row-fluid sizeguidehelpcolumn vc_row-o-content-middle vc_row-flex\"><div class=\"wpb_column vc_column_container vc_col-sm-12\"><div class=\"vc_column-inner\"><div class=\"wpb_wrapper\"><div class=\"vc_separator wpb_content_element vc_separator_align_center vc_sep_width_100 vc_sep_pos_align_center vc_separator_no_text vc_sep_color_grey wpb_content_element  wpb_content_element\" ><span class=\"vc_sep_holder vc_sep_holder_l\"><span class=\"vc_sep_line\"><\/span><\/span><span class=\"vc_sep_holder vc_sep_holder_r\"><span class=\"vc_sep_line\"><\/span><\/span>\n<\/div><div class=\"vc_empty_space\"   style=\"height: 64px\"><span class=\"vc_empty_space_inner\"><\/span><\/div><div class=\"vc_empty_space\"   style=\"height: 64px\"><span class=\"vc_empty_space_inner\"><\/span><\/div>\n\t<div  class=\"wpb_single_image wpb_content_element vc_align_center wpb_content_element\">\n\t\t\n\t\t<figure class=\"wpb_wrapper vc_figure\">\n\t\t\t<div class=\"vc_single_image-wrapper   vc_box_border_grey\"><img decoding=\"async\" width=\"986\" height=\"170\" src=\"https:\/\/www.planet-knox.com\/wp-content\/uploads\/2022\/02\/seasonless.png\" class=\"vc_single_image-img attachment-full\" alt=\"\" title=\"saisonlos\" srcset=\"https:\/\/www.planet-knox.com\/wp-content\/uploads\/2022\/02\/seasonless.png 986w, https:\/\/www.planet-knox.com\/wp-content\/uploads\/2022\/02\/seasonless-500x86.png 500w, https:\/\/www.planet-knox.com\/wp-content\/uploads\/2022\/02\/seasonless-768x132.png 768w, https:\/\/www.planet-knox.com\/wp-content\/uploads\/2022\/02\/seasonless-18x3.png 18w\" sizes=\"(max-width: 986px) 100vw, 986px\" \/><\/div>\n\t\t<\/figure>\n\t<\/div>\n<div class=\"vc_empty_space\"   style=\"height: 64px\"><span class=\"vc_empty_space_inner\"><\/span><\/div><\/div><\/div><\/div><\/div><div class=\"vc_row wpb_row vc_inner vc_row-fluid sizeguidehelpcolumn vc_row-o-content-top vc_row-flex\"><div class=\"wpb_column vc_column_container vc_col-sm-6\"><div class=\"vc_column-inner\"><div class=\"wpb_wrapper\"><div class=\"vc_separator wpb_content_element vc_separator_align_center vc_sep_width_100 vc_sep_pos_align_center vc_sep_color_grey wpb_content_element vc_separator-has-text\" ><span class=\"vc_sep_holder vc_sep_holder_l\"><span class=\"vc_sep_line\"><\/span><\/span><h4>DIE SAISONLOSE KOLLEKTION<\/h4><span class=\"vc_sep_holder vc_sep_holder_r\"><span class=\"vc_sep_line\"><\/span><\/span>\n<\/div><div class=\"vc_empty_space\"   style=\"height: 32px\"><span class=\"vc_empty_space_inner\"><\/span><\/div>\n\t<div  class=\"wpb_single_image wpb_content_element vc_align_center wpb_content_element wpb_animate_when_almost_visible wpb_fadeIn fadeIn\">\n\t\t\n\t\t<figure class=\"wpb_wrapper vc_figure\">\n\t\t\t<a href=\"https:\/\/www.planet-knox.com\/de\/seasonless-collection\/\" target=\"_self\" class=\"vc_single_image-wrapper   vc_box_border_grey\"><img decoding=\"async\" width=\"1320\" height=\"743\" src=\"https:\/\/www.planet-knox.com\/wp-content\/uploads\/2022\/01\/seasonless-15.jpg\" class=\"vc_single_image-img attachment-full\" alt=\"\" title=\"saisonlos-15\" srcset=\"https:\/\/www.planet-knox.com\/wp-content\/uploads\/2022\/01\/seasonless-15.jpg 1320w, https:\/\/www.planet-knox.com\/wp-content\/uploads\/2022\/01\/seasonless-15-500x281.jpg 500w, https:\/\/www.planet-knox.com\/wp-content\/uploads\/2022\/01\/seasonless-15-768x432.jpg 768w, https:\/\/www.planet-knox.com\/wp-content\/uploads\/2022\/01\/seasonless-15-18x10.jpg 18w\" sizes=\"(max-width: 1320px) 100vw, 1320px\" \/><\/a>\n\t\t<\/figure>\n\t<\/div>\n<div class=\"vc_empty_space\"   style=\"height: 32px\"><span class=\"vc_empty_space_inner\"><\/span><\/div><div class=\"norebro-text-sc\" \n\tid=\"norebro-custom-69e28a846e477\" \n\t \n\t>\n\n\t<p style=\"text-align: center;\">Core Knox-Teile, die f\u00fcr jede Fahrt und jede Jahreszeit verwendet werden. Beginnen Sie mit dem Kernschutz und f\u00fcgen Sie Schichten hinzu, um sich anzupassen und alle Bedingungen zu meistern, von unertr\u00e4glicher Hitze bis zu str\u00f6mendem Regen.<\/p>\n\t\n<\/div><div class=\"vc_empty_space\"   style=\"height: 32px\"><span class=\"vc_empty_space_inner\"><\/span><\/div><div class=\"norebro-button-sc btn-wrap text-center\" \n\tid=\"norebro-custom-69e28a846e63e\"\n\t \n\t>\n\n\t<a href=\"https:\/\/www.planet-knox.com\/de\/seasonless-collection\/\" \n\t\tclass=\"btn  btn-outline\">\n\n\t\t\n\t\t\n\t\t<span class=\"text\">\n\t\t\tMehr erfahren\t\t<\/span>\n\n\t\t\n\t\t\n\t\t\t<\/a>\n\n<\/div><div class=\"vc_empty_space\"   style=\"height: 32px\"><span class=\"vc_empty_space_inner\"><\/span><\/div><\/div><\/div><\/div><div class=\"wpb_column vc_column_container vc_col-sm-6\"><div class=\"vc_column-inner\"><div class=\"wpb_wrapper\"><div class=\"vc_separator wpb_content_element vc_separator_align_center vc_sep_width_100 vc_sep_pos_align_center vc_sep_color_grey wpb_content_element vc_separator-has-text\" ><span class=\"vc_sep_holder vc_sep_holder_l\"><span class=\"vc_sep_line\"><\/span><\/span><h4>PANZERHEMDEN<\/h4><span class=\"vc_sep_holder vc_sep_holder_r\"><span class=\"vc_sep_line\"><\/span><\/span>\n<\/div><div class=\"vc_empty_space\"   style=\"height: 32px\"><span class=\"vc_empty_space_inner\"><\/span><\/div>\n\t<div  class=\"wpb_single_image wpb_content_element vc_align_center wpb_content_element wpb_animate_when_almost_visible wpb_fadeIn fadeIn\">\n\t\t\n\t\t<figure class=\"wpb_wrapper vc_figure\">\n\t\t\t<a href=\"https:\/\/www.planet-knox.com\/de\/seasonless-armoured-shirts\/\" target=\"_self\" class=\"vc_single_image-wrapper   vc_box_border_grey\"><img decoding=\"async\" width=\"1320\" height=\"743\" src=\"https:\/\/www.planet-knox.com\/wp-content\/uploads\/2022\/01\/seasonless-10.jpg\" class=\"vc_single_image-img attachment-full\" alt=\"\" title=\"saisonlos-10\" srcset=\"https:\/\/www.planet-knox.com\/wp-content\/uploads\/2022\/01\/seasonless-10.jpg 1320w, https:\/\/www.planet-knox.com\/wp-content\/uploads\/2022\/01\/seasonless-10-500x281.jpg 500w, https:\/\/www.planet-knox.com\/wp-content\/uploads\/2022\/01\/seasonless-10-768x432.jpg 768w, https:\/\/www.planet-knox.com\/wp-content\/uploads\/2022\/01\/seasonless-10-18x10.jpg 18w\" sizes=\"(max-width: 1320px) 100vw, 1320px\" \/><\/a>\n\t\t<\/figure>\n\t<\/div>\n<div class=\"vc_empty_space\"   style=\"height: 32px\"><span class=\"vc_empty_space_inner\"><\/span><\/div><div class=\"norebro-text-sc\" \n\tid=\"norebro-custom-69e28a846f473\" \n\t \n\t>\n\n\t<p style=\"text-align: center;\">Die Knox-Panzerhemden sind das Herzst\u00fcck der Knox-Schutzkleidung. Sie wurden erstmals in den 1990er Jahren von der Marke erfunden. Seitdem sind sie ein unverwechselbarer Stil.<\/p>\n\t\n<\/div><div class=\"vc_empty_space\"   style=\"height: 32px\"><span class=\"vc_empty_space_inner\"><\/span><\/div><div class=\"norebro-button-sc btn-wrap text-center\" \n\tid=\"norebro-custom-69e28a846f5f6\"\n\t \n\t>\n\n\t<a href=\"https:\/\/www.planet-knox.com\/de\/seasonless-armoured-shirts\/\" \n\t\tclass=\"btn  btn-outline\">\n\n\t\t\n\t\t\n\t\t<span class=\"text\">\n\t\t\tMehr erfahren\t\t<\/span>\n\n\t\t\n\t\t\n\t\t\t<\/a>\n\n<\/div><div class=\"vc_empty_space\"   style=\"height: 32px\"><span class=\"vc_empty_space_inner\"><\/span><\/div><\/div><\/div><\/div><\/div><\/div><\/div><\/div><\/div>\n<\/div>","protected":false},"excerpt":{"rendered":"<p>Diese Unisex Action Pro Shorts sind ein unauff\u00e4lliges Paar gepanzerter Shorts. Sie bieten erstaunliche Dehnbarkeit, Abriebfestigkeit und Aufprallschutz und sind dabei unauff\u00e4llig. Sie wurden f\u00fcr das Tragen unter Motorradjeans, Lederhosen und einteiligen Anz\u00fcgen entwickelt und sind CE-zertifiziert nach EN17092- 6 Klasse C.<\/p>","protected":false},"featured_media":167371,"comment_status":"open","ping_status":"closed","template":"","meta":{"_acf_changed":false,"inline_featured_image":false},"product_brand":[],"product_cat":[2683,632,561,556,653,783,604,605],"product_tag":[517,518],"class_list":{"0":"post-167343","1":"product","2":"type-product","3":"status-publish","4":"has-post-thumbnail","6":"product_cat-sale","7":"product_cat-body-armour","8":"product_cat-mens-armoured-shorts-trousers","9":"product_cat-mens-body-armour","10":"product_cat-women","11":"product_cat-womens-armoured-shorts-and-trousers","12":"product_cat-womens-armoured-shorts-trousers","13":"product_cat-womens-body-armour","14":"product_tag-men","15":"product_tag-women","16":"pa_easproj_hs6p_received-2748","17":"pa_easproj_originating_country-cn","18":"pa_size-2xl","19":"pa_size-3xl","20":"pa_size-l","21":"pa_size-m","22":"pa_size-s","23":"pa_size-xl","24":"pa_size-xs","26":"first","27":"instock","28":"sale","29":"taxable","30":"shipping-taxable","31":"purchasable","32":"product-type-variable","33":"has-default-attributes"},"acf":[],"aioseo_notices":[],"gallery_images":[167397,167379,167377,167401,167395,167387,167389,167393,167391,167399,167369,167375,167371,167373,167385,167383],"_links":{"self":[{"href":"https:\/\/www.planet-knox.com\/de\/wp-json\/wp\/v2\/product\/167343","targetHints":{"allow":["GET"]}}],"collection":[{"href":"https:\/\/www.planet-knox.com\/de\/wp-json\/wp\/v2\/product"}],"about":[{"href":"https:\/\/www.planet-knox.com\/de\/wp-json\/wp\/v2\/types\/product"}],"replies":[{"embeddable":true,"href":"https:\/\/www.planet-knox.com\/de\/wp-json\/wp\/v2\/comments?post=167343"}],"wp:featuredmedia":[{"embeddable":true,"href":"https:\/\/www.planet-knox.com\/de\/wp-json\/wp\/v2\/media\/167371"}],"wp:attachment":[{"href":"https:\/\/www.planet-knox.com\/de\/wp-json\/wp\/v2\/media?parent=167343"}],"wp:term":[{"taxonomy":"product_brand","embeddable":true,"href":"https:\/\/www.planet-knox.com\/de\/wp-json\/wp\/v2\/product_brand?post=167343"},{"taxonomy":"product_cat","embeddable":true,"href":"https:\/\/www.planet-knox.com\/de\/wp-json\/wp\/v2\/product_cat?post=167343"},{"taxonomy":"product_tag","embeddable":true,"href":"https:\/\/www.planet-knox.com\/de\/wp-json\/wp\/v2\/product_tag?post=167343"}],"curies":[{"name":"wp","href":"https:\/\/api.w.org\/{rel}","templated":true}]}}